{"id":207366,"date":"2023-12-14T10:16:40","date_gmt":"2023-12-14T10:16:40","guid":{"rendered":"https:\/\/dev.tg4.ie\/?page_id=207366"},"modified":"2023-12-14T10:16:40","modified_gmt":"2023-12-14T10:16:40","slug":"tg4s-christmas-crackers-2023","status":"publish","type":"page","link":"https:\/\/dev.tg4.ie\/en\/information\/press\/press-releases\/2023-2\/tg4s-christmas-crackers-2023\/","title":{"rendered":"TG4\u2019s Christmas Crackers 2023"},"content":{"rendered":"<p><img loading=\"lazy\" decoding=\"async\" width=\"1920\" height=\"1080\" class=\"aligncenter size-full wp-image-206766\" src=\"https:\/\/tg4-docs.s3.amazonaws.com\/wp-content\/uploads\/2023\/11\/29104907\/Grace_Kelly_1-1920x1080-1.jpg\" alt=\"\" srcset=\"https:\/\/tg4-docs.s3.amazonaws.com\/wp-content\/uploads\/2023\/11\/29104907\/Grace_Kelly_1-1920x1080-1.jpg 1920w, https:\/\/tg4-docs.s3.amazonaws.com\/wp-content\/uploads\/2023\/11\/29104907\/Grace_Kelly_1-1920x1080-1-250x141.jpg 250w, https:\/\/tg4-docs.s3.amazonaws.com\/wp-content\/uploads\/2023\/11\/29104907\/Grace_Kelly_1-1920x1080-1-700x394.jpg 700w, https:\/\/tg4-docs.s3.amazonaws.com\/wp-content\/uploads\/2023\/11\/29104907\/Grace_Kelly_1-1920x1080-1-252x141.jpg 252w, https:\/\/tg4-docs.s3.amazonaws.com\/wp-content\/uploads\/2023\/11\/29104907\/Grace_Kelly_1-1920x1080-1-1536x864.jpg 1536w, https:\/\/tg4-docs.s3.amazonaws.com\/wp-content\/uploads\/2023\/11\/29104907\/Grace_Kelly_1-1920x1080-1-120x68.jpg 120w\" sizes=\"(max-width: 1920px) 100vw, 1920px\" \/><br \/>\n<sup>Pic: Grace Kelly<\/sup><\/p>\n<div style=\"position: relative; padding-top: 56.25%;\"><iframe style=\"position: absolute; top: 0; left: 0; width: 100%; height: 100%;\" src=\"https:\/\/www.youtube.com\/embed\/32oSAON8sJM\" frameborder=\"0\" allowfullscreen=\"allowfullscreen\"><\/iframe><\/div>\n<p>&nbsp;<\/p>\n<p>TG4\u2019s Christmas schedule has plenty of festive treats to entertain the entire family<em>.<\/em><span>\u00a0<\/span>This season\u2019s brand-new documentaries include<span>\u00a0<\/span><strong>Grace Kelly \u2013 Banphr\u00edonsa Mhaigh Eo<\/strong><span>\u00a0<\/span><em>(Christmas Day 9.30pm)<\/em><span>\u00a0<\/span>which looks at the life and career of the actress and Princess, Grace Kelly featuring exclusive interviews with her son, Prince Albert II, and rare archive from her private collection. The tv premier of the award-winning<span>\u00a0<\/span><strong>Scann\u00e1n Cine4:<\/strong><span>\u00a0<\/span><strong>R\u00f3ise &amp; Frank<\/strong><span>\u00a0<\/span>a film from the Cine4 scheme starring Br\u00edd N\u00ed Neachtain who took the IFTA 2023 for actress in a lead role for this performance. Br\u00edd plays a widow who having given up on life becomes convinced that a stray dog is the reincarnation of her hurling-loving husband. (<em>Christmas Day 8pm).\u00a0<\/em><strong>Tom Munnelly- Fear na n-amhr\u00e1n<\/strong><span>\u00a0<\/span>about the song collector, Tom Munnelly, featuring music from Christy Moore, Sin\u00e9ad O&#8217;Connor, Thomas McCarthy, Lisa Lambe and Lankum. (<em>Christmas Eve 8.15pm)<\/em><br \/>\n&nbsp;<br \/>\n<strong>Gael Linn ag 70\u00a0<\/strong>is a commemorative programme of music and song to celebrate the 70th anniversary of the foundation of Gael-Linn.<strong>\u00a0<\/strong><em>(St. Stephen\u2019s Day 8pm).\u00a0<\/em><strong>Mise \u00c9ire<\/strong><span>\u00a0<\/span>&#8211; A rare broadcast of George Morrison&#8217;s acclaimed documentary film as seen through contemporary newsreel footage (<em>St. Stephen\u2019s Day 9pm<\/em>).\u00a0<strong>Paddy na Meachain (New)\u00a0<\/strong>In this new documentary we meet the remarkable Paddy Finnerty, whose dedication to preserving the Native Irish Black bee population has become the focus of his life. Prepare to be inspired by Paddy\u2019s extraordinary story, filled with moments of laughter, introspection, and love for the environment.<span>\u00a0<\/span><em>(30\/12 9.20pm).\u00a0<\/em>In<span>\u00a0<\/span><strong>Inis Me\u00e1in Idir Dh\u00e1 Linn<\/strong><span>\u00a0<\/span>we meet photographer Chris Rodmell&#8217;s who documented Inis Me\u00e1in 50 years ago. This captivating documentary transports viewers to a remote island, offering a poetic glimpse into its past, present, and future<span>\u00a0<\/span><em>(28\/12 9.20pm).<\/em><br \/>\n&nbsp;<br \/>\nFor the music lovers we have plenty of offerings including;\u00a0<strong>F\u00e1na\u00edocht\u00a0<\/strong><em>(23\/12 9pm)\u00a0<\/em>&#8211; a cinematic celebration of music and its nomadic essence, exploring the musical migrations that define its evolution through time and geography.\u00a0<strong>Tony Bennett &amp; Lady Gaga: Cheek to Cheek Live! \u2013\u00a0<\/strong>A musical performance by Tony Bennett and Lady Gaga live in New York City in 2014 (<em>27\/12).\u00a0<\/em><strong>\u00a0David Bowie: The Last 5 Years<\/strong><span>\u00a0<\/span>&#8211; A documentary about the last five years of David Bowie&#8217;s life.\u00a0Followed by a David Bowie concert from 2004, recorded live at the Point Depot in Dublin<span>\u00a0<\/span><em>(28\/12).<\/em><span>\u00a0<\/span><strong>Elvis: &#8217;68 Comeback Special &#8211;\u00a0<\/strong>Elvis Presley&#8217;s iconic comeback tour in 1968<span>\u00a0<\/span><em>(1\/1\/24).\u00a0<\/em><strong>\u00d3 Bh\u00e9al &#8211;\u00a0<\/strong>Explore the intersection of Irish hip-hop and electronic music with insights from musicians drawing on folklore and Sean-n\u00f3s singing<span>\u00a0<\/span><em>(2\/1\/24).<\/em><br \/>\n&nbsp;<br \/>\nJoin the festive fun in<span>\u00a0<\/span><strong>Ros na R\u00fan<\/strong><span>\u00a0<\/span>where Christmas secrets will be revealed<strong>.\u00a0<\/strong><strong>Steip na n\u00d3g 2023 &#8211; S\u00fail Siar &#8211;\u00a0<\/strong>Reflects on the main individual Sean-N\u00f3s dancing competitions in the youth category from Oireachtas na Samhna 2023 (<em>1\/1\/24).<\/em><strong>\u00a0Fad\u00f3 Fad\u00f3 \u2013\u00a0<\/strong>brings us on a nostalgic journey through 60 years of the funniest and most entertaining Irish television adverts (<em>1\/1\/24).<\/em><br \/>\n&nbsp;<br \/>\nOn New Year\u2019s Eve we pay tribute to the late R\u00f3n\u00e1n Mac Aodh Bhu\u00ed in\u00a0<strong>An Cabaret Craice\u00e1ilte<\/strong><strong>\u00a0<\/strong>&#8211; a programme that<strong>\u00a0<\/strong>celebrated the 25th anniversary of the revolutionary Irish language event, An Cabaret Craice\u00e1ilte.\u00a0To ring in the New Year join D\u00e1ith\u00ed \u00d3 S\u00e9 &amp; Doireann N\u00ed Ghlac\u00e1in along with\u00a0various artists in different locations around the country as we welcome the new year in<span>\u00a0<\/span><strong>F\u00e1ilte\u00a0<\/strong>2024 at 11.30pm.<br \/>\n&nbsp;<br \/>\nSporting events have kept us enthralled for the past twelve months and over Christmas you have another chance to see some of these major events like both hurling and football All-Ireland finals. We also have live rugby action from<span>\u00a0<\/span><strong><em>Rugba\u00ed Beo\u00a0<\/em><\/strong>Connacht v Munster on New Year\u2019s Day.\u00a0We\u2019ll have the 30 best hurling &amp; football goals of the year in 2023 as voted by the public.<br \/>\n&nbsp;<br \/>\n<strong>Nollaig an Yeit\u00ed\u00a0<\/strong><em>(Christmas Eve 7pm),\u00a0<\/em><strong>Ice Age: Dawn of the Dinosaurs<\/strong><span>\u00a0<\/span>(<em>Christmas Day 2pm),\u00a0<\/em><strong>The Boss Baby\u00a0<\/strong><em>(St. Stephen\u2019s Day 5pm),\u00a0<\/em><strong>Curious George, Monca\u00ed R\u00edoga\u00a0<\/strong><em>(New Year\u2019s Eve 6.25pm)\u00a0<\/em><strong>My Little Pony\u00a0<\/strong><em>(New Year\u2019s Day 8am),\u00a0<\/em>and<em>\u00a0<\/em><strong>Cloudy with a Chance of Meatballs\u00a0<\/strong><em>(1\/1\/24 5.30pm<\/em>).<br \/>\n&nbsp;<br \/>\nThere\u2019s a range of films from classics to Westerns to Contemporary international cinema. Among these are<em>,\u00a0<\/em><strong>Gone with the Wind, Butch Cassidy and the Sundance Kid, The Blues Brothers, Die Hard, Dirty Dancing, Annie,\u00a0<\/strong><strong>Singing In The Rain, How to Marry a Millionaire, Gentlemen Prefer Blondes, O Brother, Where Art Thou?, Cool Hand Luke, War of the Buttons, To Sir, with Love\u00a0<\/strong>and<strong>\u00a0Doctor Dolittle 2.\u00a0<\/strong>More information on TG4 Christmas movies here:\u00a0<a href=\"https:\/\/dev.tg4.ie\/en\/information\/press\/press-releases\/2023-2\/lots-of-movies-to-enjoy-on-tg4-throughout-the-christmas-season\/\" rel=\"noopener\" target=\"_blank\">TG4 Movies Christmas 2023<\/a><\/p>\n<p>&nbsp;<br \/>\n&nbsp;<\/p>\n<p><strong><u>Digital Drops on the TG4 Player this Christmas<\/u><\/strong><br \/>\n&nbsp;<br \/>\n<strong>Northern Lights:<\/strong><span>\u00a0<\/span>(6-part series available on the TG4 Player) Northern Lights tells the story of two grieving strangers whose worlds collide on a rainy night in Dublin.\u00a0<a href=\"https:\/\/nasc.tg4.tv\/Northern-Lights\" rel=\"noopener\" target=\"_blank\">https:\/\/nasc.tg4.tv\/Northern-Lights<\/a><br \/>\n&nbsp;<br \/>\n<strong>Dry Water, Series 1 &amp; 2<\/strong><strong>:<\/strong><span>\u00a0<\/span>Dry Water begins when Paulo Duarte is found dead from a gunshot wound in the port of Vigo. Nobody is convinced by the apparent suicide; neither his bosses, nor the police nor his sister, Teresa.\u00a0<a href=\"https:\/\/nasc.tg4.tv\/Dry-Water\" rel=\"noopener\" target=\"_blank\">https:\/\/nasc.tg4.tv\/Dry-Water<\/a><br \/>\n&nbsp;<br \/>\n<strong>Cine4<\/strong>: Cine4 is an initiative from a TG4, IFB and BAI partnership to develop original feature films in the Irish language. Among the films that are now available on the TG4 Player are<span>\u00a0<\/span><strong>Finky<\/strong>,<span>\u00a0<\/span><strong>Arracht<\/strong><span>\u00a0<\/span>and<span>\u00a0<\/span><strong>Foscadh<\/strong>. \u00a0<a href=\"https:\/\/nasc.tg4.tv\/Cine4\" rel=\"noopener\" target=\"_blank\">https:\/\/nasc.tg4.tv\/Cine4<\/a><\/p>\n<p>&nbsp;<\/p>\n","protected":false},"excerpt":{"rendered":"<p>Pic: Grace Kelly &nbsp; TG4\u2019s Christmas schedule has plenty of festive treats to entertain the entire family.\u00a0This season\u2019s brand-new documentaries include\u00a0Grace Kelly \u2013 Banphr\u00edonsa Mhaigh Eo\u00a0(Christmas Day 9.30pm)\u00a0which looks at the life and career of the actress and Princess, Grace Kelly featuring exclusive interviews with her son, Prince Albert II, and rare archive from her [&hellip;]<\/p>\n","protected":false},"author":876,"featured_media":0,"parent":180925,"menu_order":27,"comment_status":"closed","ping_status":"closed","template":"page-templates\/template-pr.php","meta":{"_acf_changed":false,"footnotes":""},"acf":[],"yoast_head":"<!-- This site is optimized with the Yoast SEO plugin v22.6 - https:\/\/yoast.com\/wordpress\/plugins\/seo\/ -->\n<title>TG4\u2019s Christmas Crackers 2023 | Press Release | TG4<\/title>\n<meta name=\"description\" content=\"Music, nostalgia and celebrations are among the festive treats on TG4 this Christmas. TG4\u2019s Christmas schedule has plenty of festive treats to entertain the entire family.\" \/>\n<meta name=\"robots\" content=\"index, follow, max-snippet:-1, max-image-preview:large, max-video-preview:-1\" \/>\n<meta property=\"og:locale\" content=\"en_US\" \/>\n<meta property=\"og:type\" content=\"article\" \/>\n<meta property=\"og:title\" content=\"TG4\u2019s Christmas Crackers 2023 | Press Release | TG4\" \/>\n<meta property=\"og:description\" content=\"Music, nostalgia and celebrations are among the festive treats on TG4 this Christmas. TG4\u2019s Christmas schedule has plenty of festive treats to entertain the entire family.\" \/>\n<meta property=\"og:url\" content=\"https:\/\/dev.tg4.ie\/en\/information\/press\/press-releases\/2023-2\/tg4s-christmas-crackers-2023\/\" \/>\n<meta property=\"og:site_name\" content=\"TG4\" \/>\n<meta property=\"article:publisher\" content=\"https:\/\/www.facebook.com\/TG4TV\" \/>\n<meta property=\"og:image\" content=\"https:\/\/tg4-docs.s3.amazonaws.com\/wp-content\/uploads\/2023\/11\/29104907\/Grace_Kelly_1-1920x1080-1-700x394.jpg\" \/>\n<meta name=\"twitter:card\" content=\"summary_large_image\" \/>\n<meta name=\"twitter:image\" content=\"https:\/\/tg4-docs.s3.amazonaws.com\/wp-content\/uploads\/2023\/11\/29104907\/Grace_Kelly_1-1920x1080-1-700x394.jpg\" \/>\n<meta name=\"twitter:site\" content=\"@TG4TV\" \/>\n<meta name=\"twitter:label1\" content=\"Est. reading time\" \/>\n\t<meta name=\"twitter:data1\" content=\"4 minutes\" \/>\n<script type=\"application\/ld+json\" class=\"yoast-schema-graph\">{\"@context\":\"https:\/\/schema.org\",\"@graph\":[{\"@type\":\"WebPage\",\"@id\":\"https:\/\/dev.tg4.ie\/en\/information\/press\/press-releases\/2023-2\/tg4s-christmas-crackers-2023\/\",\"url\":\"https:\/\/dev.tg4.ie\/en\/information\/press\/press-releases\/2023-2\/tg4s-christmas-crackers-2023\/\",\"name\":\"TG4\u2019s Christmas Crackers 2023 | Press Release | TG4\",\"isPartOf\":{\"@id\":\"https:\/\/dev.tg4.ie\/en\/#website\"},\"primaryImageOfPage\":{\"@id\":\"https:\/\/dev.tg4.ie\/en\/information\/press\/press-releases\/2023-2\/tg4s-christmas-crackers-2023\/#primaryimage\"},\"image\":{\"@id\":\"https:\/\/dev.tg4.ie\/en\/information\/press\/press-releases\/2023-2\/tg4s-christmas-crackers-2023\/#primaryimage\"},\"thumbnailUrl\":\"https:\/\/dev.tg4.ie\/wp-content\/uploads\/2023\/11\/Grace_Kelly_1-1920x1080-1.jpg\",\"datePublished\":\"2023-12-14T10:16:40+00:00\",\"dateModified\":\"2023-12-14T10:16:40+00:00\",\"description\":\"Music, nostalgia and celebrations are among the festive treats on TG4 this Christmas. TG4\u2019s Christmas schedule has plenty of festive treats to entertain the entire family.\",\"breadcrumb\":{\"@id\":\"https:\/\/dev.tg4.ie\/en\/information\/press\/press-releases\/2023-2\/tg4s-christmas-crackers-2023\/#breadcrumb\"},\"inLanguage\":\"en-ie\",\"potentialAction\":[{\"@type\":\"ReadAction\",\"target\":[\"https:\/\/dev.tg4.ie\/en\/information\/press\/press-releases\/2023-2\/tg4s-christmas-crackers-2023\/\"]}]},{\"@type\":\"ImageObject\",\"inLanguage\":\"en-ie\",\"@id\":\"https:\/\/dev.tg4.ie\/en\/information\/press\/press-releases\/2023-2\/tg4s-christmas-crackers-2023\/#primaryimage\",\"url\":\"https:\/\/dev.tg4.ie\/wp-content\/uploads\/2023\/11\/Grace_Kelly_1-1920x1080-1.jpg\",\"contentUrl\":\"https:\/\/dev.tg4.ie\/wp-content\/uploads\/2023\/11\/Grace_Kelly_1-1920x1080-1.jpg\"},{\"@type\":\"BreadcrumbList\",\"@id\":\"https:\/\/dev.tg4.ie\/en\/information\/press\/press-releases\/2023-2\/tg4s-christmas-crackers-2023\/#breadcrumb\",\"itemListElement\":[{\"@type\":\"ListItem\",\"position\":1,\"name\":\"Home\",\"item\":\"https:\/\/dev.tg4.ie\/en\/\"},{\"@type\":\"ListItem\",\"position\":2,\"name\":\"Information\",\"item\":\"https:\/\/dev.tg4.ie\/en\/information\/\"},{\"@type\":\"ListItem\",\"position\":3,\"name\":\"Press\",\"item\":\"https:\/\/dev.tg4.ie\/en\/information\/press\/\"},{\"@type\":\"ListItem\",\"position\":4,\"name\":\"Press Releases\",\"item\":\"https:\/\/dev.tg4.ie\/en\/information\/press\/press-releases\/\"},{\"@type\":\"ListItem\",\"position\":5,\"name\":\"2023\",\"item\":\"https:\/\/dev.tg4.ie\/en\/information\/press\/press-releases\/2023-2\/\"},{\"@type\":\"ListItem\",\"position\":6,\"name\":\"TG4\u2019s Christmas Crackers 2023\"}]},{\"@type\":\"WebSite\",\"@id\":\"https:\/\/dev.tg4.ie\/en\/#website\",\"url\":\"https:\/\/dev.tg4.ie\/en\/\",\"name\":\"TG4\",\"description\":\"S\u00fail Eile\",\"potentialAction\":[{\"@type\":\"SearchAction\",\"target\":{\"@type\":\"EntryPoint\",\"urlTemplate\":\"https:\/\/dev.tg4.ie\/en\/?s={search_term_string}\"},\"query-input\":\"required name=search_term_string\"}],\"inLanguage\":\"en-ie\"}]}<\/script>\n<!-- \/ Yoast SEO plugin. -->","yoast_head_json":{"title":"TG4\u2019s Christmas Crackers 2023 | Press Release | TG4","description":"Music, nostalgia and celebrations are among the festive treats on TG4 this Christmas. TG4\u2019s Christmas schedule has plenty of festive treats to entertain the entire family.","robots":{"index":"index","follow":"follow","max-snippet":"max-snippet:-1","max-image-preview":"max-image-preview:large","max-video-preview":"max-video-preview:-1"},"og_locale":"en_US","og_type":"article","og_title":"TG4\u2019s Christmas Crackers 2023 | Press Release | TG4","og_description":"Music, nostalgia and celebrations are among the festive treats on TG4 this Christmas. TG4\u2019s Christmas schedule has plenty of festive treats to entertain the entire family.","og_url":"https:\/\/dev.tg4.ie\/en\/information\/press\/press-releases\/2023-2\/tg4s-christmas-crackers-2023\/","og_site_name":"TG4","article_publisher":"https:\/\/www.facebook.com\/TG4TV","og_image":[{"url":"https:\/\/tg4-docs.s3.amazonaws.com\/wp-content\/uploads\/2023\/11\/29104907\/Grace_Kelly_1-1920x1080-1-700x394.jpg"}],"twitter_card":"summary_large_image","twitter_image":"https:\/\/tg4-docs.s3.amazonaws.com\/wp-content\/uploads\/2023\/11\/29104907\/Grace_Kelly_1-1920x1080-1-700x394.jpg","twitter_site":"@TG4TV","twitter_misc":{"Est. reading time":"4 minutes"},"schema":{"@context":"https:\/\/schema.org","@graph":[{"@type":"WebPage","@id":"https:\/\/dev.tg4.ie\/en\/information\/press\/press-releases\/2023-2\/tg4s-christmas-crackers-2023\/","url":"https:\/\/dev.tg4.ie\/en\/information\/press\/press-releases\/2023-2\/tg4s-christmas-crackers-2023\/","name":"TG4\u2019s Christmas Crackers 2023 | Press Release | TG4","isPartOf":{"@id":"https:\/\/dev.tg4.ie\/en\/#website"},"primaryImageOfPage":{"@id":"https:\/\/dev.tg4.ie\/en\/information\/press\/press-releases\/2023-2\/tg4s-christmas-crackers-2023\/#primaryimage"},"image":{"@id":"https:\/\/dev.tg4.ie\/en\/information\/press\/press-releases\/2023-2\/tg4s-christmas-crackers-2023\/#primaryimage"},"thumbnailUrl":"https:\/\/dev.tg4.ie\/wp-content\/uploads\/2023\/11\/Grace_Kelly_1-1920x1080-1.jpg","datePublished":"2023-12-14T10:16:40+00:00","dateModified":"2023-12-14T10:16:40+00:00","description":"Music, nostalgia and celebrations are among the festive treats on TG4 this Christmas. TG4\u2019s Christmas schedule has plenty of festive treats to entertain the entire family.","breadcrumb":{"@id":"https:\/\/dev.tg4.ie\/en\/information\/press\/press-releases\/2023-2\/tg4s-christmas-crackers-2023\/#breadcrumb"},"inLanguage":"en-ie","potentialAction":[{"@type":"ReadAction","target":["https:\/\/dev.tg4.ie\/en\/information\/press\/press-releases\/2023-2\/tg4s-christmas-crackers-2023\/"]}]},{"@type":"ImageObject","inLanguage":"en-ie","@id":"https:\/\/dev.tg4.ie\/en\/information\/press\/press-releases\/2023-2\/tg4s-christmas-crackers-2023\/#primaryimage","url":"https:\/\/dev.tg4.ie\/wp-content\/uploads\/2023\/11\/Grace_Kelly_1-1920x1080-1.jpg","contentUrl":"https:\/\/dev.tg4.ie\/wp-content\/uploads\/2023\/11\/Grace_Kelly_1-1920x1080-1.jpg"},{"@type":"BreadcrumbList","@id":"https:\/\/dev.tg4.ie\/en\/information\/press\/press-releases\/2023-2\/tg4s-christmas-crackers-2023\/#breadcrumb","itemListElement":[{"@type":"ListItem","position":1,"name":"Home","item":"https:\/\/dev.tg4.ie\/en\/"},{"@type":"ListItem","position":2,"name":"Information","item":"https:\/\/dev.tg4.ie\/en\/information\/"},{"@type":"ListItem","position":3,"name":"Press","item":"https:\/\/dev.tg4.ie\/en\/information\/press\/"},{"@type":"ListItem","position":4,"name":"Press Releases","item":"https:\/\/dev.tg4.ie\/en\/information\/press\/press-releases\/"},{"@type":"ListItem","position":5,"name":"2023","item":"https:\/\/dev.tg4.ie\/en\/information\/press\/press-releases\/2023-2\/"},{"@type":"ListItem","position":6,"name":"TG4\u2019s Christmas Crackers 2023"}]},{"@type":"WebSite","@id":"https:\/\/dev.tg4.ie\/en\/#website","url":"https:\/\/dev.tg4.ie\/en\/","name":"TG4","description":"S\u00fail Eile","potentialAction":[{"@type":"SearchAction","target":{"@type":"EntryPoint","urlTemplate":"https:\/\/dev.tg4.ie\/en\/?s={search_term_string}"},"query-input":"required name=search_term_string"}],"inLanguage":"en-ie"}]}},"_links":{"self":[{"href":"https:\/\/dev.tg4.ie\/en\/wp-json\/wp\/v2\/pages\/207366"}],"collection":[{"href":"https:\/\/dev.tg4.ie\/en\/wp-json\/wp\/v2\/pages"}],"about":[{"href":"https:\/\/dev.tg4.ie\/en\/wp-json\/wp\/v2\/types\/page"}],"author":[{"embeddable":true,"href":"https:\/\/dev.tg4.ie\/en\/wp-json\/wp\/v2\/users\/876"}],"replies":[{"embeddable":true,"href":"https:\/\/dev.tg4.ie\/en\/wp-json\/wp\/v2\/comments?post=207366"}],"version-history":[{"count":0,"href":"https:\/\/dev.tg4.ie\/en\/wp-json\/wp\/v2\/pages\/207366\/revisions"}],"up":[{"embeddable":true,"href":"https:\/\/dev.tg4.ie\/en\/wp-json\/wp\/v2\/pages\/180925"}],"wp:attachment":[{"href":"https:\/\/dev.tg4.ie\/en\/wp-json\/wp\/v2\/media?parent=207366"}],"curies":[{"name":"wp","href":"https:\/\/api.w.org\/{rel}","templated":true}]}}