{"id":207379,"date":"2023-12-14T12:42:43","date_gmt":"2023-12-14T12:42:43","guid":{"rendered":"https:\/\/dev.tg4.ie\/?page_id=207379"},"modified":"2023-12-14T12:42:43","modified_gmt":"2023-12-14T12:42:43","slug":"nollaig-2023-on-cula4","status":"publish","type":"page","link":"https:\/\/dev.tg4.ie\/en\/information\/press\/press-releases\/2023-2\/nollaig-2023-on-cula4\/","title":{"rendered":"Nollaig 2023 on C\u00fala4"},"content":{"rendered":"<p><img loading=\"lazy\" decoding=\"async\" width=\"1920\" height=\"1080\" src=\"https:\/\/tg4-docs.s3.amazonaws.com\/wp-content\/uploads\/2023\/12\/14124037\/Cula4_Nollaig_2023_Laithreoiri_1-1920x1080-1.jpg\" alt=\"\" class=\"aligncenter size-full wp-image-207384\" srcset=\"https:\/\/tg4-docs.s3.amazonaws.com\/wp-content\/uploads\/2023\/12\/14124037\/Cula4_Nollaig_2023_Laithreoiri_1-1920x1080-1.jpg 1920w, https:\/\/tg4-docs.s3.amazonaws.com\/wp-content\/uploads\/2023\/12\/14124037\/Cula4_Nollaig_2023_Laithreoiri_1-1920x1080-1-250x141.jpg 250w, https:\/\/tg4-docs.s3.amazonaws.com\/wp-content\/uploads\/2023\/12\/14124037\/Cula4_Nollaig_2023_Laithreoiri_1-1920x1080-1-700x394.jpg 700w, https:\/\/tg4-docs.s3.amazonaws.com\/wp-content\/uploads\/2023\/12\/14124037\/Cula4_Nollaig_2023_Laithreoiri_1-1920x1080-1-252x141.jpg 252w, https:\/\/tg4-docs.s3.amazonaws.com\/wp-content\/uploads\/2023\/12\/14124037\/Cula4_Nollaig_2023_Laithreoiri_1-1920x1080-1-1536x864.jpg 1536w, https:\/\/tg4-docs.s3.amazonaws.com\/wp-content\/uploads\/2023\/12\/14124037\/Cula4_Nollaig_2023_Laithreoiri_1-1920x1080-1-120x68.jpg 120w\" sizes=\"(max-width: 1920px) 100vw, 1920px\" \/><br \/>\n<sup>Pic: L\u00e1ithreoir\u00ed C\u00fala4; Seosamh, S\u00edle &amp; Niamh<\/sup><\/p>\n<table>\n<tbody>\n<tr>\n<td>\n<div style=\"position: relative; padding-top: 56.25%;\"><iframe style=\"position: absolute; top: 0; left: 0; width: 100%; height: 100%;\" src=\"https:\/\/www.youtube.com\/embed\/G-W1VW8LmY0\" frameborder=\"0\" allowfullscreen=\"allowfullscreen\"><\/iframe><\/div>\n<\/td>\n<td>\n<div style=\"position: relative; padding-top: 56.25%;\"><iframe style=\"position: absolute; top: 0; left: 0; width: 100%; height: 100%;\" src=\"https:\/\/www.youtube.com\/embed\/e1auAKgsino\" frameborder=\"0\" allowfullscreen=\"allowfullscreen\"><\/iframe><\/div>\n<\/td>\n<\/tr>\n<\/tbody>\n<\/table>\n<p>&nbsp;<\/p>\n<p>C\u00fala4 has an abundance of programmes and movies to bring Christmas cheer to the younger viewers.\u00a0Throughout the festive season join C\u00fala4 presenters Niamh, Seosamh &amp; S\u00edle as the entertain us sharing stories and having plenty of fun.<br \/>\n&nbsp;<br \/>\nMovies as Gaeilge for younger viewers and not so young viewers include\u00a0<strong><span>Nollaig an Yeit\u00ed\u00a0<\/span><\/strong><em><span>(Christmas Eve 7pm),\u00a0<\/span><\/em><strong><span>Ice Age: Dawn of the Dinosaurs<\/span><\/strong><span>\u00a0<\/span>(<em><span>Christmas Day 2pm),\u00a0<\/span><\/em><strong><span>The Boss Baby\u00a0<\/span><\/strong><em><span>(St. Stephen\u2019s Day 5pm),\u00a0<\/span><\/em><strong><span>Curious George, Monca\u00ed R\u00edoga\u00a0<\/span><\/strong><em><span>(New Year\u2019s Eve 6.25pm)\u00a0<\/span><\/em><strong><span>My Little Pony\u00a0<\/span><\/strong><em><span>(New Year\u2019s Day 8am),\u00a0<\/span><\/em>and<em><span>\u00a0<\/span><\/em><strong><span>Cloudy with a Chance of Meatballs\u00a0<\/span><\/strong><em><span>(1\/1\/24 5.30pm<\/span><\/em>).<br \/>\n&nbsp;<br \/>\nExperience the magic of Julia Donaldson&#8217;s beloved stories brought to life through animation every Friday this December.\u00a0On Friday 15<sup>th<\/sup><span>\u00a0<\/span>of December at 2pm we see\u00a0<strong><span>An Seilide agus an M\u00edol M\u00f3r<\/span><\/strong>. This is a beautiful tale of an unlikely friendship, when a tiny snail goes on an amazing journey by hitching a ride on the tail of a huge whale. Based on the picture book written by Julia Donaldson. This is followed at 2.30pm by\u00a0<strong><span>S\u00e1r-ph\u00e9ist\u00a0<\/span><\/strong>&#8211; a long, strong worm with amazing skills and a big heart, who keeps on saving the day. But what happens when he gets too full of himself and starts to ignore his friends? Friday 22<sup>nd\u00a0<\/sup>at 2pm<span>\u00a0<\/span><strong><span>The Highway Rat<\/span><\/strong><span>\u00a0<\/span>sees a ruthless thief, who steals all the other animals&#8217; food and snacks. Will anyone be able to teach him a lesson? \u00a0At 2.30pm there\u2019s<span>\u00a0<\/span><strong><span>Room on the Broom<\/span><\/strong><span>\u00a0<\/span>&#8211;\u00a0The witch and her cat are flying happily but the witch keeps losing her belongings. Luckily, they are returned by the animals she meets, but is there room on the broom for all her new friends?<br \/>\n&nbsp;<br \/>\nFor those travelling over the Christmas C\u00fala4 programmes can be downloaded to watch later from <a href=\"https:\/\/www.cula4.com\" rel=\"noopener\" target=\"_blank\">www.Cula4.com<\/a><br \/>\n&nbsp;<br \/>\n<strong><span>C\u00fala4\u00a0<\/span><\/strong>airs for 14 hours daily, from 6am every morning until 8pm every evening.<br \/>\n&nbsp;<br \/>\n<strong><span>C\u00fala4 is available on:<\/span><\/strong><\/p>\n<p><strong><span>Saorview \u2013 channel 18<\/span><\/strong><\/p>\n<p><strong><span>Virgin Media \u2013 channel 602\u00a0<\/span><\/strong><\/p>\n<p><strong><span>Sky \u2013 channel 624<\/span><\/strong><\/p>\n<p><strong><span>Sky in the North of Ireland \u2013 channel 627 &amp; SkyGlass<\/span><\/strong><\/p>\n<p><strong><span>Eir\u00a0<\/span><\/strong><\/p>\n<p><strong><span><a href=\"https:\/\/www.cula4.com\" rel=\"noopener\" target=\"_blank\">www.cula4.com<\/a><\/span><\/strong><\/p>\n<p>&nbsp;<br \/>\n&nbsp;<\/p>\n","protected":false},"excerpt":{"rendered":"<p>Pic: L\u00e1ithreoir\u00ed C\u00fala4; Seosamh, S\u00edle &amp; Niamh &nbsp; C\u00fala4 has an abundance of programmes and movies to bring Christmas cheer to the younger viewers.\u00a0Throughout the festive season join C\u00fala4 presenters Niamh, Seosamh &amp; S\u00edle as the entertain us sharing stories and having plenty of fun. &nbsp; Movies as Gaeilge for younger viewers and not so [&hellip;]<\/p>\n","protected":false},"author":876,"featured_media":0,"parent":180925,"menu_order":28,"comment_status":"closed","ping_status":"closed","template":"page-templates\/template-pr.php","meta":{"_acf_changed":false,"footnotes":""},"acf":[],"yoast_head":"<!-- This site is optimized with the Yoast SEO plugin v22.6 - https:\/\/yoast.com\/wordpress\/plugins\/seo\/ -->\n<title>Nollaig 2023 on C\u00fala4 | Press Release | TG4<\/title>\n<meta name=\"description\" content=\"C\u00fala4 has an abundance of programmes and movies to bring Christmas cheer to the younger viewers. Throughout the festive season join C\u00fala4 presenters Niamh, Seosamh &amp; S\u00edle as the entertain us sharing stories and having plenty of fun.\" \/>\n<meta name=\"robots\" content=\"index, follow, max-snippet:-1, max-image-preview:large, max-video-preview:-1\" \/>\n<meta property=\"og:locale\" content=\"en_US\" \/>\n<meta property=\"og:type\" content=\"article\" \/>\n<meta property=\"og:title\" content=\"Nollaig 2023 on C\u00fala4 | Press Release | TG4\" \/>\n<meta property=\"og:description\" content=\"C\u00fala4 has an abundance of programmes and movies to bring Christmas cheer to the younger viewers. Throughout the festive season join C\u00fala4 presenters Niamh, Seosamh &amp; S\u00edle as the entertain us sharing stories and having plenty of fun.\" \/>\n<meta property=\"og:url\" content=\"https:\/\/dev.tg4.ie\/en\/information\/press\/press-releases\/2023-2\/nollaig-2023-on-cula4\/\" \/>\n<meta property=\"og:site_name\" content=\"TG4\" \/>\n<meta property=\"article:publisher\" content=\"https:\/\/www.facebook.com\/TG4TV\" \/>\n<meta property=\"og:image\" content=\"https:\/\/tg4-docs.s3.amazonaws.com\/wp-content\/uploads\/2023\/12\/14124037\/Cula4_Nollaig_2023_Laithreoiri_1-1920x1080-1.jpg\" \/>\n\t<meta property=\"og:image:width\" content=\"1920\" \/>\n\t<meta property=\"og:image:height\" content=\"1080\" \/>\n\t<meta property=\"og:image:type\" content=\"image\/jpeg\" \/>\n<meta name=\"twitter:card\" content=\"summary_large_image\" \/>\n<meta name=\"twitter:image\" content=\"https:\/\/tg4-docs.s3.amazonaws.com\/wp-content\/uploads\/2023\/12\/14124037\/Cula4_Nollaig_2023_Laithreoiri_1-1920x1080-1.jpg\" \/>\n<meta name=\"twitter:site\" content=\"@TG4TV\" \/>\n<meta name=\"twitter:label1\" content=\"Est. reading time\" \/>\n\t<meta name=\"twitter:data1\" content=\"2 minutes\" \/>\n<script type=\"application\/ld+json\" class=\"yoast-schema-graph\">{\"@context\":\"https:\/\/schema.org\",\"@graph\":[{\"@type\":\"WebPage\",\"@id\":\"https:\/\/dev.tg4.ie\/en\/information\/press\/press-releases\/2023-2\/nollaig-2023-on-cula4\/\",\"url\":\"https:\/\/dev.tg4.ie\/en\/information\/press\/press-releases\/2023-2\/nollaig-2023-on-cula4\/\",\"name\":\"Nollaig 2023 on C\u00fala4 | Press Release | TG4\",\"isPartOf\":{\"@id\":\"https:\/\/dev.tg4.ie\/en\/#website\"},\"primaryImageOfPage\":{\"@id\":\"https:\/\/dev.tg4.ie\/en\/information\/press\/press-releases\/2023-2\/nollaig-2023-on-cula4\/#primaryimage\"},\"image\":{\"@id\":\"https:\/\/dev.tg4.ie\/en\/information\/press\/press-releases\/2023-2\/nollaig-2023-on-cula4\/#primaryimage\"},\"thumbnailUrl\":\"https:\/\/dev.tg4.ie\/wp-content\/uploads\/2023\/12\/Cula4_Nollaig_2023_Laithreoiri_1-1920x1080-1.jpg\",\"datePublished\":\"2023-12-14T12:42:43+00:00\",\"dateModified\":\"2023-12-14T12:42:43+00:00\",\"description\":\"C\u00fala4 has an abundance of programmes and movies to bring Christmas cheer to the younger viewers. Throughout the festive season join C\u00fala4 presenters Niamh, Seosamh & S\u00edle as the entertain us sharing stories and having plenty of fun.\",\"breadcrumb\":{\"@id\":\"https:\/\/dev.tg4.ie\/en\/information\/press\/press-releases\/2023-2\/nollaig-2023-on-cula4\/#breadcrumb\"},\"inLanguage\":\"en-ie\",\"potentialAction\":[{\"@type\":\"ReadAction\",\"target\":[\"https:\/\/dev.tg4.ie\/en\/information\/press\/press-releases\/2023-2\/nollaig-2023-on-cula4\/\"]}]},{\"@type\":\"ImageObject\",\"inLanguage\":\"en-ie\",\"@id\":\"https:\/\/dev.tg4.ie\/en\/information\/press\/press-releases\/2023-2\/nollaig-2023-on-cula4\/#primaryimage\",\"url\":\"https:\/\/dev.tg4.ie\/wp-content\/uploads\/2023\/12\/Cula4_Nollaig_2023_Laithreoiri_1-1920x1080-1.jpg\",\"contentUrl\":\"https:\/\/dev.tg4.ie\/wp-content\/uploads\/2023\/12\/Cula4_Nollaig_2023_Laithreoiri_1-1920x1080-1.jpg\"},{\"@type\":\"BreadcrumbList\",\"@id\":\"https:\/\/dev.tg4.ie\/en\/information\/press\/press-releases\/2023-2\/nollaig-2023-on-cula4\/#breadcrumb\",\"itemListElement\":[{\"@type\":\"ListItem\",\"position\":1,\"name\":\"Home\",\"item\":\"https:\/\/dev.tg4.ie\/en\/\"},{\"@type\":\"ListItem\",\"position\":2,\"name\":\"Information\",\"item\":\"https:\/\/dev.tg4.ie\/en\/information\/\"},{\"@type\":\"ListItem\",\"position\":3,\"name\":\"Press\",\"item\":\"https:\/\/dev.tg4.ie\/en\/information\/press\/\"},{\"@type\":\"ListItem\",\"position\":4,\"name\":\"Press Releases\",\"item\":\"https:\/\/dev.tg4.ie\/en\/information\/press\/press-releases\/\"},{\"@type\":\"ListItem\",\"position\":5,\"name\":\"2023\",\"item\":\"https:\/\/dev.tg4.ie\/en\/information\/press\/press-releases\/2023-2\/\"},{\"@type\":\"ListItem\",\"position\":6,\"name\":\"Nollaig 2023 on C\u00fala4\"}]},{\"@type\":\"WebSite\",\"@id\":\"https:\/\/dev.tg4.ie\/en\/#website\",\"url\":\"https:\/\/dev.tg4.ie\/en\/\",\"name\":\"TG4\",\"description\":\"S\u00fail Eile\",\"potentialAction\":[{\"@type\":\"SearchAction\",\"target\":{\"@type\":\"EntryPoint\",\"urlTemplate\":\"https:\/\/dev.tg4.ie\/en\/?s={search_term_string}\"},\"query-input\":\"required name=search_term_string\"}],\"inLanguage\":\"en-ie\"}]}<\/script>\n<!-- \/ Yoast SEO plugin. -->","yoast_head_json":{"title":"Nollaig 2023 on C\u00fala4 | Press Release | TG4","description":"C\u00fala4 has an abundance of programmes and movies to bring Christmas cheer to the younger viewers. Throughout the festive season join C\u00fala4 presenters Niamh, Seosamh & S\u00edle as the entertain us sharing stories and having plenty of fun.","robots":{"index":"index","follow":"follow","max-snippet":"max-snippet:-1","max-image-preview":"max-image-preview:large","max-video-preview":"max-video-preview:-1"},"og_locale":"en_US","og_type":"article","og_title":"Nollaig 2023 on C\u00fala4 | Press Release | TG4","og_description":"C\u00fala4 has an abundance of programmes and movies to bring Christmas cheer to the younger viewers. Throughout the festive season join C\u00fala4 presenters Niamh, Seosamh & S\u00edle as the entertain us sharing stories and having plenty of fun.","og_url":"https:\/\/dev.tg4.ie\/en\/information\/press\/press-releases\/2023-2\/nollaig-2023-on-cula4\/","og_site_name":"TG4","article_publisher":"https:\/\/www.facebook.com\/TG4TV","og_image":[{"width":1920,"height":1080,"url":"https:\/\/tg4-docs.s3.amazonaws.com\/wp-content\/uploads\/2023\/12\/14124037\/Cula4_Nollaig_2023_Laithreoiri_1-1920x1080-1.jpg","type":"image\/jpeg"}],"twitter_card":"summary_large_image","twitter_image":"https:\/\/tg4-docs.s3.amazonaws.com\/wp-content\/uploads\/2023\/12\/14124037\/Cula4_Nollaig_2023_Laithreoiri_1-1920x1080-1.jpg","twitter_site":"@TG4TV","twitter_misc":{"Est. reading time":"2 minutes"},"schema":{"@context":"https:\/\/schema.org","@graph":[{"@type":"WebPage","@id":"https:\/\/dev.tg4.ie\/en\/information\/press\/press-releases\/2023-2\/nollaig-2023-on-cula4\/","url":"https:\/\/dev.tg4.ie\/en\/information\/press\/press-releases\/2023-2\/nollaig-2023-on-cula4\/","name":"Nollaig 2023 on C\u00fala4 | Press Release | TG4","isPartOf":{"@id":"https:\/\/dev.tg4.ie\/en\/#website"},"primaryImageOfPage":{"@id":"https:\/\/dev.tg4.ie\/en\/information\/press\/press-releases\/2023-2\/nollaig-2023-on-cula4\/#primaryimage"},"image":{"@id":"https:\/\/dev.tg4.ie\/en\/information\/press\/press-releases\/2023-2\/nollaig-2023-on-cula4\/#primaryimage"},"thumbnailUrl":"https:\/\/dev.tg4.ie\/wp-content\/uploads\/2023\/12\/Cula4_Nollaig_2023_Laithreoiri_1-1920x1080-1.jpg","datePublished":"2023-12-14T12:42:43+00:00","dateModified":"2023-12-14T12:42:43+00:00","description":"C\u00fala4 has an abundance of programmes and movies to bring Christmas cheer to the younger viewers. Throughout the festive season join C\u00fala4 presenters Niamh, Seosamh & S\u00edle as the entertain us sharing stories and having plenty of fun.","breadcrumb":{"@id":"https:\/\/dev.tg4.ie\/en\/information\/press\/press-releases\/2023-2\/nollaig-2023-on-cula4\/#breadcrumb"},"inLanguage":"en-ie","potentialAction":[{"@type":"ReadAction","target":["https:\/\/dev.tg4.ie\/en\/information\/press\/press-releases\/2023-2\/nollaig-2023-on-cula4\/"]}]},{"@type":"ImageObject","inLanguage":"en-ie","@id":"https:\/\/dev.tg4.ie\/en\/information\/press\/press-releases\/2023-2\/nollaig-2023-on-cula4\/#primaryimage","url":"https:\/\/dev.tg4.ie\/wp-content\/uploads\/2023\/12\/Cula4_Nollaig_2023_Laithreoiri_1-1920x1080-1.jpg","contentUrl":"https:\/\/dev.tg4.ie\/wp-content\/uploads\/2023\/12\/Cula4_Nollaig_2023_Laithreoiri_1-1920x1080-1.jpg"},{"@type":"BreadcrumbList","@id":"https:\/\/dev.tg4.ie\/en\/information\/press\/press-releases\/2023-2\/nollaig-2023-on-cula4\/#breadcrumb","itemListElement":[{"@type":"ListItem","position":1,"name":"Home","item":"https:\/\/dev.tg4.ie\/en\/"},{"@type":"ListItem","position":2,"name":"Information","item":"https:\/\/dev.tg4.ie\/en\/information\/"},{"@type":"ListItem","position":3,"name":"Press","item":"https:\/\/dev.tg4.ie\/en\/information\/press\/"},{"@type":"ListItem","position":4,"name":"Press Releases","item":"https:\/\/dev.tg4.ie\/en\/information\/press\/press-releases\/"},{"@type":"ListItem","position":5,"name":"2023","item":"https:\/\/dev.tg4.ie\/en\/information\/press\/press-releases\/2023-2\/"},{"@type":"ListItem","position":6,"name":"Nollaig 2023 on C\u00fala4"}]},{"@type":"WebSite","@id":"https:\/\/dev.tg4.ie\/en\/#website","url":"https:\/\/dev.tg4.ie\/en\/","name":"TG4","description":"S\u00fail Eile","potentialAction":[{"@type":"SearchAction","target":{"@type":"EntryPoint","urlTemplate":"https:\/\/dev.tg4.ie\/en\/?s={search_term_string}"},"query-input":"required name=search_term_string"}],"inLanguage":"en-ie"}]}},"_links":{"self":[{"href":"https:\/\/dev.tg4.ie\/en\/wp-json\/wp\/v2\/pages\/207379"}],"collection":[{"href":"https:\/\/dev.tg4.ie\/en\/wp-json\/wp\/v2\/pages"}],"about":[{"href":"https:\/\/dev.tg4.ie\/en\/wp-json\/wp\/v2\/types\/page"}],"author":[{"embeddable":true,"href":"https:\/\/dev.tg4.ie\/en\/wp-json\/wp\/v2\/users\/876"}],"replies":[{"embeddable":true,"href":"https:\/\/dev.tg4.ie\/en\/wp-json\/wp\/v2\/comments?post=207379"}],"version-history":[{"count":0,"href":"https:\/\/dev.tg4.ie\/en\/wp-json\/wp\/v2\/pages\/207379\/revisions"}],"up":[{"embeddable":true,"href":"https:\/\/dev.tg4.ie\/en\/wp-json\/wp\/v2\/pages\/180925"}],"wp:attachment":[{"href":"https:\/\/dev.tg4.ie\/en\/wp-json\/wp\/v2\/media?parent=207379"}],"curies":[{"name":"wp","href":"https:\/\/api.w.org\/{rel}","templated":true}]}}