{"id":208278,"date":"2024-01-12T16:24:09","date_gmt":"2024-01-12T16:24:09","guid":{"rendered":"https:\/\/dev.tg4.ie\/?page_id=208278"},"modified":"2024-01-12T16:26:19","modified_gmt":"2024-01-12T16:26:19","slug":"tg4-achieves-outstanding-success-in-2023","status":"publish","type":"page","link":"https:\/\/dev.tg4.ie\/en\/information\/press\/press-releases\/2024-2\/tg4-achieves-outstanding-success-in-2023\/","title":{"rendered":"TG4 Achieves Outstanding Success in 2023"},"content":{"rendered":"<p><img loading=\"lazy\" decoding=\"async\" width=\"1920\" height=\"1080\" src=\"https:\/\/tg4-docs.s3.amazonaws.com\/wp-content\/uploads\/2024\/01\/12155621\/Lucht_Feachana_2023_1-1920x1080-1.jpg\" alt=\"\" class=\"aligncenter size-full wp-image-208275\" srcset=\"https:\/\/tg4-docs.s3.amazonaws.com\/wp-content\/uploads\/2024\/01\/12155621\/Lucht_Feachana_2023_1-1920x1080-1.jpg 1920w, https:\/\/tg4-docs.s3.amazonaws.com\/wp-content\/uploads\/2024\/01\/12155621\/Lucht_Feachana_2023_1-1920x1080-1-250x141.jpg 250w, https:\/\/tg4-docs.s3.amazonaws.com\/wp-content\/uploads\/2024\/01\/12155621\/Lucht_Feachana_2023_1-1920x1080-1-700x394.jpg 700w, https:\/\/tg4-docs.s3.amazonaws.com\/wp-content\/uploads\/2024\/01\/12155621\/Lucht_Feachana_2023_1-1920x1080-1-252x141.jpg 252w, https:\/\/tg4-docs.s3.amazonaws.com\/wp-content\/uploads\/2024\/01\/12155621\/Lucht_Feachana_2023_1-1920x1080-1-1536x864.jpg 1536w, https:\/\/tg4-docs.s3.amazonaws.com\/wp-content\/uploads\/2024\/01\/12155621\/Lucht_Feachana_2023_1-1920x1080-1-120x68.jpg 120w\" sizes=\"(max-width: 1920px) 100vw, 1920px\" \/><\/p>\n<p>&nbsp;<\/p>\n<p><strong>TG4 Viewership<\/strong> <\/p>\n<p>In 2023, a whopping 3.67 million people, which is 81% of the population, tuned in to TG4 at some point. The average viewership share for the year increased to 2.09%, up from 1.96% in 2022\u2014marking the highest share since 2009. Primetime viewing also saw a boost, reaching 2.24%. TG4 continued to hold its place as the 7th most-watched channel in Ireland. The channel hit its peak audience share on August 13th, coinciding with the TG4 Peil na mBan All-Ireland Senior Final and the grand finale of Fleadh Cheoil 2023.<br \/>\n&nbsp;<br \/>\n&nbsp;<\/p>\n<p><strong>Most Watched and Popular Programmes on TG4<\/strong>  <\/p>\n<p>The highlight of TG4&#8217;s programming in 2023 was the Allianz Football Final clash between Galway and Mayo on GAA Beo, emerging as the most-watched show of the year. The game garnered an average audience of 250,200 viewers, securing a substantial share of 32.84%. Following closely was the TG4 Peil na mBan All-Ireland Senior Final featuring Dublin and Kerry, which claimed the second spot in the year&#8217;s rankings. With an average audience of 201,800 and a share of 26.47%, viewers witnessed Dublin&#8217;s victory over Kerry in a thrilling match.<br \/>\n&nbsp;<\/p>\n<p>Daniel O\u2019Donnel proved popular once again on Tuesday nights with \u2018Opry le Daniel ar Thuras\u2019. Guests included Lisa McHugh, Johnny Brady and The Tumbling Paddies among many more. Weekly social media clips from the show were also popular with over 3.6M combined views on Facebook.  <\/p>\n<p>Opry le Daniel ar Thuras &#8211; <a href=\"https:\/\/nasc.tg4.tv\/Opry_le_Daniel_ar_Thuras\" rel=\"noopener\" target=\"_blank\">https:\/\/nasc.tg4.tv\/Opry_le_Daniel_ar_Thuras<\/a><br \/>\n&nbsp;<br \/>\nViewers were treated to exceptional musical performances and lots of fun moments during &#8216;Fleadh Cheoil 2023,&#8217; broadcasted live from Mullingar. To enhance the experience, TG4 extended the Fleadh programming, airing from Thursday, August 10th, to Sunday, August 13th, providing an extra night of vibrant and captivating music for the TG4 audience to enjoy. <\/p>\n<p>Fleadh Cheoil 2023 &#8211; <a href=\"https:\/\/nasc.tg4.tv\/Fleadh-2023\" rel=\"noopener\" target=\"_blank\">https:\/\/nasc.tg4.tv\/Fleadh-2023<\/a><br \/>\n&nbsp;<br \/>\nThe second series of the hugely popular traditional music series \u2018Scoil Samhraidh Willie Clancy\u2019 was back and our favourite adventurer Hector \u00d3 hEochag\u00e1in returned with an epic adventure from the Philippines to the Solomons Islands.   <\/p>\n<p>Scoil Samhraidh Willie Clancy &#8211; <a href=\"https:\/\/nasc.tg4.tv\/Scoil-Samhraidh-Willie-Clancy-2\" rel=\"noopener\" target=\"_blank\">https:\/\/nasc.tg4.tv\/Scoil-Samhraidh-Willie-Clancy-2<\/a> <\/p>\n<p>Hector: \u00f3 Philippines go dt\u00ed na Solomons &#8211; <a href=\"https:\/\/nasc.tg4.tv\/Hector-\u00d3-na-Philippines-go-dt\u00ed-na-Solomons\" rel=\"noopener\" target=\"_blank\">https:\/\/nasc.tg4.tv\/Hector-\u00d3-na-Philippines-go-dt\u00ed-na-Solomons<\/a><br \/>\n&nbsp;<br \/>\n&nbsp;<\/p>\n<p><strong>Christmas \/ December 2023 \u2013 New Year\u2019s Day on TG4 <\/strong><\/p>\n<p>December emerged as the standout month for TG4 in terms of audience share, reaching an 2.49% (or 2.74% during peak time). Notably, Christmas Day proved to be a monumental occasion, with TG4 achieving its highest audience reach of 808,400. Despite the fierce competition during the festive season, TG4 not only held its ground but also climbed the ranks to become the 6th most-watched channel over Christmas. The pinnacle of viewership during the holidays was marked by the New Year&#8217;s Day broadcast of Rugba\u00ed Beo, where 104,100 tuned in to catch the game between Connacht and Munster, making it the most-watched program during the Christmas period. <\/p>\n<p>The &#8216;Die Hard,&#8217; film and the beloved Irish classic &#8216;Into the West&#8217; took center stage as top picks on TG4 during the festive season. Another standout was the Christmas Day special, &#8216;Grace Kelly: Banphrionsa Mhaigh Eo,&#8217; delving into the life and legacy of the actress with Mayo roots. Offering a reflective glimpse into Inis Me\u00e1in, &#8216;Inis Me\u00e1in, Idir dh\u00e1 linn&#8217; on December 28th explored the passage of time on the island. Shifting focus to environmental concerns, &#8216;Paddy Na Meachain&#8217; shed light on the protection of native Irish bees. To ring in the new year, &#8216;F\u00e1ilte 2024,&#8217; hosted by D\u00e1ith\u00ed \u00d3 S\u00e9 and Doireann N\u00ed Ghlac\u00e1in, provided a festive start for TG4 viewers.<br \/>\n&nbsp;<br \/>\nGrace Kelly: Banphrionsa Mhaigh Eo &#8211; <a href=\"https:\/\/nasc.tg4.tv\/GraceKelly\" rel=\"noopener\" target=\"_blank\">https:\/\/nasc.tg4.tv\/GraceKelly<\/a>  <\/p>\n<p>Inis Me\u00e1in, Idir dh\u00e1 linn &#8211; <a href=\"https:\/\/nasc.tg4.tv\/InisMe\u00e1in-IdirDh\u00e1Linn\" rel=\"noopener\" target=\"_blank\">https:\/\/nasc.tg4.tv\/InisMe\u00e1in-IdirDh\u00e1Linn<\/a>  <\/p>\n<p>Paddy Na Meachain &#8211; <a href=\"https:\/\/nasc.tg4.tv\/Paddy-na-Meachain\" rel=\"noopener\" target=\"_blank\">https:\/\/nasc.tg4.tv\/Paddy-na-Meachain<\/a>  <\/p>\n<p>F\u00e1ilte 2024 &#8211; <a href=\"https:\/\/nasc.tg4.tv\/F\u00e1ilte2024\" rel=\"noopener\" target=\"_blank\">https:\/\/nasc.tg4.tv\/F\u00e1ilte2024<\/a><br \/>\n&nbsp;<br \/>\n&nbsp;<\/p>\n<p><strong>C\u00fala4<\/strong><\/p>\n<p>C\u00fala4 had plenty to entertain the children throughout the festive season including Movies as Gaeilge: Nollaig an Yeit\u00ed, Ice Age: Dawn of the Dinosaurs, The Boss Baby, Monca\u00ed R\u00edoga and many more. The Irish language children\u2019s channel has been going from strength to strength since its launch last September and is available to watch on linear or worldwide on Cula4.com.<br \/>\n&nbsp;<br \/>\n&nbsp;<\/p>\n<p><strong>TG4 Player  TG4.ie<\/strong> <\/p>\n<p>In the past year, TG4 Player saw an impressive 3.5 million views, combining both live and Video on Demand (VoD) content, reflecting a 6% growth from 2022. The most-watched live player broadcast was the URC Rugby match between Munster and Leinster on November 25th. Notably, among the top five VoD programs on the player were &#8216;Laochra Gael,&#8217; &#8216;Dennis Cahill \u2013 Litir \u00f3 do Chara,&#8217; and &#8216;Fleadh 2023,&#8217; showcasing the diverse and popular content available for on-demand viewing.<br \/>\n&nbsp;<br \/>\nDennis Cahill \u2013 Litir \u00f3 do Chara &#8211; <a href=\"https:\/\/nasc.tg4.tv\/DennisCahill\" rel=\"noopener\" target=\"_blank\">https:\/\/nasc.tg4.tv\/DennisCahill<\/a> <\/p>\n<p>Laochra Gael \u2013 <a href=\"https:\/\/nasc.tg4.tv\/LaochraGael-21\" rel=\"noopener\" target=\"_blank\">https:\/\/nasc.tg4.tv\/LaochraGael-21<\/a><br \/>\n&nbsp;<br \/>\n&nbsp;<\/p>\n<p><strong>TG4 Social Media<\/strong> <\/p>\n<p>In 2023, TG4 rocked the social media scene with an impressive 77.7 million views. One standout moment was the viral interview with Paul Mescal at the 2023 BAFTA\u2019s. Mescal had a casual chat as Gaeilge with TG4 presenter Caitl\u00edn Nic Aoidh, and the heartwarming moment was a global hit, racking up over 2.1 million views on TG4&#8217;s social platforms alone. <\/p>\n<p>Paul Mescal &#8211; <a href=\"https:\/\/www.youtube.com\/watch?v=3PbuYQR2gyI\" rel=\"noopener\" target=\"_blank\">https:\/\/www.youtube.com\/watch?v=3PbuYQR2gyI<\/a><br \/>\n&nbsp;<br \/>\nOn Oscar night, the Twitter buzz around &#8216;An Cail\u00edn Ci\u00fain&#8217; was palpable, propelling TG4&#8217;s account to gain an incredible 3.2 million impressions. Adding to the social media success, C\u00fala4&#8217;s touching video from Dublin Airport during Christmas notched up over 427.5 thousand views on Instagram. TG4&#8217;s social media game was truly on point, keeping audiences engaged and entertained throughout 2023. <\/p>\n<p>C\u00fala4 &#8211; <a href=\"https:\/\/www.instagram.com\/p\/C1JuDQ1MJzH\/\" rel=\"noopener\" target=\"_blank\">https:\/\/www.instagram.com\/p\/C1JuDQ1MJzH\/<\/a><br \/>\n&nbsp;<br \/>\n&nbsp;<br \/>\n<strong>Alan Esslemont, Director General of TG4<\/strong> said, <em>&#8220;2023 was the year in which TG4 went to the Oscars with \u2018An Cail\u00edn Ci\u00fain\u2019 and launched our dedicated Children\u2019s channel, \u2018C\u00fala4\u2019.  My deepest thanks to all the TG4 team and the Irish creative sector for their work during 2023.  It is clear that the audience&#8217;s taste for TG4 content, on all platforms, is growing year on year. A very important year lies ahead for Irish language media in 2024 and I sincerely hope that the Government and Coimisi\u00fan na Mean can recognise that investment in Irish language media, and increased scale in Irish language media, is productive, beneficial and necessary.&#8221;<\/em><br \/>\n&nbsp;<br \/>\nSource: Nielsen \/ TAM Ireland<br \/>\n&nbsp;<br \/>\n&nbsp;<\/p>\n","protected":false},"excerpt":{"rendered":"<p>&nbsp; TG4 Viewership In 2023, a whopping 3.67 million people, which is 81% of the population, tuned in to TG4 at some point. The average viewership share for the year increased to 2.09%, up from 1.96% in 2022\u2014marking the highest share since 2009. Primetime viewing also saw a boost, reaching 2.24%. TG4 continued to hold [&hellip;]<\/p>\n","protected":false},"author":876,"featured_media":0,"parent":208150,"menu_order":0,"comment_status":"closed","ping_status":"closed","template":"page-templates\/template-pr.php","meta":{"_acf_changed":false,"footnotes":""},"acf":[],"yoast_head":"<!-- This site is optimized with the Yoast SEO plugin v22.6 - https:\/\/yoast.com\/wordpress\/plugins\/seo\/ -->\n<title>TG4 Achieves Outstanding Success in 2023 | Press Release | TG4<\/title>\n<meta name=\"description\" content=\"TG4 Achieves Outstanding Success in 2023 with Highest Audience Share Since 2009.\" \/>\n<meta name=\"robots\" content=\"index, follow, max-snippet:-1, max-image-preview:large, max-video-preview:-1\" \/>\n<meta property=\"og:locale\" content=\"en_US\" \/>\n<meta property=\"og:type\" content=\"article\" \/>\n<meta property=\"og:title\" content=\"TG4 Achieves Outstanding Success in 2023 | Press Release | TG4\" \/>\n<meta property=\"og:description\" content=\"TG4 Achieves Outstanding Success in 2023 with Highest Audience Share Since 2009.\" \/>\n<meta property=\"og:url\" content=\"https:\/\/dev.tg4.ie\/en\/information\/press\/press-releases\/2024-2\/tg4-achieves-outstanding-success-in-2023\/\" \/>\n<meta property=\"og:site_name\" content=\"TG4\" \/>\n<meta property=\"article:publisher\" content=\"https:\/\/www.facebook.com\/TG4TV\" \/>\n<meta property=\"article:modified_time\" content=\"2024-01-12T16:26:19+00:00\" \/>\n<meta property=\"og:image\" content=\"https:\/\/tg4-docs.s3.amazonaws.com\/wp-content\/uploads\/2024\/01\/12155621\/Lucht_Feachana_2023_1-1920x1080-1.jpg\" \/>\n\t<meta property=\"og:image:width\" content=\"1920\" \/>\n\t<meta property=\"og:image:height\" content=\"1080\" \/>\n\t<meta property=\"og:image:type\" content=\"image\/jpeg\" \/>\n<meta name=\"twitter:card\" content=\"summary_large_image\" \/>\n<meta name=\"twitter:image\" content=\"https:\/\/tg4-docs.s3.amazonaws.com\/wp-content\/uploads\/2024\/01\/12155621\/Lucht_Feachana_2023_1-1920x1080-1.jpg\" \/>\n<meta name=\"twitter:site\" content=\"@TG4TV\" \/>\n<meta name=\"twitter:label1\" content=\"Est. reading time\" \/>\n\t<meta name=\"twitter:data1\" content=\"5 minutes\" \/>\n<script type=\"application\/ld+json\" class=\"yoast-schema-graph\">{\"@context\":\"https:\/\/schema.org\",\"@graph\":[{\"@type\":\"WebPage\",\"@id\":\"https:\/\/dev.tg4.ie\/en\/information\/press\/press-releases\/2024-2\/tg4-achieves-outstanding-success-in-2023\/\",\"url\":\"https:\/\/dev.tg4.ie\/en\/information\/press\/press-releases\/2024-2\/tg4-achieves-outstanding-success-in-2023\/\",\"name\":\"TG4 Achieves Outstanding Success in 2023 | Press Release | TG4\",\"isPartOf\":{\"@id\":\"https:\/\/dev.tg4.ie\/en\/#website\"},\"primaryImageOfPage\":{\"@id\":\"https:\/\/dev.tg4.ie\/en\/information\/press\/press-releases\/2024-2\/tg4-achieves-outstanding-success-in-2023\/#primaryimage\"},\"image\":{\"@id\":\"https:\/\/dev.tg4.ie\/en\/information\/press\/press-releases\/2024-2\/tg4-achieves-outstanding-success-in-2023\/#primaryimage\"},\"thumbnailUrl\":\"https:\/\/dev.tg4.ie\/wp-content\/uploads\/2024\/01\/Lucht_Feachana_2023_1-1920x1080-1.jpg\",\"datePublished\":\"2024-01-12T16:24:09+00:00\",\"dateModified\":\"2024-01-12T16:26:19+00:00\",\"description\":\"TG4 Achieves Outstanding Success in 2023 with Highest Audience Share Since 2009.\",\"breadcrumb\":{\"@id\":\"https:\/\/dev.tg4.ie\/en\/information\/press\/press-releases\/2024-2\/tg4-achieves-outstanding-success-in-2023\/#breadcrumb\"},\"inLanguage\":\"en-ie\",\"potentialAction\":[{\"@type\":\"ReadAction\",\"target\":[\"https:\/\/dev.tg4.ie\/en\/information\/press\/press-releases\/2024-2\/tg4-achieves-outstanding-success-in-2023\/\"]}]},{\"@type\":\"ImageObject\",\"inLanguage\":\"en-ie\",\"@id\":\"https:\/\/dev.tg4.ie\/en\/information\/press\/press-releases\/2024-2\/tg4-achieves-outstanding-success-in-2023\/#primaryimage\",\"url\":\"https:\/\/dev.tg4.ie\/wp-content\/uploads\/2024\/01\/Lucht_Feachana_2023_1-1920x1080-1.jpg\",\"contentUrl\":\"https:\/\/dev.tg4.ie\/wp-content\/uploads\/2024\/01\/Lucht_Feachana_2023_1-1920x1080-1.jpg\"},{\"@type\":\"BreadcrumbList\",\"@id\":\"https:\/\/dev.tg4.ie\/en\/information\/press\/press-releases\/2024-2\/tg4-achieves-outstanding-success-in-2023\/#breadcrumb\",\"itemListElement\":[{\"@type\":\"ListItem\",\"position\":1,\"name\":\"Home\",\"item\":\"https:\/\/dev.tg4.ie\/en\/\"},{\"@type\":\"ListItem\",\"position\":2,\"name\":\"Information\",\"item\":\"https:\/\/dev.tg4.ie\/en\/information\/\"},{\"@type\":\"ListItem\",\"position\":3,\"name\":\"Press\",\"item\":\"https:\/\/dev.tg4.ie\/en\/information\/press\/\"},{\"@type\":\"ListItem\",\"position\":4,\"name\":\"Press Releases\",\"item\":\"https:\/\/dev.tg4.ie\/en\/information\/press\/press-releases\/\"},{\"@type\":\"ListItem\",\"position\":5,\"name\":\"2024\",\"item\":\"https:\/\/dev.tg4.ie\/en\/information\/press\/press-releases\/2024-2\/\"},{\"@type\":\"ListItem\",\"position\":6,\"name\":\"TG4 Achieves Outstanding Success in 2023\"}]},{\"@type\":\"WebSite\",\"@id\":\"https:\/\/dev.tg4.ie\/en\/#website\",\"url\":\"https:\/\/dev.tg4.ie\/en\/\",\"name\":\"TG4\",\"description\":\"S\u00fail Eile\",\"potentialAction\":[{\"@type\":\"SearchAction\",\"target\":{\"@type\":\"EntryPoint\",\"urlTemplate\":\"https:\/\/dev.tg4.ie\/en\/?s={search_term_string}\"},\"query-input\":\"required name=search_term_string\"}],\"inLanguage\":\"en-ie\"}]}<\/script>\n<!-- \/ Yoast SEO plugin. -->","yoast_head_json":{"title":"TG4 Achieves Outstanding Success in 2023 | Press Release | TG4","description":"TG4 Achieves Outstanding Success in 2023 with Highest Audience Share Since 2009.","robots":{"index":"index","follow":"follow","max-snippet":"max-snippet:-1","max-image-preview":"max-image-preview:large","max-video-preview":"max-video-preview:-1"},"og_locale":"en_US","og_type":"article","og_title":"TG4 Achieves Outstanding Success in 2023 | Press Release | TG4","og_description":"TG4 Achieves Outstanding Success in 2023 with Highest Audience Share Since 2009.","og_url":"https:\/\/dev.tg4.ie\/en\/information\/press\/press-releases\/2024-2\/tg4-achieves-outstanding-success-in-2023\/","og_site_name":"TG4","article_publisher":"https:\/\/www.facebook.com\/TG4TV","article_modified_time":"2024-01-12T16:26:19+00:00","og_image":[{"width":1920,"height":1080,"url":"https:\/\/tg4-docs.s3.amazonaws.com\/wp-content\/uploads\/2024\/01\/12155621\/Lucht_Feachana_2023_1-1920x1080-1.jpg","type":"image\/jpeg"}],"twitter_card":"summary_large_image","twitter_image":"https:\/\/tg4-docs.s3.amazonaws.com\/wp-content\/uploads\/2024\/01\/12155621\/Lucht_Feachana_2023_1-1920x1080-1.jpg","twitter_site":"@TG4TV","twitter_misc":{"Est. reading time":"5 minutes"},"schema":{"@context":"https:\/\/schema.org","@graph":[{"@type":"WebPage","@id":"https:\/\/dev.tg4.ie\/en\/information\/press\/press-releases\/2024-2\/tg4-achieves-outstanding-success-in-2023\/","url":"https:\/\/dev.tg4.ie\/en\/information\/press\/press-releases\/2024-2\/tg4-achieves-outstanding-success-in-2023\/","name":"TG4 Achieves Outstanding Success in 2023 | Press Release | TG4","isPartOf":{"@id":"https:\/\/dev.tg4.ie\/en\/#website"},"primaryImageOfPage":{"@id":"https:\/\/dev.tg4.ie\/en\/information\/press\/press-releases\/2024-2\/tg4-achieves-outstanding-success-in-2023\/#primaryimage"},"image":{"@id":"https:\/\/dev.tg4.ie\/en\/information\/press\/press-releases\/2024-2\/tg4-achieves-outstanding-success-in-2023\/#primaryimage"},"thumbnailUrl":"https:\/\/dev.tg4.ie\/wp-content\/uploads\/2024\/01\/Lucht_Feachana_2023_1-1920x1080-1.jpg","datePublished":"2024-01-12T16:24:09+00:00","dateModified":"2024-01-12T16:26:19+00:00","description":"TG4 Achieves Outstanding Success in 2023 with Highest Audience Share Since 2009.","breadcrumb":{"@id":"https:\/\/dev.tg4.ie\/en\/information\/press\/press-releases\/2024-2\/tg4-achieves-outstanding-success-in-2023\/#breadcrumb"},"inLanguage":"en-ie","potentialAction":[{"@type":"ReadAction","target":["https:\/\/dev.tg4.ie\/en\/information\/press\/press-releases\/2024-2\/tg4-achieves-outstanding-success-in-2023\/"]}]},{"@type":"ImageObject","inLanguage":"en-ie","@id":"https:\/\/dev.tg4.ie\/en\/information\/press\/press-releases\/2024-2\/tg4-achieves-outstanding-success-in-2023\/#primaryimage","url":"https:\/\/dev.tg4.ie\/wp-content\/uploads\/2024\/01\/Lucht_Feachana_2023_1-1920x1080-1.jpg","contentUrl":"https:\/\/dev.tg4.ie\/wp-content\/uploads\/2024\/01\/Lucht_Feachana_2023_1-1920x1080-1.jpg"},{"@type":"BreadcrumbList","@id":"https:\/\/dev.tg4.ie\/en\/information\/press\/press-releases\/2024-2\/tg4-achieves-outstanding-success-in-2023\/#breadcrumb","itemListElement":[{"@type":"ListItem","position":1,"name":"Home","item":"https:\/\/dev.tg4.ie\/en\/"},{"@type":"ListItem","position":2,"name":"Information","item":"https:\/\/dev.tg4.ie\/en\/information\/"},{"@type":"ListItem","position":3,"name":"Press","item":"https:\/\/dev.tg4.ie\/en\/information\/press\/"},{"@type":"ListItem","position":4,"name":"Press Releases","item":"https:\/\/dev.tg4.ie\/en\/information\/press\/press-releases\/"},{"@type":"ListItem","position":5,"name":"2024","item":"https:\/\/dev.tg4.ie\/en\/information\/press\/press-releases\/2024-2\/"},{"@type":"ListItem","position":6,"name":"TG4 Achieves Outstanding Success in 2023"}]},{"@type":"WebSite","@id":"https:\/\/dev.tg4.ie\/en\/#website","url":"https:\/\/dev.tg4.ie\/en\/","name":"TG4","description":"S\u00fail Eile","potentialAction":[{"@type":"SearchAction","target":{"@type":"EntryPoint","urlTemplate":"https:\/\/dev.tg4.ie\/en\/?s={search_term_string}"},"query-input":"required name=search_term_string"}],"inLanguage":"en-ie"}]}},"_links":{"self":[{"href":"https:\/\/dev.tg4.ie\/en\/wp-json\/wp\/v2\/pages\/208278"}],"collection":[{"href":"https:\/\/dev.tg4.ie\/en\/wp-json\/wp\/v2\/pages"}],"about":[{"href":"https:\/\/dev.tg4.ie\/en\/wp-json\/wp\/v2\/types\/page"}],"author":[{"embeddable":true,"href":"https:\/\/dev.tg4.ie\/en\/wp-json\/wp\/v2\/users\/876"}],"replies":[{"embeddable":true,"href":"https:\/\/dev.tg4.ie\/en\/wp-json\/wp\/v2\/comments?post=208278"}],"version-history":[{"count":0,"href":"https:\/\/dev.tg4.ie\/en\/wp-json\/wp\/v2\/pages\/208278\/revisions"}],"up":[{"embeddable":true,"href":"https:\/\/dev.tg4.ie\/en\/wp-json\/wp\/v2\/pages\/208150"}],"wp:attachment":[{"href":"https:\/\/dev.tg4.ie\/en\/wp-json\/wp\/v2\/media?parent=208278"}],"curies":[{"name":"wp","href":"https:\/\/api.w.org\/{rel}","templated":true}]}}