{"id":208986,"date":"2024-01-29T17:09:40","date_gmt":"2024-01-29T17:09:40","guid":{"rendered":"https:\/\/dev.tg4.ie\/?page_id=208986"},"modified":"2024-01-29T17:09:40","modified_gmt":"2024-01-29T17:09:40","slug":"kneecap-irish-language-film-wins-audience-award-at-sundance","status":"publish","type":"page","link":"https:\/\/dev.tg4.ie\/en\/information\/press\/press-releases\/2024-2\/kneecap-irish-language-film-wins-audience-award-at-sundance\/","title":{"rendered":"\u2018Kneecap\u2019 Irish Language Film Wins Audience Award At Sundance"},"content":{"rendered":"<p><img loading=\"lazy\" decoding=\"async\" width=\"1920\" height=\"1080\" src=\"https:\/\/tg4-docs.s3.amazonaws.com\/wp-content\/uploads\/2024\/01\/29170628\/KNEECAP_Scannan_1-1920x1080-1.jpg\" alt=\"\" class=\"aligncenter size-full wp-image-208993\" srcset=\"https:\/\/tg4-docs.s3.amazonaws.com\/wp-content\/uploads\/2024\/01\/29170628\/KNEECAP_Scannan_1-1920x1080-1.jpg 1920w, https:\/\/tg4-docs.s3.amazonaws.com\/wp-content\/uploads\/2024\/01\/29170628\/KNEECAP_Scannan_1-1920x1080-1-250x141.jpg 250w, https:\/\/tg4-docs.s3.amazonaws.com\/wp-content\/uploads\/2024\/01\/29170628\/KNEECAP_Scannan_1-1920x1080-1-700x394.jpg 700w, https:\/\/tg4-docs.s3.amazonaws.com\/wp-content\/uploads\/2024\/01\/29170628\/KNEECAP_Scannan_1-1920x1080-1-252x141.jpg 252w, https:\/\/tg4-docs.s3.amazonaws.com\/wp-content\/uploads\/2024\/01\/29170628\/KNEECAP_Scannan_1-1920x1080-1-1536x864.jpg 1536w, https:\/\/tg4-docs.s3.amazonaws.com\/wp-content\/uploads\/2024\/01\/29170628\/KNEECAP_Scannan_1-1920x1080-1-120x68.jpg 120w\" sizes=\"(max-width: 1920px) 100vw, 1920px\" \/><br \/>\n<sup>Pic: Rich Peppiatt, Jessica Reynolds, Liam \u00d3g \u00d3 Hannaidh, DJ Pr\u00f3va\u00ed, Naoise \u00d3 Caireall\u00e1in, Simone Kirby and Fionnuala Flaherty<\/sup><br \/>\n&nbsp;<\/p>\n<p>Rich Peppiatt\u2019s KNEECAP has won an Audience Award at the renowned Sundance Film Festival in Utah. It marks the first Irish feature film to win at the festival since John Carney\u2019s ONCE in 2007.<br \/>\n&nbsp;<br \/>\nSpeaking about the win, <strong>KNEECAP writer and director Rich Peppiatt<\/strong> said: <em>\u201cThere\u2019s a saying in Irish \u2013 N\u00ed mhaireann solas na maidine don l\u00e1 \u2013 which means no morning sun lasts all day. Well, the amazing week we\u2019ve had here at Sundance since premiering our movie has certainly tested that wisdom \u2013 and we\u2019re basking in every moment.\u201d<\/em><br \/>\n&nbsp;<\/p>\n<p><strong>The band Kneecap<\/strong> added: <em>\u201cWe are delighted to have such an award bestowed upon the first Irish language film at Sundance. Hopefully it will give people in Ireland the confidence to pursue the arts through their native tongue.\u201d<\/em><br \/>\n&nbsp;<\/p>\n<p>The win follows what has been a very successful festival for the film. Since its world premiere last week, KNEECAP, which was the first ever Irish language film to be selected for the festival, has been receiving rave reviews from critics and audiences alike. It also scored a major international deal with Sony Pictures Classics during the festival with the film now set for release in North America and other major, global markets.<br \/>\n&nbsp;<\/p>\n<p>Based on the origin story of the riotous and ground-breaking Irish-language rap trio Kneecap, the film stars the band\u2019s Mo Chara, M\u00f3gla\u00ed Bap and DJ Pr\u00f3va\u00ed in their acting debuts alongside Academy Award\u00ae nominated Michael Fassbender (Steve Jobs, 12 Years a Slave), Simone Kirby (Hidden Assets, Jimmy\u2019s Hall), Jessica Reynolds (Outlander), Fionnuala Flaherty (Ros na R\u00fan) and Josie Walker (Belfast, The Wonder). Set in west Belfast in 2019, it chronicles how fate brings the trio together and how they then go on to \u201cchange the sound of Irish music forever\u201d.<br \/>\n&nbsp;<br \/>\nDescribed by the LA Times as \u201creminiscent of the early Eminem\u201d, the band Kneecap is gaining critical acclaim for their artful blend of Irish and English rap about the gritty reality of growing up in post-Troubles Belfast.<br \/>\n&nbsp;<br \/>\nFounded in 1978, the Sundance Film Festival is the world&#8217;s most prestigious festival dedicated to independent films. Titles that have screened at the festival in the past include The Usual Suspects, Reservoir Dogs, Little Miss Sunshine, and In Bruges as well as Irish productions such as John Crowley&#8217;s Brooklyn, Yorgos Lanthimos&#8217;s The Lobster, John Carney&#8217;s Once and Sing Street and Lee Cronin\u2019s The Hole in the Ground.<br \/>\n&nbsp;<br \/>\nKNEECAP was produced by Trevor Birney and Jack Tarling for Fine Point Films and Mother Tongues Films, with Patrick O\u2019Neill at Wildcard acting as Co-Producer. Funding for the film was provided by TG4, Northern Ireland Screen, the Irish Language Broadcast Fund, Screen Ireland, the BFI (awarding National Lottery funding) and Coimisi\u00fan na Me\u00e1n, with backing from Great Point Media.<br \/>\n&nbsp;<br \/>\nKNEECAP will be released in cinemas by Wildcard and Curzon later this year.<br \/>\n&nbsp;<br \/>\n&nbsp;<\/p>\n","protected":false},"excerpt":{"rendered":"<p>Pic: Rich Peppiatt, Jessica Reynolds, Liam \u00d3g \u00d3 Hannaidh, DJ Pr\u00f3va\u00ed, Naoise \u00d3 Caireall\u00e1in, Simone Kirby and Fionnuala Flaherty &nbsp; Rich Peppiatt\u2019s KNEECAP has won an Audience Award at the renowned Sundance Film Festival in Utah. It marks the first Irish feature film to win at the festival since John Carney\u2019s ONCE in 2007. &nbsp; [&hellip;]<\/p>\n","protected":false},"author":876,"featured_media":0,"parent":208150,"menu_order":3,"comment_status":"closed","ping_status":"closed","template":"page-templates\/template-pr.php","meta":{"_acf_changed":false,"footnotes":""},"acf":[],"yoast_head":"<!-- This site is optimized with the Yoast SEO plugin v22.6 - https:\/\/yoast.com\/wordpress\/plugins\/seo\/ -->\n<title>\u2018Kneecap\u2019 Irish Language Film Wins Audience Award At Sundance | Press Release | TG4<\/title>\n<meta name=\"description\" content=\"Bhuaigh an scann\u00e1n Gaeilge KNEECAP Gradam an Lucht F\u00e9achana ag an bhF\u00e9ile Scann\u00e1n Sundance. Is \u00e9 seo an ch\u00e9ad fhadscann\u00e1n \u00c9ireannach a bhuaigh gradam ag an bhf\u00e9ile \u00f3 bh\u00ed an scann\u00e1n ONCE le John Carney ann in 2007.\" \/>\n<meta name=\"robots\" content=\"index, follow, max-snippet:-1, max-image-preview:large, max-video-preview:-1\" \/>\n<meta property=\"og:locale\" content=\"en_US\" \/>\n<meta property=\"og:type\" content=\"article\" \/>\n<meta property=\"og:title\" content=\"\u2018Kneecap\u2019 Irish Language Film Wins Audience Award At Sundance | Press Release | TG4\" \/>\n<meta property=\"og:description\" content=\"Bhuaigh an scann\u00e1n Gaeilge KNEECAP Gradam an Lucht F\u00e9achana ag an bhF\u00e9ile Scann\u00e1n Sundance. Is \u00e9 seo an ch\u00e9ad fhadscann\u00e1n \u00c9ireannach a bhuaigh gradam ag an bhf\u00e9ile \u00f3 bh\u00ed an scann\u00e1n ONCE le John Carney ann in 2007.\" \/>\n<meta property=\"og:url\" content=\"https:\/\/dev.tg4.ie\/en\/information\/press\/press-releases\/2024-2\/kneecap-irish-language-film-wins-audience-award-at-sundance\/\" \/>\n<meta property=\"og:site_name\" content=\"TG4\" \/>\n<meta property=\"article:publisher\" content=\"https:\/\/www.facebook.com\/TG4TV\" \/>\n<meta property=\"og:image\" content=\"https:\/\/tg4-docs.s3.amazonaws.com\/wp-content\/uploads\/2024\/01\/29170628\/KNEECAP_Scannan_1-1920x1080-1.jpg\" \/>\n\t<meta property=\"og:image:width\" content=\"1920\" \/>\n\t<meta property=\"og:image:height\" content=\"1080\" \/>\n\t<meta property=\"og:image:type\" content=\"image\/jpeg\" \/>\n<meta name=\"twitter:card\" content=\"summary_large_image\" \/>\n<meta name=\"twitter:image\" content=\"https:\/\/tg4-docs.s3.amazonaws.com\/wp-content\/uploads\/2024\/01\/29170628\/KNEECAP_Scannan_1-1920x1080-1.jpg\" \/>\n<meta name=\"twitter:site\" content=\"@TG4TV\" \/>\n<meta name=\"twitter:label1\" content=\"Est. reading time\" \/>\n\t<meta name=\"twitter:data1\" content=\"3 minutes\" \/>\n<script type=\"application\/ld+json\" class=\"yoast-schema-graph\">{\"@context\":\"https:\/\/schema.org\",\"@graph\":[{\"@type\":\"WebPage\",\"@id\":\"https:\/\/dev.tg4.ie\/en\/information\/press\/press-releases\/2024-2\/kneecap-irish-language-film-wins-audience-award-at-sundance\/\",\"url\":\"https:\/\/dev.tg4.ie\/en\/information\/press\/press-releases\/2024-2\/kneecap-irish-language-film-wins-audience-award-at-sundance\/\",\"name\":\"\u2018Kneecap\u2019 Irish Language Film Wins Audience Award At Sundance | Press Release | TG4\",\"isPartOf\":{\"@id\":\"https:\/\/dev.tg4.ie\/en\/#website\"},\"primaryImageOfPage\":{\"@id\":\"https:\/\/dev.tg4.ie\/en\/information\/press\/press-releases\/2024-2\/kneecap-irish-language-film-wins-audience-award-at-sundance\/#primaryimage\"},\"image\":{\"@id\":\"https:\/\/dev.tg4.ie\/en\/information\/press\/press-releases\/2024-2\/kneecap-irish-language-film-wins-audience-award-at-sundance\/#primaryimage\"},\"thumbnailUrl\":\"https:\/\/dev.tg4.ie\/wp-content\/uploads\/2024\/01\/KNEECAP_Scannan_1-1920x1080-1.jpg\",\"datePublished\":\"2024-01-29T17:09:40+00:00\",\"dateModified\":\"2024-01-29T17:09:40+00:00\",\"description\":\"Bhuaigh an scann\u00e1n Gaeilge KNEECAP Gradam an Lucht F\u00e9achana ag an bhF\u00e9ile Scann\u00e1n Sundance. Is \u00e9 seo an ch\u00e9ad fhadscann\u00e1n \u00c9ireannach a bhuaigh gradam ag an bhf\u00e9ile \u00f3 bh\u00ed an scann\u00e1n ONCE le John Carney ann in 2007.\",\"breadcrumb\":{\"@id\":\"https:\/\/dev.tg4.ie\/en\/information\/press\/press-releases\/2024-2\/kneecap-irish-language-film-wins-audience-award-at-sundance\/#breadcrumb\"},\"inLanguage\":\"en-ie\",\"potentialAction\":[{\"@type\":\"ReadAction\",\"target\":[\"https:\/\/dev.tg4.ie\/en\/information\/press\/press-releases\/2024-2\/kneecap-irish-language-film-wins-audience-award-at-sundance\/\"]}]},{\"@type\":\"ImageObject\",\"inLanguage\":\"en-ie\",\"@id\":\"https:\/\/dev.tg4.ie\/en\/information\/press\/press-releases\/2024-2\/kneecap-irish-language-film-wins-audience-award-at-sundance\/#primaryimage\",\"url\":\"https:\/\/dev.tg4.ie\/wp-content\/uploads\/2024\/01\/KNEECAP_Scannan_1-1920x1080-1.jpg\",\"contentUrl\":\"https:\/\/dev.tg4.ie\/wp-content\/uploads\/2024\/01\/KNEECAP_Scannan_1-1920x1080-1.jpg\"},{\"@type\":\"BreadcrumbList\",\"@id\":\"https:\/\/dev.tg4.ie\/en\/information\/press\/press-releases\/2024-2\/kneecap-irish-language-film-wins-audience-award-at-sundance\/#breadcrumb\",\"itemListElement\":[{\"@type\":\"ListItem\",\"position\":1,\"name\":\"Home\",\"item\":\"https:\/\/dev.tg4.ie\/en\/\"},{\"@type\":\"ListItem\",\"position\":2,\"name\":\"Information\",\"item\":\"https:\/\/dev.tg4.ie\/en\/information\/\"},{\"@type\":\"ListItem\",\"position\":3,\"name\":\"Press\",\"item\":\"https:\/\/dev.tg4.ie\/en\/information\/press\/\"},{\"@type\":\"ListItem\",\"position\":4,\"name\":\"Press Releases\",\"item\":\"https:\/\/dev.tg4.ie\/en\/information\/press\/press-releases\/\"},{\"@type\":\"ListItem\",\"position\":5,\"name\":\"2024\",\"item\":\"https:\/\/dev.tg4.ie\/en\/information\/press\/press-releases\/2024-2\/\"},{\"@type\":\"ListItem\",\"position\":6,\"name\":\"\u2018Kneecap\u2019 Irish Language Film Wins Audience Award At Sundance\"}]},{\"@type\":\"WebSite\",\"@id\":\"https:\/\/dev.tg4.ie\/en\/#website\",\"url\":\"https:\/\/dev.tg4.ie\/en\/\",\"name\":\"TG4\",\"description\":\"S\u00fail Eile\",\"potentialAction\":[{\"@type\":\"SearchAction\",\"target\":{\"@type\":\"EntryPoint\",\"urlTemplate\":\"https:\/\/dev.tg4.ie\/en\/?s={search_term_string}\"},\"query-input\":\"required name=search_term_string\"}],\"inLanguage\":\"en-ie\"}]}<\/script>\n<!-- \/ Yoast SEO plugin. -->","yoast_head_json":{"title":"\u2018Kneecap\u2019 Irish Language Film Wins Audience Award At Sundance | Press Release | TG4","description":"Bhuaigh an scann\u00e1n Gaeilge KNEECAP Gradam an Lucht F\u00e9achana ag an bhF\u00e9ile Scann\u00e1n Sundance. Is \u00e9 seo an ch\u00e9ad fhadscann\u00e1n \u00c9ireannach a bhuaigh gradam ag an bhf\u00e9ile \u00f3 bh\u00ed an scann\u00e1n ONCE le John Carney ann in 2007.","robots":{"index":"index","follow":"follow","max-snippet":"max-snippet:-1","max-image-preview":"max-image-preview:large","max-video-preview":"max-video-preview:-1"},"og_locale":"en_US","og_type":"article","og_title":"\u2018Kneecap\u2019 Irish Language Film Wins Audience Award At Sundance | Press Release | TG4","og_description":"Bhuaigh an scann\u00e1n Gaeilge KNEECAP Gradam an Lucht F\u00e9achana ag an bhF\u00e9ile Scann\u00e1n Sundance. Is \u00e9 seo an ch\u00e9ad fhadscann\u00e1n \u00c9ireannach a bhuaigh gradam ag an bhf\u00e9ile \u00f3 bh\u00ed an scann\u00e1n ONCE le John Carney ann in 2007.","og_url":"https:\/\/dev.tg4.ie\/en\/information\/press\/press-releases\/2024-2\/kneecap-irish-language-film-wins-audience-award-at-sundance\/","og_site_name":"TG4","article_publisher":"https:\/\/www.facebook.com\/TG4TV","og_image":[{"width":1920,"height":1080,"url":"https:\/\/tg4-docs.s3.amazonaws.com\/wp-content\/uploads\/2024\/01\/29170628\/KNEECAP_Scannan_1-1920x1080-1.jpg","type":"image\/jpeg"}],"twitter_card":"summary_large_image","twitter_image":"https:\/\/tg4-docs.s3.amazonaws.com\/wp-content\/uploads\/2024\/01\/29170628\/KNEECAP_Scannan_1-1920x1080-1.jpg","twitter_site":"@TG4TV","twitter_misc":{"Est. reading time":"3 minutes"},"schema":{"@context":"https:\/\/schema.org","@graph":[{"@type":"WebPage","@id":"https:\/\/dev.tg4.ie\/en\/information\/press\/press-releases\/2024-2\/kneecap-irish-language-film-wins-audience-award-at-sundance\/","url":"https:\/\/dev.tg4.ie\/en\/information\/press\/press-releases\/2024-2\/kneecap-irish-language-film-wins-audience-award-at-sundance\/","name":"\u2018Kneecap\u2019 Irish Language Film Wins Audience Award At Sundance | Press Release | TG4","isPartOf":{"@id":"https:\/\/dev.tg4.ie\/en\/#website"},"primaryImageOfPage":{"@id":"https:\/\/dev.tg4.ie\/en\/information\/press\/press-releases\/2024-2\/kneecap-irish-language-film-wins-audience-award-at-sundance\/#primaryimage"},"image":{"@id":"https:\/\/dev.tg4.ie\/en\/information\/press\/press-releases\/2024-2\/kneecap-irish-language-film-wins-audience-award-at-sundance\/#primaryimage"},"thumbnailUrl":"https:\/\/dev.tg4.ie\/wp-content\/uploads\/2024\/01\/KNEECAP_Scannan_1-1920x1080-1.jpg","datePublished":"2024-01-29T17:09:40+00:00","dateModified":"2024-01-29T17:09:40+00:00","description":"Bhuaigh an scann\u00e1n Gaeilge KNEECAP Gradam an Lucht F\u00e9achana ag an bhF\u00e9ile Scann\u00e1n Sundance. Is \u00e9 seo an ch\u00e9ad fhadscann\u00e1n \u00c9ireannach a bhuaigh gradam ag an bhf\u00e9ile \u00f3 bh\u00ed an scann\u00e1n ONCE le John Carney ann in 2007.","breadcrumb":{"@id":"https:\/\/dev.tg4.ie\/en\/information\/press\/press-releases\/2024-2\/kneecap-irish-language-film-wins-audience-award-at-sundance\/#breadcrumb"},"inLanguage":"en-ie","potentialAction":[{"@type":"ReadAction","target":["https:\/\/dev.tg4.ie\/en\/information\/press\/press-releases\/2024-2\/kneecap-irish-language-film-wins-audience-award-at-sundance\/"]}]},{"@type":"ImageObject","inLanguage":"en-ie","@id":"https:\/\/dev.tg4.ie\/en\/information\/press\/press-releases\/2024-2\/kneecap-irish-language-film-wins-audience-award-at-sundance\/#primaryimage","url":"https:\/\/dev.tg4.ie\/wp-content\/uploads\/2024\/01\/KNEECAP_Scannan_1-1920x1080-1.jpg","contentUrl":"https:\/\/dev.tg4.ie\/wp-content\/uploads\/2024\/01\/KNEECAP_Scannan_1-1920x1080-1.jpg"},{"@type":"BreadcrumbList","@id":"https:\/\/dev.tg4.ie\/en\/information\/press\/press-releases\/2024-2\/kneecap-irish-language-film-wins-audience-award-at-sundance\/#breadcrumb","itemListElement":[{"@type":"ListItem","position":1,"name":"Home","item":"https:\/\/dev.tg4.ie\/en\/"},{"@type":"ListItem","position":2,"name":"Information","item":"https:\/\/dev.tg4.ie\/en\/information\/"},{"@type":"ListItem","position":3,"name":"Press","item":"https:\/\/dev.tg4.ie\/en\/information\/press\/"},{"@type":"ListItem","position":4,"name":"Press Releases","item":"https:\/\/dev.tg4.ie\/en\/information\/press\/press-releases\/"},{"@type":"ListItem","position":5,"name":"2024","item":"https:\/\/dev.tg4.ie\/en\/information\/press\/press-releases\/2024-2\/"},{"@type":"ListItem","position":6,"name":"\u2018Kneecap\u2019 Irish Language Film Wins Audience Award At Sundance"}]},{"@type":"WebSite","@id":"https:\/\/dev.tg4.ie\/en\/#website","url":"https:\/\/dev.tg4.ie\/en\/","name":"TG4","description":"S\u00fail Eile","potentialAction":[{"@type":"SearchAction","target":{"@type":"EntryPoint","urlTemplate":"https:\/\/dev.tg4.ie\/en\/?s={search_term_string}"},"query-input":"required name=search_term_string"}],"inLanguage":"en-ie"}]}},"_links":{"self":[{"href":"https:\/\/dev.tg4.ie\/en\/wp-json\/wp\/v2\/pages\/208986"}],"collection":[{"href":"https:\/\/dev.tg4.ie\/en\/wp-json\/wp\/v2\/pages"}],"about":[{"href":"https:\/\/dev.tg4.ie\/en\/wp-json\/wp\/v2\/types\/page"}],"author":[{"embeddable":true,"href":"https:\/\/dev.tg4.ie\/en\/wp-json\/wp\/v2\/users\/876"}],"replies":[{"embeddable":true,"href":"https:\/\/dev.tg4.ie\/en\/wp-json\/wp\/v2\/comments?post=208986"}],"version-history":[{"count":0,"href":"https:\/\/dev.tg4.ie\/en\/wp-json\/wp\/v2\/pages\/208986\/revisions"}],"up":[{"embeddable":true,"href":"https:\/\/dev.tg4.ie\/en\/wp-json\/wp\/v2\/pages\/208150"}],"wp:attachment":[{"href":"https:\/\/dev.tg4.ie\/en\/wp-json\/wp\/v2\/media?parent=208986"}],"curies":[{"name":"wp","href":"https:\/\/api.w.org\/{rel}","templated":true}]}}