{"id":211357,"date":"2024-02-27T13:13:30","date_gmt":"2024-02-27T13:13:30","guid":{"rendered":"https:\/\/dev.tg4.ie\/?page_id=211357"},"modified":"2024-02-27T13:15:23","modified_gmt":"2024-02-27T13:15:23","slug":"four-nominations-for-tg4-in-this-years-rts-ireland-television-awards","status":"publish","type":"page","link":"https:\/\/dev.tg4.ie\/en\/information\/press\/press-releases\/2024-2\/four-nominations-for-tg4-in-this-years-rts-ireland-television-awards\/","title":{"rendered":"Four nominations for TG4 in this year&#8217;s RTS Ireland Television Awards"},"content":{"rendered":"<p>TG4 has received four nominations in the 2024 RTS Ireland Television Awards:<\/p>\n<p><u>Current Affairs<\/u> \u2013 C\u00e9ad M\u00edle F\u00e1ilte, Clean State Television (TG4)<\/p>\n<p><u>Factual Single<\/u> \u2013 Inis Me\u00e1in, Idir Dh\u00e1 Linn, Aniar  (TG4)<\/p>\n<p><u>Sport<\/u> &#8211; Gaisc\u00ed GPA i Kenya, Nemeton TV (TG4)<\/p>\n<p><u>Sport<\/u> &#8211; Misneach &#8211; Alex Lee, Midas Productions (TG4)<br \/>\n&nbsp;<\/p>\n<p>Nominees revealed in 10 categories for this year\u2019s RTS Ireland Television Awards. Juries considered over 130 entries from across the industry.<br \/>\n&nbsp;<\/p>\n<p>Addressing the unveiling of the nominees for this year&#8217;s Gradaim RTS, <strong>L\u00eds N\u00ed Dh\u00e1laigh, Director of Marketing, Development and Partnerships and TG4 representative of RTS Ireland Awards<\/strong>, extends congratulations to all the nominees. <em>&#8220;There was strong competition in each category, and these nominations showcase the excellence of Irish language programs. Well done to all the nominees for their outstanding achievements.&#8221;<\/em><br \/>\n&nbsp;<\/p>\n<p>The winners will be revealed on the evening of Tuesday March 19th at a celebratory event in Dublin\u2019s Liberty Hall Theatre. A limited number of tickets for the event are available to purchase from the 27th of February at:<br \/>\n<a href=\"https:\/\/rts.org.uk\/event\/rts-ireland-television-awards-2024\" rel=\"noopener\" target=\"_blank\">https:\/\/rts.org.uk\/event\/rts-ireland-television-awards-2024<\/a><br \/>\n&nbsp;<br \/>\n&nbsp;<\/p>\n<p><strong>Ini\u00fachadh TG4 \u2013 C\u00e9ad M\u00edle F\u00e1ilte<\/strong><br \/>\n<img loading=\"lazy\" decoding=\"async\" width=\"700\" height=\"394\" src=\"https:\/\/tg4-docs.s3.amazonaws.com\/wp-content\/uploads\/2023\/04\/27122907\/Iniuchadh_Cead_Mile_Failte_1-1920x1080-1-700x394.jpg\" alt=\"\" class=\"aligncenter size-large wp-image-190426\" srcset=\"https:\/\/tg4-docs.s3.amazonaws.com\/wp-content\/uploads\/2023\/04\/27122907\/Iniuchadh_Cead_Mile_Failte_1-1920x1080-1-700x394.jpg 700w, https:\/\/tg4-docs.s3.amazonaws.com\/wp-content\/uploads\/2023\/04\/27122907\/Iniuchadh_Cead_Mile_Failte_1-1920x1080-1-250x141.jpg 250w, https:\/\/tg4-docs.s3.amazonaws.com\/wp-content\/uploads\/2023\/04\/27122907\/Iniuchadh_Cead_Mile_Failte_1-1920x1080-1-252x141.jpg 252w, https:\/\/tg4-docs.s3.amazonaws.com\/wp-content\/uploads\/2023\/04\/27122907\/Iniuchadh_Cead_Mile_Failte_1-1920x1080-1-1536x864.jpg 1536w, https:\/\/tg4-docs.s3.amazonaws.com\/wp-content\/uploads\/2023\/04\/27122907\/Iniuchadh_Cead_Mile_Failte_1-1920x1080-1-120x68.jpg 120w, https:\/\/tg4-docs.s3.amazonaws.com\/wp-content\/uploads\/2023\/04\/27122907\/Iniuchadh_Cead_Mile_Failte_1-1920x1080-1.jpg 1920w\" sizes=\"(max-width: 700px) 100vw, 700px\" \/><\/p>\n<p>Journalist Kevin Magee examines the rise in anti-immigration protests around Ireland and the role played by a few activists from the anti-immigration movement to drive the protests. Disinformation in relation to people in international protection are exposed in the programme.<\/p>\n<p><!--https:\/\/nasc.tg4.tv\/IniuchadhTG4-CeadMileFailte--><br \/>\n&nbsp;<br \/>\n&nbsp;<\/p>\n<p><strong>Misneach &#8211; Alex Lee<\/strong><br \/>\n<img loading=\"lazy\" decoding=\"async\" width=\"700\" height=\"394\" src=\"https:\/\/tg4-docs.s3.amazonaws.com\/wp-content\/uploads\/2023\/01\/17122803\/Misneach-2_1_1920x1080-700x394.jpg\" alt=\"\" class=\"aligncenter size-large wp-image-181223\" srcset=\"https:\/\/tg4-docs.s3.amazonaws.com\/wp-content\/uploads\/2023\/01\/17122803\/Misneach-2_1_1920x1080-700x394.jpg 700w, https:\/\/tg4-docs.s3.amazonaws.com\/wp-content\/uploads\/2023\/01\/17122803\/Misneach-2_1_1920x1080-250x141.jpg 250w, https:\/\/tg4-docs.s3.amazonaws.com\/wp-content\/uploads\/2023\/01\/17122803\/Misneach-2_1_1920x1080-252x141.jpg 252w, https:\/\/tg4-docs.s3.amazonaws.com\/wp-content\/uploads\/2023\/01\/17122803\/Misneach-2_1_1920x1080-1536x864.jpg 1536w, https:\/\/tg4-docs.s3.amazonaws.com\/wp-content\/uploads\/2023\/01\/17122803\/Misneach-2_1_1920x1080-120x68.jpg 120w, https:\/\/tg4-docs.s3.amazonaws.com\/wp-content\/uploads\/2023\/01\/17122803\/Misneach-2_1_1920x1080.jpg 1920w\" sizes=\"(max-width: 700px) 100vw, 700px\" \/><\/p>\n<p>An Irish and Geography teacher in Galway&#8217;s Bish by day, Alex began his journey as a para-athlete in 2018. In the past 6 years he has learned how to walk, how to run and how to sprint. Filmed over 18 months, this documentary captures the incredible story of how Alex Lee became Ireland&#8217;s first bladerunner. Featuring personal archive detailing much of Alex&#8217;s journey, this is a story about persistence, grit and a refusal to give up.<\/p>\n<p><a href=\"https:\/\/nasc.tg4.tv\/Misneach-Alex_Lee\" rel=\"noopener\" target=\"_blank\">https:\/\/nasc.tg4.tv\/Misneach-Alex_Lee<\/a><br \/>\n&nbsp;<br \/>\n&nbsp;<\/p>\n<p><strong>Inis Me\u00e1in Idir Dh\u00e1 Linn<\/strong><br \/>\n<img loading=\"lazy\" decoding=\"async\" width=\"700\" height=\"394\" src=\"https:\/\/tg4-docs.s3.amazonaws.com\/wp-content\/uploads\/2024\/02\/27130428\/Inis_Meain_Idir_Dha_Linn_1-1920x1080-1-700x394.jpg\" alt=\"\" class=\"aligncenter size-large wp-image-211354\" srcset=\"https:\/\/tg4-docs.s3.amazonaws.com\/wp-content\/uploads\/2024\/02\/27130428\/Inis_Meain_Idir_Dha_Linn_1-1920x1080-1-700x394.jpg 700w, https:\/\/tg4-docs.s3.amazonaws.com\/wp-content\/uploads\/2024\/02\/27130428\/Inis_Meain_Idir_Dha_Linn_1-1920x1080-1-250x141.jpg 250w, https:\/\/tg4-docs.s3.amazonaws.com\/wp-content\/uploads\/2024\/02\/27130428\/Inis_Meain_Idir_Dha_Linn_1-1920x1080-1-252x141.jpg 252w, https:\/\/tg4-docs.s3.amazonaws.com\/wp-content\/uploads\/2024\/02\/27130428\/Inis_Meain_Idir_Dha_Linn_1-1920x1080-1-1536x864.jpg 1536w, https:\/\/tg4-docs.s3.amazonaws.com\/wp-content\/uploads\/2024\/02\/27130428\/Inis_Meain_Idir_Dha_Linn_1-1920x1080-1-120x68.jpg 120w, https:\/\/tg4-docs.s3.amazonaws.com\/wp-content\/uploads\/2024\/02\/27130428\/Inis_Meain_Idir_Dha_Linn_1-1920x1080-1.jpg 1920w\" sizes=\"(max-width: 700px) 100vw, 700px\" \/><\/p>\n<p>&#8216;Inis Me\u00e1in: Idir Dh\u00e1 Linn&#8217; is a captivating documentary that transports viewers to a remote island, offering a poetic glimpse into its past, present, and future. A young English film student Chris Rodmell&#8217;s lens beautifully captured the island&#8217;s residents 50 years ago as they teetered on the cusp of change. In this documentary, Chris returns to complete the second chapter, bridging the past with the present. The documentary delves into the island&#8217;s vibrant community, from long-standing residents to newcomers and curious visitors.<\/p>\n<p><a href=\"https:\/\/nasc.tg4.tv\/InisMe\u00e1in-IdirDh\u00e1Linn\" rel=\"noopener\" target=\"_blank\">https:\/\/nasc.tg4.tv\/InisMe\u00e1in-IdirDh\u00e1Linn<\/a><br \/>\n&nbsp;<br \/>\n&nbsp;<\/p>\n<p><strong>Gaisc\u00ed GPA i Kenya<\/strong><br \/>\n<img loading=\"lazy\" decoding=\"async\" width=\"700\" height=\"394\" src=\"https:\/\/tg4-docs.s3.amazonaws.com\/wp-content\/uploads\/2024\/02\/27130225\/Gaisci_GPA_1-1920x1080-1-700x394.jpg\" alt=\"\" class=\"aligncenter size-large wp-image-211352\" srcset=\"https:\/\/tg4-docs.s3.amazonaws.com\/wp-content\/uploads\/2024\/02\/27130225\/Gaisci_GPA_1-1920x1080-1-700x394.jpg 700w, https:\/\/tg4-docs.s3.amazonaws.com\/wp-content\/uploads\/2024\/02\/27130225\/Gaisci_GPA_1-1920x1080-1-250x141.jpg 250w, https:\/\/tg4-docs.s3.amazonaws.com\/wp-content\/uploads\/2024\/02\/27130225\/Gaisci_GPA_1-1920x1080-1-252x141.jpg 252w, https:\/\/tg4-docs.s3.amazonaws.com\/wp-content\/uploads\/2024\/02\/27130225\/Gaisci_GPA_1-1920x1080-1-1536x864.jpg 1536w, https:\/\/tg4-docs.s3.amazonaws.com\/wp-content\/uploads\/2024\/02\/27130225\/Gaisci_GPA_1-1920x1080-1-120x68.jpg 120w, https:\/\/tg4-docs.s3.amazonaws.com\/wp-content\/uploads\/2024\/02\/27130225\/Gaisci_GPA_1-1920x1080-1.jpg 1920w\" sizes=\"(max-width: 700px) 100vw, 700px\" \/><\/p>\n<p>A total behind the scenes of 50 GAA Players who are taking a trip to Kenya to plant 1 million trees. We get an insight into the players&#8217; journey learning new cultures and about the world around them. All on behalf of Self Help Africa &#038; Help us Plant 1 million trees in conjunction with the GPA.<\/p>\n<p><a href=\"https:\/\/nasc.tg4.tv\/Gaisc\u00ed_GPA_i_Kenya\" rel=\"noopener\" target=\"_blank\">https:\/\/nasc.tg4.tv\/Gaisc\u00ed_GPA_i_Kenya<\/a> <\/p>\n<p>&nbsp;<br \/>\n&nbsp;<\/p>\n","protected":false},"excerpt":{"rendered":"<p>TG4 has received four nominations in the 2024 RTS Ireland Television Awards: Current Affairs \u2013 C\u00e9ad M\u00edle F\u00e1ilte, Clean State Television (TG4) Factual Single \u2013 Inis Me\u00e1in, Idir Dh\u00e1 Linn, Aniar (TG4) Sport &#8211; Gaisc\u00ed GPA i Kenya, Nemeton TV (TG4) Sport &#8211; Misneach &#8211; Alex Lee, Midas Productions (TG4) &nbsp; Nominees revealed in 10 [&hellip;]<\/p>\n","protected":false},"author":876,"featured_media":0,"parent":208150,"menu_order":5,"comment_status":"closed","ping_status":"closed","template":"page-templates\/template-pr.php","meta":{"_acf_changed":false,"footnotes":""},"acf":[],"yoast_head":"<!-- This site is optimized with the Yoast SEO plugin v22.6 - https:\/\/yoast.com\/wordpress\/plugins\/seo\/ -->\n<title>Four nominations for TG4 in this year&#039;s RTS Ireland Television Awards | Press Release | TG4<\/title>\n<meta name=\"description\" content=\"TG4 has received four nominations in the 2024 RTS Ireland Television Awards\" \/>\n<meta name=\"robots\" content=\"index, follow, max-snippet:-1, max-image-preview:large, max-video-preview:-1\" \/>\n<meta property=\"og:locale\" content=\"en_US\" \/>\n<meta property=\"og:type\" content=\"article\" \/>\n<meta property=\"og:title\" content=\"Four nominations for TG4 in this year&#039;s RTS Ireland Television Awards | Press Release | TG4\" \/>\n<meta property=\"og:description\" content=\"TG4 has received four nominations in the 2024 RTS Ireland Television Awards\" \/>\n<meta property=\"og:url\" content=\"https:\/\/dev.tg4.ie\/en\/information\/press\/press-releases\/2024-2\/four-nominations-for-tg4-in-this-years-rts-ireland-television-awards\/\" \/>\n<meta property=\"og:site_name\" content=\"TG4\" \/>\n<meta property=\"article:publisher\" content=\"https:\/\/www.facebook.com\/TG4TV\" \/>\n<meta property=\"article:modified_time\" content=\"2024-02-27T13:15:23+00:00\" \/>\n<meta property=\"og:image\" content=\"https:\/\/dev.tg4.ie\/wp-content\/uploads\/2023\/04\/Iniuchadh_Cead_Mile_Failte_1-1920x1080-1-700x394.jpg\" \/>\n<meta name=\"twitter:card\" content=\"summary_large_image\" \/>\n<meta name=\"twitter:site\" content=\"@TG4TV\" \/>\n<meta name=\"twitter:label1\" content=\"Est. reading time\" \/>\n\t<meta name=\"twitter:data1\" content=\"3 minutes\" \/>\n<script type=\"application\/ld+json\" class=\"yoast-schema-graph\">{\"@context\":\"https:\/\/schema.org\",\"@graph\":[{\"@type\":\"WebPage\",\"@id\":\"https:\/\/dev.tg4.ie\/en\/information\/press\/press-releases\/2024-2\/four-nominations-for-tg4-in-this-years-rts-ireland-television-awards\/\",\"url\":\"https:\/\/dev.tg4.ie\/en\/information\/press\/press-releases\/2024-2\/four-nominations-for-tg4-in-this-years-rts-ireland-television-awards\/\",\"name\":\"Four nominations for TG4 in this year's RTS Ireland Television Awards | Press Release | TG4\",\"isPartOf\":{\"@id\":\"https:\/\/dev.tg4.ie\/en\/#website\"},\"primaryImageOfPage\":{\"@id\":\"https:\/\/dev.tg4.ie\/en\/information\/press\/press-releases\/2024-2\/four-nominations-for-tg4-in-this-years-rts-ireland-television-awards\/#primaryimage\"},\"image\":{\"@id\":\"https:\/\/dev.tg4.ie\/en\/information\/press\/press-releases\/2024-2\/four-nominations-for-tg4-in-this-years-rts-ireland-television-awards\/#primaryimage\"},\"thumbnailUrl\":\"https:\/\/dev.tg4.ie\/wp-content\/uploads\/2023\/04\/Iniuchadh_Cead_Mile_Failte_1-1920x1080-1-700x394.jpg\",\"datePublished\":\"2024-02-27T13:13:30+00:00\",\"dateModified\":\"2024-02-27T13:15:23+00:00\",\"description\":\"TG4 has received four nominations in the 2024 RTS Ireland Television Awards\",\"breadcrumb\":{\"@id\":\"https:\/\/dev.tg4.ie\/en\/information\/press\/press-releases\/2024-2\/four-nominations-for-tg4-in-this-years-rts-ireland-television-awards\/#breadcrumb\"},\"inLanguage\":\"en-ie\",\"potentialAction\":[{\"@type\":\"ReadAction\",\"target\":[\"https:\/\/dev.tg4.ie\/en\/information\/press\/press-releases\/2024-2\/four-nominations-for-tg4-in-this-years-rts-ireland-television-awards\/\"]}]},{\"@type\":\"ImageObject\",\"inLanguage\":\"en-ie\",\"@id\":\"https:\/\/dev.tg4.ie\/en\/information\/press\/press-releases\/2024-2\/four-nominations-for-tg4-in-this-years-rts-ireland-television-awards\/#primaryimage\",\"url\":\"https:\/\/dev.tg4.ie\/wp-content\/uploads\/2023\/04\/Iniuchadh_Cead_Mile_Failte_1-1920x1080-1-700x394.jpg\",\"contentUrl\":\"https:\/\/dev.tg4.ie\/wp-content\/uploads\/2023\/04\/Iniuchadh_Cead_Mile_Failte_1-1920x1080-1-700x394.jpg\"},{\"@type\":\"BreadcrumbList\",\"@id\":\"https:\/\/dev.tg4.ie\/en\/information\/press\/press-releases\/2024-2\/four-nominations-for-tg4-in-this-years-rts-ireland-television-awards\/#breadcrumb\",\"itemListElement\":[{\"@type\":\"ListItem\",\"position\":1,\"name\":\"Home\",\"item\":\"https:\/\/dev.tg4.ie\/en\/\"},{\"@type\":\"ListItem\",\"position\":2,\"name\":\"Information\",\"item\":\"https:\/\/dev.tg4.ie\/en\/information\/\"},{\"@type\":\"ListItem\",\"position\":3,\"name\":\"Press\",\"item\":\"https:\/\/dev.tg4.ie\/en\/information\/press\/\"},{\"@type\":\"ListItem\",\"position\":4,\"name\":\"Press Releases\",\"item\":\"https:\/\/dev.tg4.ie\/en\/information\/press\/press-releases\/\"},{\"@type\":\"ListItem\",\"position\":5,\"name\":\"2024\",\"item\":\"https:\/\/dev.tg4.ie\/en\/information\/press\/press-releases\/2024-2\/\"},{\"@type\":\"ListItem\",\"position\":6,\"name\":\"Four nominations for TG4 in this year&#8217;s RTS Ireland Television Awards\"}]},{\"@type\":\"WebSite\",\"@id\":\"https:\/\/dev.tg4.ie\/en\/#website\",\"url\":\"https:\/\/dev.tg4.ie\/en\/\",\"name\":\"TG4\",\"description\":\"S\u00fail Eile\",\"potentialAction\":[{\"@type\":\"SearchAction\",\"target\":{\"@type\":\"EntryPoint\",\"urlTemplate\":\"https:\/\/dev.tg4.ie\/en\/?s={search_term_string}\"},\"query-input\":\"required name=search_term_string\"}],\"inLanguage\":\"en-ie\"}]}<\/script>\n<!-- \/ Yoast SEO plugin. -->","yoast_head_json":{"title":"Four nominations for TG4 in this year's RTS Ireland Television Awards | Press Release | TG4","description":"TG4 has received four nominations in the 2024 RTS Ireland Television Awards","robots":{"index":"index","follow":"follow","max-snippet":"max-snippet:-1","max-image-preview":"max-image-preview:large","max-video-preview":"max-video-preview:-1"},"og_locale":"en_US","og_type":"article","og_title":"Four nominations for TG4 in this year's RTS Ireland Television Awards | Press Release | TG4","og_description":"TG4 has received four nominations in the 2024 RTS Ireland Television Awards","og_url":"https:\/\/dev.tg4.ie\/en\/information\/press\/press-releases\/2024-2\/four-nominations-for-tg4-in-this-years-rts-ireland-television-awards\/","og_site_name":"TG4","article_publisher":"https:\/\/www.facebook.com\/TG4TV","article_modified_time":"2024-02-27T13:15:23+00:00","og_image":[{"url":"https:\/\/dev.tg4.ie\/wp-content\/uploads\/2023\/04\/Iniuchadh_Cead_Mile_Failte_1-1920x1080-1-700x394.jpg"}],"twitter_card":"summary_large_image","twitter_site":"@TG4TV","twitter_misc":{"Est. reading time":"3 minutes"},"schema":{"@context":"https:\/\/schema.org","@graph":[{"@type":"WebPage","@id":"https:\/\/dev.tg4.ie\/en\/information\/press\/press-releases\/2024-2\/four-nominations-for-tg4-in-this-years-rts-ireland-television-awards\/","url":"https:\/\/dev.tg4.ie\/en\/information\/press\/press-releases\/2024-2\/four-nominations-for-tg4-in-this-years-rts-ireland-television-awards\/","name":"Four nominations for TG4 in this year's RTS Ireland Television Awards | Press Release | TG4","isPartOf":{"@id":"https:\/\/dev.tg4.ie\/en\/#website"},"primaryImageOfPage":{"@id":"https:\/\/dev.tg4.ie\/en\/information\/press\/press-releases\/2024-2\/four-nominations-for-tg4-in-this-years-rts-ireland-television-awards\/#primaryimage"},"image":{"@id":"https:\/\/dev.tg4.ie\/en\/information\/press\/press-releases\/2024-2\/four-nominations-for-tg4-in-this-years-rts-ireland-television-awards\/#primaryimage"},"thumbnailUrl":"https:\/\/dev.tg4.ie\/wp-content\/uploads\/2023\/04\/Iniuchadh_Cead_Mile_Failte_1-1920x1080-1-700x394.jpg","datePublished":"2024-02-27T13:13:30+00:00","dateModified":"2024-02-27T13:15:23+00:00","description":"TG4 has received four nominations in the 2024 RTS Ireland Television Awards","breadcrumb":{"@id":"https:\/\/dev.tg4.ie\/en\/information\/press\/press-releases\/2024-2\/four-nominations-for-tg4-in-this-years-rts-ireland-television-awards\/#breadcrumb"},"inLanguage":"en-ie","potentialAction":[{"@type":"ReadAction","target":["https:\/\/dev.tg4.ie\/en\/information\/press\/press-releases\/2024-2\/four-nominations-for-tg4-in-this-years-rts-ireland-television-awards\/"]}]},{"@type":"ImageObject","inLanguage":"en-ie","@id":"https:\/\/dev.tg4.ie\/en\/information\/press\/press-releases\/2024-2\/four-nominations-for-tg4-in-this-years-rts-ireland-television-awards\/#primaryimage","url":"https:\/\/dev.tg4.ie\/wp-content\/uploads\/2023\/04\/Iniuchadh_Cead_Mile_Failte_1-1920x1080-1-700x394.jpg","contentUrl":"https:\/\/dev.tg4.ie\/wp-content\/uploads\/2023\/04\/Iniuchadh_Cead_Mile_Failte_1-1920x1080-1-700x394.jpg"},{"@type":"BreadcrumbList","@id":"https:\/\/dev.tg4.ie\/en\/information\/press\/press-releases\/2024-2\/four-nominations-for-tg4-in-this-years-rts-ireland-television-awards\/#breadcrumb","itemListElement":[{"@type":"ListItem","position":1,"name":"Home","item":"https:\/\/dev.tg4.ie\/en\/"},{"@type":"ListItem","position":2,"name":"Information","item":"https:\/\/dev.tg4.ie\/en\/information\/"},{"@type":"ListItem","position":3,"name":"Press","item":"https:\/\/dev.tg4.ie\/en\/information\/press\/"},{"@type":"ListItem","position":4,"name":"Press Releases","item":"https:\/\/dev.tg4.ie\/en\/information\/press\/press-releases\/"},{"@type":"ListItem","position":5,"name":"2024","item":"https:\/\/dev.tg4.ie\/en\/information\/press\/press-releases\/2024-2\/"},{"@type":"ListItem","position":6,"name":"Four nominations for TG4 in this year&#8217;s RTS Ireland Television Awards"}]},{"@type":"WebSite","@id":"https:\/\/dev.tg4.ie\/en\/#website","url":"https:\/\/dev.tg4.ie\/en\/","name":"TG4","description":"S\u00fail Eile","potentialAction":[{"@type":"SearchAction","target":{"@type":"EntryPoint","urlTemplate":"https:\/\/dev.tg4.ie\/en\/?s={search_term_string}"},"query-input":"required name=search_term_string"}],"inLanguage":"en-ie"}]}},"_links":{"self":[{"href":"https:\/\/dev.tg4.ie\/en\/wp-json\/wp\/v2\/pages\/211357"}],"collection":[{"href":"https:\/\/dev.tg4.ie\/en\/wp-json\/wp\/v2\/pages"}],"about":[{"href":"https:\/\/dev.tg4.ie\/en\/wp-json\/wp\/v2\/types\/page"}],"author":[{"embeddable":true,"href":"https:\/\/dev.tg4.ie\/en\/wp-json\/wp\/v2\/users\/876"}],"replies":[{"embeddable":true,"href":"https:\/\/dev.tg4.ie\/en\/wp-json\/wp\/v2\/comments?post=211357"}],"version-history":[{"count":0,"href":"https:\/\/dev.tg4.ie\/en\/wp-json\/wp\/v2\/pages\/211357\/revisions"}],"up":[{"embeddable":true,"href":"https:\/\/dev.tg4.ie\/en\/wp-json\/wp\/v2\/pages\/208150"}],"wp:attachment":[{"href":"https:\/\/dev.tg4.ie\/en\/wp-json\/wp\/v2\/media?parent=211357"}],"curies":[{"name":"wp","href":"https:\/\/api.w.org\/{rel}","templated":true}]}}