{"id":211512,"date":"2024-03-01T10:39:19","date_gmt":"2024-03-01T10:39:19","guid":{"rendered":"https:\/\/dev.tg4.ie\/?page_id=211512"},"modified":"2024-03-01T10:39:19","modified_gmt":"2024-03-01T10:39:19","slug":"saol-ella-tg4s-teen-drama-series-introduces-the-first-ever-irish-sign-language-version-of-an-irish-language-tv-drama","status":"publish","type":"page","link":"https:\/\/dev.tg4.ie\/en\/information\/press\/press-releases\/2024-2\/saol-ella-tg4s-teen-drama-series-introduces-the-first-ever-irish-sign-language-version-of-an-irish-language-tv-drama\/","title":{"rendered":"Saol Ella, TG4&#8217;s teen drama series, introduces the first-ever Irish Sign Language version of an Irish language TV drama"},"content":{"rendered":"<p><img loading=\"lazy\" decoding=\"async\" width=\"1920\" height=\"1080\" src=\"https:\/\/tg4-docs.s3.amazonaws.com\/wp-content\/uploads\/2024\/03\/01100308\/Saol_Ella_ISL_1-1920x1080-1.jpg\" alt=\"\" class=\"aligncenter size-full wp-image-211510\" srcset=\"https:\/\/tg4-docs.s3.amazonaws.com\/wp-content\/uploads\/2024\/03\/01100308\/Saol_Ella_ISL_1-1920x1080-1.jpg 1920w, https:\/\/tg4-docs.s3.amazonaws.com\/wp-content\/uploads\/2024\/03\/01100308\/Saol_Ella_ISL_1-1920x1080-1-250x141.jpg 250w, https:\/\/tg4-docs.s3.amazonaws.com\/wp-content\/uploads\/2024\/03\/01100308\/Saol_Ella_ISL_1-1920x1080-1-700x394.jpg 700w, https:\/\/tg4-docs.s3.amazonaws.com\/wp-content\/uploads\/2024\/03\/01100308\/Saol_Ella_ISL_1-1920x1080-1-252x141.jpg 252w, https:\/\/tg4-docs.s3.amazonaws.com\/wp-content\/uploads\/2024\/03\/01100308\/Saol_Ella_ISL_1-1920x1080-1-1536x864.jpg 1536w, https:\/\/tg4-docs.s3.amazonaws.com\/wp-content\/uploads\/2024\/03\/01100308\/Saol_Ella_ISL_1-1920x1080-1-120x68.jpg 120w\" sizes=\"(max-width: 1920px) 100vw, 1920px\" \/><br \/>\n<sup>Pic: Ciara Cox (Saol Ella) &#038; Niamh N\u00ed Chr\u00f3in\u00edn (C\u00fala4)<\/sup><br \/>\n&nbsp;<\/p>\n<p>Saol Ella, a six-part drama series for teenagers, proudly marks the debut of an Irish Sign Language (ISL) broadcast version, making it the first-ever Irish language TV drama production to do so. The Irish Sign Language (ISL) broadcast edition was launched today (Tuesday, 27th February 2024) during a reception hosted at the Irish Deaf Village in Dublin 7.<br \/>\n&nbsp;<br \/>\nSaol Ella is a Dan\u00fa Media Production for TG4 and C\u00fala4 (TG4&#8217;s children&#8217;s channel) and was written by Ailbhe Nic Giolla Bhrighde and Gemma Breathnach. It brings fun and light hearted drama to our screens and is aimed at a teenage audience. It tells a funny and engaging story about teenage life, bringing back summer memories for many Gaeilgeoir\u00ed who attended Col\u00e1ist\u00ed Samhraidh to improve their Irish language skills.<br \/>\n&nbsp;<br \/>\nBy developing the Irish Sign Language (ISL) broadcast version, TG4\/C\u00fala4 and Dan\u00fa Media are at the forefront of introducing ISL broadcast TV adaptations of TV dramas. This initiative aims to contribute to the strategy of fostering a more inclusive Irish society for individuals with deafness or hearing loss, spanning across all age groups.<br \/>\n&nbsp;<br \/>\nIt is estimated that there are approximately 5,000 people in the Irish deaf community whose first language is Irish Sign Language (ISL). In addition estimates show that there are over 5,000 deaf and hard of hearing young people in Irish primary and secondary schools and while the majority are not ISL users, many of these young people will identify with Saol Ella&#8217;s lead character Ella, thus motivating more young people with hearing challenges to learn ISL.<br \/>\n&nbsp;<br \/>\nSaol Ella, its characters and Sign Language interpreters will bring significant awareness to the young Irish deaf community while also creating greater recognition amongst Ireland\u2019s wider population. Present at today&#8217;s ISL launch was teenage actor Ciara Cox who plays the lead character, Ella along with C\u00fala4 TV presenter Niamh N\u00ed Chr\u00f3in\u00edn amongst many others.<br \/>\n&nbsp;<br \/>\nAs part of this pioneering TV drama project for ISL broadcast, Dan\u00fa Media in its production worked exclusively with Irish Sign Language Interpreter and Gaeilgeoir, Romy O&#8217; Callaghan, to create the ISL version of Saol Ella. Dan\u00fa Media also engaged with the Irish Deaf Society and Chime with the aim of creating high quality TV drama which will be totally inclusive, entertaining and engaging for the deaf community.<br \/>\n&nbsp;<br \/>\n<em>\u201cSaol Ella was an exciting and fun teenage drama series to create and produce\u201d<\/em> says <strong>Siobh\u00e1n N\u00ed Ghadhra, Series Producer and Dan\u00fa Media MD<\/strong>. <em>\u201cCreating an ISL version was a new challenge for us but a very rewarding one with the opportunity to work with Sign Language Interpreters. As the first ISL Irish Language drama broadcast we\u2019re very proud to be leading the continued development of ISL in TV broadcasting to create greater inclusion for the deaf community at all ages.\u201d<\/em><br \/>\n&nbsp;<br \/>\nThe Irish Sign Language (ISL) version of the series is supported by Coimisi\u00fan na Me\u00e1n through its Sound and Vision Funding Scheme. <strong>Media Development Commissioner R\u00f3n\u00e1n \u00d3 Domhnaill<\/strong> said, <em>&#8220;Coimisi\u00fan na Me\u00e1n is delighted to support the production of the Irish Sign Language (ISL) version of  Saol Ella, originally part funded through the Sound &#038; Vision Funding Scheme. This is an excellent example of the type of great programming that is supported through the Scheme with the aid of the Television Licence Fee. We congratulate Dan\u00fa Media Teo and the extended team for their work and increasing accessibility to this excellent series.&#8221;<\/em><br \/>\n&nbsp;<br \/>\n<strong>TG4\u2019s Commissioning &#038; Acquisition&#8217;s Editor, Siobh\u00e1n N\u00ed Bhr\u00e1daigh<\/strong> says <em>\u201cWe\u2019re very proud to be launching an ISL version of Saol Ella. Our sincere congratulations to Dan\u00fa Media who have worked hard to create this great series and ISL version. We hope to add to our library of ISL content in the future with content for pre-school and early school years also.\u201d<\/em><br \/>\n&nbsp;<br \/>\nDan\u00fa Media in its development of the ISL version of the drama series Saol Ella also engaged with Chime, the charity, which since 1964, champions supports for all people in Ireland\u2019s deaf community and for those with hearing loss. <strong>Chime<\/strong> commented, <em>\u201cIt is fantastic that Saol Ella is available with Irish Sign Language. This is the first Irish language drama series that has been broadcast with ISL. This is not only a boost for young deaf people who use ISL, but also helps grow awareness amongst the wider population and helps build a more inclusive society. TG4\/C\u00fala4 is leading the way in this space and now we hope other broadcasters will follow their example.\u201d<\/em><br \/>\n&nbsp;<br \/>\nSaol Ella\u2019s Irish Sign Language (ISL) version will broadcast weekly on C\u00fala4 (TG4\u2019s children\u2019s channel) starting on 29th February at 1pm. The full boxset will also be available on C\u00fala4 and TG4 Players this coming Thursday. <\/p>\n<p>Follow C\u00fala4&#8217;s and Saol Ella&#8217;s social media channels for more updates. <\/p>\n<p>&nbsp;<br \/>\n&nbsp;<\/p>\n","protected":false},"excerpt":{"rendered":"<p>Pic: Ciara Cox (Saol Ella) &#038; Niamh N\u00ed Chr\u00f3in\u00edn (C\u00fala4) &nbsp; Saol Ella, a six-part drama series for teenagers, proudly marks the debut of an Irish Sign Language (ISL) broadcast version, making it the first-ever Irish language TV drama production to do so. The Irish Sign Language (ISL) broadcast edition was launched today (Tuesday, 27th [&hellip;]<\/p>\n","protected":false},"author":876,"featured_media":0,"parent":208150,"menu_order":6,"comment_status":"closed","ping_status":"closed","template":"page-templates\/template-pr.php","meta":{"_acf_changed":false,"footnotes":""},"acf":[],"yoast_head":"<!-- This site is optimized with the Yoast SEO plugin v22.6 - https:\/\/yoast.com\/wordpress\/plugins\/seo\/ -->\n<title>Saol Ella, TG4&#039;s teen drama series, introduces the first-ever Irish Sign Language version of an Irish language TV drama | Press Release | TG4<\/title>\n<meta name=\"description\" content=\"Saol Ella, a six-part drama series for teenagers, proudly marks the debut of an Irish Sign Language (ISL) broadcast version, making it the first-ever Irish language TV drama production to do so.\" \/>\n<meta name=\"robots\" content=\"index, follow, max-snippet:-1, max-image-preview:large, max-video-preview:-1\" \/>\n<meta property=\"og:locale\" content=\"en_US\" \/>\n<meta property=\"og:type\" content=\"article\" \/>\n<meta property=\"og:title\" content=\"Saol Ella, TG4&#039;s teen drama series, introduces the first-ever Irish Sign Language version of an Irish language TV drama | Press Release | TG4\" \/>\n<meta property=\"og:description\" content=\"Saol Ella, a six-part drama series for teenagers, proudly marks the debut of an Irish Sign Language (ISL) broadcast version, making it the first-ever Irish language TV drama production to do so.\" \/>\n<meta property=\"og:url\" content=\"https:\/\/dev.tg4.ie\/en\/information\/press\/press-releases\/2024-2\/saol-ella-tg4s-teen-drama-series-introduces-the-first-ever-irish-sign-language-version-of-an-irish-language-tv-drama\/\" \/>\n<meta property=\"og:site_name\" content=\"TG4\" \/>\n<meta property=\"article:publisher\" content=\"https:\/\/www.facebook.com\/TG4TV\" \/>\n<meta property=\"og:image\" content=\"https:\/\/tg4-docs.s3.amazonaws.com\/wp-content\/uploads\/2024\/03\/01100308\/Saol_Ella_ISL_1-1920x1080-1-700x394.jpg\" \/>\n<meta name=\"twitter:card\" content=\"summary_large_image\" \/>\n<meta name=\"twitter:image\" content=\"https:\/\/tg4-docs.s3.amazonaws.com\/wp-content\/uploads\/2024\/03\/01100308\/Saol_Ella_ISL_1-1920x1080-1-700x394.jpg\" \/>\n<meta name=\"twitter:site\" content=\"@TG4TV\" \/>\n<meta name=\"twitter:label1\" content=\"Est. reading time\" \/>\n\t<meta name=\"twitter:data1\" content=\"4 minutes\" \/>\n<script type=\"application\/ld+json\" class=\"yoast-schema-graph\">{\"@context\":\"https:\/\/schema.org\",\"@graph\":[{\"@type\":\"WebPage\",\"@id\":\"https:\/\/dev.tg4.ie\/en\/information\/press\/press-releases\/2024-2\/saol-ella-tg4s-teen-drama-series-introduces-the-first-ever-irish-sign-language-version-of-an-irish-language-tv-drama\/\",\"url\":\"https:\/\/dev.tg4.ie\/en\/information\/press\/press-releases\/2024-2\/saol-ella-tg4s-teen-drama-series-introduces-the-first-ever-irish-sign-language-version-of-an-irish-language-tv-drama\/\",\"name\":\"Saol Ella, TG4's teen drama series, introduces the first-ever Irish Sign Language version of an Irish language TV drama | Press Release | TG4\",\"isPartOf\":{\"@id\":\"https:\/\/dev.tg4.ie\/en\/#website\"},\"primaryImageOfPage\":{\"@id\":\"https:\/\/dev.tg4.ie\/en\/information\/press\/press-releases\/2024-2\/saol-ella-tg4s-teen-drama-series-introduces-the-first-ever-irish-sign-language-version-of-an-irish-language-tv-drama\/#primaryimage\"},\"image\":{\"@id\":\"https:\/\/dev.tg4.ie\/en\/information\/press\/press-releases\/2024-2\/saol-ella-tg4s-teen-drama-series-introduces-the-first-ever-irish-sign-language-version-of-an-irish-language-tv-drama\/#primaryimage\"},\"thumbnailUrl\":\"https:\/\/dev.tg4.ie\/wp-content\/uploads\/2024\/03\/Saol_Ella_ISL_1-1920x1080-1.jpg\",\"datePublished\":\"2024-03-01T10:39:19+00:00\",\"dateModified\":\"2024-03-01T10:39:19+00:00\",\"description\":\"Saol Ella, a six-part drama series for teenagers, proudly marks the debut of an Irish Sign Language (ISL) broadcast version, making it the first-ever Irish language TV drama production to do so.\",\"breadcrumb\":{\"@id\":\"https:\/\/dev.tg4.ie\/en\/information\/press\/press-releases\/2024-2\/saol-ella-tg4s-teen-drama-series-introduces-the-first-ever-irish-sign-language-version-of-an-irish-language-tv-drama\/#breadcrumb\"},\"inLanguage\":\"en-ie\",\"potentialAction\":[{\"@type\":\"ReadAction\",\"target\":[\"https:\/\/dev.tg4.ie\/en\/information\/press\/press-releases\/2024-2\/saol-ella-tg4s-teen-drama-series-introduces-the-first-ever-irish-sign-language-version-of-an-irish-language-tv-drama\/\"]}]},{\"@type\":\"ImageObject\",\"inLanguage\":\"en-ie\",\"@id\":\"https:\/\/dev.tg4.ie\/en\/information\/press\/press-releases\/2024-2\/saol-ella-tg4s-teen-drama-series-introduces-the-first-ever-irish-sign-language-version-of-an-irish-language-tv-drama\/#primaryimage\",\"url\":\"https:\/\/dev.tg4.ie\/wp-content\/uploads\/2024\/03\/Saol_Ella_ISL_1-1920x1080-1.jpg\",\"contentUrl\":\"https:\/\/dev.tg4.ie\/wp-content\/uploads\/2024\/03\/Saol_Ella_ISL_1-1920x1080-1.jpg\"},{\"@type\":\"BreadcrumbList\",\"@id\":\"https:\/\/dev.tg4.ie\/en\/information\/press\/press-releases\/2024-2\/saol-ella-tg4s-teen-drama-series-introduces-the-first-ever-irish-sign-language-version-of-an-irish-language-tv-drama\/#breadcrumb\",\"itemListElement\":[{\"@type\":\"ListItem\",\"position\":1,\"name\":\"Home\",\"item\":\"https:\/\/dev.tg4.ie\/en\/\"},{\"@type\":\"ListItem\",\"position\":2,\"name\":\"Information\",\"item\":\"https:\/\/dev.tg4.ie\/en\/information\/\"},{\"@type\":\"ListItem\",\"position\":3,\"name\":\"Press\",\"item\":\"https:\/\/dev.tg4.ie\/en\/information\/press\/\"},{\"@type\":\"ListItem\",\"position\":4,\"name\":\"Press Releases\",\"item\":\"https:\/\/dev.tg4.ie\/en\/information\/press\/press-releases\/\"},{\"@type\":\"ListItem\",\"position\":5,\"name\":\"2024\",\"item\":\"https:\/\/dev.tg4.ie\/en\/information\/press\/press-releases\/2024-2\/\"},{\"@type\":\"ListItem\",\"position\":6,\"name\":\"Saol Ella, TG4&#8217;s teen drama series, introduces the first-ever Irish Sign Language version of an Irish language TV drama\"}]},{\"@type\":\"WebSite\",\"@id\":\"https:\/\/dev.tg4.ie\/en\/#website\",\"url\":\"https:\/\/dev.tg4.ie\/en\/\",\"name\":\"TG4\",\"description\":\"S\u00fail Eile\",\"potentialAction\":[{\"@type\":\"SearchAction\",\"target\":{\"@type\":\"EntryPoint\",\"urlTemplate\":\"https:\/\/dev.tg4.ie\/en\/?s={search_term_string}\"},\"query-input\":\"required name=search_term_string\"}],\"inLanguage\":\"en-ie\"}]}<\/script>\n<!-- \/ Yoast SEO plugin. -->","yoast_head_json":{"title":"Saol Ella, TG4's teen drama series, introduces the first-ever Irish Sign Language version of an Irish language TV drama | Press Release | TG4","description":"Saol Ella, a six-part drama series for teenagers, proudly marks the debut of an Irish Sign Language (ISL) broadcast version, making it the first-ever Irish language TV drama production to do so.","robots":{"index":"index","follow":"follow","max-snippet":"max-snippet:-1","max-image-preview":"max-image-preview:large","max-video-preview":"max-video-preview:-1"},"og_locale":"en_US","og_type":"article","og_title":"Saol Ella, TG4's teen drama series, introduces the first-ever Irish Sign Language version of an Irish language TV drama | Press Release | TG4","og_description":"Saol Ella, a six-part drama series for teenagers, proudly marks the debut of an Irish Sign Language (ISL) broadcast version, making it the first-ever Irish language TV drama production to do so.","og_url":"https:\/\/dev.tg4.ie\/en\/information\/press\/press-releases\/2024-2\/saol-ella-tg4s-teen-drama-series-introduces-the-first-ever-irish-sign-language-version-of-an-irish-language-tv-drama\/","og_site_name":"TG4","article_publisher":"https:\/\/www.facebook.com\/TG4TV","og_image":[{"url":"https:\/\/tg4-docs.s3.amazonaws.com\/wp-content\/uploads\/2024\/03\/01100308\/Saol_Ella_ISL_1-1920x1080-1-700x394.jpg"}],"twitter_card":"summary_large_image","twitter_image":"https:\/\/tg4-docs.s3.amazonaws.com\/wp-content\/uploads\/2024\/03\/01100308\/Saol_Ella_ISL_1-1920x1080-1-700x394.jpg","twitter_site":"@TG4TV","twitter_misc":{"Est. reading time":"4 minutes"},"schema":{"@context":"https:\/\/schema.org","@graph":[{"@type":"WebPage","@id":"https:\/\/dev.tg4.ie\/en\/information\/press\/press-releases\/2024-2\/saol-ella-tg4s-teen-drama-series-introduces-the-first-ever-irish-sign-language-version-of-an-irish-language-tv-drama\/","url":"https:\/\/dev.tg4.ie\/en\/information\/press\/press-releases\/2024-2\/saol-ella-tg4s-teen-drama-series-introduces-the-first-ever-irish-sign-language-version-of-an-irish-language-tv-drama\/","name":"Saol Ella, TG4's teen drama series, introduces the first-ever Irish Sign Language version of an Irish language TV drama | Press Release | TG4","isPartOf":{"@id":"https:\/\/dev.tg4.ie\/en\/#website"},"primaryImageOfPage":{"@id":"https:\/\/dev.tg4.ie\/en\/information\/press\/press-releases\/2024-2\/saol-ella-tg4s-teen-drama-series-introduces-the-first-ever-irish-sign-language-version-of-an-irish-language-tv-drama\/#primaryimage"},"image":{"@id":"https:\/\/dev.tg4.ie\/en\/information\/press\/press-releases\/2024-2\/saol-ella-tg4s-teen-drama-series-introduces-the-first-ever-irish-sign-language-version-of-an-irish-language-tv-drama\/#primaryimage"},"thumbnailUrl":"https:\/\/dev.tg4.ie\/wp-content\/uploads\/2024\/03\/Saol_Ella_ISL_1-1920x1080-1.jpg","datePublished":"2024-03-01T10:39:19+00:00","dateModified":"2024-03-01T10:39:19+00:00","description":"Saol Ella, a six-part drama series for teenagers, proudly marks the debut of an Irish Sign Language (ISL) broadcast version, making it the first-ever Irish language TV drama production to do so.","breadcrumb":{"@id":"https:\/\/dev.tg4.ie\/en\/information\/press\/press-releases\/2024-2\/saol-ella-tg4s-teen-drama-series-introduces-the-first-ever-irish-sign-language-version-of-an-irish-language-tv-drama\/#breadcrumb"},"inLanguage":"en-ie","potentialAction":[{"@type":"ReadAction","target":["https:\/\/dev.tg4.ie\/en\/information\/press\/press-releases\/2024-2\/saol-ella-tg4s-teen-drama-series-introduces-the-first-ever-irish-sign-language-version-of-an-irish-language-tv-drama\/"]}]},{"@type":"ImageObject","inLanguage":"en-ie","@id":"https:\/\/dev.tg4.ie\/en\/information\/press\/press-releases\/2024-2\/saol-ella-tg4s-teen-drama-series-introduces-the-first-ever-irish-sign-language-version-of-an-irish-language-tv-drama\/#primaryimage","url":"https:\/\/dev.tg4.ie\/wp-content\/uploads\/2024\/03\/Saol_Ella_ISL_1-1920x1080-1.jpg","contentUrl":"https:\/\/dev.tg4.ie\/wp-content\/uploads\/2024\/03\/Saol_Ella_ISL_1-1920x1080-1.jpg"},{"@type":"BreadcrumbList","@id":"https:\/\/dev.tg4.ie\/en\/information\/press\/press-releases\/2024-2\/saol-ella-tg4s-teen-drama-series-introduces-the-first-ever-irish-sign-language-version-of-an-irish-language-tv-drama\/#breadcrumb","itemListElement":[{"@type":"ListItem","position":1,"name":"Home","item":"https:\/\/dev.tg4.ie\/en\/"},{"@type":"ListItem","position":2,"name":"Information","item":"https:\/\/dev.tg4.ie\/en\/information\/"},{"@type":"ListItem","position":3,"name":"Press","item":"https:\/\/dev.tg4.ie\/en\/information\/press\/"},{"@type":"ListItem","position":4,"name":"Press Releases","item":"https:\/\/dev.tg4.ie\/en\/information\/press\/press-releases\/"},{"@type":"ListItem","position":5,"name":"2024","item":"https:\/\/dev.tg4.ie\/en\/information\/press\/press-releases\/2024-2\/"},{"@type":"ListItem","position":6,"name":"Saol Ella, TG4&#8217;s teen drama series, introduces the first-ever Irish Sign Language version of an Irish language TV drama"}]},{"@type":"WebSite","@id":"https:\/\/dev.tg4.ie\/en\/#website","url":"https:\/\/dev.tg4.ie\/en\/","name":"TG4","description":"S\u00fail Eile","potentialAction":[{"@type":"SearchAction","target":{"@type":"EntryPoint","urlTemplate":"https:\/\/dev.tg4.ie\/en\/?s={search_term_string}"},"query-input":"required name=search_term_string"}],"inLanguage":"en-ie"}]}},"_links":{"self":[{"href":"https:\/\/dev.tg4.ie\/en\/wp-json\/wp\/v2\/pages\/211512"}],"collection":[{"href":"https:\/\/dev.tg4.ie\/en\/wp-json\/wp\/v2\/pages"}],"about":[{"href":"https:\/\/dev.tg4.ie\/en\/wp-json\/wp\/v2\/types\/page"}],"author":[{"embeddable":true,"href":"https:\/\/dev.tg4.ie\/en\/wp-json\/wp\/v2\/users\/876"}],"replies":[{"embeddable":true,"href":"https:\/\/dev.tg4.ie\/en\/wp-json\/wp\/v2\/comments?post=211512"}],"version-history":[{"count":0,"href":"https:\/\/dev.tg4.ie\/en\/wp-json\/wp\/v2\/pages\/211512\/revisions"}],"up":[{"embeddable":true,"href":"https:\/\/dev.tg4.ie\/en\/wp-json\/wp\/v2\/pages\/208150"}],"wp:attachment":[{"href":"https:\/\/dev.tg4.ie\/en\/wp-json\/wp\/v2\/media?parent=211512"}],"curies":[{"name":"wp","href":"https:\/\/api.w.org\/{rel}","templated":true}]}}