{"id":213710,"date":"2024-03-26T14:08:00","date_gmt":"2024-03-26T14:08:00","guid":{"rendered":"https:\/\/dev.tg4.ie\/?page_id=213710"},"modified":"2024-03-26T14:08:00","modified_gmt":"2024-03-26T14:08:00","slug":"the-judges","status":"publish","type":"page","link":"https:\/\/dev.tg4.ie\/en\/other-brands\/gradam-ceoil\/the-judges\/","title":{"rendered":"The Judges"},"content":{"rendered":"<h2>Na Molt\u00f3ir\u00ed<\/h2>\n<hr>\n<p>Note from Neil Martin &#8211; Cathaoirleach Choiste Roghn\u00fach\u00e1in Ghradam Ceoil TG4 2024<\/p>\n<p><em>What a magnificent combination of Mary McPartlan\u2019s vision and TG4\u2019s realization of her dream that traditional music and dance has enjoyed since 1998. A highlight in the diary of the traditional music year, it hurtled out of the traps from the off, a whole tribe of musicians and lovers of music hungry and ready for it. It\u2019s celebration, its acknowledgement, it\u2019s excitement, it\u2019s platform &#8211; and the reach is global, beamed around the world and watched by millions. But behind the razzmatazz, it enables something at another, almost intangible level. It gives a crucial and deeply significant boost to each winner, be Ceolt\u00f3ir \u00d3g or Gradam Saoil TG4. It fortifies the individual in the most personal way, and it emboldens the winners to continue on with what they believe in, what is at their very core &#8211; the expression and sharing of the soul. The song, the tune, the step &#8211; the performer lays bare the soul, and that takes superhuman levels of skill and bravery. And for that inner human, and betimes fragile inner human, to flourish, like any growing thing, it needs to be fed. That\u2019s what the Gradam Ceoil TG4 do.<\/p>\n<p>In an increasingly secular world where human spirit and thought are being at the very least overshadowed\/threatened by AI, the genuine article should be even more lauded. Our music and song and dance tell the truth about us. And as we look into the future, that\u2019s why we must even more cherish these Gradam awards. They encourage human interaction and nourish the very lifeblood of our identity. And that\u2019s something to write home about.<\/em><br \/>\n&nbsp;<\/p>\n<hr>\n<p><strong>Neil Martin<\/strong><br \/>\n<a href=\"https:\/\/tg4-docs.s3.amazonaws.com\/wp-content\/uploads\/2024\/03\/25172240\/Neil_Martin_1-1000x1000-1.jpg\"><img loading=\"lazy\" decoding=\"async\" width=\"141\" height=\"141\" src=\"https:\/\/tg4-docs.s3.amazonaws.com\/wp-content\/uploads\/2024\/03\/25172240\/Neil_Martin_1-1000x1000-1-141x141.jpg\" alt=\"\" class=\"aligncenter size-thumbnail wp-image-213735\" srcset=\"https:\/\/tg4-docs.s3.amazonaws.com\/wp-content\/uploads\/2024\/03\/25172240\/Neil_Martin_1-1000x1000-1-141x141.jpg 141w, https:\/\/tg4-docs.s3.amazonaws.com\/wp-content\/uploads\/2024\/03\/25172240\/Neil_Martin_1-1000x1000-1-250x250.jpg 250w, https:\/\/tg4-docs.s3.amazonaws.com\/wp-content\/uploads\/2024\/03\/25172240\/Neil_Martin_1-1000x1000-1-700x700.jpg 700w, https:\/\/tg4-docs.s3.amazonaws.com\/wp-content\/uploads\/2024\/03\/25172240\/Neil_Martin_1-1000x1000-1-120x120.jpg 120w, https:\/\/tg4-docs.s3.amazonaws.com\/wp-content\/uploads\/2024\/03\/25172240\/Neil_Martin_1-1000x1000-1.jpg 1000w\" sizes=\"(max-width: 141px) 100vw, 141px\" \/><\/a><\/p>\n<p>Belfast-born Neil Martin is a composer and musician who enjoys a most varied and rewarding career. Recent compositions include an opera &#8211; Nobody\/Somebody (2023), a violin concerto &#8211; dall\u2019ombra (2022), the RTS award-winning score for Lost Lives (2020), theatre scores and chamber music. Amongst other works are \u2013 Sweeney (2018), an orchestral song cycle; an octet, The Helping Hand (2017); this is an Irish dance (2015) a duet for dancer and cellist; a score for Oscar Wilde\u2019s De Profundis (2017); the choral symphony OSSA (2007).<\/p>\n<p>A cellist and an uilleann piper, Neil has collaborated with many leading artists, from Liam O&#8217;Flynn, Bryn Terfel, Seamus Heaney, Sam Shepard, Christy Moore, Stephen Rea, Josh Groban, Jean Butler and Barry Douglas to the LSO, RPO and all the principle orchestras in Ireland. He has scored music for plays on Broadway, in the West End and in Europe, and has contributed to more than a hundred albums. Performance venues range from Carnegie Hall to the Palazzo Vecchio and his ground-breaking work with the West Ocean String Quartet has been lauded globally, and beyond\u2026their recordings have been played aboard the International Space Station.<br \/>\n&nbsp;<\/p>\n<hr>\n<p><strong>Liam O&#8217;Brien<\/strong><br \/>\n<a href=\"https:\/\/tg4-docs.s3.amazonaws.com\/wp-content\/uploads\/2024\/03\/25172245\/Liam_OBrien_1-1000x1000-1.jpg\"><img loading=\"lazy\" decoding=\"async\" width=\"141\" height=\"141\" src=\"https:\/\/tg4-docs.s3.amazonaws.com\/wp-content\/uploads\/2024\/03\/25172245\/Liam_OBrien_1-1000x1000-1-141x141.jpg\" alt=\"\" class=\"aligncenter size-thumbnail wp-image-213737\" srcset=\"https:\/\/tg4-docs.s3.amazonaws.com\/wp-content\/uploads\/2024\/03\/25172245\/Liam_OBrien_1-1000x1000-1-141x141.jpg 141w, https:\/\/tg4-docs.s3.amazonaws.com\/wp-content\/uploads\/2024\/03\/25172245\/Liam_OBrien_1-1000x1000-1-250x250.jpg 250w, https:\/\/tg4-docs.s3.amazonaws.com\/wp-content\/uploads\/2024\/03\/25172245\/Liam_OBrien_1-1000x1000-1-700x700.jpg 700w, https:\/\/tg4-docs.s3.amazonaws.com\/wp-content\/uploads\/2024\/03\/25172245\/Liam_OBrien_1-1000x1000-1-120x120.jpg 120w, https:\/\/tg4-docs.s3.amazonaws.com\/wp-content\/uploads\/2024\/03\/25172245\/Liam_OBrien_1-1000x1000-1.jpg 1000w\" sizes=\"(max-width: 141px) 100vw, 141px\" \/><\/a><\/p>\n<p>Liam, originally from Miltown Malbay, grew up in a very musical family. He began learning the tin whistle at the age of four from his mother Br\u00edd and later progressed to the concertina. He studied concertina under Noel Hill and began teaching at the age of sixteen. Liam earned a BA in Irish Music &#038; Dance from the University of Limerick and later won the TG4 Young Musician of the Year Award in 2017. Liam went on to complete a Master&#8217;s in Film Production &#038; Direction and he is now based out of Galway working with Nuacht RT\u00c9 &#038; TG4. Liam teaches at festivals and colleges in Ireland and abroad, including Scoil Samhradh Willie Clancy and the Irish World Academy. Liam still conducts concertina workshops and performs globally in countries like Japan, USA, Tanzania, and all across Europe.<br \/>\n&nbsp;<\/p>\n<hr>\n<p><strong>Liz Doherty<\/strong><br \/>\n<a href=\"https:\/\/tg4-docs.s3.amazonaws.com\/wp-content\/uploads\/2024\/03\/25172242\/Liz_Doherty_1-1000x1000-1.jpg\"><img loading=\"lazy\" decoding=\"async\" width=\"141\" height=\"141\" src=\"https:\/\/tg4-docs.s3.amazonaws.com\/wp-content\/uploads\/2024\/03\/25172242\/Liz_Doherty_1-1000x1000-1-141x141.jpg\" alt=\"\" class=\"aligncenter size-thumbnail wp-image-213736\" srcset=\"https:\/\/tg4-docs.s3.amazonaws.com\/wp-content\/uploads\/2024\/03\/25172242\/Liz_Doherty_1-1000x1000-1-141x141.jpg 141w, https:\/\/tg4-docs.s3.amazonaws.com\/wp-content\/uploads\/2024\/03\/25172242\/Liz_Doherty_1-1000x1000-1-250x250.jpg 250w, https:\/\/tg4-docs.s3.amazonaws.com\/wp-content\/uploads\/2024\/03\/25172242\/Liz_Doherty_1-1000x1000-1-700x700.jpg 700w, https:\/\/tg4-docs.s3.amazonaws.com\/wp-content\/uploads\/2024\/03\/25172242\/Liz_Doherty_1-1000x1000-1-120x120.jpg 120w, https:\/\/tg4-docs.s3.amazonaws.com\/wp-content\/uploads\/2024\/03\/25172242\/Liz_Doherty_1-1000x1000-1.jpg 1000w\" sizes=\"(max-width: 141px) 100vw, 141px\" \/><\/a><\/p>\n<p>Dr. Liz Doherty is a fiddle player, educator, arts consultant and producer from Co. Donegal, Ireland.<br \/>\nShe is the founder and director of I Teach Trad, offering training and professional development for teachers of traditional music. Her academic credentials include a PhD (Cape Breton fiddle music) and she has lectured in traditional music since 1994, at UCC and at Ulster University, Derry as well as in Canada, the US and Australia. Her teaching excellence was recognised with a National Teaching Fellowship from the  Higher Education Academy in 2018. As well as a significant number of published books and papers, Liz has performed and recorded with M\u00edche\u00e1l \u00d3 S\u00faillebh\u00e1in and the RT\u00c9 National Symphony and Concert Orchestras, Riverdance -The Show, and with bands the String Sisters, Bumblebees and Nomos; Fiddlesticks, the band she founded and directed while in UCC has recently reunited and performed at Celtic Connections, 2024. She has featured on over 20 recordings, including 2 solo releases. Liz&#8217;s work in production includes the award-winning Samhl\u00fa (TG4), and TG4&#8217;s Fleadh series (2020-). She has worked with the Arts Council (An Comhairle Eala\u00edon) where she introduced the Deis funding programme for traditional artists and has been a member of Culture Ireland&#8217;s Expert Advisory Committee (2018-2024).<br \/>\n&nbsp;<\/p>\n<hr>\n<p><strong>Iarfhlaith \u00d3 Domhnaill<\/strong><br \/>\n<a href=\"https:\/\/tg4-docs.s3.amazonaws.com\/wp-content\/uploads\/2024\/03\/25172247\/Iarfhlaith_O_Domhnaill_1-1000x1000-1.jpg\"><img loading=\"lazy\" decoding=\"async\" width=\"141\" height=\"141\" src=\"https:\/\/tg4-docs.s3.amazonaws.com\/wp-content\/uploads\/2024\/03\/25172247\/Iarfhlaith_O_Domhnaill_1-1000x1000-1-141x141.jpg\" alt=\"\" class=\"aligncenter size-thumbnail wp-image-213738\" srcset=\"https:\/\/tg4-docs.s3.amazonaws.com\/wp-content\/uploads\/2024\/03\/25172247\/Iarfhlaith_O_Domhnaill_1-1000x1000-1-141x141.jpg 141w, https:\/\/tg4-docs.s3.amazonaws.com\/wp-content\/uploads\/2024\/03\/25172247\/Iarfhlaith_O_Domhnaill_1-1000x1000-1-250x250.jpg 250w, https:\/\/tg4-docs.s3.amazonaws.com\/wp-content\/uploads\/2024\/03\/25172247\/Iarfhlaith_O_Domhnaill_1-1000x1000-1-700x700.jpg 700w, https:\/\/tg4-docs.s3.amazonaws.com\/wp-content\/uploads\/2024\/03\/25172247\/Iarfhlaith_O_Domhnaill_1-1000x1000-1-120x120.jpg 120w, https:\/\/tg4-docs.s3.amazonaws.com\/wp-content\/uploads\/2024\/03\/25172247\/Iarfhlaith_O_Domhnaill_1-1000x1000-1.jpg 1000w\" sizes=\"(max-width: 141px) 100vw, 141px\" \/><\/a><\/p>\n<p>Iarfhlaith is a fiddle player and documentary filmmaker from Kilcar, Co. Donegal. Iarfhlaith currently works as a Documentary Producer for South Wind Blows, producing documentary films for cinema\/broadcast and music concerts and events at the Other Voices music festival in Dingle. Iarfhlaith previously worked for the Irish Traditional Music Archive (ITMA) as Finance Manager and Documentary Producer\/Editor. He has since joined the ITMA Board as Treasurer. Iarfhlaith is set to release his debut album, The Devil&#8217;s Dream, with piano player Natalie N\u00ed Chasaide in 2024.<br \/>\n&nbsp;<\/p>\n<hr>\n<p><strong>Nell N\u00ed Chroin\u00edn<\/strong><br \/>\n<a href=\"https:\/\/tg4-docs.s3.amazonaws.com\/wp-content\/uploads\/2024\/03\/25172250\/Nell_Ni_Chroinin_1-1000x1000-1.jpg\"><img loading=\"lazy\" decoding=\"async\" width=\"141\" height=\"141\" src=\"https:\/\/tg4-docs.s3.amazonaws.com\/wp-content\/uploads\/2024\/03\/25172250\/Nell_Ni_Chroinin_1-1000x1000-1-141x141.jpg\" alt=\"\" class=\"aligncenter size-thumbnail wp-image-213739\" srcset=\"https:\/\/tg4-docs.s3.amazonaws.com\/wp-content\/uploads\/2024\/03\/25172250\/Nell_Ni_Chroinin_1-1000x1000-1-141x141.jpg 141w, https:\/\/tg4-docs.s3.amazonaws.com\/wp-content\/uploads\/2024\/03\/25172250\/Nell_Ni_Chroinin_1-1000x1000-1-250x250.jpg 250w, https:\/\/tg4-docs.s3.amazonaws.com\/wp-content\/uploads\/2024\/03\/25172250\/Nell_Ni_Chroinin_1-1000x1000-1-700x700.jpg 700w, https:\/\/tg4-docs.s3.amazonaws.com\/wp-content\/uploads\/2024\/03\/25172250\/Nell_Ni_Chroinin_1-1000x1000-1-120x120.jpg 120w, https:\/\/tg4-docs.s3.amazonaws.com\/wp-content\/uploads\/2024\/03\/25172250\/Nell_Ni_Chroinin_1-1000x1000-1.jpg 1000w\" sizes=\"(max-width: 141px) 100vw, 141px\" \/><\/a><\/p>\n<p>Nell N\u00ed Chr\u00f3in\u00edn was born in reared in the M\u00fascra\u00ed Gaeltacht of B\u00e9al \u00c1tha\u2019n Ghaorthaidh. She comes from a musical family on all sides, from the \u00d3 Riord\u00e1in agus the Muirthile families from C\u00fal Aodh and the Cr\u00f3in\u00edns from B\u00e9al \u00c1tha\u2019n Ghaorthaidh.<br \/>\nWhen she was only 11 years old, she took part in the singing scheme \u2018Aisling Gheal\u2019.  This is where she first encountered the singing of the great M\u00e1ire N\u00ed Cheilleachair, from who she got a magnificent collection of songs from her own area.  Nell went on to gather more from local singers, Madhic\u00ed \u00d3 Suilleabh\u00e1in agus \u00c9ilis N\u00ed Sh\u00failleabh\u00e1in.  The result of the young singers collecting and singing won her the coveted Gradam Ceoil TG4, singer award in 2012 and Corn Ui Riada at Oireachtas na Gaeilge in 2014.  She is presently the lead singer with the renowned group Dan\u00fa. She tours across the globe with the group to great acclaim.<br \/>\n&nbsp;<\/p>\n<hr>\n<p><strong>Ellie Byrne<\/strong><br \/>\n<a href=\"https:\/\/tg4-docs.s3.amazonaws.com\/wp-content\/uploads\/2024\/03\/25172237\/Ellie_Byrne_1-1000x1000-1.jpg\"><img loading=\"lazy\" decoding=\"async\" width=\"141\" height=\"141\" src=\"https:\/\/tg4-docs.s3.amazonaws.com\/wp-content\/uploads\/2024\/03\/25172237\/Ellie_Byrne_1-1000x1000-1-141x141.jpg\" alt=\"\" class=\"aligncenter size-thumbnail wp-image-213734\" srcset=\"https:\/\/tg4-docs.s3.amazonaws.com\/wp-content\/uploads\/2024\/03\/25172237\/Ellie_Byrne_1-1000x1000-1-141x141.jpg 141w, https:\/\/tg4-docs.s3.amazonaws.com\/wp-content\/uploads\/2024\/03\/25172237\/Ellie_Byrne_1-1000x1000-1-250x250.jpg 250w, https:\/\/tg4-docs.s3.amazonaws.com\/wp-content\/uploads\/2024\/03\/25172237\/Ellie_Byrne_1-1000x1000-1-700x700.jpg 700w, https:\/\/tg4-docs.s3.amazonaws.com\/wp-content\/uploads\/2024\/03\/25172237\/Ellie_Byrne_1-1000x1000-1-120x120.jpg 120w, https:\/\/tg4-docs.s3.amazonaws.com\/wp-content\/uploads\/2024\/03\/25172237\/Ellie_Byrne_1-1000x1000-1.jpg 1000w\" sizes=\"(max-width: 141px) 100vw, 141px\" \/><\/a><\/p>\n<p>Ellie Byrne spent 18 years of her career as the Press and Performing Arts Manager at the Irish World Academy at the University of Limerick, under the directorship of the late Professor M\u00edche\u00e1l \u00d3 S\u00failleabh\u00e1in. In 2014 she left UL to establish her own PR and arts management venture, EB Promotions. Since its inception, her company has become a go-to for for musicians, dancers, solo artists and bands seeking press management services. Among the notable artists she has represented are Altan, Declan O\u2019Rourke, Martin Hayes, Karan Casey, Kevin Burke, The Kilfenora C\u00e9ili Band &#038; Eiri\u00fa Dance Company.  She&#8217;s based in Kilkee County Clare.<br \/>\n&nbsp;<br \/>\n&nbsp;<\/p>\n","protected":false},"excerpt":{"rendered":"<p>Na Molt\u00f3ir\u00ed Note from Neil Martin &#8211; Cathaoirleach Choiste Roghn\u00fach\u00e1in Ghradam Ceoil TG4 2024 What a magnificent combination of Mary McPartlan\u2019s vision and TG4\u2019s realization of her dream that traditional music and dance has enjoyed since 1998. A highlight in the diary of the traditional music year, it hurtled out of the traps from the [&hellip;]<\/p>\n","protected":false},"author":876,"featured_media":0,"parent":12968,"menu_order":3,"comment_status":"closed","ping_status":"closed","template":"page-templates\/template-corporate.php","meta":{"_acf_changed":false,"footnotes":""},"acf":[],"yoast_head":"<!-- This site is optimized with the Yoast SEO plugin v22.6 - https:\/\/yoast.com\/wordpress\/plugins\/seo\/ -->\n<title>Gradam Ceoil TG4 2024 | The Judges | TG4<\/title>\n<meta name=\"robots\" content=\"index, follow, max-snippet:-1, max-image-preview:large, max-video-preview:-1\" \/>\n<meta property=\"og:locale\" content=\"en_US\" \/>\n<meta property=\"og:type\" content=\"article\" \/>\n<meta property=\"og:title\" content=\"Gradam Ceoil TG4 2024 | The Judges | TG4\" \/>\n<meta property=\"og:description\" content=\"Na Molt\u00f3ir\u00ed Note from Neil Martin &#8211; Cathaoirleach Choiste Roghn\u00fach\u00e1in Ghradam Ceoil TG4 2024 What a magnificent combination of Mary McPartlan\u2019s vision and TG4\u2019s realization of her dream that traditional music and dance has enjoyed since 1998. A highlight in the diary of the traditional music year, it hurtled out of the traps from the [&hellip;]\" \/>\n<meta property=\"og:url\" content=\"https:\/\/dev.tg4.ie\/en\/other-brands\/gradam-ceoil\/the-judges\/\" \/>\n<meta property=\"og:site_name\" content=\"TG4\" \/>\n<meta property=\"article:publisher\" content=\"https:\/\/www.facebook.com\/TG4TV\" \/>\n<meta property=\"og:image\" content=\"https:\/\/dev.tg4.ie\/wp-content\/uploads\/2024\/03\/Neil_Martin_1-1000x1000-1-141x141.jpg\" \/>\n<meta name=\"twitter:card\" content=\"summary_large_image\" \/>\n<meta name=\"twitter:site\" content=\"@TG4TV\" \/>\n<meta name=\"twitter:label1\" content=\"Est. reading time\" \/>\n\t<meta name=\"twitter:data1\" content=\"7 minutes\" \/>\n<script type=\"application\/ld+json\" class=\"yoast-schema-graph\">{\"@context\":\"https:\/\/schema.org\",\"@graph\":[{\"@type\":\"WebPage\",\"@id\":\"https:\/\/dev.tg4.ie\/en\/other-brands\/gradam-ceoil\/the-judges\/\",\"url\":\"https:\/\/dev.tg4.ie\/en\/other-brands\/gradam-ceoil\/the-judges\/\",\"name\":\"Gradam Ceoil TG4 2024 | The Judges | TG4\",\"isPartOf\":{\"@id\":\"https:\/\/dev.tg4.ie\/en\/#website\"},\"primaryImageOfPage\":{\"@id\":\"https:\/\/dev.tg4.ie\/en\/other-brands\/gradam-ceoil\/the-judges\/#primaryimage\"},\"image\":{\"@id\":\"https:\/\/dev.tg4.ie\/en\/other-brands\/gradam-ceoil\/the-judges\/#primaryimage\"},\"thumbnailUrl\":\"https:\/\/dev.tg4.ie\/wp-content\/uploads\/2024\/03\/Neil_Martin_1-1000x1000-1-141x141.jpg\",\"datePublished\":\"2024-03-26T14:08:00+00:00\",\"dateModified\":\"2024-03-26T14:08:00+00:00\",\"breadcrumb\":{\"@id\":\"https:\/\/dev.tg4.ie\/en\/other-brands\/gradam-ceoil\/the-judges\/#breadcrumb\"},\"inLanguage\":\"en-ie\",\"potentialAction\":[{\"@type\":\"ReadAction\",\"target\":[\"https:\/\/dev.tg4.ie\/en\/other-brands\/gradam-ceoil\/the-judges\/\"]}]},{\"@type\":\"ImageObject\",\"inLanguage\":\"en-ie\",\"@id\":\"https:\/\/dev.tg4.ie\/en\/other-brands\/gradam-ceoil\/the-judges\/#primaryimage\",\"url\":\"https:\/\/dev.tg4.ie\/wp-content\/uploads\/2024\/03\/Neil_Martin_1-1000x1000-1-141x141.jpg\",\"contentUrl\":\"https:\/\/dev.tg4.ie\/wp-content\/uploads\/2024\/03\/Neil_Martin_1-1000x1000-1-141x141.jpg\"},{\"@type\":\"BreadcrumbList\",\"@id\":\"https:\/\/dev.tg4.ie\/en\/other-brands\/gradam-ceoil\/the-judges\/#breadcrumb\",\"itemListElement\":[{\"@type\":\"ListItem\",\"position\":1,\"name\":\"Home\",\"item\":\"https:\/\/dev.tg4.ie\/en\/\"},{\"@type\":\"ListItem\",\"position\":2,\"name\":\"Other Brands\",\"item\":\"https:\/\/dev.tg4.ie\/en\/other-brands\/\"},{\"@type\":\"ListItem\",\"position\":3,\"name\":\"Gradam Ceoil TG4\",\"item\":\"https:\/\/dev.tg4.ie\/en\/other-brands\/gradam-ceoil\/\"},{\"@type\":\"ListItem\",\"position\":4,\"name\":\"The Judges\"}]},{\"@type\":\"WebSite\",\"@id\":\"https:\/\/dev.tg4.ie\/en\/#website\",\"url\":\"https:\/\/dev.tg4.ie\/en\/\",\"name\":\"TG4\",\"description\":\"S\u00fail Eile\",\"potentialAction\":[{\"@type\":\"SearchAction\",\"target\":{\"@type\":\"EntryPoint\",\"urlTemplate\":\"https:\/\/dev.tg4.ie\/en\/?s={search_term_string}\"},\"query-input\":\"required name=search_term_string\"}],\"inLanguage\":\"en-ie\"}]}<\/script>\n<!-- \/ Yoast SEO plugin. -->","yoast_head_json":{"title":"Gradam Ceoil TG4 2024 | The Judges | TG4","robots":{"index":"index","follow":"follow","max-snippet":"max-snippet:-1","max-image-preview":"max-image-preview:large","max-video-preview":"max-video-preview:-1"},"og_locale":"en_US","og_type":"article","og_title":"Gradam Ceoil TG4 2024 | The Judges | TG4","og_description":"Na Molt\u00f3ir\u00ed Note from Neil Martin &#8211; Cathaoirleach Choiste Roghn\u00fach\u00e1in Ghradam Ceoil TG4 2024 What a magnificent combination of Mary McPartlan\u2019s vision and TG4\u2019s realization of her dream that traditional music and dance has enjoyed since 1998. A highlight in the diary of the traditional music year, it hurtled out of the traps from the [&hellip;]","og_url":"https:\/\/dev.tg4.ie\/en\/other-brands\/gradam-ceoil\/the-judges\/","og_site_name":"TG4","article_publisher":"https:\/\/www.facebook.com\/TG4TV","og_image":[{"url":"https:\/\/dev.tg4.ie\/wp-content\/uploads\/2024\/03\/Neil_Martin_1-1000x1000-1-141x141.jpg"}],"twitter_card":"summary_large_image","twitter_site":"@TG4TV","twitter_misc":{"Est. reading time":"7 minutes"},"schema":{"@context":"https:\/\/schema.org","@graph":[{"@type":"WebPage","@id":"https:\/\/dev.tg4.ie\/en\/other-brands\/gradam-ceoil\/the-judges\/","url":"https:\/\/dev.tg4.ie\/en\/other-brands\/gradam-ceoil\/the-judges\/","name":"Gradam Ceoil TG4 2024 | The Judges | TG4","isPartOf":{"@id":"https:\/\/dev.tg4.ie\/en\/#website"},"primaryImageOfPage":{"@id":"https:\/\/dev.tg4.ie\/en\/other-brands\/gradam-ceoil\/the-judges\/#primaryimage"},"image":{"@id":"https:\/\/dev.tg4.ie\/en\/other-brands\/gradam-ceoil\/the-judges\/#primaryimage"},"thumbnailUrl":"https:\/\/dev.tg4.ie\/wp-content\/uploads\/2024\/03\/Neil_Martin_1-1000x1000-1-141x141.jpg","datePublished":"2024-03-26T14:08:00+00:00","dateModified":"2024-03-26T14:08:00+00:00","breadcrumb":{"@id":"https:\/\/dev.tg4.ie\/en\/other-brands\/gradam-ceoil\/the-judges\/#breadcrumb"},"inLanguage":"en-ie","potentialAction":[{"@type":"ReadAction","target":["https:\/\/dev.tg4.ie\/en\/other-brands\/gradam-ceoil\/the-judges\/"]}]},{"@type":"ImageObject","inLanguage":"en-ie","@id":"https:\/\/dev.tg4.ie\/en\/other-brands\/gradam-ceoil\/the-judges\/#primaryimage","url":"https:\/\/dev.tg4.ie\/wp-content\/uploads\/2024\/03\/Neil_Martin_1-1000x1000-1-141x141.jpg","contentUrl":"https:\/\/dev.tg4.ie\/wp-content\/uploads\/2024\/03\/Neil_Martin_1-1000x1000-1-141x141.jpg"},{"@type":"BreadcrumbList","@id":"https:\/\/dev.tg4.ie\/en\/other-brands\/gradam-ceoil\/the-judges\/#breadcrumb","itemListElement":[{"@type":"ListItem","position":1,"name":"Home","item":"https:\/\/dev.tg4.ie\/en\/"},{"@type":"ListItem","position":2,"name":"Other Brands","item":"https:\/\/dev.tg4.ie\/en\/other-brands\/"},{"@type":"ListItem","position":3,"name":"Gradam Ceoil TG4","item":"https:\/\/dev.tg4.ie\/en\/other-brands\/gradam-ceoil\/"},{"@type":"ListItem","position":4,"name":"The Judges"}]},{"@type":"WebSite","@id":"https:\/\/dev.tg4.ie\/en\/#website","url":"https:\/\/dev.tg4.ie\/en\/","name":"TG4","description":"S\u00fail Eile","potentialAction":[{"@type":"SearchAction","target":{"@type":"EntryPoint","urlTemplate":"https:\/\/dev.tg4.ie\/en\/?s={search_term_string}"},"query-input":"required name=search_term_string"}],"inLanguage":"en-ie"}]}},"_links":{"self":[{"href":"https:\/\/dev.tg4.ie\/en\/wp-json\/wp\/v2\/pages\/213710"}],"collection":[{"href":"https:\/\/dev.tg4.ie\/en\/wp-json\/wp\/v2\/pages"}],"about":[{"href":"https:\/\/dev.tg4.ie\/en\/wp-json\/wp\/v2\/types\/page"}],"author":[{"embeddable":true,"href":"https:\/\/dev.tg4.ie\/en\/wp-json\/wp\/v2\/users\/876"}],"replies":[{"embeddable":true,"href":"https:\/\/dev.tg4.ie\/en\/wp-json\/wp\/v2\/comments?post=213710"}],"version-history":[{"count":0,"href":"https:\/\/dev.tg4.ie\/en\/wp-json\/wp\/v2\/pages\/213710\/revisions"}],"up":[{"embeddable":true,"href":"https:\/\/dev.tg4.ie\/en\/wp-json\/wp\/v2\/pages\/12968"}],"wp:attachment":[{"href":"https:\/\/dev.tg4.ie\/en\/wp-json\/wp\/v2\/media?parent=213710"}],"curies":[{"name":"wp","href":"https:\/\/api.w.org\/{rel}","templated":true}]}}