{"id":213716,"date":"2024-03-25T16:47:40","date_gmt":"2024-03-25T16:47:40","guid":{"rendered":"https:\/\/dev.tg4.ie\/?page_id=213716"},"modified":"2024-03-25T16:49:50","modified_gmt":"2024-03-25T16:49:50","slug":"research-reveals-increase-in-classroom-adoption-of-visual-media-highlighting-the-impact-of-tg4-cula4-on-enhanced-learning-experiences","status":"publish","type":"page","link":"https:\/\/dev.tg4.ie\/en\/information\/press\/press-releases\/2024-2\/research-reveals-increase-in-classroom-adoption-of-visual-media-highlighting-the-impact-of-tg4-cula4-on-enhanced-learning-experiences\/","title":{"rendered":"Research Reveals increase in Classroom Adoption of Visual Media, Highlighting the Impact of TG4\/C\u00fala4 on Enhanced Learning Experiences"},"content":{"rendered":"<p><img loading=\"lazy\" decoding=\"async\" width=\"1920\" height=\"1080\" src=\"https:\/\/tg4-docs.s3.amazonaws.com\/wp-content\/uploads\/2024\/03\/25164022\/Infographic_TG4-Cula4_Seomra_Ranga_1-1920x1080-1.jpg\" alt=\"\" class=\"aligncenter size-full wp-image-213714\" srcset=\"https:\/\/tg4-docs.s3.amazonaws.com\/wp-content\/uploads\/2024\/03\/25164022\/Infographic_TG4-Cula4_Seomra_Ranga_1-1920x1080-1.jpg 1920w, https:\/\/tg4-docs.s3.amazonaws.com\/wp-content\/uploads\/2024\/03\/25164022\/Infographic_TG4-Cula4_Seomra_Ranga_1-1920x1080-1-250x141.jpg 250w, https:\/\/tg4-docs.s3.amazonaws.com\/wp-content\/uploads\/2024\/03\/25164022\/Infographic_TG4-Cula4_Seomra_Ranga_1-1920x1080-1-700x394.jpg 700w, https:\/\/tg4-docs.s3.amazonaws.com\/wp-content\/uploads\/2024\/03\/25164022\/Infographic_TG4-Cula4_Seomra_Ranga_1-1920x1080-1-252x141.jpg 252w, https:\/\/tg4-docs.s3.amazonaws.com\/wp-content\/uploads\/2024\/03\/25164022\/Infographic_TG4-Cula4_Seomra_Ranga_1-1920x1080-1-1536x864.jpg 1536w, https:\/\/tg4-docs.s3.amazonaws.com\/wp-content\/uploads\/2024\/03\/25164022\/Infographic_TG4-Cula4_Seomra_Ranga_1-1920x1080-1-120x68.jpg 120w\" sizes=\"(max-width: 1920px) 100vw, 1920px\" \/><br \/>\n&nbsp;<br \/>\nThe results of research commissioned by TG4 on the role of TG4 as an educational resource and opportunity were recently published.  <\/p>\n<p>Following research conducted by RED C Marketing &#038; Research, commissioned by TG4 in 2020, to examine the use of C\u00fala4 in National schools, it is evident from the research results of 2023 that there has been a significant increase in the use of C\u00fala4 and TG4 in the classroom. <\/p>\n<p>The main findings indicate that 52% of teachers surveyed now use TG4\/C\u00fala4 in the classroom. This equates to 12,270 teachers nationwide, with an estimated audience of 288,000 according to the survey. This signifies a 15% increase in classroom viewership since the previous research conducted in 2020. It&#8217;s not just the increase in usage that is significant; 86% of teachers report that visual media opportunities are used in the classroom at least once a week. <\/p>\n<p>The research results show a consistent trend, as schools returned to face-to-face teaching post the Covid-19 pandemic, utilising video media resources, TG4\/C\u00fala4 in this case. Additionally, following the success of &#8216;C\u00fala4 ar Scoil&#8217; during the pandemic, 43% of surveyed teachers state that they use visual media in the classroom when teaching Irish most or all of the time, with approximately two-thirds, 60%, of teachers believing that video resources are very important in their teaching. <\/p>\n<p>One significant aspect highlighted by this latest research is that 77% of teachers consider visual media opportunities to be a fundamental aspect of their lesson plans for some subjects. These results indicate a shift in mindset and satisfaction among teachers, who are also clearly happy to adapt their teaching methods to meet educational goals. <\/p>\n<p>Teachers, who often have limited time to search for new resources, praised the continued availability of content through TG4. They also noted a stronger engagement with the video resources available through TG4, as students hear Irish spoken by native speakers, which is deemed better than learning from textbooks in the classroom. Among the surveyed teachers, it was common to use video resources for specific subjects such as Irish, Music, History, and Geography. 91% of teachers use video media \u2018most\/all of the time\u2019 or \u2018sometimes\u2019 when teaching History and Geography, and 86% when teaching the Irish Language.  <\/p>\n<p>There is widespread praise across the education sector for the establishment of C\u00fala4 a few months ago and &#8216;Nuacht C\u00fala4&#8217; is mentioned as the best-performing program in the station&#8217;s schedule. <\/p>\n<p>The Research indicates that the programme most regularly used in classrooms is \u2018Nuacht C\u00fala4\u2019 with 18% of teachers saying they \u2018often use\u2019 &#8216;Nuacht C\u00fala4&#8217; in the classroom. There is a strong demand in all-Irish schools for &#8216;Is Eola\u00ed M\u00e9&#8217;, based on STEAM subjects, and &#8216;Nuacht C\u00fala4&#8217;, with 32% of teachers regularly using both programs in their teaching. <\/p>\n<p>Satisfaction levels with TG4 Foghlaim, TG4&#8217;s online educational platform, are very high, with 94% of those teachers who were aware of TG4 Foghlaim, stating it is &#8220;very good&#8221; or &#8220;good&#8221;. <\/p>\n<p>In contrast, only a quarter of teachers were aware of the online platform beforehand, indicating the need for greater awareness and understanding of the educational resources commissioned and made available on the platform. <\/p>\n<p>With regards to teachers opinions of &#8216;TG4 Foghlaim&#8217;, teachers appreciated its connection to the curriculum, the standard and quantity of resources available, and would like more diversity on the platform regarding proficiency levels in Irish. <\/p>\n<p>The most important factors considered by teachers when teaching Irish and their impact on determining the use of video media when teaching are (a) ensuring the content is understandable to the children b) the age appropriateness of the resources and (c) aligning it with the curriculum. <\/p>\n<p>Commenting on the research results, <strong>Geoff Tucker, Director of RED C Research &#038; Marketing<\/strong>, said, <em>&#8220;Regarding the Irish medium, TG4 could be the primary resource for every language school in Ireland. Levels of awareness and importance are curbing courses, as well as relying on the teacher&#8217;s development.&#8221;<\/em> <\/p>\n<p><strong>Conall \u00d3 M\u00e1irt\u00edn, TG4 Education Editor<\/strong>, expressed optimism about the research results but emphasized the need for additional resources, <em>&#8220;There is an opportunity to do more, and TG4 is committed to expanding &#8216;TG4 Foghlaim&#8217; and serving other educational areas, additional subjects, additional educational support opportunities, and more comprehensive content that aligns with the curriculum and educational themes.&#8221; <\/em><\/p>\n<p>&nbsp;<br \/>\n&nbsp;<\/p>\n","protected":false},"excerpt":{"rendered":"<p>&nbsp; The results of research commissioned by TG4 on the role of TG4 as an educational resource and opportunity were recently published. Following research conducted by RED C Marketing &#038; Research, commissioned by TG4 in 2020, to examine the use of C\u00fala4 in National schools, it is evident from the research results of 2023 that [&hellip;]<\/p>\n","protected":false},"author":876,"featured_media":0,"parent":208150,"menu_order":9,"comment_status":"closed","ping_status":"closed","template":"page-templates\/template-pr.php","meta":{"_acf_changed":false,"footnotes":""},"acf":[],"yoast_head":"<!-- This site is optimized with the Yoast SEO plugin v22.6 - https:\/\/yoast.com\/wordpress\/plugins\/seo\/ -->\n<title>Research Reveals increase in Classroom Adoption of Visual Media, Highlighting the Impact of TG4\/C\u00fala4 on Enhanced Learning Experiences | Press Release | TG4<\/title>\n<meta name=\"description\" content=\"Following research conducted by RED C Marketing &amp; Research, commissioned by TG4 in 2020, to examine the use of C\u00fala4 in National schools, it is evident from the research results of 2023 that there has been a significant increase in the use of C\u00fala4 and TG4 in the classroom.\" \/>\n<meta name=\"robots\" content=\"index, follow, max-snippet:-1, max-image-preview:large, max-video-preview:-1\" \/>\n<meta property=\"og:locale\" content=\"en_US\" \/>\n<meta property=\"og:type\" content=\"article\" \/>\n<meta property=\"og:title\" content=\"Research Reveals increase in Classroom Adoption of Visual Media, Highlighting the Impact of TG4\/C\u00fala4 on Enhanced Learning Experiences | Press Release | TG4\" \/>\n<meta property=\"og:description\" content=\"Following research conducted by RED C Marketing &amp; Research, commissioned by TG4 in 2020, to examine the use of C\u00fala4 in National schools, it is evident from the research results of 2023 that there has been a significant increase in the use of C\u00fala4 and TG4 in the classroom.\" \/>\n<meta property=\"og:url\" content=\"https:\/\/dev.tg4.ie\/en\/information\/press\/press-releases\/2024-2\/research-reveals-increase-in-classroom-adoption-of-visual-media-highlighting-the-impact-of-tg4-cula4-on-enhanced-learning-experiences\/\" \/>\n<meta property=\"og:site_name\" content=\"TG4\" \/>\n<meta property=\"article:publisher\" content=\"https:\/\/www.facebook.com\/TG4TV\" \/>\n<meta property=\"article:modified_time\" content=\"2024-03-25T16:49:50+00:00\" \/>\n<meta property=\"og:image\" content=\"https:\/\/tg4-docs.s3.amazonaws.com\/wp-content\/uploads\/2024\/03\/25164022\/Infographic_TG4-Cula4_Seomra_Ranga_1-1920x1080-1-700x394.jpg\" \/>\n<meta name=\"twitter:card\" content=\"summary_large_image\" \/>\n<meta name=\"twitter:image\" content=\"https:\/\/tg4-docs.s3.amazonaws.com\/wp-content\/uploads\/2024\/03\/25164022\/Infographic_TG4-Cula4_Seomra_Ranga_1-1920x1080-1-700x394.jpg\" \/>\n<meta name=\"twitter:site\" content=\"@TG4TV\" \/>\n<meta name=\"twitter:label1\" content=\"Est. reading time\" \/>\n\t<meta name=\"twitter:data1\" content=\"4 minutes\" \/>\n<script type=\"application\/ld+json\" class=\"yoast-schema-graph\">{\"@context\":\"https:\/\/schema.org\",\"@graph\":[{\"@type\":\"WebPage\",\"@id\":\"https:\/\/dev.tg4.ie\/en\/information\/press\/press-releases\/2024-2\/research-reveals-increase-in-classroom-adoption-of-visual-media-highlighting-the-impact-of-tg4-cula4-on-enhanced-learning-experiences\/\",\"url\":\"https:\/\/dev.tg4.ie\/en\/information\/press\/press-releases\/2024-2\/research-reveals-increase-in-classroom-adoption-of-visual-media-highlighting-the-impact-of-tg4-cula4-on-enhanced-learning-experiences\/\",\"name\":\"Research Reveals increase in Classroom Adoption of Visual Media, Highlighting the Impact of TG4\/C\u00fala4 on Enhanced Learning Experiences | Press Release | TG4\",\"isPartOf\":{\"@id\":\"https:\/\/dev.tg4.ie\/en\/#website\"},\"primaryImageOfPage\":{\"@id\":\"https:\/\/dev.tg4.ie\/en\/information\/press\/press-releases\/2024-2\/research-reveals-increase-in-classroom-adoption-of-visual-media-highlighting-the-impact-of-tg4-cula4-on-enhanced-learning-experiences\/#primaryimage\"},\"image\":{\"@id\":\"https:\/\/dev.tg4.ie\/en\/information\/press\/press-releases\/2024-2\/research-reveals-increase-in-classroom-adoption-of-visual-media-highlighting-the-impact-of-tg4-cula4-on-enhanced-learning-experiences\/#primaryimage\"},\"thumbnailUrl\":\"https:\/\/dev.tg4.ie\/wp-content\/uploads\/2024\/03\/Infographic_TG4-Cula4_Seomra_Ranga_1-1920x1080-1.jpg\",\"datePublished\":\"2024-03-25T16:47:40+00:00\",\"dateModified\":\"2024-03-25T16:49:50+00:00\",\"description\":\"Following research conducted by RED C Marketing & Research, commissioned by TG4 in 2020, to examine the use of C\u00fala4 in National schools, it is evident from the research results of 2023 that there has been a significant increase in the use of C\u00fala4 and TG4 in the classroom.\",\"breadcrumb\":{\"@id\":\"https:\/\/dev.tg4.ie\/en\/information\/press\/press-releases\/2024-2\/research-reveals-increase-in-classroom-adoption-of-visual-media-highlighting-the-impact-of-tg4-cula4-on-enhanced-learning-experiences\/#breadcrumb\"},\"inLanguage\":\"en-ie\",\"potentialAction\":[{\"@type\":\"ReadAction\",\"target\":[\"https:\/\/dev.tg4.ie\/en\/information\/press\/press-releases\/2024-2\/research-reveals-increase-in-classroom-adoption-of-visual-media-highlighting-the-impact-of-tg4-cula4-on-enhanced-learning-experiences\/\"]}]},{\"@type\":\"ImageObject\",\"inLanguage\":\"en-ie\",\"@id\":\"https:\/\/dev.tg4.ie\/en\/information\/press\/press-releases\/2024-2\/research-reveals-increase-in-classroom-adoption-of-visual-media-highlighting-the-impact-of-tg4-cula4-on-enhanced-learning-experiences\/#primaryimage\",\"url\":\"https:\/\/dev.tg4.ie\/wp-content\/uploads\/2024\/03\/Infographic_TG4-Cula4_Seomra_Ranga_1-1920x1080-1.jpg\",\"contentUrl\":\"https:\/\/dev.tg4.ie\/wp-content\/uploads\/2024\/03\/Infographic_TG4-Cula4_Seomra_Ranga_1-1920x1080-1.jpg\"},{\"@type\":\"BreadcrumbList\",\"@id\":\"https:\/\/dev.tg4.ie\/en\/information\/press\/press-releases\/2024-2\/research-reveals-increase-in-classroom-adoption-of-visual-media-highlighting-the-impact-of-tg4-cula4-on-enhanced-learning-experiences\/#breadcrumb\",\"itemListElement\":[{\"@type\":\"ListItem\",\"position\":1,\"name\":\"Home\",\"item\":\"https:\/\/dev.tg4.ie\/en\/\"},{\"@type\":\"ListItem\",\"position\":2,\"name\":\"Information\",\"item\":\"https:\/\/dev.tg4.ie\/en\/information\/\"},{\"@type\":\"ListItem\",\"position\":3,\"name\":\"Press\",\"item\":\"https:\/\/dev.tg4.ie\/en\/information\/press\/\"},{\"@type\":\"ListItem\",\"position\":4,\"name\":\"Press Releases\",\"item\":\"https:\/\/dev.tg4.ie\/en\/information\/press\/press-releases\/\"},{\"@type\":\"ListItem\",\"position\":5,\"name\":\"2024\",\"item\":\"https:\/\/dev.tg4.ie\/en\/information\/press\/press-releases\/2024-2\/\"},{\"@type\":\"ListItem\",\"position\":6,\"name\":\"Research Reveals increase in Classroom Adoption of Visual Media, Highlighting the Impact of TG4\/C\u00fala4 on Enhanced Learning Experiences\"}]},{\"@type\":\"WebSite\",\"@id\":\"https:\/\/dev.tg4.ie\/en\/#website\",\"url\":\"https:\/\/dev.tg4.ie\/en\/\",\"name\":\"TG4\",\"description\":\"S\u00fail Eile\",\"potentialAction\":[{\"@type\":\"SearchAction\",\"target\":{\"@type\":\"EntryPoint\",\"urlTemplate\":\"https:\/\/dev.tg4.ie\/en\/?s={search_term_string}\"},\"query-input\":\"required name=search_term_string\"}],\"inLanguage\":\"en-ie\"}]}<\/script>\n<!-- \/ Yoast SEO plugin. -->","yoast_head_json":{"title":"Research Reveals increase in Classroom Adoption of Visual Media, Highlighting the Impact of TG4\/C\u00fala4 on Enhanced Learning Experiences | Press Release | TG4","description":"Following research conducted by RED C Marketing & Research, commissioned by TG4 in 2020, to examine the use of C\u00fala4 in National schools, it is evident from the research results of 2023 that there has been a significant increase in the use of C\u00fala4 and TG4 in the classroom.","robots":{"index":"index","follow":"follow","max-snippet":"max-snippet:-1","max-image-preview":"max-image-preview:large","max-video-preview":"max-video-preview:-1"},"og_locale":"en_US","og_type":"article","og_title":"Research Reveals increase in Classroom Adoption of Visual Media, Highlighting the Impact of TG4\/C\u00fala4 on Enhanced Learning Experiences | Press Release | TG4","og_description":"Following research conducted by RED C Marketing & Research, commissioned by TG4 in 2020, to examine the use of C\u00fala4 in National schools, it is evident from the research results of 2023 that there has been a significant increase in the use of C\u00fala4 and TG4 in the classroom.","og_url":"https:\/\/dev.tg4.ie\/en\/information\/press\/press-releases\/2024-2\/research-reveals-increase-in-classroom-adoption-of-visual-media-highlighting-the-impact-of-tg4-cula4-on-enhanced-learning-experiences\/","og_site_name":"TG4","article_publisher":"https:\/\/www.facebook.com\/TG4TV","article_modified_time":"2024-03-25T16:49:50+00:00","og_image":[{"url":"https:\/\/tg4-docs.s3.amazonaws.com\/wp-content\/uploads\/2024\/03\/25164022\/Infographic_TG4-Cula4_Seomra_Ranga_1-1920x1080-1-700x394.jpg"}],"twitter_card":"summary_large_image","twitter_image":"https:\/\/tg4-docs.s3.amazonaws.com\/wp-content\/uploads\/2024\/03\/25164022\/Infographic_TG4-Cula4_Seomra_Ranga_1-1920x1080-1-700x394.jpg","twitter_site":"@TG4TV","twitter_misc":{"Est. reading time":"4 minutes"},"schema":{"@context":"https:\/\/schema.org","@graph":[{"@type":"WebPage","@id":"https:\/\/dev.tg4.ie\/en\/information\/press\/press-releases\/2024-2\/research-reveals-increase-in-classroom-adoption-of-visual-media-highlighting-the-impact-of-tg4-cula4-on-enhanced-learning-experiences\/","url":"https:\/\/dev.tg4.ie\/en\/information\/press\/press-releases\/2024-2\/research-reveals-increase-in-classroom-adoption-of-visual-media-highlighting-the-impact-of-tg4-cula4-on-enhanced-learning-experiences\/","name":"Research Reveals increase in Classroom Adoption of Visual Media, Highlighting the Impact of TG4\/C\u00fala4 on Enhanced Learning Experiences | Press Release | TG4","isPartOf":{"@id":"https:\/\/dev.tg4.ie\/en\/#website"},"primaryImageOfPage":{"@id":"https:\/\/dev.tg4.ie\/en\/information\/press\/press-releases\/2024-2\/research-reveals-increase-in-classroom-adoption-of-visual-media-highlighting-the-impact-of-tg4-cula4-on-enhanced-learning-experiences\/#primaryimage"},"image":{"@id":"https:\/\/dev.tg4.ie\/en\/information\/press\/press-releases\/2024-2\/research-reveals-increase-in-classroom-adoption-of-visual-media-highlighting-the-impact-of-tg4-cula4-on-enhanced-learning-experiences\/#primaryimage"},"thumbnailUrl":"https:\/\/dev.tg4.ie\/wp-content\/uploads\/2024\/03\/Infographic_TG4-Cula4_Seomra_Ranga_1-1920x1080-1.jpg","datePublished":"2024-03-25T16:47:40+00:00","dateModified":"2024-03-25T16:49:50+00:00","description":"Following research conducted by RED C Marketing & Research, commissioned by TG4 in 2020, to examine the use of C\u00fala4 in National schools, it is evident from the research results of 2023 that there has been a significant increase in the use of C\u00fala4 and TG4 in the classroom.","breadcrumb":{"@id":"https:\/\/dev.tg4.ie\/en\/information\/press\/press-releases\/2024-2\/research-reveals-increase-in-classroom-adoption-of-visual-media-highlighting-the-impact-of-tg4-cula4-on-enhanced-learning-experiences\/#breadcrumb"},"inLanguage":"en-ie","potentialAction":[{"@type":"ReadAction","target":["https:\/\/dev.tg4.ie\/en\/information\/press\/press-releases\/2024-2\/research-reveals-increase-in-classroom-adoption-of-visual-media-highlighting-the-impact-of-tg4-cula4-on-enhanced-learning-experiences\/"]}]},{"@type":"ImageObject","inLanguage":"en-ie","@id":"https:\/\/dev.tg4.ie\/en\/information\/press\/press-releases\/2024-2\/research-reveals-increase-in-classroom-adoption-of-visual-media-highlighting-the-impact-of-tg4-cula4-on-enhanced-learning-experiences\/#primaryimage","url":"https:\/\/dev.tg4.ie\/wp-content\/uploads\/2024\/03\/Infographic_TG4-Cula4_Seomra_Ranga_1-1920x1080-1.jpg","contentUrl":"https:\/\/dev.tg4.ie\/wp-content\/uploads\/2024\/03\/Infographic_TG4-Cula4_Seomra_Ranga_1-1920x1080-1.jpg"},{"@type":"BreadcrumbList","@id":"https:\/\/dev.tg4.ie\/en\/information\/press\/press-releases\/2024-2\/research-reveals-increase-in-classroom-adoption-of-visual-media-highlighting-the-impact-of-tg4-cula4-on-enhanced-learning-experiences\/#breadcrumb","itemListElement":[{"@type":"ListItem","position":1,"name":"Home","item":"https:\/\/dev.tg4.ie\/en\/"},{"@type":"ListItem","position":2,"name":"Information","item":"https:\/\/dev.tg4.ie\/en\/information\/"},{"@type":"ListItem","position":3,"name":"Press","item":"https:\/\/dev.tg4.ie\/en\/information\/press\/"},{"@type":"ListItem","position":4,"name":"Press Releases","item":"https:\/\/dev.tg4.ie\/en\/information\/press\/press-releases\/"},{"@type":"ListItem","position":5,"name":"2024","item":"https:\/\/dev.tg4.ie\/en\/information\/press\/press-releases\/2024-2\/"},{"@type":"ListItem","position":6,"name":"Research Reveals increase in Classroom Adoption of Visual Media, Highlighting the Impact of TG4\/C\u00fala4 on Enhanced Learning Experiences"}]},{"@type":"WebSite","@id":"https:\/\/dev.tg4.ie\/en\/#website","url":"https:\/\/dev.tg4.ie\/en\/","name":"TG4","description":"S\u00fail Eile","potentialAction":[{"@type":"SearchAction","target":{"@type":"EntryPoint","urlTemplate":"https:\/\/dev.tg4.ie\/en\/?s={search_term_string}"},"query-input":"required name=search_term_string"}],"inLanguage":"en-ie"}]}},"_links":{"self":[{"href":"https:\/\/dev.tg4.ie\/en\/wp-json\/wp\/v2\/pages\/213716"}],"collection":[{"href":"https:\/\/dev.tg4.ie\/en\/wp-json\/wp\/v2\/pages"}],"about":[{"href":"https:\/\/dev.tg4.ie\/en\/wp-json\/wp\/v2\/types\/page"}],"author":[{"embeddable":true,"href":"https:\/\/dev.tg4.ie\/en\/wp-json\/wp\/v2\/users\/876"}],"replies":[{"embeddable":true,"href":"https:\/\/dev.tg4.ie\/en\/wp-json\/wp\/v2\/comments?post=213716"}],"version-history":[{"count":0,"href":"https:\/\/dev.tg4.ie\/en\/wp-json\/wp\/v2\/pages\/213716\/revisions"}],"up":[{"embeddable":true,"href":"https:\/\/dev.tg4.ie\/en\/wp-json\/wp\/v2\/pages\/208150"}],"wp:attachment":[{"href":"https:\/\/dev.tg4.ie\/en\/wp-json\/wp\/v2\/media?parent=213716"}],"curies":[{"name":"wp","href":"https:\/\/api.w.org\/{rel}","templated":true}]}}