{"id":214854,"date":"2024-04-18T16:26:55","date_gmt":"2024-04-18T15:26:55","guid":{"rendered":"https:\/\/dev.tg4.ie\/?page_id=214854"},"modified":"2024-04-18T16:26:55","modified_gmt":"2024-04-18T15:26:55","slug":"tg4-celebrates-remarkable-performance-in-march-2024","status":"publish","type":"page","link":"https:\/\/dev.tg4.ie\/en\/information\/press\/press-releases\/2024-2\/tg4-celebrates-remarkable-performance-in-march-2024\/","title":{"rendered":"TG4 Celebrates Remarkable Performance in March 2024"},"content":{"rendered":"<table>\n<tbody>\n<tr>\n<td width=\"25%\">\n  <img loading=\"lazy\" decoding=\"async\" width=\"1920\" height=\"1080\" src=\"https:\/\/tg4-docs.s3.amazonaws.com\/wp-content\/uploads\/2024\/04\/18160851\/GlorTire20_1-1920x1080-1.jpg\" alt=\"\" class=\"aligncenter size-full wp-image-214851\" srcset=\"https:\/\/tg4-docs.s3.amazonaws.com\/wp-content\/uploads\/2024\/04\/18160851\/GlorTire20_1-1920x1080-1.jpg 1920w, https:\/\/tg4-docs.s3.amazonaws.com\/wp-content\/uploads\/2024\/04\/18160851\/GlorTire20_1-1920x1080-1-250x141.jpg 250w, https:\/\/tg4-docs.s3.amazonaws.com\/wp-content\/uploads\/2024\/04\/18160851\/GlorTire20_1-1920x1080-1-700x394.jpg 700w, https:\/\/tg4-docs.s3.amazonaws.com\/wp-content\/uploads\/2024\/04\/18160851\/GlorTire20_1-1920x1080-1-252x141.jpg 252w, https:\/\/tg4-docs.s3.amazonaws.com\/wp-content\/uploads\/2024\/04\/18160851\/GlorTire20_1-1920x1080-1-1536x864.jpg 1536w, https:\/\/tg4-docs.s3.amazonaws.com\/wp-content\/uploads\/2024\/04\/18160851\/GlorTire20_1-1920x1080-1-120x68.jpg 120w\" sizes=\"(max-width: 1920px) 100vw, 1920px\" \/>\n<\/td>\n<td width=\"25%\">\n  <img loading=\"lazy\" decoding=\"async\" width=\"1920\" height=\"1080\" src=\"https:\/\/tg4-docs.s3.amazonaws.com\/wp-content\/uploads\/2024\/04\/18161849\/SportTG4_1-1920x1080-1.jpg\" alt=\"\" class=\"aligncenter size-full wp-image-214860\" srcset=\"https:\/\/tg4-docs.s3.amazonaws.com\/wp-content\/uploads\/2024\/04\/18161849\/SportTG4_1-1920x1080-1.jpg 1920w, https:\/\/tg4-docs.s3.amazonaws.com\/wp-content\/uploads\/2024\/04\/18161849\/SportTG4_1-1920x1080-1-250x141.jpg 250w, https:\/\/tg4-docs.s3.amazonaws.com\/wp-content\/uploads\/2024\/04\/18161849\/SportTG4_1-1920x1080-1-700x394.jpg 700w, https:\/\/tg4-docs.s3.amazonaws.com\/wp-content\/uploads\/2024\/04\/18161849\/SportTG4_1-1920x1080-1-252x141.jpg 252w, https:\/\/tg4-docs.s3.amazonaws.com\/wp-content\/uploads\/2024\/04\/18161849\/SportTG4_1-1920x1080-1-1536x864.jpg 1536w, https:\/\/tg4-docs.s3.amazonaws.com\/wp-content\/uploads\/2024\/04\/18161849\/SportTG4_1-1920x1080-1-120x68.jpg 120w\" sizes=\"(max-width: 1920px) 100vw, 1920px\" \/>\n<\/td>\n<td width=\"25%\">\n  <img loading=\"lazy\" decoding=\"async\" width=\"1920\" height=\"1080\" src=\"https:\/\/tg4-docs.s3.amazonaws.com\/wp-content\/uploads\/2024\/04\/18160854\/Contractors2_1-1920x1080-1.jpg\" alt=\"\" class=\"aligncenter size-full wp-image-214852\" srcset=\"https:\/\/tg4-docs.s3.amazonaws.com\/wp-content\/uploads\/2024\/04\/18160854\/Contractors2_1-1920x1080-1.jpg 1920w, https:\/\/tg4-docs.s3.amazonaws.com\/wp-content\/uploads\/2024\/04\/18160854\/Contractors2_1-1920x1080-1-250x141.jpg 250w, https:\/\/tg4-docs.s3.amazonaws.com\/wp-content\/uploads\/2024\/04\/18160854\/Contractors2_1-1920x1080-1-700x394.jpg 700w, https:\/\/tg4-docs.s3.amazonaws.com\/wp-content\/uploads\/2024\/04\/18160854\/Contractors2_1-1920x1080-1-252x141.jpg 252w, https:\/\/tg4-docs.s3.amazonaws.com\/wp-content\/uploads\/2024\/04\/18160854\/Contractors2_1-1920x1080-1-1536x864.jpg 1536w, https:\/\/tg4-docs.s3.amazonaws.com\/wp-content\/uploads\/2024\/04\/18160854\/Contractors2_1-1920x1080-1-120x68.jpg 120w\" sizes=\"(max-width: 1920px) 100vw, 1920px\" \/>\n<\/td>\n<td width=\"25%\">\n  <img loading=\"lazy\" decoding=\"async\" width=\"1920\" height=\"1080\" src=\"https:\/\/tg4-docs.s3.amazonaws.com\/wp-content\/uploads\/2024\/04\/18160848\/Tarrac_2_1920x1080.jpg\" alt=\"\" class=\"aligncenter size-full wp-image-214850\" srcset=\"https:\/\/tg4-docs.s3.amazonaws.com\/wp-content\/uploads\/2024\/04\/18160848\/Tarrac_2_1920x1080.jpg 1920w, https:\/\/tg4-docs.s3.amazonaws.com\/wp-content\/uploads\/2024\/04\/18160848\/Tarrac_2_1920x1080-250x141.jpg 250w, https:\/\/tg4-docs.s3.amazonaws.com\/wp-content\/uploads\/2024\/04\/18160848\/Tarrac_2_1920x1080-700x394.jpg 700w, https:\/\/tg4-docs.s3.amazonaws.com\/wp-content\/uploads\/2024\/04\/18160848\/Tarrac_2_1920x1080-252x141.jpg 252w, https:\/\/tg4-docs.s3.amazonaws.com\/wp-content\/uploads\/2024\/04\/18160848\/Tarrac_2_1920x1080-1536x864.jpg 1536w, https:\/\/tg4-docs.s3.amazonaws.com\/wp-content\/uploads\/2024\/04\/18160848\/Tarrac_2_1920x1080-120x68.jpg 120w\" sizes=\"(max-width: 1920px) 100vw, 1920px\" \/>\n<\/td>\n<\/tr>\n<\/tbody>\n<\/table>\n<p>&nbsp;<\/p>\n<p>TG4 is thrilled to announce its outstanding performance in March 2024, marking a significant milestone for the Irish Language channel.<br \/>\n&nbsp;<br \/>\nFor the first time since April 2008, TG4&#8217;s monthly audience share surpassed 3%, reflecting a notable surge in the channel&#8217;s popularity among viewers in Ireland.<br \/>\n&nbsp;<br \/>\nMarch was a month filled with exciting programming, highlighted by extensive coverage of the Allianz Leagues. Throughout the month, TG4 broadcast a total of 20 matches, encompassing both football and hurling. The Allianz Football League Division 1 Final, featuring Dublin and Derry, emerged as a standout event, drawing an average audience of 230,900 for the \u2018GAA Beo\u2019 game.<br \/>\n&nbsp;<br \/>\nIn addition to sports coverage, March also saw the highly-anticipated return of &#8216;Contractors&#8217; for its second season. The season premiere captivated audiences with an impressive average viewership of 95,100. Fans can catch up on all episodes aired to date on the TG4 Player. <a href=\"https:\/\/nasc.tg4.tv\/Contractors_Sr2\" rel=\"noopener\" target=\"_blank\">https:\/\/nasc.tg4.tv\/Contractors_Sr2<\/a><br \/>\n&nbsp;<br \/>\nFurther enriching its March lineup, TG4 reintroduced &#8216;Gl\u00f3r T\u00edre&#8217;, Ireland&#8217;s sole Country Music Competition series, and showcased the TV premiere of &#8216;Tarrac&#8217;, a captivating CINE4 production, now available for streaming on the TG4 Player. (<a href=\"https:\/\/nasc.tg4.tv\/Tarrac\" rel=\"noopener\" target=\"_blank\">https:\/\/nasc.tg4.tv\/Tarrac<\/a>) (<a href=\"https:\/\/nasc.tg4.tv\/Gl\u00f3rT\u00edre-20\" rel=\"noopener\" target=\"_blank\">https:\/\/nasc.tg4.tv\/Gl\u00f3rT\u00edre-20<\/a>)<br \/>\n&nbsp;<br \/>\nBu\u00edochas \u00f3 chro\u00ed to our loyal audience and dedicated team for their continued support and commitment.<\/p>\n<p>&nbsp;<br \/>\n&nbsp;<\/p>\n","protected":false},"excerpt":{"rendered":"<p>&nbsp; TG4 is thrilled to announce its outstanding performance in March 2024, marking a significant milestone for the Irish Language channel. &nbsp; For the first time since April 2008, TG4&#8217;s monthly audience share surpassed 3%, reflecting a notable surge in the channel&#8217;s popularity among viewers in Ireland. &nbsp; March was a month filled with exciting [&hellip;]<\/p>\n","protected":false},"author":876,"featured_media":0,"parent":208150,"menu_order":11,"comment_status":"closed","ping_status":"closed","template":"page-templates\/template-pr.php","meta":{"_acf_changed":false,"footnotes":""},"acf":[],"yoast_head":"<!-- This site is optimized with the Yoast SEO plugin v22.6 - https:\/\/yoast.com\/wordpress\/plugins\/seo\/ -->\n<title>TG4 Celebrates Remarkable Performance in March 2024 | Press Release | TG4<\/title>\n<meta name=\"description\" content=\"TG4 is thrilled to announce its outstanding performance in March 2024, marking a significant milestone for the Irish Language channel.\" \/>\n<meta name=\"robots\" content=\"index, follow, max-snippet:-1, max-image-preview:large, max-video-preview:-1\" \/>\n<meta property=\"og:locale\" content=\"en_US\" \/>\n<meta property=\"og:type\" content=\"article\" \/>\n<meta property=\"og:title\" content=\"TG4 Celebrates Remarkable Performance in March 2024 | Press Release | TG4\" \/>\n<meta property=\"og:description\" content=\"TG4 is thrilled to announce its outstanding performance in March 2024, marking a significant milestone for the Irish Language channel.\" \/>\n<meta property=\"og:url\" content=\"https:\/\/dev.tg4.ie\/en\/information\/press\/press-releases\/2024-2\/tg4-celebrates-remarkable-performance-in-march-2024\/\" \/>\n<meta property=\"og:site_name\" content=\"TG4\" \/>\n<meta property=\"article:publisher\" content=\"https:\/\/www.facebook.com\/TG4TV\" \/>\n<meta property=\"og:image\" content=\"https:\/\/tg4-docs.s3.amazonaws.com\/wp-content\/uploads\/2024\/04\/18160854\/Contractors2_1-1920x1080-1.jpg\" \/>\n\t<meta property=\"og:image:width\" content=\"1920\" \/>\n\t<meta property=\"og:image:height\" content=\"1080\" \/>\n\t<meta property=\"og:image:type\" content=\"image\/jpeg\" \/>\n<meta name=\"twitter:card\" content=\"summary_large_image\" \/>\n<meta name=\"twitter:image\" content=\"https:\/\/tg4-docs.s3.amazonaws.com\/wp-content\/uploads\/2024\/04\/18160854\/Contractors2_1-1920x1080-1.jpg\" \/>\n<meta name=\"twitter:site\" content=\"@TG4TV\" \/>\n<meta name=\"twitter:label1\" content=\"Est. reading time\" \/>\n\t<meta name=\"twitter:data1\" content=\"2 minutes\" \/>\n<script type=\"application\/ld+json\" class=\"yoast-schema-graph\">{\"@context\":\"https:\/\/schema.org\",\"@graph\":[{\"@type\":\"WebPage\",\"@id\":\"https:\/\/dev.tg4.ie\/en\/information\/press\/press-releases\/2024-2\/tg4-celebrates-remarkable-performance-in-march-2024\/\",\"url\":\"https:\/\/dev.tg4.ie\/en\/information\/press\/press-releases\/2024-2\/tg4-celebrates-remarkable-performance-in-march-2024\/\",\"name\":\"TG4 Celebrates Remarkable Performance in March 2024 | Press Release | TG4\",\"isPartOf\":{\"@id\":\"https:\/\/dev.tg4.ie\/en\/#website\"},\"primaryImageOfPage\":{\"@id\":\"https:\/\/dev.tg4.ie\/en\/information\/press\/press-releases\/2024-2\/tg4-celebrates-remarkable-performance-in-march-2024\/#primaryimage\"},\"image\":{\"@id\":\"https:\/\/dev.tg4.ie\/en\/information\/press\/press-releases\/2024-2\/tg4-celebrates-remarkable-performance-in-march-2024\/#primaryimage\"},\"thumbnailUrl\":\"https:\/\/dev.tg4.ie\/wp-content\/uploads\/2024\/04\/GlorTire20_1-1920x1080-1.jpg\",\"datePublished\":\"2024-04-18T15:26:55+00:00\",\"dateModified\":\"2024-04-18T15:26:55+00:00\",\"description\":\"TG4 is thrilled to announce its outstanding performance in March 2024, marking a significant milestone for the Irish Language channel.\",\"breadcrumb\":{\"@id\":\"https:\/\/dev.tg4.ie\/en\/information\/press\/press-releases\/2024-2\/tg4-celebrates-remarkable-performance-in-march-2024\/#breadcrumb\"},\"inLanguage\":\"en-ie\",\"potentialAction\":[{\"@type\":\"ReadAction\",\"target\":[\"https:\/\/dev.tg4.ie\/en\/information\/press\/press-releases\/2024-2\/tg4-celebrates-remarkable-performance-in-march-2024\/\"]}]},{\"@type\":\"ImageObject\",\"inLanguage\":\"en-ie\",\"@id\":\"https:\/\/dev.tg4.ie\/en\/information\/press\/press-releases\/2024-2\/tg4-celebrates-remarkable-performance-in-march-2024\/#primaryimage\",\"url\":\"https:\/\/dev.tg4.ie\/wp-content\/uploads\/2024\/04\/GlorTire20_1-1920x1080-1.jpg\",\"contentUrl\":\"https:\/\/dev.tg4.ie\/wp-content\/uploads\/2024\/04\/GlorTire20_1-1920x1080-1.jpg\"},{\"@type\":\"BreadcrumbList\",\"@id\":\"https:\/\/dev.tg4.ie\/en\/information\/press\/press-releases\/2024-2\/tg4-celebrates-remarkable-performance-in-march-2024\/#breadcrumb\",\"itemListElement\":[{\"@type\":\"ListItem\",\"position\":1,\"name\":\"Home\",\"item\":\"https:\/\/dev.tg4.ie\/en\/\"},{\"@type\":\"ListItem\",\"position\":2,\"name\":\"Information\",\"item\":\"https:\/\/dev.tg4.ie\/en\/information\/\"},{\"@type\":\"ListItem\",\"position\":3,\"name\":\"Press\",\"item\":\"https:\/\/dev.tg4.ie\/en\/information\/press\/\"},{\"@type\":\"ListItem\",\"position\":4,\"name\":\"Press Releases\",\"item\":\"https:\/\/dev.tg4.ie\/en\/information\/press\/press-releases\/\"},{\"@type\":\"ListItem\",\"position\":5,\"name\":\"2024\",\"item\":\"https:\/\/dev.tg4.ie\/en\/information\/press\/press-releases\/2024-2\/\"},{\"@type\":\"ListItem\",\"position\":6,\"name\":\"TG4 Celebrates Remarkable Performance in March 2024\"}]},{\"@type\":\"WebSite\",\"@id\":\"https:\/\/dev.tg4.ie\/en\/#website\",\"url\":\"https:\/\/dev.tg4.ie\/en\/\",\"name\":\"TG4\",\"description\":\"S\u00fail Eile\",\"potentialAction\":[{\"@type\":\"SearchAction\",\"target\":{\"@type\":\"EntryPoint\",\"urlTemplate\":\"https:\/\/dev.tg4.ie\/en\/?s={search_term_string}\"},\"query-input\":\"required name=search_term_string\"}],\"inLanguage\":\"en-ie\"}]}<\/script>\n<!-- \/ Yoast SEO plugin. -->","yoast_head_json":{"title":"TG4 Celebrates Remarkable Performance in March 2024 | Press Release | TG4","description":"TG4 is thrilled to announce its outstanding performance in March 2024, marking a significant milestone for the Irish Language channel.","robots":{"index":"index","follow":"follow","max-snippet":"max-snippet:-1","max-image-preview":"max-image-preview:large","max-video-preview":"max-video-preview:-1"},"og_locale":"en_US","og_type":"article","og_title":"TG4 Celebrates Remarkable Performance in March 2024 | Press Release | TG4","og_description":"TG4 is thrilled to announce its outstanding performance in March 2024, marking a significant milestone for the Irish Language channel.","og_url":"https:\/\/dev.tg4.ie\/en\/information\/press\/press-releases\/2024-2\/tg4-celebrates-remarkable-performance-in-march-2024\/","og_site_name":"TG4","article_publisher":"https:\/\/www.facebook.com\/TG4TV","og_image":[{"width":1920,"height":1080,"url":"https:\/\/tg4-docs.s3.amazonaws.com\/wp-content\/uploads\/2024\/04\/18160854\/Contractors2_1-1920x1080-1.jpg","type":"image\/jpeg"}],"twitter_card":"summary_large_image","twitter_image":"https:\/\/tg4-docs.s3.amazonaws.com\/wp-content\/uploads\/2024\/04\/18160854\/Contractors2_1-1920x1080-1.jpg","twitter_site":"@TG4TV","twitter_misc":{"Est. reading time":"2 minutes"},"schema":{"@context":"https:\/\/schema.org","@graph":[{"@type":"WebPage","@id":"https:\/\/dev.tg4.ie\/en\/information\/press\/press-releases\/2024-2\/tg4-celebrates-remarkable-performance-in-march-2024\/","url":"https:\/\/dev.tg4.ie\/en\/information\/press\/press-releases\/2024-2\/tg4-celebrates-remarkable-performance-in-march-2024\/","name":"TG4 Celebrates Remarkable Performance in March 2024 | Press Release | TG4","isPartOf":{"@id":"https:\/\/dev.tg4.ie\/en\/#website"},"primaryImageOfPage":{"@id":"https:\/\/dev.tg4.ie\/en\/information\/press\/press-releases\/2024-2\/tg4-celebrates-remarkable-performance-in-march-2024\/#primaryimage"},"image":{"@id":"https:\/\/dev.tg4.ie\/en\/information\/press\/press-releases\/2024-2\/tg4-celebrates-remarkable-performance-in-march-2024\/#primaryimage"},"thumbnailUrl":"https:\/\/dev.tg4.ie\/wp-content\/uploads\/2024\/04\/GlorTire20_1-1920x1080-1.jpg","datePublished":"2024-04-18T15:26:55+00:00","dateModified":"2024-04-18T15:26:55+00:00","description":"TG4 is thrilled to announce its outstanding performance in March 2024, marking a significant milestone for the Irish Language channel.","breadcrumb":{"@id":"https:\/\/dev.tg4.ie\/en\/information\/press\/press-releases\/2024-2\/tg4-celebrates-remarkable-performance-in-march-2024\/#breadcrumb"},"inLanguage":"en-ie","potentialAction":[{"@type":"ReadAction","target":["https:\/\/dev.tg4.ie\/en\/information\/press\/press-releases\/2024-2\/tg4-celebrates-remarkable-performance-in-march-2024\/"]}]},{"@type":"ImageObject","inLanguage":"en-ie","@id":"https:\/\/dev.tg4.ie\/en\/information\/press\/press-releases\/2024-2\/tg4-celebrates-remarkable-performance-in-march-2024\/#primaryimage","url":"https:\/\/dev.tg4.ie\/wp-content\/uploads\/2024\/04\/GlorTire20_1-1920x1080-1.jpg","contentUrl":"https:\/\/dev.tg4.ie\/wp-content\/uploads\/2024\/04\/GlorTire20_1-1920x1080-1.jpg"},{"@type":"BreadcrumbList","@id":"https:\/\/dev.tg4.ie\/en\/information\/press\/press-releases\/2024-2\/tg4-celebrates-remarkable-performance-in-march-2024\/#breadcrumb","itemListElement":[{"@type":"ListItem","position":1,"name":"Home","item":"https:\/\/dev.tg4.ie\/en\/"},{"@type":"ListItem","position":2,"name":"Information","item":"https:\/\/dev.tg4.ie\/en\/information\/"},{"@type":"ListItem","position":3,"name":"Press","item":"https:\/\/dev.tg4.ie\/en\/information\/press\/"},{"@type":"ListItem","position":4,"name":"Press Releases","item":"https:\/\/dev.tg4.ie\/en\/information\/press\/press-releases\/"},{"@type":"ListItem","position":5,"name":"2024","item":"https:\/\/dev.tg4.ie\/en\/information\/press\/press-releases\/2024-2\/"},{"@type":"ListItem","position":6,"name":"TG4 Celebrates Remarkable Performance in March 2024"}]},{"@type":"WebSite","@id":"https:\/\/dev.tg4.ie\/en\/#website","url":"https:\/\/dev.tg4.ie\/en\/","name":"TG4","description":"S\u00fail Eile","potentialAction":[{"@type":"SearchAction","target":{"@type":"EntryPoint","urlTemplate":"https:\/\/dev.tg4.ie\/en\/?s={search_term_string}"},"query-input":"required name=search_term_string"}],"inLanguage":"en-ie"}]}},"_links":{"self":[{"href":"https:\/\/dev.tg4.ie\/en\/wp-json\/wp\/v2\/pages\/214854"}],"collection":[{"href":"https:\/\/dev.tg4.ie\/en\/wp-json\/wp\/v2\/pages"}],"about":[{"href":"https:\/\/dev.tg4.ie\/en\/wp-json\/wp\/v2\/types\/page"}],"author":[{"embeddable":true,"href":"https:\/\/dev.tg4.ie\/en\/wp-json\/wp\/v2\/users\/876"}],"replies":[{"embeddable":true,"href":"https:\/\/dev.tg4.ie\/en\/wp-json\/wp\/v2\/comments?post=214854"}],"version-history":[{"count":0,"href":"https:\/\/dev.tg4.ie\/en\/wp-json\/wp\/v2\/pages\/214854\/revisions"}],"up":[{"embeddable":true,"href":"https:\/\/dev.tg4.ie\/en\/wp-json\/wp\/v2\/pages\/208150"}],"wp:attachment":[{"href":"https:\/\/dev.tg4.ie\/en\/wp-json\/wp\/v2\/media?parent=214854"}],"curies":[{"name":"wp","href":"https:\/\/api.w.org\/{rel}","templated":true}]}}