{"id":216523,"date":"2024-05-20T16:35:31","date_gmt":"2024-05-20T15:35:31","guid":{"rendered":"https:\/\/dev.tg4.ie\/?page_id=216523"},"modified":"2024-05-20T16:35:31","modified_gmt":"2024-05-20T15:35:31","slug":"cruinniu-na-nog-and-cula4-present-amuigh-24","status":"publish","type":"page","link":"https:\/\/dev.tg4.ie\/en\/information\/press\/press-releases\/2024-2\/cruinniu-na-nog-and-cula4-present-amuigh-24\/","title":{"rendered":"Cruinni\u00fa na n\u00d3g and C\u00fala4 present &#8220;Amuigh 24&#8221;"},"content":{"rendered":"<table>\n<tbody>\n<tr>\n<td width=\"33%\">\n  <img loading=\"lazy\" decoding=\"async\" width=\"600\" height=\"335\" src=\"https:\/\/tg4-docs.s3.amazonaws.com\/wp-content\/uploads\/2024\/05\/20162718\/Amuigh24_1.jpg\" alt=\"\" class=\"aligncenter size-full wp-image-216519\" srcset=\"https:\/\/tg4-docs.s3.amazonaws.com\/wp-content\/uploads\/2024\/05\/20162718\/Amuigh24_1.jpg 600w, https:\/\/tg4-docs.s3.amazonaws.com\/wp-content\/uploads\/2024\/05\/20162718\/Amuigh24_1-250x140.jpg 250w, https:\/\/tg4-docs.s3.amazonaws.com\/wp-content\/uploads\/2024\/05\/20162718\/Amuigh24_1-252x141.jpg 252w, https:\/\/tg4-docs.s3.amazonaws.com\/wp-content\/uploads\/2024\/05\/20162718\/Amuigh24_1-120x67.jpg 120w\" sizes=\"(max-width: 600px) 100vw, 600px\" \/>\n<\/td>\n<td width=\"33%\">\n  <img loading=\"lazy\" decoding=\"async\" width=\"600\" height=\"335\" src=\"https:\/\/tg4-docs.s3.amazonaws.com\/wp-content\/uploads\/2024\/05\/20162722\/Amuigh24_2.jpg\" alt=\"\" class=\"aligncenter size-full wp-image-216521\" srcset=\"https:\/\/tg4-docs.s3.amazonaws.com\/wp-content\/uploads\/2024\/05\/20162722\/Amuigh24_2.jpg 600w, https:\/\/tg4-docs.s3.amazonaws.com\/wp-content\/uploads\/2024\/05\/20162722\/Amuigh24_2-250x140.jpg 250w, https:\/\/tg4-docs.s3.amazonaws.com\/wp-content\/uploads\/2024\/05\/20162722\/Amuigh24_2-252x141.jpg 252w, https:\/\/tg4-docs.s3.amazonaws.com\/wp-content\/uploads\/2024\/05\/20162722\/Amuigh24_2-120x67.jpg 120w\" sizes=\"(max-width: 600px) 100vw, 600px\" \/>\n<\/td>\n<td width=\"33%\">\n  <img loading=\"lazy\" decoding=\"async\" width=\"600\" height=\"335\" src=\"https:\/\/tg4-docs.s3.amazonaws.com\/wp-content\/uploads\/2024\/05\/20162720\/Amuigh24_3.jpg\" alt=\"\" class=\"aligncenter size-full wp-image-216520\" srcset=\"https:\/\/tg4-docs.s3.amazonaws.com\/wp-content\/uploads\/2024\/05\/20162720\/Amuigh24_3.jpg 600w, https:\/\/tg4-docs.s3.amazonaws.com\/wp-content\/uploads\/2024\/05\/20162720\/Amuigh24_3-250x140.jpg 250w, https:\/\/tg4-docs.s3.amazonaws.com\/wp-content\/uploads\/2024\/05\/20162720\/Amuigh24_3-252x141.jpg 252w, https:\/\/tg4-docs.s3.amazonaws.com\/wp-content\/uploads\/2024\/05\/20162720\/Amuigh24_3-120x67.jpg 120w\" sizes=\"(max-width: 600px) 100vw, 600px\" \/>\n<\/td>\n<\/tr>\n<\/tbody>\n<\/table>\n<p>&nbsp;<\/p>\n<p>Baile na hAbhann, Co. Galway &#8211; Cruinni\u00fa na n\u00d3g, in partnership with C\u00fala4 and F\u00edb\u00edn Media, is thrilled to announce the launch of <strong>&#8216;Amuigh 24&#8217;<\/strong> a vibrant one-day family festival dedicated to fostering creativity, art, and performance for children and young people aged 0 to 18. The event will take place on June 15, 2024, promising an immersive experience for families and communities from across Gaeltacht areas.<br \/>\n&nbsp;<\/p>\n<p><strong>&#8216;Amuigh 24&#8217;<\/strong> will offer a diverse range of activities and entertainment tailored to three distinct age groups: 0-5, 6-12, and 13-18. Through a carefully curated programme, participants will have the opportunity to engage in interactive workshops, artistic demonstrations, and live performances, providing a platform for young talent to showcase their skills and creativity.<br \/>\n&nbsp;<\/p>\n<p><strong>&#8216;Amuigh 24&#8217;<\/strong> will feature music from Junior Eurovision entry <strong>Jessica McKean<\/strong>, <strong>Trad Rave<\/strong> and <strong>Colm Seoighe &#038; na hEas\u00f3ga\u00ed<\/strong>. There will be workshops and performances from <strong>Circus le Cro\u00ed<\/strong>, <strong>Laurette na n\u00d3g- Trish Forde<\/strong> and <strong>Children\u2019s Books Ireland<\/strong>, drama, baking, crafting and many other events throughout the day.<br \/>\n&nbsp;<\/p>\n<p>This inclusive festival aims to ignite imaginations, nurture talent, and inspire a lifelong appreciation for creativity and culture. By encouraging active participation and exploration, <strong>&#8216;Amuigh24&#8217;<\/strong> seeks to empower young individuals to express themselves, embrace their cultural heritage, and connect with their peers in a supportive and dynamic environment.<br \/>\n&nbsp;<\/p>\n<p><em>&#8220;We are excited to launch <strong>&#8216;Amuigh 24&#8217;<\/strong> in collaboration with C\u00fala4, bringing together families and communities to celebrate the boundless creativity of our youth entirely as Gaeilge,&#8221;<\/em> said <strong>Sheila Deegan, from Creative Ireland and Programme Manager for Cruinni\u00fa na n\u00d3g<\/strong>. <em>&#8220;This festival represents a unique opportunity for young people from Gaeltacht areas to unleash their artistic potential, explore new forms of expression, and build lasting memories.&#8221; <\/em><br \/>\n&nbsp;<\/p>\n<p><strong>C\u00fala4 Channel Manager, Karina Feirt\u00e9ar<\/strong> said <em>&#8220;We are excited to bring <strong>&#8216;Amuigh 24&#8217;<\/strong> to life, a festival that not only celebrates the boundless creativity of our youth but also provides a nurturing environment for it to flourish. We believe in the power of the arts to inspire, educate, and empower, and we invite families across the Gaeltacht to join us in this celebration.&#8221; <\/em><br \/>\n&nbsp;<\/p>\n<p>As part of its commitment to inclusivity and diversity, <strong>&#8216;Amuigh 24&#8217;<\/strong> extends a warm invitation to young people from all Gaeltacht areas to participate in this unforgettable celebration of creativity and culture. Whether attending workshops, enjoying live performances, or simply soaking in the vibrant atmosphere, attendees can expect a day filled with inspiration, discovery, and fun for the whole family.<br \/>\n&nbsp;<\/p>\n<p>Save the date for <strong>&#8216;Amuigh 24&#8217;<\/strong> on June 15, 2024, and join us in harnessing the power of imagination to create a brighter, more colourful future for generations to come. This is a free event supported by the Roinn na Gaeltachta. All events are free but pre-registration is required by families, youth groups and young people.<br \/>\n&nbsp;<\/p>\n<p><strong>B\u00ed Cr\u00f3ga! B\u00ed Cruthaitheach! (Dare to be Creative) <\/strong><br \/>\n&nbsp;<\/p>\n<p>For more information, tickets and updates please visit Creative Ireland website HERE <a href=\"https:\/\/cruinniu.creativeireland.gov.ie\/event\/amuigh-24\/\" rel=\"noopener\" target=\"_blank\">https:\/\/cruinniu.creativeireland.gov.ie\/event\/amuigh-24\/<\/a><\/p>\n<p>&nbsp;<br \/>\n&nbsp;<\/p>\n","protected":false},"excerpt":{"rendered":"<p>&nbsp; Baile na hAbhann, Co. Galway &#8211; Cruinni\u00fa na n\u00d3g, in partnership with C\u00fala4 and F\u00edb\u00edn Media, is thrilled to announce the launch of &#8216;Amuigh 24&#8217; a vibrant one-day family festival dedicated to fostering creativity, art, and performance for children and young people aged 0 to 18. The event will take place on June 15, [&hellip;]<\/p>\n","protected":false},"author":876,"featured_media":0,"parent":208150,"menu_order":12,"comment_status":"closed","ping_status":"closed","template":"page-templates\/template-pr.php","meta":{"_acf_changed":false,"footnotes":""},"acf":[],"yoast_head":"<!-- This site is optimized with the Yoast SEO plugin v22.6 - https:\/\/yoast.com\/wordpress\/plugins\/seo\/ -->\n<title>Cruinni\u00fa na n\u00d3g and C\u00fala4 present &quot;Amuigh 24&quot; | Press Release | TG4<\/title>\n<meta name=\"description\" content=\"Cruinni\u00fa na n\u00d3g, in partnership with C\u00fala4 and F\u00edb\u00edn Media, is thrilled to announce the launch of &#039;Amuigh 24&#039; a vibrant one-day family festival dedicated to fostering creativity, art, and performance for children and young people aged 0 to 18. The event will take place on June 15, 2024, promising an immersive experience for families and communities from across Gaeltacht areas.\" \/>\n<meta name=\"robots\" content=\"index, follow, max-snippet:-1, max-image-preview:large, max-video-preview:-1\" \/>\n<meta property=\"og:locale\" content=\"en_US\" \/>\n<meta property=\"og:type\" content=\"article\" \/>\n<meta property=\"og:title\" content=\"Cruinni\u00fa na n\u00d3g and C\u00fala4 present &quot;Amuigh 24&quot; | Press Release | TG4\" \/>\n<meta property=\"og:description\" content=\"Cruinni\u00fa na n\u00d3g, in partnership with C\u00fala4 and F\u00edb\u00edn Media, is thrilled to announce the launch of &#039;Amuigh 24&#039; a vibrant one-day family festival dedicated to fostering creativity, art, and performance for children and young people aged 0 to 18. The event will take place on June 15, 2024, promising an immersive experience for families and communities from across Gaeltacht areas.\" \/>\n<meta property=\"og:url\" content=\"https:\/\/dev.tg4.ie\/en\/information\/press\/press-releases\/2024-2\/cruinniu-na-nog-and-cula4-present-amuigh-24\/\" \/>\n<meta property=\"og:site_name\" content=\"TG4\" \/>\n<meta property=\"article:publisher\" content=\"https:\/\/www.facebook.com\/TG4TV\" \/>\n<meta property=\"og:image\" content=\"https:\/\/tg4-docs.s3.amazonaws.com\/wp-content\/uploads\/2024\/05\/20162718\/Amuigh24_1.jpg\" \/>\n<meta name=\"twitter:card\" content=\"summary_large_image\" \/>\n<meta name=\"twitter:image\" content=\"https:\/\/tg4-docs.s3.amazonaws.com\/wp-content\/uploads\/2024\/05\/20162718\/Amuigh24_1.jpg\" \/>\n<meta name=\"twitter:site\" content=\"@TG4TV\" \/>\n<meta name=\"twitter:label1\" content=\"Est. reading time\" \/>\n\t<meta name=\"twitter:data1\" content=\"3 minutes\" \/>\n<script type=\"application\/ld+json\" class=\"yoast-schema-graph\">{\"@context\":\"https:\/\/schema.org\",\"@graph\":[{\"@type\":\"WebPage\",\"@id\":\"https:\/\/dev.tg4.ie\/en\/information\/press\/press-releases\/2024-2\/cruinniu-na-nog-and-cula4-present-amuigh-24\/\",\"url\":\"https:\/\/dev.tg4.ie\/en\/information\/press\/press-releases\/2024-2\/cruinniu-na-nog-and-cula4-present-amuigh-24\/\",\"name\":\"Cruinni\u00fa na n\u00d3g and C\u00fala4 present \\\"Amuigh 24\\\" | Press Release | TG4\",\"isPartOf\":{\"@id\":\"https:\/\/dev.tg4.ie\/en\/#website\"},\"primaryImageOfPage\":{\"@id\":\"https:\/\/dev.tg4.ie\/en\/information\/press\/press-releases\/2024-2\/cruinniu-na-nog-and-cula4-present-amuigh-24\/#primaryimage\"},\"image\":{\"@id\":\"https:\/\/dev.tg4.ie\/en\/information\/press\/press-releases\/2024-2\/cruinniu-na-nog-and-cula4-present-amuigh-24\/#primaryimage\"},\"thumbnailUrl\":\"https:\/\/dev.tg4.ie\/wp-content\/uploads\/2024\/05\/Amuigh24_1.jpg\",\"datePublished\":\"2024-05-20T15:35:31+00:00\",\"dateModified\":\"2024-05-20T15:35:31+00:00\",\"description\":\"Cruinni\u00fa na n\u00d3g, in partnership with C\u00fala4 and F\u00edb\u00edn Media, is thrilled to announce the launch of 'Amuigh 24' a vibrant one-day family festival dedicated to fostering creativity, art, and performance for children and young people aged 0 to 18. The event will take place on June 15, 2024, promising an immersive experience for families and communities from across Gaeltacht areas.\",\"breadcrumb\":{\"@id\":\"https:\/\/dev.tg4.ie\/en\/information\/press\/press-releases\/2024-2\/cruinniu-na-nog-and-cula4-present-amuigh-24\/#breadcrumb\"},\"inLanguage\":\"en-ie\",\"potentialAction\":[{\"@type\":\"ReadAction\",\"target\":[\"https:\/\/dev.tg4.ie\/en\/information\/press\/press-releases\/2024-2\/cruinniu-na-nog-and-cula4-present-amuigh-24\/\"]}]},{\"@type\":\"ImageObject\",\"inLanguage\":\"en-ie\",\"@id\":\"https:\/\/dev.tg4.ie\/en\/information\/press\/press-releases\/2024-2\/cruinniu-na-nog-and-cula4-present-amuigh-24\/#primaryimage\",\"url\":\"https:\/\/dev.tg4.ie\/wp-content\/uploads\/2024\/05\/Amuigh24_1.jpg\",\"contentUrl\":\"https:\/\/dev.tg4.ie\/wp-content\/uploads\/2024\/05\/Amuigh24_1.jpg\"},{\"@type\":\"BreadcrumbList\",\"@id\":\"https:\/\/dev.tg4.ie\/en\/information\/press\/press-releases\/2024-2\/cruinniu-na-nog-and-cula4-present-amuigh-24\/#breadcrumb\",\"itemListElement\":[{\"@type\":\"ListItem\",\"position\":1,\"name\":\"Home\",\"item\":\"https:\/\/dev.tg4.ie\/en\/\"},{\"@type\":\"ListItem\",\"position\":2,\"name\":\"Information\",\"item\":\"https:\/\/dev.tg4.ie\/en\/information\/\"},{\"@type\":\"ListItem\",\"position\":3,\"name\":\"Press\",\"item\":\"https:\/\/dev.tg4.ie\/en\/information\/press\/\"},{\"@type\":\"ListItem\",\"position\":4,\"name\":\"Press Releases\",\"item\":\"https:\/\/dev.tg4.ie\/en\/information\/press\/press-releases\/\"},{\"@type\":\"ListItem\",\"position\":5,\"name\":\"2024\",\"item\":\"https:\/\/dev.tg4.ie\/en\/information\/press\/press-releases\/2024-2\/\"},{\"@type\":\"ListItem\",\"position\":6,\"name\":\"Cruinni\u00fa na n\u00d3g and C\u00fala4 present &#8220;Amuigh 24&#8221;\"}]},{\"@type\":\"WebSite\",\"@id\":\"https:\/\/dev.tg4.ie\/en\/#website\",\"url\":\"https:\/\/dev.tg4.ie\/en\/\",\"name\":\"TG4\",\"description\":\"S\u00fail Eile\",\"potentialAction\":[{\"@type\":\"SearchAction\",\"target\":{\"@type\":\"EntryPoint\",\"urlTemplate\":\"https:\/\/dev.tg4.ie\/en\/?s={search_term_string}\"},\"query-input\":\"required name=search_term_string\"}],\"inLanguage\":\"en-ie\"}]}<\/script>\n<!-- \/ Yoast SEO plugin. -->","yoast_head_json":{"title":"Cruinni\u00fa na n\u00d3g and C\u00fala4 present \"Amuigh 24\" | Press Release | TG4","description":"Cruinni\u00fa na n\u00d3g, in partnership with C\u00fala4 and F\u00edb\u00edn Media, is thrilled to announce the launch of 'Amuigh 24' a vibrant one-day family festival dedicated to fostering creativity, art, and performance for children and young people aged 0 to 18. The event will take place on June 15, 2024, promising an immersive experience for families and communities from across Gaeltacht areas.","robots":{"index":"index","follow":"follow","max-snippet":"max-snippet:-1","max-image-preview":"max-image-preview:large","max-video-preview":"max-video-preview:-1"},"og_locale":"en_US","og_type":"article","og_title":"Cruinni\u00fa na n\u00d3g and C\u00fala4 present \"Amuigh 24\" | Press Release | TG4","og_description":"Cruinni\u00fa na n\u00d3g, in partnership with C\u00fala4 and F\u00edb\u00edn Media, is thrilled to announce the launch of 'Amuigh 24' a vibrant one-day family festival dedicated to fostering creativity, art, and performance for children and young people aged 0 to 18. The event will take place on June 15, 2024, promising an immersive experience for families and communities from across Gaeltacht areas.","og_url":"https:\/\/dev.tg4.ie\/en\/information\/press\/press-releases\/2024-2\/cruinniu-na-nog-and-cula4-present-amuigh-24\/","og_site_name":"TG4","article_publisher":"https:\/\/www.facebook.com\/TG4TV","og_image":[{"url":"https:\/\/tg4-docs.s3.amazonaws.com\/wp-content\/uploads\/2024\/05\/20162718\/Amuigh24_1.jpg"}],"twitter_card":"summary_large_image","twitter_image":"https:\/\/tg4-docs.s3.amazonaws.com\/wp-content\/uploads\/2024\/05\/20162718\/Amuigh24_1.jpg","twitter_site":"@TG4TV","twitter_misc":{"Est. reading time":"3 minutes"},"schema":{"@context":"https:\/\/schema.org","@graph":[{"@type":"WebPage","@id":"https:\/\/dev.tg4.ie\/en\/information\/press\/press-releases\/2024-2\/cruinniu-na-nog-and-cula4-present-amuigh-24\/","url":"https:\/\/dev.tg4.ie\/en\/information\/press\/press-releases\/2024-2\/cruinniu-na-nog-and-cula4-present-amuigh-24\/","name":"Cruinni\u00fa na n\u00d3g and C\u00fala4 present \"Amuigh 24\" | Press Release | TG4","isPartOf":{"@id":"https:\/\/dev.tg4.ie\/en\/#website"},"primaryImageOfPage":{"@id":"https:\/\/dev.tg4.ie\/en\/information\/press\/press-releases\/2024-2\/cruinniu-na-nog-and-cula4-present-amuigh-24\/#primaryimage"},"image":{"@id":"https:\/\/dev.tg4.ie\/en\/information\/press\/press-releases\/2024-2\/cruinniu-na-nog-and-cula4-present-amuigh-24\/#primaryimage"},"thumbnailUrl":"https:\/\/dev.tg4.ie\/wp-content\/uploads\/2024\/05\/Amuigh24_1.jpg","datePublished":"2024-05-20T15:35:31+00:00","dateModified":"2024-05-20T15:35:31+00:00","description":"Cruinni\u00fa na n\u00d3g, in partnership with C\u00fala4 and F\u00edb\u00edn Media, is thrilled to announce the launch of 'Amuigh 24' a vibrant one-day family festival dedicated to fostering creativity, art, and performance for children and young people aged 0 to 18. The event will take place on June 15, 2024, promising an immersive experience for families and communities from across Gaeltacht areas.","breadcrumb":{"@id":"https:\/\/dev.tg4.ie\/en\/information\/press\/press-releases\/2024-2\/cruinniu-na-nog-and-cula4-present-amuigh-24\/#breadcrumb"},"inLanguage":"en-ie","potentialAction":[{"@type":"ReadAction","target":["https:\/\/dev.tg4.ie\/en\/information\/press\/press-releases\/2024-2\/cruinniu-na-nog-and-cula4-present-amuigh-24\/"]}]},{"@type":"ImageObject","inLanguage":"en-ie","@id":"https:\/\/dev.tg4.ie\/en\/information\/press\/press-releases\/2024-2\/cruinniu-na-nog-and-cula4-present-amuigh-24\/#primaryimage","url":"https:\/\/dev.tg4.ie\/wp-content\/uploads\/2024\/05\/Amuigh24_1.jpg","contentUrl":"https:\/\/dev.tg4.ie\/wp-content\/uploads\/2024\/05\/Amuigh24_1.jpg"},{"@type":"BreadcrumbList","@id":"https:\/\/dev.tg4.ie\/en\/information\/press\/press-releases\/2024-2\/cruinniu-na-nog-and-cula4-present-amuigh-24\/#breadcrumb","itemListElement":[{"@type":"ListItem","position":1,"name":"Home","item":"https:\/\/dev.tg4.ie\/en\/"},{"@type":"ListItem","position":2,"name":"Information","item":"https:\/\/dev.tg4.ie\/en\/information\/"},{"@type":"ListItem","position":3,"name":"Press","item":"https:\/\/dev.tg4.ie\/en\/information\/press\/"},{"@type":"ListItem","position":4,"name":"Press Releases","item":"https:\/\/dev.tg4.ie\/en\/information\/press\/press-releases\/"},{"@type":"ListItem","position":5,"name":"2024","item":"https:\/\/dev.tg4.ie\/en\/information\/press\/press-releases\/2024-2\/"},{"@type":"ListItem","position":6,"name":"Cruinni\u00fa na n\u00d3g and C\u00fala4 present &#8220;Amuigh 24&#8221;"}]},{"@type":"WebSite","@id":"https:\/\/dev.tg4.ie\/en\/#website","url":"https:\/\/dev.tg4.ie\/en\/","name":"TG4","description":"S\u00fail Eile","potentialAction":[{"@type":"SearchAction","target":{"@type":"EntryPoint","urlTemplate":"https:\/\/dev.tg4.ie\/en\/?s={search_term_string}"},"query-input":"required name=search_term_string"}],"inLanguage":"en-ie"}]}},"_links":{"self":[{"href":"https:\/\/dev.tg4.ie\/en\/wp-json\/wp\/v2\/pages\/216523"}],"collection":[{"href":"https:\/\/dev.tg4.ie\/en\/wp-json\/wp\/v2\/pages"}],"about":[{"href":"https:\/\/dev.tg4.ie\/en\/wp-json\/wp\/v2\/types\/page"}],"author":[{"embeddable":true,"href":"https:\/\/dev.tg4.ie\/en\/wp-json\/wp\/v2\/users\/876"}],"replies":[{"embeddable":true,"href":"https:\/\/dev.tg4.ie\/en\/wp-json\/wp\/v2\/comments?post=216523"}],"version-history":[{"count":0,"href":"https:\/\/dev.tg4.ie\/en\/wp-json\/wp\/v2\/pages\/216523\/revisions"}],"up":[{"embeddable":true,"href":"https:\/\/dev.tg4.ie\/en\/wp-json\/wp\/v2\/pages\/208150"}],"wp:attachment":[{"href":"https:\/\/dev.tg4.ie\/en\/wp-json\/wp\/v2\/media?parent=216523"}],"curies":[{"name":"wp","href":"https:\/\/api.w.org\/{rel}","templated":true}]}}