{"id":217143,"date":"2024-06-05T12:56:07","date_gmt":"2024-06-05T11:56:07","guid":{"rendered":"https:\/\/dev.tg4.ie\/?page_id=217143"},"modified":"2024-06-05T12:59:35","modified_gmt":"2024-06-05T11:59:35","slug":"vota-2024-live-results-coverage-of-local-and-european-elections-on-tg4","status":"publish","type":"page","link":"https:\/\/dev.tg4.ie\/en\/information\/press\/press-releases\/2024-2\/vota-2024-live-results-coverage-of-local-and-european-elections-on-tg4\/","title":{"rendered":"V\u00f3ta 2024 \u2013 Live results coverage of Local and European elections on TG4"},"content":{"rendered":"<p><img loading=\"lazy\" decoding=\"async\" width=\"1920\" height=\"1080\" src=\"https:\/\/tg4-docs.s3.amazonaws.com\/wp-content\/uploads\/2024\/06\/05124820\/Vota2024_3-1920x1080-1.jpg\" alt=\"\" class=\"alignnone size-full wp-image-217140\" srcset=\"https:\/\/tg4-docs.s3.amazonaws.com\/wp-content\/uploads\/2024\/06\/05124820\/Vota2024_3-1920x1080-1.jpg 1920w, https:\/\/tg4-docs.s3.amazonaws.com\/wp-content\/uploads\/2024\/06\/05124820\/Vota2024_3-1920x1080-1-250x141.jpg 250w, https:\/\/tg4-docs.s3.amazonaws.com\/wp-content\/uploads\/2024\/06\/05124820\/Vota2024_3-1920x1080-1-700x394.jpg 700w, https:\/\/tg4-docs.s3.amazonaws.com\/wp-content\/uploads\/2024\/06\/05124820\/Vota2024_3-1920x1080-1-252x141.jpg 252w, https:\/\/tg4-docs.s3.amazonaws.com\/wp-content\/uploads\/2024\/06\/05124820\/Vota2024_3-1920x1080-1-1536x864.jpg 1536w, https:\/\/tg4-docs.s3.amazonaws.com\/wp-content\/uploads\/2024\/06\/05124820\/Vota2024_3-1920x1080-1-120x68.jpg 120w\" sizes=\"(max-width: 1920px) 100vw, 1920px\" \/><br \/>\n<sup>Pic: Si\u00fan Nic Gearailt &#038; Eimear N\u00ed Chonaola. Credit Martina Regan<\/sup><\/p>\n<p>&nbsp;<br \/>\nTG4 will broadcast live extended coverage of the results of the local and European elections on V\u00f3ta 2024 on Saturday 8th June and Sunday 9th June.<br \/>\n&nbsp;<br \/>\nNuacht TG4 journalists will broadcast live updates from election count centres across the country and there will be studio analysis from politicians and commentators on the most significant aspects of the elections from the TG4 studio.<br \/>\n&nbsp;<br \/>\nNuacht TG4 news presenters Eimear N\u00ed Chonaola and Si\u00fan Nic Gearailt will host V\u00f3ta 2024. They will be joined by former Fine Gael leader Alan Dukes, \u00c9amon \u00d3 Cu\u00edv T.D., Fianna F\u00e1il and Mair\u00e9ad Farrell T.D., Sinn F\u00e9in, Professor Emeritus Gear\u00f3id \u00d3 Tuathaigh, 2018 Presidential candidate and former Sinn F\u00e9in councillor Toir\u00e9asa Ferris, and former Minister of State for the Gaeltacht Dinny McGinley.<br \/>\n&nbsp;<br \/>\nV\u00f3ta 2024 will broadcast live on TG4 on Saturday 8th between 12-2pm and again in the evening from 7:15pm and on Sunday 9th June from 12-1pm and on Nuacht TG4 from 7pm.<br \/>\n&nbsp;<br \/>\nThere will be continuous coverage throughout the weekend on social media channels of X, Facebook and Instagram.<br \/>\n&nbsp;<br \/>\n<a href=\"https:\/\/x.com\/search?q=%23V%C3%B3ta24&#038;src=typed_query&#038;f=live\" rel=\"noopener\" target=\"_blank\">#V\u00f3ta24<\/a><\/p>\n<p>&nbsp;<\/p>\n<div style=\"position:relative;padding-top:56.25%;\">\n  <iframe src=\"https:\/\/www.youtube.com\/embed\/wlBLTeB4HxU\" frameborder=\"0\" allowfullscreen style=\"position:absolute;top:0;left:0;width:100%;height:100%;\"><\/iframe>\n<\/div>\n<p>&nbsp;<br \/>\n&nbsp;<\/p>\n","protected":false},"excerpt":{"rendered":"<p>Pic: Si\u00fan Nic Gearailt &#038; Eimear N\u00ed Chonaola. Credit Martina Regan &nbsp; TG4 will broadcast live extended coverage of the results of the local and European elections on V\u00f3ta 2024 on Saturday 8th June and Sunday 9th June. &nbsp; Nuacht TG4 journalists will broadcast live updates from election count centres across the country and there [&hellip;]<\/p>\n","protected":false},"author":876,"featured_media":0,"parent":208150,"menu_order":13,"comment_status":"closed","ping_status":"closed","template":"page-templates\/template-pr.php","meta":{"_acf_changed":false,"footnotes":""},"acf":[],"yoast_head":"<!-- This site is optimized with the Yoast SEO plugin v22.6 - https:\/\/yoast.com\/wordpress\/plugins\/seo\/ -->\n<title>V\u00f3ta 2024 \u2013 Live results coverage of Local and European elections on TG4 | Press Release | TG4<\/title>\n<meta name=\"description\" content=\"TG4 will broadcast live extended coverage of the results of the local and European elections on V\u00f3ta 2024 on Saturday 8th June and Sunday 9th June.\" \/>\n<meta name=\"robots\" content=\"index, follow, max-snippet:-1, max-image-preview:large, max-video-preview:-1\" \/>\n<meta property=\"og:locale\" content=\"en_US\" \/>\n<meta property=\"og:type\" content=\"article\" \/>\n<meta property=\"og:title\" content=\"V\u00f3ta 2024 \u2013 Live results coverage of Local and European elections on TG4 | Press Release | TG4\" \/>\n<meta property=\"og:description\" content=\"TG4 will broadcast live extended coverage of the results of the local and European elections on V\u00f3ta 2024 on Saturday 8th June and Sunday 9th June.\" \/>\n<meta property=\"og:url\" content=\"https:\/\/dev.tg4.ie\/en\/information\/press\/press-releases\/2024-2\/vota-2024-live-results-coverage-of-local-and-european-elections-on-tg4\/\" \/>\n<meta property=\"og:site_name\" content=\"TG4\" \/>\n<meta property=\"article:publisher\" content=\"https:\/\/www.facebook.com\/TG4TV\" \/>\n<meta property=\"article:modified_time\" content=\"2024-06-05T11:59:35+00:00\" \/>\n<meta property=\"og:image\" content=\"https:\/\/tg4-docs.s3.amazonaws.com\/wp-content\/uploads\/2024\/06\/05124820\/Vota2024_3-1920x1080-1-700x394.jpg\" \/>\n<meta name=\"twitter:card\" content=\"summary_large_image\" \/>\n<meta name=\"twitter:image\" content=\"https:\/\/tg4-docs.s3.amazonaws.com\/wp-content\/uploads\/2024\/06\/05124820\/Vota2024_3-1920x1080-1-700x394.jpg\" \/>\n<meta name=\"twitter:site\" content=\"@TG4TV\" \/>\n<meta name=\"twitter:label1\" content=\"Est. reading time\" \/>\n\t<meta name=\"twitter:data1\" content=\"2 minutes\" \/>\n<script type=\"application\/ld+json\" class=\"yoast-schema-graph\">{\"@context\":\"https:\/\/schema.org\",\"@graph\":[{\"@type\":\"WebPage\",\"@id\":\"https:\/\/dev.tg4.ie\/en\/information\/press\/press-releases\/2024-2\/vota-2024-live-results-coverage-of-local-and-european-elections-on-tg4\/\",\"url\":\"https:\/\/dev.tg4.ie\/en\/information\/press\/press-releases\/2024-2\/vota-2024-live-results-coverage-of-local-and-european-elections-on-tg4\/\",\"name\":\"V\u00f3ta 2024 \u2013 Live results coverage of Local and European elections on TG4 | Press Release | TG4\",\"isPartOf\":{\"@id\":\"https:\/\/dev.tg4.ie\/en\/#website\"},\"primaryImageOfPage\":{\"@id\":\"https:\/\/dev.tg4.ie\/en\/information\/press\/press-releases\/2024-2\/vota-2024-live-results-coverage-of-local-and-european-elections-on-tg4\/#primaryimage\"},\"image\":{\"@id\":\"https:\/\/dev.tg4.ie\/en\/information\/press\/press-releases\/2024-2\/vota-2024-live-results-coverage-of-local-and-european-elections-on-tg4\/#primaryimage\"},\"thumbnailUrl\":\"https:\/\/dev.tg4.ie\/wp-content\/uploads\/2024\/06\/Vota2024_3-1920x1080-1.jpg\",\"datePublished\":\"2024-06-05T11:56:07+00:00\",\"dateModified\":\"2024-06-05T11:59:35+00:00\",\"description\":\"TG4 will broadcast live extended coverage of the results of the local and European elections on V\u00f3ta 2024 on Saturday 8th June and Sunday 9th June.\",\"breadcrumb\":{\"@id\":\"https:\/\/dev.tg4.ie\/en\/information\/press\/press-releases\/2024-2\/vota-2024-live-results-coverage-of-local-and-european-elections-on-tg4\/#breadcrumb\"},\"inLanguage\":\"en-ie\",\"potentialAction\":[{\"@type\":\"ReadAction\",\"target\":[\"https:\/\/dev.tg4.ie\/en\/information\/press\/press-releases\/2024-2\/vota-2024-live-results-coverage-of-local-and-european-elections-on-tg4\/\"]}]},{\"@type\":\"ImageObject\",\"inLanguage\":\"en-ie\",\"@id\":\"https:\/\/dev.tg4.ie\/en\/information\/press\/press-releases\/2024-2\/vota-2024-live-results-coverage-of-local-and-european-elections-on-tg4\/#primaryimage\",\"url\":\"https:\/\/dev.tg4.ie\/wp-content\/uploads\/2024\/06\/Vota2024_3-1920x1080-1.jpg\",\"contentUrl\":\"https:\/\/dev.tg4.ie\/wp-content\/uploads\/2024\/06\/Vota2024_3-1920x1080-1.jpg\"},{\"@type\":\"BreadcrumbList\",\"@id\":\"https:\/\/dev.tg4.ie\/en\/information\/press\/press-releases\/2024-2\/vota-2024-live-results-coverage-of-local-and-european-elections-on-tg4\/#breadcrumb\",\"itemListElement\":[{\"@type\":\"ListItem\",\"position\":1,\"name\":\"Home\",\"item\":\"https:\/\/dev.tg4.ie\/en\/\"},{\"@type\":\"ListItem\",\"position\":2,\"name\":\"Information\",\"item\":\"https:\/\/dev.tg4.ie\/en\/information\/\"},{\"@type\":\"ListItem\",\"position\":3,\"name\":\"Press\",\"item\":\"https:\/\/dev.tg4.ie\/en\/information\/press\/\"},{\"@type\":\"ListItem\",\"position\":4,\"name\":\"Press Releases\",\"item\":\"https:\/\/dev.tg4.ie\/en\/information\/press\/press-releases\/\"},{\"@type\":\"ListItem\",\"position\":5,\"name\":\"2024\",\"item\":\"https:\/\/dev.tg4.ie\/en\/information\/press\/press-releases\/2024-2\/\"},{\"@type\":\"ListItem\",\"position\":6,\"name\":\"V\u00f3ta 2024 \u2013 Live results coverage of Local and European elections on TG4\"}]},{\"@type\":\"WebSite\",\"@id\":\"https:\/\/dev.tg4.ie\/en\/#website\",\"url\":\"https:\/\/dev.tg4.ie\/en\/\",\"name\":\"TG4\",\"description\":\"S\u00fail Eile\",\"potentialAction\":[{\"@type\":\"SearchAction\",\"target\":{\"@type\":\"EntryPoint\",\"urlTemplate\":\"https:\/\/dev.tg4.ie\/en\/?s={search_term_string}\"},\"query-input\":\"required name=search_term_string\"}],\"inLanguage\":\"en-ie\"}]}<\/script>\n<!-- \/ Yoast SEO plugin. -->","yoast_head_json":{"title":"V\u00f3ta 2024 \u2013 Live results coverage of Local and European elections on TG4 | Press Release | TG4","description":"TG4 will broadcast live extended coverage of the results of the local and European elections on V\u00f3ta 2024 on Saturday 8th June and Sunday 9th June.","robots":{"index":"index","follow":"follow","max-snippet":"max-snippet:-1","max-image-preview":"max-image-preview:large","max-video-preview":"max-video-preview:-1"},"og_locale":"en_US","og_type":"article","og_title":"V\u00f3ta 2024 \u2013 Live results coverage of Local and European elections on TG4 | Press Release | TG4","og_description":"TG4 will broadcast live extended coverage of the results of the local and European elections on V\u00f3ta 2024 on Saturday 8th June and Sunday 9th June.","og_url":"https:\/\/dev.tg4.ie\/en\/information\/press\/press-releases\/2024-2\/vota-2024-live-results-coverage-of-local-and-european-elections-on-tg4\/","og_site_name":"TG4","article_publisher":"https:\/\/www.facebook.com\/TG4TV","article_modified_time":"2024-06-05T11:59:35+00:00","og_image":[{"url":"https:\/\/tg4-docs.s3.amazonaws.com\/wp-content\/uploads\/2024\/06\/05124820\/Vota2024_3-1920x1080-1-700x394.jpg"}],"twitter_card":"summary_large_image","twitter_image":"https:\/\/tg4-docs.s3.amazonaws.com\/wp-content\/uploads\/2024\/06\/05124820\/Vota2024_3-1920x1080-1-700x394.jpg","twitter_site":"@TG4TV","twitter_misc":{"Est. reading time":"2 minutes"},"schema":{"@context":"https:\/\/schema.org","@graph":[{"@type":"WebPage","@id":"https:\/\/dev.tg4.ie\/en\/information\/press\/press-releases\/2024-2\/vota-2024-live-results-coverage-of-local-and-european-elections-on-tg4\/","url":"https:\/\/dev.tg4.ie\/en\/information\/press\/press-releases\/2024-2\/vota-2024-live-results-coverage-of-local-and-european-elections-on-tg4\/","name":"V\u00f3ta 2024 \u2013 Live results coverage of Local and European elections on TG4 | Press Release | TG4","isPartOf":{"@id":"https:\/\/dev.tg4.ie\/en\/#website"},"primaryImageOfPage":{"@id":"https:\/\/dev.tg4.ie\/en\/information\/press\/press-releases\/2024-2\/vota-2024-live-results-coverage-of-local-and-european-elections-on-tg4\/#primaryimage"},"image":{"@id":"https:\/\/dev.tg4.ie\/en\/information\/press\/press-releases\/2024-2\/vota-2024-live-results-coverage-of-local-and-european-elections-on-tg4\/#primaryimage"},"thumbnailUrl":"https:\/\/dev.tg4.ie\/wp-content\/uploads\/2024\/06\/Vota2024_3-1920x1080-1.jpg","datePublished":"2024-06-05T11:56:07+00:00","dateModified":"2024-06-05T11:59:35+00:00","description":"TG4 will broadcast live extended coverage of the results of the local and European elections on V\u00f3ta 2024 on Saturday 8th June and Sunday 9th June.","breadcrumb":{"@id":"https:\/\/dev.tg4.ie\/en\/information\/press\/press-releases\/2024-2\/vota-2024-live-results-coverage-of-local-and-european-elections-on-tg4\/#breadcrumb"},"inLanguage":"en-ie","potentialAction":[{"@type":"ReadAction","target":["https:\/\/dev.tg4.ie\/en\/information\/press\/press-releases\/2024-2\/vota-2024-live-results-coverage-of-local-and-european-elections-on-tg4\/"]}]},{"@type":"ImageObject","inLanguage":"en-ie","@id":"https:\/\/dev.tg4.ie\/en\/information\/press\/press-releases\/2024-2\/vota-2024-live-results-coverage-of-local-and-european-elections-on-tg4\/#primaryimage","url":"https:\/\/dev.tg4.ie\/wp-content\/uploads\/2024\/06\/Vota2024_3-1920x1080-1.jpg","contentUrl":"https:\/\/dev.tg4.ie\/wp-content\/uploads\/2024\/06\/Vota2024_3-1920x1080-1.jpg"},{"@type":"BreadcrumbList","@id":"https:\/\/dev.tg4.ie\/en\/information\/press\/press-releases\/2024-2\/vota-2024-live-results-coverage-of-local-and-european-elections-on-tg4\/#breadcrumb","itemListElement":[{"@type":"ListItem","position":1,"name":"Home","item":"https:\/\/dev.tg4.ie\/en\/"},{"@type":"ListItem","position":2,"name":"Information","item":"https:\/\/dev.tg4.ie\/en\/information\/"},{"@type":"ListItem","position":3,"name":"Press","item":"https:\/\/dev.tg4.ie\/en\/information\/press\/"},{"@type":"ListItem","position":4,"name":"Press Releases","item":"https:\/\/dev.tg4.ie\/en\/information\/press\/press-releases\/"},{"@type":"ListItem","position":5,"name":"2024","item":"https:\/\/dev.tg4.ie\/en\/information\/press\/press-releases\/2024-2\/"},{"@type":"ListItem","position":6,"name":"V\u00f3ta 2024 \u2013 Live results coverage of Local and European elections on TG4"}]},{"@type":"WebSite","@id":"https:\/\/dev.tg4.ie\/en\/#website","url":"https:\/\/dev.tg4.ie\/en\/","name":"TG4","description":"S\u00fail Eile","potentialAction":[{"@type":"SearchAction","target":{"@type":"EntryPoint","urlTemplate":"https:\/\/dev.tg4.ie\/en\/?s={search_term_string}"},"query-input":"required name=search_term_string"}],"inLanguage":"en-ie"}]}},"_links":{"self":[{"href":"https:\/\/dev.tg4.ie\/en\/wp-json\/wp\/v2\/pages\/217143"}],"collection":[{"href":"https:\/\/dev.tg4.ie\/en\/wp-json\/wp\/v2\/pages"}],"about":[{"href":"https:\/\/dev.tg4.ie\/en\/wp-json\/wp\/v2\/types\/page"}],"author":[{"embeddable":true,"href":"https:\/\/dev.tg4.ie\/en\/wp-json\/wp\/v2\/users\/876"}],"replies":[{"embeddable":true,"href":"https:\/\/dev.tg4.ie\/en\/wp-json\/wp\/v2\/comments?post=217143"}],"version-history":[{"count":0,"href":"https:\/\/dev.tg4.ie\/en\/wp-json\/wp\/v2\/pages\/217143\/revisions"}],"up":[{"embeddable":true,"href":"https:\/\/dev.tg4.ie\/en\/wp-json\/wp\/v2\/pages\/208150"}],"wp:attachment":[{"href":"https:\/\/dev.tg4.ie\/en\/wp-json\/wp\/v2\/media?parent=217143"}],"curies":[{"name":"wp","href":"https:\/\/api.w.org\/{rel}","templated":true}]}}