{"id":217192,"date":"2024-06-06T11:08:40","date_gmt":"2024-06-06T10:08:40","guid":{"rendered":"https:\/\/dev.tg4.ie\/?page_id=217192"},"modified":"2024-06-06T11:08:40","modified_gmt":"2024-06-06T10:08:40","slug":"tg4-ireland-and-whakaata-maori-new-zealand-forge-strategic-partnership","status":"publish","type":"page","link":"https:\/\/dev.tg4.ie\/en\/information\/press\/press-releases\/2024-2\/tg4-ireland-and-whakaata-maori-new-zealand-forge-strategic-partnership\/","title":{"rendered":"TG4 (Ireland) and Whakaata M\u0101ori (New Zealand) Forge Strategic Partnership to Uphold Cultural Values and Exchange Resources"},"content":{"rendered":"<table>\n<tbody>\n<tr>\n<td width=\"50%\">\n  <img loading=\"lazy\" decoding=\"async\" width=\"1000\" height=\"1000\" src=\"https:\/\/tg4-docs.s3.amazonaws.com\/wp-content\/uploads\/2024\/06\/06104438\/TG4_agus_Whakaata_Maori_1-1000x1000-1.jpg\" alt=\"\" class=\"alignnone size-full wp-image-217188\" srcset=\"https:\/\/tg4-docs.s3.amazonaws.com\/wp-content\/uploads\/2024\/06\/06104438\/TG4_agus_Whakaata_Maori_1-1000x1000-1.jpg 1000w, https:\/\/tg4-docs.s3.amazonaws.com\/wp-content\/uploads\/2024\/06\/06104438\/TG4_agus_Whakaata_Maori_1-1000x1000-1-250x250.jpg 250w, https:\/\/tg4-docs.s3.amazonaws.com\/wp-content\/uploads\/2024\/06\/06104438\/TG4_agus_Whakaata_Maori_1-1000x1000-1-700x700.jpg 700w, https:\/\/tg4-docs.s3.amazonaws.com\/wp-content\/uploads\/2024\/06\/06104438\/TG4_agus_Whakaata_Maori_1-1000x1000-1-141x141.jpg 141w, https:\/\/tg4-docs.s3.amazonaws.com\/wp-content\/uploads\/2024\/06\/06104438\/TG4_agus_Whakaata_Maori_1-1000x1000-1-120x120.jpg 120w\" sizes=\"(max-width: 1000px) 100vw, 1000px\" \/>\n<\/td>\n<td width=\"50%\">\n  <img loading=\"lazy\" decoding=\"async\" width=\"1000\" height=\"1000\" src=\"https:\/\/tg4-docs.s3.amazonaws.com\/wp-content\/uploads\/2024\/06\/06104436\/TG4_agus_Whakaata_Maori_2-1000x1000-1.jpg\" alt=\"\" class=\"alignnone size-full wp-image-217187\" srcset=\"https:\/\/tg4-docs.s3.amazonaws.com\/wp-content\/uploads\/2024\/06\/06104436\/TG4_agus_Whakaata_Maori_2-1000x1000-1.jpg 1000w, https:\/\/tg4-docs.s3.amazonaws.com\/wp-content\/uploads\/2024\/06\/06104436\/TG4_agus_Whakaata_Maori_2-1000x1000-1-250x250.jpg 250w, https:\/\/tg4-docs.s3.amazonaws.com\/wp-content\/uploads\/2024\/06\/06104436\/TG4_agus_Whakaata_Maori_2-1000x1000-1-700x700.jpg 700w, https:\/\/tg4-docs.s3.amazonaws.com\/wp-content\/uploads\/2024\/06\/06104436\/TG4_agus_Whakaata_Maori_2-1000x1000-1-141x141.jpg 141w, https:\/\/tg4-docs.s3.amazonaws.com\/wp-content\/uploads\/2024\/06\/06104436\/TG4_agus_Whakaata_Maori_2-1000x1000-1-120x120.jpg 120w\" sizes=\"(max-width: 1000px) 100vw, 1000px\" \/>\n<\/td>\n<\/tr>\n<\/tbody>\n<\/table>\n<p><sup>Pictures: Alan Esslemont TG4\u2019s Director General and Shane Taurima, Whakaata M\u0101ori Kaihaut\u016b at todays signing in Cardiff<\/sup><\/p>\n<p>&nbsp;<\/p>\n<p><strong>Ireland \/ New Zealand \u2013 TG4 and Whakaata M\u0101ori<\/strong> are delighted to announce the signing of a Relationship Agreement aimed at fostering a strategic partnership to uphold common values and achieve shared outcomes through the exchange of resources, knowledge, and services. This landmark agreement, signed at the 45th Celtic Media Festival in Cardiff, represents a major milestone in enhancing the connection between the M\u0101ori and Irish-speaking communities. <\/p>\n<p><strong>Alan Esslemont TG4\u2019s Director General<\/strong> said: <em>\u201cTG4 was recently honoured to have the Aotearoa\/ New Zealand Ambassador to Ireland, Trevor Mallard, as a guest at Gradam Ceoil TG4 in Limerick and we are now delighted to strengthen our ties with Whakaata M\u0101ori, the M\u0101ori television service.  Within the history of global colonisation the Irish people have been both the \u2018dispossessed\u2019 and the \u2018dispossessors\u2019 and I believe that we have much to discover from the experiences and world-view of the M\u0101ori people.  The parallels are evident to me between te reo M\u0101ori and an Ghaeilge, their communities of speakers and their revitalisation efforts.  In addition, TG4 and Irish media strategy can learn much from media policies concerning M\u0101ori broadcasting and other Aotearoa\/ New Zealand media.\u201d<\/em> <\/p>\n<p><strong>Shane Taurima, Whakaata M\u0101ori Kaihaut\u016b<\/strong> said, <em>&#8220;This new partnership signals another important step for Whakaata M\u0101ori in collaborating with broadcasters worldwide who share a mission of promoting language and culture. Our role is more pivotal than ever in contributing to the normalisation of our languages and cultures and ultimately their survival for future generations. I am excited about the opportunities that this alliance with TG4 presents &#8211; bringing creative minds together to find enduring solutions that will raise the status of the M\u0101ori and Irish languages and cultures, and create content that inspires our audiences.&#8221;<\/em><br \/>\n&nbsp;<\/p>\n<p><strong>About the Parties:<\/strong> <\/p>\n<p><strong>TG4<\/strong>, the Irish language television channel supports the Irish language, culture, and arts, and plays a crucial role in regional and rural development and social inclusion of minority language communities. TG4\u2019s strategy is anchored on three pillars: <\/p>\n<ul>\n<li><strong>F\u00e1s:<\/strong> Growth in audience and Irish language usage.<\/li>\n<li><strong>Cothrom na F\u00e9inne:<\/strong> Solidarity with cultural, regional, and linguistic diversity.<\/li>\n<li><strong>Comhph\u00e1irt\u00edocht:<\/strong> Partnership with stakeholders to improve Irish society.<\/li>\n<\/ul>\n<p>&nbsp;<br \/>\n<strong>Whakaata M\u0101ori<\/strong>, a statutory entity in New Zealand, is dedicated to protecting and promoting M\u0101ori language and culture through media. Guided by its vision &#8220;Kia mauriora te reo,&#8221; Whakaata M\u0101ori integrates key M\u0101ori values into its operations: <\/p>\n<ul>\n<li><strong>Kia Tika:<\/strong> Fairness, accuracy, and balance.<\/li>\n<li><strong>Kia Pono:<\/strong> Distinct and authentically M\u0101ori content.<\/li>\n<li><strong>Kia Aroha:<\/strong> Respect, generosity, and care for others.<\/li>\n<li><strong>Kia M\u0101ori:<\/strong> Adventurous and creative content inspired by M\u0101ori heritage.<\/li>\n<\/ul>\n<p>&nbsp;<\/p>\n<p><strong>Purpose and Principles of the Agreement:<\/strong>  <\/p>\n<p>The Relationship Agreement outlines the strategic relationship between Whakaata M\u0101ori and TG4, establishing cooperation in content development, co-production, and exchange of strategic information. The key principles underpinning this partnership include: <\/p>\n<ul>\n<li>Mahi Tahi \u2013 Dea-R\u00fan: Acting with integrity and respect.<\/li>\n<li>Kotahitanga &#8211; Meitheal: Collaborative efforts on agreed priorities.<\/li>\n<li>Kia Pono &#8211; Ionracas: Commitment to purpose, principles, and honesty.<\/li>\n<\/ul>\n<p>&nbsp;<\/p>\n<p><strong>Expected Outcomes:<\/strong>  <\/p>\n<p>The collaboration is expected to achieve the following outcomes: <\/p>\n<p><strong>For TG4:<\/strong> <\/p>\n<p>Enhance understanding of colonisation and the M\u0101ori experience. <\/p>\n<p>Introduce TG4 staff and viewers to M\u0101ori perspectives. <\/p>\n<p>Strengthen ties between te reo M\u0101ori and an Ghaeilge communities. <\/p>\n<p>Inform TG4\u2019s media strategy with M\u0101ori broadcasting insights. <\/p>\n<p>Deliver engaging content about te ao M\u0101ori and Aotearoa.<br \/>\n&nbsp;<\/p>\n<p><strong>For Whakaata M\u0101ori:<\/strong> <\/p>\n<p>Create engaging content for all audiences. <\/p>\n<p>Increase non-M\u0101ori understanding of M\u0101ori perspectives and tikanga. <\/p>\n<p>Strengthen M\u0101ori identity through media content.<br \/>\n&nbsp;<\/p>\n<p><strong>Conclusion:<\/strong><br \/>\nThis partnership represents a powerful synergy between TG4 and Whakaata M\u0101ori, united by a commitment to cultural preservation and innovation. By leveraging each other\u2019s strengths and insights, both parties are poised to enrich their respective audiences and foster a deeper connection to their cultural identities.<br \/>\n&nbsp;<br \/>\n&nbsp;<\/p>\n","protected":false},"excerpt":{"rendered":"<p>Pictures: Alan Esslemont TG4\u2019s Director General and Shane Taurima, Whakaata M\u0101ori Kaihaut\u016b at todays signing in Cardiff &nbsp; Ireland \/ New Zealand \u2013 TG4 and Whakaata M\u0101ori are delighted to announce the signing of a Relationship Agreement aimed at fostering a strategic partnership to uphold common values and achieve shared outcomes through the exchange of [&hellip;]<\/p>\n","protected":false},"author":876,"featured_media":0,"parent":208150,"menu_order":14,"comment_status":"closed","ping_status":"closed","template":"page-templates\/template-pr.php","meta":{"_acf_changed":false,"footnotes":""},"acf":[],"yoast_head":"<!-- This site is optimized with the Yoast SEO plugin v22.6 - https:\/\/yoast.com\/wordpress\/plugins\/seo\/ -->\n<title>TG4 (Ireland) and Whakaata M\u0101ori (New Zealand) Forge Strategic Partnership to Uphold Cultural Values and Exchange Resources | Press Release | TG4<\/title>\n<meta name=\"description\" content=\"Ireland \/ New Zealand \u2013 TG4 and Whakaata M\u0101ori are delighted to announce the signing of a Relationship Agreement aimed at fostering a strategic partnership to uphold common values and achieve shared outcomes through the exchange of resources, knowledge, and services.\" \/>\n<meta name=\"robots\" content=\"index, follow, max-snippet:-1, max-image-preview:large, max-video-preview:-1\" \/>\n<meta property=\"og:locale\" content=\"en_US\" \/>\n<meta property=\"og:type\" content=\"article\" \/>\n<meta property=\"og:title\" content=\"TG4 (Ireland) and Whakaata M\u0101ori (New Zealand) Forge Strategic Partnership to Uphold Cultural Values and Exchange Resources | Press Release | TG4\" \/>\n<meta property=\"og:description\" content=\"Ireland \/ New Zealand \u2013 TG4 and Whakaata M\u0101ori are delighted to announce the signing of a Relationship Agreement aimed at fostering a strategic partnership to uphold common values and achieve shared outcomes through the exchange of resources, knowledge, and services.\" \/>\n<meta property=\"og:url\" content=\"https:\/\/dev.tg4.ie\/en\/information\/press\/press-releases\/2024-2\/tg4-ireland-and-whakaata-maori-new-zealand-forge-strategic-partnership\/\" \/>\n<meta property=\"og:site_name\" content=\"TG4\" \/>\n<meta property=\"article:publisher\" content=\"https:\/\/www.facebook.com\/TG4TV\" \/>\n<meta property=\"og:image\" content=\"https:\/\/tg4-docs.s3.amazonaws.com\/wp-content\/uploads\/2024\/06\/06104440\/TG4_agus_Whakaata_Maori_3-1920x1080-1-700x394.jpg\" \/>\n<meta name=\"twitter:card\" content=\"summary_large_image\" \/>\n<meta name=\"twitter:image\" content=\"https:\/\/tg4-docs.s3.amazonaws.com\/wp-content\/uploads\/2024\/06\/06104440\/TG4_agus_Whakaata_Maori_3-1920x1080-1-700x394.jpg\" \/>\n<meta name=\"twitter:site\" content=\"@TG4TV\" \/>\n<meta name=\"twitter:label1\" content=\"Est. reading time\" \/>\n\t<meta name=\"twitter:data1\" content=\"4 minutes\" \/>\n<script type=\"application\/ld+json\" class=\"yoast-schema-graph\">{\"@context\":\"https:\/\/schema.org\",\"@graph\":[{\"@type\":\"WebPage\",\"@id\":\"https:\/\/dev.tg4.ie\/en\/information\/press\/press-releases\/2024-2\/tg4-ireland-and-whakaata-maori-new-zealand-forge-strategic-partnership\/\",\"url\":\"https:\/\/dev.tg4.ie\/en\/information\/press\/press-releases\/2024-2\/tg4-ireland-and-whakaata-maori-new-zealand-forge-strategic-partnership\/\",\"name\":\"TG4 (Ireland) and Whakaata M\u0101ori (New Zealand) Forge Strategic Partnership to Uphold Cultural Values and Exchange Resources | Press Release | TG4\",\"isPartOf\":{\"@id\":\"https:\/\/dev.tg4.ie\/en\/#website\"},\"primaryImageOfPage\":{\"@id\":\"https:\/\/dev.tg4.ie\/en\/information\/press\/press-releases\/2024-2\/tg4-ireland-and-whakaata-maori-new-zealand-forge-strategic-partnership\/#primaryimage\"},\"image\":{\"@id\":\"https:\/\/dev.tg4.ie\/en\/information\/press\/press-releases\/2024-2\/tg4-ireland-and-whakaata-maori-new-zealand-forge-strategic-partnership\/#primaryimage\"},\"thumbnailUrl\":\"https:\/\/dev.tg4.ie\/wp-content\/uploads\/2024\/06\/TG4_agus_Whakaata_Maori_1-1000x1000-1.jpg\",\"datePublished\":\"2024-06-06T10:08:40+00:00\",\"dateModified\":\"2024-06-06T10:08:40+00:00\",\"description\":\"Ireland \/ New Zealand \u2013 TG4 and Whakaata M\u0101ori are delighted to announce the signing of a Relationship Agreement aimed at fostering a strategic partnership to uphold common values and achieve shared outcomes through the exchange of resources, knowledge, and services.\",\"breadcrumb\":{\"@id\":\"https:\/\/dev.tg4.ie\/en\/information\/press\/press-releases\/2024-2\/tg4-ireland-and-whakaata-maori-new-zealand-forge-strategic-partnership\/#breadcrumb\"},\"inLanguage\":\"en-ie\",\"potentialAction\":[{\"@type\":\"ReadAction\",\"target\":[\"https:\/\/dev.tg4.ie\/en\/information\/press\/press-releases\/2024-2\/tg4-ireland-and-whakaata-maori-new-zealand-forge-strategic-partnership\/\"]}]},{\"@type\":\"ImageObject\",\"inLanguage\":\"en-ie\",\"@id\":\"https:\/\/dev.tg4.ie\/en\/information\/press\/press-releases\/2024-2\/tg4-ireland-and-whakaata-maori-new-zealand-forge-strategic-partnership\/#primaryimage\",\"url\":\"https:\/\/dev.tg4.ie\/wp-content\/uploads\/2024\/06\/TG4_agus_Whakaata_Maori_1-1000x1000-1.jpg\",\"contentUrl\":\"https:\/\/dev.tg4.ie\/wp-content\/uploads\/2024\/06\/TG4_agus_Whakaata_Maori_1-1000x1000-1.jpg\"},{\"@type\":\"BreadcrumbList\",\"@id\":\"https:\/\/dev.tg4.ie\/en\/information\/press\/press-releases\/2024-2\/tg4-ireland-and-whakaata-maori-new-zealand-forge-strategic-partnership\/#breadcrumb\",\"itemListElement\":[{\"@type\":\"ListItem\",\"position\":1,\"name\":\"Home\",\"item\":\"https:\/\/dev.tg4.ie\/en\/\"},{\"@type\":\"ListItem\",\"position\":2,\"name\":\"Information\",\"item\":\"https:\/\/dev.tg4.ie\/en\/information\/\"},{\"@type\":\"ListItem\",\"position\":3,\"name\":\"Press\",\"item\":\"https:\/\/dev.tg4.ie\/en\/information\/press\/\"},{\"@type\":\"ListItem\",\"position\":4,\"name\":\"Press Releases\",\"item\":\"https:\/\/dev.tg4.ie\/en\/information\/press\/press-releases\/\"},{\"@type\":\"ListItem\",\"position\":5,\"name\":\"2024\",\"item\":\"https:\/\/dev.tg4.ie\/en\/information\/press\/press-releases\/2024-2\/\"},{\"@type\":\"ListItem\",\"position\":6,\"name\":\"TG4 (Ireland) and Whakaata M\u0101ori (New Zealand) Forge Strategic Partnership to Uphold Cultural Values and Exchange Resources\"}]},{\"@type\":\"WebSite\",\"@id\":\"https:\/\/dev.tg4.ie\/en\/#website\",\"url\":\"https:\/\/dev.tg4.ie\/en\/\",\"name\":\"TG4\",\"description\":\"S\u00fail Eile\",\"potentialAction\":[{\"@type\":\"SearchAction\",\"target\":{\"@type\":\"EntryPoint\",\"urlTemplate\":\"https:\/\/dev.tg4.ie\/en\/?s={search_term_string}\"},\"query-input\":\"required name=search_term_string\"}],\"inLanguage\":\"en-ie\"}]}<\/script>\n<!-- \/ Yoast SEO plugin. -->","yoast_head_json":{"title":"TG4 (Ireland) and Whakaata M\u0101ori (New Zealand) Forge Strategic Partnership to Uphold Cultural Values and Exchange Resources | Press Release | TG4","description":"Ireland \/ New Zealand \u2013 TG4 and Whakaata M\u0101ori are delighted to announce the signing of a Relationship Agreement aimed at fostering a strategic partnership to uphold common values and achieve shared outcomes through the exchange of resources, knowledge, and services.","robots":{"index":"index","follow":"follow","max-snippet":"max-snippet:-1","max-image-preview":"max-image-preview:large","max-video-preview":"max-video-preview:-1"},"og_locale":"en_US","og_type":"article","og_title":"TG4 (Ireland) and Whakaata M\u0101ori (New Zealand) Forge Strategic Partnership to Uphold Cultural Values and Exchange Resources | Press Release | TG4","og_description":"Ireland \/ New Zealand \u2013 TG4 and Whakaata M\u0101ori are delighted to announce the signing of a Relationship Agreement aimed at fostering a strategic partnership to uphold common values and achieve shared outcomes through the exchange of resources, knowledge, and services.","og_url":"https:\/\/dev.tg4.ie\/en\/information\/press\/press-releases\/2024-2\/tg4-ireland-and-whakaata-maori-new-zealand-forge-strategic-partnership\/","og_site_name":"TG4","article_publisher":"https:\/\/www.facebook.com\/TG4TV","og_image":[{"url":"https:\/\/tg4-docs.s3.amazonaws.com\/wp-content\/uploads\/2024\/06\/06104440\/TG4_agus_Whakaata_Maori_3-1920x1080-1-700x394.jpg"}],"twitter_card":"summary_large_image","twitter_image":"https:\/\/tg4-docs.s3.amazonaws.com\/wp-content\/uploads\/2024\/06\/06104440\/TG4_agus_Whakaata_Maori_3-1920x1080-1-700x394.jpg","twitter_site":"@TG4TV","twitter_misc":{"Est. reading time":"4 minutes"},"schema":{"@context":"https:\/\/schema.org","@graph":[{"@type":"WebPage","@id":"https:\/\/dev.tg4.ie\/en\/information\/press\/press-releases\/2024-2\/tg4-ireland-and-whakaata-maori-new-zealand-forge-strategic-partnership\/","url":"https:\/\/dev.tg4.ie\/en\/information\/press\/press-releases\/2024-2\/tg4-ireland-and-whakaata-maori-new-zealand-forge-strategic-partnership\/","name":"TG4 (Ireland) and Whakaata M\u0101ori (New Zealand) Forge Strategic Partnership to Uphold Cultural Values and Exchange Resources | Press Release | TG4","isPartOf":{"@id":"https:\/\/dev.tg4.ie\/en\/#website"},"primaryImageOfPage":{"@id":"https:\/\/dev.tg4.ie\/en\/information\/press\/press-releases\/2024-2\/tg4-ireland-and-whakaata-maori-new-zealand-forge-strategic-partnership\/#primaryimage"},"image":{"@id":"https:\/\/dev.tg4.ie\/en\/information\/press\/press-releases\/2024-2\/tg4-ireland-and-whakaata-maori-new-zealand-forge-strategic-partnership\/#primaryimage"},"thumbnailUrl":"https:\/\/dev.tg4.ie\/wp-content\/uploads\/2024\/06\/TG4_agus_Whakaata_Maori_1-1000x1000-1.jpg","datePublished":"2024-06-06T10:08:40+00:00","dateModified":"2024-06-06T10:08:40+00:00","description":"Ireland \/ New Zealand \u2013 TG4 and Whakaata M\u0101ori are delighted to announce the signing of a Relationship Agreement aimed at fostering a strategic partnership to uphold common values and achieve shared outcomes through the exchange of resources, knowledge, and services.","breadcrumb":{"@id":"https:\/\/dev.tg4.ie\/en\/information\/press\/press-releases\/2024-2\/tg4-ireland-and-whakaata-maori-new-zealand-forge-strategic-partnership\/#breadcrumb"},"inLanguage":"en-ie","potentialAction":[{"@type":"ReadAction","target":["https:\/\/dev.tg4.ie\/en\/information\/press\/press-releases\/2024-2\/tg4-ireland-and-whakaata-maori-new-zealand-forge-strategic-partnership\/"]}]},{"@type":"ImageObject","inLanguage":"en-ie","@id":"https:\/\/dev.tg4.ie\/en\/information\/press\/press-releases\/2024-2\/tg4-ireland-and-whakaata-maori-new-zealand-forge-strategic-partnership\/#primaryimage","url":"https:\/\/dev.tg4.ie\/wp-content\/uploads\/2024\/06\/TG4_agus_Whakaata_Maori_1-1000x1000-1.jpg","contentUrl":"https:\/\/dev.tg4.ie\/wp-content\/uploads\/2024\/06\/TG4_agus_Whakaata_Maori_1-1000x1000-1.jpg"},{"@type":"BreadcrumbList","@id":"https:\/\/dev.tg4.ie\/en\/information\/press\/press-releases\/2024-2\/tg4-ireland-and-whakaata-maori-new-zealand-forge-strategic-partnership\/#breadcrumb","itemListElement":[{"@type":"ListItem","position":1,"name":"Home","item":"https:\/\/dev.tg4.ie\/en\/"},{"@type":"ListItem","position":2,"name":"Information","item":"https:\/\/dev.tg4.ie\/en\/information\/"},{"@type":"ListItem","position":3,"name":"Press","item":"https:\/\/dev.tg4.ie\/en\/information\/press\/"},{"@type":"ListItem","position":4,"name":"Press Releases","item":"https:\/\/dev.tg4.ie\/en\/information\/press\/press-releases\/"},{"@type":"ListItem","position":5,"name":"2024","item":"https:\/\/dev.tg4.ie\/en\/information\/press\/press-releases\/2024-2\/"},{"@type":"ListItem","position":6,"name":"TG4 (Ireland) and Whakaata M\u0101ori (New Zealand) Forge Strategic Partnership to Uphold Cultural Values and Exchange Resources"}]},{"@type":"WebSite","@id":"https:\/\/dev.tg4.ie\/en\/#website","url":"https:\/\/dev.tg4.ie\/en\/","name":"TG4","description":"S\u00fail Eile","potentialAction":[{"@type":"SearchAction","target":{"@type":"EntryPoint","urlTemplate":"https:\/\/dev.tg4.ie\/en\/?s={search_term_string}"},"query-input":"required name=search_term_string"}],"inLanguage":"en-ie"}]}},"_links":{"self":[{"href":"https:\/\/dev.tg4.ie\/en\/wp-json\/wp\/v2\/pages\/217192"}],"collection":[{"href":"https:\/\/dev.tg4.ie\/en\/wp-json\/wp\/v2\/pages"}],"about":[{"href":"https:\/\/dev.tg4.ie\/en\/wp-json\/wp\/v2\/types\/page"}],"author":[{"embeddable":true,"href":"https:\/\/dev.tg4.ie\/en\/wp-json\/wp\/v2\/users\/876"}],"replies":[{"embeddable":true,"href":"https:\/\/dev.tg4.ie\/en\/wp-json\/wp\/v2\/comments?post=217192"}],"version-history":[{"count":0,"href":"https:\/\/dev.tg4.ie\/en\/wp-json\/wp\/v2\/pages\/217192\/revisions"}],"up":[{"embeddable":true,"href":"https:\/\/dev.tg4.ie\/en\/wp-json\/wp\/v2\/pages\/208150"}],"wp:attachment":[{"href":"https:\/\/dev.tg4.ie\/en\/wp-json\/wp\/v2\/media?parent=217192"}],"curies":[{"name":"wp","href":"https:\/\/api.w.org\/{rel}","templated":true}]}}