{"id":217577,"date":"2024-06-18T13:37:16","date_gmt":"2024-06-18T12:37:16","guid":{"rendered":"https:\/\/dev.tg4.ie\/?page_id=217577"},"modified":"2024-06-18T13:37:16","modified_gmt":"2024-06-18T12:37:16","slug":"amuigh-24-cul-staitse-a-behind-the-scenes-programme-on-cula4-focused-on-cruinniu-na-nogs-amuigh-24-in-galway","status":"publish","type":"page","link":"https:\/\/dev.tg4.ie\/en\/information\/press\/press-releases\/2024-2\/amuigh-24-cul-staitse-a-behind-the-scenes-programme-on-cula4-focused-on-cruinniu-na-nogs-amuigh-24-in-galway\/","title":{"rendered":"&#8216;Amuigh 24 &#8211; C\u00fal St\u00e1itse\u2019 &#8211; A behind the scenes programme on C\u00fala4 focused on Cruinni\u00fa na n\u00d3g\u2019s \u2018Amuigh 24\u2019 in Galway"},"content":{"rendered":"<table>\n<tbody>\n<tr>\n<td width=\"50%\">\n  <img loading=\"lazy\" decoding=\"async\" width=\"1618\" height=\"1080\" src=\"https:\/\/tg4-docs.s3.amazonaws.com\/wp-content\/uploads\/2024\/06\/18132845\/Amuigh24_1-1080h.jpg\" alt=\"\" class=\"alignnone size-full wp-image-217573\" srcset=\"https:\/\/tg4-docs.s3.amazonaws.com\/wp-content\/uploads\/2024\/06\/18132845\/Amuigh24_1-1080h.jpg 1618w, https:\/\/tg4-docs.s3.amazonaws.com\/wp-content\/uploads\/2024\/06\/18132845\/Amuigh24_1-1080h-250x167.jpg 250w, https:\/\/tg4-docs.s3.amazonaws.com\/wp-content\/uploads\/2024\/06\/18132845\/Amuigh24_1-1080h-700x467.jpg 700w, https:\/\/tg4-docs.s3.amazonaws.com\/wp-content\/uploads\/2024\/06\/18132845\/Amuigh24_1-1080h-211x141.jpg 211w, https:\/\/tg4-docs.s3.amazonaws.com\/wp-content\/uploads\/2024\/06\/18132845\/Amuigh24_1-1080h-1536x1025.jpg 1536w, https:\/\/tg4-docs.s3.amazonaws.com\/wp-content\/uploads\/2024\/06\/18132845\/Amuigh24_1-1080h-120x80.jpg 120w\" sizes=\"(max-width: 1618px) 100vw, 1618px\" \/>\n<\/td>\n<td width=\"50%\">\n  <img loading=\"lazy\" decoding=\"async\" width=\"1618\" height=\"1080\" src=\"https:\/\/tg4-docs.s3.amazonaws.com\/wp-content\/uploads\/2024\/06\/18132848\/Amuigh24_2-1080h.jpg\" alt=\"\" class=\"alignnone size-full wp-image-217574\" srcset=\"https:\/\/tg4-docs.s3.amazonaws.com\/wp-content\/uploads\/2024\/06\/18132848\/Amuigh24_2-1080h.jpg 1618w, https:\/\/tg4-docs.s3.amazonaws.com\/wp-content\/uploads\/2024\/06\/18132848\/Amuigh24_2-1080h-250x167.jpg 250w, https:\/\/tg4-docs.s3.amazonaws.com\/wp-content\/uploads\/2024\/06\/18132848\/Amuigh24_2-1080h-700x467.jpg 700w, https:\/\/tg4-docs.s3.amazonaws.com\/wp-content\/uploads\/2024\/06\/18132848\/Amuigh24_2-1080h-211x141.jpg 211w, https:\/\/tg4-docs.s3.amazonaws.com\/wp-content\/uploads\/2024\/06\/18132848\/Amuigh24_2-1080h-1536x1025.jpg 1536w, https:\/\/tg4-docs.s3.amazonaws.com\/wp-content\/uploads\/2024\/06\/18132848\/Amuigh24_2-1080h-120x80.jpg 120w\" sizes=\"(max-width: 1618px) 100vw, 1618px\" \/>\n<\/td>\n<\/tr>\n<\/tbody>\n<\/table>\n<p><sup>Pictures: C\u00fala4 presenter Niamh N\u00ed Chr\u00f3in\u00edn; Dj Ferdilicious with Niamh N\u00ed Chr\u00f3in\u00edn<\/sup><\/p>\n<p>&nbsp;<\/p>\n<p>C\u00fala4 and TG4 proudly presents an exclusive half hour behind-the-scenes show which takes a look at &#8216;Amuigh 24 &#8211; C\u00fal St\u00e1itse&#8217; a vibrant one-day family festival hosted by F\u00edb\u00edn Media , which was held as part of Cruinni\u00fa na n\u00d3g 2024 on June 15th in Baile na hAbhann. Co. Galway.<br \/>\n&nbsp;<br \/>\nJoin Niamh N\u00ed Chr\u00f3in\u00edn on C\u00fala4 &#038; Cula4.com as she takes viewers backstage, offering an insider&#8217;s view with interviews from a selection of the talented acts who performed at this remarkable event.<br \/>\n&nbsp;<br \/>\n&#8216;Amuigh 24&#8217; celebrated creativity, art, and performance, designed for children and young people aged 0 to 18. The festival, set against the stunning backdrop of the Connemara Gaeltacht featured a carefully curated programme of interactive workshops, artistic demonstrations, and live performances.<br \/>\n&nbsp;<br \/>\nViewers of C\u00fala4 &#038; Cula4.com will get an exclusive glimpse into the heart of &#8216;Amuigh 24,&#8217; with interviews featuring standout performers such as Junior Eurovision entry Jessica McKean, Trad Rave, and Colm Seoighe &#038; na hEas\u00f3ga\u00ed. The festival also highlighted workshops and performances by Circus le Cro\u00ed, Laurette na n\u00d3g&#8217;s Trish Forde, and Children\u2019s Books Ireland, among many others.<br \/>\n&nbsp;<br \/>\nThe festival&#8217;s aim is to ignite imaginations, nurture talent, and inspire a lifelong appreciation for creativity and culture. By encouraging active participation and exploration, &#8216;Amuigh 24&#8217; empowered young individuals to express themselves, embrace their cultural heritage, and connect with their peers in a supportive and dynamic environment.<br \/>\n&nbsp;<br \/>\n<strong>Karina Feirt\u00e9ar, Channel Manager at C\u00fala4<\/strong>, added, <em>&#8220;We are thrilled to bring &#8216;Amuigh 24&#8217; to life on C\u00fala4 &#038; Cula4.com. This festival not only celebrates the boundless creativity of our youth but also provides a nurturing environment for it to flourish. We believe in the power of the arts to inspire, educate, and empower, and we invite families across the Gaeltacht to join us in this celebration.&#8221; <\/em><br \/>\n&nbsp;<br \/>\n&#8216;Amuigh 24&#8217; extends a warm invitation to young people from all Gaeltacht areas to participate in this unforgettable celebration of creativity and culture. Whether attending workshops, enjoying live performances, or soaking in the vibrant atmosphere, attendees experienced a day filled with inspiration, discovery, and fun for the whole family.<br \/>\n&nbsp;<br \/>\n&nbsp;<br \/>\n<strong>Tune in to C\u00fala4 &#038; Cula4.com this Saturday June 22nd at 6pm  to relive the magic of &#8216;Amuigh 24 &#8211; C\u00fal St\u00e1itse&#8217; and witness the extraordinary talent and creativity of our young people.  <\/p>\n<p>B\u00ed Cr\u00f3ga! B\u00ed Cruthaitheach! (Dare to be Creative) <\/strong><br \/>\n&nbsp;<br \/>\n&nbsp;<br \/>\n Visit Creative Ireland website HERE <a href=\"https:\/\/cruinniu.creativeireland.gov.ie\/event\/amuigh-24\/\" rel=\"noopener\" target=\"_blank\">https:\/\/cruinniu.creativeireland.gov.ie\/event\/amuigh-24\/<\/a><br \/>\n&nbsp;<br \/>\n&nbsp;<br \/>\n**About Cruinni\u00fa na n\u00d3g:** &#8211; Cruinni\u00fa na n\u00d3g is Ireland&#8217;s national day of free creativity for children and young people. It aims to celebrate and encourage nationwide participation in culture and creativity through a rich variety of activities and events. <\/p>\n<p>**About C\u00fala4:** &#8211; C\u00fala4 is an Irish language television channel for young people, providing quality programming that entertains, educates, and inspires a love of the Irish language.<br \/>\n&nbsp;<br \/>\n&nbsp;<br \/>\n<strong>C\u00fala4 available on<\/strong><\/p>\n<p>Saorview &#8211; 18, <\/p>\n<p>Sky Glass &#8211; 202 or 213<\/p>\n<p>Sky Q &#8211; 627 or 624<\/p>\n<p>Virgin Media &#8211; 602<\/p>\n<p>Eir<\/p>\n<p>Cula4.com<br \/>\n&nbsp;<br \/>\n&nbsp;<br \/>\n<center><strong>&#8216;Amuigh 24 &#8211; C\u00fal St\u00e1itse\u2019  <\/p>\n<p>C\u00fala4 and C\u00fala4 player Cula4.com &#8211; Saturday 22 June at 6pm<\/strong><\/center><br \/>\n&nbsp;<br \/>\n&nbsp;<\/p>\n","protected":false},"excerpt":{"rendered":"<p>Pictures: C\u00fala4 presenter Niamh N\u00ed Chr\u00f3in\u00edn; Dj Ferdilicious with Niamh N\u00ed Chr\u00f3in\u00edn &nbsp; C\u00fala4 and TG4 proudly presents an exclusive half hour behind-the-scenes show which takes a look at &#8216;Amuigh 24 &#8211; C\u00fal St\u00e1itse&#8217; a vibrant one-day family festival hosted by F\u00edb\u00edn Media , which was held as part of Cruinni\u00fa na n\u00d3g 2024 on [&hellip;]<\/p>\n","protected":false},"author":876,"featured_media":0,"parent":208150,"menu_order":15,"comment_status":"closed","ping_status":"closed","template":"page-templates\/template-pr.php","meta":{"_acf_changed":false,"footnotes":""},"acf":[],"yoast_head":"<!-- This site is optimized with the Yoast SEO plugin v22.6 - https:\/\/yoast.com\/wordpress\/plugins\/seo\/ -->\n<title>&#039;Amuigh 24 - C\u00fal St\u00e1itse\u2019 - A behind the scenes programme on C\u00fala4 focused on Cruinni\u00fa na n\u00d3g\u2019s \u2018Amuigh 24\u2019 in Galway | Press Release | TG4<\/title>\n<meta name=\"description\" content=\"C\u00fala4 and TG4 proudly presents an exclusive half hour behind-the-scenes show which takes a look at &#039;Amuigh 24 - C\u00fal St\u00e1itse&#039; a vibrant one-day family festival hosted by F\u00edb\u00edn Media , which was held as part of Cruinni\u00fa na n\u00d3g 2024 on June 15th in Baile na hAbhann. Co. Galway.\" \/>\n<meta name=\"robots\" content=\"index, follow, max-snippet:-1, max-image-preview:large, max-video-preview:-1\" \/>\n<meta property=\"og:locale\" content=\"en_US\" \/>\n<meta property=\"og:type\" content=\"article\" \/>\n<meta property=\"og:title\" content=\"&#039;Amuigh 24 - C\u00fal St\u00e1itse\u2019 - A behind the scenes programme on C\u00fala4 focused on Cruinni\u00fa na n\u00d3g\u2019s \u2018Amuigh 24\u2019 in Galway | Press Release | TG4\" \/>\n<meta property=\"og:description\" content=\"C\u00fala4 and TG4 proudly presents an exclusive half hour behind-the-scenes show which takes a look at &#039;Amuigh 24 - C\u00fal St\u00e1itse&#039; a vibrant one-day family festival hosted by F\u00edb\u00edn Media , which was held as part of Cruinni\u00fa na n\u00d3g 2024 on June 15th in Baile na hAbhann. Co. Galway.\" \/>\n<meta property=\"og:url\" content=\"https:\/\/dev.tg4.ie\/en\/information\/press\/press-releases\/2024-2\/amuigh-24-cul-staitse-a-behind-the-scenes-programme-on-cula4-focused-on-cruinniu-na-nogs-amuigh-24-in-galway\/\" \/>\n<meta property=\"og:site_name\" content=\"TG4\" \/>\n<meta property=\"article:publisher\" content=\"https:\/\/www.facebook.com\/TG4TV\" \/>\n<meta property=\"og:image\" content=\"https:\/\/tg4-docs.s3.amazonaws.com\/wp-content\/uploads\/2024\/06\/18132845\/Amuigh24_1-1080h.jpg\" \/>\n\t<meta property=\"og:image:width\" content=\"1618\" \/>\n\t<meta property=\"og:image:height\" content=\"1080\" \/>\n\t<meta property=\"og:image:type\" content=\"image\/jpeg\" \/>\n<meta name=\"twitter:card\" content=\"summary_large_image\" \/>\n<meta name=\"twitter:image\" content=\"https:\/\/tg4-docs.s3.amazonaws.com\/wp-content\/uploads\/2024\/06\/18132845\/Amuigh24_1-1080h.jpg\" \/>\n<meta name=\"twitter:site\" content=\"@TG4TV\" \/>\n<meta name=\"twitter:label1\" content=\"Est. reading time\" \/>\n\t<meta name=\"twitter:data1\" content=\"3 minutes\" \/>\n<script type=\"application\/ld+json\" class=\"yoast-schema-graph\">{\"@context\":\"https:\/\/schema.org\",\"@graph\":[{\"@type\":\"WebPage\",\"@id\":\"https:\/\/dev.tg4.ie\/en\/information\/press\/press-releases\/2024-2\/amuigh-24-cul-staitse-a-behind-the-scenes-programme-on-cula4-focused-on-cruinniu-na-nogs-amuigh-24-in-galway\/\",\"url\":\"https:\/\/dev.tg4.ie\/en\/information\/press\/press-releases\/2024-2\/amuigh-24-cul-staitse-a-behind-the-scenes-programme-on-cula4-focused-on-cruinniu-na-nogs-amuigh-24-in-galway\/\",\"name\":\"'Amuigh 24 - C\u00fal St\u00e1itse\u2019 - A behind the scenes programme on C\u00fala4 focused on Cruinni\u00fa na n\u00d3g\u2019s \u2018Amuigh 24\u2019 in Galway | Press Release | TG4\",\"isPartOf\":{\"@id\":\"https:\/\/dev.tg4.ie\/en\/#website\"},\"primaryImageOfPage\":{\"@id\":\"https:\/\/dev.tg4.ie\/en\/information\/press\/press-releases\/2024-2\/amuigh-24-cul-staitse-a-behind-the-scenes-programme-on-cula4-focused-on-cruinniu-na-nogs-amuigh-24-in-galway\/#primaryimage\"},\"image\":{\"@id\":\"https:\/\/dev.tg4.ie\/en\/information\/press\/press-releases\/2024-2\/amuigh-24-cul-staitse-a-behind-the-scenes-programme-on-cula4-focused-on-cruinniu-na-nogs-amuigh-24-in-galway\/#primaryimage\"},\"thumbnailUrl\":\"https:\/\/dev.tg4.ie\/wp-content\/uploads\/2024\/06\/Amuigh24_1-1080h.jpg\",\"datePublished\":\"2024-06-18T12:37:16+00:00\",\"dateModified\":\"2024-06-18T12:37:16+00:00\",\"description\":\"C\u00fala4 and TG4 proudly presents an exclusive half hour behind-the-scenes show which takes a look at 'Amuigh 24 - C\u00fal St\u00e1itse' a vibrant one-day family festival hosted by F\u00edb\u00edn Media , which was held as part of Cruinni\u00fa na n\u00d3g 2024 on June 15th in Baile na hAbhann. Co. Galway.\",\"breadcrumb\":{\"@id\":\"https:\/\/dev.tg4.ie\/en\/information\/press\/press-releases\/2024-2\/amuigh-24-cul-staitse-a-behind-the-scenes-programme-on-cula4-focused-on-cruinniu-na-nogs-amuigh-24-in-galway\/#breadcrumb\"},\"inLanguage\":\"en-ie\",\"potentialAction\":[{\"@type\":\"ReadAction\",\"target\":[\"https:\/\/dev.tg4.ie\/en\/information\/press\/press-releases\/2024-2\/amuigh-24-cul-staitse-a-behind-the-scenes-programme-on-cula4-focused-on-cruinniu-na-nogs-amuigh-24-in-galway\/\"]}]},{\"@type\":\"ImageObject\",\"inLanguage\":\"en-ie\",\"@id\":\"https:\/\/dev.tg4.ie\/en\/information\/press\/press-releases\/2024-2\/amuigh-24-cul-staitse-a-behind-the-scenes-programme-on-cula4-focused-on-cruinniu-na-nogs-amuigh-24-in-galway\/#primaryimage\",\"url\":\"https:\/\/dev.tg4.ie\/wp-content\/uploads\/2024\/06\/Amuigh24_1-1080h.jpg\",\"contentUrl\":\"https:\/\/dev.tg4.ie\/wp-content\/uploads\/2024\/06\/Amuigh24_1-1080h.jpg\"},{\"@type\":\"BreadcrumbList\",\"@id\":\"https:\/\/dev.tg4.ie\/en\/information\/press\/press-releases\/2024-2\/amuigh-24-cul-staitse-a-behind-the-scenes-programme-on-cula4-focused-on-cruinniu-na-nogs-amuigh-24-in-galway\/#breadcrumb\",\"itemListElement\":[{\"@type\":\"ListItem\",\"position\":1,\"name\":\"Home\",\"item\":\"https:\/\/dev.tg4.ie\/en\/\"},{\"@type\":\"ListItem\",\"position\":2,\"name\":\"Information\",\"item\":\"https:\/\/dev.tg4.ie\/en\/information\/\"},{\"@type\":\"ListItem\",\"position\":3,\"name\":\"Press\",\"item\":\"https:\/\/dev.tg4.ie\/en\/information\/press\/\"},{\"@type\":\"ListItem\",\"position\":4,\"name\":\"Press Releases\",\"item\":\"https:\/\/dev.tg4.ie\/en\/information\/press\/press-releases\/\"},{\"@type\":\"ListItem\",\"position\":5,\"name\":\"2024\",\"item\":\"https:\/\/dev.tg4.ie\/en\/information\/press\/press-releases\/2024-2\/\"},{\"@type\":\"ListItem\",\"position\":6,\"name\":\"&#8216;Amuigh 24 &#8211; C\u00fal St\u00e1itse\u2019 &#8211; A behind the scenes programme on C\u00fala4 focused on Cruinni\u00fa na n\u00d3g\u2019s \u2018Amuigh 24\u2019 in Galway\"}]},{\"@type\":\"WebSite\",\"@id\":\"https:\/\/dev.tg4.ie\/en\/#website\",\"url\":\"https:\/\/dev.tg4.ie\/en\/\",\"name\":\"TG4\",\"description\":\"S\u00fail Eile\",\"potentialAction\":[{\"@type\":\"SearchAction\",\"target\":{\"@type\":\"EntryPoint\",\"urlTemplate\":\"https:\/\/dev.tg4.ie\/en\/?s={search_term_string}\"},\"query-input\":\"required name=search_term_string\"}],\"inLanguage\":\"en-ie\"}]}<\/script>\n<!-- \/ Yoast SEO plugin. -->","yoast_head_json":{"title":"'Amuigh 24 - C\u00fal St\u00e1itse\u2019 - A behind the scenes programme on C\u00fala4 focused on Cruinni\u00fa na n\u00d3g\u2019s \u2018Amuigh 24\u2019 in Galway | Press Release | TG4","description":"C\u00fala4 and TG4 proudly presents an exclusive half hour behind-the-scenes show which takes a look at 'Amuigh 24 - C\u00fal St\u00e1itse' a vibrant one-day family festival hosted by F\u00edb\u00edn Media , which was held as part of Cruinni\u00fa na n\u00d3g 2024 on June 15th in Baile na hAbhann. Co. Galway.","robots":{"index":"index","follow":"follow","max-snippet":"max-snippet:-1","max-image-preview":"max-image-preview:large","max-video-preview":"max-video-preview:-1"},"og_locale":"en_US","og_type":"article","og_title":"'Amuigh 24 - C\u00fal St\u00e1itse\u2019 - A behind the scenes programme on C\u00fala4 focused on Cruinni\u00fa na n\u00d3g\u2019s \u2018Amuigh 24\u2019 in Galway | Press Release | TG4","og_description":"C\u00fala4 and TG4 proudly presents an exclusive half hour behind-the-scenes show which takes a look at 'Amuigh 24 - C\u00fal St\u00e1itse' a vibrant one-day family festival hosted by F\u00edb\u00edn Media , which was held as part of Cruinni\u00fa na n\u00d3g 2024 on June 15th in Baile na hAbhann. Co. Galway.","og_url":"https:\/\/dev.tg4.ie\/en\/information\/press\/press-releases\/2024-2\/amuigh-24-cul-staitse-a-behind-the-scenes-programme-on-cula4-focused-on-cruinniu-na-nogs-amuigh-24-in-galway\/","og_site_name":"TG4","article_publisher":"https:\/\/www.facebook.com\/TG4TV","og_image":[{"width":1618,"height":1080,"url":"https:\/\/tg4-docs.s3.amazonaws.com\/wp-content\/uploads\/2024\/06\/18132845\/Amuigh24_1-1080h.jpg","type":"image\/jpeg"}],"twitter_card":"summary_large_image","twitter_image":"https:\/\/tg4-docs.s3.amazonaws.com\/wp-content\/uploads\/2024\/06\/18132845\/Amuigh24_1-1080h.jpg","twitter_site":"@TG4TV","twitter_misc":{"Est. reading time":"3 minutes"},"schema":{"@context":"https:\/\/schema.org","@graph":[{"@type":"WebPage","@id":"https:\/\/dev.tg4.ie\/en\/information\/press\/press-releases\/2024-2\/amuigh-24-cul-staitse-a-behind-the-scenes-programme-on-cula4-focused-on-cruinniu-na-nogs-amuigh-24-in-galway\/","url":"https:\/\/dev.tg4.ie\/en\/information\/press\/press-releases\/2024-2\/amuigh-24-cul-staitse-a-behind-the-scenes-programme-on-cula4-focused-on-cruinniu-na-nogs-amuigh-24-in-galway\/","name":"'Amuigh 24 - C\u00fal St\u00e1itse\u2019 - A behind the scenes programme on C\u00fala4 focused on Cruinni\u00fa na n\u00d3g\u2019s \u2018Amuigh 24\u2019 in Galway | Press Release | TG4","isPartOf":{"@id":"https:\/\/dev.tg4.ie\/en\/#website"},"primaryImageOfPage":{"@id":"https:\/\/dev.tg4.ie\/en\/information\/press\/press-releases\/2024-2\/amuigh-24-cul-staitse-a-behind-the-scenes-programme-on-cula4-focused-on-cruinniu-na-nogs-amuigh-24-in-galway\/#primaryimage"},"image":{"@id":"https:\/\/dev.tg4.ie\/en\/information\/press\/press-releases\/2024-2\/amuigh-24-cul-staitse-a-behind-the-scenes-programme-on-cula4-focused-on-cruinniu-na-nogs-amuigh-24-in-galway\/#primaryimage"},"thumbnailUrl":"https:\/\/dev.tg4.ie\/wp-content\/uploads\/2024\/06\/Amuigh24_1-1080h.jpg","datePublished":"2024-06-18T12:37:16+00:00","dateModified":"2024-06-18T12:37:16+00:00","description":"C\u00fala4 and TG4 proudly presents an exclusive half hour behind-the-scenes show which takes a look at 'Amuigh 24 - C\u00fal St\u00e1itse' a vibrant one-day family festival hosted by F\u00edb\u00edn Media , which was held as part of Cruinni\u00fa na n\u00d3g 2024 on June 15th in Baile na hAbhann. Co. Galway.","breadcrumb":{"@id":"https:\/\/dev.tg4.ie\/en\/information\/press\/press-releases\/2024-2\/amuigh-24-cul-staitse-a-behind-the-scenes-programme-on-cula4-focused-on-cruinniu-na-nogs-amuigh-24-in-galway\/#breadcrumb"},"inLanguage":"en-ie","potentialAction":[{"@type":"ReadAction","target":["https:\/\/dev.tg4.ie\/en\/information\/press\/press-releases\/2024-2\/amuigh-24-cul-staitse-a-behind-the-scenes-programme-on-cula4-focused-on-cruinniu-na-nogs-amuigh-24-in-galway\/"]}]},{"@type":"ImageObject","inLanguage":"en-ie","@id":"https:\/\/dev.tg4.ie\/en\/information\/press\/press-releases\/2024-2\/amuigh-24-cul-staitse-a-behind-the-scenes-programme-on-cula4-focused-on-cruinniu-na-nogs-amuigh-24-in-galway\/#primaryimage","url":"https:\/\/dev.tg4.ie\/wp-content\/uploads\/2024\/06\/Amuigh24_1-1080h.jpg","contentUrl":"https:\/\/dev.tg4.ie\/wp-content\/uploads\/2024\/06\/Amuigh24_1-1080h.jpg"},{"@type":"BreadcrumbList","@id":"https:\/\/dev.tg4.ie\/en\/information\/press\/press-releases\/2024-2\/amuigh-24-cul-staitse-a-behind-the-scenes-programme-on-cula4-focused-on-cruinniu-na-nogs-amuigh-24-in-galway\/#breadcrumb","itemListElement":[{"@type":"ListItem","position":1,"name":"Home","item":"https:\/\/dev.tg4.ie\/en\/"},{"@type":"ListItem","position":2,"name":"Information","item":"https:\/\/dev.tg4.ie\/en\/information\/"},{"@type":"ListItem","position":3,"name":"Press","item":"https:\/\/dev.tg4.ie\/en\/information\/press\/"},{"@type":"ListItem","position":4,"name":"Press Releases","item":"https:\/\/dev.tg4.ie\/en\/information\/press\/press-releases\/"},{"@type":"ListItem","position":5,"name":"2024","item":"https:\/\/dev.tg4.ie\/en\/information\/press\/press-releases\/2024-2\/"},{"@type":"ListItem","position":6,"name":"&#8216;Amuigh 24 &#8211; C\u00fal St\u00e1itse\u2019 &#8211; A behind the scenes programme on C\u00fala4 focused on Cruinni\u00fa na n\u00d3g\u2019s \u2018Amuigh 24\u2019 in Galway"}]},{"@type":"WebSite","@id":"https:\/\/dev.tg4.ie\/en\/#website","url":"https:\/\/dev.tg4.ie\/en\/","name":"TG4","description":"S\u00fail Eile","potentialAction":[{"@type":"SearchAction","target":{"@type":"EntryPoint","urlTemplate":"https:\/\/dev.tg4.ie\/en\/?s={search_term_string}"},"query-input":"required name=search_term_string"}],"inLanguage":"en-ie"}]}},"_links":{"self":[{"href":"https:\/\/dev.tg4.ie\/en\/wp-json\/wp\/v2\/pages\/217577"}],"collection":[{"href":"https:\/\/dev.tg4.ie\/en\/wp-json\/wp\/v2\/pages"}],"about":[{"href":"https:\/\/dev.tg4.ie\/en\/wp-json\/wp\/v2\/types\/page"}],"author":[{"embeddable":true,"href":"https:\/\/dev.tg4.ie\/en\/wp-json\/wp\/v2\/users\/876"}],"replies":[{"embeddable":true,"href":"https:\/\/dev.tg4.ie\/en\/wp-json\/wp\/v2\/comments?post=217577"}],"version-history":[{"count":0,"href":"https:\/\/dev.tg4.ie\/en\/wp-json\/wp\/v2\/pages\/217577\/revisions"}],"up":[{"embeddable":true,"href":"https:\/\/dev.tg4.ie\/en\/wp-json\/wp\/v2\/pages\/208150"}],"wp:attachment":[{"href":"https:\/\/dev.tg4.ie\/en\/wp-json\/wp\/v2\/media?parent=217577"}],"curies":[{"name":"wp","href":"https:\/\/api.w.org\/{rel}","templated":true}]}}