{"id":217611,"date":"2024-06-19T12:34:49","date_gmt":"2024-06-19T11:34:49","guid":{"rendered":"https:\/\/dev.tg4.ie\/?page_id=217611"},"modified":"2024-06-19T12:34:49","modified_gmt":"2024-06-19T11:34:49","slug":"tour-de-france-starts-saturday-29-june-on-tg4","status":"publish","type":"page","link":"https:\/\/dev.tg4.ie\/en\/information\/press\/press-releases\/2024-2\/tour-de-france-starts-saturday-29-june-on-tg4\/","title":{"rendered":"Tour de France starts Saturday 29 June on TG4"},"content":{"rendered":"<p><img loading=\"lazy\" decoding=\"async\" width=\"1280\" height=\"720\" class=\"alignnone size-full wp-image-217607\" src=\"https:\/\/tg4-docs.s3.amazonaws.com\/wp-content\/uploads\/2024\/06\/19122235\/TG4_Rothaiocht_2024_1-1280x720-1.jpg\" alt=\"\" srcset=\"https:\/\/tg4-docs.s3.amazonaws.com\/wp-content\/uploads\/2024\/06\/19122235\/TG4_Rothaiocht_2024_1-1280x720-1.jpg 1280w, https:\/\/tg4-docs.s3.amazonaws.com\/wp-content\/uploads\/2024\/06\/19122235\/TG4_Rothaiocht_2024_1-1280x720-1-250x141.jpg 250w, https:\/\/tg4-docs.s3.amazonaws.com\/wp-content\/uploads\/2024\/06\/19122235\/TG4_Rothaiocht_2024_1-1280x720-1-700x394.jpg 700w, https:\/\/tg4-docs.s3.amazonaws.com\/wp-content\/uploads\/2024\/06\/19122235\/TG4_Rothaiocht_2024_1-1280x720-1-252x141.jpg 252w, https:\/\/tg4-docs.s3.amazonaws.com\/wp-content\/uploads\/2024\/06\/19122235\/TG4_Rothaiocht_2024_1-1280x720-1-120x68.jpg 120w\" sizes=\"(max-width: 1280px) 100vw, 1280px\" \/><\/p>\n<p><sup>Pic: P\u00e1draic \u00d3 Cuinn agus P\u00e1id\u00ed \u00d3 Lion\u00e1ird<\/sup><\/p>\n<p>&nbsp;<\/p>\n<div style=\"position: relative; padding-top: 56.25%;\"><iframe style=\"position: absolute; top: 0; left: 0; width: 100%; height: 100%;\" src=\"https:\/\/www.youtube.com\/embed\/O-6SVhzNKXU\" frameborder=\"0\" allowfullscreen=\"allowfullscreen\"><\/iframe><\/div>\n<p>&nbsp;<\/p>\n<p>TG4 has announced details of its exclusive live television coverage of <strong>Tour de France 2024<\/strong>, the most famous cycling race in the world.<\/p>\n<p>The stations live coverage of the Tour begins on Saturday morning 29 June with coverage from Stage One in Italy from Florence to Rimini.<\/p>\n<p>All three weeks of the Tour will be broadcast live on TG4 (see times below)\u00a0from Saturday 29 June to the final stage in Nice\u00a0on Sunday 21 July. There will be an average of five hours of live coverage each day as well as a daily half hour highlights programme every night at 9pm that will include all the action from the days racing as well as previews, results and interviews, as well as a weekly highlights show each Monday.<\/p>\n<p>Commentary will be provided by P\u00e1id\u00ed \u00d3 Lion\u00e1ird and P\u00e1draic \u00d3 Cuinn.<\/p>\n<p>The Tour will also be broadcast live on the TG4 Player on\u00a0<a href=\"http:\/\/www.TG4.ie\">www.TG4.ie<\/a> and TG4 App <a href=\"https:\/\/nasc.tg4.tv\/TG4-Player-App\">https:\/\/nasc.tg4.tv\/TG4-Player-App<\/a><\/p>\n<p>&nbsp;<\/p>\n<p>The 2024 Tour de France is scheduled to be the 111<sup>th<\/sup> edition of the Tour, one of cycling&#8217;s three Grand Tours. The race will not finish in Paris for the first time since its inception, owing to preparations for the Paris 2024 Olympic and Paralympic Games.<\/p>\n<p>&nbsp;<\/p>\n<ul>\n<li><strong>Live coverage of each Stage from Saturday 29 June onwards.<\/strong><\/li>\n<li><strong>Daily half-hour highlights programme each night at 9pm<\/strong><\/li>\n<li><strong>Weekly reviews each Monday with \u2018Tour de France &#8211; S\u00fail Siar na Seachtaine\u2019<\/strong><\/li>\n<li><strong>Live coverage on the TG4 Player on\u00a0<\/strong><a href=\"http:\/\/www.TG4.ie\"><strong>TG4.ie<\/strong><\/a> <strong>and TG4 App<\/strong><\/li>\n<\/ul>\n<p>&nbsp;<\/p>\n<p>&nbsp;<\/p>\n<p>&nbsp;<\/p>\n<table border=\"1\">\n<tbody>\n<tr>\n<td colspan=\"5\" width=\"616\">Tour de France 2024 \u2013 TG4 Coverage<\/td>\n<\/tr>\n<tr>\n<td width=\"140\">Date<\/td>\n<td width=\"85\">Stage<\/td>\n<td width=\"236\">Location<\/td>\n<td width=\"76\">Distance<\/td>\n<td width=\"80\">TG4 Coverage<\/td>\n<\/tr>\n<tr>\n<td width=\"140\">Saturday 29 June<\/td>\n<td width=\"85\">Stage 1<\/td>\n<td width=\"236\">FLORENCE &gt; RIMINI<\/td>\n<td width=\"76\">206 KM<\/td>\n<td width=\"80\">10:50:00<\/td>\n<\/tr>\n<tr>\n<td width=\"140\">Sunday 30 June<\/td>\n<td width=\"85\">Stage 2<\/td>\n<td width=\"236\">CESENATICO &gt; BOLOGNE<\/td>\n<td width=\"76\">199 KM<\/td>\n<td width=\"80\">11:05:00<\/td>\n<\/tr>\n<tr>\n<td width=\"140\">Monday 1 July<\/td>\n<td width=\"85\">Stage 3<\/td>\n<td width=\"236\">PLAISANCE &gt; TURIN<\/td>\n<td width=\"76\">230.5 KM<\/td>\n<td width=\"80\">11:45:00<\/td>\n<\/tr>\n<tr>\n<td width=\"140\">Tuesday 2 July<\/td>\n<td width=\"85\">Stage 4<\/td>\n<td width=\"236\">PINEROLO &gt; VALLOIRE<\/td>\n<td width=\"76\">140 KM<\/td>\n<td width=\"80\">11:55:00<\/td>\n<\/tr>\n<tr>\n<td width=\"140\">Wednesday 3 July<\/td>\n<td width=\"85\">Stage 5<\/td>\n<td width=\"236\">SAINT-JEAN-DE-MAURIENNE &gt; SAINT-VULBAS<\/td>\n<td width=\"76\">177.5 KM<\/td>\n<td width=\"80\">13:00:00<\/td>\n<\/tr>\n<tr>\n<td width=\"140\">Thursday 4 July<\/td>\n<td width=\"85\">Stage 6<\/td>\n<td width=\"236\">M\u00c2CON &gt; DIJON<\/td>\n<td width=\"76\">163.5 KM<\/td>\n<td width=\"80\">13:00:00<\/td>\n<\/tr>\n<tr>\n<td width=\"140\">Friday 5 July<\/td>\n<td width=\"85\">Stage 7<\/td>\n<td width=\"236\">NUITS-SAINT-GEORGES &gt; GEVREY-CHAMBERTIN<\/td>\n<td width=\"76\">25.3 KM<\/td>\n<td width=\"80\">11:55:00<\/td>\n<\/tr>\n<tr>\n<td width=\"140\">Saturday 6 July<\/td>\n<td width=\"85\">Stage 8<\/td>\n<td width=\"236\">SEMUR-EN-AUXOIS &gt; COLOMBEY-LES-DEUX-\u00c9GLISES<\/td>\n<td width=\"76\">183.5 KM<\/td>\n<td width=\"80\">13:00:00<\/td>\n<\/tr>\n<tr>\n<td width=\"140\">Sunday 7 July<\/td>\n<td width=\"85\">Stage 9<\/td>\n<td width=\"236\">TROYES &gt; TROYES<\/td>\n<td width=\"76\">199 KM<\/td>\n<td width=\"80\">12:05:00<\/td>\n<\/tr>\n<tr>\n<td width=\"140\">Monday 8 July<\/td>\n<td width=\"85\">Rest Day 1<\/td>\n<td width=\"236\">ORL\u00c9ANS<\/td>\n<td width=\"76\">&nbsp;<\/td>\n<td width=\"80\">&nbsp;<\/td>\n<\/tr>\n<tr>\n<td width=\"140\">Tuesday 9 July<\/td>\n<td width=\"85\">Stage 10<\/td>\n<td width=\"236\">ORL\u00c9ANS &gt; SAINT-AMAND-MONTROND<\/td>\n<td width=\"76\">187.5 KM<\/td>\n<td width=\"80\">13:00:00<\/td>\n<\/tr>\n<tr>\n<td width=\"140\">Wednesday 10 July<\/td>\n<td width=\"85\">Stage 11<\/td>\n<td width=\"236\">\u00c9VAUX-LES-BAINS &gt; LE LIORAN<\/td>\n<td width=\"76\">211 KM<\/td>\n<td width=\"80\">11:00:00<\/td>\n<\/tr>\n<tr>\n<td width=\"140\">Thursday 11 July<\/td>\n<td width=\"85\">Stage 12<\/td>\n<td width=\"236\">AURILLAC &gt; VILLENEUVE-SUR-LOT<\/td>\n<td width=\"76\">204 KM<\/td>\n<td width=\"80\">12:00:00<\/td>\n<\/tr>\n<tr>\n<td width=\"140\">Friday 12 July<\/td>\n<td width=\"85\">Stage 13<\/td>\n<td width=\"236\">AGEN &gt; PAU<\/td>\n<td width=\"76\">165.5 KM<\/td>\n<td width=\"80\">13:00:00<\/td>\n<\/tr>\n<tr>\n<td width=\"140\">Saturday 13 July<\/td>\n<td width=\"85\">Stage 14<\/td>\n<td width=\"236\">PAU &gt; SAINT-LARY-SOULAN PLA D&#8217;ADET<\/td>\n<td width=\"76\">152 KM<\/td>\n<td width=\"80\">11:55:00<\/td>\n<\/tr>\n<tr>\n<td width=\"140\">Sunday 14 July<\/td>\n<td width=\"85\">Stage 15<\/td>\n<td width=\"236\">LOUDENVIELLE &gt; PLATEAU DE BEILLE<\/td>\n<td width=\"76\">198 KM<\/td>\n<td width=\"80\">10:45:00<\/td>\n<\/tr>\n<tr>\n<td width=\"140\">Monday 15 July<\/td>\n<td width=\"85\">Rest Day 2<\/td>\n<td width=\"236\">GRUISSAN<\/td>\n<td width=\"76\">&nbsp;<\/td>\n<td width=\"80\">&nbsp;<\/td>\n<\/tr>\n<tr>\n<td width=\"140\">Tuesday 16 July<\/td>\n<td width=\"85\">Stage 16<\/td>\n<td width=\"236\">GRUISSAN &gt; N\u00ceMES<\/td>\n<td width=\"76\">189 KM<\/td>\n<td width=\"80\">13:00:00<\/td>\n<\/tr>\n<tr>\n<td width=\"140\">Wednesday 17 July<\/td>\n<td width=\"85\">Stage 17<\/td>\n<td width=\"236\">SAINT-PAUL-TROIS-CH\u00c2TEAUX &gt; SUPERD\u00c9VOLUY<\/td>\n<td width=\"76\">178 KM<\/td>\n<td width=\"80\">11:25:00<\/td>\n<\/tr>\n<tr>\n<td width=\"140\">Thursday 18 July<\/td>\n<td width=\"85\">Stage 18<\/td>\n<td width=\"236\">GAP &gt; BARCELONNETTE<\/td>\n<td width=\"76\">180 KM<\/td>\n<td width=\"80\">11:50:00<\/td>\n<\/tr>\n<tr>\n<td width=\"140\">Friday 19 July<\/td>\n<td width=\"85\">Stage 19<\/td>\n<td width=\"236\">EMBRUN &gt; ISOLA 2000<\/td>\n<td width=\"76\">145 KM<\/td>\n<td width=\"80\">11:05:00<\/td>\n<\/tr>\n<tr>\n<td width=\"140\">Saturday 20 July<\/td>\n<td width=\"85\">Stage 20<\/td>\n<td width=\"236\">NICE &gt; COL DE LA COUILLOLE<\/td>\n<td width=\"76\">133 KM<\/td>\n<td width=\"80\">12:30:00<\/td>\n<\/tr>\n<tr>\n<td width=\"140\">Sunday 21 July<\/td>\n<td width=\"85\">Stage 21<\/td>\n<td width=\"236\">MONACO &gt; NICE<\/td>\n<td width=\"76\">33.7 KM<\/td>\n<td width=\"80\">13:30:00<\/td>\n<\/tr>\n<\/tbody>\n<\/table>\n<p>&nbsp;<\/p>\n<p><strong><em>\u00a0<\/em><\/strong><\/p>\n<p><strong><em>\u00a0<\/em><\/strong><\/p>\n<p><strong><em>More information: <\/em><\/strong><a href=\"https:\/\/www.letour.fr\/en\/\">https:\/\/www.letour.fr\/en\/<\/a><\/p>\n<p>&nbsp;<\/p>\n","protected":false},"excerpt":{"rendered":"<p>Pic: P\u00e1draic \u00d3 Cuinn agus P\u00e1id\u00ed \u00d3 Lion\u00e1ird &nbsp; &nbsp; TG4 has announced details of its exclusive live television coverage of Tour de France 2024, the most famous cycling race in the world. The stations live coverage of the Tour begins on Saturday morning 29 June with coverage from Stage One in Italy from Florence [&hellip;]<\/p>\n","protected":false},"author":876,"featured_media":0,"parent":208150,"menu_order":16,"comment_status":"closed","ping_status":"closed","template":"page-templates\/template-pr.php","meta":{"_acf_changed":false,"footnotes":""},"acf":[],"yoast_head":"<!-- This site is optimized with the Yoast SEO plugin v22.6 - https:\/\/yoast.com\/wordpress\/plugins\/seo\/ -->\n<title>Tour de France starts Saturday 29 June on TG4 | Press Release | TG4<\/title>\n<meta name=\"description\" content=\"TG4 has announced details of its exclusive live television coverage of Tour de France 2024, the most famous cycling race in the world.\" \/>\n<meta name=\"robots\" content=\"index, follow, max-snippet:-1, max-image-preview:large, max-video-preview:-1\" \/>\n<meta property=\"og:locale\" content=\"en_US\" \/>\n<meta property=\"og:type\" content=\"article\" \/>\n<meta property=\"og:title\" content=\"Tour de France starts Saturday 29 June on TG4 | Press Release | TG4\" \/>\n<meta property=\"og:description\" content=\"TG4 has announced details of its exclusive live television coverage of Tour de France 2024, the most famous cycling race in the world.\" \/>\n<meta property=\"og:url\" content=\"https:\/\/dev.tg4.ie\/en\/information\/press\/press-releases\/2024-2\/tour-de-france-starts-saturday-29-june-on-tg4\/\" \/>\n<meta property=\"og:site_name\" content=\"TG4\" \/>\n<meta property=\"article:publisher\" content=\"https:\/\/www.facebook.com\/TG4TV\" \/>\n<meta property=\"og:image\" content=\"https:\/\/tg4-docs.s3.amazonaws.com\/wp-content\/uploads\/2024\/06\/19122235\/TG4_Rothaiocht_2024_1-1280x720-1-700x394.jpg\" \/>\n<meta name=\"twitter:card\" content=\"summary_large_image\" \/>\n<meta name=\"twitter:image\" content=\"https:\/\/tg4-docs.s3.amazonaws.com\/wp-content\/uploads\/2024\/06\/19122235\/TG4_Rothaiocht_2024_1-1280x720-1-700x394.jpg\" \/>\n<meta name=\"twitter:site\" content=\"@TG4TV\" \/>\n<meta name=\"twitter:label1\" content=\"Est. reading time\" \/>\n\t<meta name=\"twitter:data1\" content=\"3 minutes\" \/>\n<script type=\"application\/ld+json\" class=\"yoast-schema-graph\">{\"@context\":\"https:\/\/schema.org\",\"@graph\":[{\"@type\":\"WebPage\",\"@id\":\"https:\/\/dev.tg4.ie\/en\/information\/press\/press-releases\/2024-2\/tour-de-france-starts-saturday-29-june-on-tg4\/\",\"url\":\"https:\/\/dev.tg4.ie\/en\/information\/press\/press-releases\/2024-2\/tour-de-france-starts-saturday-29-june-on-tg4\/\",\"name\":\"Tour de France starts Saturday 29 June on TG4 | Press Release | TG4\",\"isPartOf\":{\"@id\":\"https:\/\/dev.tg4.ie\/en\/#website\"},\"primaryImageOfPage\":{\"@id\":\"https:\/\/dev.tg4.ie\/en\/information\/press\/press-releases\/2024-2\/tour-de-france-starts-saturday-29-june-on-tg4\/#primaryimage\"},\"image\":{\"@id\":\"https:\/\/dev.tg4.ie\/en\/information\/press\/press-releases\/2024-2\/tour-de-france-starts-saturday-29-june-on-tg4\/#primaryimage\"},\"thumbnailUrl\":\"https:\/\/dev.tg4.ie\/wp-content\/uploads\/2024\/06\/TG4_Rothaiocht_2024_1-1280x720-1.jpg\",\"datePublished\":\"2024-06-19T11:34:49+00:00\",\"dateModified\":\"2024-06-19T11:34:49+00:00\",\"description\":\"TG4 has announced details of its exclusive live television coverage of Tour de France 2024, the most famous cycling race in the world.\",\"breadcrumb\":{\"@id\":\"https:\/\/dev.tg4.ie\/en\/information\/press\/press-releases\/2024-2\/tour-de-france-starts-saturday-29-june-on-tg4\/#breadcrumb\"},\"inLanguage\":\"en-ie\",\"potentialAction\":[{\"@type\":\"ReadAction\",\"target\":[\"https:\/\/dev.tg4.ie\/en\/information\/press\/press-releases\/2024-2\/tour-de-france-starts-saturday-29-june-on-tg4\/\"]}]},{\"@type\":\"ImageObject\",\"inLanguage\":\"en-ie\",\"@id\":\"https:\/\/dev.tg4.ie\/en\/information\/press\/press-releases\/2024-2\/tour-de-france-starts-saturday-29-june-on-tg4\/#primaryimage\",\"url\":\"https:\/\/dev.tg4.ie\/wp-content\/uploads\/2024\/06\/TG4_Rothaiocht_2024_1-1280x720-1.jpg\",\"contentUrl\":\"https:\/\/dev.tg4.ie\/wp-content\/uploads\/2024\/06\/TG4_Rothaiocht_2024_1-1280x720-1.jpg\"},{\"@type\":\"BreadcrumbList\",\"@id\":\"https:\/\/dev.tg4.ie\/en\/information\/press\/press-releases\/2024-2\/tour-de-france-starts-saturday-29-june-on-tg4\/#breadcrumb\",\"itemListElement\":[{\"@type\":\"ListItem\",\"position\":1,\"name\":\"Home\",\"item\":\"https:\/\/dev.tg4.ie\/en\/\"},{\"@type\":\"ListItem\",\"position\":2,\"name\":\"Information\",\"item\":\"https:\/\/dev.tg4.ie\/en\/information\/\"},{\"@type\":\"ListItem\",\"position\":3,\"name\":\"Press\",\"item\":\"https:\/\/dev.tg4.ie\/en\/information\/press\/\"},{\"@type\":\"ListItem\",\"position\":4,\"name\":\"Press Releases\",\"item\":\"https:\/\/dev.tg4.ie\/en\/information\/press\/press-releases\/\"},{\"@type\":\"ListItem\",\"position\":5,\"name\":\"2024\",\"item\":\"https:\/\/dev.tg4.ie\/en\/information\/press\/press-releases\/2024-2\/\"},{\"@type\":\"ListItem\",\"position\":6,\"name\":\"Tour de France starts Saturday 29 June on TG4\"}]},{\"@type\":\"WebSite\",\"@id\":\"https:\/\/dev.tg4.ie\/en\/#website\",\"url\":\"https:\/\/dev.tg4.ie\/en\/\",\"name\":\"TG4\",\"description\":\"S\u00fail Eile\",\"potentialAction\":[{\"@type\":\"SearchAction\",\"target\":{\"@type\":\"EntryPoint\",\"urlTemplate\":\"https:\/\/dev.tg4.ie\/en\/?s={search_term_string}\"},\"query-input\":\"required name=search_term_string\"}],\"inLanguage\":\"en-ie\"}]}<\/script>\n<!-- \/ Yoast SEO plugin. -->","yoast_head_json":{"title":"Tour de France starts Saturday 29 June on TG4 | Press Release | TG4","description":"TG4 has announced details of its exclusive live television coverage of Tour de France 2024, the most famous cycling race in the world.","robots":{"index":"index","follow":"follow","max-snippet":"max-snippet:-1","max-image-preview":"max-image-preview:large","max-video-preview":"max-video-preview:-1"},"og_locale":"en_US","og_type":"article","og_title":"Tour de France starts Saturday 29 June on TG4 | Press Release | TG4","og_description":"TG4 has announced details of its exclusive live television coverage of Tour de France 2024, the most famous cycling race in the world.","og_url":"https:\/\/dev.tg4.ie\/en\/information\/press\/press-releases\/2024-2\/tour-de-france-starts-saturday-29-june-on-tg4\/","og_site_name":"TG4","article_publisher":"https:\/\/www.facebook.com\/TG4TV","og_image":[{"url":"https:\/\/tg4-docs.s3.amazonaws.com\/wp-content\/uploads\/2024\/06\/19122235\/TG4_Rothaiocht_2024_1-1280x720-1-700x394.jpg"}],"twitter_card":"summary_large_image","twitter_image":"https:\/\/tg4-docs.s3.amazonaws.com\/wp-content\/uploads\/2024\/06\/19122235\/TG4_Rothaiocht_2024_1-1280x720-1-700x394.jpg","twitter_site":"@TG4TV","twitter_misc":{"Est. reading time":"3 minutes"},"schema":{"@context":"https:\/\/schema.org","@graph":[{"@type":"WebPage","@id":"https:\/\/dev.tg4.ie\/en\/information\/press\/press-releases\/2024-2\/tour-de-france-starts-saturday-29-june-on-tg4\/","url":"https:\/\/dev.tg4.ie\/en\/information\/press\/press-releases\/2024-2\/tour-de-france-starts-saturday-29-june-on-tg4\/","name":"Tour de France starts Saturday 29 June on TG4 | Press Release | TG4","isPartOf":{"@id":"https:\/\/dev.tg4.ie\/en\/#website"},"primaryImageOfPage":{"@id":"https:\/\/dev.tg4.ie\/en\/information\/press\/press-releases\/2024-2\/tour-de-france-starts-saturday-29-june-on-tg4\/#primaryimage"},"image":{"@id":"https:\/\/dev.tg4.ie\/en\/information\/press\/press-releases\/2024-2\/tour-de-france-starts-saturday-29-june-on-tg4\/#primaryimage"},"thumbnailUrl":"https:\/\/dev.tg4.ie\/wp-content\/uploads\/2024\/06\/TG4_Rothaiocht_2024_1-1280x720-1.jpg","datePublished":"2024-06-19T11:34:49+00:00","dateModified":"2024-06-19T11:34:49+00:00","description":"TG4 has announced details of its exclusive live television coverage of Tour de France 2024, the most famous cycling race in the world.","breadcrumb":{"@id":"https:\/\/dev.tg4.ie\/en\/information\/press\/press-releases\/2024-2\/tour-de-france-starts-saturday-29-june-on-tg4\/#breadcrumb"},"inLanguage":"en-ie","potentialAction":[{"@type":"ReadAction","target":["https:\/\/dev.tg4.ie\/en\/information\/press\/press-releases\/2024-2\/tour-de-france-starts-saturday-29-june-on-tg4\/"]}]},{"@type":"ImageObject","inLanguage":"en-ie","@id":"https:\/\/dev.tg4.ie\/en\/information\/press\/press-releases\/2024-2\/tour-de-france-starts-saturday-29-june-on-tg4\/#primaryimage","url":"https:\/\/dev.tg4.ie\/wp-content\/uploads\/2024\/06\/TG4_Rothaiocht_2024_1-1280x720-1.jpg","contentUrl":"https:\/\/dev.tg4.ie\/wp-content\/uploads\/2024\/06\/TG4_Rothaiocht_2024_1-1280x720-1.jpg"},{"@type":"BreadcrumbList","@id":"https:\/\/dev.tg4.ie\/en\/information\/press\/press-releases\/2024-2\/tour-de-france-starts-saturday-29-june-on-tg4\/#breadcrumb","itemListElement":[{"@type":"ListItem","position":1,"name":"Home","item":"https:\/\/dev.tg4.ie\/en\/"},{"@type":"ListItem","position":2,"name":"Information","item":"https:\/\/dev.tg4.ie\/en\/information\/"},{"@type":"ListItem","position":3,"name":"Press","item":"https:\/\/dev.tg4.ie\/en\/information\/press\/"},{"@type":"ListItem","position":4,"name":"Press Releases","item":"https:\/\/dev.tg4.ie\/en\/information\/press\/press-releases\/"},{"@type":"ListItem","position":5,"name":"2024","item":"https:\/\/dev.tg4.ie\/en\/information\/press\/press-releases\/2024-2\/"},{"@type":"ListItem","position":6,"name":"Tour de France starts Saturday 29 June on TG4"}]},{"@type":"WebSite","@id":"https:\/\/dev.tg4.ie\/en\/#website","url":"https:\/\/dev.tg4.ie\/en\/","name":"TG4","description":"S\u00fail Eile","potentialAction":[{"@type":"SearchAction","target":{"@type":"EntryPoint","urlTemplate":"https:\/\/dev.tg4.ie\/en\/?s={search_term_string}"},"query-input":"required name=search_term_string"}],"inLanguage":"en-ie"}]}},"_links":{"self":[{"href":"https:\/\/dev.tg4.ie\/en\/wp-json\/wp\/v2\/pages\/217611"}],"collection":[{"href":"https:\/\/dev.tg4.ie\/en\/wp-json\/wp\/v2\/pages"}],"about":[{"href":"https:\/\/dev.tg4.ie\/en\/wp-json\/wp\/v2\/types\/page"}],"author":[{"embeddable":true,"href":"https:\/\/dev.tg4.ie\/en\/wp-json\/wp\/v2\/users\/876"}],"replies":[{"embeddable":true,"href":"https:\/\/dev.tg4.ie\/en\/wp-json\/wp\/v2\/comments?post=217611"}],"version-history":[{"count":0,"href":"https:\/\/dev.tg4.ie\/en\/wp-json\/wp\/v2\/pages\/217611\/revisions"}],"up":[{"embeddable":true,"href":"https:\/\/dev.tg4.ie\/en\/wp-json\/wp\/v2\/pages\/208150"}],"wp:attachment":[{"href":"https:\/\/dev.tg4.ie\/en\/wp-json\/wp\/v2\/media?parent=217611"}],"curies":[{"name":"wp","href":"https:\/\/api.w.org\/{rel}","templated":true}]}}