{"id":217773,"date":"2024-06-26T10:18:07","date_gmt":"2024-06-26T09:18:07","guid":{"rendered":"https:\/\/dev.tg4.ie\/?page_id=217773"},"modified":"2024-06-26T15:56:48","modified_gmt":"2024-06-26T14:56:48","slug":"tg4-proudly-presents-five-films-including-kneecap-and-fidil-ghorm-at-the-36th-galway-film-fleadh","status":"publish","type":"page","link":"https:\/\/dev.tg4.ie\/en\/information\/press\/press-releases\/2024-2\/tg4-proudly-presents-five-films-including-kneecap-and-fidil-ghorm-at-the-36th-galway-film-fleadh\/","title":{"rendered":"TG4 Proudly Presents Five Films Including &#8216;Kneecap&#8217; and &#8216;Fidil Ghorm&#8217; at the 36th Galway Film Fleadh"},"content":{"rendered":"<table>\n<tbody>\n<tr>\n<td width=\"33%\">\n  <img loading=\"lazy\" decoding=\"async\" width=\"1920\" height=\"1080\" src=\"https:\/\/tg4-docs.s3.amazonaws.com\/wp-content\/uploads\/2024\/06\/26095055\/KNEECAP_1-1920x1080-1.jpg\" alt=\"\" class=\"alignnone size-full wp-image-217756\" srcset=\"https:\/\/tg4-docs.s3.amazonaws.com\/wp-content\/uploads\/2024\/06\/26095055\/KNEECAP_1-1920x1080-1.jpg 1920w, https:\/\/tg4-docs.s3.amazonaws.com\/wp-content\/uploads\/2024\/06\/26095055\/KNEECAP_1-1920x1080-1-250x141.jpg 250w, https:\/\/tg4-docs.s3.amazonaws.com\/wp-content\/uploads\/2024\/06\/26095055\/KNEECAP_1-1920x1080-1-700x394.jpg 700w, https:\/\/tg4-docs.s3.amazonaws.com\/wp-content\/uploads\/2024\/06\/26095055\/KNEECAP_1-1920x1080-1-252x141.jpg 252w, https:\/\/tg4-docs.s3.amazonaws.com\/wp-content\/uploads\/2024\/06\/26095055\/KNEECAP_1-1920x1080-1-1536x864.jpg 1536w, https:\/\/tg4-docs.s3.amazonaws.com\/wp-content\/uploads\/2024\/06\/26095055\/KNEECAP_1-1920x1080-1-120x68.jpg 120w\" sizes=\"(max-width: 1920px) 100vw, 1920px\" \/>\n<\/td>\n<td width=\"33%\">\n  <img loading=\"lazy\" decoding=\"async\" width=\"1920\" height=\"1080\" src=\"https:\/\/tg4-docs.s3.amazonaws.com\/wp-content\/uploads\/2024\/06\/26095051\/FIDIL_GHORM_1-1920x1080-1.jpg\" alt=\"\" class=\"alignnone size-full wp-image-217755\" srcset=\"https:\/\/tg4-docs.s3.amazonaws.com\/wp-content\/uploads\/2024\/06\/26095051\/FIDIL_GHORM_1-1920x1080-1.jpg 1920w, https:\/\/tg4-docs.s3.amazonaws.com\/wp-content\/uploads\/2024\/06\/26095051\/FIDIL_GHORM_1-1920x1080-1-250x141.jpg 250w, https:\/\/tg4-docs.s3.amazonaws.com\/wp-content\/uploads\/2024\/06\/26095051\/FIDIL_GHORM_1-1920x1080-1-700x394.jpg 700w, https:\/\/tg4-docs.s3.amazonaws.com\/wp-content\/uploads\/2024\/06\/26095051\/FIDIL_GHORM_1-1920x1080-1-252x141.jpg 252w, https:\/\/tg4-docs.s3.amazonaws.com\/wp-content\/uploads\/2024\/06\/26095051\/FIDIL_GHORM_1-1920x1080-1-1536x864.jpg 1536w, https:\/\/tg4-docs.s3.amazonaws.com\/wp-content\/uploads\/2024\/06\/26095051\/FIDIL_GHORM_1-1920x1080-1-120x68.jpg 120w\" sizes=\"(max-width: 1920px) 100vw, 1920px\" \/>\n<\/td>\n<td width=\"33%\">\n  <img loading=\"lazy\" decoding=\"async\" width=\"1920\" height=\"1080\" src=\"https:\/\/tg4-docs.s3.amazonaws.com\/wp-content\/uploads\/2024\/06\/26095048\/BURKITT_1-1920x1080-1.jpg\" alt=\"\" class=\"alignnone size-full wp-image-217754\" srcset=\"https:\/\/tg4-docs.s3.amazonaws.com\/wp-content\/uploads\/2024\/06\/26095048\/BURKITT_1-1920x1080-1.jpg 1920w, https:\/\/tg4-docs.s3.amazonaws.com\/wp-content\/uploads\/2024\/06\/26095048\/BURKITT_1-1920x1080-1-250x141.jpg 250w, https:\/\/tg4-docs.s3.amazonaws.com\/wp-content\/uploads\/2024\/06\/26095048\/BURKITT_1-1920x1080-1-700x394.jpg 700w, https:\/\/tg4-docs.s3.amazonaws.com\/wp-content\/uploads\/2024\/06\/26095048\/BURKITT_1-1920x1080-1-252x141.jpg 252w, https:\/\/tg4-docs.s3.amazonaws.com\/wp-content\/uploads\/2024\/06\/26095048\/BURKITT_1-1920x1080-1-1536x864.jpg 1536w, https:\/\/tg4-docs.s3.amazonaws.com\/wp-content\/uploads\/2024\/06\/26095048\/BURKITT_1-1920x1080-1-120x68.jpg 120w\" sizes=\"(max-width: 1920px) 100vw, 1920px\" \/>\n<\/td>\n<\/tr>\n<tr>\n<td><sup>Pictures: KNEECAP, Fidil Ghorm &#038; Burkitt<\/sup><\/td>\n<\/tr>\n<tr>\n<td width=\"33%\">\n  <img loading=\"lazy\" decoding=\"async\" width=\"1920\" height=\"1080\" src=\"https:\/\/tg4-docs.s3.amazonaws.com\/wp-content\/uploads\/2024\/06\/26095833\/IARSMAI_NA_HIARSMALAINNE_1-1920x1080-1.jpg\" alt=\"\" class=\"alignnone size-full wp-image-217759\" srcset=\"https:\/\/tg4-docs.s3.amazonaws.com\/wp-content\/uploads\/2024\/06\/26095833\/IARSMAI_NA_HIARSMALAINNE_1-1920x1080-1.jpg 1920w, https:\/\/tg4-docs.s3.amazonaws.com\/wp-content\/uploads\/2024\/06\/26095833\/IARSMAI_NA_HIARSMALAINNE_1-1920x1080-1-250x141.jpg 250w, https:\/\/tg4-docs.s3.amazonaws.com\/wp-content\/uploads\/2024\/06\/26095833\/IARSMAI_NA_HIARSMALAINNE_1-1920x1080-1-700x394.jpg 700w, https:\/\/tg4-docs.s3.amazonaws.com\/wp-content\/uploads\/2024\/06\/26095833\/IARSMAI_NA_HIARSMALAINNE_1-1920x1080-1-252x141.jpg 252w, https:\/\/tg4-docs.s3.amazonaws.com\/wp-content\/uploads\/2024\/06\/26095833\/IARSMAI_NA_HIARSMALAINNE_1-1920x1080-1-1536x864.jpg 1536w, https:\/\/tg4-docs.s3.amazonaws.com\/wp-content\/uploads\/2024\/06\/26095833\/IARSMAI_NA_HIARSMALAINNE_1-1920x1080-1-120x68.jpg 120w\" sizes=\"(max-width: 1920px) 100vw, 1920px\" \/>\n<\/td>\n<td width=\"33%\">\n  <img loading=\"lazy\" decoding=\"async\" width=\"1920\" height=\"1080\" src=\"https:\/\/tg4-docs.s3.amazonaws.com\/wp-content\/uploads\/2024\/06\/26095836\/SCRIOFA_SNA_REALTA_1-1920x1080-1.jpg\" alt=\"\" class=\"alignnone size-full wp-image-217760\" srcset=\"https:\/\/tg4-docs.s3.amazonaws.com\/wp-content\/uploads\/2024\/06\/26095836\/SCRIOFA_SNA_REALTA_1-1920x1080-1.jpg 1920w, https:\/\/tg4-docs.s3.amazonaws.com\/wp-content\/uploads\/2024\/06\/26095836\/SCRIOFA_SNA_REALTA_1-1920x1080-1-250x141.jpg 250w, https:\/\/tg4-docs.s3.amazonaws.com\/wp-content\/uploads\/2024\/06\/26095836\/SCRIOFA_SNA_REALTA_1-1920x1080-1-700x394.jpg 700w, https:\/\/tg4-docs.s3.amazonaws.com\/wp-content\/uploads\/2024\/06\/26095836\/SCRIOFA_SNA_REALTA_1-1920x1080-1-252x141.jpg 252w, https:\/\/tg4-docs.s3.amazonaws.com\/wp-content\/uploads\/2024\/06\/26095836\/SCRIOFA_SNA_REALTA_1-1920x1080-1-1536x864.jpg 1536w, https:\/\/tg4-docs.s3.amazonaws.com\/wp-content\/uploads\/2024\/06\/26095836\/SCRIOFA_SNA_REALTA_1-1920x1080-1-120x68.jpg 120w\" sizes=\"(max-width: 1920px) 100vw, 1920px\" \/>\n<\/td>\n<\/tr>\n<\/tbody>\n<\/table>\n<p><sup>Pictures: Iarsma\u00ed na hIarsmalainne &#038; Scr\u00edofa sna R\u00e9alta\u00ed<\/sup><\/p>\n<p>&nbsp;<\/p>\n<p><strong>TG4<\/strong> showcases five films, featuring the Irish premieres of &#8216;Kneecap&#8217; and &#8216;Fidil Ghorm&#8217;, at the 36th Annual Galway Film Fleadh. The films span diverse genres and themes, highlighting the rich tapestry of Irish storytelling and filmmaking.<br \/>\n&nbsp;<\/p>\n<p>&nbsp;<br \/>\n<strong>Irish Premiere of KNEECAP<\/strong> <\/p>\n<p>KNEECAP, a thrilling biopic based on the formation of the revolutionary Irish-language rap trio KNEECAP, stars band members Mo Chara, M\u00f3gla\u00ed Bap, and DJ Pr\u00f3va\u00ed alongside Academy Award\u00ae nominee Michael Fassbender. Set in West Belfast in 2019, the film chronicles the trio&#8217;s journey to musical stardom. KNEECAP  was the winner of the Sundance NEXT Audience Award.<\/p>\n<p><strong>Writer\/Director:<\/strong> Rich Peppiatt<br \/>\n<strong>Cast:<\/strong> Naoise \u00d3\u2019Caireall\u00e1n, Liam \u00d3g O\u2019Hannaidh, DJ Pr\u00f3va\u00ed, Michael Fassbender, Simone Kirby, Fionnuala Flaherty, Josie Walker and Jessica Reynolds.<br \/>\n<strong>Producer:<\/strong> Trevor Birney, Jack Tarling, Patrick O\u2019Neill <\/p>\n<p><strong>Irish Premiere of KNEECAP &#8211; Tuesday, July 9 | 19:00 | Town Hall Theatre <\/strong><br \/>\n&nbsp;<\/p>\n<hr>\n<p>&nbsp;<br \/>\n<strong>Irish Premiere of Fidil Ghorm (New Cine4 Film)<\/strong> <\/p>\n<p>Fidil Ghorm, a heartwarming Irish-language drama, tells the poignant story of 10-year-old Molly, who believes learning to play the fiddle like her comatose father might awaken him. Her quest for musical magic leads her to a grumpy but talented fiddler in a rehab center, sparking a journey of hope and healing. <\/p>\n<p><strong>Director:<\/strong> Anne McCabe<br \/>\n<strong>Writer:<\/strong> Patricia Forde<br \/>\n<strong>Producers:<\/strong> Br\u00edd Seoighe, Pierce Boyce<br \/>\n<strong>Cast:<\/strong> Ruadh\u00e1n Flatharta, Marcus Lamb, Sarah Jane Scott, Siobhan O\u2019Kelly, Barry Mc Govern, Edith Lawlor  <\/p>\n<p><strong>Irish Premiere of Fidil Ghorm (New Cine4 Film) Wednesday, July 10 | 18:30 | Town Hall Theatre<\/strong><br \/>\n&nbsp;<\/p>\n<hr>\n<p>&nbsp;<br \/>\n<strong>Burkitt <\/strong> <\/p>\n<p>This thought-provoking documentary explores the life and legacy of Irish surgeon Denis Burkitt, who discovered Burkitt\u2019s lymphoma. Told through the eyes of a survivor, first-time filmmaker \u00c9anna Mac Cana intertwines personal recordings with Burkitt&#8217;s archival footage, examining the nonlinear impacts of trauma, colonialism, and medical ethics. This film sheds light on Burkitt&#8217;s contributions to medical science and Mac Cana&#8217;s personal connection to his legacy.<\/p>\n<p><strong>Burkitt &#8211; Sunday, July 14 | 17:00 | P\u00e1l\u00e1s<\/strong><br \/>\n&nbsp;<\/p>\n<hr>\n<p>&nbsp;<br \/>\n<strong>Iarsma\u00ed na hIarsmalainne<\/strong><\/p>\n<p>Iarsma\u00ed na hIarsmalainne delves into the complex histories of ethnographic collections in Ireland and Britain, focusing on stolen Aboriginal material, TCD\u2019s Colonial Legacies Project, and looted Nigerian artefacts. This documentary examines the implications of the \u2018decolonising\u2019 process, especially concerning human remains and Irish artefacts. Produced for TG4 and the BBC, the film is supported by the Irish Language Broadcast Fund and the BAI. <\/p>\n<p><strong>Iarsma\u00ed na hIarsmalainne -Saturday, July 13 | 14:00 | P\u00e1l\u00e1s<\/strong><br \/>\n&nbsp;<\/p>\n<hr>\n<p>&nbsp;<br \/>\n<strong>Scr\u00edofa sna R\u00e9alta\u00ed<\/strong><\/p>\n<p>Scr\u00edofa sna R\u00e9alta\u00ed follows the inspiring journey of Se\u00e1n, a 9-year-old neurodivergent boy, determined to land a lead role in a local play despite numerous challenges. Shot in Conamara, Co Galway, the film showcases Se\u00e1n&#8217;s resilience and passion. Directed by Vincent Gallagher and produced by Sin \u00c9 Films, the story is a testament to overcoming obstacles and self-doubt. The film was commissioned by TG4 as part of the Eurovision Children&#8217;s Drama Series initiative.<\/p>\n<p><strong>Scr\u00edofa sna R\u00e9alta\u00ed &#8211; Wednesday, July 10 | 12:00 | Town Hall Theatre<\/strong><br \/>\n&nbsp;<\/p>\n<hr>\n<p>&nbsp;<br \/>\n<strong>Mary Ellen N\u00ed Chual\u00e1in, Commissioning Manager at TG4<\/strong>, expressed her excitement for the upcoming premieres: <em>&#8220;We are delighted to bring such a diverse and powerful lineup of films to the Galway Film Fleadh this year. Each film offers a unique perspective and showcases the incredible talent within the Irish film industry. TG4 is committed to supporting and promoting Irish-language films, and we believe these stories will resonate deeply with audiences.&#8221; <\/em><br \/>\n&nbsp;<br \/>\nFor more information and tickets, please visit: <a href=\"https:\/\/www.galwayfilmfleadh.com\" rel=\"noopener\" target=\"_blank\">https:\/\/www.galwayfilmfleadh.com<\/a><\/p>\n<p>&nbsp;<\/p>\n","protected":false},"excerpt":{"rendered":"<p>Pictures: KNEECAP, Fidil Ghorm &#038; Burkitt Pictures: Iarsma\u00ed na hIarsmalainne &#038; Scr\u00edofa sna R\u00e9alta\u00ed &nbsp; TG4 showcases five films, featuring the Irish premieres of &#8216;Kneecap&#8217; and &#8216;Fidil Ghorm&#8217;, at the 36th Annual Galway Film Fleadh. The films span diverse genres and themes, highlighting the rich tapestry of Irish storytelling and filmmaking. &nbsp; &nbsp; Irish Premiere [&hellip;]<\/p>\n","protected":false},"author":876,"featured_media":0,"parent":208150,"menu_order":17,"comment_status":"closed","ping_status":"closed","template":"page-templates\/template-pr.php","meta":{"_acf_changed":false,"footnotes":""},"acf":[],"yoast_head":"<!-- This site is optimized with the Yoast SEO plugin v22.6 - https:\/\/yoast.com\/wordpress\/plugins\/seo\/ -->\n<title>TG4 Proudly Presents Five Films Including &#039;Kneecap&#039; and &#039;Fidil Ghorm&#039; at the 36th Galway Film Fleadh | Press Release | TG4<\/title>\n<meta name=\"description\" content=\"TG4 showcases five films, featuring the Irish premieres of &#039;Kneecap&#039; and &#039;Fidil Ghorm&#039;, at the 36th Annual Galway Film Fleadh. The films span diverse genres and themes, highlighting the rich tapestry of Irish storytelling and filmmaking.\" \/>\n<meta name=\"robots\" content=\"index, follow, max-snippet:-1, max-image-preview:large, max-video-preview:-1\" \/>\n<meta property=\"og:locale\" content=\"en_US\" \/>\n<meta property=\"og:type\" content=\"article\" \/>\n<meta property=\"og:title\" content=\"TG4 Proudly Presents Five Films Including &#039;Kneecap&#039; and &#039;Fidil Ghorm&#039; at the 36th Galway Film Fleadh | Press Release | TG4\" \/>\n<meta property=\"og:description\" content=\"TG4 showcases five films, featuring the Irish premieres of &#039;Kneecap&#039; and &#039;Fidil Ghorm&#039;, at the 36th Annual Galway Film Fleadh. The films span diverse genres and themes, highlighting the rich tapestry of Irish storytelling and filmmaking.\" \/>\n<meta property=\"og:url\" content=\"https:\/\/dev.tg4.ie\/en\/information\/press\/press-releases\/2024-2\/tg4-proudly-presents-five-films-including-kneecap-and-fidil-ghorm-at-the-36th-galway-film-fleadh\/\" \/>\n<meta property=\"og:site_name\" content=\"TG4\" \/>\n<meta property=\"article:publisher\" content=\"https:\/\/www.facebook.com\/TG4TV\" \/>\n<meta property=\"article:modified_time\" content=\"2024-06-26T14:56:48+00:00\" \/>\n<meta property=\"og:image\" content=\"https:\/\/tg4-docs.s3.amazonaws.com\/wp-content\/uploads\/2024\/06\/26095055\/KNEECAP_1-1920x1080-1-700x394.jpg\" \/>\n<meta name=\"twitter:card\" content=\"summary_large_image\" \/>\n<meta name=\"twitter:image\" content=\"https:\/\/tg4-docs.s3.amazonaws.com\/wp-content\/uploads\/2024\/06\/26095055\/KNEECAP_1-1920x1080-1-700x394.jpg\" \/>\n<meta name=\"twitter:site\" content=\"@TG4TV\" \/>\n<meta name=\"twitter:label1\" content=\"Est. reading time\" \/>\n\t<meta name=\"twitter:data1\" content=\"4 minutes\" \/>\n<script type=\"application\/ld+json\" class=\"yoast-schema-graph\">{\"@context\":\"https:\/\/schema.org\",\"@graph\":[{\"@type\":\"WebPage\",\"@id\":\"https:\/\/dev.tg4.ie\/en\/information\/press\/press-releases\/2024-2\/tg4-proudly-presents-five-films-including-kneecap-and-fidil-ghorm-at-the-36th-galway-film-fleadh\/\",\"url\":\"https:\/\/dev.tg4.ie\/en\/information\/press\/press-releases\/2024-2\/tg4-proudly-presents-five-films-including-kneecap-and-fidil-ghorm-at-the-36th-galway-film-fleadh\/\",\"name\":\"TG4 Proudly Presents Five Films Including 'Kneecap' and 'Fidil Ghorm' at the 36th Galway Film Fleadh | Press Release | TG4\",\"isPartOf\":{\"@id\":\"https:\/\/dev.tg4.ie\/en\/#website\"},\"primaryImageOfPage\":{\"@id\":\"https:\/\/dev.tg4.ie\/en\/information\/press\/press-releases\/2024-2\/tg4-proudly-presents-five-films-including-kneecap-and-fidil-ghorm-at-the-36th-galway-film-fleadh\/#primaryimage\"},\"image\":{\"@id\":\"https:\/\/dev.tg4.ie\/en\/information\/press\/press-releases\/2024-2\/tg4-proudly-presents-five-films-including-kneecap-and-fidil-ghorm-at-the-36th-galway-film-fleadh\/#primaryimage\"},\"thumbnailUrl\":\"https:\/\/dev.tg4.ie\/wp-content\/uploads\/2024\/06\/KNEECAP_1-1920x1080-1.jpg\",\"datePublished\":\"2024-06-26T09:18:07+00:00\",\"dateModified\":\"2024-06-26T14:56:48+00:00\",\"description\":\"TG4 showcases five films, featuring the Irish premieres of 'Kneecap' and 'Fidil Ghorm', at the 36th Annual Galway Film Fleadh. The films span diverse genres and themes, highlighting the rich tapestry of Irish storytelling and filmmaking.\",\"breadcrumb\":{\"@id\":\"https:\/\/dev.tg4.ie\/en\/information\/press\/press-releases\/2024-2\/tg4-proudly-presents-five-films-including-kneecap-and-fidil-ghorm-at-the-36th-galway-film-fleadh\/#breadcrumb\"},\"inLanguage\":\"en-ie\",\"potentialAction\":[{\"@type\":\"ReadAction\",\"target\":[\"https:\/\/dev.tg4.ie\/en\/information\/press\/press-releases\/2024-2\/tg4-proudly-presents-five-films-including-kneecap-and-fidil-ghorm-at-the-36th-galway-film-fleadh\/\"]}]},{\"@type\":\"ImageObject\",\"inLanguage\":\"en-ie\",\"@id\":\"https:\/\/dev.tg4.ie\/en\/information\/press\/press-releases\/2024-2\/tg4-proudly-presents-five-films-including-kneecap-and-fidil-ghorm-at-the-36th-galway-film-fleadh\/#primaryimage\",\"url\":\"https:\/\/dev.tg4.ie\/wp-content\/uploads\/2024\/06\/KNEECAP_1-1920x1080-1.jpg\",\"contentUrl\":\"https:\/\/dev.tg4.ie\/wp-content\/uploads\/2024\/06\/KNEECAP_1-1920x1080-1.jpg\"},{\"@type\":\"BreadcrumbList\",\"@id\":\"https:\/\/dev.tg4.ie\/en\/information\/press\/press-releases\/2024-2\/tg4-proudly-presents-five-films-including-kneecap-and-fidil-ghorm-at-the-36th-galway-film-fleadh\/#breadcrumb\",\"itemListElement\":[{\"@type\":\"ListItem\",\"position\":1,\"name\":\"Home\",\"item\":\"https:\/\/dev.tg4.ie\/en\/\"},{\"@type\":\"ListItem\",\"position\":2,\"name\":\"Information\",\"item\":\"https:\/\/dev.tg4.ie\/en\/information\/\"},{\"@type\":\"ListItem\",\"position\":3,\"name\":\"Press\",\"item\":\"https:\/\/dev.tg4.ie\/en\/information\/press\/\"},{\"@type\":\"ListItem\",\"position\":4,\"name\":\"Press Releases\",\"item\":\"https:\/\/dev.tg4.ie\/en\/information\/press\/press-releases\/\"},{\"@type\":\"ListItem\",\"position\":5,\"name\":\"2024\",\"item\":\"https:\/\/dev.tg4.ie\/en\/information\/press\/press-releases\/2024-2\/\"},{\"@type\":\"ListItem\",\"position\":6,\"name\":\"TG4 Proudly Presents Five Films Including &#8216;Kneecap&#8217; and &#8216;Fidil Ghorm&#8217; at the 36th Galway Film Fleadh\"}]},{\"@type\":\"WebSite\",\"@id\":\"https:\/\/dev.tg4.ie\/en\/#website\",\"url\":\"https:\/\/dev.tg4.ie\/en\/\",\"name\":\"TG4\",\"description\":\"S\u00fail Eile\",\"potentialAction\":[{\"@type\":\"SearchAction\",\"target\":{\"@type\":\"EntryPoint\",\"urlTemplate\":\"https:\/\/dev.tg4.ie\/en\/?s={search_term_string}\"},\"query-input\":\"required name=search_term_string\"}],\"inLanguage\":\"en-ie\"}]}<\/script>\n<!-- \/ Yoast SEO plugin. -->","yoast_head_json":{"title":"TG4 Proudly Presents Five Films Including 'Kneecap' and 'Fidil Ghorm' at the 36th Galway Film Fleadh | Press Release | TG4","description":"TG4 showcases five films, featuring the Irish premieres of 'Kneecap' and 'Fidil Ghorm', at the 36th Annual Galway Film Fleadh. The films span diverse genres and themes, highlighting the rich tapestry of Irish storytelling and filmmaking.","robots":{"index":"index","follow":"follow","max-snippet":"max-snippet:-1","max-image-preview":"max-image-preview:large","max-video-preview":"max-video-preview:-1"},"og_locale":"en_US","og_type":"article","og_title":"TG4 Proudly Presents Five Films Including 'Kneecap' and 'Fidil Ghorm' at the 36th Galway Film Fleadh | Press Release | TG4","og_description":"TG4 showcases five films, featuring the Irish premieres of 'Kneecap' and 'Fidil Ghorm', at the 36th Annual Galway Film Fleadh. The films span diverse genres and themes, highlighting the rich tapestry of Irish storytelling and filmmaking.","og_url":"https:\/\/dev.tg4.ie\/en\/information\/press\/press-releases\/2024-2\/tg4-proudly-presents-five-films-including-kneecap-and-fidil-ghorm-at-the-36th-galway-film-fleadh\/","og_site_name":"TG4","article_publisher":"https:\/\/www.facebook.com\/TG4TV","article_modified_time":"2024-06-26T14:56:48+00:00","og_image":[{"url":"https:\/\/tg4-docs.s3.amazonaws.com\/wp-content\/uploads\/2024\/06\/26095055\/KNEECAP_1-1920x1080-1-700x394.jpg"}],"twitter_card":"summary_large_image","twitter_image":"https:\/\/tg4-docs.s3.amazonaws.com\/wp-content\/uploads\/2024\/06\/26095055\/KNEECAP_1-1920x1080-1-700x394.jpg","twitter_site":"@TG4TV","twitter_misc":{"Est. reading time":"4 minutes"},"schema":{"@context":"https:\/\/schema.org","@graph":[{"@type":"WebPage","@id":"https:\/\/dev.tg4.ie\/en\/information\/press\/press-releases\/2024-2\/tg4-proudly-presents-five-films-including-kneecap-and-fidil-ghorm-at-the-36th-galway-film-fleadh\/","url":"https:\/\/dev.tg4.ie\/en\/information\/press\/press-releases\/2024-2\/tg4-proudly-presents-five-films-including-kneecap-and-fidil-ghorm-at-the-36th-galway-film-fleadh\/","name":"TG4 Proudly Presents Five Films Including 'Kneecap' and 'Fidil Ghorm' at the 36th Galway Film Fleadh | Press Release | TG4","isPartOf":{"@id":"https:\/\/dev.tg4.ie\/en\/#website"},"primaryImageOfPage":{"@id":"https:\/\/dev.tg4.ie\/en\/information\/press\/press-releases\/2024-2\/tg4-proudly-presents-five-films-including-kneecap-and-fidil-ghorm-at-the-36th-galway-film-fleadh\/#primaryimage"},"image":{"@id":"https:\/\/dev.tg4.ie\/en\/information\/press\/press-releases\/2024-2\/tg4-proudly-presents-five-films-including-kneecap-and-fidil-ghorm-at-the-36th-galway-film-fleadh\/#primaryimage"},"thumbnailUrl":"https:\/\/dev.tg4.ie\/wp-content\/uploads\/2024\/06\/KNEECAP_1-1920x1080-1.jpg","datePublished":"2024-06-26T09:18:07+00:00","dateModified":"2024-06-26T14:56:48+00:00","description":"TG4 showcases five films, featuring the Irish premieres of 'Kneecap' and 'Fidil Ghorm', at the 36th Annual Galway Film Fleadh. The films span diverse genres and themes, highlighting the rich tapestry of Irish storytelling and filmmaking.","breadcrumb":{"@id":"https:\/\/dev.tg4.ie\/en\/information\/press\/press-releases\/2024-2\/tg4-proudly-presents-five-films-including-kneecap-and-fidil-ghorm-at-the-36th-galway-film-fleadh\/#breadcrumb"},"inLanguage":"en-ie","potentialAction":[{"@type":"ReadAction","target":["https:\/\/dev.tg4.ie\/en\/information\/press\/press-releases\/2024-2\/tg4-proudly-presents-five-films-including-kneecap-and-fidil-ghorm-at-the-36th-galway-film-fleadh\/"]}]},{"@type":"ImageObject","inLanguage":"en-ie","@id":"https:\/\/dev.tg4.ie\/en\/information\/press\/press-releases\/2024-2\/tg4-proudly-presents-five-films-including-kneecap-and-fidil-ghorm-at-the-36th-galway-film-fleadh\/#primaryimage","url":"https:\/\/dev.tg4.ie\/wp-content\/uploads\/2024\/06\/KNEECAP_1-1920x1080-1.jpg","contentUrl":"https:\/\/dev.tg4.ie\/wp-content\/uploads\/2024\/06\/KNEECAP_1-1920x1080-1.jpg"},{"@type":"BreadcrumbList","@id":"https:\/\/dev.tg4.ie\/en\/information\/press\/press-releases\/2024-2\/tg4-proudly-presents-five-films-including-kneecap-and-fidil-ghorm-at-the-36th-galway-film-fleadh\/#breadcrumb","itemListElement":[{"@type":"ListItem","position":1,"name":"Home","item":"https:\/\/dev.tg4.ie\/en\/"},{"@type":"ListItem","position":2,"name":"Information","item":"https:\/\/dev.tg4.ie\/en\/information\/"},{"@type":"ListItem","position":3,"name":"Press","item":"https:\/\/dev.tg4.ie\/en\/information\/press\/"},{"@type":"ListItem","position":4,"name":"Press Releases","item":"https:\/\/dev.tg4.ie\/en\/information\/press\/press-releases\/"},{"@type":"ListItem","position":5,"name":"2024","item":"https:\/\/dev.tg4.ie\/en\/information\/press\/press-releases\/2024-2\/"},{"@type":"ListItem","position":6,"name":"TG4 Proudly Presents Five Films Including &#8216;Kneecap&#8217; and &#8216;Fidil Ghorm&#8217; at the 36th Galway Film Fleadh"}]},{"@type":"WebSite","@id":"https:\/\/dev.tg4.ie\/en\/#website","url":"https:\/\/dev.tg4.ie\/en\/","name":"TG4","description":"S\u00fail Eile","potentialAction":[{"@type":"SearchAction","target":{"@type":"EntryPoint","urlTemplate":"https:\/\/dev.tg4.ie\/en\/?s={search_term_string}"},"query-input":"required name=search_term_string"}],"inLanguage":"en-ie"}]}},"_links":{"self":[{"href":"https:\/\/dev.tg4.ie\/en\/wp-json\/wp\/v2\/pages\/217773"}],"collection":[{"href":"https:\/\/dev.tg4.ie\/en\/wp-json\/wp\/v2\/pages"}],"about":[{"href":"https:\/\/dev.tg4.ie\/en\/wp-json\/wp\/v2\/types\/page"}],"author":[{"embeddable":true,"href":"https:\/\/dev.tg4.ie\/en\/wp-json\/wp\/v2\/users\/876"}],"replies":[{"embeddable":true,"href":"https:\/\/dev.tg4.ie\/en\/wp-json\/wp\/v2\/comments?post=217773"}],"version-history":[{"count":0,"href":"https:\/\/dev.tg4.ie\/en\/wp-json\/wp\/v2\/pages\/217773\/revisions"}],"up":[{"embeddable":true,"href":"https:\/\/dev.tg4.ie\/en\/wp-json\/wp\/v2\/pages\/208150"}],"wp:attachment":[{"href":"https:\/\/dev.tg4.ie\/en\/wp-json\/wp\/v2\/media?parent=217773"}],"curies":[{"name":"wp","href":"https:\/\/api.w.org\/{rel}","templated":true}]}}