{"id":231781,"date":"2024-07-24T14:19:14","date_gmt":"2024-07-24T13:19:14","guid":{"rendered":"https:\/\/dev.tg4.ie\/?page_id=231781"},"modified":"2024-07-24T14:19:14","modified_gmt":"2024-07-24T13:19:14","slug":"georgia-tech-v-florida-state-university-live-on-tg4-saturday-24th-august","status":"publish","type":"page","link":"https:\/\/dev.tg4.ie\/en\/information\/press\/press-releases\/2024-2\/georgia-tech-v-florida-state-university-live-on-tg4-saturday-24th-august\/","title":{"rendered":"Georgia Tech v Florida State University &#8211; Live on TG4 \u2013 Saturday 24th August (5pm)"},"content":{"rendered":"<p><img decoding=\"async\" src=\"https:\/\/res.cloudinary.com\/dfwshshcn\/image\/upload\/t_Banner 16:9\/v1721825444\/College_Football_Classic_pmnxip.jpg\" alt=\"College Football Ireland\" \/><br \/>\n&nbsp;<\/p>\n<p><center><strong><\/p>\n<h2>TG4 to broadcast the Aer Lingus College Football Classic 2024<br \/>\nLive from the Aviva Stadium<\/strong><\/center><\/h2>\n<p>&nbsp;<br \/>\n<strong><\/p>\n<ul>\nGeorgia Tech v Florida State University &#8211; Live on TG4 \u2013 Saturday 24th August (5pm)<\/ul>\n<p><\/strong><br \/>\nTG4 has confirmed that the station will broadcast this year&#8217;s Aer Lingus College Football Classic live from the Aviva Stadium on Saturday 24th August. Georgia Tech will play Florida State University in the opening fixture for the College Football season which is also an Atlantic Coast Conference (ACC) game. This is the first time ever that the match will be broadcast live on free-to-air television in Ireland.<br \/>\n&nbsp;<br \/>\nThe 2024 edition of the Aer Lingus College Football Classic will be the third consecutive American college football game held in Ireland since the game series was announced and the eighth Division I College Football game to be played in Ireland.<br \/>\n&nbsp;<br \/>\nGeorgia Tech, based in the heart of Atlanta, will make a welcome return to Ireland \u2013 having played here in 2016 when they defeated Boston College by 17 points to 14 at the Aviva Stadium with a last-minute touchdown.<br \/>\n&nbsp;<br \/>\nFlorida State University, known as the Seminoles, will be playing their first-ever overseas football fixture. The three-time National Champions are one of American college football&#8217;s most widely supported teams, playing their home matches at the 79,560-capacity Doak Campbell Stadium in Tallahassee, Florida.<br \/>\n&nbsp;<br \/>\nWith over 24,000+ people expected to travel to Dublin from America for the highly anticipated clash between two leading US colleges, research from F\u00e1ilte Ireland and Grant Thornton estimates that the 2024 Aer Lingus College Football Classic fixture will be worth \u20ac100 million to the Irish economy.<br \/>\n&nbsp;<br \/>\nTG4 Head of Sport R\u00f3n\u00e1n \u00d3 Coisdealbha said: <em>&#8220;TG4 are pleased to be bringing the Aer Lingus College Football Classic to a free-to-air live television audience in Ireland. This is one of the major sporting events being held in Ireland this year and we look forward to welcoming both Georgia Tech and Florida State University to Ireland for the 2024 game.&#8221;<\/em><br \/>\n&nbsp;<br \/>\nBrendan Meehan, Commercial Director of the ALCFC said: <em>&#8220;We are delighted that this year\u2019s Aer Lingus College Football Classic will be shown free to air on TG4. It provides a wonderful opportunity to showcase the pageantry, colour and excitement of the event to the domestic audience whilst helping to grow the game of American Football in Ireland.&#8221;<\/em><br \/>\n&nbsp;<br \/>\nSusanne Carberry, Aer Lingus Chief Customer Officer said: <em>&#8220;The Aer Lingus College Football Classic will be a hugely entertaining sports spectacle and a highlight of the sporting calendar, which fans in Ireland now have the opportunity to watch on free-to-air live on TG4. Aer Lingus very much looks forward to bringing the teams from Georgia Tech and Florida State University to Ireland this August.&#8221;<\/em><br \/>\n&nbsp;<br \/>\n<center><strong><\/p>\n<h2>Live on TG4 and available live on the TG4 Player and App (Ireland only)<\/strong><\/h2>\n<p>2024 Aer Lingus College Football Classic<br \/>\nGeorgia Tech v Florida State University<br \/>\nLive from Aviva Stadium<br \/>\nSaturday, 24th August 2024 @ 5pm<br \/>\n<\/center><br \/>\n&nbsp;<\/p>\n<h3><strong>Official Game Week App<\/strong><\/h3>\n<p>T\u00e1 Aip Oifigi\u00fail Chluiche Clasaiceach Idir Col\u00e1ist\u00ed Aer Lingus ar f\u00e1il le h\u00edosl\u00f3d\u00e1il anois.  Beidh f\u00e1il san Aip, gan le d\u00e9anamh ach cnaipe a bhr\u00fa, ar r\u00e9imse leathan \u00e1bhair agus is iontach an \u00e1is \u00ed ag an uile dhuine ar mhaith leo p\u00e1irt a ghlacadh sa spraoi agus sa spleodar ar fad a ghabhann le Cluiche Clasaiceach Idir Col\u00e1ist\u00ed Aer Lingus. Tarraing chugat f\u00e9in anois \u00ed \u00f3 <a href=\"http:\/\/collegefootballireland.com\">College Football Ireland<\/a><\/p>\n","protected":false},"excerpt":{"rendered":"<p>&nbsp; TG4 to broadcast the Aer Lingus College Football Classic 2024 Live from the Aviva Stadium &nbsp; Georgia Tech v Florida State University &#8211; Live on TG4 \u2013 Saturday 24th August (5pm) TG4 has confirmed that the station will broadcast this year&#8217;s Aer Lingus College Football Classic live from the Aviva Stadium on Saturday 24th [&hellip;]<\/p>\n","protected":false},"author":1821,"featured_media":0,"parent":208150,"menu_order":20,"comment_status":"closed","ping_status":"closed","template":"page-templates\/template-pr.php","meta":{"_acf_changed":false,"footnotes":""},"acf":[],"yoast_head":"<!-- This site is optimized with the Yoast SEO plugin v22.6 - https:\/\/yoast.com\/wordpress\/plugins\/seo\/ -->\n<title>Aip nua don Teilif\u00edse\u00e1n Cliste seolta ag C\u00fala4 | Preas R\u00e1iteas | TG4<\/title>\n<meta name=\"description\" content=\"Craolfaidh TG4 Cluiche Clasaiceach 2024 Aer Lingus sa Pheil Mheirice\u00e1nach idir Col\u00e1ist\u00ed 2024 beo \u00f3 Staid Aviva.\" \/>\n<meta name=\"robots\" content=\"index, follow, max-snippet:-1, max-image-preview:large, max-video-preview:-1\" \/>\n<meta property=\"og:locale\" content=\"en_US\" \/>\n<meta property=\"og:type\" content=\"article\" \/>\n<meta property=\"og:title\" content=\"Aip nua don Teilif\u00edse\u00e1n Cliste seolta ag C\u00fala4 | Preas R\u00e1iteas | TG4\" \/>\n<meta property=\"og:description\" content=\"Craolfaidh TG4 Cluiche Clasaiceach 2024 Aer Lingus sa Pheil Mheirice\u00e1nach idir Col\u00e1ist\u00ed 2024 beo \u00f3 Staid Aviva.\" \/>\n<meta property=\"og:url\" content=\"https:\/\/dev.tg4.ie\/en\/information\/press\/press-releases\/2024-2\/georgia-tech-v-florida-state-university-live-on-tg4-saturday-24th-august\/\" \/>\n<meta property=\"og:site_name\" content=\"TG4\" \/>\n<meta property=\"article:publisher\" content=\"https:\/\/www.facebook.com\/TG4TV\" \/>\n<meta property=\"og:image\" content=\"https:\/\/tg4-docs.s3.amazonaws.com\/wp-content\/uploads\/2024\/07\/10172534\/Cine4_1280x720-700x394.jpg\" \/>\n<meta name=\"twitter:card\" content=\"summary_large_image\" \/>\n<meta name=\"twitter:image\" content=\"https:\/\/tg4-docs.s3.amazonaws.com\/wp-content\/uploads\/2024\/07\/10172534\/Cine4_1280x720-700x394.jpg\" \/>\n<meta name=\"twitter:site\" content=\"@TG4TV\" \/>\n<meta name=\"twitter:label1\" content=\"Est. reading time\" \/>\n\t<meta name=\"twitter:data1\" content=\"4 minutes\" \/>\n<script type=\"application\/ld+json\" class=\"yoast-schema-graph\">{\"@context\":\"https:\/\/schema.org\",\"@graph\":[{\"@type\":\"WebPage\",\"@id\":\"https:\/\/dev.tg4.ie\/en\/information\/press\/press-releases\/2024-2\/georgia-tech-v-florida-state-university-live-on-tg4-saturday-24th-august\/\",\"url\":\"https:\/\/dev.tg4.ie\/en\/information\/press\/press-releases\/2024-2\/georgia-tech-v-florida-state-university-live-on-tg4-saturday-24th-august\/\",\"name\":\"Aip nua don Teilif\u00edse\u00e1n Cliste seolta ag C\u00fala4 | Preas R\u00e1iteas | TG4\",\"isPartOf\":{\"@id\":\"https:\/\/dev.tg4.ie\/en\/#website\"},\"datePublished\":\"2024-07-24T13:19:14+00:00\",\"dateModified\":\"2024-07-24T13:19:14+00:00\",\"description\":\"Craolfaidh TG4 Cluiche Clasaiceach 2024 Aer Lingus sa Pheil Mheirice\u00e1nach idir Col\u00e1ist\u00ed 2024 beo \u00f3 Staid Aviva.\",\"breadcrumb\":{\"@id\":\"https:\/\/dev.tg4.ie\/en\/information\/press\/press-releases\/2024-2\/georgia-tech-v-florida-state-university-live-on-tg4-saturday-24th-august\/#breadcrumb\"},\"inLanguage\":\"en-ie\",\"potentialAction\":[{\"@type\":\"ReadAction\",\"target\":[\"https:\/\/dev.tg4.ie\/en\/information\/press\/press-releases\/2024-2\/georgia-tech-v-florida-state-university-live-on-tg4-saturday-24th-august\/\"]}]},{\"@type\":\"BreadcrumbList\",\"@id\":\"https:\/\/dev.tg4.ie\/en\/information\/press\/press-releases\/2024-2\/georgia-tech-v-florida-state-university-live-on-tg4-saturday-24th-august\/#breadcrumb\",\"itemListElement\":[{\"@type\":\"ListItem\",\"position\":1,\"name\":\"Home\",\"item\":\"https:\/\/dev.tg4.ie\/en\/\"},{\"@type\":\"ListItem\",\"position\":2,\"name\":\"Information\",\"item\":\"https:\/\/dev.tg4.ie\/en\/information\/\"},{\"@type\":\"ListItem\",\"position\":3,\"name\":\"Press\",\"item\":\"https:\/\/dev.tg4.ie\/en\/information\/press\/\"},{\"@type\":\"ListItem\",\"position\":4,\"name\":\"Press Releases\",\"item\":\"https:\/\/dev.tg4.ie\/en\/information\/press\/press-releases\/\"},{\"@type\":\"ListItem\",\"position\":5,\"name\":\"2024\",\"item\":\"https:\/\/dev.tg4.ie\/en\/information\/press\/press-releases\/2024-2\/\"},{\"@type\":\"ListItem\",\"position\":6,\"name\":\"Georgia Tech v Florida State University &#8211; Live on TG4 \u2013 Saturday 24th August (5pm)\"}]},{\"@type\":\"WebSite\",\"@id\":\"https:\/\/dev.tg4.ie\/en\/#website\",\"url\":\"https:\/\/dev.tg4.ie\/en\/\",\"name\":\"TG4\",\"description\":\"S\u00fail Eile\",\"potentialAction\":[{\"@type\":\"SearchAction\",\"target\":{\"@type\":\"EntryPoint\",\"urlTemplate\":\"https:\/\/dev.tg4.ie\/en\/?s={search_term_string}\"},\"query-input\":\"required name=search_term_string\"}],\"inLanguage\":\"en-ie\"}]}<\/script>\n<!-- \/ Yoast SEO plugin. -->","yoast_head_json":{"title":"Aip nua don Teilif\u00edse\u00e1n Cliste seolta ag C\u00fala4 | Preas R\u00e1iteas | TG4","description":"Craolfaidh TG4 Cluiche Clasaiceach 2024 Aer Lingus sa Pheil Mheirice\u00e1nach idir Col\u00e1ist\u00ed 2024 beo \u00f3 Staid Aviva.","robots":{"index":"index","follow":"follow","max-snippet":"max-snippet:-1","max-image-preview":"max-image-preview:large","max-video-preview":"max-video-preview:-1"},"og_locale":"en_US","og_type":"article","og_title":"Aip nua don Teilif\u00edse\u00e1n Cliste seolta ag C\u00fala4 | Preas R\u00e1iteas | TG4","og_description":"Craolfaidh TG4 Cluiche Clasaiceach 2024 Aer Lingus sa Pheil Mheirice\u00e1nach idir Col\u00e1ist\u00ed 2024 beo \u00f3 Staid Aviva.","og_url":"https:\/\/dev.tg4.ie\/en\/information\/press\/press-releases\/2024-2\/georgia-tech-v-florida-state-university-live-on-tg4-saturday-24th-august\/","og_site_name":"TG4","article_publisher":"https:\/\/www.facebook.com\/TG4TV","og_image":[{"url":"https:\/\/tg4-docs.s3.amazonaws.com\/wp-content\/uploads\/2024\/07\/10172534\/Cine4_1280x720-700x394.jpg"}],"twitter_card":"summary_large_image","twitter_image":"https:\/\/tg4-docs.s3.amazonaws.com\/wp-content\/uploads\/2024\/07\/10172534\/Cine4_1280x720-700x394.jpg","twitter_site":"@TG4TV","twitter_misc":{"Est. reading time":"4 minutes"},"schema":{"@context":"https:\/\/schema.org","@graph":[{"@type":"WebPage","@id":"https:\/\/dev.tg4.ie\/en\/information\/press\/press-releases\/2024-2\/georgia-tech-v-florida-state-university-live-on-tg4-saturday-24th-august\/","url":"https:\/\/dev.tg4.ie\/en\/information\/press\/press-releases\/2024-2\/georgia-tech-v-florida-state-university-live-on-tg4-saturday-24th-august\/","name":"Aip nua don Teilif\u00edse\u00e1n Cliste seolta ag C\u00fala4 | Preas R\u00e1iteas | TG4","isPartOf":{"@id":"https:\/\/dev.tg4.ie\/en\/#website"},"datePublished":"2024-07-24T13:19:14+00:00","dateModified":"2024-07-24T13:19:14+00:00","description":"Craolfaidh TG4 Cluiche Clasaiceach 2024 Aer Lingus sa Pheil Mheirice\u00e1nach idir Col\u00e1ist\u00ed 2024 beo \u00f3 Staid Aviva.","breadcrumb":{"@id":"https:\/\/dev.tg4.ie\/en\/information\/press\/press-releases\/2024-2\/georgia-tech-v-florida-state-university-live-on-tg4-saturday-24th-august\/#breadcrumb"},"inLanguage":"en-ie","potentialAction":[{"@type":"ReadAction","target":["https:\/\/dev.tg4.ie\/en\/information\/press\/press-releases\/2024-2\/georgia-tech-v-florida-state-university-live-on-tg4-saturday-24th-august\/"]}]},{"@type":"BreadcrumbList","@id":"https:\/\/dev.tg4.ie\/en\/information\/press\/press-releases\/2024-2\/georgia-tech-v-florida-state-university-live-on-tg4-saturday-24th-august\/#breadcrumb","itemListElement":[{"@type":"ListItem","position":1,"name":"Home","item":"https:\/\/dev.tg4.ie\/en\/"},{"@type":"ListItem","position":2,"name":"Information","item":"https:\/\/dev.tg4.ie\/en\/information\/"},{"@type":"ListItem","position":3,"name":"Press","item":"https:\/\/dev.tg4.ie\/en\/information\/press\/"},{"@type":"ListItem","position":4,"name":"Press Releases","item":"https:\/\/dev.tg4.ie\/en\/information\/press\/press-releases\/"},{"@type":"ListItem","position":5,"name":"2024","item":"https:\/\/dev.tg4.ie\/en\/information\/press\/press-releases\/2024-2\/"},{"@type":"ListItem","position":6,"name":"Georgia Tech v Florida State University &#8211; Live on TG4 \u2013 Saturday 24th August (5pm)"}]},{"@type":"WebSite","@id":"https:\/\/dev.tg4.ie\/en\/#website","url":"https:\/\/dev.tg4.ie\/en\/","name":"TG4","description":"S\u00fail Eile","potentialAction":[{"@type":"SearchAction","target":{"@type":"EntryPoint","urlTemplate":"https:\/\/dev.tg4.ie\/en\/?s={search_term_string}"},"query-input":"required name=search_term_string"}],"inLanguage":"en-ie"}]}},"_links":{"self":[{"href":"https:\/\/dev.tg4.ie\/en\/wp-json\/wp\/v2\/pages\/231781"}],"collection":[{"href":"https:\/\/dev.tg4.ie\/en\/wp-json\/wp\/v2\/pages"}],"about":[{"href":"https:\/\/dev.tg4.ie\/en\/wp-json\/wp\/v2\/types\/page"}],"author":[{"embeddable":true,"href":"https:\/\/dev.tg4.ie\/en\/wp-json\/wp\/v2\/users\/1821"}],"replies":[{"embeddable":true,"href":"https:\/\/dev.tg4.ie\/en\/wp-json\/wp\/v2\/comments?post=231781"}],"version-history":[{"count":0,"href":"https:\/\/dev.tg4.ie\/en\/wp-json\/wp\/v2\/pages\/231781\/revisions"}],"up":[{"embeddable":true,"href":"https:\/\/dev.tg4.ie\/en\/wp-json\/wp\/v2\/pages\/208150"}],"wp:attachment":[{"href":"https:\/\/dev.tg4.ie\/en\/wp-json\/wp\/v2\/media?parent=231781"}],"curies":[{"name":"wp","href":"https:\/\/api.w.org\/{rel}","templated":true}]}}