{"id":231888,"date":"2024-07-30T16:17:29","date_gmt":"2024-07-30T15:17:29","guid":{"rendered":"https:\/\/dev.tg4.ie\/?page_id=231888"},"modified":"2024-07-30T17:15:02","modified_gmt":"2024-07-30T16:15:02","slug":"teams-aim-for-2024-tg4-all-ireland-glory","status":"publish","type":"page","link":"https:\/\/dev.tg4.ie\/en\/information\/press\/press-releases\/2024-2\/teams-aim-for-2024-tg4-all-ireland-glory\/","title":{"rendered":"Fermanagh, Louth, Leitrim, Tyrone, Galway and Kerry aim for 2024 TG4 All-Ireland glory"},"content":{"rendered":"<p><img decoding=\"async\" src=\"https:\/\/res.cloudinary.com\/dfwshshcn\/image\/upload\/v1722355938\/LGFA_50th_Logo_znwwp0.jpg\" alt=\"LGFA 50th\" \/><br \/>\n&nbsp;<br \/>\n<center><\/p>\n<h3><u>LGFA Press Release<\/u><\/h3>\n<p><\/center><br \/>\n<strong><\/p>\n<ul>Fermanagh, Louth, Leitrim, Tyrone, Galway and Kerry aim for 2024 TG4 All-Ireland glory <\/ul>\n<p><\/strong><br \/>\n<center>Tuesday, July 30th, 2024 <\/center><br \/>\nCAPTAINS from the six competing teams have gathered at Croke Park ahead of next Sunday\u2019s (August 4th) TG4 All-Ireland Ladies Football Finals.<br \/>\n&nbsp;<br \/>\nWith the countdown to Sunday continuing, the respective team captains; Shannan McQuade (Fermanagh), \u00c1ine Breen (Louth), Michelle Guckian (Leitrim), Aoibhinn McHugh (Tyrone), Ailbhe Davoren (Galway) and Niamh Carmody (Kerry) got a feel for Croke Park ahead of the big day.<br \/>\n&nbsp;<br \/>\nThe Senior Final, the 51st in LGFA history, and in the Association\u2019s 50th year, pits Galway against 2022 and 2023 runners-up Kerry, with the counties set to meet for the very first time in a Brendan Martin Cup decider.<br \/>\n&nbsp;<br \/>\nThat game throws in at 4.15pm and is preceded by the Intermediate Final between Leitrim and Tyrone (1.45pm) and the Junior Final between Fermanagh and Louth (11.45am).<br \/>\n&nbsp;<br \/>\nIn the first game on the Croke Park triple-bill, Louth will be aiming to gain promotion back to the Intermediate ranks at the first attempt, following relegation last year.<br \/>\n&nbsp;<br \/>\nBut the Wee County won\u2019t get anything easy from opponents Fermanagh, who were TG4 All-Ireland Junior Champions in 2020 and 2017.<br \/>\n&nbsp;<br \/>\nLouth themselves are previous champions, in 2019 (when they beat Fermanagh), 2015 and 1998.<br \/>\n&nbsp;<br \/>\nNext Sunday will mark a fifth TG4 All-Ireland Junior Final appearance for Fermanagh, as Louth prepare for their seventh.<br \/>\n&nbsp;<br \/>\nThe winners of this Final will play Intermediate Championship football next year.<br \/>\n&nbsp;<br \/>\nLeitrim and Tyrone, meanwhile, will renew rivalries in the TG4 All-Ireland Intermediate Final, after playing out a cracking game in the group stages.<br \/>\n&nbsp;<br \/>\nLeitrim staged a remarkable recovery to win in early June, and now the sides will meet for the coveted silverware on offer, and the added prize of promotion to the Senior Championship ranks for 2025.<br \/>\n&nbsp;<br \/>\nThis will be a second TG4 All-Ireland Intermediate Final for Leitrim, who were victorious in 1997, as Tyrone gear up for their third Intermediate decider.<br \/>\n&nbsp;<br \/>\nTyrone lost out in 2017 but returned in 2018 to win the Mary Quinn Memorial Cup, named after the late Mary Quinn, a Leitrim legend.<br \/>\n&nbsp;<br \/>\nIn the Senior Final, a win for Kerry would put the Kingdom out in front on the all-time Senior roll of honours list.<br \/>\n&nbsp;<br \/>\nThey\u2019re currently on 11 All-Ireland Senior Championship wins \u2013 a haul matched by the great Cork teams that were dominant from 2005-2016.<br \/>\n&nbsp;<br \/>\nTheir opponents, Galway, are going in search of a second title, following their previous success in 2004.<br \/>\n&nbsp;<br \/>\nNext Sunday will mark a 15th All-Ireland Senior Final appearance for Kerry, who lost to Meath in the 2022 decider and against Dublin last year.<br \/>\n&nbsp;<br \/>\nKerry\u2019s last Final win was back in 1993, when they overcame Laois, while Galway, who are looking ahead to a fifth Senior Final, last contested a Brendan Martin Cup decider in 2019.<br \/>\n&nbsp;<br \/>\nTo whet the appetite of attendees and TV viewers ahead of Sunday\u2019s Croke Park triple-header, TG4\u2019s <q>Ceili\u00faradh Peil na mBan<\/q>, presented by M\u00e1ire N\u00ed Bhraon\u00e1in, will air from 8pm on Saturday evening, August 3rd.<br \/>\n&nbsp;<br \/>\nThe programme will visit all six counties playing in the Junior, Intermediate and Senior deciders.<br \/>\n&nbsp;<br \/>\nThis celebratory programme will feature music from each of the counties, with former players reflecting on the 2024 Championships so far and looking ahead to Sunday\u2019s big games.<br \/>\n<strong>Sp\u00f3rt TG4<\/strong> will also have exclusive behind the scenes action from the TG4 All-Ireland Finals Day in Croke Park across its social media channels.<br \/>\n&nbsp;<br \/>\nAll of TG4\u2019s LGFA coverage will be available to audiences globally on the TG4 Player <a href=\"https:\/\/dev.tg4.ie\/beo\">https:\/\/dev.tg4.ie\/en\/player\/watch-live\/home\/ <\/a> and on the TG4 Mobile and Smart TV App.<br \/>\n&nbsp;<br \/>\nTicket information ahead of Sunday\u2019s games is available at <a href=\"http:\/\/bit.ly\/3xnhkbX\"><\/a> and you can also watch the games live on TG4 at the following link <a href=\"https:\/\/dev.tg4.ie\/beo\"><\/a><br \/>\n&nbsp;<br \/>\nLooking ahead, and reflecting on another outstanding season of partnership, <strong>TG4 Director General Alan Esslemont <\/strong>said: <em>\u201cTG4\u2019s partnership with the LGFA is a remarkable achievement and has taken both of our organisations to a level of success which would have been very difficult to imagine when we began our relationship at the beginning of the century.<br \/>\nAs Ireland\u2019s Irish language Public Service Media, we have a very strong commitment to \u2018cothrom na F\u00e9inne\u2019 and to achieving diversity and equality through our actions as a broadcaster and through the high quality content we can provide to Irish audiences on a free-to-air basis.<br \/>\nThe reaction worldwide to our broadcasts of Ladies Gaelic Football has been incredibly positive and, at a European level, public service broadcasters are using TG4 as a role model for themselves as they attempt to provide more coverage for women\u2019s sports.<br \/>\nThis year, the 50th anniversary of the LGFA, TG4 will have broadcast the most live coverage of Ladies Gaelic Football in any year since the inception of our partnership in 2001. Together, the LGFA and TG4 have challenged the inequity and unfair imbalance of the status quo, both in sport and in broadcasting, and together we have grown and flourished.\u201d<\/em><\/p>\n<p>&nbsp;<br \/>\n<strong>M\u00edche\u00e1l Naughton, President of the Ladies Gaelic Football Association<\/strong> added: <em>\u201cAs we gather at Croke Park next Sunday in front of a large attendance, we should never forget where we came from, those humble beginnings back in 1974. What a journey we\u2019ve been on for the last half a century and recently, the sport of Ladies Gaelic Football was one of four practices granted formal State recognition as part of Ireland\u2019s living cultural heritage, men\u2019s Gaelic Football being another. This was yet another example of the huge cultural and social imprint of Ladies Gaelic Football across this country and beyond and next Sunday, we will acknowledge so many people central to that. We were also so pleased to gather at FBD Semple Stadium in Thurles on Thursday July 18th to celebrate the 50th anniversary of our wonderful Association.<br \/>\nIt\u2019s remarkable to think that the Galway-Kerry game will mark the 51st All-Ireland Senior Final in the LGFA\u2019s history \u2013 and what a tie we should have. I wish Galway and Kerry the very best of luck as they aim for Brendan Martin Cup success.<br \/>\nPrior to the Senior Final, we have two excellent games in store, with Fermanagh to play Louth in the Junior Final, followed by the Intermediate Final pairing of Leitrim and Tyrone. Best wishes to all teams competing on the day.<br \/>\nOur long-standing partnership with TG4 began in 2001 and was a \u2018game changer\u2019 for Ladies Gaelic Football. It continues to this very day and I wish to put on the record my sincere thanks to TG4 Director General, Alan Esslemont, Head of Sport, R\u00f3n\u00e1n \u00d3 Coisdealbha, and the entire TG4 team for their outstanding commitment to our sport. The #ProperFan campaign continues to capture the imagination of Ladies Football fans and you can follow the hashtag online next Sunday to join in the conversation, while our three Finals will be available to a global audience via linear TV and online.\u201d <\/em><\/p>\n<p>&nbsp;<br \/>\nTickets for Sunday\u2019s games are priced at \u20ac30 for adults and \u20ac15 for students, OAPs and U-18s.<br \/>\n&nbsp;<br \/>\nGroup rates are available only from the LGFA Office (1 Adult @ \u20ac10 for every group of 10 U-18s at \u20ac5 per child \u2013 \u20ac60; Family: 2 adults and 2 U-18s &#8211; \u20ac70)<br \/>\n&nbsp;<br \/>\nEmail <a href=\"mailto:tickets@lgfa.ie\" rel=\"noopener\" target=\"_blank\">tickets@lgfa.ie<\/a> or phone 01-8363156 for more details.<br \/>\n&nbsp;<br \/>\nTickets are also available at usual GAA outlets and online at  <a href=\"https:\/\/bit.ly\/3Wyw3dX\">Ticketmaster LGFA<\/a><br \/>\n&nbsp;<br \/>\n<strong><\/p>\n<h2>Sunday August 4, 2024 <\/h2>\n<p><?strong><\/p>\n<ul>\n<li>11:35a.m.TG4 All-Ireland Junior Championship Final \u2013 Fermanagh v Louth  <\/li>\n<li>1:45p.m.TG4 All-Ireland Intermediate Championship Final \u2013 Leitrim v Tyrone <\/li>\n<li>4:15p.m.TG4 All-Ireland Senior Championship Final \u2013 Galway v Kerry  <\/li>\n<\/ul>\n<p><strong>#ProperFan #FERvLOU #LEIvTYR #GALvKER<\/strong><br \/>\n&nbsp;<br \/>\n<strong>For Additional Information:<\/strong><\/p>\n<p>Jackie Cahill | Cumann Peil Gael na mBan | <a href=\"mailto:jackie.cahill.@lgfa.ie\" rel=\"noopener\" target=\"_blank\">jackie.cahill@lgfa.ie<\/a><br \/>\n&nbsp;<\/p>\n","protected":false},"excerpt":{"rendered":"<p>&nbsp; LGFA Press Release Fermanagh, Louth, Leitrim, Tyrone, Galway and Kerry aim for 2024 TG4 All-Ireland glory Tuesday, July 30th, 2024 CAPTAINS from the six competing teams have gathered at Croke Park ahead of next Sunday\u2019s (August 4th) TG4 All-Ireland Ladies Football Finals. &nbsp; With the countdown to Sunday continuing, the respective team captains; Shannan [&hellip;]<\/p>\n","protected":false},"author":876,"featured_media":0,"parent":208150,"menu_order":21,"comment_status":"closed","ping_status":"closed","template":"page-templates\/template-pr.php","meta":{"_acf_changed":false,"footnotes":""},"acf":[],"yoast_head":"<!-- This site is optimized with the Yoast SEO plugin v22.6 - https:\/\/yoast.com\/wordpress\/plugins\/seo\/ -->\n<title>Fermanagh, Louth, Leitrim, Tyrone, Galway and Kerry aim for 2024 TG4 All-Ireland glory | Press Release | TG4<\/title>\n<meta name=\"description\" content=\"CAPTAINS from the six competing teams have gathered at Croke Park ahead of next Sunday\u2019s (August 4th) TG4 All-Ireland Ladies Football Finals.\" \/>\n<meta name=\"robots\" content=\"index, follow, max-snippet:-1, max-image-preview:large, max-video-preview:-1\" \/>\n<meta property=\"og:locale\" content=\"en_US\" \/>\n<meta property=\"og:type\" content=\"article\" \/>\n<meta property=\"og:title\" content=\"Fermanagh, Louth, Leitrim, Tyrone, Galway and Kerry aim for 2024 TG4 All-Ireland glory | Press Release | TG4\" \/>\n<meta property=\"og:description\" content=\"CAPTAINS from the six competing teams have gathered at Croke Park ahead of next Sunday\u2019s (August 4th) TG4 All-Ireland Ladies Football Finals.\" \/>\n<meta property=\"og:url\" content=\"https:\/\/dev.tg4.ie\/en\/information\/press\/press-releases\/2024-2\/teams-aim-for-2024-tg4-all-ireland-glory\/\" \/>\n<meta property=\"og:site_name\" content=\"TG4\" \/>\n<meta property=\"article:publisher\" content=\"https:\/\/www.facebook.com\/TG4TV\" \/>\n<meta property=\"article:modified_time\" content=\"2024-07-30T16:15:02+00:00\" \/>\n<meta property=\"og:image\" content=\"https:\/\/tg4-docs.s3.amazonaws.com\/wp-content\/uploads\/2024\/07\/10172534\/Cine4_1280x720-700x394.jpg\" \/>\n<meta name=\"twitter:card\" content=\"summary_large_image\" \/>\n<meta name=\"twitter:image\" content=\"https:\/\/tg4-docs.s3.amazonaws.com\/wp-content\/uploads\/2024\/07\/10172534\/Cine4_1280x720-700x394.jpg\" \/>\n<meta name=\"twitter:site\" content=\"@TG4TV\" \/>\n<meta name=\"twitter:label1\" content=\"Est. reading time\" \/>\n\t<meta name=\"twitter:data1\" content=\"8 minutes\" \/>\n<script type=\"application\/ld+json\" class=\"yoast-schema-graph\">{\"@context\":\"https:\/\/schema.org\",\"@graph\":[{\"@type\":\"WebPage\",\"@id\":\"https:\/\/dev.tg4.ie\/en\/information\/press\/press-releases\/2024-2\/teams-aim-for-2024-tg4-all-ireland-glory\/\",\"url\":\"https:\/\/dev.tg4.ie\/en\/information\/press\/press-releases\/2024-2\/teams-aim-for-2024-tg4-all-ireland-glory\/\",\"name\":\"Fermanagh, Louth, Leitrim, Tyrone, Galway and Kerry aim for 2024 TG4 All-Ireland glory | Press Release | TG4\",\"isPartOf\":{\"@id\":\"https:\/\/dev.tg4.ie\/en\/#website\"},\"primaryImageOfPage\":{\"@id\":\"https:\/\/dev.tg4.ie\/en\/information\/press\/press-releases\/2024-2\/teams-aim-for-2024-tg4-all-ireland-glory\/#primaryimage\"},\"image\":{\"@id\":\"https:\/\/dev.tg4.ie\/en\/information\/press\/press-releases\/2024-2\/teams-aim-for-2024-tg4-all-ireland-glory\/#primaryimage\"},\"thumbnailUrl\":\"https:\/\/res.cloudinary.com\/dfwshshcn\/image\/upload\/v1722355938\/LGFA_50th_Logo_znwwp0.jpg\",\"datePublished\":\"2024-07-30T15:17:29+00:00\",\"dateModified\":\"2024-07-30T16:15:02+00:00\",\"description\":\"CAPTAINS from the six competing teams have gathered at Croke Park ahead of next Sunday\u2019s (August 4th) TG4 All-Ireland Ladies Football Finals.\",\"breadcrumb\":{\"@id\":\"https:\/\/dev.tg4.ie\/en\/information\/press\/press-releases\/2024-2\/teams-aim-for-2024-tg4-all-ireland-glory\/#breadcrumb\"},\"inLanguage\":\"en-ie\",\"potentialAction\":[{\"@type\":\"ReadAction\",\"target\":[\"https:\/\/dev.tg4.ie\/en\/information\/press\/press-releases\/2024-2\/teams-aim-for-2024-tg4-all-ireland-glory\/\"]}]},{\"@type\":\"ImageObject\",\"inLanguage\":\"en-ie\",\"@id\":\"https:\/\/dev.tg4.ie\/en\/information\/press\/press-releases\/2024-2\/teams-aim-for-2024-tg4-all-ireland-glory\/#primaryimage\",\"url\":\"https:\/\/res.cloudinary.com\/dfwshshcn\/image\/upload\/v1722355938\/LGFA_50th_Logo_znwwp0.jpg\",\"contentUrl\":\"https:\/\/res.cloudinary.com\/dfwshshcn\/image\/upload\/v1722355938\/LGFA_50th_Logo_znwwp0.jpg\"},{\"@type\":\"BreadcrumbList\",\"@id\":\"https:\/\/dev.tg4.ie\/en\/information\/press\/press-releases\/2024-2\/teams-aim-for-2024-tg4-all-ireland-glory\/#breadcrumb\",\"itemListElement\":[{\"@type\":\"ListItem\",\"position\":1,\"name\":\"Home\",\"item\":\"https:\/\/dev.tg4.ie\/en\/\"},{\"@type\":\"ListItem\",\"position\":2,\"name\":\"Information\",\"item\":\"https:\/\/dev.tg4.ie\/en\/information\/\"},{\"@type\":\"ListItem\",\"position\":3,\"name\":\"Press\",\"item\":\"https:\/\/dev.tg4.ie\/en\/information\/press\/\"},{\"@type\":\"ListItem\",\"position\":4,\"name\":\"Press Releases\",\"item\":\"https:\/\/dev.tg4.ie\/en\/information\/press\/press-releases\/\"},{\"@type\":\"ListItem\",\"position\":5,\"name\":\"2024\",\"item\":\"https:\/\/dev.tg4.ie\/en\/information\/press\/press-releases\/2024-2\/\"},{\"@type\":\"ListItem\",\"position\":6,\"name\":\"Fermanagh, Louth, Leitrim, Tyrone, Galway and Kerry aim for 2024 TG4 All-Ireland glory\"}]},{\"@type\":\"WebSite\",\"@id\":\"https:\/\/dev.tg4.ie\/en\/#website\",\"url\":\"https:\/\/dev.tg4.ie\/en\/\",\"name\":\"TG4\",\"description\":\"S\u00fail Eile\",\"potentialAction\":[{\"@type\":\"SearchAction\",\"target\":{\"@type\":\"EntryPoint\",\"urlTemplate\":\"https:\/\/dev.tg4.ie\/en\/?s={search_term_string}\"},\"query-input\":\"required name=search_term_string\"}],\"inLanguage\":\"en-ie\"}]}<\/script>\n<!-- \/ Yoast SEO plugin. -->","yoast_head_json":{"title":"Fermanagh, Louth, Leitrim, Tyrone, Galway and Kerry aim for 2024 TG4 All-Ireland glory | Press Release | TG4","description":"CAPTAINS from the six competing teams have gathered at Croke Park ahead of next Sunday\u2019s (August 4th) TG4 All-Ireland Ladies Football Finals.","robots":{"index":"index","follow":"follow","max-snippet":"max-snippet:-1","max-image-preview":"max-image-preview:large","max-video-preview":"max-video-preview:-1"},"og_locale":"en_US","og_type":"article","og_title":"Fermanagh, Louth, Leitrim, Tyrone, Galway and Kerry aim for 2024 TG4 All-Ireland glory | Press Release | TG4","og_description":"CAPTAINS from the six competing teams have gathered at Croke Park ahead of next Sunday\u2019s (August 4th) TG4 All-Ireland Ladies Football Finals.","og_url":"https:\/\/dev.tg4.ie\/en\/information\/press\/press-releases\/2024-2\/teams-aim-for-2024-tg4-all-ireland-glory\/","og_site_name":"TG4","article_publisher":"https:\/\/www.facebook.com\/TG4TV","article_modified_time":"2024-07-30T16:15:02+00:00","og_image":[{"url":"https:\/\/tg4-docs.s3.amazonaws.com\/wp-content\/uploads\/2024\/07\/10172534\/Cine4_1280x720-700x394.jpg"}],"twitter_card":"summary_large_image","twitter_image":"https:\/\/tg4-docs.s3.amazonaws.com\/wp-content\/uploads\/2024\/07\/10172534\/Cine4_1280x720-700x394.jpg","twitter_site":"@TG4TV","twitter_misc":{"Est. reading time":"8 minutes"},"schema":{"@context":"https:\/\/schema.org","@graph":[{"@type":"WebPage","@id":"https:\/\/dev.tg4.ie\/en\/information\/press\/press-releases\/2024-2\/teams-aim-for-2024-tg4-all-ireland-glory\/","url":"https:\/\/dev.tg4.ie\/en\/information\/press\/press-releases\/2024-2\/teams-aim-for-2024-tg4-all-ireland-glory\/","name":"Fermanagh, Louth, Leitrim, Tyrone, Galway and Kerry aim for 2024 TG4 All-Ireland glory | Press Release | TG4","isPartOf":{"@id":"https:\/\/dev.tg4.ie\/en\/#website"},"primaryImageOfPage":{"@id":"https:\/\/dev.tg4.ie\/en\/information\/press\/press-releases\/2024-2\/teams-aim-for-2024-tg4-all-ireland-glory\/#primaryimage"},"image":{"@id":"https:\/\/dev.tg4.ie\/en\/information\/press\/press-releases\/2024-2\/teams-aim-for-2024-tg4-all-ireland-glory\/#primaryimage"},"thumbnailUrl":"https:\/\/res.cloudinary.com\/dfwshshcn\/image\/upload\/v1722355938\/LGFA_50th_Logo_znwwp0.jpg","datePublished":"2024-07-30T15:17:29+00:00","dateModified":"2024-07-30T16:15:02+00:00","description":"CAPTAINS from the six competing teams have gathered at Croke Park ahead of next Sunday\u2019s (August 4th) TG4 All-Ireland Ladies Football Finals.","breadcrumb":{"@id":"https:\/\/dev.tg4.ie\/en\/information\/press\/press-releases\/2024-2\/teams-aim-for-2024-tg4-all-ireland-glory\/#breadcrumb"},"inLanguage":"en-ie","potentialAction":[{"@type":"ReadAction","target":["https:\/\/dev.tg4.ie\/en\/information\/press\/press-releases\/2024-2\/teams-aim-for-2024-tg4-all-ireland-glory\/"]}]},{"@type":"ImageObject","inLanguage":"en-ie","@id":"https:\/\/dev.tg4.ie\/en\/information\/press\/press-releases\/2024-2\/teams-aim-for-2024-tg4-all-ireland-glory\/#primaryimage","url":"https:\/\/res.cloudinary.com\/dfwshshcn\/image\/upload\/v1722355938\/LGFA_50th_Logo_znwwp0.jpg","contentUrl":"https:\/\/res.cloudinary.com\/dfwshshcn\/image\/upload\/v1722355938\/LGFA_50th_Logo_znwwp0.jpg"},{"@type":"BreadcrumbList","@id":"https:\/\/dev.tg4.ie\/en\/information\/press\/press-releases\/2024-2\/teams-aim-for-2024-tg4-all-ireland-glory\/#breadcrumb","itemListElement":[{"@type":"ListItem","position":1,"name":"Home","item":"https:\/\/dev.tg4.ie\/en\/"},{"@type":"ListItem","position":2,"name":"Information","item":"https:\/\/dev.tg4.ie\/en\/information\/"},{"@type":"ListItem","position":3,"name":"Press","item":"https:\/\/dev.tg4.ie\/en\/information\/press\/"},{"@type":"ListItem","position":4,"name":"Press Releases","item":"https:\/\/dev.tg4.ie\/en\/information\/press\/press-releases\/"},{"@type":"ListItem","position":5,"name":"2024","item":"https:\/\/dev.tg4.ie\/en\/information\/press\/press-releases\/2024-2\/"},{"@type":"ListItem","position":6,"name":"Fermanagh, Louth, Leitrim, Tyrone, Galway and Kerry aim for 2024 TG4 All-Ireland glory"}]},{"@type":"WebSite","@id":"https:\/\/dev.tg4.ie\/en\/#website","url":"https:\/\/dev.tg4.ie\/en\/","name":"TG4","description":"S\u00fail Eile","potentialAction":[{"@type":"SearchAction","target":{"@type":"EntryPoint","urlTemplate":"https:\/\/dev.tg4.ie\/en\/?s={search_term_string}"},"query-input":"required name=search_term_string"}],"inLanguage":"en-ie"}]}},"_links":{"self":[{"href":"https:\/\/dev.tg4.ie\/en\/wp-json\/wp\/v2\/pages\/231888"}],"collection":[{"href":"https:\/\/dev.tg4.ie\/en\/wp-json\/wp\/v2\/pages"}],"about":[{"href":"https:\/\/dev.tg4.ie\/en\/wp-json\/wp\/v2\/types\/page"}],"author":[{"embeddable":true,"href":"https:\/\/dev.tg4.ie\/en\/wp-json\/wp\/v2\/users\/876"}],"replies":[{"embeddable":true,"href":"https:\/\/dev.tg4.ie\/en\/wp-json\/wp\/v2\/comments?post=231888"}],"version-history":[{"count":0,"href":"https:\/\/dev.tg4.ie\/en\/wp-json\/wp\/v2\/pages\/231888\/revisions"}],"up":[{"embeddable":true,"href":"https:\/\/dev.tg4.ie\/en\/wp-json\/wp\/v2\/pages\/208150"}],"wp:attachment":[{"href":"https:\/\/dev.tg4.ie\/en\/wp-json\/wp\/v2\/media?parent=231888"}],"curies":[{"name":"wp","href":"https:\/\/api.w.org\/{rel}","templated":true}]}}