{"id":231950,"date":"2024-08-02T16:00:03","date_gmt":"2024-08-02T15:00:03","guid":{"rendered":"https:\/\/dev.tg4.ie\/?page_id=231950"},"modified":"2024-08-05T09:33:36","modified_gmt":"2024-08-05T08:33:36","slug":"fleadh24-on-tg4","status":"publish","type":"page","link":"https:\/\/dev.tg4.ie\/en\/information\/press\/press-releases\/2024-2\/fleadh24-on-tg4\/","title":{"rendered":"Fleadh24 on TG4"},"content":{"rendered":"<p><img decoding=\"async\" src=\"https:\/\/res.cloudinary.com\/dfwshshcn\/image\/upload\/t_Banner 16:9\/v1722610101\/Fleadh24_M%C3%A9ara_akh7fy_c_crop_ar_16_9_zornsj.jpg\" alt=\"\" \/><br \/>\n<em>Mayor of Wexford George Lawlor with Fleadh24 presenters Freda Nic Giolla Chath\u00e1in, Fiona N\u00ed Fhlaithearta, Aoife N\u00ed Thuairisg, Peadar \u00d3 Goill, Doireann N\u00ed Glac\u00e1in<\/em><br \/>\n<strong>TG4 will broadcast live from Fleadh Cheoil na h\u00c9ireann 2024 with extensive coverage from the Wexford Fleadh on TG4 and on TG4.ie <\/a><\/strong><br \/>\n<strong>From 8th &#8211; 11th August 2024 9.30 pm<\/strong><\/p>\n<p>&nbsp;<br \/>\n<strong>YouTube Clip:<\/strong> <a href=\"https:\/\/www.youtube.com\/watch?v=mwvK963PjEk\">Fleadh24<\/a><br \/>\n&nbsp;<br \/>\n<strong>Images available to download here:<\/strong><a href=\"https:\/\/we.tl\/t-CCJIenawMJ\">https:\/\/we.tl\/t-CCJIenawMJ   <\/a> <strong>Credit to Melissa Mannion<\/strong><br \/>\n&nbsp;<\/p>\n<p><strong>Fleadh24<\/strong> brings you to the heart of this year\u2019s Fleadh Cheoil with <strong>four nights of stunning performances<\/strong> and entertainment broadcast live from four stages in the <strong>TG4 TV Village<\/strong> located at Crescent Quay in Wexford Town.   Presented by Doireann N\u00ed Ghlac\u00e1in, Aoife N\u00ed Thuairisg and Peadar \u00d3 Goill, Fleadh24 will broadcast live nightly from 9.30pm on TG4 and across the globe on <a href=\"https:\/\/dev.tg4.ie\">www.TG4.ie<\/a> Join us to experience the finest Irish and international performers, and to discover the brightest new talents emerging from the Fleadh competitions. Each show will feature musicians, singers and dancers, young and old, who have travelled to Wexford for Fleadh Cheoil na h\u00c9ireann from all over Ireland and from the UK, USA, Australia, Singapore, Japan, Finland, Brazil and Dubai. TG4 is a media sponsor of Fleadh Cheoil na h\u00c9ireann.<br \/>\n<strong><\/p>\n<h2>Fleadh24<\/h2>\n<p><\/strong><img decoding=\"async\" src=\"https:\/\/res.cloudinary.com\/dfwshshcn\/image\/upload\/v1722605131\/Fleadh_24_Peadar_%C3%93_Goill_Aoife_N%C3%AD_Thuairisg_Doireann_N%C3%AD_Ghlac%C3%A1in_cziaf8.jpg\" alt=\"Fleadh 24- L\u00e1ithreoir\u00ed Peadar \u00d3 Goill, Aoife N\u00ed Thuairisg &#038; Doireann N\u00ed Ghlac\u00e1in\" \/><br \/>\n<em>Pic: Fleadh24 presenters- Peadar \u00d3 Goill, Aoife N\u00ed Thuairisg, Doireann N\u00ed Ghlac\u00e1in. Credit Melissa Mannion<\/em><\/p>\n<p><strong>Fleadh24<\/strong> \u2013 Thursday 8th &#8211; Sunday 11th   9.30pm each night.<br \/>\n<strong>Broadcast Live nightly<\/strong> from Crescent Quay on TG4 &#038; TG4.ie<\/p>\n<p>On <strong>Thursday<\/strong> night the headline acts will include <strong>Michael Flatley &#8211; Matt Molloy &#038; John Carty &#8211; Sharon Shannon \u2013 Lumiere &#8211; The Piper\u2019s Cross C\u00e9il\u00ed Band &#8211; P\u00e1draig Jack &#8211; R\u00f3is\u00edn El Cheriff &#8211; New Ross and District Pipe Band<\/strong>. <\/p>\n<p><strong>Friday<\/strong> night sees the following take to the stage: <strong>Michael McGoldrick Family Band \u2013 \u00cdmar \u2013 ALDO &#8211; The West Ocean String Quarte \u2013 InB &#8211; Clonroche Traveller Girls &#8211; Jack Warnock &#8211; Natalie Haas &#8211; Sharon Howley &#8211; Late for the Train &#8211; The Devane Brothers<\/strong>.<\/p>\n<p>On <strong>Saturday<\/strong> night we will be entertained by <strong>Jackie Daly &#038; Matt Cranitch &#8211; Maurice Lennon Trio &#8211; Garadice with Eleanor Shanley &#8211; Dan McCabe &#8211; BIIRD featuring Lisa Canny &#8211; The Raines &#8211; Cumas Trad Band &#8211; David Murphy<\/strong>.<\/p>\n<p>For the <strong>final night on Sunday<\/strong> we have another great mixture of musicians including live performances from <strong>Frankie Gavin &#038; De Dannan &#8211; Wallis Bird &#8211; Bow Brothers &#8211; Niall McCabe &#8211; Nomos &#8211; Tulua &#8211; John, Pip &#038; Tanya Murphy &#8211; Robert and James Harvey with Ryan Molloy &#8211; Nezlamni Ensemble \u2026. and many more<\/strong>.<br \/>\nProduced by Power Pictures the four live shows will be broadcast on TG4 from Thursday 8th to Sunday 11th August, between 9.30pm\u2013\u201311pm.<\/p>\n<p>&nbsp;<br \/>\n<strong><\/p>\n<h2>Fleadh 24 &#8211; Na Com\u00f3rtais<\/h2>\n<p><\/strong><br \/>\nTG4 in association with Fleadh Cheoil na h\u00c9ireann and Comhaltas Ceolt\u00f3ir\u00ed \u00c9ireann will stream live competitions from Friday through to Sunday.<br \/>\n<img decoding=\"async\" src=\"https:\/\/res.cloudinary.com\/dfwshshcn\/image\/upload\/v1722605142\/Fleadh24_-_Na_Com%C3%B3rtais_Freda_Nic_Giolla_Chath%C3%A1in_Fiona_N%C3%AD_Fhlaithearta_pe7rrn.jpg\" alt=\"L\u00e1ithreoir\u00ed Freda Nic Giolla Chath\u00e1in &#038; Fiona N\u00ed Fhlaithearta\" \/><\/p>\n<p><strong>Fleadh24 &#8211; Na Com\u00f3rtais<\/strong>: TG4 and Comhaltas Ceolt\u00f3ir\u00ed \u00c9ireann present live streaming of competitions from various categories on <strong>Friday, Saturday and Sunday<\/strong> to finish with the Senior C\u00e9il\u00ed Band competition on Sunday evening live from the <strong>Fleadh Dome<\/strong>. Presented by Fiona N\u00ed Fhlaithearta and Freda Nic Giolla Chath\u00e1in live coverage from The Presentation School and the Fleadh Dome. Competitions will be streamed live on <strong>tg4.ie<\/strong> and <strong>Fleadhcheoil.ie<\/strong>. For more streaming details, follow <strong>@TG4TV<\/strong> and <strong>@TradTG4<\/strong>. <\/p>\n<ul>\n<li><strong>Fleadh24 &#8211; Na Com\u00f3rtais<\/strong> \u2013 Friday 9th 13:45 | Live Stream \u2013 Concertina (12-15)  <a href=\"https:\/\/dev.tg4.ie\/beo\">www.TG4.ie<\/a> agus <a href=\"http:\/\/www.fleadhcheoil.ie\">www.fleadhcheoil.ie<\/a> <\/li>\n<li><strong>Fleadh24 &#8211; Na Com\u00f3rtais<\/strong> &#8211; Friday 9th 15.45 | Live Stream \u2013 Accompaniment (O-18) <a href=\"https:\/\/dev.tg4.ie\/beo\">www.TG4.ie<\/a> agus <a href=\"http:\/\/www.fleadhcheoil.ie\">www.fleadhcheoil.ie<\/a> <\/li>\n<li><strong>Fleadh24 &#8211; Na Com\u00f3rtais<\/strong> &#8211; Saturday 10th 09.45 | Live Stream- Melodeon (O-18)  <a href=\"https:\/\/dev.tg4.ie\/beo\">www.TG4.ie<\/a> agus <a href=\"http:\/\/www.fleadhcheoil.ie\">www.fleadhcheoil.ie<\/a><\/li>\n<li><strong>Fleadh24 &#8211; Na Com\u00f3rtais<\/strong> &#8211; Saturday 10th 13.15 | Live Stream- Harp (15-18)  <a href=\"https:\/\/dev.tg4.ie\/beo\">www.TG4.ie<\/a> agus <a href=\"http:\/\/www.fleadhcheoil.ie\">www.fleadhcheoil.ie<\/a><\/li>\n<li><strong>Fleadh24 &#8211; Na Com\u00f3rtais<\/strong> &#8211; Saturday 10th 15.45 | Live Stream- Instrument of choice (15-18)  <a href=\"https:\/\/dev.tg4.ie\/beo\">www.TG4.ie<\/a> agus <a href=\"http:\/\/www.fleadhcheoil.ie\">www.fleadhcheoil.ie<\/a><\/li>\n<li><strong>Fleadh24 &#8211; Na Com\u00f3rtais<\/strong> &#8211; Sunday 11th 18.15 | Live Stream \u2013 C\u00e9il\u00ed Bands (O-18) ) <a href=\"https:\/\/dev.tg4.ie\/beo\">www.TG4.ie<\/a> agus <a href=\"http:\/\/www.fleadhcheoil.ie\">www.fleadhcheoil.ie<\/a><\/li>\n<\/ul>\n<p><strong>Fleadh24 \u2013 Na Com\u00f3rtais is produced by OMedia<\/strong><br \/>\n&nbsp;<\/p>\n<p><strong><\/p>\n<h2>C\u00fala4<\/h2>\n<p><\/strong><br \/>\n<img decoding=\"async\" src=\"https:\/\/res.cloudinary.com\/dfwshshcn\/image\/upload\/v1722605096\/C%C3%BAla4_Niamh_N%C3%AD_Chr%C3%B3in%C3%ADn_ifggqg.jpg\" alt=\"L\u00e1ithreoir Niamh N\u00ed Chr\u00f3in\u00edn\" \/><\/p>\n<p>At this year&#8217;s Fleadh, the children\u2019s channel\u2019s <strong>C\u00fala4<\/strong> team, along with presenter Niamh N\u00ed Chr\u00f3in\u00edn, will be roaming the streets of Wexford with a mobile stage on Friday the 9th &#038; Saturday 10th of August from midday giving all a chance to showcase their talents, whether it&#8217;s playing an instrument, singing, dancing, or any other party piece. These clips will be broadcasting on C\u00fala4\u2019s social channels. <\/p>\n<ul>\n<li><strong>C\u00fala4<\/strong> &#8211; Friday 9th August from midday | On the streets of Wexford<\/li>\n<li><strong>C\u00fala4<\/strong> &#8211; Saturday 10th August from midday | On the streets of Wexford<\/li>\n<\/ul>\n<p>Follow us<strong>@TG4TV<\/strong> &#038; <strong>@TradTG4<\/strong> &#038; join the conversation using <strong>#Fleadh24<\/strong><br \/>\n&nbsp;<\/p>\n<p><strong>Tar ar do Threibh<\/strong><\/p>\n<p><strong>Media Contact: Linda N\u00ed Ghr\u00ed\u00f3fa <a href=\"mailto:linda.ni.ghriofa@dev.tg4.ie\" rel=\"noopener\" target=\"_blank\">linda.ni.ghriofa@dev.tg4.ie<\/a> 087-9172864<\/strong><br \/>\n&nbsp;<\/p>\n","protected":false},"excerpt":{"rendered":"<p>Mayor of Wexford George Lawlor with Fleadh24 presenters Freda Nic Giolla Chath\u00e1in, Fiona N\u00ed Fhlaithearta, Aoife N\u00ed Thuairisg, Peadar \u00d3 Goill, Doireann N\u00ed Glac\u00e1in TG4 will broadcast live from Fleadh Cheoil na h\u00c9ireann 2024 with extensive coverage from the Wexford Fleadh on TG4 and on TG4.ie From 8th &#8211; 11th August 2024 9.30 pm &nbsp; [&hellip;]<\/p>\n","protected":false},"author":876,"featured_media":0,"parent":208150,"menu_order":22,"comment_status":"closed","ping_status":"closed","template":"page-templates\/template-pr.php","meta":{"_acf_changed":false,"footnotes":""},"acf":[],"yoast_head":"<!-- This site is optimized with the Yoast SEO plugin v22.6 - https:\/\/yoast.com\/wordpress\/plugins\/seo\/ -->\n<title>Fleadh24 on Tg4 | Press Release | TG4<\/title>\n<meta name=\"description\" content=\"TG4 will broadcast live from Fleadh Cheoil na h\u00c9ireann 2024 with extensive coverage from the Wexford Fleadh on TG4 and on TG4.ie\" \/>\n<meta name=\"robots\" content=\"index, follow, max-snippet:-1, max-image-preview:large, max-video-preview:-1\" \/>\n<meta property=\"og:locale\" content=\"en_US\" \/>\n<meta property=\"og:type\" content=\"article\" \/>\n<meta property=\"og:title\" content=\"Fleadh24 on Tg4 | Press Release | TG4\" \/>\n<meta property=\"og:description\" content=\"TG4 will broadcast live from Fleadh Cheoil na h\u00c9ireann 2024 with extensive coverage from the Wexford Fleadh on TG4 and on TG4.ie\" \/>\n<meta property=\"og:url\" content=\"https:\/\/dev.tg4.ie\/en\/information\/press\/press-releases\/2024-2\/fleadh24-on-tg4\/\" \/>\n<meta property=\"og:site_name\" content=\"TG4\" \/>\n<meta property=\"article:publisher\" content=\"https:\/\/www.facebook.com\/TG4TV\" \/>\n<meta property=\"article:modified_time\" content=\"2024-08-05T08:33:36+00:00\" \/>\n<meta property=\"og:image\" content=\"https:\/\/tg4-docs.s3.amazonaws.com\/wp-content\/uploads\/2024\/07\/10172534\/Cine4_1280x720-700x394.jpg\" \/>\n<meta name=\"twitter:card\" content=\"summary_large_image\" \/>\n<meta name=\"twitter:image\" content=\"https:\/\/tg4-docs.s3.amazonaws.com\/wp-content\/uploads\/2024\/07\/10172534\/Cine4_1280x720-700x394.jpg\" \/>\n<meta name=\"twitter:site\" content=\"@TG4TV\" \/>\n<meta name=\"twitter:label1\" content=\"Est. reading time\" \/>\n\t<meta name=\"twitter:data1\" content=\"5 minutes\" \/>\n<script type=\"application\/ld+json\" class=\"yoast-schema-graph\">{\"@context\":\"https:\/\/schema.org\",\"@graph\":[{\"@type\":\"WebPage\",\"@id\":\"https:\/\/dev.tg4.ie\/en\/information\/press\/press-releases\/2024-2\/fleadh24-on-tg4\/\",\"url\":\"https:\/\/dev.tg4.ie\/en\/information\/press\/press-releases\/2024-2\/fleadh24-on-tg4\/\",\"name\":\"Fleadh24 on Tg4 | Press Release | TG4\",\"isPartOf\":{\"@id\":\"https:\/\/dev.tg4.ie\/en\/#website\"},\"primaryImageOfPage\":{\"@id\":\"https:\/\/dev.tg4.ie\/en\/information\/press\/press-releases\/2024-2\/fleadh24-on-tg4\/#primaryimage\"},\"image\":{\"@id\":\"https:\/\/dev.tg4.ie\/en\/information\/press\/press-releases\/2024-2\/fleadh24-on-tg4\/#primaryimage\"},\"thumbnailUrl\":\"https:\/\/res.cloudinary.com\/dfwshshcn\/image\/upload\/v1722605131\/Fleadh_24_Peadar_%C3%93_Goill_Aoife_N%C3%AD_Thuairisg_Doireann_N%C3%AD_Ghlac%C3%A1in_cziaf8.jpg\",\"datePublished\":\"2024-08-02T15:00:03+00:00\",\"dateModified\":\"2024-08-05T08:33:36+00:00\",\"description\":\"TG4 will broadcast live from Fleadh Cheoil na h\u00c9ireann 2024 with extensive coverage from the Wexford Fleadh on TG4 and on TG4.ie\",\"breadcrumb\":{\"@id\":\"https:\/\/dev.tg4.ie\/en\/information\/press\/press-releases\/2024-2\/fleadh24-on-tg4\/#breadcrumb\"},\"inLanguage\":\"en-ie\",\"potentialAction\":[{\"@type\":\"ReadAction\",\"target\":[\"https:\/\/dev.tg4.ie\/en\/information\/press\/press-releases\/2024-2\/fleadh24-on-tg4\/\"]}]},{\"@type\":\"ImageObject\",\"inLanguage\":\"en-ie\",\"@id\":\"https:\/\/dev.tg4.ie\/en\/information\/press\/press-releases\/2024-2\/fleadh24-on-tg4\/#primaryimage\",\"url\":\"https:\/\/res.cloudinary.com\/dfwshshcn\/image\/upload\/v1722605131\/Fleadh_24_Peadar_%C3%93_Goill_Aoife_N%C3%AD_Thuairisg_Doireann_N%C3%AD_Ghlac%C3%A1in_cziaf8.jpg\",\"contentUrl\":\"https:\/\/res.cloudinary.com\/dfwshshcn\/image\/upload\/v1722605131\/Fleadh_24_Peadar_%C3%93_Goill_Aoife_N%C3%AD_Thuairisg_Doireann_N%C3%AD_Ghlac%C3%A1in_cziaf8.jpg\"},{\"@type\":\"BreadcrumbList\",\"@id\":\"https:\/\/dev.tg4.ie\/en\/information\/press\/press-releases\/2024-2\/fleadh24-on-tg4\/#breadcrumb\",\"itemListElement\":[{\"@type\":\"ListItem\",\"position\":1,\"name\":\"Home\",\"item\":\"https:\/\/dev.tg4.ie\/en\/\"},{\"@type\":\"ListItem\",\"position\":2,\"name\":\"Information\",\"item\":\"https:\/\/dev.tg4.ie\/en\/information\/\"},{\"@type\":\"ListItem\",\"position\":3,\"name\":\"Press\",\"item\":\"https:\/\/dev.tg4.ie\/en\/information\/press\/\"},{\"@type\":\"ListItem\",\"position\":4,\"name\":\"Press Releases\",\"item\":\"https:\/\/dev.tg4.ie\/en\/information\/press\/press-releases\/\"},{\"@type\":\"ListItem\",\"position\":5,\"name\":\"2024\",\"item\":\"https:\/\/dev.tg4.ie\/en\/information\/press\/press-releases\/2024-2\/\"},{\"@type\":\"ListItem\",\"position\":6,\"name\":\"Fleadh24 on TG4\"}]},{\"@type\":\"WebSite\",\"@id\":\"https:\/\/dev.tg4.ie\/en\/#website\",\"url\":\"https:\/\/dev.tg4.ie\/en\/\",\"name\":\"TG4\",\"description\":\"S\u00fail Eile\",\"potentialAction\":[{\"@type\":\"SearchAction\",\"target\":{\"@type\":\"EntryPoint\",\"urlTemplate\":\"https:\/\/dev.tg4.ie\/en\/?s={search_term_string}\"},\"query-input\":\"required name=search_term_string\"}],\"inLanguage\":\"en-ie\"}]}<\/script>\n<!-- \/ Yoast SEO plugin. -->","yoast_head_json":{"title":"Fleadh24 on Tg4 | Press Release | TG4","description":"TG4 will broadcast live from Fleadh Cheoil na h\u00c9ireann 2024 with extensive coverage from the Wexford Fleadh on TG4 and on TG4.ie","robots":{"index":"index","follow":"follow","max-snippet":"max-snippet:-1","max-image-preview":"max-image-preview:large","max-video-preview":"max-video-preview:-1"},"og_locale":"en_US","og_type":"article","og_title":"Fleadh24 on Tg4 | Press Release | TG4","og_description":"TG4 will broadcast live from Fleadh Cheoil na h\u00c9ireann 2024 with extensive coverage from the Wexford Fleadh on TG4 and on TG4.ie","og_url":"https:\/\/dev.tg4.ie\/en\/information\/press\/press-releases\/2024-2\/fleadh24-on-tg4\/","og_site_name":"TG4","article_publisher":"https:\/\/www.facebook.com\/TG4TV","article_modified_time":"2024-08-05T08:33:36+00:00","og_image":[{"url":"https:\/\/tg4-docs.s3.amazonaws.com\/wp-content\/uploads\/2024\/07\/10172534\/Cine4_1280x720-700x394.jpg"}],"twitter_card":"summary_large_image","twitter_image":"https:\/\/tg4-docs.s3.amazonaws.com\/wp-content\/uploads\/2024\/07\/10172534\/Cine4_1280x720-700x394.jpg","twitter_site":"@TG4TV","twitter_misc":{"Est. reading time":"5 minutes"},"schema":{"@context":"https:\/\/schema.org","@graph":[{"@type":"WebPage","@id":"https:\/\/dev.tg4.ie\/en\/information\/press\/press-releases\/2024-2\/fleadh24-on-tg4\/","url":"https:\/\/dev.tg4.ie\/en\/information\/press\/press-releases\/2024-2\/fleadh24-on-tg4\/","name":"Fleadh24 on Tg4 | Press Release | TG4","isPartOf":{"@id":"https:\/\/dev.tg4.ie\/en\/#website"},"primaryImageOfPage":{"@id":"https:\/\/dev.tg4.ie\/en\/information\/press\/press-releases\/2024-2\/fleadh24-on-tg4\/#primaryimage"},"image":{"@id":"https:\/\/dev.tg4.ie\/en\/information\/press\/press-releases\/2024-2\/fleadh24-on-tg4\/#primaryimage"},"thumbnailUrl":"https:\/\/res.cloudinary.com\/dfwshshcn\/image\/upload\/v1722605131\/Fleadh_24_Peadar_%C3%93_Goill_Aoife_N%C3%AD_Thuairisg_Doireann_N%C3%AD_Ghlac%C3%A1in_cziaf8.jpg","datePublished":"2024-08-02T15:00:03+00:00","dateModified":"2024-08-05T08:33:36+00:00","description":"TG4 will broadcast live from Fleadh Cheoil na h\u00c9ireann 2024 with extensive coverage from the Wexford Fleadh on TG4 and on TG4.ie","breadcrumb":{"@id":"https:\/\/dev.tg4.ie\/en\/information\/press\/press-releases\/2024-2\/fleadh24-on-tg4\/#breadcrumb"},"inLanguage":"en-ie","potentialAction":[{"@type":"ReadAction","target":["https:\/\/dev.tg4.ie\/en\/information\/press\/press-releases\/2024-2\/fleadh24-on-tg4\/"]}]},{"@type":"ImageObject","inLanguage":"en-ie","@id":"https:\/\/dev.tg4.ie\/en\/information\/press\/press-releases\/2024-2\/fleadh24-on-tg4\/#primaryimage","url":"https:\/\/res.cloudinary.com\/dfwshshcn\/image\/upload\/v1722605131\/Fleadh_24_Peadar_%C3%93_Goill_Aoife_N%C3%AD_Thuairisg_Doireann_N%C3%AD_Ghlac%C3%A1in_cziaf8.jpg","contentUrl":"https:\/\/res.cloudinary.com\/dfwshshcn\/image\/upload\/v1722605131\/Fleadh_24_Peadar_%C3%93_Goill_Aoife_N%C3%AD_Thuairisg_Doireann_N%C3%AD_Ghlac%C3%A1in_cziaf8.jpg"},{"@type":"BreadcrumbList","@id":"https:\/\/dev.tg4.ie\/en\/information\/press\/press-releases\/2024-2\/fleadh24-on-tg4\/#breadcrumb","itemListElement":[{"@type":"ListItem","position":1,"name":"Home","item":"https:\/\/dev.tg4.ie\/en\/"},{"@type":"ListItem","position":2,"name":"Information","item":"https:\/\/dev.tg4.ie\/en\/information\/"},{"@type":"ListItem","position":3,"name":"Press","item":"https:\/\/dev.tg4.ie\/en\/information\/press\/"},{"@type":"ListItem","position":4,"name":"Press Releases","item":"https:\/\/dev.tg4.ie\/en\/information\/press\/press-releases\/"},{"@type":"ListItem","position":5,"name":"2024","item":"https:\/\/dev.tg4.ie\/en\/information\/press\/press-releases\/2024-2\/"},{"@type":"ListItem","position":6,"name":"Fleadh24 on TG4"}]},{"@type":"WebSite","@id":"https:\/\/dev.tg4.ie\/en\/#website","url":"https:\/\/dev.tg4.ie\/en\/","name":"TG4","description":"S\u00fail Eile","potentialAction":[{"@type":"SearchAction","target":{"@type":"EntryPoint","urlTemplate":"https:\/\/dev.tg4.ie\/en\/?s={search_term_string}"},"query-input":"required name=search_term_string"}],"inLanguage":"en-ie"}]}},"_links":{"self":[{"href":"https:\/\/dev.tg4.ie\/en\/wp-json\/wp\/v2\/pages\/231950"}],"collection":[{"href":"https:\/\/dev.tg4.ie\/en\/wp-json\/wp\/v2\/pages"}],"about":[{"href":"https:\/\/dev.tg4.ie\/en\/wp-json\/wp\/v2\/types\/page"}],"author":[{"embeddable":true,"href":"https:\/\/dev.tg4.ie\/en\/wp-json\/wp\/v2\/users\/876"}],"replies":[{"embeddable":true,"href":"https:\/\/dev.tg4.ie\/en\/wp-json\/wp\/v2\/comments?post=231950"}],"version-history":[{"count":0,"href":"https:\/\/dev.tg4.ie\/en\/wp-json\/wp\/v2\/pages\/231950\/revisions"}],"up":[{"embeddable":true,"href":"https:\/\/dev.tg4.ie\/en\/wp-json\/wp\/v2\/pages\/208150"}],"wp:attachment":[{"href":"https:\/\/dev.tg4.ie\/en\/wp-json\/wp\/v2\/media?parent=231950"}],"curies":[{"name":"wp","href":"https:\/\/api.w.org\/{rel}","templated":true}]}}