{"id":231967,"date":"2024-08-02T17:39:29","date_gmt":"2024-08-02T16:39:29","guid":{"rendered":"https:\/\/dev.tg4.ie\/?page_id=231967"},"modified":"2024-08-02T17:39:29","modified_gmt":"2024-08-02T16:39:29","slug":"ifta-announces-kneecap-as-irelands-entry-for-oscars-2025","status":"publish","type":"page","link":"https:\/\/dev.tg4.ie\/en\/information\/press\/press-releases\/2024-2\/ifta-announces-kneecap-as-irelands-entry-for-oscars-2025\/","title":{"rendered":"IFTA Announces Kneecap As Ireland\u2019s Entry For Oscars\u00ae 2025"},"content":{"rendered":"<p><img decoding=\"async\" src=\"https:\/\/res.cloudinary.com\/dfwshshcn\/image\/upload\/t_Banner 16:9\/v1722614615\/Kneecap_Oscars_2025_k32b1j.jpg\" alt=\"Kneecap \" \/><\/p>\n<p>&nbsp;<br \/>\n<strong>The Irish Film &#038; Television Academy (IFTA)<\/strong> has announced that Irish language feature <em><strong>Kneecap<\/strong><\/em> has been selected to represent Ireland in the Oscar\u00ae <strong>International Feature Film<\/strong> category at the upcoming 97th annual Academy Awards.<br \/>\n&nbsp;<br \/>\nThe film, written and directed by <strong>Rich Peppiatt<\/strong> (<em>One Rogue Reporter<\/em>) stars the members of the West Belfast rap trio Kneecap (<strong>M\u00f3glai Bap, Mo Chara and DJ Prova\u00ed<\/strong>) alongside an ensemble cast including Oscar\u00ae nominee <strong>Michael Fassbender, Simone Kirby, Josie Walker, Fionnuala Flaherty, Jessica Reynolds<\/strong> and <strong>Adam Best<\/strong>.<br \/>\n&nbsp;<br \/>\nKneecap was selected by IFTA\u2019s 2024 Selection Committee, including Oscar\u00ae nominated actor <strong>Stephen Rea<\/strong> (<em>The Crying Game, The English<\/em>) award-winning directors <strong>Colm Bair\u00e9ad<\/strong> (<em>The Quiet Girl<\/em>) and <strong>Lisa Mulcahy<\/strong> (<em>Lies We Tell, Ridley Road<\/em>); award-winning actors <strong>Liam Cunningham<\/strong> (<em>Game of Thrones, Hunger<\/em>) and <strong>Br\u00edd N\u00ed Neachtain<\/strong> (<em>R\u00f3ise &#038; Frank, The Banshees of Inisherin<\/em>); and award-winning producer <strong>Rebecca O\u2019Flanagan<\/strong> (<em>Flora &#038; Son, Viva<\/em>).<\/p>\n<p>&nbsp;<br \/>\nSet in West Belfast in 2019, when fate brings Belfast schoolteacher JJ into the orbit of Naoise and Liam \u00d3g, the needle drops on a hip hop act like no other.  Rapping in their native Irish language, the trio create their own genre of Irish punk rap, melding the Irish and English language with electrifying energy.  Their writing and performance reimagine what rap can be as a creative and cultural force, rooted in community.  Kneecap ultimately become the unlikely figureheads of a Civil Rights movement to save their mother tongue, upending preconceptions about language and place and spearheading a cultural revival and interest from their legions of young followers.<br \/>\n&nbsp;<br \/>\nKneecap was produced by <strong>Trevor Birney<\/strong> and <strong>Jack Tarling<\/strong> for Fine Point Films and Mother Tongues Films, with <strong>Patrick O&#8217;Neill<\/strong> at Wildcard acting as Co-Producer. Funding for the film was provided by Northern Ireland Screen, the Irish Language Broadcast Fund, F\u00eds \u00c9ireann \/ Screen Ireland, the BFI (awarding National Lottery funding), Coimisi\u00fan na Me\u00e1n and TG4, Dias Feld and Kamila Serkebaeva, with backing from Great Point Media.<br \/>\n&nbsp;<br \/>\nSony Pictures Classics are releasing Kneecap in the US on Friday 2nd August, and it will hit Irish cinemas from Wildcard Distribution on Thursday 8th August. Curzon will release the film in the UK on Friday 23rd August.<br \/>\n&nbsp;<br \/>\nThe film received its World Premiere at the prestigious Sundance Film Festival in January this year, where it won a NEXT Audience Award, the first Irish language film to win at the festival. It went on to play at Sundance London, and was the opening film of Galway Film Fleadh, where it won three prizes including the Audience Award.<br \/>\n&nbsp;<br \/>\nKneecap joins a stellar list of Irish-made films selected by IFTA to represent Ireland in the Oscar International Feature category over the years. In 2023, <strong>An Cail\u00edn Ci\u00fain\/The Quiet Girl<\/strong> (Irish language) became Oscar Nomination; and in 2016 <strong>Viva<\/strong> (Spanish language) was Oscar shortlisted.<br \/>\n&nbsp;<br \/>\n<strong>TG4 Commissioning Editor Proinsias N\u00ed Ghr\u00e1inne<\/strong> says, <em>\u201cTG4 is delighted to receive this Oscar nomination for the bold and explosive movie, Kneecap, which not only recognises excellence in writing, directing and performance from the band but also will bring the wave of energy of young Irish speakers to a world stage.&#8221;<\/em><br \/>\n&nbsp;<\/p>\n<p><strong>Teangmh\u00e1il do na me\u00e1in: Linda N\u00ed Ghr\u00ed\u00f3fa <a href=\"mailto:linda.ni.ghriofa@dev.tg4.ie\" rel=\"noopener\" target=\"_blank\">linda.ni.ghriofa@dev.tg4.ie<\/a> 087-9172864<\/strong><br \/>\n&nbsp;<\/p>\n","protected":false},"excerpt":{"rendered":"<p>&nbsp; The Irish Film &#038; Television Academy (IFTA) has announced that Irish language feature Kneecap has been selected to represent Ireland in the Oscar\u00ae International Feature Film category at the upcoming 97th annual Academy Awards. &nbsp; The film, written and directed by Rich Peppiatt (One Rogue Reporter) stars the members of the West Belfast rap [&hellip;]<\/p>\n","protected":false},"author":876,"featured_media":0,"parent":208150,"menu_order":23,"comment_status":"closed","ping_status":"closed","template":"page-templates\/template-pr.php","meta":{"_acf_changed":false,"footnotes":""},"acf":[],"yoast_head":"<!-- This site is optimized with the Yoast SEO plugin v22.6 - https:\/\/yoast.com\/wordpress\/plugins\/seo\/ -->\n<title>IFTA Announces Kneecap As Ireland\u2019s Entry For Oscars\u00ae 2025 | Press Release | TG4<\/title>\n<meta name=\"description\" content=\"The Irish Film &amp; Television Academy (IFTA) has announced that Irish language feature Kneecap has been selected to represent Ireland in the Oscar\u00ae International Feature Film category at the upcoming 97th annual Academy Awards.\" \/>\n<meta name=\"robots\" content=\"index, follow, max-snippet:-1, max-image-preview:large, max-video-preview:-1\" \/>\n<meta property=\"og:locale\" content=\"en_US\" \/>\n<meta property=\"og:type\" content=\"article\" \/>\n<meta property=\"og:title\" content=\"IFTA Announces Kneecap As Ireland\u2019s Entry For Oscars\u00ae 2025 | Press Release | TG4\" \/>\n<meta property=\"og:description\" content=\"The Irish Film &amp; Television Academy (IFTA) has announced that Irish language feature Kneecap has been selected to represent Ireland in the Oscar\u00ae International Feature Film category at the upcoming 97th annual Academy Awards.\" \/>\n<meta property=\"og:url\" content=\"https:\/\/dev.tg4.ie\/en\/information\/press\/press-releases\/2024-2\/ifta-announces-kneecap-as-irelands-entry-for-oscars-2025\/\" \/>\n<meta property=\"og:site_name\" content=\"TG4\" \/>\n<meta property=\"article:publisher\" content=\"https:\/\/www.facebook.com\/TG4TV\" \/>\n<meta property=\"og:image\" content=\"https:\/\/tg4-docs.s3.amazonaws.com\/wp-content\/uploads\/2024\/07\/10172534\/Cine4_1280x720-700x394.jpg\" \/>\n<meta name=\"twitter:card\" content=\"summary_large_image\" \/>\n<meta name=\"twitter:image\" content=\"https:\/\/tg4-docs.s3.amazonaws.com\/wp-content\/uploads\/2024\/07\/10172534\/Cine4_1280x720-700x394.jpg\" \/>\n<meta name=\"twitter:site\" content=\"@TG4TV\" \/>\n<meta name=\"twitter:label1\" content=\"Est. reading time\" \/>\n\t<meta name=\"twitter:data1\" content=\"4 minutes\" \/>\n<script type=\"application\/ld+json\" class=\"yoast-schema-graph\">{\"@context\":\"https:\/\/schema.org\",\"@graph\":[{\"@type\":\"WebPage\",\"@id\":\"https:\/\/dev.tg4.ie\/en\/information\/press\/press-releases\/2024-2\/ifta-announces-kneecap-as-irelands-entry-for-oscars-2025\/\",\"url\":\"https:\/\/dev.tg4.ie\/en\/information\/press\/press-releases\/2024-2\/ifta-announces-kneecap-as-irelands-entry-for-oscars-2025\/\",\"name\":\"IFTA Announces Kneecap As Ireland\u2019s Entry For Oscars\u00ae 2025 | Press Release | TG4\",\"isPartOf\":{\"@id\":\"https:\/\/dev.tg4.ie\/en\/#website\"},\"datePublished\":\"2024-08-02T16:39:29+00:00\",\"dateModified\":\"2024-08-02T16:39:29+00:00\",\"description\":\"The Irish Film & Television Academy (IFTA) has announced that Irish language feature Kneecap has been selected to represent Ireland in the Oscar\u00ae International Feature Film category at the upcoming 97th annual Academy Awards.\",\"breadcrumb\":{\"@id\":\"https:\/\/dev.tg4.ie\/en\/information\/press\/press-releases\/2024-2\/ifta-announces-kneecap-as-irelands-entry-for-oscars-2025\/#breadcrumb\"},\"inLanguage\":\"en-ie\",\"potentialAction\":[{\"@type\":\"ReadAction\",\"target\":[\"https:\/\/dev.tg4.ie\/en\/information\/press\/press-releases\/2024-2\/ifta-announces-kneecap-as-irelands-entry-for-oscars-2025\/\"]}]},{\"@type\":\"BreadcrumbList\",\"@id\":\"https:\/\/dev.tg4.ie\/en\/information\/press\/press-releases\/2024-2\/ifta-announces-kneecap-as-irelands-entry-for-oscars-2025\/#breadcrumb\",\"itemListElement\":[{\"@type\":\"ListItem\",\"position\":1,\"name\":\"Home\",\"item\":\"https:\/\/dev.tg4.ie\/en\/\"},{\"@type\":\"ListItem\",\"position\":2,\"name\":\"Information\",\"item\":\"https:\/\/dev.tg4.ie\/en\/information\/\"},{\"@type\":\"ListItem\",\"position\":3,\"name\":\"Press\",\"item\":\"https:\/\/dev.tg4.ie\/en\/information\/press\/\"},{\"@type\":\"ListItem\",\"position\":4,\"name\":\"Press Releases\",\"item\":\"https:\/\/dev.tg4.ie\/en\/information\/press\/press-releases\/\"},{\"@type\":\"ListItem\",\"position\":5,\"name\":\"2024\",\"item\":\"https:\/\/dev.tg4.ie\/en\/information\/press\/press-releases\/2024-2\/\"},{\"@type\":\"ListItem\",\"position\":6,\"name\":\"IFTA Announces Kneecap As Ireland\u2019s Entry For Oscars\u00ae 2025\"}]},{\"@type\":\"WebSite\",\"@id\":\"https:\/\/dev.tg4.ie\/en\/#website\",\"url\":\"https:\/\/dev.tg4.ie\/en\/\",\"name\":\"TG4\",\"description\":\"S\u00fail Eile\",\"potentialAction\":[{\"@type\":\"SearchAction\",\"target\":{\"@type\":\"EntryPoint\",\"urlTemplate\":\"https:\/\/dev.tg4.ie\/en\/?s={search_term_string}\"},\"query-input\":\"required name=search_term_string\"}],\"inLanguage\":\"en-ie\"}]}<\/script>\n<!-- \/ Yoast SEO plugin. -->","yoast_head_json":{"title":"IFTA Announces Kneecap As Ireland\u2019s Entry For Oscars\u00ae 2025 | Press Release | TG4","description":"The Irish Film & Television Academy (IFTA) has announced that Irish language feature Kneecap has been selected to represent Ireland in the Oscar\u00ae International Feature Film category at the upcoming 97th annual Academy Awards.","robots":{"index":"index","follow":"follow","max-snippet":"max-snippet:-1","max-image-preview":"max-image-preview:large","max-video-preview":"max-video-preview:-1"},"og_locale":"en_US","og_type":"article","og_title":"IFTA Announces Kneecap As Ireland\u2019s Entry For Oscars\u00ae 2025 | Press Release | TG4","og_description":"The Irish Film & Television Academy (IFTA) has announced that Irish language feature Kneecap has been selected to represent Ireland in the Oscar\u00ae International Feature Film category at the upcoming 97th annual Academy Awards.","og_url":"https:\/\/dev.tg4.ie\/en\/information\/press\/press-releases\/2024-2\/ifta-announces-kneecap-as-irelands-entry-for-oscars-2025\/","og_site_name":"TG4","article_publisher":"https:\/\/www.facebook.com\/TG4TV","og_image":[{"url":"https:\/\/tg4-docs.s3.amazonaws.com\/wp-content\/uploads\/2024\/07\/10172534\/Cine4_1280x720-700x394.jpg"}],"twitter_card":"summary_large_image","twitter_image":"https:\/\/tg4-docs.s3.amazonaws.com\/wp-content\/uploads\/2024\/07\/10172534\/Cine4_1280x720-700x394.jpg","twitter_site":"@TG4TV","twitter_misc":{"Est. reading time":"4 minutes"},"schema":{"@context":"https:\/\/schema.org","@graph":[{"@type":"WebPage","@id":"https:\/\/dev.tg4.ie\/en\/information\/press\/press-releases\/2024-2\/ifta-announces-kneecap-as-irelands-entry-for-oscars-2025\/","url":"https:\/\/dev.tg4.ie\/en\/information\/press\/press-releases\/2024-2\/ifta-announces-kneecap-as-irelands-entry-for-oscars-2025\/","name":"IFTA Announces Kneecap As Ireland\u2019s Entry For Oscars\u00ae 2025 | Press Release | TG4","isPartOf":{"@id":"https:\/\/dev.tg4.ie\/en\/#website"},"datePublished":"2024-08-02T16:39:29+00:00","dateModified":"2024-08-02T16:39:29+00:00","description":"The Irish Film & Television Academy (IFTA) has announced that Irish language feature Kneecap has been selected to represent Ireland in the Oscar\u00ae International Feature Film category at the upcoming 97th annual Academy Awards.","breadcrumb":{"@id":"https:\/\/dev.tg4.ie\/en\/information\/press\/press-releases\/2024-2\/ifta-announces-kneecap-as-irelands-entry-for-oscars-2025\/#breadcrumb"},"inLanguage":"en-ie","potentialAction":[{"@type":"ReadAction","target":["https:\/\/dev.tg4.ie\/en\/information\/press\/press-releases\/2024-2\/ifta-announces-kneecap-as-irelands-entry-for-oscars-2025\/"]}]},{"@type":"BreadcrumbList","@id":"https:\/\/dev.tg4.ie\/en\/information\/press\/press-releases\/2024-2\/ifta-announces-kneecap-as-irelands-entry-for-oscars-2025\/#breadcrumb","itemListElement":[{"@type":"ListItem","position":1,"name":"Home","item":"https:\/\/dev.tg4.ie\/en\/"},{"@type":"ListItem","position":2,"name":"Information","item":"https:\/\/dev.tg4.ie\/en\/information\/"},{"@type":"ListItem","position":3,"name":"Press","item":"https:\/\/dev.tg4.ie\/en\/information\/press\/"},{"@type":"ListItem","position":4,"name":"Press Releases","item":"https:\/\/dev.tg4.ie\/en\/information\/press\/press-releases\/"},{"@type":"ListItem","position":5,"name":"2024","item":"https:\/\/dev.tg4.ie\/en\/information\/press\/press-releases\/2024-2\/"},{"@type":"ListItem","position":6,"name":"IFTA Announces Kneecap As Ireland\u2019s Entry For Oscars\u00ae 2025"}]},{"@type":"WebSite","@id":"https:\/\/dev.tg4.ie\/en\/#website","url":"https:\/\/dev.tg4.ie\/en\/","name":"TG4","description":"S\u00fail Eile","potentialAction":[{"@type":"SearchAction","target":{"@type":"EntryPoint","urlTemplate":"https:\/\/dev.tg4.ie\/en\/?s={search_term_string}"},"query-input":"required name=search_term_string"}],"inLanguage":"en-ie"}]}},"_links":{"self":[{"href":"https:\/\/dev.tg4.ie\/en\/wp-json\/wp\/v2\/pages\/231967"}],"collection":[{"href":"https:\/\/dev.tg4.ie\/en\/wp-json\/wp\/v2\/pages"}],"about":[{"href":"https:\/\/dev.tg4.ie\/en\/wp-json\/wp\/v2\/types\/page"}],"author":[{"embeddable":true,"href":"https:\/\/dev.tg4.ie\/en\/wp-json\/wp\/v2\/users\/876"}],"replies":[{"embeddable":true,"href":"https:\/\/dev.tg4.ie\/en\/wp-json\/wp\/v2\/comments?post=231967"}],"version-history":[{"count":0,"href":"https:\/\/dev.tg4.ie\/en\/wp-json\/wp\/v2\/pages\/231967\/revisions"}],"up":[{"embeddable":true,"href":"https:\/\/dev.tg4.ie\/en\/wp-json\/wp\/v2\/pages\/208150"}],"wp:attachment":[{"href":"https:\/\/dev.tg4.ie\/en\/wp-json\/wp\/v2\/media?parent=231967"}],"curies":[{"name":"wp","href":"https:\/\/api.w.org\/{rel}","templated":true}]}}