{"id":232107,"date":"2024-08-09T15:23:28","date_gmt":"2024-08-09T14:23:28","guid":{"rendered":"https:\/\/dev.tg4.ie\/information\/press\/press-releases\/2024-2\/an-scannan-uafais-gaeilge-freamhacha-le-taispeaint-don-domhan-den-chead-uair-ag-feile-san-eilveis-inniu\/"},"modified":"2024-08-09T15:51:16","modified_gmt":"2024-08-09T14:51:16","slug":"irish-horror-freamhacha-to-have-world-premiere-at-locarno-film-festival-in-switzerland-today","status":"publish","type":"page","link":"https:\/\/dev.tg4.ie\/en\/information\/press\/press-releases\/2024-2\/irish-horror-freamhacha-to-have-world-premiere-at-locarno-film-festival-in-switzerland-today\/","title":{"rendered":"Irish Horror &#8216;Fr\u00e9amhacha&#8217; to have World Premiere at Locarno Film Festival in Switzerland Today"},"content":{"rendered":"<p><img loading=\"lazy\" decoding=\"async\" width=\"1920\" height=\"1080\" src=\"https:\/\/tg4-docs.s3.amazonaws.com\/wp-content\/uploads\/2024\/08\/09151937\/Freamhacha_Brid_ni_Neachtain_1-1920x1080-1.jpg\" alt=\"\" class=\"alignnone size-full wp-image-232101\" srcset=\"https:\/\/tg4-docs.s3.amazonaws.com\/wp-content\/uploads\/2024\/08\/09151937\/Freamhacha_Brid_ni_Neachtain_1-1920x1080-1.jpg 1920w, https:\/\/tg4-docs.s3.amazonaws.com\/wp-content\/uploads\/2024\/08\/09151937\/Freamhacha_Brid_ni_Neachtain_1-1920x1080-1-250x141.jpg 250w, https:\/\/tg4-docs.s3.amazonaws.com\/wp-content\/uploads\/2024\/08\/09151937\/Freamhacha_Brid_ni_Neachtain_1-1920x1080-1-700x394.jpg 700w, https:\/\/tg4-docs.s3.amazonaws.com\/wp-content\/uploads\/2024\/08\/09151937\/Freamhacha_Brid_ni_Neachtain_1-1920x1080-1-252x141.jpg 252w, https:\/\/tg4-docs.s3.amazonaws.com\/wp-content\/uploads\/2024\/08\/09151937\/Freamhacha_Brid_ni_Neachtain_1-1920x1080-1-1536x864.jpg 1536w, https:\/\/tg4-docs.s3.amazonaws.com\/wp-content\/uploads\/2024\/08\/09151937\/Freamhacha_Brid_ni_Neachtain_1-1920x1080-1-120x68.jpg 120w\" sizes=\"(max-width: 1920px) 100vw, 1920px\" \/><\/p>\n<p>&nbsp;<br \/>\nThe Irish horror film <strong>FR\u00c9AMHACHA<\/strong> will have its world premiere at the prestigious Locarno Film Festival in Switzerland today.<br \/>\n&nbsp;<br \/>\nWritten and directed by Aislinn Clarke, the Irish language feature stars an all-female cast including Clare Monnelly <em>(Doineann, Moone Boy)<\/em>, Br\u00edd N\u00ed Neachtain <em>(The Banshees of Inisherin, R\u00f3ise &#038; Frank)<\/em>, and Ukrainian actress Aleksandra Bystrzhitskaya <em>(F20)<\/em>.<br \/>\n&nbsp;<br \/>\n<strong>FR\u00c9AMHACHA<\/strong> (international title : FR\u00c9WAKA) revolves around care worker Shoo (Monnelly), who is sent to a remote Irish-speaking village to care for an agoraphobic woman (N\u00ed Neachtain), who fears both the neighbours and the Na S\u00eddhe \u2013 sinister folkloric entities she believes abducted her decades before.<br \/>\nAs the pair develop a deep connection, Shoo becomes consumed by the old woman\u2019s paranoia, rituals, and superstitions, eventually confronting the horrors from her own past.<br \/>\nProduced by Dermot Lavery for DoubleBand Films (Doineann) and by Patrick O\u2019Neill for Wildcard, FR\u00c9AMHACHA was funded through the Cine4 scheme, supported by TG4, Screen Ireland, Coimisi\u00fan na Me\u00e1n, and Section 48 which is the same scheme that funded the Academy Award nominated Irish film An Cail\u00edn Ci\u00fain.<br \/>\n&nbsp;<br \/>\n<strong>M\u00e1ire N\u00ed Chonl\u00e1in, Commissioning Editor<\/strong> : <em>&#8220;TG4 is immensely proud to support &#8216;FR\u00c9AMHACHA&#8217;, a film that not only showcases the rich storytelling traditions of Ireland but also highlights the power of the Irish language in contemporary cinema. Aislinn Clarke and her talented cast have created a haunting and deeply resonant film that we believe will captivate audiences at Locarno and beyond. We are thrilled to see this Irish language film take its rightful place on the international stage and look forward to its impact in both the Irish and global film communities.&#8221;<\/em><br \/>\n&nbsp;<br \/>\nNew Europe Film Sales is handling international sales for the film.  Wildcard Distribution will release the film in Irish cinemas in 2025.<br \/>\n&nbsp;<br \/>\nThe 77th edition of the Locarno Film Festival will take place August 7th \u2013 17th 2024.<br \/>\n&nbsp;<\/p>\n<hr>\n<p><strong>CINE4<\/strong><\/p>\n<h3>The Cine4 development scheme is now open for applications.<\/h3>\n<p>Further Information : <a href=\"https:\/\/dev.tg4.ie\/en\/information\/press\/press-releases\/2024-2\/the-cine4-development-scheme-for-feature-film-is-now-open-for-applications\/\" rel=\"noopener\" target=\"_blank\">https:\/\/dev.tg4.ie\/en\/information\/press\/press-releases\/2024-2\/the-cine4-development-scheme-for-feature-film-is-now-open-for-applications\/<\/a><\/p>\n<p>&nbsp;<\/p>\n","protected":false},"excerpt":{"rendered":"<p>&nbsp; The Irish horror film FR\u00c9AMHACHA will have its world premiere at the prestigious Locarno Film Festival in Switzerland today. &nbsp; Written and directed by Aislinn Clarke, the Irish language feature stars an all-female cast including Clare Monnelly (Doineann, Moone Boy), Br\u00edd N\u00ed Neachtain (The Banshees of Inisherin, R\u00f3ise &#038; Frank), and Ukrainian actress Aleksandra [&hellip;]<\/p>\n","protected":false},"author":876,"featured_media":0,"parent":208150,"menu_order":24,"comment_status":"closed","ping_status":"closed","template":"page-templates\/template-pr.php","meta":{"_acf_changed":false,"footnotes":""},"acf":[],"yoast_head":"<!-- This site is optimized with the Yoast SEO plugin v22.6 - https:\/\/yoast.com\/wordpress\/plugins\/seo\/ -->\n<title>Irish Horror &#039;Fr\u00e9amhacha&#039; to have World Premiere at Locarno Film Festival in Switzerland Today | Press Release | TG4<\/title>\n<meta name=\"description\" content=\"The Irish horror film FR\u00c9AMHACHA will have its world premiere at the prestigious Locarno Film Festival in Switzerland today.\" \/>\n<meta name=\"robots\" content=\"index, follow, max-snippet:-1, max-image-preview:large, max-video-preview:-1\" \/>\n<meta property=\"og:locale\" content=\"en_US\" \/>\n<meta property=\"og:type\" content=\"article\" \/>\n<meta property=\"og:title\" content=\"Irish Horror &#039;Fr\u00e9amhacha&#039; to have World Premiere at Locarno Film Festival in Switzerland Today | Press Release | TG4\" \/>\n<meta property=\"og:description\" content=\"The Irish horror film FR\u00c9AMHACHA will have its world premiere at the prestigious Locarno Film Festival in Switzerland today.\" \/>\n<meta property=\"og:url\" content=\"https:\/\/dev.tg4.ie\/en\/information\/press\/press-releases\/2024-2\/irish-horror-freamhacha-to-have-world-premiere-at-locarno-film-festival-in-switzerland-today\/\" \/>\n<meta property=\"og:site_name\" content=\"TG4\" \/>\n<meta property=\"article:publisher\" content=\"https:\/\/www.facebook.com\/TG4TV\" \/>\n<meta property=\"article:modified_time\" content=\"2024-08-09T14:51:16+00:00\" \/>\n<meta property=\"og:image\" content=\"https:\/\/tg4-docs.s3.amazonaws.com\/wp-content\/uploads\/2024\/08\/09151937\/Freamhacha_Brid_ni_Neachtain_1-1920x1080-1-700x394.jpg\" \/>\n<meta name=\"twitter:card\" content=\"summary_large_image\" \/>\n<meta name=\"twitter:image\" content=\"https:\/\/tg4-docs.s3.amazonaws.com\/wp-content\/uploads\/2024\/08\/09151937\/Freamhacha_Brid_ni_Neachtain_1-1920x1080-1-700x394.jpg\" \/>\n<meta name=\"twitter:site\" content=\"@TG4TV\" \/>\n<meta name=\"twitter:label1\" content=\"Est. reading time\" \/>\n\t<meta name=\"twitter:data1\" content=\"2 minutes\" \/>\n<script type=\"application\/ld+json\" class=\"yoast-schema-graph\">{\"@context\":\"https:\/\/schema.org\",\"@graph\":[{\"@type\":\"WebPage\",\"@id\":\"https:\/\/dev.tg4.ie\/en\/information\/press\/press-releases\/2024-2\/irish-horror-freamhacha-to-have-world-premiere-at-locarno-film-festival-in-switzerland-today\/\",\"url\":\"https:\/\/dev.tg4.ie\/en\/information\/press\/press-releases\/2024-2\/irish-horror-freamhacha-to-have-world-premiere-at-locarno-film-festival-in-switzerland-today\/\",\"name\":\"Irish Horror 'Fr\u00e9amhacha' to have World Premiere at Locarno Film Festival in Switzerland Today | Press Release | TG4\",\"isPartOf\":{\"@id\":\"https:\/\/dev.tg4.ie\/en\/#website\"},\"primaryImageOfPage\":{\"@id\":\"https:\/\/dev.tg4.ie\/en\/information\/press\/press-releases\/2024-2\/irish-horror-freamhacha-to-have-world-premiere-at-locarno-film-festival-in-switzerland-today\/#primaryimage\"},\"image\":{\"@id\":\"https:\/\/dev.tg4.ie\/en\/information\/press\/press-releases\/2024-2\/irish-horror-freamhacha-to-have-world-premiere-at-locarno-film-festival-in-switzerland-today\/#primaryimage\"},\"thumbnailUrl\":\"https:\/\/dev.tg4.ie\/wp-content\/uploads\/2024\/08\/Freamhacha_Brid_ni_Neachtain_1-1920x1080-1.jpg\",\"datePublished\":\"2024-08-09T14:23:28+00:00\",\"dateModified\":\"2024-08-09T14:51:16+00:00\",\"description\":\"The Irish horror film FR\u00c9AMHACHA will have its world premiere at the prestigious Locarno Film Festival in Switzerland today.\",\"breadcrumb\":{\"@id\":\"https:\/\/dev.tg4.ie\/en\/information\/press\/press-releases\/2024-2\/irish-horror-freamhacha-to-have-world-premiere-at-locarno-film-festival-in-switzerland-today\/#breadcrumb\"},\"inLanguage\":\"en-ie\",\"potentialAction\":[{\"@type\":\"ReadAction\",\"target\":[\"https:\/\/dev.tg4.ie\/en\/information\/press\/press-releases\/2024-2\/irish-horror-freamhacha-to-have-world-premiere-at-locarno-film-festival-in-switzerland-today\/\"]}]},{\"@type\":\"ImageObject\",\"inLanguage\":\"en-ie\",\"@id\":\"https:\/\/dev.tg4.ie\/en\/information\/press\/press-releases\/2024-2\/irish-horror-freamhacha-to-have-world-premiere-at-locarno-film-festival-in-switzerland-today\/#primaryimage\",\"url\":\"https:\/\/dev.tg4.ie\/wp-content\/uploads\/2024\/08\/Freamhacha_Brid_ni_Neachtain_1-1920x1080-1.jpg\",\"contentUrl\":\"https:\/\/dev.tg4.ie\/wp-content\/uploads\/2024\/08\/Freamhacha_Brid_ni_Neachtain_1-1920x1080-1.jpg\"},{\"@type\":\"BreadcrumbList\",\"@id\":\"https:\/\/dev.tg4.ie\/en\/information\/press\/press-releases\/2024-2\/irish-horror-freamhacha-to-have-world-premiere-at-locarno-film-festival-in-switzerland-today\/#breadcrumb\",\"itemListElement\":[{\"@type\":\"ListItem\",\"position\":1,\"name\":\"Home\",\"item\":\"https:\/\/dev.tg4.ie\/en\/\"},{\"@type\":\"ListItem\",\"position\":2,\"name\":\"Information\",\"item\":\"https:\/\/dev.tg4.ie\/en\/information\/\"},{\"@type\":\"ListItem\",\"position\":3,\"name\":\"Press\",\"item\":\"https:\/\/dev.tg4.ie\/en\/information\/press\/\"},{\"@type\":\"ListItem\",\"position\":4,\"name\":\"Press Releases\",\"item\":\"https:\/\/dev.tg4.ie\/en\/information\/press\/press-releases\/\"},{\"@type\":\"ListItem\",\"position\":5,\"name\":\"2024\",\"item\":\"https:\/\/dev.tg4.ie\/en\/information\/press\/press-releases\/2024-2\/\"},{\"@type\":\"ListItem\",\"position\":6,\"name\":\"Irish Horror &#8216;Fr\u00e9amhacha&#8217; to have World Premiere at Locarno Film Festival in Switzerland Today\"}]},{\"@type\":\"WebSite\",\"@id\":\"https:\/\/dev.tg4.ie\/en\/#website\",\"url\":\"https:\/\/dev.tg4.ie\/en\/\",\"name\":\"TG4\",\"description\":\"S\u00fail Eile\",\"potentialAction\":[{\"@type\":\"SearchAction\",\"target\":{\"@type\":\"EntryPoint\",\"urlTemplate\":\"https:\/\/dev.tg4.ie\/en\/?s={search_term_string}\"},\"query-input\":\"required name=search_term_string\"}],\"inLanguage\":\"en-ie\"}]}<\/script>\n<!-- \/ Yoast SEO plugin. -->","yoast_head_json":{"title":"Irish Horror 'Fr\u00e9amhacha' to have World Premiere at Locarno Film Festival in Switzerland Today | Press Release | TG4","description":"The Irish horror film FR\u00c9AMHACHA will have its world premiere at the prestigious Locarno Film Festival in Switzerland today.","robots":{"index":"index","follow":"follow","max-snippet":"max-snippet:-1","max-image-preview":"max-image-preview:large","max-video-preview":"max-video-preview:-1"},"og_locale":"en_US","og_type":"article","og_title":"Irish Horror 'Fr\u00e9amhacha' to have World Premiere at Locarno Film Festival in Switzerland Today | Press Release | TG4","og_description":"The Irish horror film FR\u00c9AMHACHA will have its world premiere at the prestigious Locarno Film Festival in Switzerland today.","og_url":"https:\/\/dev.tg4.ie\/en\/information\/press\/press-releases\/2024-2\/irish-horror-freamhacha-to-have-world-premiere-at-locarno-film-festival-in-switzerland-today\/","og_site_name":"TG4","article_publisher":"https:\/\/www.facebook.com\/TG4TV","article_modified_time":"2024-08-09T14:51:16+00:00","og_image":[{"url":"https:\/\/tg4-docs.s3.amazonaws.com\/wp-content\/uploads\/2024\/08\/09151937\/Freamhacha_Brid_ni_Neachtain_1-1920x1080-1-700x394.jpg"}],"twitter_card":"summary_large_image","twitter_image":"https:\/\/tg4-docs.s3.amazonaws.com\/wp-content\/uploads\/2024\/08\/09151937\/Freamhacha_Brid_ni_Neachtain_1-1920x1080-1-700x394.jpg","twitter_site":"@TG4TV","twitter_misc":{"Est. reading time":"2 minutes"},"schema":{"@context":"https:\/\/schema.org","@graph":[{"@type":"WebPage","@id":"https:\/\/dev.tg4.ie\/en\/information\/press\/press-releases\/2024-2\/irish-horror-freamhacha-to-have-world-premiere-at-locarno-film-festival-in-switzerland-today\/","url":"https:\/\/dev.tg4.ie\/en\/information\/press\/press-releases\/2024-2\/irish-horror-freamhacha-to-have-world-premiere-at-locarno-film-festival-in-switzerland-today\/","name":"Irish Horror 'Fr\u00e9amhacha' to have World Premiere at Locarno Film Festival in Switzerland Today | Press Release | TG4","isPartOf":{"@id":"https:\/\/dev.tg4.ie\/en\/#website"},"primaryImageOfPage":{"@id":"https:\/\/dev.tg4.ie\/en\/information\/press\/press-releases\/2024-2\/irish-horror-freamhacha-to-have-world-premiere-at-locarno-film-festival-in-switzerland-today\/#primaryimage"},"image":{"@id":"https:\/\/dev.tg4.ie\/en\/information\/press\/press-releases\/2024-2\/irish-horror-freamhacha-to-have-world-premiere-at-locarno-film-festival-in-switzerland-today\/#primaryimage"},"thumbnailUrl":"https:\/\/dev.tg4.ie\/wp-content\/uploads\/2024\/08\/Freamhacha_Brid_ni_Neachtain_1-1920x1080-1.jpg","datePublished":"2024-08-09T14:23:28+00:00","dateModified":"2024-08-09T14:51:16+00:00","description":"The Irish horror film FR\u00c9AMHACHA will have its world premiere at the prestigious Locarno Film Festival in Switzerland today.","breadcrumb":{"@id":"https:\/\/dev.tg4.ie\/en\/information\/press\/press-releases\/2024-2\/irish-horror-freamhacha-to-have-world-premiere-at-locarno-film-festival-in-switzerland-today\/#breadcrumb"},"inLanguage":"en-ie","potentialAction":[{"@type":"ReadAction","target":["https:\/\/dev.tg4.ie\/en\/information\/press\/press-releases\/2024-2\/irish-horror-freamhacha-to-have-world-premiere-at-locarno-film-festival-in-switzerland-today\/"]}]},{"@type":"ImageObject","inLanguage":"en-ie","@id":"https:\/\/dev.tg4.ie\/en\/information\/press\/press-releases\/2024-2\/irish-horror-freamhacha-to-have-world-premiere-at-locarno-film-festival-in-switzerland-today\/#primaryimage","url":"https:\/\/dev.tg4.ie\/wp-content\/uploads\/2024\/08\/Freamhacha_Brid_ni_Neachtain_1-1920x1080-1.jpg","contentUrl":"https:\/\/dev.tg4.ie\/wp-content\/uploads\/2024\/08\/Freamhacha_Brid_ni_Neachtain_1-1920x1080-1.jpg"},{"@type":"BreadcrumbList","@id":"https:\/\/dev.tg4.ie\/en\/information\/press\/press-releases\/2024-2\/irish-horror-freamhacha-to-have-world-premiere-at-locarno-film-festival-in-switzerland-today\/#breadcrumb","itemListElement":[{"@type":"ListItem","position":1,"name":"Home","item":"https:\/\/dev.tg4.ie\/en\/"},{"@type":"ListItem","position":2,"name":"Information","item":"https:\/\/dev.tg4.ie\/en\/information\/"},{"@type":"ListItem","position":3,"name":"Press","item":"https:\/\/dev.tg4.ie\/en\/information\/press\/"},{"@type":"ListItem","position":4,"name":"Press Releases","item":"https:\/\/dev.tg4.ie\/en\/information\/press\/press-releases\/"},{"@type":"ListItem","position":5,"name":"2024","item":"https:\/\/dev.tg4.ie\/en\/information\/press\/press-releases\/2024-2\/"},{"@type":"ListItem","position":6,"name":"Irish Horror &#8216;Fr\u00e9amhacha&#8217; to have World Premiere at Locarno Film Festival in Switzerland Today"}]},{"@type":"WebSite","@id":"https:\/\/dev.tg4.ie\/en\/#website","url":"https:\/\/dev.tg4.ie\/en\/","name":"TG4","description":"S\u00fail Eile","potentialAction":[{"@type":"SearchAction","target":{"@type":"EntryPoint","urlTemplate":"https:\/\/dev.tg4.ie\/en\/?s={search_term_string}"},"query-input":"required name=search_term_string"}],"inLanguage":"en-ie"}]}},"_links":{"self":[{"href":"https:\/\/dev.tg4.ie\/en\/wp-json\/wp\/v2\/pages\/232107"}],"collection":[{"href":"https:\/\/dev.tg4.ie\/en\/wp-json\/wp\/v2\/pages"}],"about":[{"href":"https:\/\/dev.tg4.ie\/en\/wp-json\/wp\/v2\/types\/page"}],"author":[{"embeddable":true,"href":"https:\/\/dev.tg4.ie\/en\/wp-json\/wp\/v2\/users\/876"}],"replies":[{"embeddable":true,"href":"https:\/\/dev.tg4.ie\/en\/wp-json\/wp\/v2\/comments?post=232107"}],"version-history":[{"count":0,"href":"https:\/\/dev.tg4.ie\/en\/wp-json\/wp\/v2\/pages\/232107\/revisions"}],"up":[{"embeddable":true,"href":"https:\/\/dev.tg4.ie\/en\/wp-json\/wp\/v2\/pages\/208150"}],"wp:attachment":[{"href":"https:\/\/dev.tg4.ie\/en\/wp-json\/wp\/v2\/media?parent=232107"}],"curies":[{"name":"wp","href":"https:\/\/api.w.org\/{rel}","templated":true}]}}