{"id":232240,"date":"2024-08-27T15:03:26","date_gmt":"2024-08-27T14:03:26","guid":{"rendered":"https:\/\/dev.tg4.ie\/?page_id=232240"},"modified":"2024-08-29T16:53:39","modified_gmt":"2024-08-29T15:53:39","slug":"record-number-of-irish-women-players-to-feature-in-tg4s-aflw-coverage","status":"publish","type":"page","link":"https:\/\/dev.tg4.ie\/en\/information\/press\/press-releases\/2024-2\/record-number-of-irish-women-players-to-feature-in-tg4s-aflw-coverage\/","title":{"rendered":"Record number of Irish Women Players to feature in TG4\u2019s AFLW Coverage"},"content":{"rendered":"<p><img loading=\"lazy\" decoding=\"async\" width=\"1920\" height=\"1080\" src=\"https:\/\/tg4-docs.s3.amazonaws.com\/wp-content\/uploads\/2024\/08\/29165136\/Aussie_Rules_na_mBan_2024_Vikki_Wall_1-1920x1080-1.jpg\" alt=\"\" class=\"alignnone size-full wp-image-232287\" srcset=\"https:\/\/tg4-docs.s3.amazonaws.com\/wp-content\/uploads\/2024\/08\/29165136\/Aussie_Rules_na_mBan_2024_Vikki_Wall_1-1920x1080-1.jpg 1920w, https:\/\/tg4-docs.s3.amazonaws.com\/wp-content\/uploads\/2024\/08\/29165136\/Aussie_Rules_na_mBan_2024_Vikki_Wall_1-1920x1080-1-250x141.jpg 250w, https:\/\/tg4-docs.s3.amazonaws.com\/wp-content\/uploads\/2024\/08\/29165136\/Aussie_Rules_na_mBan_2024_Vikki_Wall_1-1920x1080-1-700x394.jpg 700w, https:\/\/tg4-docs.s3.amazonaws.com\/wp-content\/uploads\/2024\/08\/29165136\/Aussie_Rules_na_mBan_2024_Vikki_Wall_1-1920x1080-1-252x141.jpg 252w, https:\/\/tg4-docs.s3.amazonaws.com\/wp-content\/uploads\/2024\/08\/29165136\/Aussie_Rules_na_mBan_2024_Vikki_Wall_1-1920x1080-1-1536x864.jpg 1536w, https:\/\/tg4-docs.s3.amazonaws.com\/wp-content\/uploads\/2024\/08\/29165136\/Aussie_Rules_na_mBan_2024_Vikki_Wall_1-1920x1080-1-120x68.jpg 120w\" sizes=\"(max-width: 1920px) 100vw, 1920px\" \/><br \/>\n<sup>Pic: Vikki Wall<\/sup><br \/>\n&nbsp;<br \/>\n<iframe loading=\"lazy\" width=\"560\" height=\"315\" src=\"https:\/\/www.youtube.com\/embed\/NRPSVGYDm5s?si=I9M_-39yn8brur0q\" title=\"YouTube video player\" frameborder=\"0\" allow=\"accelerometer; autoplay; clipboard-write; encrypted-media; gyroscope; picture-in-picture; web-share\" referrerpolicy=\"strict-origin-when-cross-origin\" allowfullscreen><\/iframe><br \/>\n&nbsp;<br \/>\n<strong>Starts Saturday August 31st on TG4<\/strong><br \/>\n&nbsp;<br \/>\nTG4 have announced that the station will again broadcast weekly matches and highlights from the upcoming Australian Football League Women\u2019s (AFLW) season.<br \/>\n&nbsp;<br \/>\nA record thirty-four Irish players will take the field this season with eighteen Irish counties represented.  Mayo lead the pack with six players with Tipperary a close second with five. See full player list below.<br \/>\n&nbsp;<br \/>\nThe AFLW Competition begins this weekend with eighteen teams battling it out to see who will reach the Grand Final on November 30th.<br \/>\n&nbsp;<br \/>\nTG4 will broadcast two matches deferred each weekend as well as weekly highlights as part of GAA 2024 on Monday evenings at 8pm.<br \/>\n&nbsp;<\/p>\n<p>AFL Aussie Rules na mBan starts this Saturday at 12:00pm with Essendon v Freemantle. See below the full line-up of matches for the first two rounds: <\/p>\n<ul>\n<li>Saturday 31 August 12:00pm &#8211; Deferred Round 1 &#8211; Essendon v Freemantle<\/li>\n<li>Sunday 1 September 12.05pm &#8211; Deferred Round 1 &#8211; Brisbane Lions v Kangaroos<\/li>\n<li>Saturday 7 September &#8211; Deferred Round 2 &#8211; Melbourne v Brisbane Lions<\/li>\n<li>Sunday 8 September &#8211; Deferred Round 2 &#8211; St Kilda v Sydney Swans<\/li>\n<\/ul>\n<p>&nbsp;<br \/>\n<strong>TG4&#8217;s Head of Sport R\u00f3n\u00e1n \u00d3 Coisdealbha<\/strong> said: <em>&#8220;The growth of the AFLW has been phenomenal and we are excited to be bringing the best action from Australia to viewers in Ireland each week. With so many players from Ireland competing in the competition it is a great opportunity to showcase this growing sport to a free-to-air audience on TG4.&#8221;<\/em><br \/>\n&nbsp;<\/p>\n<p><u>The thirty-four Irish players confirmed for the 2024 season are as follows:<\/u><\/p>\n<p><strong>Mayo<\/strong><br \/>\nNiamh Kelly (Adelaide Crows)<br \/>\nDayna Finn (Carlton)<br \/>\nSarah Rowe (Collingwood)<br \/>\nRachel Kearns (Geelong Cats)<br \/>\nAileen Gilroy (Hawthorn)<br \/>\nGrace Kelly (St Kilda)<br \/>\n&nbsp;<br \/>\n<strong>Tipperary<\/strong><br \/>\nOrla O\u2019Dwyer (Brisbane Lions)<br \/>\nAisling McCarthy (Freemantle)<br \/>\nAnna Rose Kennedy (Geelong Cats)<br \/>\nAishling Moloney (Geelong Cats)<br \/>\nNiamh Martin (North Melbourne)<br \/>\n&nbsp;<br \/>\n<strong>Donegal<\/strong><br \/>\nAmy Boyle Carr (Adelaide Crows)<br \/>\nNiamh McLaughlin (Gold Coast Suns)<br \/>\nTanya Kennedy (Sydney Swans)<br \/>\n&nbsp;<br \/>\n<strong>Armagh<\/strong><br \/>\nAmy Mulholland (Freemantle)<br \/>\nLauren McConville (Gold Coast Suns)<br \/>\nBlaithin Mackin (Melbourne)<br \/>\n&nbsp;<br \/>\n<strong>Dublin<\/strong><br \/>\nJennifer Dunne (Brisbane Lions)<br \/>\nSin\u00e9ad Goldrick (Melbourne)<br \/>\n&nbsp;<br \/>\n<strong>Meath<\/strong><br \/>\nOrlagh Lally (Freemantle)<br \/>\nVikki Wall (North Melbourne)<br \/>\n&nbsp;<br \/>\n<strong>Leitrim<\/strong><br \/>\n\u00c1ine Tighe (Freemantle)<br \/>\nEilish O\u2019Dowd (GWS Giants)<br \/>\n&nbsp;<br \/>\n<strong>Kerry<\/strong><br \/>\nParis McCarthy (Sydney Swans)<br \/>\nJulie O&#8217;Sullivan (Sydney Swans)<br \/>\n&nbsp;<br \/>\n<strong>Cavan<\/strong><br \/>\nAishling Sheridan (Collingwood)<br \/>\n&nbsp;<br \/>\n<strong>Monaghan<\/strong><br \/>\nMuireann Atkinson (Collingwood)<br \/>\n&nbsp;<br \/>\n<strong>Roscommon<\/strong><br \/>\nJoanne Cregg (Freemantle)<br \/>\n&nbsp;<br \/>\n<strong>Offaly<\/strong><br \/>\nKate Kenny (Geelong Cats)<br \/>\n&nbsp;<br \/>\n<strong>Down<\/strong><br \/>\nClara Fitzpatrick (Gold Coast Suns)<br \/>\n&nbsp;<br \/>\n<strong>Tyrone<\/strong><br \/>\nCara McCrossan (Gold Coast Suns)<br \/>\n&nbsp;<br \/>\n<strong>Galway<\/strong><br \/>\n\u00c1ine McDonagh (Hawthorn)<br \/>\n&nbsp;<br \/>\n<strong>Cork<\/strong><br \/>\nErika O\u2019Shea (North Melbourne)<br \/>\n&nbsp;<br \/>\n<strong>Fermanagh<\/strong><br \/>\nBlaith\u00edn Bogue (North Melbourne)<br \/>\n&nbsp;<\/p>\n<p><u>Dates for AFL Women\u2019s Season:<\/u><\/p>\n<p>Round 1  &#8211;   Weekend of 31 August \/ 1 \/ 2 September<br \/>\nRound 2  &#8211;   Weekend of 6 \/ 7 \/ 8 September<br \/>\nRound 3  &#8211;   Weekend of 12 \/13 \/ 14 September<br \/>\nRound 4  &#8211;   Weekend of 20 \/ 21 \/ 22 September<br \/>\nRound 5  &#8211;   Weekend of 27 \/ 28 \/ 29 September<br \/>\nRound 6  &#8211;   Weekend of 3 \/ 5 \/ 6 October<br \/>\nRound 7  &#8211;   Weekend of 11 \/ 12 \/ 13 October<br \/>\nRound 8  &#8211;   Weekend of 18 \/ 19\/ 20 October<br \/>\nRound 9  &#8211;   Weekend of 25 \/ 26 \/ 27 October<br \/>\nFinals series \/ Elimination finals  &#8211;  November<br \/>\n&nbsp;<br \/>\nMore information here: <a href=\"https:\/\/www.afl.com.au\/aflw\/fixture?Competition=3\" rel=\"noopener\" target=\"_blank\">https:\/\/www.afl.com.au\/aflw\/fixture?Competition=3<\/a><\/p>\n<p>&nbsp;<\/p>\n","protected":false},"excerpt":{"rendered":"<p>Pic: Vikki Wall &nbsp; &nbsp; Starts Saturday August 31st on TG4 &nbsp; TG4 have announced that the station will again broadcast weekly matches and highlights from the upcoming Australian Football League Women\u2019s (AFLW) season. &nbsp; A record thirty-four Irish players will take the field this season with eighteen Irish counties represented. Mayo lead the pack [&hellip;]<\/p>\n","protected":false},"author":876,"featured_media":0,"parent":208150,"menu_order":25,"comment_status":"closed","ping_status":"closed","template":"page-templates\/template-pr.php","meta":{"_acf_changed":false,"footnotes":""},"acf":[],"yoast_head":"<!-- This site is optimized with the Yoast SEO plugin v22.6 - https:\/\/yoast.com\/wordpress\/plugins\/seo\/ -->\n<title>Record number of Irish Women Players to feature in TG4\u2019s AFLW Coverage | Press Release | TG4<\/title>\n<meta name=\"description\" content=\"A record thirty-four Irish players will take the field this season with eighteen Irish counties represented.\" \/>\n<meta name=\"robots\" content=\"index, follow, max-snippet:-1, max-image-preview:large, max-video-preview:-1\" \/>\n<meta property=\"og:locale\" content=\"en_US\" \/>\n<meta property=\"og:type\" content=\"article\" \/>\n<meta property=\"og:title\" content=\"Record number of Irish Women Players to feature in TG4\u2019s AFLW Coverage | Press Release | TG4\" \/>\n<meta property=\"og:description\" content=\"A record thirty-four Irish players will take the field this season with eighteen Irish counties represented.\" \/>\n<meta property=\"og:url\" content=\"https:\/\/dev.tg4.ie\/en\/information\/press\/press-releases\/2024-2\/record-number-of-irish-women-players-to-feature-in-tg4s-aflw-coverage\/\" \/>\n<meta property=\"og:site_name\" content=\"TG4\" \/>\n<meta property=\"article:publisher\" content=\"https:\/\/www.facebook.com\/TG4TV\" \/>\n<meta property=\"article:modified_time\" content=\"2024-08-29T15:53:39+00:00\" \/>\n<meta property=\"og:image\" content=\"https:\/\/tg4-docs.s3.amazonaws.com\/wp-content\/uploads\/2024\/08\/29165136\/Aussie_Rules_na_mBan_2024_Vikki_Wall_1-1920x1080-1.jpg\" \/>\n\t<meta property=\"og:image:width\" content=\"1920\" \/>\n\t<meta property=\"og:image:height\" content=\"1080\" \/>\n\t<meta property=\"og:image:type\" content=\"image\/jpeg\" \/>\n<meta name=\"twitter:card\" content=\"summary_large_image\" \/>\n<meta name=\"twitter:image\" content=\"https:\/\/tg4-docs.s3.amazonaws.com\/wp-content\/uploads\/2024\/08\/29165136\/Aussie_Rules_na_mBan_2024_Vikki_Wall_1-1920x1080-1.jpg\" \/>\n<meta name=\"twitter:site\" content=\"@TG4TV\" \/>\n<meta name=\"twitter:label1\" content=\"Est. reading time\" \/>\n\t<meta name=\"twitter:data1\" content=\"3 minutes\" \/>\n<script type=\"application\/ld+json\" class=\"yoast-schema-graph\">{\"@context\":\"https:\/\/schema.org\",\"@graph\":[{\"@type\":\"WebPage\",\"@id\":\"https:\/\/dev.tg4.ie\/en\/information\/press\/press-releases\/2024-2\/record-number-of-irish-women-players-to-feature-in-tg4s-aflw-coverage\/\",\"url\":\"https:\/\/dev.tg4.ie\/en\/information\/press\/press-releases\/2024-2\/record-number-of-irish-women-players-to-feature-in-tg4s-aflw-coverage\/\",\"name\":\"Record number of Irish Women Players to feature in TG4\u2019s AFLW Coverage | Press Release | TG4\",\"isPartOf\":{\"@id\":\"https:\/\/dev.tg4.ie\/en\/#website\"},\"primaryImageOfPage\":{\"@id\":\"https:\/\/dev.tg4.ie\/en\/information\/press\/press-releases\/2024-2\/record-number-of-irish-women-players-to-feature-in-tg4s-aflw-coverage\/#primaryimage\"},\"image\":{\"@id\":\"https:\/\/dev.tg4.ie\/en\/information\/press\/press-releases\/2024-2\/record-number-of-irish-women-players-to-feature-in-tg4s-aflw-coverage\/#primaryimage\"},\"thumbnailUrl\":\"https:\/\/dev.tg4.ie\/wp-content\/uploads\/2024\/08\/Aussie_Rules_na_mBan_2024_Vikki_Wall_1-1920x1080-1.jpg\",\"datePublished\":\"2024-08-27T14:03:26+00:00\",\"dateModified\":\"2024-08-29T15:53:39+00:00\",\"description\":\"A record thirty-four Irish players will take the field this season with eighteen Irish counties represented.\",\"breadcrumb\":{\"@id\":\"https:\/\/dev.tg4.ie\/en\/information\/press\/press-releases\/2024-2\/record-number-of-irish-women-players-to-feature-in-tg4s-aflw-coverage\/#breadcrumb\"},\"inLanguage\":\"en-ie\",\"potentialAction\":[{\"@type\":\"ReadAction\",\"target\":[\"https:\/\/dev.tg4.ie\/en\/information\/press\/press-releases\/2024-2\/record-number-of-irish-women-players-to-feature-in-tg4s-aflw-coverage\/\"]}]},{\"@type\":\"ImageObject\",\"inLanguage\":\"en-ie\",\"@id\":\"https:\/\/dev.tg4.ie\/en\/information\/press\/press-releases\/2024-2\/record-number-of-irish-women-players-to-feature-in-tg4s-aflw-coverage\/#primaryimage\",\"url\":\"https:\/\/dev.tg4.ie\/wp-content\/uploads\/2024\/08\/Aussie_Rules_na_mBan_2024_Vikki_Wall_1-1920x1080-1.jpg\",\"contentUrl\":\"https:\/\/dev.tg4.ie\/wp-content\/uploads\/2024\/08\/Aussie_Rules_na_mBan_2024_Vikki_Wall_1-1920x1080-1.jpg\"},{\"@type\":\"BreadcrumbList\",\"@id\":\"https:\/\/dev.tg4.ie\/en\/information\/press\/press-releases\/2024-2\/record-number-of-irish-women-players-to-feature-in-tg4s-aflw-coverage\/#breadcrumb\",\"itemListElement\":[{\"@type\":\"ListItem\",\"position\":1,\"name\":\"Home\",\"item\":\"https:\/\/dev.tg4.ie\/en\/\"},{\"@type\":\"ListItem\",\"position\":2,\"name\":\"Information\",\"item\":\"https:\/\/dev.tg4.ie\/en\/information\/\"},{\"@type\":\"ListItem\",\"position\":3,\"name\":\"Press\",\"item\":\"https:\/\/dev.tg4.ie\/en\/information\/press\/\"},{\"@type\":\"ListItem\",\"position\":4,\"name\":\"Press Releases\",\"item\":\"https:\/\/dev.tg4.ie\/en\/information\/press\/press-releases\/\"},{\"@type\":\"ListItem\",\"position\":5,\"name\":\"2024\",\"item\":\"https:\/\/dev.tg4.ie\/en\/information\/press\/press-releases\/2024-2\/\"},{\"@type\":\"ListItem\",\"position\":6,\"name\":\"Record number of Irish Women Players to feature in TG4\u2019s AFLW Coverage\"}]},{\"@type\":\"WebSite\",\"@id\":\"https:\/\/dev.tg4.ie\/en\/#website\",\"url\":\"https:\/\/dev.tg4.ie\/en\/\",\"name\":\"TG4\",\"description\":\"S\u00fail Eile\",\"potentialAction\":[{\"@type\":\"SearchAction\",\"target\":{\"@type\":\"EntryPoint\",\"urlTemplate\":\"https:\/\/dev.tg4.ie\/en\/?s={search_term_string}\"},\"query-input\":\"required name=search_term_string\"}],\"inLanguage\":\"en-ie\"}]}<\/script>\n<!-- \/ Yoast SEO plugin. -->","yoast_head_json":{"title":"Record number of Irish Women Players to feature in TG4\u2019s AFLW Coverage | Press Release | TG4","description":"A record thirty-four Irish players will take the field this season with eighteen Irish counties represented.","robots":{"index":"index","follow":"follow","max-snippet":"max-snippet:-1","max-image-preview":"max-image-preview:large","max-video-preview":"max-video-preview:-1"},"og_locale":"en_US","og_type":"article","og_title":"Record number of Irish Women Players to feature in TG4\u2019s AFLW Coverage | Press Release | TG4","og_description":"A record thirty-four Irish players will take the field this season with eighteen Irish counties represented.","og_url":"https:\/\/dev.tg4.ie\/en\/information\/press\/press-releases\/2024-2\/record-number-of-irish-women-players-to-feature-in-tg4s-aflw-coverage\/","og_site_name":"TG4","article_publisher":"https:\/\/www.facebook.com\/TG4TV","article_modified_time":"2024-08-29T15:53:39+00:00","og_image":[{"width":1920,"height":1080,"url":"https:\/\/tg4-docs.s3.amazonaws.com\/wp-content\/uploads\/2024\/08\/29165136\/Aussie_Rules_na_mBan_2024_Vikki_Wall_1-1920x1080-1.jpg","type":"image\/jpeg"}],"twitter_card":"summary_large_image","twitter_image":"https:\/\/tg4-docs.s3.amazonaws.com\/wp-content\/uploads\/2024\/08\/29165136\/Aussie_Rules_na_mBan_2024_Vikki_Wall_1-1920x1080-1.jpg","twitter_site":"@TG4TV","twitter_misc":{"Est. reading time":"3 minutes"},"schema":{"@context":"https:\/\/schema.org","@graph":[{"@type":"WebPage","@id":"https:\/\/dev.tg4.ie\/en\/information\/press\/press-releases\/2024-2\/record-number-of-irish-women-players-to-feature-in-tg4s-aflw-coverage\/","url":"https:\/\/dev.tg4.ie\/en\/information\/press\/press-releases\/2024-2\/record-number-of-irish-women-players-to-feature-in-tg4s-aflw-coverage\/","name":"Record number of Irish Women Players to feature in TG4\u2019s AFLW Coverage | Press Release | TG4","isPartOf":{"@id":"https:\/\/dev.tg4.ie\/en\/#website"},"primaryImageOfPage":{"@id":"https:\/\/dev.tg4.ie\/en\/information\/press\/press-releases\/2024-2\/record-number-of-irish-women-players-to-feature-in-tg4s-aflw-coverage\/#primaryimage"},"image":{"@id":"https:\/\/dev.tg4.ie\/en\/information\/press\/press-releases\/2024-2\/record-number-of-irish-women-players-to-feature-in-tg4s-aflw-coverage\/#primaryimage"},"thumbnailUrl":"https:\/\/dev.tg4.ie\/wp-content\/uploads\/2024\/08\/Aussie_Rules_na_mBan_2024_Vikki_Wall_1-1920x1080-1.jpg","datePublished":"2024-08-27T14:03:26+00:00","dateModified":"2024-08-29T15:53:39+00:00","description":"A record thirty-four Irish players will take the field this season with eighteen Irish counties represented.","breadcrumb":{"@id":"https:\/\/dev.tg4.ie\/en\/information\/press\/press-releases\/2024-2\/record-number-of-irish-women-players-to-feature-in-tg4s-aflw-coverage\/#breadcrumb"},"inLanguage":"en-ie","potentialAction":[{"@type":"ReadAction","target":["https:\/\/dev.tg4.ie\/en\/information\/press\/press-releases\/2024-2\/record-number-of-irish-women-players-to-feature-in-tg4s-aflw-coverage\/"]}]},{"@type":"ImageObject","inLanguage":"en-ie","@id":"https:\/\/dev.tg4.ie\/en\/information\/press\/press-releases\/2024-2\/record-number-of-irish-women-players-to-feature-in-tg4s-aflw-coverage\/#primaryimage","url":"https:\/\/dev.tg4.ie\/wp-content\/uploads\/2024\/08\/Aussie_Rules_na_mBan_2024_Vikki_Wall_1-1920x1080-1.jpg","contentUrl":"https:\/\/dev.tg4.ie\/wp-content\/uploads\/2024\/08\/Aussie_Rules_na_mBan_2024_Vikki_Wall_1-1920x1080-1.jpg"},{"@type":"BreadcrumbList","@id":"https:\/\/dev.tg4.ie\/en\/information\/press\/press-releases\/2024-2\/record-number-of-irish-women-players-to-feature-in-tg4s-aflw-coverage\/#breadcrumb","itemListElement":[{"@type":"ListItem","position":1,"name":"Home","item":"https:\/\/dev.tg4.ie\/en\/"},{"@type":"ListItem","position":2,"name":"Information","item":"https:\/\/dev.tg4.ie\/en\/information\/"},{"@type":"ListItem","position":3,"name":"Press","item":"https:\/\/dev.tg4.ie\/en\/information\/press\/"},{"@type":"ListItem","position":4,"name":"Press Releases","item":"https:\/\/dev.tg4.ie\/en\/information\/press\/press-releases\/"},{"@type":"ListItem","position":5,"name":"2024","item":"https:\/\/dev.tg4.ie\/en\/information\/press\/press-releases\/2024-2\/"},{"@type":"ListItem","position":6,"name":"Record number of Irish Women Players to feature in TG4\u2019s AFLW Coverage"}]},{"@type":"WebSite","@id":"https:\/\/dev.tg4.ie\/en\/#website","url":"https:\/\/dev.tg4.ie\/en\/","name":"TG4","description":"S\u00fail Eile","potentialAction":[{"@type":"SearchAction","target":{"@type":"EntryPoint","urlTemplate":"https:\/\/dev.tg4.ie\/en\/?s={search_term_string}"},"query-input":"required name=search_term_string"}],"inLanguage":"en-ie"}]}},"_links":{"self":[{"href":"https:\/\/dev.tg4.ie\/en\/wp-json\/wp\/v2\/pages\/232240"}],"collection":[{"href":"https:\/\/dev.tg4.ie\/en\/wp-json\/wp\/v2\/pages"}],"about":[{"href":"https:\/\/dev.tg4.ie\/en\/wp-json\/wp\/v2\/types\/page"}],"author":[{"embeddable":true,"href":"https:\/\/dev.tg4.ie\/en\/wp-json\/wp\/v2\/users\/876"}],"replies":[{"embeddable":true,"href":"https:\/\/dev.tg4.ie\/en\/wp-json\/wp\/v2\/comments?post=232240"}],"version-history":[{"count":0,"href":"https:\/\/dev.tg4.ie\/en\/wp-json\/wp\/v2\/pages\/232240\/revisions"}],"up":[{"embeddable":true,"href":"https:\/\/dev.tg4.ie\/en\/wp-json\/wp\/v2\/pages\/208150"}],"wp:attachment":[{"href":"https:\/\/dev.tg4.ie\/en\/wp-json\/wp\/v2\/media?parent=232240"}],"curies":[{"name":"wp","href":"https:\/\/api.w.org\/{rel}","templated":true}]}}