{"id":232400,"date":"2024-09-09T13:00:32","date_gmt":"2024-09-09T12:00:32","guid":{"rendered":"https:\/\/dev.tg4.ie\/?page_id=232400"},"modified":"2025-08-14T10:00:20","modified_gmt":"2025-08-14T09:00:20","slug":"tg4-autumn-schedule-launch-2024","status":"publish","type":"page","link":"https:\/\/dev.tg4.ie\/en\/information\/press\/press-releases\/2024-2\/tg4-autumn-schedule-launch-2024\/","title":{"rendered":"Poets and Pioneers, Music and Murders, Style and Sustainability are among the themes of TG4\u2019s Autumn Schedule 2024"},"content":{"rendered":"<p><img loading=\"lazy\" decoding=\"async\" width=\"1280\" height=\"720\" class=\"alignnone size-full wp-image-232387\" src=\"https:\/\/tg4-docs.s3.amazonaws.com\/wp-content\/uploads\/2024\/09\/08224756\/Fomhar24_Seoladh_1-1280x720-1.jpg\" alt=\"\" srcset=\"https:\/\/tg4-docs.s3.amazonaws.com\/wp-content\/uploads\/2024\/09\/08224756\/Fomhar24_Seoladh_1-1280x720-1.jpg 1280w, https:\/\/tg4-docs.s3.amazonaws.com\/wp-content\/uploads\/2024\/09\/08224756\/Fomhar24_Seoladh_1-1280x720-1-250x141.jpg 250w, https:\/\/tg4-docs.s3.amazonaws.com\/wp-content\/uploads\/2024\/09\/08224756\/Fomhar24_Seoladh_1-1280x720-1-700x394.jpg 700w, https:\/\/tg4-docs.s3.amazonaws.com\/wp-content\/uploads\/2024\/09\/08224756\/Fomhar24_Seoladh_1-1280x720-1-252x141.jpg 252w, https:\/\/tg4-docs.s3.amazonaws.com\/wp-content\/uploads\/2024\/09\/08224756\/Fomhar24_Seoladh_1-1280x720-1-120x68.jpg 120w\" sizes=\"(max-width: 1280px) 100vw, 1280px\" \/><\/p>\n<p><sup>TG4 presenters: L-R, Caoimhe N\u00ed Chathail, Caitr\u00edona N\u00ed Chual\u00e1in, Brian Tyers, Eimear N\u00ed Chonaola, Niamh N\u00ed Chr\u00f3in\u00edn, Hector \u00d3 hEochag\u00e1in, Gr\u00e1inne Bleasdale, Si\u00fan Nic Gearailt, Gemma N\u00ed Chionnaith, Cu\u00e1n \u00d3 Flatharta &amp; Laura Pakenham. Credit &#8211; Martina Regan.<\/sup><\/p>\n<p>&nbsp;<\/p>\n<p><strong>TG4 Autumn Launch trailer<\/strong>: <span><a href=\"https:\/\/youtu.be\/nd9PrHjNN3E\">TG4 F\u00f3mhar <\/a><\/span><\/p>\n<p><strong>Press Pack and Images:<\/strong> <span><a href=\"https:\/\/nasc.tg4.tv\/F\u00f3mhar24\">TG4 Autumn schedule &#8217;24<\/a><\/span><\/p>\n<p>&nbsp;<\/p>\n<p>TG4 launched its autumn schedule in The Dean in Galway City earlier today (9\/9\/24) with many of the stations&#8217; well-known faces in attendance.<\/p>\n<p>The new season\u2019s launch F\u00f3mhar 24 has something for everyone as TG4 continues to deliver more unique home-produced documentaries that reflect Irish life, an array of live sports events, unique entertainment series, excellent music, an impressive selection of drama series premiering on Irish TV along with original content on the Irish language children\u2019s channel C\u00fala4.<\/p>\n<p>Top-class home-produced drama will feature this season with the brand-new drama series <strong>Cr\u00e1<\/strong> which sees a murder investigation begin when Garda Conall \u00d3 S\u00failleabh\u00e1in&#8217;s missing mother is discovered buried in a bog. Meanwhile, a young journalist, Ciara-Kate, decides to produce a podcast about the case. If Conall wants justice for his mother, he has no choice but to join forces with this journalist. Their investigation leads them on a dark path and begs the question: can justice really be blind? The station\u2019s flagship soap <strong>Ros na R\u00fan<\/strong> is back and more gripping than ever as life in the fictional Gaeltacht village comes with criminal Garda activity, wrongful crime convictions, death, gender, drugs and social issues alongside, love, romance and hearty village fun.<br \/>\n&nbsp;<br \/>\nTG4\u2019s film <strong>Kneecap<\/strong> which is currently in cinemas globally has received critical acclaim and was selected by IFTA to represent Ireland in the Oscar\u00ae\u00a0International Feature Film category at the upcoming 97th annual Academy Awards 2025.<br \/>\n&nbsp;<br \/>\n<strong>Director General of TG4 Alan Esslemont<\/strong> said, <em>\u201cAfter the era-defining leap forward in 2023 for the prestige of the Irish language achieved by the success of \u2018An Cail\u00edn Ci\u00fain\u2019, 2024 has been one of the best ever for TG4.<\/p>\n<p>Only last week our sports coverage was described as \u201ca glittering example of public service broadcasting\u201d and our national audience share has reached levels not seen since 2007. The mainstream success of \u2018Kneecap\u2019 in cinemas worldwide has shown the appetite in audiences of all demographics for Irish language content and demonstrates that audiences value TG4, not just a broadcast initiative, but as part of a broader Government vision to support the Irish language, culture and arts and to support regional and rural development and social inclusion of minority language communities by supporting the Irish language and Irish-speaking communities and Gaeltacht.<\/p>\n<p>The underfunding of TG4 is universally recognised but so far the state\u2019s attitude towards TG4 lags behind the attitude of the people to TG4.\u00a0 Historic underfunding of TG4 is being used as a reason to maintain future underfunding of TG4.\u00a0 De facto, our regulators are the state\u2019s finance departments, surely not the correct way to maintain editorial independence for public service media. Coimisi\u00fan na Me\u00e1n also needs to recognise what is being achieved by TG4.\u00a0 Since its establishment barely 18 months ago, TG4 has frequently had to point out inaccuracies and deficits in its review processes, a lack of context and perspective on TG4\u2019s role and a negative perspective regarding TG4\u2019s achievements.<\/p>\n<p>TG4\u2019s successes show beyond doubt that this is the time for the state to learn from best European practice in minority language media, to act now to strengthen existing structures and bring forward a sustainable model for TG4 which will benefit all of Irish society.\u201d<\/em><br \/>\n&nbsp;<\/p>\n<p>This season&#8217;s documentaries include <strong>Fathaigh na Farraige,<\/strong> which explores Ireland&#8217;s relationship with sharks and cetaceans in Irish waters. <strong>Idir Dh\u00e1 Bhaile <\/strong>explores the challenges faced by one family of Ukrainian refugees as they try to rebuild their lives in Ireland. <strong>Na Lumi\u00e8re Gaelacha, <\/strong>tells the story of the Horgan Brothers of Youghal, photographic, cinematic and animation pioneers at the time of the Lumi\u00e8re brothers in France.<\/p>\n<p>Actor Brendan Gleeson hosts a heartfelt tribute in <strong>Brendan Gleeson\u2019s Farewell to Hughes\u2019s<\/strong>, where he interviews musicians, dancers, and singers who share the story of the unassuming pub and its lasting impact on his life and the world of traditional music in Dublin and throughout Ireland.<\/p>\n<p>In <strong>Thomas Moore &#8211; Bard na h\u00c9ireann,<\/strong> we explore Moore&#8217;s intriguing life and work while hearing new interpretations of many of his best-known songs. In historical documentaries; <strong>Pogrom Bh\u00e9al Feirste<\/strong> explores how a book about the plight of Nationalists in Belfast was too dangerous to be published. <strong>De Valera san Fh\u00e1sach, <\/strong>is a historical documentary series that presents the vital story of de Valera&#8217;s Wilderness years from 1924-1926 when he was imprisoned, in poor mental health and stripped of his political power. <strong>Sc\u00e9alta \u00e1r Stampa\u00ed <\/strong>sees six curious people find out about the particular images that have been put on the stamps of Ireland over the years.<\/p>\n<p>&nbsp;<\/p>\n<p>Entertainment over the coming months sees Ireland\u2019s most intrepid traveller, Hector \u00d3 hEochag\u00e1in, embark on his latest epic trip in <strong>Hector<\/strong> &#8211; <strong>Caribbean<\/strong>. Hector heads to the rich tropical waters of the Caribbean, a journey through a string of magical islands, from Cuba to Jamaica, Dominican Republic to Puerto Rico, from Antigua to Montserrat and ending way down South in Trinidad and Tobago. <strong>Junior Eurovision<\/strong> is in search of the next Irish Junior Eurovision 2024 entry. Who will represent Ireland this November in Madrid?\u00a0 We join fashionistas Caoimhe N\u00ed Chathail &amp; Proinsias \u00d3 Coinn in <strong>\u00c9ada\u00ed SOS <\/strong>as they attempt to convince people to alter their shopping habits and embrace a more sustainable way of enjoying their passion for fashion. In <strong>Is Mise le Mess<\/strong> three cleaning fanatics are travelling around the country cleaning and decluttering homes. We get an insight into a small world where big things happen in the wonderful world of the <strong>Na\u00edonra<\/strong>. <strong>S\u00edorst\u00edl<\/strong> is a cutting-edge sustainable fashion competition where six talented designers transform second-hand clothes and recycled materials into high-fashion editorial garments.<\/p>\n<p>&nbsp;<\/p>\n<p>There will be a great selection of exclusive live games for sports fans on <strong>GAA Beo \u00a0<\/strong>and \u00a0<strong>Peil na mBan Beo. <\/strong>There will be live games from the Allianz Leagues, the club championships, Ladies Football, underage grades as well as second and third level. <strong>Rugba\u00ed Beo <\/strong>TG4\u2019s flagship rugby programme returns to our screens in mid-September with all the best action from the United Rugby Championship. TG4 will air live weekly coverage from the FAI SSE Airtricity Women&#8217;s National League &#8211; the top tier of the women&#8217;s game at senior level in Ireland in <strong>Sacar na mBan<\/strong>. The Listowel Races are back on TG4 this September on <strong>R\u00e1sa\u00ed Beo.<\/strong> A brand-new series <strong>Pobail na P\u00e1irce <\/strong>uncovers the history of Ireland\u2019s most iconic stadiums. <strong>Iom\u00e1na\u00edocht Hollywood <\/strong>tells <strong>t<\/strong>he extraordinary story of how Gaelic games have featured in the cinema since the beginning of the last century.<\/p>\n<p><strong>\u00a0<\/strong><\/p>\n<p>For the music lovers among us, the selection is plentiful this season. Join the King of Country, Daniel O&#8217;Donnell for a brand-new series of <strong>Opry le Daniel<\/strong> <strong>ar Thuras<\/strong> from the INEC in Killarney.<\/p>\n<p><strong>Ceol na gCoillte <\/strong>is an evocative feature documentary that delves into a pivotal yet underexplored chapter in the shared histories of Ireland and Canada.<\/p>\n<p>This third series of <strong>Scoil Samhraidh Willie Clancy<\/strong> sees the hugely popular traditional music series bring together the very best in traditional music recorded at the festival in July 2024. We join fiddler Doireann N\u00ed Ghlac\u00e1in as she takes to the road again in <strong>Ceolaireacht<\/strong> in search of the pulse of traditional Irish music in four areas around Ireland and Scotland. New music series, <strong>Scoil Cheoil an Earraigh, <\/strong>comes from the traditional music festival Scoil Cheoil an Earraigh 2024 on the Dingle Peninsula. An exciting new series of <strong>Geantra\u00ed<\/strong>, sees the presenter, Pauline Scanlon, visit traditional music sessions across the length and breadth of the country.<\/p>\n<p><strong>\u00a0<\/strong><\/p>\n<p>Compelling drama this autumn on TG4 includes <strong>Hacks<\/strong> series 2 which explores the dark mentorship between a legendary comedian and her entitled new writing partner. Emmy Award winner Jean Smart stars as a legendary Las Vegas comedian who is forced to hire an ambitious young writer (Hannah Einbinder). \u00a0<strong>Ten Pound Poms <\/strong>sees a group of Brits leave post-war Britain in 1956 to embark on an adventure.<\/p>\n<p>&nbsp;<\/p>\n<p>As always, the <strong>Nuacht TG4<\/strong> team will bring you the latest national, regional, international and Gaeilge related news every night at 7pm and on Tuesdays at 8pm <strong>7 L\u00e1<\/strong> sees hard-hitting weekly analysis of the stories that matter. The award-winning current affairs series <strong>Ini\u00fachadh TG4,<\/strong> presented by Kevin Magee, explores political, societal, and economic issues. <strong>F\u00edorsc\u00e9al<\/strong> brings a season of international documentaries that continue to throw a (sometimes disturbing) light on issues that affect us environmentally, socially, politically and globally.<\/p>\n<p><strong>\u00a0<\/strong><\/p>\n<p><strong><u>C\u00fala4<\/u><\/strong><\/p>\n<p>TG4&#8217;s children\u2019s Irish language channel, C\u00fala4, celebrates its first anniversary with a range of original commissioned series for our younger viewers. C\u00fala4 airs daily, from 6am to 8pm every day, giving younger viewers a chance to catch all their favourite<\/p>\n<p>programmes as Gaeilge. <strong>Nuacht C\u00fala4<\/strong> the daily six-minute news bulletin specifically for children, will broadcast from Tuesday to Friday at 1.30pm and again at \u00a05.30pm.<\/p>\n<p><strong>MOLSC\u00c9AL, which is an online brand of TG4, <\/strong>will continue to tell the stories from Gaeltacht areas and Irish language communities on social media. <strong>BLOC<\/strong> <span>is TG4&#8217;s\u00a0shared social media hub that serves the younger Irish-speaking audience ensuring its followers are treated to great content as well as getting the opportunity to become a creator for the brand. BLOC is currently available on Instagram, YouTube, Tik Tok, Facebook &amp; Twitter. <\/span>TG4\u2019S online learning platform <strong>TG4 Foghlaim<\/strong> is the primary destination for those who want to improve their Irish. Developed by educators and TG4, TG4 Foghlaim is on the one-stop shop to aid language acquisition and development.<\/p>\n<p><span><strong><u>Cine4<\/u><\/strong><\/span><\/p>\n<p>Cine4 continues to elevate the status of Irish language cinema with two premieres this year, <strong>Fr\u00e9amhacha<\/strong> and <strong>Fidil Ghorm<\/strong>, and the next new film <strong>B\u00e1ite<\/strong> in post-production.<\/p>\n<p>&nbsp;<\/p>\n<p>TG4 is also available worldwide via our\u00a0<span><a href=\"https:\/\/dev.tg4.ie\/\">Player<\/a><\/span><\/p>\n<p>For more on TG4\u2019s autumn schedule 2024 visit <span><a href=\"https:\/\/dev.tg4.ie\/F\u00f3mhar24\">TG4 F\u00f3mhar &#8217;24<\/a><\/span><\/p>\n<p>&nbsp;<br \/>\n&nbsp;<br \/>\n&nbsp;<\/p>\n","protected":false},"excerpt":{"rendered":"<p>TG4 presenters: L-R, Caoimhe N\u00ed Chathail, Caitr\u00edona N\u00ed Chual\u00e1in, Brian Tyers, Eimear N\u00ed Chonaola, Niamh N\u00ed Chr\u00f3in\u00edn, Hector \u00d3 hEochag\u00e1in, Gr\u00e1inne Bleasdale, Si\u00fan Nic Gearailt, Gemma N\u00ed Chionnaith, Cu\u00e1n \u00d3 Flatharta &amp; Laura Pakenham. Credit &#8211; Martina Regan. &nbsp; TG4 Autumn Launch trailer: TG4 F\u00f3mhar Press Pack and Images: TG4 Autumn schedule &#8217;24 &nbsp; TG4 [&hellip;]<\/p>\n","protected":false},"author":876,"featured_media":0,"parent":208150,"menu_order":26,"comment_status":"closed","ping_status":"closed","template":"page-templates\/template-pr.php","meta":{"_acf_changed":false,"footnotes":""},"acf":[],"yoast_head":"<!-- This site is optimized with the Yoast SEO plugin v22.6 - https:\/\/yoast.com\/wordpress\/plugins\/seo\/ -->\n<title>Poets and Pioneers, Music and Murders, Style and Sustainability are among the themes of TG4\u2019s Autumn Schedule 2024 | Press Release | TG4<\/title>\n<meta name=\"description\" content=\"TG4 launched its autumn schedule in The Dean in Galway City earlier today (9\/9\/24) with many of the stations&#039; well-known faces in attendance.\" \/>\n<meta name=\"robots\" content=\"index, follow, max-snippet:-1, max-image-preview:large, max-video-preview:-1\" \/>\n<meta property=\"og:locale\" content=\"en_US\" \/>\n<meta property=\"og:type\" content=\"article\" \/>\n<meta property=\"og:title\" content=\"Poets and Pioneers, Music and Murders, Style and Sustainability are among the themes of TG4\u2019s Autumn Schedule 2024 | Press Release | TG4\" \/>\n<meta property=\"og:description\" content=\"TG4 launched its autumn schedule in The Dean in Galway City earlier today (9\/9\/24) with many of the stations&#039; well-known faces in attendance.\" \/>\n<meta property=\"og:url\" content=\"https:\/\/dev.tg4.ie\/en\/information\/press\/press-releases\/2024-2\/tg4-autumn-schedule-launch-2024\/\" \/>\n<meta property=\"og:site_name\" content=\"TG4\" \/>\n<meta property=\"article:publisher\" content=\"https:\/\/www.facebook.com\/TG4TV\" \/>\n<meta property=\"article:modified_time\" content=\"2025-08-14T09:00:20+00:00\" \/>\n<meta property=\"og:image\" content=\"https:\/\/tg4-docs.s3.amazonaws.com\/wp-content\/uploads\/2024\/09\/08224756\/Fomhar24_Seoladh_1-1280x720-1-700x394.jpg\" \/>\n<meta name=\"twitter:card\" content=\"summary_large_image\" \/>\n<meta name=\"twitter:image\" content=\"https:\/\/tg4-docs.s3.amazonaws.com\/wp-content\/uploads\/2024\/09\/08224756\/Fomhar24_Seoladh_1-1280x720-1-700x394.jpg\" \/>\n<meta name=\"twitter:site\" content=\"@TG4TV\" \/>\n<meta name=\"twitter:label1\" content=\"Est. reading time\" \/>\n\t<meta name=\"twitter:data1\" content=\"8 minutes\" \/>\n<script type=\"application\/ld+json\" class=\"yoast-schema-graph\">{\"@context\":\"https:\/\/schema.org\",\"@graph\":[{\"@type\":\"WebPage\",\"@id\":\"https:\/\/dev.tg4.ie\/en\/information\/press\/press-releases\/2024-2\/tg4-autumn-schedule-launch-2024\/\",\"url\":\"https:\/\/dev.tg4.ie\/en\/information\/press\/press-releases\/2024-2\/tg4-autumn-schedule-launch-2024\/\",\"name\":\"Poets and Pioneers, Music and Murders, Style and Sustainability are among the themes of TG4\u2019s Autumn Schedule 2024 | Press Release | TG4\",\"isPartOf\":{\"@id\":\"https:\/\/dev.tg4.ie\/en\/#website\"},\"primaryImageOfPage\":{\"@id\":\"https:\/\/dev.tg4.ie\/en\/information\/press\/press-releases\/2024-2\/tg4-autumn-schedule-launch-2024\/#primaryimage\"},\"image\":{\"@id\":\"https:\/\/dev.tg4.ie\/en\/information\/press\/press-releases\/2024-2\/tg4-autumn-schedule-launch-2024\/#primaryimage\"},\"thumbnailUrl\":\"https:\/\/dev.tg4.ie\/wp-content\/uploads\/2024\/09\/Fomhar24_Seoladh_1-1280x720-1.jpg\",\"datePublished\":\"2024-09-09T12:00:32+00:00\",\"dateModified\":\"2025-08-14T09:00:20+00:00\",\"description\":\"TG4 launched its autumn schedule in The Dean in Galway City earlier today (9\/9\/24) with many of the stations' well-known faces in attendance.\",\"breadcrumb\":{\"@id\":\"https:\/\/dev.tg4.ie\/en\/information\/press\/press-releases\/2024-2\/tg4-autumn-schedule-launch-2024\/#breadcrumb\"},\"inLanguage\":\"en-ie\",\"potentialAction\":[{\"@type\":\"ReadAction\",\"target\":[\"https:\/\/dev.tg4.ie\/en\/information\/press\/press-releases\/2024-2\/tg4-autumn-schedule-launch-2024\/\"]}]},{\"@type\":\"ImageObject\",\"inLanguage\":\"en-ie\",\"@id\":\"https:\/\/dev.tg4.ie\/en\/information\/press\/press-releases\/2024-2\/tg4-autumn-schedule-launch-2024\/#primaryimage\",\"url\":\"https:\/\/dev.tg4.ie\/wp-content\/uploads\/2024\/09\/Fomhar24_Seoladh_1-1280x720-1.jpg\",\"contentUrl\":\"https:\/\/dev.tg4.ie\/wp-content\/uploads\/2024\/09\/Fomhar24_Seoladh_1-1280x720-1.jpg\"},{\"@type\":\"BreadcrumbList\",\"@id\":\"https:\/\/dev.tg4.ie\/en\/information\/press\/press-releases\/2024-2\/tg4-autumn-schedule-launch-2024\/#breadcrumb\",\"itemListElement\":[{\"@type\":\"ListItem\",\"position\":1,\"name\":\"Home\",\"item\":\"https:\/\/dev.tg4.ie\/en\/\"},{\"@type\":\"ListItem\",\"position\":2,\"name\":\"Information\",\"item\":\"https:\/\/dev.tg4.ie\/en\/information\/\"},{\"@type\":\"ListItem\",\"position\":3,\"name\":\"Press\",\"item\":\"https:\/\/dev.tg4.ie\/en\/information\/press\/\"},{\"@type\":\"ListItem\",\"position\":4,\"name\":\"Press Releases\",\"item\":\"https:\/\/dev.tg4.ie\/en\/information\/press\/press-releases\/\"},{\"@type\":\"ListItem\",\"position\":5,\"name\":\"2024\",\"item\":\"https:\/\/dev.tg4.ie\/en\/information\/press\/press-releases\/2024-2\/\"},{\"@type\":\"ListItem\",\"position\":6,\"name\":\"Poets and Pioneers, Music and Murders, Style and Sustainability are among the themes of TG4\u2019s Autumn Schedule 2024\"}]},{\"@type\":\"WebSite\",\"@id\":\"https:\/\/dev.tg4.ie\/en\/#website\",\"url\":\"https:\/\/dev.tg4.ie\/en\/\",\"name\":\"TG4\",\"description\":\"S\u00fail Eile\",\"potentialAction\":[{\"@type\":\"SearchAction\",\"target\":{\"@type\":\"EntryPoint\",\"urlTemplate\":\"https:\/\/dev.tg4.ie\/en\/?s={search_term_string}\"},\"query-input\":\"required name=search_term_string\"}],\"inLanguage\":\"en-ie\"}]}<\/script>\n<!-- \/ Yoast SEO plugin. -->","yoast_head_json":{"title":"Poets and Pioneers, Music and Murders, Style and Sustainability are among the themes of TG4\u2019s Autumn Schedule 2024 | Press Release | TG4","description":"TG4 launched its autumn schedule in The Dean in Galway City earlier today (9\/9\/24) with many of the stations' well-known faces in attendance.","robots":{"index":"index","follow":"follow","max-snippet":"max-snippet:-1","max-image-preview":"max-image-preview:large","max-video-preview":"max-video-preview:-1"},"og_locale":"en_US","og_type":"article","og_title":"Poets and Pioneers, Music and Murders, Style and Sustainability are among the themes of TG4\u2019s Autumn Schedule 2024 | Press Release | TG4","og_description":"TG4 launched its autumn schedule in The Dean in Galway City earlier today (9\/9\/24) with many of the stations' well-known faces in attendance.","og_url":"https:\/\/dev.tg4.ie\/en\/information\/press\/press-releases\/2024-2\/tg4-autumn-schedule-launch-2024\/","og_site_name":"TG4","article_publisher":"https:\/\/www.facebook.com\/TG4TV","article_modified_time":"2025-08-14T09:00:20+00:00","og_image":[{"url":"https:\/\/tg4-docs.s3.amazonaws.com\/wp-content\/uploads\/2024\/09\/08224756\/Fomhar24_Seoladh_1-1280x720-1-700x394.jpg"}],"twitter_card":"summary_large_image","twitter_image":"https:\/\/tg4-docs.s3.amazonaws.com\/wp-content\/uploads\/2024\/09\/08224756\/Fomhar24_Seoladh_1-1280x720-1-700x394.jpg","twitter_site":"@TG4TV","twitter_misc":{"Est. reading time":"8 minutes"},"schema":{"@context":"https:\/\/schema.org","@graph":[{"@type":"WebPage","@id":"https:\/\/dev.tg4.ie\/en\/information\/press\/press-releases\/2024-2\/tg4-autumn-schedule-launch-2024\/","url":"https:\/\/dev.tg4.ie\/en\/information\/press\/press-releases\/2024-2\/tg4-autumn-schedule-launch-2024\/","name":"Poets and Pioneers, Music and Murders, Style and Sustainability are among the themes of TG4\u2019s Autumn Schedule 2024 | Press Release | TG4","isPartOf":{"@id":"https:\/\/dev.tg4.ie\/en\/#website"},"primaryImageOfPage":{"@id":"https:\/\/dev.tg4.ie\/en\/information\/press\/press-releases\/2024-2\/tg4-autumn-schedule-launch-2024\/#primaryimage"},"image":{"@id":"https:\/\/dev.tg4.ie\/en\/information\/press\/press-releases\/2024-2\/tg4-autumn-schedule-launch-2024\/#primaryimage"},"thumbnailUrl":"https:\/\/dev.tg4.ie\/wp-content\/uploads\/2024\/09\/Fomhar24_Seoladh_1-1280x720-1.jpg","datePublished":"2024-09-09T12:00:32+00:00","dateModified":"2025-08-14T09:00:20+00:00","description":"TG4 launched its autumn schedule in The Dean in Galway City earlier today (9\/9\/24) with many of the stations' well-known faces in attendance.","breadcrumb":{"@id":"https:\/\/dev.tg4.ie\/en\/information\/press\/press-releases\/2024-2\/tg4-autumn-schedule-launch-2024\/#breadcrumb"},"inLanguage":"en-ie","potentialAction":[{"@type":"ReadAction","target":["https:\/\/dev.tg4.ie\/en\/information\/press\/press-releases\/2024-2\/tg4-autumn-schedule-launch-2024\/"]}]},{"@type":"ImageObject","inLanguage":"en-ie","@id":"https:\/\/dev.tg4.ie\/en\/information\/press\/press-releases\/2024-2\/tg4-autumn-schedule-launch-2024\/#primaryimage","url":"https:\/\/dev.tg4.ie\/wp-content\/uploads\/2024\/09\/Fomhar24_Seoladh_1-1280x720-1.jpg","contentUrl":"https:\/\/dev.tg4.ie\/wp-content\/uploads\/2024\/09\/Fomhar24_Seoladh_1-1280x720-1.jpg"},{"@type":"BreadcrumbList","@id":"https:\/\/dev.tg4.ie\/en\/information\/press\/press-releases\/2024-2\/tg4-autumn-schedule-launch-2024\/#breadcrumb","itemListElement":[{"@type":"ListItem","position":1,"name":"Home","item":"https:\/\/dev.tg4.ie\/en\/"},{"@type":"ListItem","position":2,"name":"Information","item":"https:\/\/dev.tg4.ie\/en\/information\/"},{"@type":"ListItem","position":3,"name":"Press","item":"https:\/\/dev.tg4.ie\/en\/information\/press\/"},{"@type":"ListItem","position":4,"name":"Press Releases","item":"https:\/\/dev.tg4.ie\/en\/information\/press\/press-releases\/"},{"@type":"ListItem","position":5,"name":"2024","item":"https:\/\/dev.tg4.ie\/en\/information\/press\/press-releases\/2024-2\/"},{"@type":"ListItem","position":6,"name":"Poets and Pioneers, Music and Murders, Style and Sustainability are among the themes of TG4\u2019s Autumn Schedule 2024"}]},{"@type":"WebSite","@id":"https:\/\/dev.tg4.ie\/en\/#website","url":"https:\/\/dev.tg4.ie\/en\/","name":"TG4","description":"S\u00fail Eile","potentialAction":[{"@type":"SearchAction","target":{"@type":"EntryPoint","urlTemplate":"https:\/\/dev.tg4.ie\/en\/?s={search_term_string}"},"query-input":"required name=search_term_string"}],"inLanguage":"en-ie"}]}},"_links":{"self":[{"href":"https:\/\/dev.tg4.ie\/en\/wp-json\/wp\/v2\/pages\/232400"}],"collection":[{"href":"https:\/\/dev.tg4.ie\/en\/wp-json\/wp\/v2\/pages"}],"about":[{"href":"https:\/\/dev.tg4.ie\/en\/wp-json\/wp\/v2\/types\/page"}],"author":[{"embeddable":true,"href":"https:\/\/dev.tg4.ie\/en\/wp-json\/wp\/v2\/users\/876"}],"replies":[{"embeddable":true,"href":"https:\/\/dev.tg4.ie\/en\/wp-json\/wp\/v2\/comments?post=232400"}],"version-history":[{"count":0,"href":"https:\/\/dev.tg4.ie\/en\/wp-json\/wp\/v2\/pages\/232400\/revisions"}],"up":[{"embeddable":true,"href":"https:\/\/dev.tg4.ie\/en\/wp-json\/wp\/v2\/pages\/208150"}],"wp:attachment":[{"href":"https:\/\/dev.tg4.ie\/en\/wp-json\/wp\/v2\/media?parent=232400"}],"curies":[{"name":"wp","href":"https:\/\/api.w.org\/{rel}","templated":true}]}}