{"id":232440,"date":"2024-09-12T12:46:41","date_gmt":"2024-09-12T11:46:41","guid":{"rendered":"https:\/\/dev.tg4.ie\/?page_id=232440"},"modified":"2024-09-12T12:46:41","modified_gmt":"2024-09-12T11:46:41","slug":"gaa-handball-draws-record-breaking-265000-viewers-on-tg4-for-2024-world-wallball-championships","status":"publish","type":"page","link":"https:\/\/dev.tg4.ie\/en\/information\/press\/press-releases\/2024-2\/gaa-handball-draws-record-breaking-265000-viewers-on-tg4-for-2024-world-wallball-championships\/","title":{"rendered":"GAA Handball Draws Record-Breaking 265,000 Viewers on TG4 for 2024 World Wallball Championships"},"content":{"rendered":"<p><img loading=\"lazy\" decoding=\"async\" width=\"1920\" height=\"1080\" src=\"https:\/\/tg4-docs.s3.amazonaws.com\/wp-content\/uploads\/2024\/09\/12123937\/Wallball2024_1-1920x1080-1.jpg\" alt=\"\" class=\"alignnone size-full wp-image-232437\" srcset=\"https:\/\/tg4-docs.s3.amazonaws.com\/wp-content\/uploads\/2024\/09\/12123937\/Wallball2024_1-1920x1080-1.jpg 1920w, https:\/\/tg4-docs.s3.amazonaws.com\/wp-content\/uploads\/2024\/09\/12123937\/Wallball2024_1-1920x1080-1-250x141.jpg 250w, https:\/\/tg4-docs.s3.amazonaws.com\/wp-content\/uploads\/2024\/09\/12123937\/Wallball2024_1-1920x1080-1-700x394.jpg 700w, https:\/\/tg4-docs.s3.amazonaws.com\/wp-content\/uploads\/2024\/09\/12123937\/Wallball2024_1-1920x1080-1-252x141.jpg 252w, https:\/\/tg4-docs.s3.amazonaws.com\/wp-content\/uploads\/2024\/09\/12123937\/Wallball2024_1-1920x1080-1-1536x864.jpg 1536w, https:\/\/tg4-docs.s3.amazonaws.com\/wp-content\/uploads\/2024\/09\/12123937\/Wallball2024_1-1920x1080-1-120x68.jpg 120w\" sizes=\"(max-width: 1920px) 100vw, 1920px\" \/><br \/>\n&nbsp;<br \/>\nTG4 is delighted to announce unprecedented viewership numbers for the 2024 O&#8217;Neills.com World Wallball Championship, as GAA Handball continues to capture the imagination of a global audience. Over an 8-day period, a remarkable 265,000 viewers tuned in to TG4\u2019s coverage of the World Wallball Championships, solidifying the event as a must-watch spectacle for sports enthusiasts.<br \/>\n&nbsp;<br \/>\nThe championship, streamed live over 6 days on <a href=\"https:\/\/www.youtube.com\/@SportTG4\" rel=\"noopener\" target=\"_blank\">Sp\u00f3rt TG4\u2019s YouTube channel<\/a>, garnered significant attention with 108,000 viewers watching the live broadcasts. A further 24,000 viewers caught the action on replay. The global reach of the event was evident, with viewers from 38 countries tuning in, including 30,000 from the UK and 19,000 from the US.<br \/>\n&nbsp;<br \/>\nFinals day proved to be the pinnacle of the event, attracting the highest viewership numbers, with 32,000 fans tuning in across Friday\u2019s coverage. The men\u2019s final, featuring the US pairing of Nazir Marston and Timothy Gonzalez, reached a peak viewership, highlighting the growing international interest in the sport.<br \/>\n&nbsp;<br \/>\nThe excitement extended beyond live coverage, with highlights of the Wallball Worlds showcased on Monday\u2019s <a href=\"https:\/\/dev.tg4.ie\/en\/player\/categories\/sport-tv-player\/play\/?pid=6360995918112&#038;title=World%20Wallball%20Championships%202024&#038;series=World%20Wallball%20Championships%202024&#038;genre=Sport\" rel=\"noopener\" target=\"_blank\">GAA Handball &#8211; Liathr\u00f3id L\u00e1imhe<\/a> show on TG4. The program attracted 88,500 viewers, averaging 18,400 viewers across the episode, further boosting the overall reach of handball content on TG4.<br \/>\n&nbsp;<br \/>\nSince the start of 2024, Sp\u00f3rt TG4\u2019s handball viewership has soared to nearly 450,000, encompassing both live streams (202,000) and television views (244,000). In addition to these impressive numbers, clips of the championship and other handball events have achieved between 100,000 to 200,000 views on social media. A social media highlight of the year includes a <a href=\"https:\/\/www.instagram.com\/reel\/C48VPRSo3AE\/\" rel=\"noopener\" target=\"_blank\">viral clip of Paul Brady<\/a> from March, which has amassed 72,000 views on Instagram.<br \/>\n&nbsp;<br \/>\n<em>\u201cThis year\u2019s World Wallball Championship has been a monumental success, and we are thrilled with the incredible viewership numbers,\u201d<\/em> said <strong>R\u00f3n\u00e1n \u00d3 Coisdealbha, TG4\u2019s Head of Sport<\/strong>. <em>\u201cThe interest in GAA Handball is growing rapidly, and our partnership with GAA Handball has been successful in bringing this sport to a wider audience. We eagerly anticipate the upcoming 40&#215;20 World Championships in October, where we expect to continue this upward trajectory.\u201d<\/em><br \/>\n&nbsp;<br \/>\nThis successful collaboration between TG4 and GAA Handball underscores TG4\u2019s commitment to delivering top-tier sports coverage and engaging content to audiences worldwide. As the popularity of handball continues to rise, TG4 remains at the forefront of sports broadcasting, bringing the thrill of GAA Handball to fans across the globe.<\/p>\n<p>&nbsp;<\/p>\n<p>&nbsp;<\/p>\n","protected":false},"excerpt":{"rendered":"<p>&nbsp; TG4 is delighted to announce unprecedented viewership numbers for the 2024 O&#8217;Neills.com World Wallball Championship, as GAA Handball continues to capture the imagination of a global audience. Over an 8-day period, a remarkable 265,000 viewers tuned in to TG4\u2019s coverage of the World Wallball Championships, solidifying the event as a must-watch spectacle for sports [&hellip;]<\/p>\n","protected":false},"author":876,"featured_media":0,"parent":208150,"menu_order":27,"comment_status":"closed","ping_status":"closed","template":"page-templates\/template-pr.php","meta":{"_acf_changed":false,"footnotes":""},"acf":[],"yoast_head":"<!-- This site is optimized with the Yoast SEO plugin v22.6 - https:\/\/yoast.com\/wordpress\/plugins\/seo\/ -->\n<title>GAA Handball Draws Record-Breaking 265,000 Viewers on TG4 for 2024 World Wallball Championships | Press Release | TG4<\/title>\n<meta name=\"description\" content=\"TG4 is delighted to announce unprecedented viewership numbers for the 2024 O&#039;Neills.com World Wallball Championship, as GAA Handball continues to capture the imagination of a global audience.\" \/>\n<meta name=\"robots\" content=\"index, follow, max-snippet:-1, max-image-preview:large, max-video-preview:-1\" \/>\n<meta property=\"og:locale\" content=\"en_US\" \/>\n<meta property=\"og:type\" content=\"article\" \/>\n<meta property=\"og:title\" content=\"GAA Handball Draws Record-Breaking 265,000 Viewers on TG4 for 2024 World Wallball Championships | Press Release | TG4\" \/>\n<meta property=\"og:description\" content=\"TG4 is delighted to announce unprecedented viewership numbers for the 2024 O&#039;Neills.com World Wallball Championship, as GAA Handball continues to capture the imagination of a global audience.\" \/>\n<meta property=\"og:url\" content=\"https:\/\/dev.tg4.ie\/en\/information\/press\/press-releases\/2024-2\/gaa-handball-draws-record-breaking-265000-viewers-on-tg4-for-2024-world-wallball-championships\/\" \/>\n<meta property=\"og:site_name\" content=\"TG4\" \/>\n<meta property=\"article:publisher\" content=\"https:\/\/www.facebook.com\/TG4TV\" \/>\n<meta property=\"og:image\" content=\"https:\/\/tg4-docs.s3.amazonaws.com\/wp-content\/uploads\/2024\/09\/12123937\/Wallball2024_1-1920x1080-1-700x394.jpg\" \/>\n<meta name=\"twitter:card\" content=\"summary_large_image\" \/>\n<meta name=\"twitter:image\" content=\"https:\/\/tg4-docs.s3.amazonaws.com\/wp-content\/uploads\/2024\/09\/12123937\/Wallball2024_1-1920x1080-1-700x394.jpg\" \/>\n<meta name=\"twitter:site\" content=\"@TG4TV\" \/>\n<meta name=\"twitter:label1\" content=\"Est. reading time\" \/>\n\t<meta name=\"twitter:data1\" content=\"2 minutes\" \/>\n<script type=\"application\/ld+json\" class=\"yoast-schema-graph\">{\"@context\":\"https:\/\/schema.org\",\"@graph\":[{\"@type\":\"WebPage\",\"@id\":\"https:\/\/dev.tg4.ie\/en\/information\/press\/press-releases\/2024-2\/gaa-handball-draws-record-breaking-265000-viewers-on-tg4-for-2024-world-wallball-championships\/\",\"url\":\"https:\/\/dev.tg4.ie\/en\/information\/press\/press-releases\/2024-2\/gaa-handball-draws-record-breaking-265000-viewers-on-tg4-for-2024-world-wallball-championships\/\",\"name\":\"GAA Handball Draws Record-Breaking 265,000 Viewers on TG4 for 2024 World Wallball Championships | Press Release | TG4\",\"isPartOf\":{\"@id\":\"https:\/\/dev.tg4.ie\/en\/#website\"},\"primaryImageOfPage\":{\"@id\":\"https:\/\/dev.tg4.ie\/en\/information\/press\/press-releases\/2024-2\/gaa-handball-draws-record-breaking-265000-viewers-on-tg4-for-2024-world-wallball-championships\/#primaryimage\"},\"image\":{\"@id\":\"https:\/\/dev.tg4.ie\/en\/information\/press\/press-releases\/2024-2\/gaa-handball-draws-record-breaking-265000-viewers-on-tg4-for-2024-world-wallball-championships\/#primaryimage\"},\"thumbnailUrl\":\"https:\/\/dev.tg4.ie\/wp-content\/uploads\/2024\/09\/Wallball2024_1-1920x1080-1.jpg\",\"datePublished\":\"2024-09-12T11:46:41+00:00\",\"dateModified\":\"2024-09-12T11:46:41+00:00\",\"description\":\"TG4 is delighted to announce unprecedented viewership numbers for the 2024 O'Neills.com World Wallball Championship, as GAA Handball continues to capture the imagination of a global audience.\",\"breadcrumb\":{\"@id\":\"https:\/\/dev.tg4.ie\/en\/information\/press\/press-releases\/2024-2\/gaa-handball-draws-record-breaking-265000-viewers-on-tg4-for-2024-world-wallball-championships\/#breadcrumb\"},\"inLanguage\":\"en-ie\",\"potentialAction\":[{\"@type\":\"ReadAction\",\"target\":[\"https:\/\/dev.tg4.ie\/en\/information\/press\/press-releases\/2024-2\/gaa-handball-draws-record-breaking-265000-viewers-on-tg4-for-2024-world-wallball-championships\/\"]}]},{\"@type\":\"ImageObject\",\"inLanguage\":\"en-ie\",\"@id\":\"https:\/\/dev.tg4.ie\/en\/information\/press\/press-releases\/2024-2\/gaa-handball-draws-record-breaking-265000-viewers-on-tg4-for-2024-world-wallball-championships\/#primaryimage\",\"url\":\"https:\/\/dev.tg4.ie\/wp-content\/uploads\/2024\/09\/Wallball2024_1-1920x1080-1.jpg\",\"contentUrl\":\"https:\/\/dev.tg4.ie\/wp-content\/uploads\/2024\/09\/Wallball2024_1-1920x1080-1.jpg\"},{\"@type\":\"BreadcrumbList\",\"@id\":\"https:\/\/dev.tg4.ie\/en\/information\/press\/press-releases\/2024-2\/gaa-handball-draws-record-breaking-265000-viewers-on-tg4-for-2024-world-wallball-championships\/#breadcrumb\",\"itemListElement\":[{\"@type\":\"ListItem\",\"position\":1,\"name\":\"Home\",\"item\":\"https:\/\/dev.tg4.ie\/en\/\"},{\"@type\":\"ListItem\",\"position\":2,\"name\":\"Information\",\"item\":\"https:\/\/dev.tg4.ie\/en\/information\/\"},{\"@type\":\"ListItem\",\"position\":3,\"name\":\"Press\",\"item\":\"https:\/\/dev.tg4.ie\/en\/information\/press\/\"},{\"@type\":\"ListItem\",\"position\":4,\"name\":\"Press Releases\",\"item\":\"https:\/\/dev.tg4.ie\/en\/information\/press\/press-releases\/\"},{\"@type\":\"ListItem\",\"position\":5,\"name\":\"2024\",\"item\":\"https:\/\/dev.tg4.ie\/en\/information\/press\/press-releases\/2024-2\/\"},{\"@type\":\"ListItem\",\"position\":6,\"name\":\"GAA Handball Draws Record-Breaking 265,000 Viewers on TG4 for 2024 World Wallball Championships\"}]},{\"@type\":\"WebSite\",\"@id\":\"https:\/\/dev.tg4.ie\/en\/#website\",\"url\":\"https:\/\/dev.tg4.ie\/en\/\",\"name\":\"TG4\",\"description\":\"S\u00fail Eile\",\"potentialAction\":[{\"@type\":\"SearchAction\",\"target\":{\"@type\":\"EntryPoint\",\"urlTemplate\":\"https:\/\/dev.tg4.ie\/en\/?s={search_term_string}\"},\"query-input\":\"required name=search_term_string\"}],\"inLanguage\":\"en-ie\"}]}<\/script>\n<!-- \/ Yoast SEO plugin. -->","yoast_head_json":{"title":"GAA Handball Draws Record-Breaking 265,000 Viewers on TG4 for 2024 World Wallball Championships | Press Release | TG4","description":"TG4 is delighted to announce unprecedented viewership numbers for the 2024 O'Neills.com World Wallball Championship, as GAA Handball continues to capture the imagination of a global audience.","robots":{"index":"index","follow":"follow","max-snippet":"max-snippet:-1","max-image-preview":"max-image-preview:large","max-video-preview":"max-video-preview:-1"},"og_locale":"en_US","og_type":"article","og_title":"GAA Handball Draws Record-Breaking 265,000 Viewers on TG4 for 2024 World Wallball Championships | Press Release | TG4","og_description":"TG4 is delighted to announce unprecedented viewership numbers for the 2024 O'Neills.com World Wallball Championship, as GAA Handball continues to capture the imagination of a global audience.","og_url":"https:\/\/dev.tg4.ie\/en\/information\/press\/press-releases\/2024-2\/gaa-handball-draws-record-breaking-265000-viewers-on-tg4-for-2024-world-wallball-championships\/","og_site_name":"TG4","article_publisher":"https:\/\/www.facebook.com\/TG4TV","og_image":[{"url":"https:\/\/tg4-docs.s3.amazonaws.com\/wp-content\/uploads\/2024\/09\/12123937\/Wallball2024_1-1920x1080-1-700x394.jpg"}],"twitter_card":"summary_large_image","twitter_image":"https:\/\/tg4-docs.s3.amazonaws.com\/wp-content\/uploads\/2024\/09\/12123937\/Wallball2024_1-1920x1080-1-700x394.jpg","twitter_site":"@TG4TV","twitter_misc":{"Est. reading time":"2 minutes"},"schema":{"@context":"https:\/\/schema.org","@graph":[{"@type":"WebPage","@id":"https:\/\/dev.tg4.ie\/en\/information\/press\/press-releases\/2024-2\/gaa-handball-draws-record-breaking-265000-viewers-on-tg4-for-2024-world-wallball-championships\/","url":"https:\/\/dev.tg4.ie\/en\/information\/press\/press-releases\/2024-2\/gaa-handball-draws-record-breaking-265000-viewers-on-tg4-for-2024-world-wallball-championships\/","name":"GAA Handball Draws Record-Breaking 265,000 Viewers on TG4 for 2024 World Wallball Championships | Press Release | TG4","isPartOf":{"@id":"https:\/\/dev.tg4.ie\/en\/#website"},"primaryImageOfPage":{"@id":"https:\/\/dev.tg4.ie\/en\/information\/press\/press-releases\/2024-2\/gaa-handball-draws-record-breaking-265000-viewers-on-tg4-for-2024-world-wallball-championships\/#primaryimage"},"image":{"@id":"https:\/\/dev.tg4.ie\/en\/information\/press\/press-releases\/2024-2\/gaa-handball-draws-record-breaking-265000-viewers-on-tg4-for-2024-world-wallball-championships\/#primaryimage"},"thumbnailUrl":"https:\/\/dev.tg4.ie\/wp-content\/uploads\/2024\/09\/Wallball2024_1-1920x1080-1.jpg","datePublished":"2024-09-12T11:46:41+00:00","dateModified":"2024-09-12T11:46:41+00:00","description":"TG4 is delighted to announce unprecedented viewership numbers for the 2024 O'Neills.com World Wallball Championship, as GAA Handball continues to capture the imagination of a global audience.","breadcrumb":{"@id":"https:\/\/dev.tg4.ie\/en\/information\/press\/press-releases\/2024-2\/gaa-handball-draws-record-breaking-265000-viewers-on-tg4-for-2024-world-wallball-championships\/#breadcrumb"},"inLanguage":"en-ie","potentialAction":[{"@type":"ReadAction","target":["https:\/\/dev.tg4.ie\/en\/information\/press\/press-releases\/2024-2\/gaa-handball-draws-record-breaking-265000-viewers-on-tg4-for-2024-world-wallball-championships\/"]}]},{"@type":"ImageObject","inLanguage":"en-ie","@id":"https:\/\/dev.tg4.ie\/en\/information\/press\/press-releases\/2024-2\/gaa-handball-draws-record-breaking-265000-viewers-on-tg4-for-2024-world-wallball-championships\/#primaryimage","url":"https:\/\/dev.tg4.ie\/wp-content\/uploads\/2024\/09\/Wallball2024_1-1920x1080-1.jpg","contentUrl":"https:\/\/dev.tg4.ie\/wp-content\/uploads\/2024\/09\/Wallball2024_1-1920x1080-1.jpg"},{"@type":"BreadcrumbList","@id":"https:\/\/dev.tg4.ie\/en\/information\/press\/press-releases\/2024-2\/gaa-handball-draws-record-breaking-265000-viewers-on-tg4-for-2024-world-wallball-championships\/#breadcrumb","itemListElement":[{"@type":"ListItem","position":1,"name":"Home","item":"https:\/\/dev.tg4.ie\/en\/"},{"@type":"ListItem","position":2,"name":"Information","item":"https:\/\/dev.tg4.ie\/en\/information\/"},{"@type":"ListItem","position":3,"name":"Press","item":"https:\/\/dev.tg4.ie\/en\/information\/press\/"},{"@type":"ListItem","position":4,"name":"Press Releases","item":"https:\/\/dev.tg4.ie\/en\/information\/press\/press-releases\/"},{"@type":"ListItem","position":5,"name":"2024","item":"https:\/\/dev.tg4.ie\/en\/information\/press\/press-releases\/2024-2\/"},{"@type":"ListItem","position":6,"name":"GAA Handball Draws Record-Breaking 265,000 Viewers on TG4 for 2024 World Wallball Championships"}]},{"@type":"WebSite","@id":"https:\/\/dev.tg4.ie\/en\/#website","url":"https:\/\/dev.tg4.ie\/en\/","name":"TG4","description":"S\u00fail Eile","potentialAction":[{"@type":"SearchAction","target":{"@type":"EntryPoint","urlTemplate":"https:\/\/dev.tg4.ie\/en\/?s={search_term_string}"},"query-input":"required name=search_term_string"}],"inLanguage":"en-ie"}]}},"_links":{"self":[{"href":"https:\/\/dev.tg4.ie\/en\/wp-json\/wp\/v2\/pages\/232440"}],"collection":[{"href":"https:\/\/dev.tg4.ie\/en\/wp-json\/wp\/v2\/pages"}],"about":[{"href":"https:\/\/dev.tg4.ie\/en\/wp-json\/wp\/v2\/types\/page"}],"author":[{"embeddable":true,"href":"https:\/\/dev.tg4.ie\/en\/wp-json\/wp\/v2\/users\/876"}],"replies":[{"embeddable":true,"href":"https:\/\/dev.tg4.ie\/en\/wp-json\/wp\/v2\/comments?post=232440"}],"version-history":[{"count":0,"href":"https:\/\/dev.tg4.ie\/en\/wp-json\/wp\/v2\/pages\/232440\/revisions"}],"up":[{"embeddable":true,"href":"https:\/\/dev.tg4.ie\/en\/wp-json\/wp\/v2\/pages\/208150"}],"wp:attachment":[{"href":"https:\/\/dev.tg4.ie\/en\/wp-json\/wp\/v2\/media?parent=232440"}],"curies":[{"name":"wp","href":"https:\/\/api.w.org\/{rel}","templated":true}]}}