{"id":232755,"date":"2024-09-24T16:14:45","date_gmt":"2024-09-24T15:14:45","guid":{"rendered":"https:\/\/dev.tg4.ie\/?page_id=232755"},"modified":"2024-09-24T16:14:45","modified_gmt":"2024-09-24T15:14:45","slug":"from-viral-videos-to-worldwide-streaming-tg4-celebrates-outstanding-fleadh-cheoil-coverage","status":"publish","type":"page","link":"https:\/\/dev.tg4.ie\/en\/information\/press\/press-releases\/2024-2\/from-viral-videos-to-worldwide-streaming-tg4-celebrates-outstanding-fleadh-cheoil-coverage\/","title":{"rendered":"From viral videos to worldwide streaming, TG4 celebrates outstanding Fleadh Cheoil coverage"},"content":{"rendered":"<table>\n<tbody>\n<tr>\n<td width=\"50%\">\n  <img loading=\"lazy\" decoding=\"async\" width=\"1920\" height=\"1080\" src=\"https:\/\/tg4-docs.s3.amazonaws.com\/wp-content\/uploads\/2024\/09\/24155113\/Fleadh24_Michael_Flatley-1-1920x1080-1.jpg\" alt=\"\" class=\"alignnone size-full wp-image-232749\" srcset=\"https:\/\/tg4-docs.s3.amazonaws.com\/wp-content\/uploads\/2024\/09\/24155113\/Fleadh24_Michael_Flatley-1-1920x1080-1.jpg 1920w, https:\/\/tg4-docs.s3.amazonaws.com\/wp-content\/uploads\/2024\/09\/24155113\/Fleadh24_Michael_Flatley-1-1920x1080-1-250x141.jpg 250w, https:\/\/tg4-docs.s3.amazonaws.com\/wp-content\/uploads\/2024\/09\/24155113\/Fleadh24_Michael_Flatley-1-1920x1080-1-700x394.jpg 700w, https:\/\/tg4-docs.s3.amazonaws.com\/wp-content\/uploads\/2024\/09\/24155113\/Fleadh24_Michael_Flatley-1-1920x1080-1-252x141.jpg 252w, https:\/\/tg4-docs.s3.amazonaws.com\/wp-content\/uploads\/2024\/09\/24155113\/Fleadh24_Michael_Flatley-1-1920x1080-1-1536x864.jpg 1536w, https:\/\/tg4-docs.s3.amazonaws.com\/wp-content\/uploads\/2024\/09\/24155113\/Fleadh24_Michael_Flatley-1-1920x1080-1-120x68.jpg 120w\" sizes=\"(max-width: 1920px) 100vw, 1920px\" \/>\n<\/td>\n<td width=\"50%\">\n  <img loading=\"lazy\" decoding=\"async\" width=\"1920\" height=\"1080\" src=\"https:\/\/tg4-docs.s3.amazonaws.com\/wp-content\/uploads\/2024\/09\/24155512\/Fleadh24_Na_Laithreoiri_1-1920x1080-1.jpg\" alt=\"\" class=\"alignnone size-full wp-image-232750\" srcset=\"https:\/\/tg4-docs.s3.amazonaws.com\/wp-content\/uploads\/2024\/09\/24155512\/Fleadh24_Na_Laithreoiri_1-1920x1080-1.jpg 1920w, https:\/\/tg4-docs.s3.amazonaws.com\/wp-content\/uploads\/2024\/09\/24155512\/Fleadh24_Na_Laithreoiri_1-1920x1080-1-250x141.jpg 250w, https:\/\/tg4-docs.s3.amazonaws.com\/wp-content\/uploads\/2024\/09\/24155512\/Fleadh24_Na_Laithreoiri_1-1920x1080-1-700x394.jpg 700w, https:\/\/tg4-docs.s3.amazonaws.com\/wp-content\/uploads\/2024\/09\/24155512\/Fleadh24_Na_Laithreoiri_1-1920x1080-1-252x141.jpg 252w, https:\/\/tg4-docs.s3.amazonaws.com\/wp-content\/uploads\/2024\/09\/24155512\/Fleadh24_Na_Laithreoiri_1-1920x1080-1-1536x864.jpg 1536w, https:\/\/tg4-docs.s3.amazonaws.com\/wp-content\/uploads\/2024\/09\/24155512\/Fleadh24_Na_Laithreoiri_1-1920x1080-1-120x68.jpg 120w\" sizes=\"(max-width: 1920px) 100vw, 1920px\" \/>\n<\/td>\n<\/tr>\n<\/tbody>\n<\/table>\n<p>&nbsp;<br \/>\n<a href=\"https:\/\/www.instagram.com\/reel\/C-i_Z49s3WW\/?utm_source=ig_web_copy_link&#038;igsh=MzRlODBiNWFlZA%3D%3D\" rel=\"noopener\" target=\"_blank\">Beartla \u00d3 Flatharta C\u00e9il\u00ed Band on Instagram<\/a><\/p>\n<p><a href=\"https:\/\/www.tiktok.com\/@tg4tv\/video\/7402005010143317281?_r=1&#038;_t=8pqcsfDurvE\" rel=\"noopener\" target=\"_blank\">Leo Earley on TikTok<\/a> <\/p>\n<p><a href=\"https:\/\/www.instagram.com\/reel\/C-sgUbTsq1M\/?utm_source=ig_web_copy_link&#038;igsh=MzRlODBiNWFlZA%3D%3D\" rel=\"noopener\" target=\"_blank\">Dan McCabe on Instagram<\/a><br \/>\n&nbsp;<\/p>\n<p>TG4 is excited to report outstanding viewership figures across linear and online platforms for its coverage of Fleadh Cheoil na h\u00c9ireann and the Provincial Fleadh Cheoil in July and August 2024. These numbers reflect the growing popularity and widespread reach of live broadcasts, competition streams, and continuous social media content from the Fleadh Cheoil. Coverage began in July with highlights from all four provincial Fleadhs, leading up to live broadcasts from Wexford over four consecutive nights, accessible globally via TG4 Player, social media platforms, and TG4&#8217;s traditional music YouTube channel.  <\/p>\n<p><strong>Dr. Labhr\u00e1s \u00d3 Murch\u00fa, Ardsti\u00farth\u00f3ir Comhaltas Ceolt\u00f3ir\u00ed \u00c9ireann<\/strong> stated: <em>&#8220;As the foremost organisation for the promotion of Ireland\u2019s cultural traditions, Comhaltas\u2019 unique partnership with TG4 for Fleadh Cheoil na h\u00c9ireann is vital to achieving our goal of ensuring accessibility of our cultural traditions for all, and to keeping them as a highly visible and vibrant part of our society. The exciting and engaging programmes produced for Fleadh 24 have drawn audiences from across our island and beyond which is testament to the quality of these programmes and the appeal of our Irish cultural traditions.&#8221;<\/em><br \/>\n&nbsp;<\/p>\n<p><strong>Highlights from TG4\u2019s Fleadh Cheoil 2024 programming includes:<\/strong> <\/p>\n<p><u>Linear Viewership:<\/u><\/p>\n<p><strong>Fleadh24<\/strong> reached over half a million viewers on linear\/ TV with Thursday night marking the highest viewed Fleadh program ever since the series began on TG4 in 2014. Thursday night featured performances from Michael Flatley, creator of Lord of the Dance,  and accomplished flautist and legends Sharon Shannon, Gerry O&#8217; Connor and Jim Murray.<br \/>\n&nbsp;<\/p>\n<table>\n<tbody>\n<tr>\n<td width=\"25%\">\n<\/td>\n<td width=\"50%\">\n  <img loading=\"lazy\" decoding=\"async\" width=\"1920\" height=\"1080\" src=\"https:\/\/tg4-docs.s3.amazonaws.com\/wp-content\/uploads\/2024\/09\/24155732\/Fleadh24_Michael_Flatley_Aoife_1-1920x1080-1.jpg\" alt=\"\" class=\"alignnone size-full wp-image-232752\" srcset=\"https:\/\/tg4-docs.s3.amazonaws.com\/wp-content\/uploads\/2024\/09\/24155732\/Fleadh24_Michael_Flatley_Aoife_1-1920x1080-1.jpg 1920w, https:\/\/tg4-docs.s3.amazonaws.com\/wp-content\/uploads\/2024\/09\/24155732\/Fleadh24_Michael_Flatley_Aoife_1-1920x1080-1-250x141.jpg 250w, https:\/\/tg4-docs.s3.amazonaws.com\/wp-content\/uploads\/2024\/09\/24155732\/Fleadh24_Michael_Flatley_Aoife_1-1920x1080-1-700x394.jpg 700w, https:\/\/tg4-docs.s3.amazonaws.com\/wp-content\/uploads\/2024\/09\/24155732\/Fleadh24_Michael_Flatley_Aoife_1-1920x1080-1-252x141.jpg 252w, https:\/\/tg4-docs.s3.amazonaws.com\/wp-content\/uploads\/2024\/09\/24155732\/Fleadh24_Michael_Flatley_Aoife_1-1920x1080-1-1536x864.jpg 1536w, https:\/\/tg4-docs.s3.amazonaws.com\/wp-content\/uploads\/2024\/09\/24155732\/Fleadh24_Michael_Flatley_Aoife_1-1920x1080-1-120x68.jpg 120w\" sizes=\"(max-width: 1920px) 100vw, 1920px\" \/>\n<\/td>\n<td width=\"25%\">\n<\/td>\n<\/tr>\n<\/tbody>\n<\/table>\n<p>&nbsp;<\/p>\n<p><u>Global Reach on Social platforms:<\/u>  <\/p>\n<p>The Fleadh Cheoil content also saw remarkable engagement on social media, achieving 6.5 million views across all platforms, a significant increase from 3.7 million in 2023. The hashtag #Fleadh24 generated 28.5 million impressions, further amplifying TG4\u2019s production of Fleadh Cheoil\u2019s reach and cultural impact.   <\/p>\n<p>Helen Gannon, from St. Louis Irish Arts in the United States, shared that their branch is the largest Comhaltas branch in North America, dedicated to teaching Irish music, song, and dance. <em>\u201cWhile we sent students and parents to Wexford to compete, it was a joy for those of us unable to travel to experience the event through TG4\u2019s live streaming of our 44 Comhaltas branches in North America. Bu\u00edochas le TG4 for making this possible.&#8221;<\/em><br \/>\n&nbsp;<\/p>\n<p><u>Viral Sensation:<\/u> <\/p>\n<p>A standout moment from the Fleadh Cheoil coverage is a a viral video featuring Eoin Creevy  performing a mouth tune \/ lilting, which has garnered an impressive 1.8 million views on TG4\u2019s TikTok channel. This clip showcases how TG4\u2019s continued commitment to discover new talent and showcase performers from all regions of Ireland and across the globe who have not previously been seen on media outlets.     <\/p>\n<p><a href=\"https:\/\/www.tiktok.com\/@tg4tv\/video\/7404808815151025440?is_from_webapp=1&#038;web_id=7155488750185121285\" rel=\"noopener\" target=\"_blank\">Eoin Creevy on TikTok<\/a><br \/>\n&nbsp;<\/p>\n<p><strong>Digital Engagement:<\/strong> Viewers from around the world tuned into the TG4 Player, including those from the UK, United States, France, Canada, Australia, Germany, Spain, the Netherlands, Italy, and Japan, among others. Fleadh content was particularly popular in the UK, with over 4,000 VOD views, and in the U.S., with more than 2,000 VOD views since early August.  <\/p>\n<p><strong>Majella Bartley \u2013 Ardchl\u00e1raitheoir Comhaltas Ceolt\u00f3ir\u00ed \u00c9ireann<\/strong> stated that <em>&#8220;the introduction of streaming for some of our competitions at the Comhaltas Fleadh Cheoil na h\u00c9ireann has enabled people across our global network and throughout the Irish diaspora to be connected to the excitement of Fleadh Cheoil na h\u00c9ireann. The streaming service is also an opportunity for family and friends who cannot travel to the Fleadh to be part of the musical journey of our competitors.&#8221;<\/em><br \/>\n&nbsp;<\/p>\n<p>The Fleadh Cheoil competitions were live streamed on TG4 Player, YouTube and Facebook services and shared with Comhaltas Ceolt\u00f3ir\u00ed \u00c9ireann \/ Fleadh Cheoil\u2019s Facebook, Trad TG4\u2019s YouTube, and the TG4 Player.   <a href=\"https:\/\/dev.tg4.ie\" rel=\"noopener\" target=\"_blank\">TG4 Player<\/a><br \/>\n&nbsp;<\/p>\n<p><strong>Proinsias N\u00ed Ghr\u00e1inne, TG4\u2019s Commissioning Editor for Fleadh24<\/strong>, shared her excitement about the response to this year&#8217;s coverage, stating, <em>&#8220;we are not surprised that this mix of top class artists and new talent, not previously seen on TV has resonated so extraordinarily well with audiences across the globe.   Our ambition year on year is to increase on the access of Fleadh Cheoil content across all platforms so that audiences who cannot travel to the mecca of traditional Irish music can view their families, their musical heroes and the sheer entertainment of Fleadh Cheoil on TG4.  We are grateful to Comhaltas Ceolt\u00f3ir\u00ed \u00c9ireann, to The Wexford Fleadh Committee and especially to the talented production teams at Power Pictures, Omedia, Telegael and LORG Media that brought the Fleadh to various platforms over four nights.&#8221;<\/em><br \/>\n&nbsp;<\/p>\n<p><strong>Fleadh24<\/strong> shows TG4\u2019s commitment to celebrating and promoting Irish culture, both locally and internationally. The success of the Fleadh coverage is a testament to the broadcaster\u2019s innovative approach to delivering captivating content that resonates with audiences of all ages.<br \/>\n&nbsp;<\/p>\n<p>&nbsp;<\/p>\n<p>&nbsp;<\/p>\n","protected":false},"excerpt":{"rendered":"<p>&nbsp; Beartla \u00d3 Flatharta C\u00e9il\u00ed Band on Instagram Leo Earley on TikTok Dan McCabe on Instagram &nbsp; TG4 is excited to report outstanding viewership figures across linear and online platforms for its coverage of Fleadh Cheoil na h\u00c9ireann and the Provincial Fleadh Cheoil in July and August 2024. These numbers reflect the growing popularity and [&hellip;]<\/p>\n","protected":false},"author":876,"featured_media":0,"parent":208150,"menu_order":29,"comment_status":"closed","ping_status":"closed","template":"page-templates\/template-pr.php","meta":{"_acf_changed":false,"footnotes":""},"acf":[],"yoast_head":"<!-- This site is optimized with the Yoast SEO plugin v22.6 - https:\/\/yoast.com\/wordpress\/plugins\/seo\/ -->\n<title>From viral videos to worldwide streaming, TG4 celebrates outstanding Fleadh Cheoil coverage | Press Release | TG4<\/title>\n<meta name=\"description\" content=\"TG4 is excited to report outstanding viewership figures across linear and online platforms for its coverage of Fleadh Cheoil na h\u00c9ireann and the Provincial Fleadh Cheoil in July and August 2024.\" \/>\n<meta name=\"robots\" content=\"index, follow, max-snippet:-1, max-image-preview:large, max-video-preview:-1\" \/>\n<meta property=\"og:locale\" content=\"en_US\" \/>\n<meta property=\"og:type\" content=\"article\" \/>\n<meta property=\"og:title\" content=\"From viral videos to worldwide streaming, TG4 celebrates outstanding Fleadh Cheoil coverage | Press Release | TG4\" \/>\n<meta property=\"og:description\" content=\"TG4 is excited to report outstanding viewership figures across linear and online platforms for its coverage of Fleadh Cheoil na h\u00c9ireann and the Provincial Fleadh Cheoil in July and August 2024.\" \/>\n<meta property=\"og:url\" content=\"https:\/\/dev.tg4.ie\/en\/information\/press\/press-releases\/2024-2\/from-viral-videos-to-worldwide-streaming-tg4-celebrates-outstanding-fleadh-cheoil-coverage\/\" \/>\n<meta property=\"og:site_name\" content=\"TG4\" \/>\n<meta property=\"article:publisher\" content=\"https:\/\/www.facebook.com\/TG4TV\" \/>\n<meta property=\"og:image\" content=\"https:\/\/tg4-docs.s3.amazonaws.com\/wp-content\/uploads\/2024\/09\/24155732\/Fleadh24_Michael_Flatley_Aoife_1-1920x1080-1-700x394.jpg\" \/>\n<meta name=\"twitter:card\" content=\"summary_large_image\" \/>\n<meta name=\"twitter:image\" content=\"https:\/\/tg4-docs.s3.amazonaws.com\/wp-content\/uploads\/2024\/09\/24155732\/Fleadh24_Michael_Flatley_Aoife_1-1920x1080-1-700x394.jpg\" \/>\n<meta name=\"twitter:site\" content=\"@TG4TV\" \/>\n<meta name=\"twitter:label1\" content=\"Est. reading time\" \/>\n\t<meta name=\"twitter:data1\" content=\"5 minutes\" \/>\n<script type=\"application\/ld+json\" class=\"yoast-schema-graph\">{\"@context\":\"https:\/\/schema.org\",\"@graph\":[{\"@type\":\"WebPage\",\"@id\":\"https:\/\/dev.tg4.ie\/en\/information\/press\/press-releases\/2024-2\/from-viral-videos-to-worldwide-streaming-tg4-celebrates-outstanding-fleadh-cheoil-coverage\/\",\"url\":\"https:\/\/dev.tg4.ie\/en\/information\/press\/press-releases\/2024-2\/from-viral-videos-to-worldwide-streaming-tg4-celebrates-outstanding-fleadh-cheoil-coverage\/\",\"name\":\"From viral videos to worldwide streaming, TG4 celebrates outstanding Fleadh Cheoil coverage | Press Release | TG4\",\"isPartOf\":{\"@id\":\"https:\/\/dev.tg4.ie\/en\/#website\"},\"primaryImageOfPage\":{\"@id\":\"https:\/\/dev.tg4.ie\/en\/information\/press\/press-releases\/2024-2\/from-viral-videos-to-worldwide-streaming-tg4-celebrates-outstanding-fleadh-cheoil-coverage\/#primaryimage\"},\"image\":{\"@id\":\"https:\/\/dev.tg4.ie\/en\/information\/press\/press-releases\/2024-2\/from-viral-videos-to-worldwide-streaming-tg4-celebrates-outstanding-fleadh-cheoil-coverage\/#primaryimage\"},\"thumbnailUrl\":\"https:\/\/dev.tg4.ie\/wp-content\/uploads\/2024\/09\/Fleadh24_Michael_Flatley-1-1920x1080-1.jpg\",\"datePublished\":\"2024-09-24T15:14:45+00:00\",\"dateModified\":\"2024-09-24T15:14:45+00:00\",\"description\":\"TG4 is excited to report outstanding viewership figures across linear and online platforms for its coverage of Fleadh Cheoil na h\u00c9ireann and the Provincial Fleadh Cheoil in July and August 2024.\",\"breadcrumb\":{\"@id\":\"https:\/\/dev.tg4.ie\/en\/information\/press\/press-releases\/2024-2\/from-viral-videos-to-worldwide-streaming-tg4-celebrates-outstanding-fleadh-cheoil-coverage\/#breadcrumb\"},\"inLanguage\":\"en-ie\",\"potentialAction\":[{\"@type\":\"ReadAction\",\"target\":[\"https:\/\/dev.tg4.ie\/en\/information\/press\/press-releases\/2024-2\/from-viral-videos-to-worldwide-streaming-tg4-celebrates-outstanding-fleadh-cheoil-coverage\/\"]}]},{\"@type\":\"ImageObject\",\"inLanguage\":\"en-ie\",\"@id\":\"https:\/\/dev.tg4.ie\/en\/information\/press\/press-releases\/2024-2\/from-viral-videos-to-worldwide-streaming-tg4-celebrates-outstanding-fleadh-cheoil-coverage\/#primaryimage\",\"url\":\"https:\/\/dev.tg4.ie\/wp-content\/uploads\/2024\/09\/Fleadh24_Michael_Flatley-1-1920x1080-1.jpg\",\"contentUrl\":\"https:\/\/dev.tg4.ie\/wp-content\/uploads\/2024\/09\/Fleadh24_Michael_Flatley-1-1920x1080-1.jpg\"},{\"@type\":\"BreadcrumbList\",\"@id\":\"https:\/\/dev.tg4.ie\/en\/information\/press\/press-releases\/2024-2\/from-viral-videos-to-worldwide-streaming-tg4-celebrates-outstanding-fleadh-cheoil-coverage\/#breadcrumb\",\"itemListElement\":[{\"@type\":\"ListItem\",\"position\":1,\"name\":\"Home\",\"item\":\"https:\/\/dev.tg4.ie\/en\/\"},{\"@type\":\"ListItem\",\"position\":2,\"name\":\"Information\",\"item\":\"https:\/\/dev.tg4.ie\/en\/information\/\"},{\"@type\":\"ListItem\",\"position\":3,\"name\":\"Press\",\"item\":\"https:\/\/dev.tg4.ie\/en\/information\/press\/\"},{\"@type\":\"ListItem\",\"position\":4,\"name\":\"Press Releases\",\"item\":\"https:\/\/dev.tg4.ie\/en\/information\/press\/press-releases\/\"},{\"@type\":\"ListItem\",\"position\":5,\"name\":\"2024\",\"item\":\"https:\/\/dev.tg4.ie\/en\/information\/press\/press-releases\/2024-2\/\"},{\"@type\":\"ListItem\",\"position\":6,\"name\":\"From viral videos to worldwide streaming, TG4 celebrates outstanding Fleadh Cheoil coverage\"}]},{\"@type\":\"WebSite\",\"@id\":\"https:\/\/dev.tg4.ie\/en\/#website\",\"url\":\"https:\/\/dev.tg4.ie\/en\/\",\"name\":\"TG4\",\"description\":\"S\u00fail Eile\",\"potentialAction\":[{\"@type\":\"SearchAction\",\"target\":{\"@type\":\"EntryPoint\",\"urlTemplate\":\"https:\/\/dev.tg4.ie\/en\/?s={search_term_string}\"},\"query-input\":\"required name=search_term_string\"}],\"inLanguage\":\"en-ie\"}]}<\/script>\n<!-- \/ Yoast SEO plugin. -->","yoast_head_json":{"title":"From viral videos to worldwide streaming, TG4 celebrates outstanding Fleadh Cheoil coverage | Press Release | TG4","description":"TG4 is excited to report outstanding viewership figures across linear and online platforms for its coverage of Fleadh Cheoil na h\u00c9ireann and the Provincial Fleadh Cheoil in July and August 2024.","robots":{"index":"index","follow":"follow","max-snippet":"max-snippet:-1","max-image-preview":"max-image-preview:large","max-video-preview":"max-video-preview:-1"},"og_locale":"en_US","og_type":"article","og_title":"From viral videos to worldwide streaming, TG4 celebrates outstanding Fleadh Cheoil coverage | Press Release | TG4","og_description":"TG4 is excited to report outstanding viewership figures across linear and online platforms for its coverage of Fleadh Cheoil na h\u00c9ireann and the Provincial Fleadh Cheoil in July and August 2024.","og_url":"https:\/\/dev.tg4.ie\/en\/information\/press\/press-releases\/2024-2\/from-viral-videos-to-worldwide-streaming-tg4-celebrates-outstanding-fleadh-cheoil-coverage\/","og_site_name":"TG4","article_publisher":"https:\/\/www.facebook.com\/TG4TV","og_image":[{"url":"https:\/\/tg4-docs.s3.amazonaws.com\/wp-content\/uploads\/2024\/09\/24155732\/Fleadh24_Michael_Flatley_Aoife_1-1920x1080-1-700x394.jpg"}],"twitter_card":"summary_large_image","twitter_image":"https:\/\/tg4-docs.s3.amazonaws.com\/wp-content\/uploads\/2024\/09\/24155732\/Fleadh24_Michael_Flatley_Aoife_1-1920x1080-1-700x394.jpg","twitter_site":"@TG4TV","twitter_misc":{"Est. reading time":"5 minutes"},"schema":{"@context":"https:\/\/schema.org","@graph":[{"@type":"WebPage","@id":"https:\/\/dev.tg4.ie\/en\/information\/press\/press-releases\/2024-2\/from-viral-videos-to-worldwide-streaming-tg4-celebrates-outstanding-fleadh-cheoil-coverage\/","url":"https:\/\/dev.tg4.ie\/en\/information\/press\/press-releases\/2024-2\/from-viral-videos-to-worldwide-streaming-tg4-celebrates-outstanding-fleadh-cheoil-coverage\/","name":"From viral videos to worldwide streaming, TG4 celebrates outstanding Fleadh Cheoil coverage | Press Release | TG4","isPartOf":{"@id":"https:\/\/dev.tg4.ie\/en\/#website"},"primaryImageOfPage":{"@id":"https:\/\/dev.tg4.ie\/en\/information\/press\/press-releases\/2024-2\/from-viral-videos-to-worldwide-streaming-tg4-celebrates-outstanding-fleadh-cheoil-coverage\/#primaryimage"},"image":{"@id":"https:\/\/dev.tg4.ie\/en\/information\/press\/press-releases\/2024-2\/from-viral-videos-to-worldwide-streaming-tg4-celebrates-outstanding-fleadh-cheoil-coverage\/#primaryimage"},"thumbnailUrl":"https:\/\/dev.tg4.ie\/wp-content\/uploads\/2024\/09\/Fleadh24_Michael_Flatley-1-1920x1080-1.jpg","datePublished":"2024-09-24T15:14:45+00:00","dateModified":"2024-09-24T15:14:45+00:00","description":"TG4 is excited to report outstanding viewership figures across linear and online platforms for its coverage of Fleadh Cheoil na h\u00c9ireann and the Provincial Fleadh Cheoil in July and August 2024.","breadcrumb":{"@id":"https:\/\/dev.tg4.ie\/en\/information\/press\/press-releases\/2024-2\/from-viral-videos-to-worldwide-streaming-tg4-celebrates-outstanding-fleadh-cheoil-coverage\/#breadcrumb"},"inLanguage":"en-ie","potentialAction":[{"@type":"ReadAction","target":["https:\/\/dev.tg4.ie\/en\/information\/press\/press-releases\/2024-2\/from-viral-videos-to-worldwide-streaming-tg4-celebrates-outstanding-fleadh-cheoil-coverage\/"]}]},{"@type":"ImageObject","inLanguage":"en-ie","@id":"https:\/\/dev.tg4.ie\/en\/information\/press\/press-releases\/2024-2\/from-viral-videos-to-worldwide-streaming-tg4-celebrates-outstanding-fleadh-cheoil-coverage\/#primaryimage","url":"https:\/\/dev.tg4.ie\/wp-content\/uploads\/2024\/09\/Fleadh24_Michael_Flatley-1-1920x1080-1.jpg","contentUrl":"https:\/\/dev.tg4.ie\/wp-content\/uploads\/2024\/09\/Fleadh24_Michael_Flatley-1-1920x1080-1.jpg"},{"@type":"BreadcrumbList","@id":"https:\/\/dev.tg4.ie\/en\/information\/press\/press-releases\/2024-2\/from-viral-videos-to-worldwide-streaming-tg4-celebrates-outstanding-fleadh-cheoil-coverage\/#breadcrumb","itemListElement":[{"@type":"ListItem","position":1,"name":"Home","item":"https:\/\/dev.tg4.ie\/en\/"},{"@type":"ListItem","position":2,"name":"Information","item":"https:\/\/dev.tg4.ie\/en\/information\/"},{"@type":"ListItem","position":3,"name":"Press","item":"https:\/\/dev.tg4.ie\/en\/information\/press\/"},{"@type":"ListItem","position":4,"name":"Press Releases","item":"https:\/\/dev.tg4.ie\/en\/information\/press\/press-releases\/"},{"@type":"ListItem","position":5,"name":"2024","item":"https:\/\/dev.tg4.ie\/en\/information\/press\/press-releases\/2024-2\/"},{"@type":"ListItem","position":6,"name":"From viral videos to worldwide streaming, TG4 celebrates outstanding Fleadh Cheoil coverage"}]},{"@type":"WebSite","@id":"https:\/\/dev.tg4.ie\/en\/#website","url":"https:\/\/dev.tg4.ie\/en\/","name":"TG4","description":"S\u00fail Eile","potentialAction":[{"@type":"SearchAction","target":{"@type":"EntryPoint","urlTemplate":"https:\/\/dev.tg4.ie\/en\/?s={search_term_string}"},"query-input":"required name=search_term_string"}],"inLanguage":"en-ie"}]}},"_links":{"self":[{"href":"https:\/\/dev.tg4.ie\/en\/wp-json\/wp\/v2\/pages\/232755"}],"collection":[{"href":"https:\/\/dev.tg4.ie\/en\/wp-json\/wp\/v2\/pages"}],"about":[{"href":"https:\/\/dev.tg4.ie\/en\/wp-json\/wp\/v2\/types\/page"}],"author":[{"embeddable":true,"href":"https:\/\/dev.tg4.ie\/en\/wp-json\/wp\/v2\/users\/876"}],"replies":[{"embeddable":true,"href":"https:\/\/dev.tg4.ie\/en\/wp-json\/wp\/v2\/comments?post=232755"}],"version-history":[{"count":0,"href":"https:\/\/dev.tg4.ie\/en\/wp-json\/wp\/v2\/pages\/232755\/revisions"}],"up":[{"embeddable":true,"href":"https:\/\/dev.tg4.ie\/en\/wp-json\/wp\/v2\/pages\/208150"}],"wp:attachment":[{"href":"https:\/\/dev.tg4.ie\/en\/wp-json\/wp\/v2\/media?parent=232755"}],"curies":[{"name":"wp","href":"https:\/\/api.w.org\/{rel}","templated":true}]}}