{"id":233094,"date":"2024-10-01T16:23:14","date_gmt":"2024-10-01T15:23:14","guid":{"rendered":"https:\/\/dev.tg4.ie\/?page_id=233094"},"modified":"2024-10-01T16:23:14","modified_gmt":"2024-10-01T15:23:14","slug":"production-companies-nationwide-leading-the-way-in-tg4-udaras-na-gaeltachtas-irish-language-media-training-programme","status":"publish","type":"page","link":"https:\/\/dev.tg4.ie\/en\/information\/press\/press-releases\/2024-2\/production-companies-nationwide-leading-the-way-in-tg4-udaras-na-gaeltachtas-irish-language-media-training-programme\/","title":{"rendered":"Production Companies Nationwide Leading the Way in TG4 &#038; \u00dadar\u00e1s na Gaeltachta&#8217;s Irish-Language Media Training Programme"},"content":{"rendered":"<table>\n<tbody>\n<tr>\n<td width=\"50%\">\n  <img loading=\"lazy\" decoding=\"async\" width=\"1920\" height=\"1080\" src=\"https:\/\/tg4-docs.s3.amazonaws.com\/wp-content\/uploads\/2024\/10\/01155545\/Sceim_Oiliuna_2024_Rannphairtaithe_1-1920x1080-1.jpg\" alt=\"\" class=\"aligncenter size-full wp-image-233088\" srcset=\"https:\/\/tg4-docs.s3.amazonaws.com\/wp-content\/uploads\/2024\/10\/01155545\/Sceim_Oiliuna_2024_Rannphairtaithe_1-1920x1080-1.jpg 1920w, https:\/\/tg4-docs.s3.amazonaws.com\/wp-content\/uploads\/2024\/10\/01155545\/Sceim_Oiliuna_2024_Rannphairtaithe_1-1920x1080-1-250x141.jpg 250w, https:\/\/tg4-docs.s3.amazonaws.com\/wp-content\/uploads\/2024\/10\/01155545\/Sceim_Oiliuna_2024_Rannphairtaithe_1-1920x1080-1-700x394.jpg 700w, https:\/\/tg4-docs.s3.amazonaws.com\/wp-content\/uploads\/2024\/10\/01155545\/Sceim_Oiliuna_2024_Rannphairtaithe_1-1920x1080-1-252x141.jpg 252w, https:\/\/tg4-docs.s3.amazonaws.com\/wp-content\/uploads\/2024\/10\/01155545\/Sceim_Oiliuna_2024_Rannphairtaithe_1-1920x1080-1-1536x864.jpg 1536w, https:\/\/tg4-docs.s3.amazonaws.com\/wp-content\/uploads\/2024\/10\/01155545\/Sceim_Oiliuna_2024_Rannphairtaithe_1-1920x1080-1-120x68.jpg 120w\" sizes=\"(max-width: 1920px) 100vw, 1920px\" \/>\n<\/td>\n<td width=\"50%\">\n  <img loading=\"lazy\" decoding=\"async\" width=\"1920\" height=\"1080\" src=\"https:\/\/tg4-docs.s3.amazonaws.com\/wp-content\/uploads\/2024\/10\/01155658\/Aniar_TV_1-1920x1080-1.jpg\" alt=\"\" class=\"aligncenter size-full wp-image-233089\" srcset=\"https:\/\/tg4-docs.s3.amazonaws.com\/wp-content\/uploads\/2024\/10\/01155658\/Aniar_TV_1-1920x1080-1.jpg 1920w, https:\/\/tg4-docs.s3.amazonaws.com\/wp-content\/uploads\/2024\/10\/01155658\/Aniar_TV_1-1920x1080-1-250x141.jpg 250w, https:\/\/tg4-docs.s3.amazonaws.com\/wp-content\/uploads\/2024\/10\/01155658\/Aniar_TV_1-1920x1080-1-700x394.jpg 700w, https:\/\/tg4-docs.s3.amazonaws.com\/wp-content\/uploads\/2024\/10\/01155658\/Aniar_TV_1-1920x1080-1-252x141.jpg 252w, https:\/\/tg4-docs.s3.amazonaws.com\/wp-content\/uploads\/2024\/10\/01155658\/Aniar_TV_1-1920x1080-1-1536x864.jpg 1536w, https:\/\/tg4-docs.s3.amazonaws.com\/wp-content\/uploads\/2024\/10\/01155658\/Aniar_TV_1-1920x1080-1-120x68.jpg 120w\" sizes=\"(max-width: 1920px) 100vw, 1920px\" \/>\n<\/td>\n<\/tr>\n<\/tbody>\n<\/table>\n<p>&nbsp;<br \/>\nTG4, \u00dadar\u00e1s na Gaeltachta, and the Irish-language Production Sector have launched the fourth year of their successful Training Scheme, aimed at developing Irish-speaking talent across the national media industry. This year, several prominent production companies from Galway, Donegal, Waterford, and Dublin are playing a key role in training the next generation of Irish-language media professionals.<br \/>\n&nbsp;<\/p>\n<p>The scheme offers 15 trainees a one-year paid employment opportunity with television production companies, including major contributors such as Aniar in Casla, Co. Galway, HG Productions in Donegal, Nemeton and Red Shoe in Waterford, and Macalla in Dublin. These companies are central to the initiative, providing trainees with hands-on experience across various aspects of media production.<br \/>\n&nbsp;<\/p>\n<p><strong>Galway Production Companies at the Forefront<\/strong><\/p>\n<p>Several Galway-based companies are actively involved in this year&#8217;s scheme, including Aniar in Casla, Ab\u00fa Media in Indreabh\u00e1n, MC2 in An Tulach, and Lorg Media in Galway City. John Nee is working with Aniar, Sin\u00e9ad Fatherty with Ab\u00fa Media, Bl\u00e1ith\u00edn de B\u00farca with MC2, and Evan \u00d3 Fl\u00e1tharta with Lorg Media. These Galway production companies, alongside other notable participants such as F\u00edb\u00edn, Dan\u00fa Media, Sti\u00faide\u00f3 Cuan, and Iris, are instrumental in delivering crucial industry experience to trainees.<br \/>\n&nbsp;<\/p>\n<p><strong>Donegal Production Companies Nurturing Media Talent<\/strong><\/p>\n<p>Donegal is also playing an essential role in this year&#8217;s scheme. Leah N\u00ed Ghairbhigh from Gaoth Dobhair is employed by HG Productions, a company known for its production of the series Bus Ghlasc\u00fa and Aerfort Dh\u00fan na nGall. Additionally, LIGID L\u00e9ir\u00fach\u00e1in is participating in the scheme, contributing to the growth of Irish-language media talent.<br \/>\n&nbsp;<\/p>\n<p><strong>Waterford Production Companies Leading in Training<\/strong><\/p>\n<p>Waterford-based production companies are making a significant impact as well. Eoin Dalt\u00fan and Lia Nic Craith are gaining valuable experience with Nemeton in An Rinn, focusing on sports, documentary, and entertainment production. Ciara N\u00ed Bhriain will be employed by Red Shoe Productions, working with Maggie Bhreathnach on music and arts programmes. <\/p>\n<p>The company S\u00fagradh, based in C\u00fail Aodha, is also actively participating.<br \/>\n&nbsp;<\/p>\n<p><strong>Dublin Companies Paving the Way<\/strong><\/p>\n<p>In Dublin, Alannah O&#8217;Brien and C\u00fanla N\u00ed Bhraon\u00e1in Morris are working with Macalla, a company that produces content for C\u00fala4, TG4 and Cine4 projects. Tyrone Productions, another notable participant in the scheme, is also playing a key role in developing media talent.<br \/>\n&nbsp;<\/p>\n<p><strong>A National Strategy for Regional and Irish-Language Media Development<\/strong><\/p>\n<p>Strengthening the Irish-language media sector is a key objective of TG4&#8217;s and \u00dadar\u00e1s na Gaeltachta&#8217;s national strategies. Production companies across Ireland are playing a significant role in achieving this goal, providing local talent with the opportunity to gain practical experience in media production.<br \/>\n&nbsp;<\/p>\n<p><strong>L\u00eds N\u00ed Dh\u00e1laigh, Director of Marketing, Development, and Partnerships at TG4<\/strong>, stated, <em>&#8220;This training initiative is a partnership between TG4, \u00dadar\u00e1s na Gaeltachta, and the independent sector. It is great to see so many companies across the country participating. These companies are at the forefront of Irish-language media, offering invaluable industry experience to the next generation of Irish-speaking talent.&#8221;<\/em><br \/>\n&nbsp;<\/p>\n<p>This initiative underscores TG4 and \u00dadar\u00e1s na Gaeltachta&#8217;s commitment to fostering growth in the Irish-language media sector and ensuring that future professionals have the skills necessary to succeed in the industry. The training scheme is co-funded by TG4, \u00dadar\u00e1s na Gaeltachta, and independent production companies.<br \/>\n&nbsp;<\/p>\n<p>For more information on the Training Scheme and career opportunities in Irish-language media, visit: <a href=\"https:\/\/dev.tg4.ie\/Traen\u00e1il\" rel=\"noopener\" target=\"_blank\">TG4.ie\/traenail<\/a>.<br \/>\n&nbsp;<\/p>\n<p>&nbsp;<\/p>\n<p>&nbsp;<\/p>\n","protected":false},"excerpt":{"rendered":"<p>&nbsp; TG4, \u00dadar\u00e1s na Gaeltachta, and the Irish-language Production Sector have launched the fourth year of their successful Training Scheme, aimed at developing Irish-speaking talent across the national media industry. This year, several prominent production companies from Galway, Donegal, Waterford, and Dublin are playing a key role in training the next generation of Irish-language media [&hellip;]<\/p>\n","protected":false},"author":876,"featured_media":0,"parent":208150,"menu_order":30,"comment_status":"closed","ping_status":"closed","template":"page-templates\/template-pr.php","meta":{"_acf_changed":false,"footnotes":""},"acf":[],"yoast_head":"<!-- This site is optimized with the Yoast SEO plugin v22.6 - https:\/\/yoast.com\/wordpress\/plugins\/seo\/ -->\n<title>Production Companies Nationwide Leading the Way in TG4 &amp; \u00dadar\u00e1s na Gaeltachta&#039;s Irish-Language Media Training Programme | Press Release | TG4<\/title>\n<meta name=\"description\" content=\"TG4, \u00dadar\u00e1s na Gaeltachta, and the Irish-language Production Sector have launched the fourth year of their successful Training Scheme, aimed at developing Irish-speaking talent across the national media industry.\" \/>\n<meta name=\"robots\" content=\"index, follow, max-snippet:-1, max-image-preview:large, max-video-preview:-1\" \/>\n<meta property=\"og:locale\" content=\"en_US\" \/>\n<meta property=\"og:type\" content=\"article\" \/>\n<meta property=\"og:title\" content=\"Production Companies Nationwide Leading the Way in TG4 &amp; \u00dadar\u00e1s na Gaeltachta&#039;s Irish-Language Media Training Programme | Press Release | TG4\" \/>\n<meta property=\"og:description\" content=\"TG4, \u00dadar\u00e1s na Gaeltachta, and the Irish-language Production Sector have launched the fourth year of their successful Training Scheme, aimed at developing Irish-speaking talent across the national media industry.\" \/>\n<meta property=\"og:url\" content=\"https:\/\/dev.tg4.ie\/en\/information\/press\/press-releases\/2024-2\/production-companies-nationwide-leading-the-way-in-tg4-udaras-na-gaeltachtas-irish-language-media-training-programme\/\" \/>\n<meta property=\"og:site_name\" content=\"TG4\" \/>\n<meta property=\"article:publisher\" content=\"https:\/\/www.facebook.com\/TG4TV\" \/>\n<meta property=\"og:image\" content=\"https:\/\/tg4-docs.s3.amazonaws.com\/wp-content\/uploads\/2024\/10\/01155545\/Sceim_Oiliuna_2024_Rannphairtaithe_1-1920x1080-1-700x394.jpg\" \/>\n<meta name=\"twitter:card\" content=\"summary_large_image\" \/>\n<meta name=\"twitter:image\" content=\"https:\/\/tg4-docs.s3.amazonaws.com\/wp-content\/uploads\/2024\/10\/01155545\/Sceim_Oiliuna_2024_Rannphairtaithe_1-1920x1080-1-700x394.jpg\" \/>\n<meta name=\"twitter:site\" content=\"@TG4TV\" \/>\n<meta name=\"twitter:label1\" content=\"Est. reading time\" \/>\n\t<meta name=\"twitter:data1\" content=\"3 minutes\" \/>\n<script type=\"application\/ld+json\" class=\"yoast-schema-graph\">{\"@context\":\"https:\/\/schema.org\",\"@graph\":[{\"@type\":\"WebPage\",\"@id\":\"https:\/\/dev.tg4.ie\/en\/information\/press\/press-releases\/2024-2\/production-companies-nationwide-leading-the-way-in-tg4-udaras-na-gaeltachtas-irish-language-media-training-programme\/\",\"url\":\"https:\/\/dev.tg4.ie\/en\/information\/press\/press-releases\/2024-2\/production-companies-nationwide-leading-the-way-in-tg4-udaras-na-gaeltachtas-irish-language-media-training-programme\/\",\"name\":\"Production Companies Nationwide Leading the Way in TG4 & \u00dadar\u00e1s na Gaeltachta's Irish-Language Media Training Programme | Press Release | TG4\",\"isPartOf\":{\"@id\":\"https:\/\/dev.tg4.ie\/en\/#website\"},\"primaryImageOfPage\":{\"@id\":\"https:\/\/dev.tg4.ie\/en\/information\/press\/press-releases\/2024-2\/production-companies-nationwide-leading-the-way-in-tg4-udaras-na-gaeltachtas-irish-language-media-training-programme\/#primaryimage\"},\"image\":{\"@id\":\"https:\/\/dev.tg4.ie\/en\/information\/press\/press-releases\/2024-2\/production-companies-nationwide-leading-the-way-in-tg4-udaras-na-gaeltachtas-irish-language-media-training-programme\/#primaryimage\"},\"thumbnailUrl\":\"https:\/\/dev.tg4.ie\/wp-content\/uploads\/2024\/10\/Sceim_Oiliuna_2024_Rannphairtaithe_1-1920x1080-1.jpg\",\"datePublished\":\"2024-10-01T15:23:14+00:00\",\"dateModified\":\"2024-10-01T15:23:14+00:00\",\"description\":\"TG4, \u00dadar\u00e1s na Gaeltachta, and the Irish-language Production Sector have launched the fourth year of their successful Training Scheme, aimed at developing Irish-speaking talent across the national media industry.\",\"breadcrumb\":{\"@id\":\"https:\/\/dev.tg4.ie\/en\/information\/press\/press-releases\/2024-2\/production-companies-nationwide-leading-the-way-in-tg4-udaras-na-gaeltachtas-irish-language-media-training-programme\/#breadcrumb\"},\"inLanguage\":\"en-ie\",\"potentialAction\":[{\"@type\":\"ReadAction\",\"target\":[\"https:\/\/dev.tg4.ie\/en\/information\/press\/press-releases\/2024-2\/production-companies-nationwide-leading-the-way-in-tg4-udaras-na-gaeltachtas-irish-language-media-training-programme\/\"]}]},{\"@type\":\"ImageObject\",\"inLanguage\":\"en-ie\",\"@id\":\"https:\/\/dev.tg4.ie\/en\/information\/press\/press-releases\/2024-2\/production-companies-nationwide-leading-the-way-in-tg4-udaras-na-gaeltachtas-irish-language-media-training-programme\/#primaryimage\",\"url\":\"https:\/\/dev.tg4.ie\/wp-content\/uploads\/2024\/10\/Sceim_Oiliuna_2024_Rannphairtaithe_1-1920x1080-1.jpg\",\"contentUrl\":\"https:\/\/dev.tg4.ie\/wp-content\/uploads\/2024\/10\/Sceim_Oiliuna_2024_Rannphairtaithe_1-1920x1080-1.jpg\"},{\"@type\":\"BreadcrumbList\",\"@id\":\"https:\/\/dev.tg4.ie\/en\/information\/press\/press-releases\/2024-2\/production-companies-nationwide-leading-the-way-in-tg4-udaras-na-gaeltachtas-irish-language-media-training-programme\/#breadcrumb\",\"itemListElement\":[{\"@type\":\"ListItem\",\"position\":1,\"name\":\"Home\",\"item\":\"https:\/\/dev.tg4.ie\/en\/\"},{\"@type\":\"ListItem\",\"position\":2,\"name\":\"Information\",\"item\":\"https:\/\/dev.tg4.ie\/en\/information\/\"},{\"@type\":\"ListItem\",\"position\":3,\"name\":\"Press\",\"item\":\"https:\/\/dev.tg4.ie\/en\/information\/press\/\"},{\"@type\":\"ListItem\",\"position\":4,\"name\":\"Press Releases\",\"item\":\"https:\/\/dev.tg4.ie\/en\/information\/press\/press-releases\/\"},{\"@type\":\"ListItem\",\"position\":5,\"name\":\"2024\",\"item\":\"https:\/\/dev.tg4.ie\/en\/information\/press\/press-releases\/2024-2\/\"},{\"@type\":\"ListItem\",\"position\":6,\"name\":\"Production Companies Nationwide Leading the Way in TG4 &#038; \u00dadar\u00e1s na Gaeltachta&#8217;s Irish-Language Media Training Programme\"}]},{\"@type\":\"WebSite\",\"@id\":\"https:\/\/dev.tg4.ie\/en\/#website\",\"url\":\"https:\/\/dev.tg4.ie\/en\/\",\"name\":\"TG4\",\"description\":\"S\u00fail Eile\",\"potentialAction\":[{\"@type\":\"SearchAction\",\"target\":{\"@type\":\"EntryPoint\",\"urlTemplate\":\"https:\/\/dev.tg4.ie\/en\/?s={search_term_string}\"},\"query-input\":\"required name=search_term_string\"}],\"inLanguage\":\"en-ie\"}]}<\/script>\n<!-- \/ Yoast SEO plugin. -->","yoast_head_json":{"title":"Production Companies Nationwide Leading the Way in TG4 & \u00dadar\u00e1s na Gaeltachta's Irish-Language Media Training Programme | Press Release | TG4","description":"TG4, \u00dadar\u00e1s na Gaeltachta, and the Irish-language Production Sector have launched the fourth year of their successful Training Scheme, aimed at developing Irish-speaking talent across the national media industry.","robots":{"index":"index","follow":"follow","max-snippet":"max-snippet:-1","max-image-preview":"max-image-preview:large","max-video-preview":"max-video-preview:-1"},"og_locale":"en_US","og_type":"article","og_title":"Production Companies Nationwide Leading the Way in TG4 & \u00dadar\u00e1s na Gaeltachta's Irish-Language Media Training Programme | Press Release | TG4","og_description":"TG4, \u00dadar\u00e1s na Gaeltachta, and the Irish-language Production Sector have launched the fourth year of their successful Training Scheme, aimed at developing Irish-speaking talent across the national media industry.","og_url":"https:\/\/dev.tg4.ie\/en\/information\/press\/press-releases\/2024-2\/production-companies-nationwide-leading-the-way-in-tg4-udaras-na-gaeltachtas-irish-language-media-training-programme\/","og_site_name":"TG4","article_publisher":"https:\/\/www.facebook.com\/TG4TV","og_image":[{"url":"https:\/\/tg4-docs.s3.amazonaws.com\/wp-content\/uploads\/2024\/10\/01155545\/Sceim_Oiliuna_2024_Rannphairtaithe_1-1920x1080-1-700x394.jpg"}],"twitter_card":"summary_large_image","twitter_image":"https:\/\/tg4-docs.s3.amazonaws.com\/wp-content\/uploads\/2024\/10\/01155545\/Sceim_Oiliuna_2024_Rannphairtaithe_1-1920x1080-1-700x394.jpg","twitter_site":"@TG4TV","twitter_misc":{"Est. reading time":"3 minutes"},"schema":{"@context":"https:\/\/schema.org","@graph":[{"@type":"WebPage","@id":"https:\/\/dev.tg4.ie\/en\/information\/press\/press-releases\/2024-2\/production-companies-nationwide-leading-the-way-in-tg4-udaras-na-gaeltachtas-irish-language-media-training-programme\/","url":"https:\/\/dev.tg4.ie\/en\/information\/press\/press-releases\/2024-2\/production-companies-nationwide-leading-the-way-in-tg4-udaras-na-gaeltachtas-irish-language-media-training-programme\/","name":"Production Companies Nationwide Leading the Way in TG4 & \u00dadar\u00e1s na Gaeltachta's Irish-Language Media Training Programme | Press Release | TG4","isPartOf":{"@id":"https:\/\/dev.tg4.ie\/en\/#website"},"primaryImageOfPage":{"@id":"https:\/\/dev.tg4.ie\/en\/information\/press\/press-releases\/2024-2\/production-companies-nationwide-leading-the-way-in-tg4-udaras-na-gaeltachtas-irish-language-media-training-programme\/#primaryimage"},"image":{"@id":"https:\/\/dev.tg4.ie\/en\/information\/press\/press-releases\/2024-2\/production-companies-nationwide-leading-the-way-in-tg4-udaras-na-gaeltachtas-irish-language-media-training-programme\/#primaryimage"},"thumbnailUrl":"https:\/\/dev.tg4.ie\/wp-content\/uploads\/2024\/10\/Sceim_Oiliuna_2024_Rannphairtaithe_1-1920x1080-1.jpg","datePublished":"2024-10-01T15:23:14+00:00","dateModified":"2024-10-01T15:23:14+00:00","description":"TG4, \u00dadar\u00e1s na Gaeltachta, and the Irish-language Production Sector have launched the fourth year of their successful Training Scheme, aimed at developing Irish-speaking talent across the national media industry.","breadcrumb":{"@id":"https:\/\/dev.tg4.ie\/en\/information\/press\/press-releases\/2024-2\/production-companies-nationwide-leading-the-way-in-tg4-udaras-na-gaeltachtas-irish-language-media-training-programme\/#breadcrumb"},"inLanguage":"en-ie","potentialAction":[{"@type":"ReadAction","target":["https:\/\/dev.tg4.ie\/en\/information\/press\/press-releases\/2024-2\/production-companies-nationwide-leading-the-way-in-tg4-udaras-na-gaeltachtas-irish-language-media-training-programme\/"]}]},{"@type":"ImageObject","inLanguage":"en-ie","@id":"https:\/\/dev.tg4.ie\/en\/information\/press\/press-releases\/2024-2\/production-companies-nationwide-leading-the-way-in-tg4-udaras-na-gaeltachtas-irish-language-media-training-programme\/#primaryimage","url":"https:\/\/dev.tg4.ie\/wp-content\/uploads\/2024\/10\/Sceim_Oiliuna_2024_Rannphairtaithe_1-1920x1080-1.jpg","contentUrl":"https:\/\/dev.tg4.ie\/wp-content\/uploads\/2024\/10\/Sceim_Oiliuna_2024_Rannphairtaithe_1-1920x1080-1.jpg"},{"@type":"BreadcrumbList","@id":"https:\/\/dev.tg4.ie\/en\/information\/press\/press-releases\/2024-2\/production-companies-nationwide-leading-the-way-in-tg4-udaras-na-gaeltachtas-irish-language-media-training-programme\/#breadcrumb","itemListElement":[{"@type":"ListItem","position":1,"name":"Home","item":"https:\/\/dev.tg4.ie\/en\/"},{"@type":"ListItem","position":2,"name":"Information","item":"https:\/\/dev.tg4.ie\/en\/information\/"},{"@type":"ListItem","position":3,"name":"Press","item":"https:\/\/dev.tg4.ie\/en\/information\/press\/"},{"@type":"ListItem","position":4,"name":"Press Releases","item":"https:\/\/dev.tg4.ie\/en\/information\/press\/press-releases\/"},{"@type":"ListItem","position":5,"name":"2024","item":"https:\/\/dev.tg4.ie\/en\/information\/press\/press-releases\/2024-2\/"},{"@type":"ListItem","position":6,"name":"Production Companies Nationwide Leading the Way in TG4 &#038; \u00dadar\u00e1s na Gaeltachta&#8217;s Irish-Language Media Training Programme"}]},{"@type":"WebSite","@id":"https:\/\/dev.tg4.ie\/en\/#website","url":"https:\/\/dev.tg4.ie\/en\/","name":"TG4","description":"S\u00fail Eile","potentialAction":[{"@type":"SearchAction","target":{"@type":"EntryPoint","urlTemplate":"https:\/\/dev.tg4.ie\/en\/?s={search_term_string}"},"query-input":"required name=search_term_string"}],"inLanguage":"en-ie"}]}},"_links":{"self":[{"href":"https:\/\/dev.tg4.ie\/en\/wp-json\/wp\/v2\/pages\/233094"}],"collection":[{"href":"https:\/\/dev.tg4.ie\/en\/wp-json\/wp\/v2\/pages"}],"about":[{"href":"https:\/\/dev.tg4.ie\/en\/wp-json\/wp\/v2\/types\/page"}],"author":[{"embeddable":true,"href":"https:\/\/dev.tg4.ie\/en\/wp-json\/wp\/v2\/users\/876"}],"replies":[{"embeddable":true,"href":"https:\/\/dev.tg4.ie\/en\/wp-json\/wp\/v2\/comments?post=233094"}],"version-history":[{"count":0,"href":"https:\/\/dev.tg4.ie\/en\/wp-json\/wp\/v2\/pages\/233094\/revisions"}],"up":[{"embeddable":true,"href":"https:\/\/dev.tg4.ie\/en\/wp-json\/wp\/v2\/pages\/208150"}],"wp:attachment":[{"href":"https:\/\/dev.tg4.ie\/en\/wp-json\/wp\/v2\/media?parent=233094"}],"curies":[{"name":"wp","href":"https:\/\/api.w.org\/{rel}","templated":true}]}}