{"id":233678,"date":"2024-10-08T16:23:03","date_gmt":"2024-10-08T15:23:03","guid":{"rendered":"https:\/\/dev.tg4.ie\/?page_id=233678"},"modified":"2024-10-08T16:25:26","modified_gmt":"2024-10-08T15:25:26","slug":"li-ban-first-celtic-inspired-irish-language-anime-premieres-on-cula4","status":"publish","type":"page","link":"https:\/\/dev.tg4.ie\/en\/information\/press\/press-releases\/2024-2\/li-ban-first-celtic-inspired-irish-language-anime-premieres-on-cula4\/","title":{"rendered":"L\u00ed Ban: First Celtic-Inspired Irish Language Anime premieres on C\u00fala4"},"content":{"rendered":"<table>\n<tbody>\n<tr>\n<td width=\"33%\">\n  <img loading=\"lazy\" decoding=\"async\" width=\"1920\" height=\"1080\" src=\"https:\/\/tg4-docs.s3.amazonaws.com\/wp-content\/uploads\/2024\/10\/08161527\/Li_Ban_1-1920x1080-1.jpg\" alt=\"\" class=\"aligncenter size-full wp-image-233675\" srcset=\"https:\/\/tg4-docs.s3.amazonaws.com\/wp-content\/uploads\/2024\/10\/08161527\/Li_Ban_1-1920x1080-1.jpg 1920w, https:\/\/tg4-docs.s3.amazonaws.com\/wp-content\/uploads\/2024\/10\/08161527\/Li_Ban_1-1920x1080-1-250x141.jpg 250w, https:\/\/tg4-docs.s3.amazonaws.com\/wp-content\/uploads\/2024\/10\/08161527\/Li_Ban_1-1920x1080-1-700x394.jpg 700w, https:\/\/tg4-docs.s3.amazonaws.com\/wp-content\/uploads\/2024\/10\/08161527\/Li_Ban_1-1920x1080-1-252x141.jpg 252w, https:\/\/tg4-docs.s3.amazonaws.com\/wp-content\/uploads\/2024\/10\/08161527\/Li_Ban_1-1920x1080-1-1536x864.jpg 1536w, https:\/\/tg4-docs.s3.amazonaws.com\/wp-content\/uploads\/2024\/10\/08161527\/Li_Ban_1-1920x1080-1-120x68.jpg 120w\" sizes=\"(max-width: 1920px) 100vw, 1920px\" \/>\n<\/td>\n<td width=\"33%\">\n  <img loading=\"lazy\" decoding=\"async\" width=\"1920\" height=\"1080\" src=\"https:\/\/tg4-docs.s3.amazonaws.com\/wp-content\/uploads\/2024\/10\/08161530\/Li_Ban_2-1920x1080-1.jpg\" alt=\"\" class=\"aligncenter size-full wp-image-233676\" srcset=\"https:\/\/tg4-docs.s3.amazonaws.com\/wp-content\/uploads\/2024\/10\/08161530\/Li_Ban_2-1920x1080-1.jpg 1920w, https:\/\/tg4-docs.s3.amazonaws.com\/wp-content\/uploads\/2024\/10\/08161530\/Li_Ban_2-1920x1080-1-250x141.jpg 250w, https:\/\/tg4-docs.s3.amazonaws.com\/wp-content\/uploads\/2024\/10\/08161530\/Li_Ban_2-1920x1080-1-700x394.jpg 700w, https:\/\/tg4-docs.s3.amazonaws.com\/wp-content\/uploads\/2024\/10\/08161530\/Li_Ban_2-1920x1080-1-252x141.jpg 252w, https:\/\/tg4-docs.s3.amazonaws.com\/wp-content\/uploads\/2024\/10\/08161530\/Li_Ban_2-1920x1080-1-1536x864.jpg 1536w, https:\/\/tg4-docs.s3.amazonaws.com\/wp-content\/uploads\/2024\/10\/08161530\/Li_Ban_2-1920x1080-1-120x68.jpg 120w\" sizes=\"(max-width: 1920px) 100vw, 1920px\" \/>\n<\/td>\n<td width=\"33%\">\n  <img loading=\"lazy\" decoding=\"async\" width=\"1920\" height=\"1080\" src=\"https:\/\/tg4-docs.s3.amazonaws.com\/wp-content\/uploads\/2024\/10\/08161524\/Li_Ban_3-1920x1080-1.jpg\" alt=\"\" class=\"aligncenter size-full wp-image-233674\" srcset=\"https:\/\/tg4-docs.s3.amazonaws.com\/wp-content\/uploads\/2024\/10\/08161524\/Li_Ban_3-1920x1080-1.jpg 1920w, https:\/\/tg4-docs.s3.amazonaws.com\/wp-content\/uploads\/2024\/10\/08161524\/Li_Ban_3-1920x1080-1-250x141.jpg 250w, https:\/\/tg4-docs.s3.amazonaws.com\/wp-content\/uploads\/2024\/10\/08161524\/Li_Ban_3-1920x1080-1-700x394.jpg 700w, https:\/\/tg4-docs.s3.amazonaws.com\/wp-content\/uploads\/2024\/10\/08161524\/Li_Ban_3-1920x1080-1-252x141.jpg 252w, https:\/\/tg4-docs.s3.amazonaws.com\/wp-content\/uploads\/2024\/10\/08161524\/Li_Ban_3-1920x1080-1-1536x864.jpg 1536w, https:\/\/tg4-docs.s3.amazonaws.com\/wp-content\/uploads\/2024\/10\/08161524\/Li_Ban_3-1920x1080-1-120x68.jpg 120w\" sizes=\"(max-width: 1920px) 100vw, 1920px\" \/>\n<\/td>\n<\/tr>\n<\/tbody>\n<\/table>\n<p>&nbsp;<br \/>\n<center><strong>One Fiery Adolescent. One Loyal Friend.<br \/>\nThree Hundred Years of Adventure in the Celtic Seas<\/strong><\/center><br \/>\n&nbsp;<br \/>\n<iframe loading=\"lazy\" width=\"560\" height=\"315\" src=\"https:\/\/www.youtube.com\/embed\/vyXiia0qshE?si=GK9i24W2-lJAKnHb\" title=\"YouTube video player\" frameborder=\"0\" allow=\"accelerometer; autoplay; clipboard-write; encrypted-media; gyroscope; picture-in-picture; web-share\" referrerpolicy=\"strict-origin-when-cross-origin\" allowfullscreen><\/iframe><br \/>\n&nbsp;<br \/>\nPaper Owl Films\u2019 fast-paced Celtic-inspired adventure anime series L\u00ed Ban is launching on C\u00fala4 in Ireland and S4C in the Welsh language on 15th October 2024. For the first time, these old and nearly forgotten Celtic stories have been brought to life in an anime style produced in the Irish language.<br \/>\n&nbsp;<\/p>\n<p>The 13 x 11-minute episodes for children aged 7-9, but appealing to the whole family, will air on the dedicated children&#8217;s channel C\u00fala4 on October 15th at 4.20pm. All episodes will be available on the  C\u00fala4 Player from Tuesday 15th. The series features a cast including Sadbh Breathnach as the voice of L\u00ed Ban and Jude Petticrew as the voice of Con. L\u00ed Ban was co-created by Gr\u00e1inne McGuinness and M\u00e1ire Zepf, who also wrote the series.<br \/>\n&nbsp;<\/p>\n<p>Fantastical heroes, legendary villains and a reality that bends around Celtic magic are at the heart of the adventures of sassy 12-year-old L\u00ed Ban. The tales are some of the wildest ever passed down the Celtic generations. With origins as old as the lands and shores that shaped it, each incredible episode brings some answers, but even more questions, as L\u00ed Ban\u2019s quest unfolds.<br \/>\n&nbsp;<\/p>\n<p>Transformed into a Mermaid and a Sea Otter, L\u00ed Ban and her faithful dog Con spend centuries scouring the watery kingdoms of Celtic legend meeting gods, monsters, giants and wily humans as they search for answers.<br \/>\n&nbsp;<\/p>\n<p>Who destroyed her homeplace? Why was she transformed? And who is she really? Theirs is an immortal quest through the heart of an ancient Celtic universe into the stories of a time and place (almost) forgotten.<br \/>\n&nbsp;<\/p>\n<p>L\u00ed Ban seeks answers. Her quest leads her to Manann\u00e1n the sea god but as answers materialise more questions arise. Hers is a journey from childish rebel to courageous adolescent through the growth that shows her what the real meaning of family is and what it means to be L\u00ed Ban.<br \/>\n&nbsp;<\/p>\n<p><strong>Gr\u00e1inne McGuinness, Creative Director at Paper Owl Films<\/strong> comments: <em>\u201cTapping into the international popularity of anime and fantasy storytelling, this is a true coming of age tale, perfect for the 7-9 year old audience facing the end of childhood and beginnings of adolescence. L\u00ed Ban\u2019s ancient Celtic story will resonate with children worldwide &#8211; her struggle to find out who she is in the world is as real for today\u2019s audience as it was for her centuries ago.\u201d<\/em><br \/>\n&nbsp;<\/p>\n<p><strong>Siobh\u00e1n N\u00ed Bhr\u00e1daigh, Commissioning Editor for Young People at C\u00fala4 &#038; TG4<\/strong> wished to congratulate Paper Owl and to all involved with L\u00ed Ban. <em>\u201cWe are delighted to introduce this beautiful Celtic-inspired series to our C\u00fala4 audience this coming Autumn. There\u2019s no doubt that our viewers will be captivated by L\u00ed Ban and Con as they dive into timeless tales and navigate the mysteries of the Celtic seas.\u201d<\/em><br \/>\n&nbsp;<\/p>\n<p><strong>Robin Gladman, Head of Acquisitions at Aardman<\/strong> says: <em>\u201cWe\u2019re delighted to be distributing L\u00ed Ban for Paper Owl, and look forward to introducing the world to this timeless Celtic story that has been so brilliantly developed for global audiences today.\u201d<\/em><br \/>\n&nbsp;<\/p>\n<p>L\u00ed Ban was commissioned by TG4 and S4C has been made with funding support from Coimisi\u00fan na Me\u00e1n and Northern Ireland Screen\u2019s Screen Fund and Irish Language Broadcast Fund. The series is distributed internationally by Aardman.<br \/>\n&nbsp;<\/p>\n<p>L\u00ed Ban can be viewed live on the C\u00fala4 channel and on the C\u00fala4 player &#8211; <a href=\"https:\/\/www.cula4.com\" rel=\"noopener\" target=\"_blank\">cula4.com<\/a>. <\/p>\n<p>More details on C\u00fala4 social media channels.  <\/p>\n<p>&nbsp;<\/p>\n<p>&nbsp;<\/p>\n<p>&nbsp;<\/p>\n","protected":false},"excerpt":{"rendered":"<p>&nbsp; One Fiery Adolescent. One Loyal Friend. Three Hundred Years of Adventure in the Celtic Seas &nbsp; &nbsp; Paper Owl Films\u2019 fast-paced Celtic-inspired adventure anime series L\u00ed Ban is launching on C\u00fala4 in Ireland and S4C in the Welsh language on 15th October 2024. For the first time, these old and nearly forgotten Celtic stories [&hellip;]<\/p>\n","protected":false},"author":876,"featured_media":0,"parent":208150,"menu_order":32,"comment_status":"closed","ping_status":"closed","template":"page-templates\/template-pr.php","meta":{"_acf_changed":false,"footnotes":""},"acf":[],"yoast_head":"<!-- This site is optimized with the Yoast SEO plugin v22.6 - https:\/\/yoast.com\/wordpress\/plugins\/seo\/ -->\n<title>L\u00ed Ban: First Celtic-Inspired Irish Language Anime premieres on C\u00fala4 | Press Release | TG4<\/title>\n<meta name=\"description\" content=\"Paper Owl Films\u2019 fast-paced Celtic-inspired adventure anime series L\u00ed Ban is launching on C\u00fala4 in Ireland and S4C in the Welsh language on 15th October 2024.\" \/>\n<meta name=\"robots\" content=\"index, follow, max-snippet:-1, max-image-preview:large, max-video-preview:-1\" \/>\n<meta property=\"og:locale\" content=\"en_US\" \/>\n<meta property=\"og:type\" content=\"article\" \/>\n<meta property=\"og:title\" content=\"L\u00ed Ban: First Celtic-Inspired Irish Language Anime premieres on C\u00fala4 | Press Release | TG4\" \/>\n<meta property=\"og:description\" content=\"Paper Owl Films\u2019 fast-paced Celtic-inspired adventure anime series L\u00ed Ban is launching on C\u00fala4 in Ireland and S4C in the Welsh language on 15th October 2024.\" \/>\n<meta property=\"og:url\" content=\"https:\/\/dev.tg4.ie\/en\/information\/press\/press-releases\/2024-2\/li-ban-first-celtic-inspired-irish-language-anime-premieres-on-cula4\/\" \/>\n<meta property=\"og:site_name\" content=\"TG4\" \/>\n<meta property=\"article:publisher\" content=\"https:\/\/www.facebook.com\/TG4TV\" \/>\n<meta property=\"article:modified_time\" content=\"2024-10-08T15:25:26+00:00\" \/>\n<meta property=\"og:image\" content=\"https:\/\/tg4-docs.s3.amazonaws.com\/wp-content\/uploads\/2024\/10\/08161527\/Li_Ban_1-1920x1080-1-700x394.jpg\" \/>\n<meta name=\"twitter:card\" content=\"summary_large_image\" \/>\n<meta name=\"twitter:image\" content=\"https:\/\/tg4-docs.s3.amazonaws.com\/wp-content\/uploads\/2024\/10\/08161527\/Li_Ban_1-1920x1080-1-700x394.jpg\" \/>\n<meta name=\"twitter:site\" content=\"@TG4TV\" \/>\n<meta name=\"twitter:label1\" content=\"Est. reading time\" \/>\n\t<meta name=\"twitter:data1\" content=\"4 minutes\" \/>\n<script type=\"application\/ld+json\" class=\"yoast-schema-graph\">{\"@context\":\"https:\/\/schema.org\",\"@graph\":[{\"@type\":\"WebPage\",\"@id\":\"https:\/\/dev.tg4.ie\/en\/information\/press\/press-releases\/2024-2\/li-ban-first-celtic-inspired-irish-language-anime-premieres-on-cula4\/\",\"url\":\"https:\/\/dev.tg4.ie\/en\/information\/press\/press-releases\/2024-2\/li-ban-first-celtic-inspired-irish-language-anime-premieres-on-cula4\/\",\"name\":\"L\u00ed Ban: First Celtic-Inspired Irish Language Anime premieres on C\u00fala4 | Press Release | TG4\",\"isPartOf\":{\"@id\":\"https:\/\/dev.tg4.ie\/en\/#website\"},\"primaryImageOfPage\":{\"@id\":\"https:\/\/dev.tg4.ie\/en\/information\/press\/press-releases\/2024-2\/li-ban-first-celtic-inspired-irish-language-anime-premieres-on-cula4\/#primaryimage\"},\"image\":{\"@id\":\"https:\/\/dev.tg4.ie\/en\/information\/press\/press-releases\/2024-2\/li-ban-first-celtic-inspired-irish-language-anime-premieres-on-cula4\/#primaryimage\"},\"thumbnailUrl\":\"https:\/\/dev.tg4.ie\/wp-content\/uploads\/2024\/10\/Li_Ban_1-1920x1080-1.jpg\",\"datePublished\":\"2024-10-08T15:23:03+00:00\",\"dateModified\":\"2024-10-08T15:25:26+00:00\",\"description\":\"Paper Owl Films\u2019 fast-paced Celtic-inspired adventure anime series L\u00ed Ban is launching on C\u00fala4 in Ireland and S4C in the Welsh language on 15th October 2024.\",\"breadcrumb\":{\"@id\":\"https:\/\/dev.tg4.ie\/en\/information\/press\/press-releases\/2024-2\/li-ban-first-celtic-inspired-irish-language-anime-premieres-on-cula4\/#breadcrumb\"},\"inLanguage\":\"en-ie\",\"potentialAction\":[{\"@type\":\"ReadAction\",\"target\":[\"https:\/\/dev.tg4.ie\/en\/information\/press\/press-releases\/2024-2\/li-ban-first-celtic-inspired-irish-language-anime-premieres-on-cula4\/\"]}]},{\"@type\":\"ImageObject\",\"inLanguage\":\"en-ie\",\"@id\":\"https:\/\/dev.tg4.ie\/en\/information\/press\/press-releases\/2024-2\/li-ban-first-celtic-inspired-irish-language-anime-premieres-on-cula4\/#primaryimage\",\"url\":\"https:\/\/dev.tg4.ie\/wp-content\/uploads\/2024\/10\/Li_Ban_1-1920x1080-1.jpg\",\"contentUrl\":\"https:\/\/dev.tg4.ie\/wp-content\/uploads\/2024\/10\/Li_Ban_1-1920x1080-1.jpg\"},{\"@type\":\"BreadcrumbList\",\"@id\":\"https:\/\/dev.tg4.ie\/en\/information\/press\/press-releases\/2024-2\/li-ban-first-celtic-inspired-irish-language-anime-premieres-on-cula4\/#breadcrumb\",\"itemListElement\":[{\"@type\":\"ListItem\",\"position\":1,\"name\":\"Home\",\"item\":\"https:\/\/dev.tg4.ie\/en\/\"},{\"@type\":\"ListItem\",\"position\":2,\"name\":\"Information\",\"item\":\"https:\/\/dev.tg4.ie\/en\/information\/\"},{\"@type\":\"ListItem\",\"position\":3,\"name\":\"Press\",\"item\":\"https:\/\/dev.tg4.ie\/en\/information\/press\/\"},{\"@type\":\"ListItem\",\"position\":4,\"name\":\"Press Releases\",\"item\":\"https:\/\/dev.tg4.ie\/en\/information\/press\/press-releases\/\"},{\"@type\":\"ListItem\",\"position\":5,\"name\":\"2024\",\"item\":\"https:\/\/dev.tg4.ie\/en\/information\/press\/press-releases\/2024-2\/\"},{\"@type\":\"ListItem\",\"position\":6,\"name\":\"L\u00ed Ban: First Celtic-Inspired Irish Language Anime premieres on C\u00fala4\"}]},{\"@type\":\"WebSite\",\"@id\":\"https:\/\/dev.tg4.ie\/en\/#website\",\"url\":\"https:\/\/dev.tg4.ie\/en\/\",\"name\":\"TG4\",\"description\":\"S\u00fail Eile\",\"potentialAction\":[{\"@type\":\"SearchAction\",\"target\":{\"@type\":\"EntryPoint\",\"urlTemplate\":\"https:\/\/dev.tg4.ie\/en\/?s={search_term_string}\"},\"query-input\":\"required name=search_term_string\"}],\"inLanguage\":\"en-ie\"}]}<\/script>\n<!-- \/ Yoast SEO plugin. -->","yoast_head_json":{"title":"L\u00ed Ban: First Celtic-Inspired Irish Language Anime premieres on C\u00fala4 | Press Release | TG4","description":"Paper Owl Films\u2019 fast-paced Celtic-inspired adventure anime series L\u00ed Ban is launching on C\u00fala4 in Ireland and S4C in the Welsh language on 15th October 2024.","robots":{"index":"index","follow":"follow","max-snippet":"max-snippet:-1","max-image-preview":"max-image-preview:large","max-video-preview":"max-video-preview:-1"},"og_locale":"en_US","og_type":"article","og_title":"L\u00ed Ban: First Celtic-Inspired Irish Language Anime premieres on C\u00fala4 | Press Release | TG4","og_description":"Paper Owl Films\u2019 fast-paced Celtic-inspired adventure anime series L\u00ed Ban is launching on C\u00fala4 in Ireland and S4C in the Welsh language on 15th October 2024.","og_url":"https:\/\/dev.tg4.ie\/en\/information\/press\/press-releases\/2024-2\/li-ban-first-celtic-inspired-irish-language-anime-premieres-on-cula4\/","og_site_name":"TG4","article_publisher":"https:\/\/www.facebook.com\/TG4TV","article_modified_time":"2024-10-08T15:25:26+00:00","og_image":[{"url":"https:\/\/tg4-docs.s3.amazonaws.com\/wp-content\/uploads\/2024\/10\/08161527\/Li_Ban_1-1920x1080-1-700x394.jpg"}],"twitter_card":"summary_large_image","twitter_image":"https:\/\/tg4-docs.s3.amazonaws.com\/wp-content\/uploads\/2024\/10\/08161527\/Li_Ban_1-1920x1080-1-700x394.jpg","twitter_site":"@TG4TV","twitter_misc":{"Est. reading time":"4 minutes"},"schema":{"@context":"https:\/\/schema.org","@graph":[{"@type":"WebPage","@id":"https:\/\/dev.tg4.ie\/en\/information\/press\/press-releases\/2024-2\/li-ban-first-celtic-inspired-irish-language-anime-premieres-on-cula4\/","url":"https:\/\/dev.tg4.ie\/en\/information\/press\/press-releases\/2024-2\/li-ban-first-celtic-inspired-irish-language-anime-premieres-on-cula4\/","name":"L\u00ed Ban: First Celtic-Inspired Irish Language Anime premieres on C\u00fala4 | Press Release | TG4","isPartOf":{"@id":"https:\/\/dev.tg4.ie\/en\/#website"},"primaryImageOfPage":{"@id":"https:\/\/dev.tg4.ie\/en\/information\/press\/press-releases\/2024-2\/li-ban-first-celtic-inspired-irish-language-anime-premieres-on-cula4\/#primaryimage"},"image":{"@id":"https:\/\/dev.tg4.ie\/en\/information\/press\/press-releases\/2024-2\/li-ban-first-celtic-inspired-irish-language-anime-premieres-on-cula4\/#primaryimage"},"thumbnailUrl":"https:\/\/dev.tg4.ie\/wp-content\/uploads\/2024\/10\/Li_Ban_1-1920x1080-1.jpg","datePublished":"2024-10-08T15:23:03+00:00","dateModified":"2024-10-08T15:25:26+00:00","description":"Paper Owl Films\u2019 fast-paced Celtic-inspired adventure anime series L\u00ed Ban is launching on C\u00fala4 in Ireland and S4C in the Welsh language on 15th October 2024.","breadcrumb":{"@id":"https:\/\/dev.tg4.ie\/en\/information\/press\/press-releases\/2024-2\/li-ban-first-celtic-inspired-irish-language-anime-premieres-on-cula4\/#breadcrumb"},"inLanguage":"en-ie","potentialAction":[{"@type":"ReadAction","target":["https:\/\/dev.tg4.ie\/en\/information\/press\/press-releases\/2024-2\/li-ban-first-celtic-inspired-irish-language-anime-premieres-on-cula4\/"]}]},{"@type":"ImageObject","inLanguage":"en-ie","@id":"https:\/\/dev.tg4.ie\/en\/information\/press\/press-releases\/2024-2\/li-ban-first-celtic-inspired-irish-language-anime-premieres-on-cula4\/#primaryimage","url":"https:\/\/dev.tg4.ie\/wp-content\/uploads\/2024\/10\/Li_Ban_1-1920x1080-1.jpg","contentUrl":"https:\/\/dev.tg4.ie\/wp-content\/uploads\/2024\/10\/Li_Ban_1-1920x1080-1.jpg"},{"@type":"BreadcrumbList","@id":"https:\/\/dev.tg4.ie\/en\/information\/press\/press-releases\/2024-2\/li-ban-first-celtic-inspired-irish-language-anime-premieres-on-cula4\/#breadcrumb","itemListElement":[{"@type":"ListItem","position":1,"name":"Home","item":"https:\/\/dev.tg4.ie\/en\/"},{"@type":"ListItem","position":2,"name":"Information","item":"https:\/\/dev.tg4.ie\/en\/information\/"},{"@type":"ListItem","position":3,"name":"Press","item":"https:\/\/dev.tg4.ie\/en\/information\/press\/"},{"@type":"ListItem","position":4,"name":"Press Releases","item":"https:\/\/dev.tg4.ie\/en\/information\/press\/press-releases\/"},{"@type":"ListItem","position":5,"name":"2024","item":"https:\/\/dev.tg4.ie\/en\/information\/press\/press-releases\/2024-2\/"},{"@type":"ListItem","position":6,"name":"L\u00ed Ban: First Celtic-Inspired Irish Language Anime premieres on C\u00fala4"}]},{"@type":"WebSite","@id":"https:\/\/dev.tg4.ie\/en\/#website","url":"https:\/\/dev.tg4.ie\/en\/","name":"TG4","description":"S\u00fail Eile","potentialAction":[{"@type":"SearchAction","target":{"@type":"EntryPoint","urlTemplate":"https:\/\/dev.tg4.ie\/en\/?s={search_term_string}"},"query-input":"required name=search_term_string"}],"inLanguage":"en-ie"}]}},"_links":{"self":[{"href":"https:\/\/dev.tg4.ie\/en\/wp-json\/wp\/v2\/pages\/233678"}],"collection":[{"href":"https:\/\/dev.tg4.ie\/en\/wp-json\/wp\/v2\/pages"}],"about":[{"href":"https:\/\/dev.tg4.ie\/en\/wp-json\/wp\/v2\/types\/page"}],"author":[{"embeddable":true,"href":"https:\/\/dev.tg4.ie\/en\/wp-json\/wp\/v2\/users\/876"}],"replies":[{"embeddable":true,"href":"https:\/\/dev.tg4.ie\/en\/wp-json\/wp\/v2\/comments?post=233678"}],"version-history":[{"count":0,"href":"https:\/\/dev.tg4.ie\/en\/wp-json\/wp\/v2\/pages\/233678\/revisions"}],"up":[{"embeddable":true,"href":"https:\/\/dev.tg4.ie\/en\/wp-json\/wp\/v2\/pages\/208150"}],"wp:attachment":[{"href":"https:\/\/dev.tg4.ie\/en\/wp-json\/wp\/v2\/media?parent=233678"}],"curies":[{"name":"wp","href":"https:\/\/api.w.org\/{rel}","templated":true}]}}