{"id":233746,"date":"2024-10-10T14:46:15","date_gmt":"2024-10-10T13:46:15","guid":{"rendered":"https:\/\/dev.tg4.ie\/?page_id=233746"},"modified":"2024-10-10T14:46:15","modified_gmt":"2024-10-10T13:46:15","slug":"tg4-cula4-commissioning-editor-siobhan-ni-bhradaigh-selected-as-judge-for-prestigious-kidscreen-awards-2025","status":"publish","type":"page","link":"https:\/\/dev.tg4.ie\/en\/information\/press\/press-releases\/2024-2\/tg4-cula4-commissioning-editor-siobhan-ni-bhradaigh-selected-as-judge-for-prestigious-kidscreen-awards-2025\/","title":{"rendered":"TG4 \/ C\u00fala4 Commissioning Editor Siobh\u00e1n N\u00ed Bhradaigh, selected as Judge for prestigious Kidscreen Awards 2025"},"content":{"rendered":"<table>\n<tbody>\n<tr>\n<td width=\"50%\">\n  <img loading=\"lazy\" decoding=\"async\" width=\"1920\" height=\"1080\" src=\"https:\/\/tg4-docs.s3.amazonaws.com\/wp-content\/uploads\/2024\/10\/10143438\/Siobhan_Ni_Bhradaigh_1-1920x1080-1.jpg\" alt=\"\" class=\"aligncenter size-full wp-image-233742\" srcset=\"https:\/\/tg4-docs.s3.amazonaws.com\/wp-content\/uploads\/2024\/10\/10143438\/Siobhan_Ni_Bhradaigh_1-1920x1080-1.jpg 1920w, https:\/\/tg4-docs.s3.amazonaws.com\/wp-content\/uploads\/2024\/10\/10143438\/Siobhan_Ni_Bhradaigh_1-1920x1080-1-250x141.jpg 250w, https:\/\/tg4-docs.s3.amazonaws.com\/wp-content\/uploads\/2024\/10\/10143438\/Siobhan_Ni_Bhradaigh_1-1920x1080-1-700x394.jpg 700w, https:\/\/tg4-docs.s3.amazonaws.com\/wp-content\/uploads\/2024\/10\/10143438\/Siobhan_Ni_Bhradaigh_1-1920x1080-1-252x141.jpg 252w, https:\/\/tg4-docs.s3.amazonaws.com\/wp-content\/uploads\/2024\/10\/10143438\/Siobhan_Ni_Bhradaigh_1-1920x1080-1-1536x864.jpg 1536w, https:\/\/tg4-docs.s3.amazonaws.com\/wp-content\/uploads\/2024\/10\/10143438\/Siobhan_Ni_Bhradaigh_1-1920x1080-1-120x68.jpg 120w\" sizes=\"(max-width: 1920px) 100vw, 1920px\" \/>\n<\/td>\n<td width=\"50%\">\n  <img loading=\"lazy\" decoding=\"async\" width=\"1280\" height=\"720\" src=\"https:\/\/tg4-docs.s3.amazonaws.com\/wp-content\/uploads\/2024\/10\/10144035\/KidScreenAwards2024_1-1280x720-1.jpg\" alt=\"\" class=\"aligncenter size-full wp-image-233744\" srcset=\"https:\/\/tg4-docs.s3.amazonaws.com\/wp-content\/uploads\/2024\/10\/10144035\/KidScreenAwards2024_1-1280x720-1.jpg 1280w, https:\/\/tg4-docs.s3.amazonaws.com\/wp-content\/uploads\/2024\/10\/10144035\/KidScreenAwards2024_1-1280x720-1-250x141.jpg 250w, https:\/\/tg4-docs.s3.amazonaws.com\/wp-content\/uploads\/2024\/10\/10144035\/KidScreenAwards2024_1-1280x720-1-700x394.jpg 700w, https:\/\/tg4-docs.s3.amazonaws.com\/wp-content\/uploads\/2024\/10\/10144035\/KidScreenAwards2024_1-1280x720-1-252x141.jpg 252w, https:\/\/tg4-docs.s3.amazonaws.com\/wp-content\/uploads\/2024\/10\/10144035\/KidScreenAwards2024_1-1280x720-1-120x68.jpg 120w\" sizes=\"(max-width: 1280px) 100vw, 1280px\" \/>\n<\/td>\n<\/tr>\n<\/tbody>\n<\/table>\n<p>&nbsp;<\/p>\n<p>TG4 is proud to announce that Siobh\u00e1n N\u00ed Bhr\u00e1daigh, Commissioning Editor and Acquisitions Executive for Children\u2019s Content at TG4 and C\u00fala4, has been chosen as a judge for the prestigious Kidscreen Awards 2025.<br \/>\n<a href=\"https:\/\/awards.kidscreen.com\/\" rel=\"noopener\" target=\"_blank\">https:\/\/awards.kidscreen.com\/<\/a><br \/>\n&nbsp;<br \/>\nThis selection highlights her expertise and leadership in children\u2019s programming and content creation on an international stage.<br \/>\n&nbsp;<br \/>\nThe Kidscreen Awards is a high-profile celebration of excellence in children\u2019s content, paying tribute to outstanding television and digital media work that captivates and entertains kids and families worldwide. Now in its 16th year, the Kidscreen Awards program attracts over 500 entries annually from around the globe, spanning more than 50 categories across programming, broadcasting, and digital media.<br \/>\n&nbsp;<br \/>\nThe winners will be announced at a prestigious awards ceremony held during the Kidscreen Summit 2025, scheduled for February 9-12 in San Diego. As the largest annual gathering of the global children\u2019s entertainment industry, the summit brings together leading creators, producers, and distributors to recognize and honor outstanding achievements in children&#8217;s content.<br \/>\n&nbsp;<br \/>\n<strong>Siobh\u00e1n N\u00ed Bhradaigh<\/strong> expressed her excitement about joining the panel of esteemed judges, stating, <em>&#8220;I am honoured to be a part of the Kidscreen Awards judging panel this year. This event is a wonderful opportunity to celebrate the creativity and innovation in children&#8217;s programming from around the world, and I am excited to help recognize those who are making a real difference in the lives of young audiences.&#8221;<\/em><br \/>\n&nbsp;<br \/>\nSiobh\u00e1n&#8217;s role at TG4 and C\u00fala4 involves curating and commissioning high-quality content that resonates with young audiences, nurturing new talent, and promoting diverse storytelling. Her participation in the Kidscreen Awards judging process underscores TG4&#8217;s commitment to excellence in children&#8217;s media and reflects its continued influence on a global scale. <\/p>\n<p>&nbsp;<\/p>\n<p>&nbsp;<\/p>\n<p>&nbsp;<\/p>\n","protected":false},"excerpt":{"rendered":"<p>&nbsp; TG4 is proud to announce that Siobh\u00e1n N\u00ed Bhr\u00e1daigh, Commissioning Editor and Acquisitions Executive for Children\u2019s Content at TG4 and C\u00fala4, has been chosen as a judge for the prestigious Kidscreen Awards 2025. https:\/\/awards.kidscreen.com\/ &nbsp; This selection highlights her expertise and leadership in children\u2019s programming and content creation on an international stage. &nbsp; The [&hellip;]<\/p>\n","protected":false},"author":876,"featured_media":0,"parent":208150,"menu_order":33,"comment_status":"closed","ping_status":"closed","template":"page-templates\/template-pr.php","meta":{"_acf_changed":false,"footnotes":""},"acf":[],"yoast_head":"<!-- This site is optimized with the Yoast SEO plugin v22.6 - https:\/\/yoast.com\/wordpress\/plugins\/seo\/ -->\n<title>TG4 \/ C\u00fala4 Commissioning Editor Siobh\u00e1n N\u00ed Bhradaigh, selected as Judge for prestigious Kidscreen Awards 2025 | Press Release | TG4<\/title>\n<meta name=\"description\" content=\"TG4 is proud to announce that Siobh\u00e1n N\u00ed Bhr\u00e1daigh, Commissioning Editor and Acquisitions Executive for Children\u2019s Content at TG4 and C\u00fala4, has been chosen as a judge for the prestigious Kidscreen Awards 2025.\" \/>\n<meta name=\"robots\" content=\"index, follow, max-snippet:-1, max-image-preview:large, max-video-preview:-1\" \/>\n<meta property=\"og:locale\" content=\"en_US\" \/>\n<meta property=\"og:type\" content=\"article\" \/>\n<meta property=\"og:title\" content=\"TG4 \/ C\u00fala4 Commissioning Editor Siobh\u00e1n N\u00ed Bhradaigh, selected as Judge for prestigious Kidscreen Awards 2025 | Press Release | TG4\" \/>\n<meta property=\"og:description\" content=\"TG4 is proud to announce that Siobh\u00e1n N\u00ed Bhr\u00e1daigh, Commissioning Editor and Acquisitions Executive for Children\u2019s Content at TG4 and C\u00fala4, has been chosen as a judge for the prestigious Kidscreen Awards 2025.\" \/>\n<meta property=\"og:url\" content=\"https:\/\/dev.tg4.ie\/en\/information\/press\/press-releases\/2024-2\/tg4-cula4-commissioning-editor-siobhan-ni-bhradaigh-selected-as-judge-for-prestigious-kidscreen-awards-2025\/\" \/>\n<meta property=\"og:site_name\" content=\"TG4\" \/>\n<meta property=\"article:publisher\" content=\"https:\/\/www.facebook.com\/TG4TV\" \/>\n<meta property=\"og:image\" content=\"https:\/\/tg4-docs.s3.amazonaws.com\/wp-content\/uploads\/2024\/10\/10143438\/Siobhan_Ni_Bhradaigh_1-1920x1080-1-700x394.jpg\" \/>\n<meta name=\"twitter:card\" content=\"summary_large_image\" \/>\n<meta name=\"twitter:image\" content=\"https:\/\/tg4-docs.s3.amazonaws.com\/wp-content\/uploads\/2024\/10\/10143438\/Siobhan_Ni_Bhradaigh_1-1920x1080-1-700x394.jpg\" \/>\n<meta name=\"twitter:site\" content=\"@TG4TV\" \/>\n<meta name=\"twitter:label1\" content=\"Est. reading time\" \/>\n\t<meta name=\"twitter:data1\" content=\"2 minutes\" \/>\n<script type=\"application\/ld+json\" class=\"yoast-schema-graph\">{\"@context\":\"https:\/\/schema.org\",\"@graph\":[{\"@type\":\"WebPage\",\"@id\":\"https:\/\/dev.tg4.ie\/en\/information\/press\/press-releases\/2024-2\/tg4-cula4-commissioning-editor-siobhan-ni-bhradaigh-selected-as-judge-for-prestigious-kidscreen-awards-2025\/\",\"url\":\"https:\/\/dev.tg4.ie\/en\/information\/press\/press-releases\/2024-2\/tg4-cula4-commissioning-editor-siobhan-ni-bhradaigh-selected-as-judge-for-prestigious-kidscreen-awards-2025\/\",\"name\":\"TG4 \/ C\u00fala4 Commissioning Editor Siobh\u00e1n N\u00ed Bhradaigh, selected as Judge for prestigious Kidscreen Awards 2025 | Press Release | TG4\",\"isPartOf\":{\"@id\":\"https:\/\/dev.tg4.ie\/en\/#website\"},\"primaryImageOfPage\":{\"@id\":\"https:\/\/dev.tg4.ie\/en\/information\/press\/press-releases\/2024-2\/tg4-cula4-commissioning-editor-siobhan-ni-bhradaigh-selected-as-judge-for-prestigious-kidscreen-awards-2025\/#primaryimage\"},\"image\":{\"@id\":\"https:\/\/dev.tg4.ie\/en\/information\/press\/press-releases\/2024-2\/tg4-cula4-commissioning-editor-siobhan-ni-bhradaigh-selected-as-judge-for-prestigious-kidscreen-awards-2025\/#primaryimage\"},\"thumbnailUrl\":\"https:\/\/dev.tg4.ie\/wp-content\/uploads\/2024\/10\/Siobhan_Ni_Bhradaigh_1-1920x1080-1.jpg\",\"datePublished\":\"2024-10-10T13:46:15+00:00\",\"dateModified\":\"2024-10-10T13:46:15+00:00\",\"description\":\"TG4 is proud to announce that Siobh\u00e1n N\u00ed Bhr\u00e1daigh, Commissioning Editor and Acquisitions Executive for Children\u2019s Content at TG4 and C\u00fala4, has been chosen as a judge for the prestigious Kidscreen Awards 2025.\",\"breadcrumb\":{\"@id\":\"https:\/\/dev.tg4.ie\/en\/information\/press\/press-releases\/2024-2\/tg4-cula4-commissioning-editor-siobhan-ni-bhradaigh-selected-as-judge-for-prestigious-kidscreen-awards-2025\/#breadcrumb\"},\"inLanguage\":\"en-ie\",\"potentialAction\":[{\"@type\":\"ReadAction\",\"target\":[\"https:\/\/dev.tg4.ie\/en\/information\/press\/press-releases\/2024-2\/tg4-cula4-commissioning-editor-siobhan-ni-bhradaigh-selected-as-judge-for-prestigious-kidscreen-awards-2025\/\"]}]},{\"@type\":\"ImageObject\",\"inLanguage\":\"en-ie\",\"@id\":\"https:\/\/dev.tg4.ie\/en\/information\/press\/press-releases\/2024-2\/tg4-cula4-commissioning-editor-siobhan-ni-bhradaigh-selected-as-judge-for-prestigious-kidscreen-awards-2025\/#primaryimage\",\"url\":\"https:\/\/dev.tg4.ie\/wp-content\/uploads\/2024\/10\/Siobhan_Ni_Bhradaigh_1-1920x1080-1.jpg\",\"contentUrl\":\"https:\/\/dev.tg4.ie\/wp-content\/uploads\/2024\/10\/Siobhan_Ni_Bhradaigh_1-1920x1080-1.jpg\"},{\"@type\":\"BreadcrumbList\",\"@id\":\"https:\/\/dev.tg4.ie\/en\/information\/press\/press-releases\/2024-2\/tg4-cula4-commissioning-editor-siobhan-ni-bhradaigh-selected-as-judge-for-prestigious-kidscreen-awards-2025\/#breadcrumb\",\"itemListElement\":[{\"@type\":\"ListItem\",\"position\":1,\"name\":\"Home\",\"item\":\"https:\/\/dev.tg4.ie\/en\/\"},{\"@type\":\"ListItem\",\"position\":2,\"name\":\"Information\",\"item\":\"https:\/\/dev.tg4.ie\/en\/information\/\"},{\"@type\":\"ListItem\",\"position\":3,\"name\":\"Press\",\"item\":\"https:\/\/dev.tg4.ie\/en\/information\/press\/\"},{\"@type\":\"ListItem\",\"position\":4,\"name\":\"Press Releases\",\"item\":\"https:\/\/dev.tg4.ie\/en\/information\/press\/press-releases\/\"},{\"@type\":\"ListItem\",\"position\":5,\"name\":\"2024\",\"item\":\"https:\/\/dev.tg4.ie\/en\/information\/press\/press-releases\/2024-2\/\"},{\"@type\":\"ListItem\",\"position\":6,\"name\":\"TG4 \/ C\u00fala4 Commissioning Editor Siobh\u00e1n N\u00ed Bhradaigh, selected as Judge for prestigious Kidscreen Awards 2025\"}]},{\"@type\":\"WebSite\",\"@id\":\"https:\/\/dev.tg4.ie\/en\/#website\",\"url\":\"https:\/\/dev.tg4.ie\/en\/\",\"name\":\"TG4\",\"description\":\"S\u00fail Eile\",\"potentialAction\":[{\"@type\":\"SearchAction\",\"target\":{\"@type\":\"EntryPoint\",\"urlTemplate\":\"https:\/\/dev.tg4.ie\/en\/?s={search_term_string}\"},\"query-input\":\"required name=search_term_string\"}],\"inLanguage\":\"en-ie\"}]}<\/script>\n<!-- \/ Yoast SEO plugin. -->","yoast_head_json":{"title":"TG4 \/ C\u00fala4 Commissioning Editor Siobh\u00e1n N\u00ed Bhradaigh, selected as Judge for prestigious Kidscreen Awards 2025 | Press Release | TG4","description":"TG4 is proud to announce that Siobh\u00e1n N\u00ed Bhr\u00e1daigh, Commissioning Editor and Acquisitions Executive for Children\u2019s Content at TG4 and C\u00fala4, has been chosen as a judge for the prestigious Kidscreen Awards 2025.","robots":{"index":"index","follow":"follow","max-snippet":"max-snippet:-1","max-image-preview":"max-image-preview:large","max-video-preview":"max-video-preview:-1"},"og_locale":"en_US","og_type":"article","og_title":"TG4 \/ C\u00fala4 Commissioning Editor Siobh\u00e1n N\u00ed Bhradaigh, selected as Judge for prestigious Kidscreen Awards 2025 | Press Release | TG4","og_description":"TG4 is proud to announce that Siobh\u00e1n N\u00ed Bhr\u00e1daigh, Commissioning Editor and Acquisitions Executive for Children\u2019s Content at TG4 and C\u00fala4, has been chosen as a judge for the prestigious Kidscreen Awards 2025.","og_url":"https:\/\/dev.tg4.ie\/en\/information\/press\/press-releases\/2024-2\/tg4-cula4-commissioning-editor-siobhan-ni-bhradaigh-selected-as-judge-for-prestigious-kidscreen-awards-2025\/","og_site_name":"TG4","article_publisher":"https:\/\/www.facebook.com\/TG4TV","og_image":[{"url":"https:\/\/tg4-docs.s3.amazonaws.com\/wp-content\/uploads\/2024\/10\/10143438\/Siobhan_Ni_Bhradaigh_1-1920x1080-1-700x394.jpg"}],"twitter_card":"summary_large_image","twitter_image":"https:\/\/tg4-docs.s3.amazonaws.com\/wp-content\/uploads\/2024\/10\/10143438\/Siobhan_Ni_Bhradaigh_1-1920x1080-1-700x394.jpg","twitter_site":"@TG4TV","twitter_misc":{"Est. reading time":"2 minutes"},"schema":{"@context":"https:\/\/schema.org","@graph":[{"@type":"WebPage","@id":"https:\/\/dev.tg4.ie\/en\/information\/press\/press-releases\/2024-2\/tg4-cula4-commissioning-editor-siobhan-ni-bhradaigh-selected-as-judge-for-prestigious-kidscreen-awards-2025\/","url":"https:\/\/dev.tg4.ie\/en\/information\/press\/press-releases\/2024-2\/tg4-cula4-commissioning-editor-siobhan-ni-bhradaigh-selected-as-judge-for-prestigious-kidscreen-awards-2025\/","name":"TG4 \/ C\u00fala4 Commissioning Editor Siobh\u00e1n N\u00ed Bhradaigh, selected as Judge for prestigious Kidscreen Awards 2025 | Press Release | TG4","isPartOf":{"@id":"https:\/\/dev.tg4.ie\/en\/#website"},"primaryImageOfPage":{"@id":"https:\/\/dev.tg4.ie\/en\/information\/press\/press-releases\/2024-2\/tg4-cula4-commissioning-editor-siobhan-ni-bhradaigh-selected-as-judge-for-prestigious-kidscreen-awards-2025\/#primaryimage"},"image":{"@id":"https:\/\/dev.tg4.ie\/en\/information\/press\/press-releases\/2024-2\/tg4-cula4-commissioning-editor-siobhan-ni-bhradaigh-selected-as-judge-for-prestigious-kidscreen-awards-2025\/#primaryimage"},"thumbnailUrl":"https:\/\/dev.tg4.ie\/wp-content\/uploads\/2024\/10\/Siobhan_Ni_Bhradaigh_1-1920x1080-1.jpg","datePublished":"2024-10-10T13:46:15+00:00","dateModified":"2024-10-10T13:46:15+00:00","description":"TG4 is proud to announce that Siobh\u00e1n N\u00ed Bhr\u00e1daigh, Commissioning Editor and Acquisitions Executive for Children\u2019s Content at TG4 and C\u00fala4, has been chosen as a judge for the prestigious Kidscreen Awards 2025.","breadcrumb":{"@id":"https:\/\/dev.tg4.ie\/en\/information\/press\/press-releases\/2024-2\/tg4-cula4-commissioning-editor-siobhan-ni-bhradaigh-selected-as-judge-for-prestigious-kidscreen-awards-2025\/#breadcrumb"},"inLanguage":"en-ie","potentialAction":[{"@type":"ReadAction","target":["https:\/\/dev.tg4.ie\/en\/information\/press\/press-releases\/2024-2\/tg4-cula4-commissioning-editor-siobhan-ni-bhradaigh-selected-as-judge-for-prestigious-kidscreen-awards-2025\/"]}]},{"@type":"ImageObject","inLanguage":"en-ie","@id":"https:\/\/dev.tg4.ie\/en\/information\/press\/press-releases\/2024-2\/tg4-cula4-commissioning-editor-siobhan-ni-bhradaigh-selected-as-judge-for-prestigious-kidscreen-awards-2025\/#primaryimage","url":"https:\/\/dev.tg4.ie\/wp-content\/uploads\/2024\/10\/Siobhan_Ni_Bhradaigh_1-1920x1080-1.jpg","contentUrl":"https:\/\/dev.tg4.ie\/wp-content\/uploads\/2024\/10\/Siobhan_Ni_Bhradaigh_1-1920x1080-1.jpg"},{"@type":"BreadcrumbList","@id":"https:\/\/dev.tg4.ie\/en\/information\/press\/press-releases\/2024-2\/tg4-cula4-commissioning-editor-siobhan-ni-bhradaigh-selected-as-judge-for-prestigious-kidscreen-awards-2025\/#breadcrumb","itemListElement":[{"@type":"ListItem","position":1,"name":"Home","item":"https:\/\/dev.tg4.ie\/en\/"},{"@type":"ListItem","position":2,"name":"Information","item":"https:\/\/dev.tg4.ie\/en\/information\/"},{"@type":"ListItem","position":3,"name":"Press","item":"https:\/\/dev.tg4.ie\/en\/information\/press\/"},{"@type":"ListItem","position":4,"name":"Press Releases","item":"https:\/\/dev.tg4.ie\/en\/information\/press\/press-releases\/"},{"@type":"ListItem","position":5,"name":"2024","item":"https:\/\/dev.tg4.ie\/en\/information\/press\/press-releases\/2024-2\/"},{"@type":"ListItem","position":6,"name":"TG4 \/ C\u00fala4 Commissioning Editor Siobh\u00e1n N\u00ed Bhradaigh, selected as Judge for prestigious Kidscreen Awards 2025"}]},{"@type":"WebSite","@id":"https:\/\/dev.tg4.ie\/en\/#website","url":"https:\/\/dev.tg4.ie\/en\/","name":"TG4","description":"S\u00fail Eile","potentialAction":[{"@type":"SearchAction","target":{"@type":"EntryPoint","urlTemplate":"https:\/\/dev.tg4.ie\/en\/?s={search_term_string}"},"query-input":"required name=search_term_string"}],"inLanguage":"en-ie"}]}},"_links":{"self":[{"href":"https:\/\/dev.tg4.ie\/en\/wp-json\/wp\/v2\/pages\/233746"}],"collection":[{"href":"https:\/\/dev.tg4.ie\/en\/wp-json\/wp\/v2\/pages"}],"about":[{"href":"https:\/\/dev.tg4.ie\/en\/wp-json\/wp\/v2\/types\/page"}],"author":[{"embeddable":true,"href":"https:\/\/dev.tg4.ie\/en\/wp-json\/wp\/v2\/users\/876"}],"replies":[{"embeddable":true,"href":"https:\/\/dev.tg4.ie\/en\/wp-json\/wp\/v2\/comments?post=233746"}],"version-history":[{"count":0,"href":"https:\/\/dev.tg4.ie\/en\/wp-json\/wp\/v2\/pages\/233746\/revisions"}],"up":[{"embeddable":true,"href":"https:\/\/dev.tg4.ie\/en\/wp-json\/wp\/v2\/pages\/208150"}],"wp:attachment":[{"href":"https:\/\/dev.tg4.ie\/en\/wp-json\/wp\/v2\/media?parent=233746"}],"curies":[{"name":"wp","href":"https:\/\/api.w.org\/{rel}","templated":true}]}}