{"id":233993,"date":"2024-10-15T16:14:22","date_gmt":"2024-10-15T15:14:22","guid":{"rendered":"https:\/\/dev.tg4.ie\/corporate\/traenail-forbairt\/tus-ceim-eile\/"},"modified":"2024-10-15T17:40:31","modified_gmt":"2024-10-15T16:40:31","slug":"tus-ceim-eile","status":"publish","type":"page","link":"https:\/\/dev.tg4.ie\/en\/corporate\/traenail-forbairt\/tus-ceim-eile\/","title":{"rendered":"T\u00fas &#038; C\u00e9im Eile"},"content":{"rendered":"<h2 class=\"comm-headtitle\">T\u00fas &#038; C\u00e9im Eile<\/h2>\n<p><!--p class=\"comm-date\">The deadline for applications to this round is 3pm Monday 9 September 2024<\/p-->\n<h2>1. T\u00fas<\/h2>\n<p><strong>Short Film Script Initiative for New Writers &#038; Creators from Ireland<br \/>\n(12 min maximum)<\/strong><br \/>\n&nbsp;<br \/>\nTG4 and F\u00eds \u00c9ireann have come together with the Irish Language Broadcast Fund, following the success of the investment made in the Cine4 and TG4\/F\u00eds \u00c9ireann Television Drama Development scheme, to reach the next generation of talented writers.<br \/>\n&nbsp;<br \/>\nThe aim of this joint initiative, &#8216;T\u00fas&#8217;, is to encourage, foster and promote new drama in Irish and to support various Irish speaking creative voices at an early stage of their careers, including a &#8220;S\u00fail Eile&#8221; approach. Applicants must partner with an experienced production company as part of the submission with the capacity to bring the film to completion in both development and production stages.<br \/>\n&nbsp;<br \/>\nIt is hoped that these stories will have an impact on audiences both nationally in Ireland and also globally and will provide insight into new and diverse storytelling, new and diverse communities and contemporary society. The pre-scripted plays should be between 10 and 12 minutes.<br \/>\n&nbsp;<br \/>\n<strong>Up to ten projects will be selected and will be awarded a development budget of \u20ac6,000 each, which will be shared with a script editor mentor during the development journey.<br \/>\n&nbsp;<br \/>\nUp to three short-form scripts from the 10 shortlisted will be awarded \u20ac30,000 each to produce their film.<\/strong><\/p>\n<p>&nbsp;<br \/>\n&nbsp;<\/p>\n<h2>2. C\u00e9im Eile<\/h2>\n<p><strong>Half &#8211; Hour Short Film Script Initiative for New Writers &#038; Creators from Ireland<br \/>\n(25 \u2013 30 mins)<\/strong><br \/>\n&nbsp;<br \/>\nTG4 and F\u00eds \u00c9ireann have come together with the Irish Language Broadcast Fund, following the success of the investment made in the Cine4 and TG4\/F\u00eds \u00c9ireann Television Drama Development scheme, to reach the next generation of talented writers.<br \/>\n&nbsp;<br \/>\nThe aim of this joint initiative, &#8216;C\u00e9im Eile&#8217;, is to encourage emerging Irish speaking talent. Fluent Irish speakers must be confirmed in project submissions. Applicants must partner with an experienced production company as part of the submission with the capacity to bring the film to completion in both development and production stages.<br \/>\n&nbsp;<br \/>\nThe stories should be diverse, innovative and ambitious and challenging in terms of content, style and approach.<br \/>\n&nbsp;<br \/>\n<strong>Up to eight projects will be selected and will be awarded a development budget of \u20ac15,000 each which will be shared with a script editor mentor during the development journey.<br \/>\n&nbsp;<br \/>\nUp to three projects will ultimately be selected for production with a budget of \u20ac100,000 each.<\/strong><br \/>\n&nbsp;<\/p>\n<p><strong>The main aim of the fund:<\/strong><\/p>\n<ol>\n<li>To encourage new emerging talent<\/li>\n<li>Diversity, Equity &#038; Inclusion<\/li>\n<li>To encourage Irish script writing<\/li>\n<li>To attract a national and global audience towards Irish language stories<\/li>\n<li>To create Opportunity, Mentoring, Training through the Irish language<\/li>\n<\/ol>\n<p>&nbsp;<\/p>\n<p><strong>Applications should include the following:<\/strong><\/p>\n<ul>\n<li>Title<\/li>\n<li>Tag-line and USP<\/li>\n<li>Premise and theme<\/li>\n<li>Short treatment \u2013 tell the story in your own words<\/li>\n<li>Why this drama for TG4<\/li>\n<li>Genre<\/li>\n<li>The recommended audience<\/li>\n<li>Description of the main characters and their journey<\/li>\n<li>The Creative team<\/li>\n<\/ul>\n<p>All submissions need to have a Production company onboard from the start.<br \/>\n&nbsp;<\/p>\n<p>&nbsp;<\/p>\n","protected":false},"excerpt":{"rendered":"<p>T\u00fas &#038; C\u00e9im Eile 1. T\u00fas Short Film Script Initiative for New Writers &#038; Creators from Ireland (12 min maximum) &nbsp; TG4 and F\u00eds \u00c9ireann have come together with the Irish Language Broadcast Fund, following the success of the investment made in the Cine4 and TG4\/F\u00eds \u00c9ireann Television Drama Development scheme, to reach the next [&hellip;]<\/p>\n","protected":false},"author":876,"featured_media":114652,"parent":99664,"menu_order":10,"comment_status":"closed","ping_status":"closed","template":"page-templates\/template-corporate.php","meta":{"_acf_changed":false,"footnotes":""},"acf":[],"yoast_head":"<!-- This site is optimized with the Yoast SEO plugin v22.6 - https:\/\/yoast.com\/wordpress\/plugins\/seo\/ -->\n<title>T\u00fas &amp; C\u00e9im Eile - TG4<\/title>\n<meta name=\"robots\" content=\"index, follow, max-snippet:-1, max-image-preview:large, max-video-preview:-1\" \/>\n<meta property=\"og:locale\" content=\"en_US\" \/>\n<meta property=\"og:type\" content=\"article\" \/>\n<meta property=\"og:title\" content=\"T\u00fas &amp; C\u00e9im Eile - TG4\" \/>\n<meta property=\"og:description\" content=\"T\u00fas &#038; C\u00e9im Eile 1. T\u00fas Short Film Script Initiative for New Writers &#038; Creators from Ireland (12 min maximum) &nbsp; TG4 and F\u00eds \u00c9ireann have come together with the Irish Language Broadcast Fund, following the success of the investment made in the Cine4 and TG4\/F\u00eds \u00c9ireann Television Drama Development scheme, to reach the next [&hellip;]\" \/>\n<meta property=\"og:url\" content=\"https:\/\/dev.tg4.ie\/en\/corporate\/traenail-forbairt\/tus-ceim-eile\/\" \/>\n<meta property=\"og:site_name\" content=\"TG4\" \/>\n<meta property=\"article:publisher\" content=\"https:\/\/www.facebook.com\/TG4TV\" \/>\n<meta property=\"article:modified_time\" content=\"2024-10-15T16:40:31+00:00\" \/>\n<meta property=\"og:image\" content=\"https:\/\/tg4-docs.s3.amazonaws.com\/tg4-redesign-2015\/wp-content\/uploads\/2020\/10\/stiurthoir_cine_4.jpg\" \/>\n\t<meta property=\"og:image:width\" content=\"1920\" \/>\n\t<meta property=\"og:image:height\" content=\"1080\" \/>\n\t<meta property=\"og:image:type\" content=\"image\/jpeg\" \/>\n<meta name=\"twitter:card\" content=\"summary_large_image\" \/>\n<meta name=\"twitter:site\" content=\"@TG4TV\" \/>\n<meta name=\"twitter:label1\" content=\"Est. reading time\" \/>\n\t<meta name=\"twitter:data1\" content=\"3 minutes\" \/>\n<script type=\"application\/ld+json\" class=\"yoast-schema-graph\">{\"@context\":\"https:\/\/schema.org\",\"@graph\":[{\"@type\":\"WebPage\",\"@id\":\"https:\/\/dev.tg4.ie\/en\/corporate\/traenail-forbairt\/tus-ceim-eile\/\",\"url\":\"https:\/\/dev.tg4.ie\/en\/corporate\/traenail-forbairt\/tus-ceim-eile\/\",\"name\":\"T\u00fas & C\u00e9im Eile - TG4\",\"isPartOf\":{\"@id\":\"https:\/\/dev.tg4.ie\/en\/#website\"},\"primaryImageOfPage\":{\"@id\":\"https:\/\/dev.tg4.ie\/en\/corporate\/traenail-forbairt\/tus-ceim-eile\/#primaryimage\"},\"image\":{\"@id\":\"https:\/\/dev.tg4.ie\/en\/corporate\/traenail-forbairt\/tus-ceim-eile\/#primaryimage\"},\"thumbnailUrl\":\"https:\/\/tg4-docs.s3.amazonaws.com\/tg4-redesign-2015\/wp-content\/uploads\/2020\/10\/stiurthoir_cine_4.jpg\",\"datePublished\":\"2024-10-15T15:14:22+00:00\",\"dateModified\":\"2024-10-15T16:40:31+00:00\",\"breadcrumb\":{\"@id\":\"https:\/\/dev.tg4.ie\/en\/corporate\/traenail-forbairt\/tus-ceim-eile\/#breadcrumb\"},\"inLanguage\":\"en-ie\",\"potentialAction\":[{\"@type\":\"ReadAction\",\"target\":[\"https:\/\/dev.tg4.ie\/en\/corporate\/traenail-forbairt\/tus-ceim-eile\/\"]}]},{\"@type\":\"ImageObject\",\"inLanguage\":\"en-ie\",\"@id\":\"https:\/\/dev.tg4.ie\/en\/corporate\/traenail-forbairt\/tus-ceim-eile\/#primaryimage\",\"url\":\"https:\/\/tg4-docs.s3.amazonaws.com\/tg4-redesign-2015\/wp-content\/uploads\/2020\/10\/stiurthoir_cine_4.jpg\",\"contentUrl\":\"https:\/\/tg4-docs.s3.amazonaws.com\/tg4-redesign-2015\/wp-content\/uploads\/2020\/10\/stiurthoir_cine_4.jpg\",\"width\":1920,\"height\":1080},{\"@type\":\"BreadcrumbList\",\"@id\":\"https:\/\/dev.tg4.ie\/en\/corporate\/traenail-forbairt\/tus-ceim-eile\/#breadcrumb\",\"itemListElement\":[{\"@type\":\"ListItem\",\"position\":1,\"name\":\"Home\",\"item\":\"https:\/\/dev.tg4.ie\/en\/\"},{\"@type\":\"ListItem\",\"position\":2,\"name\":\"Corporate\",\"item\":\"https:\/\/dev.tg4.ie\/en\/corporate\/\"},{\"@type\":\"ListItem\",\"position\":3,\"name\":\"Traen\u00e1il &#038; Forbairt\",\"item\":\"https:\/\/dev.tg4.ie\/en\/corporate\/traenail-forbairt\/\"},{\"@type\":\"ListItem\",\"position\":4,\"name\":\"T\u00fas &#038; C\u00e9im Eile\"}]},{\"@type\":\"WebSite\",\"@id\":\"https:\/\/dev.tg4.ie\/en\/#website\",\"url\":\"https:\/\/dev.tg4.ie\/en\/\",\"name\":\"TG4\",\"description\":\"S\u00fail Eile\",\"potentialAction\":[{\"@type\":\"SearchAction\",\"target\":{\"@type\":\"EntryPoint\",\"urlTemplate\":\"https:\/\/dev.tg4.ie\/en\/?s={search_term_string}\"},\"query-input\":\"required name=search_term_string\"}],\"inLanguage\":\"en-ie\"}]}<\/script>\n<!-- \/ Yoast SEO plugin. -->","yoast_head_json":{"title":"T\u00fas & C\u00e9im Eile - TG4","robots":{"index":"index","follow":"follow","max-snippet":"max-snippet:-1","max-image-preview":"max-image-preview:large","max-video-preview":"max-video-preview:-1"},"og_locale":"en_US","og_type":"article","og_title":"T\u00fas & C\u00e9im Eile - TG4","og_description":"T\u00fas &#038; C\u00e9im Eile 1. T\u00fas Short Film Script Initiative for New Writers &#038; Creators from Ireland (12 min maximum) &nbsp; TG4 and F\u00eds \u00c9ireann have come together with the Irish Language Broadcast Fund, following the success of the investment made in the Cine4 and TG4\/F\u00eds \u00c9ireann Television Drama Development scheme, to reach the next [&hellip;]","og_url":"https:\/\/dev.tg4.ie\/en\/corporate\/traenail-forbairt\/tus-ceim-eile\/","og_site_name":"TG4","article_publisher":"https:\/\/www.facebook.com\/TG4TV","article_modified_time":"2024-10-15T16:40:31+00:00","og_image":[{"width":1920,"height":1080,"url":"https:\/\/tg4-docs.s3.amazonaws.com\/tg4-redesign-2015\/wp-content\/uploads\/2020\/10\/stiurthoir_cine_4.jpg","type":"image\/jpeg"}],"twitter_card":"summary_large_image","twitter_site":"@TG4TV","twitter_misc":{"Est. reading time":"3 minutes"},"schema":{"@context":"https:\/\/schema.org","@graph":[{"@type":"WebPage","@id":"https:\/\/dev.tg4.ie\/en\/corporate\/traenail-forbairt\/tus-ceim-eile\/","url":"https:\/\/dev.tg4.ie\/en\/corporate\/traenail-forbairt\/tus-ceim-eile\/","name":"T\u00fas & C\u00e9im Eile - TG4","isPartOf":{"@id":"https:\/\/dev.tg4.ie\/en\/#website"},"primaryImageOfPage":{"@id":"https:\/\/dev.tg4.ie\/en\/corporate\/traenail-forbairt\/tus-ceim-eile\/#primaryimage"},"image":{"@id":"https:\/\/dev.tg4.ie\/en\/corporate\/traenail-forbairt\/tus-ceim-eile\/#primaryimage"},"thumbnailUrl":"https:\/\/tg4-docs.s3.amazonaws.com\/tg4-redesign-2015\/wp-content\/uploads\/2020\/10\/stiurthoir_cine_4.jpg","datePublished":"2024-10-15T15:14:22+00:00","dateModified":"2024-10-15T16:40:31+00:00","breadcrumb":{"@id":"https:\/\/dev.tg4.ie\/en\/corporate\/traenail-forbairt\/tus-ceim-eile\/#breadcrumb"},"inLanguage":"en-ie","potentialAction":[{"@type":"ReadAction","target":["https:\/\/dev.tg4.ie\/en\/corporate\/traenail-forbairt\/tus-ceim-eile\/"]}]},{"@type":"ImageObject","inLanguage":"en-ie","@id":"https:\/\/dev.tg4.ie\/en\/corporate\/traenail-forbairt\/tus-ceim-eile\/#primaryimage","url":"https:\/\/tg4-docs.s3.amazonaws.com\/tg4-redesign-2015\/wp-content\/uploads\/2020\/10\/stiurthoir_cine_4.jpg","contentUrl":"https:\/\/tg4-docs.s3.amazonaws.com\/tg4-redesign-2015\/wp-content\/uploads\/2020\/10\/stiurthoir_cine_4.jpg","width":1920,"height":1080},{"@type":"BreadcrumbList","@id":"https:\/\/dev.tg4.ie\/en\/corporate\/traenail-forbairt\/tus-ceim-eile\/#breadcrumb","itemListElement":[{"@type":"ListItem","position":1,"name":"Home","item":"https:\/\/dev.tg4.ie\/en\/"},{"@type":"ListItem","position":2,"name":"Corporate","item":"https:\/\/dev.tg4.ie\/en\/corporate\/"},{"@type":"ListItem","position":3,"name":"Traen\u00e1il &#038; Forbairt","item":"https:\/\/dev.tg4.ie\/en\/corporate\/traenail-forbairt\/"},{"@type":"ListItem","position":4,"name":"T\u00fas &#038; C\u00e9im Eile"}]},{"@type":"WebSite","@id":"https:\/\/dev.tg4.ie\/en\/#website","url":"https:\/\/dev.tg4.ie\/en\/","name":"TG4","description":"S\u00fail Eile","potentialAction":[{"@type":"SearchAction","target":{"@type":"EntryPoint","urlTemplate":"https:\/\/dev.tg4.ie\/en\/?s={search_term_string}"},"query-input":"required name=search_term_string"}],"inLanguage":"en-ie"}]}},"_links":{"self":[{"href":"https:\/\/dev.tg4.ie\/en\/wp-json\/wp\/v2\/pages\/233993"}],"collection":[{"href":"https:\/\/dev.tg4.ie\/en\/wp-json\/wp\/v2\/pages"}],"about":[{"href":"https:\/\/dev.tg4.ie\/en\/wp-json\/wp\/v2\/types\/page"}],"author":[{"embeddable":true,"href":"https:\/\/dev.tg4.ie\/en\/wp-json\/wp\/v2\/users\/876"}],"replies":[{"embeddable":true,"href":"https:\/\/dev.tg4.ie\/en\/wp-json\/wp\/v2\/comments?post=233993"}],"version-history":[{"count":0,"href":"https:\/\/dev.tg4.ie\/en\/wp-json\/wp\/v2\/pages\/233993\/revisions"}],"up":[{"embeddable":true,"href":"https:\/\/dev.tg4.ie\/en\/wp-json\/wp\/v2\/pages\/99664"}],"wp:featuredmedia":[{"embeddable":true,"href":"https:\/\/dev.tg4.ie\/en\/wp-json\/wp\/v2\/media\/114652"}],"wp:attachment":[{"href":"https:\/\/dev.tg4.ie\/en\/wp-json\/wp\/v2\/media?parent=233993"}],"curies":[{"name":"wp","href":"https:\/\/api.w.org\/{rel}","templated":true}]}}