{"id":234010,"date":"2024-10-15T17:26:42","date_gmt":"2024-10-15T16:26:42","guid":{"rendered":"https:\/\/dev.tg4.ie\/?page_id=234010"},"modified":"2025-06-09T22:20:28","modified_gmt":"2025-06-09T21:20:28","slug":"gluin-nua","status":"publish","type":"page","link":"https:\/\/dev.tg4.ie\/en\/corporate\/traenail-forbairt\/gluin-nua\/","title":{"rendered":"Gl\u00fain Nua"},"content":{"rendered":"<h2 class=\"comm-headtitle\">Gl\u00fain Nua<\/h2>\n<p class=\"comm-date\">Is \u00e9 4 i.n. D\u00e9 Luain an 23<sup>\u00fa<\/sup> Meitheamh 2025 an d\u00e1ta deiridh a nglacfar le hiarratais don bhabhta seo<\/p>\n<p>T\u00e1 Gl\u00fain Nua ar ais! T\u00e1 BLOC ar b\u00eds le scl\u00e1ta d\u2019\u00e1bhar \u00far, nu\u00e1la\u00edoch, siams\u00fail, gearr-fhoirme a choimisi\u00fan\u00fa d\u00edrithe go hioml\u00e1n ar \u00e1r leant\u00f3ir\u00ed idir 16-34 bliain d\u2019aois.  D\u00e9an dearmad ar ghramadach na teilif\u00edse, seo ciste maoinithe d\u2019\u00e1bhar do na hard\u00e1in sh\u00f3isialta a bhrisfidh na rialacha sin agus c\u00fapla cinn eile (t\u00e1 s\u00fail againn ;-)&#8230;.<\/p>\n<p>Le cuisle cult\u00fair \u00f3ige na h\u00c9ireann ag preabadh go l\u00e1idir ann, cruth\u00f3far an t-\u00e1bhar digiteach seo leis na luachanna l\u00e9irithe is airde, go pr\u00edomha d\u2019ard\u00e1in BLOC TG4 (Cain\u00e9al YouTube, IGTV, TikTok srl).  Beidh an t-\u00e1bhar is feili\u00fana\u00ed le craoladh ar an Seinnteoir agus ar chain\u00e9al teilif\u00edse TG4 chomh maith.<\/p>\n<p>Faoi sti\u00fair agus faoi mheant\u00f3ireacht na gcomhlachta\u00ed l\u00e9iri\u00fach\u00e1in, is mian linn gl\u00fain nua sc\u00e9alaithe a thabhairt chun cinn a bhfuil f\u00eds ar leith acu don \u00e1bhar seo.  T\u00e1imid sa t\u00f3ir ar thallann \u00far idir sti\u00farth\u00f3ir\u00ed, scr\u00edbhneoir\u00ed agus daoine nua ar sc\u00e1ile\u00e1n a thabharfaidh fuinneamh agus dearcadh nua d\u00fainn:  Cruthaitheoir\u00ed \u00e1bhair a bheas in ann \u00e1bhar samhailteach a chur ar f\u00e1il a l\u00e9ir\u00edonn \u00e1bhar sp\u00e9ise agus eisp\u00e9iris saoil na gl\u00faine ilghn\u00e9ith\u00ed Gaela\u00ed seo \u2013 Gen Z agus fi\u00fa na M\u00edlaoisigh (t\u00e1 sibhse mar chuid de phobal BLOC freisin!)<\/p>\n<p>Ba ch\u00f3ir go mbeadh na smaointe nu\u00e1lach, uaillmhianach, cruthaitheach agus d\u00fashl\u00e1nach i dtaobh \u00e1bhair, st\u00edle agus cuir chuige de agus go mbeadh s\u00e9 mar aidhm acu an aoisghr\u00fapa seo a chur ag g\u00e1ire, ag machnamh, ag arg\u00f3int agus ag caint linn.   N\u00ed m\u00f3r gach coincheap oibri\u00fa go n\u00e1d\u00fartha i nGaeilge agus iad a bheith l\u00e9irithe go pr\u00edomha d\u00f3ibh sin a labhra\u00edonn \u00ed go rialta. Ba cheart go dtarraingeodh \u00e1r n-\u00e1bhar na s\u00faile agus an lucht f\u00e9achana is m\u00f3 ar na hard\u00e1in me\u00e1n s\u00f3isialta agus go mbeadh an t-\u00e1bhar ag sruth\u00fa taobh leis an \u00e1bhar is fearr i dteanga ar bith #Gaeilge<\/p>\n<p>T\u00e1imid ag lorg sraitheanna go pr\u00edomha a bheidh idir 3-6 chl\u00e1r agus 2-10 n\u00f3im\u00e9ad ar fad, ach t\u00e1imid s\u00e1sta smaointe l\u00e1idre aonair gearrfhoirme a bhreithni\u00fa chomh maith.  T\u00e1 sp\u00e9is ar leith againn sna se\u00e1nra\u00ed seo a leanas: <\/p>\n<ul>\n<li><strong>GREANN\/DR\u00c1MA\u00cdOCHT GHRINN:<\/strong>  Is f\u00e9idir leis seo a bheith ina dr\u00e1ma a bhfuil script leis, sceits\u00ed ardchaighde\u00e1nacha, scigscann\u00e1n faisn\u00e9ise n\u00f3 eile.  T\u00e1imid ag lorg \u00e1bhar gearrfhoirme at\u00e1 \u00e1bharach don ghl\u00fain seo a mbeidh fonn orthu \u00e9 a roinnt lena ch\u00e9ile.  Teasta\u00edonn scr\u00edbhneoireacht chliste, gh\u00e9ar, agus theola\u00ed agus t\u00e1 tallann den scoth ar an sc\u00e1ile\u00e1n r\u00edth\u00e1bhachtach.  Siamsa\u00edocht is m\u00f3 a mheallann lucht f\u00e9achana Gen Z mar sin tabhair sin d\u00fainn le bhur dtoil &#8211; B\u00ed d\u00e1na, b\u00ed spra\u00ed\u00fail agus bain g\u00e1ire asainn&#8230;.<\/li>\n<li><strong>FAISN\u00c9IS:<\/strong>  Sraitheanna n\u00f3 scann\u00e1in aonair, cruthaithe don mh\u00fanla gearrfhoirme, le sc\u00e9alta l\u00e1idre \u00e1bhartha agus carachtair\/guthanna a rachaidh i bhfeidhm ar \u00e1r sprioclucht f\u00e9achana.  T\u00e1 muid ag iarraidh sc\u00e9alta f\u00edsi\u00fala, bar\u00e1nt\u00fala, cro\u00ed\u00fala agus cruthaitheacha a thugann l\u00e9argas ar an taith\u00ed saoil, \u00e1bhar sp\u00e9ise agus paisin at\u00e1 ag an sprioclucht f\u00e9achana.  Sc\u00e9alta a thabharfaidh d\u00fashl\u00e1n don m\u00e9id a bhfuilimid ag s\u00fail leis, a chuirfidh ag smaoineamh muid agus a n-ard\u00f3idh \u00e1r gcro\u00ed.  N\u00ed g\u00e1 d\u2019\u00e1bhar faisn\u00e9ise a bheith d\u00e1ir\u00edre i gc\u00f3na\u00ed!<\/li>\n<li><strong>SIAMSA\u00cdOCHT FH\u00cdORASACH:<\/strong> T\u00e1imid sa t\u00f3ir ar smaointe nu\u00e1lacha, ardaidhme le t\u00e9ama\u00ed l\u00e1idre agus tallann l\u00e1idir at\u00e1 paiseanta faoin \u00e1bhar.  Is f\u00e9idir leis a bheith ina shainshraith fh\u00edorasach, form\u00e1id \u00far shiams\u00fail n\u00f3 gn\u00e9 nua chruthaitheach a thugann l\u00e9argas ar leith ar an gceol, na heala\u00edona, ar ch\u00farsa\u00ed faisin, taistil, beatha n\u00f3 treochta\u00ed na linne.<\/li>\n<li><strong>\u00c1BHAR REATHA\/TREOCHT\u00c1IL:<\/strong> T\u00e1 sp\u00e9is l\u00e1idir ag Gen Z i ngach at\u00e1 ag tarl\u00fa timpeall orthu sa domhan.  Ach n\u00ed bhreathna\u00edonn siad ar Nuacht n\u00f3 C\u00farsa\u00ed Reatha mar a rinne na gl\u00fanta rompu &#8211; N\u00ed g\u00e1 d\u00fainn ach TikTok a oscailt leis sin a thuiscint!  Mar sin t\u00e1 muid sa t\u00f3ir ar shraith a bheas in ann na sc\u00e9alta is m\u00f3 cainte agus is \u00e1bhartha a chur os comhair lucht f\u00e9achana d\u00edlis BLOC.<\/li>\n<\/ul>\n<p>Ach fan soicind!  B\u2019fh\u00e9idir go bhfuil smaoineamh agat nach lu\u00edonn leis an m\u00e9id thuas &#8211; m\u00e1 t\u00e1 cur chugainn \u00e9 le bhur dtoil\u2026<\/p>\n<p>N\u00ed m\u00f3r do gach iarratas teacht \u00f3 chomhlacht l\u00e9iri\u00fach\u00e1in agus n\u00ed m\u00f3r iad a chur ar aghaidh go leictreonach ar shu\u00edomh eCoimisi\u00fan TG4 <strong>roimh 4i.n. D\u00e9 Luain an 23<sup>\u00fa<\/sup> Meitheamh 2025<\/strong>.   Mura bhfuil an comhlacht cl\u00e1raithe, caithfear cl\u00e1r\u00fa ar dt\u00fas ar an su\u00edomh <a href=\"https:\/\/ecomm.tg4.ie\/\" rel=\"noopener\" target=\"_blank\">https:\/\/ecomm.tg4.ie\/<\/a> agus an t-iarratas a uasl\u00f3d\u00e1il roimh an sprioc-am tr\u00edd an rogha, <em>\u2018Gl\u00fain Nua 2025\u2019<\/em>, \u00f3n roghchl\u00e1r anuas.   T\u00e1 s\u00e9 i gceist againn seisi\u00fain cur i l\u00e1thair a dh\u00e9anamh faoi dheireadh mh\u00ed na Samhna agus togra\u00ed a chur go conradh go luath ina dhiaidh sin.<br \/>\n&nbsp;<br \/>\n<strong>BA CH\u00d3IR NA NITHE SEO A LEANAS A BHEITH I NGACH IARRATAS:<\/strong><\/p>\n<ul>\n<li>Iarratas ina bhfuil \u00e1bhar, cur chuige cruthaitheach, ton, agus st\u00edl fh\u00edsi\u00fail san \u00e1ireamh ann.<\/li>\n<li>An chaoi agus an f\u00e1th a meallfaidh an smaoineamh seo an sprioclucht f\u00e9achana; c\u00e9n f\u00e1th an bhfuil an t-\u00e1bhar agus cur chuige \u00e1bhartha agus conas a rachaidh s\u00e9 i bhfeidhm ar dhaoine?<\/li>\n<li>\u00c1bhar Digiteach:  C\u00e9n tuiscint agus taith\u00ed at\u00e1 ag an bhfoireann ar \u00e1bhar digiteach a chruth\u00fa; c\u00e9n t-ard\u00e1n is fearr don tsraith seo chun an sprioclucht f\u00e9achana a aimsi\u00fa agus c\u00e9n t-\u00e1bhar breise a bheidh \u00e1 chruth\u00fa chun poibl\u00edocht trasard\u00e1in a dh\u00e9anamh ar an tsraith\/cl\u00e1r?<\/li>\n<li>Conas a thabharfar faoi st\u00edl fh\u00edsi\u00fail ar leith don \u00e1bhar seo i nd\u00e1il le taifeadadh, eagarth\u00f3ireacht, grafaic\u00ed, \u00edomh\u00e1nna, mionsamhlacha srl.<\/li>\n<li>Eolas ar an bhfoireann chruthaitheach l\u00e9iri\u00fach\u00e1in, lena n-\u00e1ir\u00edtear an tallann \u00far (sti\u00farth\u00f3ir, scr\u00edbhneoir, tallann ar sc\u00e1ile\u00e1n srl) a bheas ceangailte leis an togra seo.  Is g\u00e1 mar a dh\u00e9anfar an tallann nua seo a fhorbairt agus an cine\u00e1l meant\u00f3ireachta a bheidh \u00e1 thabhairt d\u00f3ibh mar chuid den phr\u00f3iseas l\u00e9irithe a thabhairt le fios.  F\u00e1ilt\u00edmid roimh thallann l\u00e1idir chruthaitheach mn\u00e1 ach go h\u00e1irithe sa bhabhta seo.<\/li>\n<li>Buis\u00e9ad ioml\u00e1n agus sceideal seachadta an togra.   Beimid ag s\u00fail le buis\u00e9ad idir \u20ac600 &#8211; \u20ac1,000 an n\u00f3im\u00e9ad (anuas ar chostais mheant\u00f3ireachta) ar an \u00e1bhar seo ag brath ar she\u00e1nra, sc\u00e1la agus uaillmhian an togra.<\/li>\n<\/ul>\n<p>&nbsp;<br \/>\n<strong><em>T\u00e1 taca\u00edocht arb fhi\u00fa \u20ac90,000 \u00ed faighte ag an gciste seo \u00f3 chomhph\u00e1irt\u00edocht idir TG4, ILBF agus \u00dadar\u00e1s na Gaeltachta agus i gcomhar le Gr\u00e9as\u00e1n na Me\u00e1n agus \u00e9 mar aidhm leis tac\u00fa le tallann nua sa tionscal.<\/em><\/strong><br \/>\n&nbsp;<br \/>\n&nbsp;<br \/>\n<center>GL\u00daIN NUA: taca\u00edocht maoinithe \u00f3:<\/center><br \/>\n<center><img loading=\"lazy\" decoding=\"async\" width=\"204\" height=\"75\" src=\"https:\/\/tg4-docs.s3.amazonaws.com\/wp-content\/uploads\/2025\/03\/19125855\/TG4Beag.jpg\" alt=\"\" class=\"aligncenter size-full wp-image-242305\" srcset=\"https:\/\/tg4-docs.s3.amazonaws.com\/wp-content\/uploads\/2025\/03\/19125855\/TG4Beag.jpg 204w, https:\/\/tg4-docs.s3.amazonaws.com\/wp-content\/uploads\/2025\/03\/19125855\/TG4Beag-120x44.jpg 120w\" sizes=\"(max-width: 204px) 100vw, 204px\" \/><img loading=\"lazy\" decoding=\"async\" width=\"250\" height=\"114\" src=\"https:\/\/tg4-docs.s3.amazonaws.com\/wp-content\/uploads\/2023\/10\/10094016\/Udaras2022_HEX-Logo-png-250x114.png\" alt=\"\" class=\"aligncenter size-medium wp-image-205162\" srcset=\"https:\/\/tg4-docs.s3.amazonaws.com\/wp-content\/uploads\/2023\/10\/10094016\/Udaras2022_HEX-Logo-png-250x114.png 250w, https:\/\/tg4-docs.s3.amazonaws.com\/wp-content\/uploads\/2023\/10\/10094016\/Udaras2022_HEX-Logo-png-700x319.png 700w, https:\/\/tg4-docs.s3.amazonaws.com\/wp-content\/uploads\/2023\/10\/10094016\/Udaras2022_HEX-Logo-png-252x115.png 252w, https:\/\/tg4-docs.s3.amazonaws.com\/wp-content\/uploads\/2023\/10\/10094016\/Udaras2022_HEX-Logo-png-120x55.png 120w, https:\/\/tg4-docs.s3.amazonaws.com\/wp-content\/uploads\/2023\/10\/10094016\/Udaras2022_HEX-Logo-png.png 740w\" sizes=\"(max-width: 250px) 100vw, 250px\" \/><img loading=\"lazy\" decoding=\"async\" width=\"250\" height=\"62\" src=\"https:\/\/tg4-docs.s3.amazonaws.com\/wp-content\/uploads\/2025\/03\/19125617\/NIScreen2025-250x62.jpg\" alt=\"\" class=\"aligncenter size-medium wp-image-242301\" srcset=\"https:\/\/tg4-docs.s3.amazonaws.com\/wp-content\/uploads\/2025\/03\/19125617\/NIScreen2025-250x62.jpg 250w, https:\/\/tg4-docs.s3.amazonaws.com\/wp-content\/uploads\/2025\/03\/19125617\/NIScreen2025-252x63.jpg 252w, https:\/\/tg4-docs.s3.amazonaws.com\/wp-content\/uploads\/2025\/03\/19125617\/NIScreen2025-120x30.jpg 120w, https:\/\/tg4-docs.s3.amazonaws.com\/wp-content\/uploads\/2025\/03\/19125617\/NIScreen2025.jpg 457w\" sizes=\"(max-width: 250px) 100vw, 250px\" \/><\/center><br \/>\n&nbsp;<br \/>\n<center>Agus i gcomhph\u00e1irt le:<\/center><br \/>\n<center><img loading=\"lazy\" decoding=\"async\" width=\"240\" height=\"188\" src=\"https:\/\/tg4-docs.s3.amazonaws.com\/tg4-redesign-2015\/wp-content\/uploads\/2020\/07\/Greasan_na_Mean_logo.jpg\" alt=\"\" class=\"aligncenter size-full wp-image-113487\" srcset=\"https:\/\/tg4-docs.s3.amazonaws.com\/tg4-redesign-2015\/wp-content\/uploads\/2020\/07\/Greasan_na_Mean_logo.jpg 240w, https:\/\/tg4-docs.s3.amazonaws.com\/tg4-redesign-2015\/wp-content\/uploads\/2020\/07\/Greasan_na_Mean_logo-180x141.jpg 180w, https:\/\/tg4-docs.s3.amazonaws.com\/tg4-redesign-2015\/wp-content\/uploads\/2020\/07\/Greasan_na_Mean_logo-120x94.jpg 120w\" sizes=\"(max-width: 240px) 100vw, 240px\" \/><\/center><\/p>\n<p>&nbsp;<\/p>\n","protected":false},"excerpt":{"rendered":"<p>Gl\u00fain Nua Is \u00e9 4 i.n. D\u00e9 Luain an 23\u00fa Meitheamh 2025 an d\u00e1ta deiridh a nglacfar le hiarratais don bhabhta seo T\u00e1 Gl\u00fain Nua ar ais! T\u00e1 BLOC ar b\u00eds le scl\u00e1ta d\u2019\u00e1bhar \u00far, nu\u00e1la\u00edoch, siams\u00fail, gearr-fhoirme a choimisi\u00fan\u00fa d\u00edrithe go hioml\u00e1n ar \u00e1r leant\u00f3ir\u00ed idir 16-34 bliain d\u2019aois. D\u00e9an dearmad ar ghramadach na [&hellip;]<\/p>\n","protected":false},"author":876,"featured_media":234019,"parent":99664,"menu_order":11,"comment_status":"closed","ping_status":"closed","template":"page-templates\/template-corporate.php","meta":{"_acf_changed":false,"footnotes":""},"acf":[],"yoast_head":"<!-- This site is optimized with the Yoast SEO plugin v22.6 - https:\/\/yoast.com\/wordpress\/plugins\/seo\/ -->\n<title>Gl\u00fain Nua 2025 | TG4<\/title>\n<meta name=\"robots\" content=\"index, follow, max-snippet:-1, max-image-preview:large, max-video-preview:-1\" \/>\n<meta property=\"og:locale\" content=\"en_US\" \/>\n<meta property=\"og:type\" content=\"article\" \/>\n<meta property=\"og:title\" content=\"Gl\u00fain Nua 2025 | TG4\" \/>\n<meta property=\"og:description\" content=\"Gl\u00fain Nua Is \u00e9 4 i.n. D\u00e9 Luain an 23\u00fa Meitheamh 2025 an d\u00e1ta deiridh a nglacfar le hiarratais don bhabhta seo T\u00e1 Gl\u00fain Nua ar ais! T\u00e1 BLOC ar b\u00eds le scl\u00e1ta d\u2019\u00e1bhar \u00far, nu\u00e1la\u00edoch, siams\u00fail, gearr-fhoirme a choimisi\u00fan\u00fa d\u00edrithe go hioml\u00e1n ar \u00e1r leant\u00f3ir\u00ed idir 16-34 bliain d\u2019aois. D\u00e9an dearmad ar ghramadach na [&hellip;]\" \/>\n<meta property=\"og:url\" content=\"https:\/\/dev.tg4.ie\/en\/corporate\/traenail-forbairt\/gluin-nua\/\" \/>\n<meta property=\"og:site_name\" content=\"TG4\" \/>\n<meta property=\"article:publisher\" content=\"https:\/\/www.facebook.com\/TG4TV\" \/>\n<meta property=\"article:modified_time\" content=\"2025-06-09T21:20:28+00:00\" \/>\n<meta property=\"og:image\" content=\"https:\/\/tg4-docs.s3.amazonaws.com\/wp-content\/uploads\/2024\/10\/15173725\/Gluin_Nua_1-1920x1080-1.jpg\" \/>\n\t<meta property=\"og:image:width\" content=\"1920\" \/>\n\t<meta property=\"og:image:height\" content=\"1080\" \/>\n\t<meta property=\"og:image:type\" content=\"image\/jpeg\" \/>\n<meta name=\"twitter:card\" content=\"summary_large_image\" \/>\n<meta name=\"twitter:site\" content=\"@TG4TV\" \/>\n<meta name=\"twitter:label1\" content=\"Est. reading time\" \/>\n\t<meta name=\"twitter:data1\" content=\"4 minutes\" \/>\n<script type=\"application\/ld+json\" class=\"yoast-schema-graph\">{\"@context\":\"https:\/\/schema.org\",\"@graph\":[{\"@type\":\"WebPage\",\"@id\":\"https:\/\/dev.tg4.ie\/en\/corporate\/traenail-forbairt\/gluin-nua\/\",\"url\":\"https:\/\/dev.tg4.ie\/en\/corporate\/traenail-forbairt\/gluin-nua\/\",\"name\":\"Gl\u00fain Nua 2025 | TG4\",\"isPartOf\":{\"@id\":\"https:\/\/dev.tg4.ie\/en\/#website\"},\"primaryImageOfPage\":{\"@id\":\"https:\/\/dev.tg4.ie\/en\/corporate\/traenail-forbairt\/gluin-nua\/#primaryimage\"},\"image\":{\"@id\":\"https:\/\/dev.tg4.ie\/en\/corporate\/traenail-forbairt\/gluin-nua\/#primaryimage\"},\"thumbnailUrl\":\"https:\/\/tg4-docs.s3.amazonaws.com\/wp-content\/uploads\/2024\/10\/15173725\/Gluin_Nua_1-1920x1080-1.jpg\",\"datePublished\":\"2024-10-15T16:26:42+00:00\",\"dateModified\":\"2025-06-09T21:20:28+00:00\",\"breadcrumb\":{\"@id\":\"https:\/\/dev.tg4.ie\/en\/corporate\/traenail-forbairt\/gluin-nua\/#breadcrumb\"},\"inLanguage\":\"en-ie\",\"potentialAction\":[{\"@type\":\"ReadAction\",\"target\":[\"https:\/\/dev.tg4.ie\/en\/corporate\/traenail-forbairt\/gluin-nua\/\"]}]},{\"@type\":\"ImageObject\",\"inLanguage\":\"en-ie\",\"@id\":\"https:\/\/dev.tg4.ie\/en\/corporate\/traenail-forbairt\/gluin-nua\/#primaryimage\",\"url\":\"https:\/\/tg4-docs.s3.amazonaws.com\/wp-content\/uploads\/2024\/10\/15173725\/Gluin_Nua_1-1920x1080-1.jpg\",\"contentUrl\":\"https:\/\/tg4-docs.s3.amazonaws.com\/wp-content\/uploads\/2024\/10\/15173725\/Gluin_Nua_1-1920x1080-1.jpg\",\"width\":1920,\"height\":1080},{\"@type\":\"BreadcrumbList\",\"@id\":\"https:\/\/dev.tg4.ie\/en\/corporate\/traenail-forbairt\/gluin-nua\/#breadcrumb\",\"itemListElement\":[{\"@type\":\"ListItem\",\"position\":1,\"name\":\"Home\",\"item\":\"https:\/\/dev.tg4.ie\/en\/\"},{\"@type\":\"ListItem\",\"position\":2,\"name\":\"Corporate\",\"item\":\"https:\/\/dev.tg4.ie\/en\/corporate\/\"},{\"@type\":\"ListItem\",\"position\":3,\"name\":\"Traen\u00e1il &#038; Forbairt\",\"item\":\"https:\/\/dev.tg4.ie\/en\/corporate\/traenail-forbairt\/\"},{\"@type\":\"ListItem\",\"position\":4,\"name\":\"Gl\u00fain Nua\"}]},{\"@type\":\"WebSite\",\"@id\":\"https:\/\/dev.tg4.ie\/en\/#website\",\"url\":\"https:\/\/dev.tg4.ie\/en\/\",\"name\":\"TG4\",\"description\":\"S\u00fail Eile\",\"potentialAction\":[{\"@type\":\"SearchAction\",\"target\":{\"@type\":\"EntryPoint\",\"urlTemplate\":\"https:\/\/dev.tg4.ie\/en\/?s={search_term_string}\"},\"query-input\":\"required name=search_term_string\"}],\"inLanguage\":\"en-ie\"}]}<\/script>\n<!-- \/ Yoast SEO plugin. -->","yoast_head_json":{"title":"Gl\u00fain Nua 2025 | TG4","robots":{"index":"index","follow":"follow","max-snippet":"max-snippet:-1","max-image-preview":"max-image-preview:large","max-video-preview":"max-video-preview:-1"},"og_locale":"en_US","og_type":"article","og_title":"Gl\u00fain Nua 2025 | TG4","og_description":"Gl\u00fain Nua Is \u00e9 4 i.n. D\u00e9 Luain an 23\u00fa Meitheamh 2025 an d\u00e1ta deiridh a nglacfar le hiarratais don bhabhta seo T\u00e1 Gl\u00fain Nua ar ais! T\u00e1 BLOC ar b\u00eds le scl\u00e1ta d\u2019\u00e1bhar \u00far, nu\u00e1la\u00edoch, siams\u00fail, gearr-fhoirme a choimisi\u00fan\u00fa d\u00edrithe go hioml\u00e1n ar \u00e1r leant\u00f3ir\u00ed idir 16-34 bliain d\u2019aois. D\u00e9an dearmad ar ghramadach na [&hellip;]","og_url":"https:\/\/dev.tg4.ie\/en\/corporate\/traenail-forbairt\/gluin-nua\/","og_site_name":"TG4","article_publisher":"https:\/\/www.facebook.com\/TG4TV","article_modified_time":"2025-06-09T21:20:28+00:00","og_image":[{"width":1920,"height":1080,"url":"https:\/\/tg4-docs.s3.amazonaws.com\/wp-content\/uploads\/2024\/10\/15173725\/Gluin_Nua_1-1920x1080-1.jpg","type":"image\/jpeg"}],"twitter_card":"summary_large_image","twitter_site":"@TG4TV","twitter_misc":{"Est. reading time":"4 minutes"},"schema":{"@context":"https:\/\/schema.org","@graph":[{"@type":"WebPage","@id":"https:\/\/dev.tg4.ie\/en\/corporate\/traenail-forbairt\/gluin-nua\/","url":"https:\/\/dev.tg4.ie\/en\/corporate\/traenail-forbairt\/gluin-nua\/","name":"Gl\u00fain Nua 2025 | TG4","isPartOf":{"@id":"https:\/\/dev.tg4.ie\/en\/#website"},"primaryImageOfPage":{"@id":"https:\/\/dev.tg4.ie\/en\/corporate\/traenail-forbairt\/gluin-nua\/#primaryimage"},"image":{"@id":"https:\/\/dev.tg4.ie\/en\/corporate\/traenail-forbairt\/gluin-nua\/#primaryimage"},"thumbnailUrl":"https:\/\/tg4-docs.s3.amazonaws.com\/wp-content\/uploads\/2024\/10\/15173725\/Gluin_Nua_1-1920x1080-1.jpg","datePublished":"2024-10-15T16:26:42+00:00","dateModified":"2025-06-09T21:20:28+00:00","breadcrumb":{"@id":"https:\/\/dev.tg4.ie\/en\/corporate\/traenail-forbairt\/gluin-nua\/#breadcrumb"},"inLanguage":"en-ie","potentialAction":[{"@type":"ReadAction","target":["https:\/\/dev.tg4.ie\/en\/corporate\/traenail-forbairt\/gluin-nua\/"]}]},{"@type":"ImageObject","inLanguage":"en-ie","@id":"https:\/\/dev.tg4.ie\/en\/corporate\/traenail-forbairt\/gluin-nua\/#primaryimage","url":"https:\/\/tg4-docs.s3.amazonaws.com\/wp-content\/uploads\/2024\/10\/15173725\/Gluin_Nua_1-1920x1080-1.jpg","contentUrl":"https:\/\/tg4-docs.s3.amazonaws.com\/wp-content\/uploads\/2024\/10\/15173725\/Gluin_Nua_1-1920x1080-1.jpg","width":1920,"height":1080},{"@type":"BreadcrumbList","@id":"https:\/\/dev.tg4.ie\/en\/corporate\/traenail-forbairt\/gluin-nua\/#breadcrumb","itemListElement":[{"@type":"ListItem","position":1,"name":"Home","item":"https:\/\/dev.tg4.ie\/en\/"},{"@type":"ListItem","position":2,"name":"Corporate","item":"https:\/\/dev.tg4.ie\/en\/corporate\/"},{"@type":"ListItem","position":3,"name":"Traen\u00e1il &#038; Forbairt","item":"https:\/\/dev.tg4.ie\/en\/corporate\/traenail-forbairt\/"},{"@type":"ListItem","position":4,"name":"Gl\u00fain Nua"}]},{"@type":"WebSite","@id":"https:\/\/dev.tg4.ie\/en\/#website","url":"https:\/\/dev.tg4.ie\/en\/","name":"TG4","description":"S\u00fail Eile","potentialAction":[{"@type":"SearchAction","target":{"@type":"EntryPoint","urlTemplate":"https:\/\/dev.tg4.ie\/en\/?s={search_term_string}"},"query-input":"required name=search_term_string"}],"inLanguage":"en-ie"}]}},"_links":{"self":[{"href":"https:\/\/dev.tg4.ie\/en\/wp-json\/wp\/v2\/pages\/234010"}],"collection":[{"href":"https:\/\/dev.tg4.ie\/en\/wp-json\/wp\/v2\/pages"}],"about":[{"href":"https:\/\/dev.tg4.ie\/en\/wp-json\/wp\/v2\/types\/page"}],"author":[{"embeddable":true,"href":"https:\/\/dev.tg4.ie\/en\/wp-json\/wp\/v2\/users\/876"}],"replies":[{"embeddable":true,"href":"https:\/\/dev.tg4.ie\/en\/wp-json\/wp\/v2\/comments?post=234010"}],"version-history":[{"count":0,"href":"https:\/\/dev.tg4.ie\/en\/wp-json\/wp\/v2\/pages\/234010\/revisions"}],"up":[{"embeddable":true,"href":"https:\/\/dev.tg4.ie\/en\/wp-json\/wp\/v2\/pages\/99664"}],"wp:featuredmedia":[{"embeddable":true,"href":"https:\/\/dev.tg4.ie\/en\/wp-json\/wp\/v2\/media\/234019"}],"wp:attachment":[{"href":"https:\/\/dev.tg4.ie\/en\/wp-json\/wp\/v2\/media?parent=234010"}],"curies":[{"name":"wp","href":"https:\/\/api.w.org\/{rel}","templated":true}]}}