{"id":234056,"date":"2024-10-16T16:59:28","date_gmt":"2024-10-16T15:59:28","guid":{"rendered":"https:\/\/dev.tg4.ie\/?page_id=234056"},"modified":"2024-10-16T17:02:07","modified_gmt":"2024-10-16T16:02:07","slug":"filming-begins-for-first-short-film-from-the-ceim-eile-scheme-babai-brain-starts-production","status":"publish","type":"page","link":"https:\/\/dev.tg4.ie\/en\/information\/press\/press-releases\/2024-2\/filming-begins-for-first-short-film-from-the-ceim-eile-scheme-babai-brain-starts-production\/","title":{"rendered":"Filming begins for first short film from the C\u00e9im Eile scheme: Baba\u00ed Brain starts production"},"content":{"rendered":"<table>\n<tbody>\n<tr>\n<td width=\"100%\">\n  <img loading=\"lazy\" decoding=\"async\" width=\"1920\" height=\"1080\" src=\"https:\/\/tg4-docs.s3.amazonaws.com\/wp-content\/uploads\/2024\/10\/16161836\/Babai_Brain_1-1920x1080-1.jpg\" alt=\"\" class=\"aligncenter size-full wp-image-234052\" srcset=\"https:\/\/tg4-docs.s3.amazonaws.com\/wp-content\/uploads\/2024\/10\/16161836\/Babai_Brain_1-1920x1080-1.jpg 1920w, https:\/\/tg4-docs.s3.amazonaws.com\/wp-content\/uploads\/2024\/10\/16161836\/Babai_Brain_1-1920x1080-1-250x141.jpg 250w, https:\/\/tg4-docs.s3.amazonaws.com\/wp-content\/uploads\/2024\/10\/16161836\/Babai_Brain_1-1920x1080-1-700x394.jpg 700w, https:\/\/tg4-docs.s3.amazonaws.com\/wp-content\/uploads\/2024\/10\/16161836\/Babai_Brain_1-1920x1080-1-252x141.jpg 252w, https:\/\/tg4-docs.s3.amazonaws.com\/wp-content\/uploads\/2024\/10\/16161836\/Babai_Brain_1-1920x1080-1-1536x864.jpg 1536w, https:\/\/tg4-docs.s3.amazonaws.com\/wp-content\/uploads\/2024\/10\/16161836\/Babai_Brain_1-1920x1080-1-120x68.jpg 120w\" sizes=\"(max-width: 1920px) 100vw, 1920px\" \/>\n<\/td>\n<\/tr>\n<\/tbody>\n<\/table>\n<p><sup>Pic: Producer: Ciar\u00e1n Charles \u00d3 Conghaile,  Writer and actress: Br\u00edd\u00edn N\u00ed Mhaoldomhnaigh and director for the project: Nikolaj Feifer<\/sup><br \/>\n&nbsp;<\/p>\n<p>TG4 are delighted to announce that filming has commenced this week on <em>Baba\u00ed Brain<\/em>, the first film to emerge from their new Irish-language talent initiative, C\u00e9im Eile. This exciting production is taking place in the scenic village of An Spid\u00e9al, Connemara, and marks a significant milestone in the Irish-language film industry.<br \/>\n&nbsp;<br \/>\n&nbsp;<br \/>\n<strong>Baba\u00ed Brain<\/strong> is a vibrant, modern film aimed at 18-35 year olds. Described as a \u2018chick flick\u2019, the story is set to captivate young audiences with its engaging characters and contemporary themes. Written by and starring Br\u00edd\u00edn N\u00ed Mhaoldomhnaigh, Baba\u00ed Brain promises to bring fresh voices and new perspectives to the Irish-language screen.<br \/>\n&nbsp;<br \/>\nThe film is being produced by F\u00edb\u00edn Media, with Ciar\u00e1n Charles \u00d3 Conghaile serving as producer. Notably, the director for the project is Nikolaj Feifer, best known as the creator and director of the Netflix hit <em>Baby Fever<\/em>.  His involvement brings an exciting international element to the production, blending local talent with global expertise.<br \/>\n&nbsp;<br \/>\n&nbsp;<br \/>\n<strong>About C\u00e9im Eile:<\/strong><br \/>\nC\u00e9im Eile is a groundbreaking initiative launched in 2022 by TG4, F\u00eds \u00c9ireann, and the Irish Language Broadcast Fund, following the success of their collaborative efforts with the Cine4 and TG4\/F\u00eds \u00c9ireann Television Drama Development schemes. The aim of C\u00e9im Eile is to discover, develop and nurture the next generation of Irish-speaking writers and filmmakers, providing a platform for emerging talent to shine.<br \/>\n&nbsp;<br \/>\n&nbsp;<br \/>\n<strong>A Bright Future for Irish-Language Cinema:<\/strong><br \/>\nTG4 is committed to supporting and promoting Irish-language content, and the C\u00e9im Eile scheme represents the next step in its mission to foster new talent. <em>Baba\u00ed Brain<\/em> is a testament to the initiative&#8217;s potential to bring fresh, dynamic stories to Irish-speaking audiences, while also contributing to the growth of the Irish-language film industry.<br \/>\n&nbsp;<br \/>\nC\u00e9im Eile builds on the foundation of successful Irish-language productions and opens doors for new voices to enter the world of screenwriting and filmmaking. TG4, F\u00eds \u00c9ireann, and the Irish Language Broadcast Fund have demonstrated their commitment to nurturing these voices, ensuring the continued development of Irish-language content across all platforms.<br \/>\n&nbsp;<br \/>\n<strong>M\u00e1ire U\u00ed Choisdealbha, Commissioning Editor at TG4<\/strong>, commented: <em>&#8220;We are thrilled to see the first production from C\u00e9im Eile come to life with Baba\u00ed Brain. This initiative is all about giving new and emerging Irish-speaking talent the opportunity to tell their stories, and we couldn\u2019t be prouder of the team involved. The combination of fresh writing, experienced production, and an international director like Nikolaj Feifer is a fantastic start for the scheme.&#8221;<\/em><br \/>\n&nbsp;<br \/>\n&nbsp;<br \/>\n<strong>Looking Ahead:<\/strong><br \/>\nFilming for <em>Baba\u00ed Brain<\/em> will continue for the rest of the week in Connemara, with a release expected next year.  As the first project from the C\u00e9im Eile initiative, it is already generating excitement, and expectations are high for the future projects that will follow.<br \/>\n&nbsp;<br \/>\n&nbsp;<br \/>\n<strong>Notes to Editors:<\/strong> <\/p>\n<ul>\n<li><em>Baba\u00ed Brain<\/em> is the first film from C\u00e9im Eile, a joint initiative from TG4, F\u00eds \u00c9ireann, and the Irish Language Broadcast Fund.<\/li>\n<li>The film is produced by F\u00edb\u00edn Media, with Br\u00edd\u00edn N\u00ed Mhaoldomhnaigh as writer, Darach \u00d3 Tuairisg as Exectutive Producer with F\u00edb\u00edn, Ciar\u00e1n Charles \u00d3 Conghaile as producer, and Nikolaj Feifer (Baby Fever) as director.<\/li>\n<li>C\u00e9im Eile aims to encourage new and emerging Irish-speaking writers and filmmakers.<\/li>\n<\/ul>\n<p>&nbsp;<\/p>\n<p>&nbsp;<\/p>\n<p>&nbsp;<\/p>\n","protected":false},"excerpt":{"rendered":"<p>Pic: Producer: Ciar\u00e1n Charles \u00d3 Conghaile, Writer and actress: Br\u00edd\u00edn N\u00ed Mhaoldomhnaigh and director for the project: Nikolaj Feifer &nbsp; TG4 are delighted to announce that filming has commenced this week on Baba\u00ed Brain, the first film to emerge from their new Irish-language talent initiative, C\u00e9im Eile. This exciting production is taking place in the [&hellip;]<\/p>\n","protected":false},"author":876,"featured_media":0,"parent":208150,"menu_order":35,"comment_status":"closed","ping_status":"closed","template":"page-templates\/template-pr.php","meta":{"_acf_changed":false,"footnotes":""},"acf":[],"yoast_head":"<!-- This site is optimized with the Yoast SEO plugin v22.6 - https:\/\/yoast.com\/wordpress\/plugins\/seo\/ -->\n<title>Filming begins for first short film from the C\u00e9im Eile scheme: Baba\u00ed Brain starts production | Press Release | TG4<\/title>\n<meta name=\"description\" content=\"TG4 are delighted to announce that filming has commenced this week on Baba\u00ed Brain, the first film to emerge from their new Irish-language talent initiative, C\u00e9im Eile.\" \/>\n<meta name=\"robots\" content=\"index, follow, max-snippet:-1, max-image-preview:large, max-video-preview:-1\" \/>\n<meta property=\"og:locale\" content=\"en_US\" \/>\n<meta property=\"og:type\" content=\"article\" \/>\n<meta property=\"og:title\" content=\"Filming begins for first short film from the C\u00e9im Eile scheme: Baba\u00ed Brain starts production | Press Release | TG4\" \/>\n<meta property=\"og:description\" content=\"TG4 are delighted to announce that filming has commenced this week on Baba\u00ed Brain, the first film to emerge from their new Irish-language talent initiative, C\u00e9im Eile.\" \/>\n<meta property=\"og:url\" content=\"https:\/\/dev.tg4.ie\/en\/information\/press\/press-releases\/2024-2\/filming-begins-for-first-short-film-from-the-ceim-eile-scheme-babai-brain-starts-production\/\" \/>\n<meta property=\"og:site_name\" content=\"TG4\" \/>\n<meta property=\"article:publisher\" content=\"https:\/\/www.facebook.com\/TG4TV\" \/>\n<meta property=\"article:modified_time\" content=\"2024-10-16T16:02:07+00:00\" \/>\n<meta property=\"og:image\" content=\"https:\/\/tg4-docs.s3.amazonaws.com\/wp-content\/uploads\/2024\/10\/16161836\/Babai_Brain_1-1920x1080-1-700x394.jpg\" \/>\n<meta name=\"twitter:card\" content=\"summary_large_image\" \/>\n<meta name=\"twitter:image\" content=\"https:\/\/tg4-docs.s3.amazonaws.com\/wp-content\/uploads\/2024\/10\/16161836\/Babai_Brain_1-1920x1080-1-700x394.jpg\" \/>\n<meta name=\"twitter:site\" content=\"@TG4TV\" \/>\n<meta name=\"twitter:label1\" content=\"Est. reading time\" \/>\n\t<meta name=\"twitter:data1\" content=\"3 minutes\" \/>\n<script type=\"application\/ld+json\" class=\"yoast-schema-graph\">{\"@context\":\"https:\/\/schema.org\",\"@graph\":[{\"@type\":\"WebPage\",\"@id\":\"https:\/\/dev.tg4.ie\/en\/information\/press\/press-releases\/2024-2\/filming-begins-for-first-short-film-from-the-ceim-eile-scheme-babai-brain-starts-production\/\",\"url\":\"https:\/\/dev.tg4.ie\/en\/information\/press\/press-releases\/2024-2\/filming-begins-for-first-short-film-from-the-ceim-eile-scheme-babai-brain-starts-production\/\",\"name\":\"Filming begins for first short film from the C\u00e9im Eile scheme: Baba\u00ed Brain starts production | Press Release | TG4\",\"isPartOf\":{\"@id\":\"https:\/\/dev.tg4.ie\/en\/#website\"},\"primaryImageOfPage\":{\"@id\":\"https:\/\/dev.tg4.ie\/en\/information\/press\/press-releases\/2024-2\/filming-begins-for-first-short-film-from-the-ceim-eile-scheme-babai-brain-starts-production\/#primaryimage\"},\"image\":{\"@id\":\"https:\/\/dev.tg4.ie\/en\/information\/press\/press-releases\/2024-2\/filming-begins-for-first-short-film-from-the-ceim-eile-scheme-babai-brain-starts-production\/#primaryimage\"},\"thumbnailUrl\":\"https:\/\/dev.tg4.ie\/wp-content\/uploads\/2024\/10\/Babai_Brain_1-1920x1080-1.jpg\",\"datePublished\":\"2024-10-16T15:59:28+00:00\",\"dateModified\":\"2024-10-16T16:02:07+00:00\",\"description\":\"TG4 are delighted to announce that filming has commenced this week on Baba\u00ed Brain, the first film to emerge from their new Irish-language talent initiative, C\u00e9im Eile.\",\"breadcrumb\":{\"@id\":\"https:\/\/dev.tg4.ie\/en\/information\/press\/press-releases\/2024-2\/filming-begins-for-first-short-film-from-the-ceim-eile-scheme-babai-brain-starts-production\/#breadcrumb\"},\"inLanguage\":\"en-ie\",\"potentialAction\":[{\"@type\":\"ReadAction\",\"target\":[\"https:\/\/dev.tg4.ie\/en\/information\/press\/press-releases\/2024-2\/filming-begins-for-first-short-film-from-the-ceim-eile-scheme-babai-brain-starts-production\/\"]}]},{\"@type\":\"ImageObject\",\"inLanguage\":\"en-ie\",\"@id\":\"https:\/\/dev.tg4.ie\/en\/information\/press\/press-releases\/2024-2\/filming-begins-for-first-short-film-from-the-ceim-eile-scheme-babai-brain-starts-production\/#primaryimage\",\"url\":\"https:\/\/dev.tg4.ie\/wp-content\/uploads\/2024\/10\/Babai_Brain_1-1920x1080-1.jpg\",\"contentUrl\":\"https:\/\/dev.tg4.ie\/wp-content\/uploads\/2024\/10\/Babai_Brain_1-1920x1080-1.jpg\"},{\"@type\":\"BreadcrumbList\",\"@id\":\"https:\/\/dev.tg4.ie\/en\/information\/press\/press-releases\/2024-2\/filming-begins-for-first-short-film-from-the-ceim-eile-scheme-babai-brain-starts-production\/#breadcrumb\",\"itemListElement\":[{\"@type\":\"ListItem\",\"position\":1,\"name\":\"Home\",\"item\":\"https:\/\/dev.tg4.ie\/en\/\"},{\"@type\":\"ListItem\",\"position\":2,\"name\":\"Information\",\"item\":\"https:\/\/dev.tg4.ie\/en\/information\/\"},{\"@type\":\"ListItem\",\"position\":3,\"name\":\"Press\",\"item\":\"https:\/\/dev.tg4.ie\/en\/information\/press\/\"},{\"@type\":\"ListItem\",\"position\":4,\"name\":\"Press Releases\",\"item\":\"https:\/\/dev.tg4.ie\/en\/information\/press\/press-releases\/\"},{\"@type\":\"ListItem\",\"position\":5,\"name\":\"2024\",\"item\":\"https:\/\/dev.tg4.ie\/en\/information\/press\/press-releases\/2024-2\/\"},{\"@type\":\"ListItem\",\"position\":6,\"name\":\"Filming begins for first short film from the C\u00e9im Eile scheme: Baba\u00ed Brain starts production\"}]},{\"@type\":\"WebSite\",\"@id\":\"https:\/\/dev.tg4.ie\/en\/#website\",\"url\":\"https:\/\/dev.tg4.ie\/en\/\",\"name\":\"TG4\",\"description\":\"S\u00fail Eile\",\"potentialAction\":[{\"@type\":\"SearchAction\",\"target\":{\"@type\":\"EntryPoint\",\"urlTemplate\":\"https:\/\/dev.tg4.ie\/en\/?s={search_term_string}\"},\"query-input\":\"required name=search_term_string\"}],\"inLanguage\":\"en-ie\"}]}<\/script>\n<!-- \/ Yoast SEO plugin. -->","yoast_head_json":{"title":"Filming begins for first short film from the C\u00e9im Eile scheme: Baba\u00ed Brain starts production | Press Release | TG4","description":"TG4 are delighted to announce that filming has commenced this week on Baba\u00ed Brain, the first film to emerge from their new Irish-language talent initiative, C\u00e9im Eile.","robots":{"index":"index","follow":"follow","max-snippet":"max-snippet:-1","max-image-preview":"max-image-preview:large","max-video-preview":"max-video-preview:-1"},"og_locale":"en_US","og_type":"article","og_title":"Filming begins for first short film from the C\u00e9im Eile scheme: Baba\u00ed Brain starts production | Press Release | TG4","og_description":"TG4 are delighted to announce that filming has commenced this week on Baba\u00ed Brain, the first film to emerge from their new Irish-language talent initiative, C\u00e9im Eile.","og_url":"https:\/\/dev.tg4.ie\/en\/information\/press\/press-releases\/2024-2\/filming-begins-for-first-short-film-from-the-ceim-eile-scheme-babai-brain-starts-production\/","og_site_name":"TG4","article_publisher":"https:\/\/www.facebook.com\/TG4TV","article_modified_time":"2024-10-16T16:02:07+00:00","og_image":[{"url":"https:\/\/tg4-docs.s3.amazonaws.com\/wp-content\/uploads\/2024\/10\/16161836\/Babai_Brain_1-1920x1080-1-700x394.jpg"}],"twitter_card":"summary_large_image","twitter_image":"https:\/\/tg4-docs.s3.amazonaws.com\/wp-content\/uploads\/2024\/10\/16161836\/Babai_Brain_1-1920x1080-1-700x394.jpg","twitter_site":"@TG4TV","twitter_misc":{"Est. reading time":"3 minutes"},"schema":{"@context":"https:\/\/schema.org","@graph":[{"@type":"WebPage","@id":"https:\/\/dev.tg4.ie\/en\/information\/press\/press-releases\/2024-2\/filming-begins-for-first-short-film-from-the-ceim-eile-scheme-babai-brain-starts-production\/","url":"https:\/\/dev.tg4.ie\/en\/information\/press\/press-releases\/2024-2\/filming-begins-for-first-short-film-from-the-ceim-eile-scheme-babai-brain-starts-production\/","name":"Filming begins for first short film from the C\u00e9im Eile scheme: Baba\u00ed Brain starts production | Press Release | TG4","isPartOf":{"@id":"https:\/\/dev.tg4.ie\/en\/#website"},"primaryImageOfPage":{"@id":"https:\/\/dev.tg4.ie\/en\/information\/press\/press-releases\/2024-2\/filming-begins-for-first-short-film-from-the-ceim-eile-scheme-babai-brain-starts-production\/#primaryimage"},"image":{"@id":"https:\/\/dev.tg4.ie\/en\/information\/press\/press-releases\/2024-2\/filming-begins-for-first-short-film-from-the-ceim-eile-scheme-babai-brain-starts-production\/#primaryimage"},"thumbnailUrl":"https:\/\/dev.tg4.ie\/wp-content\/uploads\/2024\/10\/Babai_Brain_1-1920x1080-1.jpg","datePublished":"2024-10-16T15:59:28+00:00","dateModified":"2024-10-16T16:02:07+00:00","description":"TG4 are delighted to announce that filming has commenced this week on Baba\u00ed Brain, the first film to emerge from their new Irish-language talent initiative, C\u00e9im Eile.","breadcrumb":{"@id":"https:\/\/dev.tg4.ie\/en\/information\/press\/press-releases\/2024-2\/filming-begins-for-first-short-film-from-the-ceim-eile-scheme-babai-brain-starts-production\/#breadcrumb"},"inLanguage":"en-ie","potentialAction":[{"@type":"ReadAction","target":["https:\/\/dev.tg4.ie\/en\/information\/press\/press-releases\/2024-2\/filming-begins-for-first-short-film-from-the-ceim-eile-scheme-babai-brain-starts-production\/"]}]},{"@type":"ImageObject","inLanguage":"en-ie","@id":"https:\/\/dev.tg4.ie\/en\/information\/press\/press-releases\/2024-2\/filming-begins-for-first-short-film-from-the-ceim-eile-scheme-babai-brain-starts-production\/#primaryimage","url":"https:\/\/dev.tg4.ie\/wp-content\/uploads\/2024\/10\/Babai_Brain_1-1920x1080-1.jpg","contentUrl":"https:\/\/dev.tg4.ie\/wp-content\/uploads\/2024\/10\/Babai_Brain_1-1920x1080-1.jpg"},{"@type":"BreadcrumbList","@id":"https:\/\/dev.tg4.ie\/en\/information\/press\/press-releases\/2024-2\/filming-begins-for-first-short-film-from-the-ceim-eile-scheme-babai-brain-starts-production\/#breadcrumb","itemListElement":[{"@type":"ListItem","position":1,"name":"Home","item":"https:\/\/dev.tg4.ie\/en\/"},{"@type":"ListItem","position":2,"name":"Information","item":"https:\/\/dev.tg4.ie\/en\/information\/"},{"@type":"ListItem","position":3,"name":"Press","item":"https:\/\/dev.tg4.ie\/en\/information\/press\/"},{"@type":"ListItem","position":4,"name":"Press Releases","item":"https:\/\/dev.tg4.ie\/en\/information\/press\/press-releases\/"},{"@type":"ListItem","position":5,"name":"2024","item":"https:\/\/dev.tg4.ie\/en\/information\/press\/press-releases\/2024-2\/"},{"@type":"ListItem","position":6,"name":"Filming begins for first short film from the C\u00e9im Eile scheme: Baba\u00ed Brain starts production"}]},{"@type":"WebSite","@id":"https:\/\/dev.tg4.ie\/en\/#website","url":"https:\/\/dev.tg4.ie\/en\/","name":"TG4","description":"S\u00fail Eile","potentialAction":[{"@type":"SearchAction","target":{"@type":"EntryPoint","urlTemplate":"https:\/\/dev.tg4.ie\/en\/?s={search_term_string}"},"query-input":"required name=search_term_string"}],"inLanguage":"en-ie"}]}},"_links":{"self":[{"href":"https:\/\/dev.tg4.ie\/en\/wp-json\/wp\/v2\/pages\/234056"}],"collection":[{"href":"https:\/\/dev.tg4.ie\/en\/wp-json\/wp\/v2\/pages"}],"about":[{"href":"https:\/\/dev.tg4.ie\/en\/wp-json\/wp\/v2\/types\/page"}],"author":[{"embeddable":true,"href":"https:\/\/dev.tg4.ie\/en\/wp-json\/wp\/v2\/users\/876"}],"replies":[{"embeddable":true,"href":"https:\/\/dev.tg4.ie\/en\/wp-json\/wp\/v2\/comments?post=234056"}],"version-history":[{"count":0,"href":"https:\/\/dev.tg4.ie\/en\/wp-json\/wp\/v2\/pages\/234056\/revisions"}],"up":[{"embeddable":true,"href":"https:\/\/dev.tg4.ie\/en\/wp-json\/wp\/v2\/pages\/208150"}],"wp:attachment":[{"href":"https:\/\/dev.tg4.ie\/en\/wp-json\/wp\/v2\/media?parent=234056"}],"curies":[{"name":"wp","href":"https:\/\/api.w.org\/{rel}","templated":true}]}}