{"id":234422,"date":"2024-10-25T13:24:15","date_gmt":"2024-10-25T12:24:15","guid":{"rendered":"https:\/\/dev.tg4.ie\/?page_id=234422"},"modified":"2024-10-25T13:24:15","modified_gmt":"2024-10-25T12:24:15","slug":"over-100-hours-of-live-handball-to-be-shown-next-week-on-sport-tg4","status":"publish","type":"page","link":"https:\/\/dev.tg4.ie\/en\/information\/press\/press-releases\/2024-2\/over-100-hours-of-live-handball-to-be-shown-next-week-on-sport-tg4\/","title":{"rendered":"Over 100 hours of live handball to be shown next week on Sp\u00f3rt TG4"},"content":{"rendered":"<table>\n<tbody>\n<tr>\n<td width=\"100%\">\n  <img loading=\"lazy\" decoding=\"async\" width=\"1920\" height=\"1080\" src=\"https:\/\/tg4-docs.s3.amazonaws.com\/wp-content\/uploads\/2024\/10\/25131311\/Liathroid_Laimhe_Craobh_4_Bhalla_2024_1-1920x1080-1.jpg\" alt=\"\" class=\"aligncenter size-full wp-image-234419\" srcset=\"https:\/\/tg4-docs.s3.amazonaws.com\/wp-content\/uploads\/2024\/10\/25131311\/Liathroid_Laimhe_Craobh_4_Bhalla_2024_1-1920x1080-1.jpg 1920w, https:\/\/tg4-docs.s3.amazonaws.com\/wp-content\/uploads\/2024\/10\/25131311\/Liathroid_Laimhe_Craobh_4_Bhalla_2024_1-1920x1080-1-250x141.jpg 250w, https:\/\/tg4-docs.s3.amazonaws.com\/wp-content\/uploads\/2024\/10\/25131311\/Liathroid_Laimhe_Craobh_4_Bhalla_2024_1-1920x1080-1-700x394.jpg 700w, https:\/\/tg4-docs.s3.amazonaws.com\/wp-content\/uploads\/2024\/10\/25131311\/Liathroid_Laimhe_Craobh_4_Bhalla_2024_1-1920x1080-1-252x141.jpg 252w, https:\/\/tg4-docs.s3.amazonaws.com\/wp-content\/uploads\/2024\/10\/25131311\/Liathroid_Laimhe_Craobh_4_Bhalla_2024_1-1920x1080-1-1536x864.jpg 1536w, https:\/\/tg4-docs.s3.amazonaws.com\/wp-content\/uploads\/2024\/10\/25131311\/Liathroid_Laimhe_Craobh_4_Bhalla_2024_1-1920x1080-1-120x68.jpg 120w\" sizes=\"(max-width: 1920px) 100vw, 1920px\" \/>\n<\/td>\n<\/tr>\n<\/tbody>\n<\/table>\n<p>&nbsp;<\/p>\n<p>TG4 is thrilled to announce <strong>seven days of live handball coverage<\/strong> for the highly anticipated <strong>2024 oneills.com World 4-Wall Championships<\/strong>. From Monday, October 28th, viewers can tune in to the <a href=\"https:\/\/www.youtube.com\/@SportTG4\" rel=\"noopener\" target=\"_blank\">Sp\u00f3rt TG4 YouTube<\/a> page for a full week of thrilling handball action. The championships will take place from October 26th to November 3rd across multiple venues in Leinster, with the Senior Finals scheduled for Sunday, November 3rd at the National Handball Centre in Croke Park.<br \/>\n&nbsp;<br \/>\nThe 2024 World 4-Wall Championship is set to be the <strong>largest standalone 4-wall event<\/strong> ever hosted, featuring <strong>1,675 entries<\/strong> and <strong>1,900 games<\/strong> scheduled from u11 to the elite open players. Matches will take place across 25 courts in venues including Kilkenny, Carlow, Laois, Offaly, Kildare, Wicklow, and Wexford. Elite players from five countries\u2014USA, Canada, Mexico, Japan, and Ireland\u2014will compete, with reigning champions Martin Mulkerrins (Galway) returning to defend his title.<br \/>\n&nbsp;<br \/>\nTG4\u2019s live coverage will come from the Croke Park showing action from the showcourt as well as courts 2 and 3 court each day. We anticipate <strong>more than 100 hours of live handball<\/strong> will be shown over the course of the 7 days of action, culminating in the Open Finals on Sunday the November 3rd.<br \/>\n&nbsp;<br \/>\n<strong>David Britton, Head of GAA Handball<\/strong>, said: <em>&#8220;GAA Handball are delighted to be hosting our second World Championship in our centenary year as a member of the GAA family. With just short of 1700 entries, the 4-Wall World Championships promises to be another fantastic festival of handball, which will further help to showcase our vibrant and thriving sport. GAA Handball would like to thank R\u00f3n\u00e1n \u00d3 Coisdealbha, Shane Walsh, and all at TG4 for their ongoing support of our wonderful game.&#8221;<\/em><br \/>\n&nbsp;<br \/>\n<strong>R\u00f3n\u00e1n \u00d3 Coisdealbha, Head of TG4 Sp\u00f3rt<\/strong>, said: <em>&#8220;The 2024 Wallball World Championship in August was a resounding success, with record-breaking viewership numbers on TG4. The growing interest in GAA Handball is evident, and our collaboration with GAA Handball has helped in introducing this dynamic sport to a broader audience. We are excited to continue this with our coverage of the 4-Wall World Championships and expect to engage even more viewers as we showcase another thrilling week of world-class handball.&#8221;<\/em><br \/>\n&nbsp;<br \/>\nIn addition to the live coverage, TG4 will broadcast a special <strong>one-hour highlights show<\/strong> on Sunday November 10th at 6pm, showcasing the best moments from the 2024 World 4-Wall Championships. This fully fledged highlights programme will capture the excitement and intensity of the competition, providing fans with a comprehensive recap of the event.<br \/>\n&nbsp;<br \/>\nFurthermore, highlights of the open finals will be featured on GAA 2024 on Monday November 4th at 8pm, offering viewers a chance to relive the key moments from the championship matches.<br \/>\n&nbsp;<br \/>\nTG4 will also broadcast a special <strong>one-hour documentary<\/strong> entitled <em>Liathr\u00f3id L\u00e1imhe<\/em> for the centenary celebrations of GAA Handball. The programme follows the 2024 All-Ireland Four Wall championship season and includes footage from clubs all around the country, plus interviews with some of GAA Handball\u2019s most famous faces. <em>Liathr\u00f3id L\u00e1imhe<\/em> airs on October 28th at 6pm and is repeated on Sunday November 3rd at 5.55pm.<br \/>\n&nbsp;<br \/>\nFor a full schedule of fixtures, visit <a href=\"https:\/\/knowthescore.ie\/\" rel=\"noopener\" target=\"_blank\">knowthescore.ie<\/a>, and for additional information on venues and schedules, head to <a href=\"https:\/\/www.gaahandball.ie\/news\/world-4-wall-championships-important-info\" rel=\"noopener\" target=\"_blank\">GAA Handball<\/a>.<br \/>\n&nbsp;<br \/>\nTG4 looks forward to bringing you all the action live!<br \/>\n&nbsp;<\/p>\n<p>&nbsp;<\/p>\n<p>&nbsp;<\/p>\n","protected":false},"excerpt":{"rendered":"<p>&nbsp; TG4 is thrilled to announce seven days of live handball coverage for the highly anticipated 2024 oneills.com World 4-Wall Championships. From Monday, October 28th, viewers can tune in to the Sp\u00f3rt TG4 YouTube page for a full week of thrilling handball action. The championships will take place from October 26th to November 3rd across [&hellip;]<\/p>\n","protected":false},"author":876,"featured_media":0,"parent":208150,"menu_order":37,"comment_status":"closed","ping_status":"closed","template":"page-templates\/template-pr.php","meta":{"_acf_changed":false,"footnotes":""},"acf":[],"yoast_head":"<!-- This site is optimized with the Yoast SEO plugin v22.6 - https:\/\/yoast.com\/wordpress\/plugins\/seo\/ -->\n<title>Over 100 hours of live handball to be shown next week on Sp\u00f3rt TG4 | Press Release | TG4<\/title>\n<meta name=\"description\" content=\"TG4 is thrilled to announce seven days of live handball coverage for the highly anticipated 2024 oneills.com World 4-Wall Championships.\" \/>\n<meta name=\"robots\" content=\"index, follow, max-snippet:-1, max-image-preview:large, max-video-preview:-1\" \/>\n<meta property=\"og:locale\" content=\"en_US\" \/>\n<meta property=\"og:type\" content=\"article\" \/>\n<meta property=\"og:title\" content=\"Over 100 hours of live handball to be shown next week on Sp\u00f3rt TG4 | Press Release | TG4\" \/>\n<meta property=\"og:description\" content=\"TG4 is thrilled to announce seven days of live handball coverage for the highly anticipated 2024 oneills.com World 4-Wall Championships.\" \/>\n<meta property=\"og:url\" content=\"https:\/\/dev.tg4.ie\/en\/information\/press\/press-releases\/2024-2\/over-100-hours-of-live-handball-to-be-shown-next-week-on-sport-tg4\/\" \/>\n<meta property=\"og:site_name\" content=\"TG4\" \/>\n<meta property=\"article:publisher\" content=\"https:\/\/www.facebook.com\/TG4TV\" \/>\n<meta property=\"og:image\" content=\"https:\/\/tg4-docs.s3.amazonaws.com\/wp-content\/uploads\/2024\/10\/25131311\/Liathroid_Laimhe_Craobh_4_Bhalla_2024_1-1920x1080-1-700x394.jpg\" \/>\n<meta name=\"twitter:card\" content=\"summary_large_image\" \/>\n<meta name=\"twitter:image\" content=\"https:\/\/tg4-docs.s3.amazonaws.com\/wp-content\/uploads\/2024\/10\/25131311\/Liathroid_Laimhe_Craobh_4_Bhalla_2024_1-1920x1080-1-700x394.jpg\" \/>\n<meta name=\"twitter:site\" content=\"@TG4TV\" \/>\n<meta name=\"twitter:label1\" content=\"Est. reading time\" \/>\n\t<meta name=\"twitter:data1\" content=\"3 minutes\" \/>\n<script type=\"application\/ld+json\" class=\"yoast-schema-graph\">{\"@context\":\"https:\/\/schema.org\",\"@graph\":[{\"@type\":\"WebPage\",\"@id\":\"https:\/\/dev.tg4.ie\/en\/information\/press\/press-releases\/2024-2\/over-100-hours-of-live-handball-to-be-shown-next-week-on-sport-tg4\/\",\"url\":\"https:\/\/dev.tg4.ie\/en\/information\/press\/press-releases\/2024-2\/over-100-hours-of-live-handball-to-be-shown-next-week-on-sport-tg4\/\",\"name\":\"Over 100 hours of live handball to be shown next week on Sp\u00f3rt TG4 | Press Release | TG4\",\"isPartOf\":{\"@id\":\"https:\/\/dev.tg4.ie\/en\/#website\"},\"primaryImageOfPage\":{\"@id\":\"https:\/\/dev.tg4.ie\/en\/information\/press\/press-releases\/2024-2\/over-100-hours-of-live-handball-to-be-shown-next-week-on-sport-tg4\/#primaryimage\"},\"image\":{\"@id\":\"https:\/\/dev.tg4.ie\/en\/information\/press\/press-releases\/2024-2\/over-100-hours-of-live-handball-to-be-shown-next-week-on-sport-tg4\/#primaryimage\"},\"thumbnailUrl\":\"https:\/\/dev.tg4.ie\/wp-content\/uploads\/2024\/10\/Liathroid_Laimhe_Craobh_4_Bhalla_2024_1-1920x1080-1.jpg\",\"datePublished\":\"2024-10-25T12:24:15+00:00\",\"dateModified\":\"2024-10-25T12:24:15+00:00\",\"description\":\"TG4 is thrilled to announce seven days of live handball coverage for the highly anticipated 2024 oneills.com World 4-Wall Championships.\",\"breadcrumb\":{\"@id\":\"https:\/\/dev.tg4.ie\/en\/information\/press\/press-releases\/2024-2\/over-100-hours-of-live-handball-to-be-shown-next-week-on-sport-tg4\/#breadcrumb\"},\"inLanguage\":\"en-ie\",\"potentialAction\":[{\"@type\":\"ReadAction\",\"target\":[\"https:\/\/dev.tg4.ie\/en\/information\/press\/press-releases\/2024-2\/over-100-hours-of-live-handball-to-be-shown-next-week-on-sport-tg4\/\"]}]},{\"@type\":\"ImageObject\",\"inLanguage\":\"en-ie\",\"@id\":\"https:\/\/dev.tg4.ie\/en\/information\/press\/press-releases\/2024-2\/over-100-hours-of-live-handball-to-be-shown-next-week-on-sport-tg4\/#primaryimage\",\"url\":\"https:\/\/dev.tg4.ie\/wp-content\/uploads\/2024\/10\/Liathroid_Laimhe_Craobh_4_Bhalla_2024_1-1920x1080-1.jpg\",\"contentUrl\":\"https:\/\/dev.tg4.ie\/wp-content\/uploads\/2024\/10\/Liathroid_Laimhe_Craobh_4_Bhalla_2024_1-1920x1080-1.jpg\"},{\"@type\":\"BreadcrumbList\",\"@id\":\"https:\/\/dev.tg4.ie\/en\/information\/press\/press-releases\/2024-2\/over-100-hours-of-live-handball-to-be-shown-next-week-on-sport-tg4\/#breadcrumb\",\"itemListElement\":[{\"@type\":\"ListItem\",\"position\":1,\"name\":\"Home\",\"item\":\"https:\/\/dev.tg4.ie\/en\/\"},{\"@type\":\"ListItem\",\"position\":2,\"name\":\"Information\",\"item\":\"https:\/\/dev.tg4.ie\/en\/information\/\"},{\"@type\":\"ListItem\",\"position\":3,\"name\":\"Press\",\"item\":\"https:\/\/dev.tg4.ie\/en\/information\/press\/\"},{\"@type\":\"ListItem\",\"position\":4,\"name\":\"Press Releases\",\"item\":\"https:\/\/dev.tg4.ie\/en\/information\/press\/press-releases\/\"},{\"@type\":\"ListItem\",\"position\":5,\"name\":\"2024\",\"item\":\"https:\/\/dev.tg4.ie\/en\/information\/press\/press-releases\/2024-2\/\"},{\"@type\":\"ListItem\",\"position\":6,\"name\":\"Over 100 hours of live handball to be shown next week on Sp\u00f3rt TG4\"}]},{\"@type\":\"WebSite\",\"@id\":\"https:\/\/dev.tg4.ie\/en\/#website\",\"url\":\"https:\/\/dev.tg4.ie\/en\/\",\"name\":\"TG4\",\"description\":\"S\u00fail Eile\",\"potentialAction\":[{\"@type\":\"SearchAction\",\"target\":{\"@type\":\"EntryPoint\",\"urlTemplate\":\"https:\/\/dev.tg4.ie\/en\/?s={search_term_string}\"},\"query-input\":\"required name=search_term_string\"}],\"inLanguage\":\"en-ie\"}]}<\/script>\n<!-- \/ Yoast SEO plugin. -->","yoast_head_json":{"title":"Over 100 hours of live handball to be shown next week on Sp\u00f3rt TG4 | Press Release | TG4","description":"TG4 is thrilled to announce seven days of live handball coverage for the highly anticipated 2024 oneills.com World 4-Wall Championships.","robots":{"index":"index","follow":"follow","max-snippet":"max-snippet:-1","max-image-preview":"max-image-preview:large","max-video-preview":"max-video-preview:-1"},"og_locale":"en_US","og_type":"article","og_title":"Over 100 hours of live handball to be shown next week on Sp\u00f3rt TG4 | Press Release | TG4","og_description":"TG4 is thrilled to announce seven days of live handball coverage for the highly anticipated 2024 oneills.com World 4-Wall Championships.","og_url":"https:\/\/dev.tg4.ie\/en\/information\/press\/press-releases\/2024-2\/over-100-hours-of-live-handball-to-be-shown-next-week-on-sport-tg4\/","og_site_name":"TG4","article_publisher":"https:\/\/www.facebook.com\/TG4TV","og_image":[{"url":"https:\/\/tg4-docs.s3.amazonaws.com\/wp-content\/uploads\/2024\/10\/25131311\/Liathroid_Laimhe_Craobh_4_Bhalla_2024_1-1920x1080-1-700x394.jpg"}],"twitter_card":"summary_large_image","twitter_image":"https:\/\/tg4-docs.s3.amazonaws.com\/wp-content\/uploads\/2024\/10\/25131311\/Liathroid_Laimhe_Craobh_4_Bhalla_2024_1-1920x1080-1-700x394.jpg","twitter_site":"@TG4TV","twitter_misc":{"Est. reading time":"3 minutes"},"schema":{"@context":"https:\/\/schema.org","@graph":[{"@type":"WebPage","@id":"https:\/\/dev.tg4.ie\/en\/information\/press\/press-releases\/2024-2\/over-100-hours-of-live-handball-to-be-shown-next-week-on-sport-tg4\/","url":"https:\/\/dev.tg4.ie\/en\/information\/press\/press-releases\/2024-2\/over-100-hours-of-live-handball-to-be-shown-next-week-on-sport-tg4\/","name":"Over 100 hours of live handball to be shown next week on Sp\u00f3rt TG4 | Press Release | TG4","isPartOf":{"@id":"https:\/\/dev.tg4.ie\/en\/#website"},"primaryImageOfPage":{"@id":"https:\/\/dev.tg4.ie\/en\/information\/press\/press-releases\/2024-2\/over-100-hours-of-live-handball-to-be-shown-next-week-on-sport-tg4\/#primaryimage"},"image":{"@id":"https:\/\/dev.tg4.ie\/en\/information\/press\/press-releases\/2024-2\/over-100-hours-of-live-handball-to-be-shown-next-week-on-sport-tg4\/#primaryimage"},"thumbnailUrl":"https:\/\/dev.tg4.ie\/wp-content\/uploads\/2024\/10\/Liathroid_Laimhe_Craobh_4_Bhalla_2024_1-1920x1080-1.jpg","datePublished":"2024-10-25T12:24:15+00:00","dateModified":"2024-10-25T12:24:15+00:00","description":"TG4 is thrilled to announce seven days of live handball coverage for the highly anticipated 2024 oneills.com World 4-Wall Championships.","breadcrumb":{"@id":"https:\/\/dev.tg4.ie\/en\/information\/press\/press-releases\/2024-2\/over-100-hours-of-live-handball-to-be-shown-next-week-on-sport-tg4\/#breadcrumb"},"inLanguage":"en-ie","potentialAction":[{"@type":"ReadAction","target":["https:\/\/dev.tg4.ie\/en\/information\/press\/press-releases\/2024-2\/over-100-hours-of-live-handball-to-be-shown-next-week-on-sport-tg4\/"]}]},{"@type":"ImageObject","inLanguage":"en-ie","@id":"https:\/\/dev.tg4.ie\/en\/information\/press\/press-releases\/2024-2\/over-100-hours-of-live-handball-to-be-shown-next-week-on-sport-tg4\/#primaryimage","url":"https:\/\/dev.tg4.ie\/wp-content\/uploads\/2024\/10\/Liathroid_Laimhe_Craobh_4_Bhalla_2024_1-1920x1080-1.jpg","contentUrl":"https:\/\/dev.tg4.ie\/wp-content\/uploads\/2024\/10\/Liathroid_Laimhe_Craobh_4_Bhalla_2024_1-1920x1080-1.jpg"},{"@type":"BreadcrumbList","@id":"https:\/\/dev.tg4.ie\/en\/information\/press\/press-releases\/2024-2\/over-100-hours-of-live-handball-to-be-shown-next-week-on-sport-tg4\/#breadcrumb","itemListElement":[{"@type":"ListItem","position":1,"name":"Home","item":"https:\/\/dev.tg4.ie\/en\/"},{"@type":"ListItem","position":2,"name":"Information","item":"https:\/\/dev.tg4.ie\/en\/information\/"},{"@type":"ListItem","position":3,"name":"Press","item":"https:\/\/dev.tg4.ie\/en\/information\/press\/"},{"@type":"ListItem","position":4,"name":"Press Releases","item":"https:\/\/dev.tg4.ie\/en\/information\/press\/press-releases\/"},{"@type":"ListItem","position":5,"name":"2024","item":"https:\/\/dev.tg4.ie\/en\/information\/press\/press-releases\/2024-2\/"},{"@type":"ListItem","position":6,"name":"Over 100 hours of live handball to be shown next week on Sp\u00f3rt TG4"}]},{"@type":"WebSite","@id":"https:\/\/dev.tg4.ie\/en\/#website","url":"https:\/\/dev.tg4.ie\/en\/","name":"TG4","description":"S\u00fail Eile","potentialAction":[{"@type":"SearchAction","target":{"@type":"EntryPoint","urlTemplate":"https:\/\/dev.tg4.ie\/en\/?s={search_term_string}"},"query-input":"required name=search_term_string"}],"inLanguage":"en-ie"}]}},"_links":{"self":[{"href":"https:\/\/dev.tg4.ie\/en\/wp-json\/wp\/v2\/pages\/234422"}],"collection":[{"href":"https:\/\/dev.tg4.ie\/en\/wp-json\/wp\/v2\/pages"}],"about":[{"href":"https:\/\/dev.tg4.ie\/en\/wp-json\/wp\/v2\/types\/page"}],"author":[{"embeddable":true,"href":"https:\/\/dev.tg4.ie\/en\/wp-json\/wp\/v2\/users\/876"}],"replies":[{"embeddable":true,"href":"https:\/\/dev.tg4.ie\/en\/wp-json\/wp\/v2\/comments?post=234422"}],"version-history":[{"count":0,"href":"https:\/\/dev.tg4.ie\/en\/wp-json\/wp\/v2\/pages\/234422\/revisions"}],"up":[{"embeddable":true,"href":"https:\/\/dev.tg4.ie\/en\/wp-json\/wp\/v2\/pages\/208150"}],"wp:attachment":[{"href":"https:\/\/dev.tg4.ie\/en\/wp-json\/wp\/v2\/media?parent=234422"}],"curies":[{"name":"wp","href":"https:\/\/api.w.org\/{rel}","templated":true}]}}