{"id":234436,"date":"2024-10-25T14:12:28","date_gmt":"2024-10-25T13:12:28","guid":{"rendered":"https:\/\/dev.tg4.ie\/?page_id=234436"},"modified":"2024-10-25T14:13:15","modified_gmt":"2024-10-25T13:13:15","slug":"laithreoiri-oga-a-lorg","status":"publish","type":"page","link":"https:\/\/dev.tg4.ie\/en\/information\/press\/press-releases\/2024-2\/laithreoiri-oga-a-lorg\/","title":{"rendered":"L\u00e1ithreoir\u00ed \u00d3ga \u00e1 Lorg"},"content":{"rendered":"<table>\n<tbody>\n<tr>\n<td width=\"100%\">\n  <img loading=\"lazy\" decoding=\"async\" width=\"1920\" height=\"1080\" src=\"https:\/\/tg4-docs.s3.amazonaws.com\/wp-content\/uploads\/2024\/10\/17142056\/Dianchursa_Cula4_1-1920x1080-1.jpg\" alt=\"\" class=\"aligncenter size-full wp-image-234083\" srcset=\"https:\/\/tg4-docs.s3.amazonaws.com\/wp-content\/uploads\/2024\/10\/17142056\/Dianchursa_Cula4_1-1920x1080-1.jpg 1920w, https:\/\/tg4-docs.s3.amazonaws.com\/wp-content\/uploads\/2024\/10\/17142056\/Dianchursa_Cula4_1-1920x1080-1-250x141.jpg 250w, https:\/\/tg4-docs.s3.amazonaws.com\/wp-content\/uploads\/2024\/10\/17142056\/Dianchursa_Cula4_1-1920x1080-1-700x394.jpg 700w, https:\/\/tg4-docs.s3.amazonaws.com\/wp-content\/uploads\/2024\/10\/17142056\/Dianchursa_Cula4_1-1920x1080-1-252x141.jpg 252w, https:\/\/tg4-docs.s3.amazonaws.com\/wp-content\/uploads\/2024\/10\/17142056\/Dianchursa_Cula4_1-1920x1080-1-1536x864.jpg 1536w, https:\/\/tg4-docs.s3.amazonaws.com\/wp-content\/uploads\/2024\/10\/17142056\/Dianchursa_Cula4_1-1920x1080-1-120x68.jpg 120w\" sizes=\"(max-width: 1920px) 100vw, 1920px\" \/>\n<\/td>\n<\/tr>\n<\/tbody>\n<\/table>\n<p>&nbsp;<\/p>\n<p><center>An cainteoir l\u00edofa Gaeilge t\u00fa a bhfuil f\u00e9ith na cruthaitheachta agus na sc\u00e9ala\u00edochta go smior ionat?<\/center><\/p>\n<p><center>An dtaitneodh leat a bheith ar an gc\u00e9ad r\u00e9alta m\u00f3r eile ar an teilif\u00eds don <strong>lucht f\u00e9achana \u00f3g<\/strong>?<\/center><br \/>\n&nbsp;<br \/>\n&nbsp;<\/p>\n<p>T\u00e1 C\u00fala4, i gcomhph\u00e1irt le Gr\u00e9as\u00e1n na Me\u00e1n, ag seoladh dianch\u00farsa traen\u00e1la do chainteoir\u00ed l\u00edofa Gaeilge at\u00e1 os cionn 18 mbliana d\u2019aois ar mian leo a bheith ina l\u00e1ithreoir\u00ed teilif\u00edse.<br \/>\n&nbsp;<br \/>\nDianch\u00farsa saor in aisce at\u00e1 anseo agus beidh s\u00e9 \u00e1 re\u00e1cht\u00e1il in 2025. Tabharfar deis do l\u00e1ithreoir\u00ed nua na scileanna cu\u00ed a theasta\u00edonn uathu a foghlaim le dul os comhair ceamara le linn an dianch\u00farsa seo.  Beidh siad ag foghlaim \u00f3 na gairmithe is fearr sa tionscal, ag forbairt a gcuid scileanna l\u00e1ithreachta don sc\u00e1ile\u00e1n agus ag foghlaim na s\u00e1rscileanna a theasta\u00edonn chun aird an lucht f\u00e9achana \u00f3ig a mhealladh.<br \/>\n&nbsp;<br \/>\n<strong>Karina Feirt\u00e9ar, Bainisteoir Chain\u00e9al C\u00fala4<\/strong>, <em>\u201cT\u00e1 r\u00edm\u00e9ad orainn go bhfuil an dianch\u00farsa seo \u00e1 chur ar f\u00e1il do dhaoine at\u00e1 ag iarraidh dul chun cinn a dh\u00e9anamh i dtionscal na teilif\u00edse agus go m\u00f3r mh\u00f3r daoine a bhfuil sp\u00e9is acu oibri\u00fa sa r\u00e9imse do dhaoine \u00f3ga.  Leis an traen\u00e1il seo, beidh rannph\u00e1irtithe \u00e1balta, n\u00ed hamh\u00e1in a gcuid scileanna l\u00e1ithreachta don sc\u00e1ile\u00e1n a fheabhs\u00fa, ach  oili\u00faint phraitici\u00fail a fh\u00e1il i gcl\u00e1racha teilif\u00edse a l\u00e9iri\u00fa do leana\u00ed. In airde air sin, tabharfar comhairle do na rannph\u00e1irtithe ar conas fosta\u00edocht a fh\u00e1il i dtionscal na teilif\u00edse agus sna me\u00e1in.\u201d<\/em><br \/>\n&nbsp;<br \/>\n<strong>N\u00ed m\u00f3 do na hIarrth\u00f3ir\u00ed:<\/strong><\/p>\n<ol>\n<li>A bheith os cionn 18 mbliana d\u2019aois.<\/li>\n<li>A bheith ina gcainteoir\u00ed l\u00edofa Gaeilge.<\/li>\n<li>An-sp\u00e9is a bheith acu sna me\u00e1in agus sa chumars\u00e1id, go m\u00f3r m\u00f3r in \u00e1bhar a chruth\u00fa do dhaoine \u00f3ga.<\/li>\n<li>A bheith d\u00edograiseach agus spreagtha, agus s\u00e1sta iad f\u00e9in a thiomn\u00fa do chl\u00e1r oili\u00fana dian, a bhogann ar aghaidh go tapa.<\/li>\n<\/ol>\n<p>&nbsp; <\/p>\n<p><strong>An chaoi le hiarratas a dh\u00e9anamh:<\/strong><\/p>\n<p>N\u00ed g\u00e1 ach f\u00edse\u00e1n gairid a thaifeadadh d\u00edot f\u00e9in ag m\u00edni\u00fa an f\u00e1th ar mhaith leat a bheith i do l\u00e1ithreoir teilif\u00edse agus freastal ar an dianch\u00farsa seo. Seol an f\u00edse\u00e1n chuig <a href=\"mailto:cursa@dev.tg4.ie\" rel=\"noopener\" target=\"_blank\">cursa@dev.tg4.ie<\/a> <strong>roimh an 13 Samhain 2024<\/strong>.<br \/>\n&nbsp;<br \/>\nT\u00e1 deiseanna fosta\u00edochta ag dul i m\u00e9id sna me\u00e1in Ghaeilge agus tabharfaidh an c\u00farsa  saor in aisce seo deis do rannph\u00e1irtithe, n\u00ed hamh\u00e1in scileanna nua a fhoghlaim, ach breathn\u00fa i dtreo post a aimsi\u00fa mar l\u00e1ithreoir.<br \/>\n&nbsp;<br \/>\nN\u00e1 caill an deis seo agus scaip an sc\u00e9al i measc do chairde.<br \/>\n&nbsp;<\/p>\n<table>\n<tbody>\n<tr>\n<td width=\"50%\">\n  <img decoding=\"async\" src=\"https:\/\/tg4-docs.s3.amazonaws.com\/wp-content\/uploads\/2024\/10\/25092046\/Cula4_Bandearg_1-1920x1080-1.jpg\" \/>\n<\/td>\n<td width=\"50%\">\n  <img decoding=\"async\" src=\"https:\/\/tg4-docs.s3.amazonaws.com\/wp-content\/uploads\/2024\/10\/25092247\/Greasan_na_Mean_Skillnet_1-1920x1080-1.jpg\" \/>\n<\/td>\n<\/tr>\n<\/tbody>\n<\/table>\n<p>&nbsp;<\/p>\n<p>&nbsp;<\/p>\n","protected":false},"excerpt":{"rendered":"<p>&nbsp; An cainteoir l\u00edofa Gaeilge t\u00fa a bhfuil f\u00e9ith na cruthaitheachta agus na sc\u00e9ala\u00edochta go smior ionat? An dtaitneodh leat a bheith ar an gc\u00e9ad r\u00e9alta m\u00f3r eile ar an teilif\u00eds don lucht f\u00e9achana \u00f3g? &nbsp; &nbsp; T\u00e1 C\u00fala4, i gcomhph\u00e1irt le Gr\u00e9as\u00e1n na Me\u00e1n, ag seoladh dianch\u00farsa traen\u00e1la do chainteoir\u00ed l\u00edofa Gaeilge at\u00e1 os [&hellip;]<\/p>\n","protected":false},"author":876,"featured_media":0,"parent":208150,"menu_order":38,"comment_status":"closed","ping_status":"closed","template":"page-templates\/template-pr.php","meta":{"_acf_changed":false,"footnotes":""},"acf":[],"yoast_head":"<!-- This site is optimized with the Yoast SEO plugin v22.6 - https:\/\/yoast.com\/wordpress\/plugins\/seo\/ -->\n<title>L\u00e1ithreoir\u00ed \u00d3ga \u00e1 Lorg | Preas R\u00e1iteas | TG4<\/title>\n<meta name=\"description\" content=\"T\u00e1 C\u00fala4, i gcomhph\u00e1irt le Gr\u00e9as\u00e1n na Me\u00e1n, ag seoladh dianch\u00farsa traen\u00e1la do chainteoir\u00ed l\u00edofa Gaeilge at\u00e1 os cionn 18 mbliana d\u2019aois ar mian leo a bheith ina l\u00e1ithreoir\u00ed teilif\u00edse.\" \/>\n<meta name=\"robots\" content=\"index, follow, max-snippet:-1, max-image-preview:large, max-video-preview:-1\" \/>\n<meta property=\"og:locale\" content=\"en_US\" \/>\n<meta property=\"og:type\" content=\"article\" \/>\n<meta property=\"og:title\" content=\"L\u00e1ithreoir\u00ed \u00d3ga \u00e1 Lorg | Preas R\u00e1iteas | TG4\" \/>\n<meta property=\"og:description\" content=\"T\u00e1 C\u00fala4, i gcomhph\u00e1irt le Gr\u00e9as\u00e1n na Me\u00e1n, ag seoladh dianch\u00farsa traen\u00e1la do chainteoir\u00ed l\u00edofa Gaeilge at\u00e1 os cionn 18 mbliana d\u2019aois ar mian leo a bheith ina l\u00e1ithreoir\u00ed teilif\u00edse.\" \/>\n<meta property=\"og:url\" content=\"https:\/\/dev.tg4.ie\/en\/information\/press\/press-releases\/2024-2\/laithreoiri-oga-a-lorg\/\" \/>\n<meta property=\"og:site_name\" content=\"TG4\" \/>\n<meta property=\"article:publisher\" content=\"https:\/\/www.facebook.com\/TG4TV\" \/>\n<meta property=\"article:modified_time\" content=\"2024-10-25T13:13:15+00:00\" \/>\n<meta property=\"og:image\" content=\"https:\/\/tg4-docs.s3.amazonaws.com\/wp-content\/uploads\/2024\/10\/17142056\/Dianchursa_Cula4_1-1920x1080-1-700x394.jpg\" \/>\n<meta name=\"twitter:card\" content=\"summary_large_image\" \/>\n<meta name=\"twitter:image\" content=\"https:\/\/tg4-docs.s3.amazonaws.com\/wp-content\/uploads\/2024\/10\/17142056\/Dianchursa_Cula4_1-1920x1080-1-700x394.jpg\" \/>\n<meta name=\"twitter:site\" content=\"@TG4TV\" \/>\n<meta name=\"twitter:label1\" content=\"Est. reading time\" \/>\n\t<meta name=\"twitter:data1\" content=\"3 minutes\" \/>\n<script type=\"application\/ld+json\" class=\"yoast-schema-graph\">{\"@context\":\"https:\/\/schema.org\",\"@graph\":[{\"@type\":\"WebPage\",\"@id\":\"https:\/\/dev.tg4.ie\/en\/information\/press\/press-releases\/2024-2\/laithreoiri-oga-a-lorg\/\",\"url\":\"https:\/\/dev.tg4.ie\/en\/information\/press\/press-releases\/2024-2\/laithreoiri-oga-a-lorg\/\",\"name\":\"L\u00e1ithreoir\u00ed \u00d3ga \u00e1 Lorg | Preas R\u00e1iteas | TG4\",\"isPartOf\":{\"@id\":\"https:\/\/dev.tg4.ie\/en\/#website\"},\"primaryImageOfPage\":{\"@id\":\"https:\/\/dev.tg4.ie\/en\/information\/press\/press-releases\/2024-2\/laithreoiri-oga-a-lorg\/#primaryimage\"},\"image\":{\"@id\":\"https:\/\/dev.tg4.ie\/en\/information\/press\/press-releases\/2024-2\/laithreoiri-oga-a-lorg\/#primaryimage\"},\"thumbnailUrl\":\"https:\/\/dev.tg4.ie\/wp-content\/uploads\/2024\/10\/Dianchursa_Cula4_1-1920x1080-1.jpg\",\"datePublished\":\"2024-10-25T13:12:28+00:00\",\"dateModified\":\"2024-10-25T13:13:15+00:00\",\"description\":\"T\u00e1 C\u00fala4, i gcomhph\u00e1irt le Gr\u00e9as\u00e1n na Me\u00e1n, ag seoladh dianch\u00farsa traen\u00e1la do chainteoir\u00ed l\u00edofa Gaeilge at\u00e1 os cionn 18 mbliana d\u2019aois ar mian leo a bheith ina l\u00e1ithreoir\u00ed teilif\u00edse.\",\"breadcrumb\":{\"@id\":\"https:\/\/dev.tg4.ie\/en\/information\/press\/press-releases\/2024-2\/laithreoiri-oga-a-lorg\/#breadcrumb\"},\"inLanguage\":\"en-ie\",\"potentialAction\":[{\"@type\":\"ReadAction\",\"target\":[\"https:\/\/dev.tg4.ie\/en\/information\/press\/press-releases\/2024-2\/laithreoiri-oga-a-lorg\/\"]}]},{\"@type\":\"ImageObject\",\"inLanguage\":\"en-ie\",\"@id\":\"https:\/\/dev.tg4.ie\/en\/information\/press\/press-releases\/2024-2\/laithreoiri-oga-a-lorg\/#primaryimage\",\"url\":\"https:\/\/dev.tg4.ie\/wp-content\/uploads\/2024\/10\/Dianchursa_Cula4_1-1920x1080-1.jpg\",\"contentUrl\":\"https:\/\/dev.tg4.ie\/wp-content\/uploads\/2024\/10\/Dianchursa_Cula4_1-1920x1080-1.jpg\"},{\"@type\":\"BreadcrumbList\",\"@id\":\"https:\/\/dev.tg4.ie\/en\/information\/press\/press-releases\/2024-2\/laithreoiri-oga-a-lorg\/#breadcrumb\",\"itemListElement\":[{\"@type\":\"ListItem\",\"position\":1,\"name\":\"Home\",\"item\":\"https:\/\/dev.tg4.ie\/en\/\"},{\"@type\":\"ListItem\",\"position\":2,\"name\":\"Information\",\"item\":\"https:\/\/dev.tg4.ie\/en\/information\/\"},{\"@type\":\"ListItem\",\"position\":3,\"name\":\"Press\",\"item\":\"https:\/\/dev.tg4.ie\/en\/information\/press\/\"},{\"@type\":\"ListItem\",\"position\":4,\"name\":\"Press Releases\",\"item\":\"https:\/\/dev.tg4.ie\/en\/information\/press\/press-releases\/\"},{\"@type\":\"ListItem\",\"position\":5,\"name\":\"2024\",\"item\":\"https:\/\/dev.tg4.ie\/en\/information\/press\/press-releases\/2024-2\/\"},{\"@type\":\"ListItem\",\"position\":6,\"name\":\"L\u00e1ithreoir\u00ed \u00d3ga \u00e1 Lorg\"}]},{\"@type\":\"WebSite\",\"@id\":\"https:\/\/dev.tg4.ie\/en\/#website\",\"url\":\"https:\/\/dev.tg4.ie\/en\/\",\"name\":\"TG4\",\"description\":\"S\u00fail Eile\",\"potentialAction\":[{\"@type\":\"SearchAction\",\"target\":{\"@type\":\"EntryPoint\",\"urlTemplate\":\"https:\/\/dev.tg4.ie\/en\/?s={search_term_string}\"},\"query-input\":\"required name=search_term_string\"}],\"inLanguage\":\"en-ie\"}]}<\/script>\n<!-- \/ Yoast SEO plugin. -->","yoast_head_json":{"title":"L\u00e1ithreoir\u00ed \u00d3ga \u00e1 Lorg | Preas R\u00e1iteas | TG4","description":"T\u00e1 C\u00fala4, i gcomhph\u00e1irt le Gr\u00e9as\u00e1n na Me\u00e1n, ag seoladh dianch\u00farsa traen\u00e1la do chainteoir\u00ed l\u00edofa Gaeilge at\u00e1 os cionn 18 mbliana d\u2019aois ar mian leo a bheith ina l\u00e1ithreoir\u00ed teilif\u00edse.","robots":{"index":"index","follow":"follow","max-snippet":"max-snippet:-1","max-image-preview":"max-image-preview:large","max-video-preview":"max-video-preview:-1"},"og_locale":"en_US","og_type":"article","og_title":"L\u00e1ithreoir\u00ed \u00d3ga \u00e1 Lorg | Preas R\u00e1iteas | TG4","og_description":"T\u00e1 C\u00fala4, i gcomhph\u00e1irt le Gr\u00e9as\u00e1n na Me\u00e1n, ag seoladh dianch\u00farsa traen\u00e1la do chainteoir\u00ed l\u00edofa Gaeilge at\u00e1 os cionn 18 mbliana d\u2019aois ar mian leo a bheith ina l\u00e1ithreoir\u00ed teilif\u00edse.","og_url":"https:\/\/dev.tg4.ie\/en\/information\/press\/press-releases\/2024-2\/laithreoiri-oga-a-lorg\/","og_site_name":"TG4","article_publisher":"https:\/\/www.facebook.com\/TG4TV","article_modified_time":"2024-10-25T13:13:15+00:00","og_image":[{"url":"https:\/\/tg4-docs.s3.amazonaws.com\/wp-content\/uploads\/2024\/10\/17142056\/Dianchursa_Cula4_1-1920x1080-1-700x394.jpg"}],"twitter_card":"summary_large_image","twitter_image":"https:\/\/tg4-docs.s3.amazonaws.com\/wp-content\/uploads\/2024\/10\/17142056\/Dianchursa_Cula4_1-1920x1080-1-700x394.jpg","twitter_site":"@TG4TV","twitter_misc":{"Est. reading time":"3 minutes"},"schema":{"@context":"https:\/\/schema.org","@graph":[{"@type":"WebPage","@id":"https:\/\/dev.tg4.ie\/en\/information\/press\/press-releases\/2024-2\/laithreoiri-oga-a-lorg\/","url":"https:\/\/dev.tg4.ie\/en\/information\/press\/press-releases\/2024-2\/laithreoiri-oga-a-lorg\/","name":"L\u00e1ithreoir\u00ed \u00d3ga \u00e1 Lorg | Preas R\u00e1iteas | TG4","isPartOf":{"@id":"https:\/\/dev.tg4.ie\/en\/#website"},"primaryImageOfPage":{"@id":"https:\/\/dev.tg4.ie\/en\/information\/press\/press-releases\/2024-2\/laithreoiri-oga-a-lorg\/#primaryimage"},"image":{"@id":"https:\/\/dev.tg4.ie\/en\/information\/press\/press-releases\/2024-2\/laithreoiri-oga-a-lorg\/#primaryimage"},"thumbnailUrl":"https:\/\/dev.tg4.ie\/wp-content\/uploads\/2024\/10\/Dianchursa_Cula4_1-1920x1080-1.jpg","datePublished":"2024-10-25T13:12:28+00:00","dateModified":"2024-10-25T13:13:15+00:00","description":"T\u00e1 C\u00fala4, i gcomhph\u00e1irt le Gr\u00e9as\u00e1n na Me\u00e1n, ag seoladh dianch\u00farsa traen\u00e1la do chainteoir\u00ed l\u00edofa Gaeilge at\u00e1 os cionn 18 mbliana d\u2019aois ar mian leo a bheith ina l\u00e1ithreoir\u00ed teilif\u00edse.","breadcrumb":{"@id":"https:\/\/dev.tg4.ie\/en\/information\/press\/press-releases\/2024-2\/laithreoiri-oga-a-lorg\/#breadcrumb"},"inLanguage":"en-ie","potentialAction":[{"@type":"ReadAction","target":["https:\/\/dev.tg4.ie\/en\/information\/press\/press-releases\/2024-2\/laithreoiri-oga-a-lorg\/"]}]},{"@type":"ImageObject","inLanguage":"en-ie","@id":"https:\/\/dev.tg4.ie\/en\/information\/press\/press-releases\/2024-2\/laithreoiri-oga-a-lorg\/#primaryimage","url":"https:\/\/dev.tg4.ie\/wp-content\/uploads\/2024\/10\/Dianchursa_Cula4_1-1920x1080-1.jpg","contentUrl":"https:\/\/dev.tg4.ie\/wp-content\/uploads\/2024\/10\/Dianchursa_Cula4_1-1920x1080-1.jpg"},{"@type":"BreadcrumbList","@id":"https:\/\/dev.tg4.ie\/en\/information\/press\/press-releases\/2024-2\/laithreoiri-oga-a-lorg\/#breadcrumb","itemListElement":[{"@type":"ListItem","position":1,"name":"Home","item":"https:\/\/dev.tg4.ie\/en\/"},{"@type":"ListItem","position":2,"name":"Information","item":"https:\/\/dev.tg4.ie\/en\/information\/"},{"@type":"ListItem","position":3,"name":"Press","item":"https:\/\/dev.tg4.ie\/en\/information\/press\/"},{"@type":"ListItem","position":4,"name":"Press Releases","item":"https:\/\/dev.tg4.ie\/en\/information\/press\/press-releases\/"},{"@type":"ListItem","position":5,"name":"2024","item":"https:\/\/dev.tg4.ie\/en\/information\/press\/press-releases\/2024-2\/"},{"@type":"ListItem","position":6,"name":"L\u00e1ithreoir\u00ed \u00d3ga \u00e1 Lorg"}]},{"@type":"WebSite","@id":"https:\/\/dev.tg4.ie\/en\/#website","url":"https:\/\/dev.tg4.ie\/en\/","name":"TG4","description":"S\u00fail Eile","potentialAction":[{"@type":"SearchAction","target":{"@type":"EntryPoint","urlTemplate":"https:\/\/dev.tg4.ie\/en\/?s={search_term_string}"},"query-input":"required name=search_term_string"}],"inLanguage":"en-ie"}]}},"_links":{"self":[{"href":"https:\/\/dev.tg4.ie\/en\/wp-json\/wp\/v2\/pages\/234436"}],"collection":[{"href":"https:\/\/dev.tg4.ie\/en\/wp-json\/wp\/v2\/pages"}],"about":[{"href":"https:\/\/dev.tg4.ie\/en\/wp-json\/wp\/v2\/types\/page"}],"author":[{"embeddable":true,"href":"https:\/\/dev.tg4.ie\/en\/wp-json\/wp\/v2\/users\/876"}],"replies":[{"embeddable":true,"href":"https:\/\/dev.tg4.ie\/en\/wp-json\/wp\/v2\/comments?post=234436"}],"version-history":[{"count":0,"href":"https:\/\/dev.tg4.ie\/en\/wp-json\/wp\/v2\/pages\/234436\/revisions"}],"up":[{"embeddable":true,"href":"https:\/\/dev.tg4.ie\/en\/wp-json\/wp\/v2\/pages\/208150"}],"wp:attachment":[{"href":"https:\/\/dev.tg4.ie\/en\/wp-json\/wp\/v2\/media?parent=234436"}],"curies":[{"name":"wp","href":"https:\/\/api.w.org\/{rel}","templated":true}]}}