{"id":234833,"date":"2024-11-01T08:39:26","date_gmt":"2024-11-01T08:39:26","guid":{"rendered":"https:\/\/dev.tg4.ie\/?page_id=234833"},"modified":"2024-11-04T10:09:54","modified_gmt":"2024-11-04T10:09:54","slug":"fidil-ghorm-wins-audience-award-for-best-irish-feature-at-newport-beach-international-film-festival-in-california","status":"publish","type":"page","link":"https:\/\/dev.tg4.ie\/en\/information\/press\/press-releases\/2024-2\/fidil-ghorm-wins-audience-award-for-best-irish-feature-at-newport-beach-international-film-festival-in-california\/","title":{"rendered":"Fidil Ghorm Wins Audience Award for Best Irish Feature at Newport Beach International Film Festival in California"},"content":{"rendered":"<table>\n<tbody>\n<tr>\n<td width=\"50%\">\n<img loading=\"lazy\" decoding=\"async\" width=\"960\" height=\"1080\" src=\"https:\/\/tg4-docs.s3.amazonaws.com\/wp-content\/uploads\/2024\/11\/04095605\/Fidil_Ghorm_NBFF_1-960x1080-1.jpg\" alt=\"\" class=\"aligncenter size-full wp-image-234830\" srcset=\"https:\/\/tg4-docs.s3.amazonaws.com\/wp-content\/uploads\/2024\/11\/04095605\/Fidil_Ghorm_NBFF_1-960x1080-1.jpg 960w, https:\/\/tg4-docs.s3.amazonaws.com\/wp-content\/uploads\/2024\/11\/04095605\/Fidil_Ghorm_NBFF_1-960x1080-1-250x281.jpg 250w, https:\/\/tg4-docs.s3.amazonaws.com\/wp-content\/uploads\/2024\/11\/04095605\/Fidil_Ghorm_NBFF_1-960x1080-1-700x788.jpg 700w, https:\/\/tg4-docs.s3.amazonaws.com\/wp-content\/uploads\/2024\/11\/04095605\/Fidil_Ghorm_NBFF_1-960x1080-1-125x141.jpg 125w, https:\/\/tg4-docs.s3.amazonaws.com\/wp-content\/uploads\/2024\/11\/04095605\/Fidil_Ghorm_NBFF_1-960x1080-1-120x135.jpg 120w\" sizes=\"(max-width: 960px) 100vw, 960px\" \/>\n<\/td>\n<td width=\"50%\">\n<img loading=\"lazy\" decoding=\"async\" width=\"960\" height=\"1080\" src=\"https:\/\/tg4-docs.s3.amazonaws.com\/wp-content\/uploads\/2024\/11\/04095603\/Fidil_Ghorm_NBFF_2-960x1080-1.jpg\" alt=\"\" class=\"aligncenter size-full wp-image-234829\" srcset=\"https:\/\/tg4-docs.s3.amazonaws.com\/wp-content\/uploads\/2024\/11\/04095603\/Fidil_Ghorm_NBFF_2-960x1080-1.jpg 960w, https:\/\/tg4-docs.s3.amazonaws.com\/wp-content\/uploads\/2024\/11\/04095603\/Fidil_Ghorm_NBFF_2-960x1080-1-250x281.jpg 250w, https:\/\/tg4-docs.s3.amazonaws.com\/wp-content\/uploads\/2024\/11\/04095603\/Fidil_Ghorm_NBFF_2-960x1080-1-700x788.jpg 700w, https:\/\/tg4-docs.s3.amazonaws.com\/wp-content\/uploads\/2024\/11\/04095603\/Fidil_Ghorm_NBFF_2-960x1080-1-125x141.jpg 125w, https:\/\/tg4-docs.s3.amazonaws.com\/wp-content\/uploads\/2024\/11\/04095603\/Fidil_Ghorm_NBFF_2-960x1080-1-120x135.jpg 120w\" sizes=\"(max-width: 960px) 100vw, 960px\" \/>\n<\/td>\n<\/tr>\n<\/tbody>\n<\/table>\n<p>&nbsp;<\/p>\n<p>TG4\u2019s Fidil Ghorm, a heartwarming Irish-language drama, has won the prestigious Audience Award for Best Irish Feature at the Newport International Film Festival in California. This moving story, part of the Cine4 initiative, captured hearts with its tale of young resilience, musical magic, and the bonds that bridge generations.<br \/>\n&nbsp;<br \/>\nDirected by Anne McCabe, written by Patricia Forde, and produced by Br\u00edd Seoighe and Pierce Boyce of Ab\u00fa Media, Fidil Ghorm follows 10-year-old Molly, who believes that learning to play the fiddle like her comatose father might awaken him. Her journey leads her to an unlikely mentor \u2013 a grumpy but talented fiddler in a rehab center \u2013 and together, they embark on a hopeful journey of healing and transformation.<br \/>\n&nbsp;<br \/>\n<em>\u201cMolly\u2019s journey in Fidil Ghorm resonates deeply, capturing the magic and resilience of the human spirit through the lens of Irish language and culture,\u201d<\/em> said <strong>M\u00e1ire N\u00ed Chonl\u00e1in, Commissioning Editor at TG4<\/strong>. <em>\u201cWe\u2019re honored by the audience&#8217;s recognition at Newport Beach and proud to bring this unique story to screens as part of the Cine4 initiative, which continues to champion powerful Irish-language storytelling. Congratulations to Ab\u00fa Media and all the Fidil Ghorm crew on their big win at Newport Beach Film Festival.\u201d<\/em><br \/>\n&nbsp;<br \/>\n<strong>Br\u00edd Seoighe, Producer<\/strong> says; <em>&#8220;It was such a fulfilling and valuable cultural experience for us as producers to present our film for the first time outside of Ireland in Newport Beach and to answer questions in California that the audience asked about our story, our Irish Language, our musical heritage and a real delight to see that they picked up on all its nuances.&#8221;<\/em><br \/>\n&nbsp;<br \/>\nLaunched in July 2024 at the Galway Film Fleadh with the support of TG4, F\u00eds \u00c9ireann\/Screen Ireland, and Coimisi\u00fan na Me\u00e1n, Fidil Ghorm is one of the standout productions of the groundbreaking Cine4 initiative, now celebrating five years of promoting compelling Irish-language cinema.<br \/>\n&nbsp;<br \/>\nThe film stars a remarkable cast, including Ruadh\u00e1n \u00d3 Flatharta, Marcus Lamb, Sarah Jane Scott, Siobh\u00e1n O\u2019Kelly, Barry McGovern, and Edith Lawlor, whose performances breathe life into this poignant story.<br \/>\n&nbsp;<br \/>\nDirector: Anne McCabe<br \/>\nWriter: Patricia Forde<br \/>\nProducers: Br\u00edd Seoighe, Pierce Boyce<br \/>\nCast: Ruadh\u00e1n \u00d3 Flatharta, Marcus Lamb, Sarah Jane Scott, Siobh\u00e1n O\u2019Kelly, Barry Mc Govern, Edith Lawlor.<br \/>\n&nbsp;<\/p>\n<p>&nbsp;<\/p>\n","protected":false},"excerpt":{"rendered":"<p>&nbsp; TG4\u2019s Fidil Ghorm, a heartwarming Irish-language drama, has won the prestigious Audience Award for Best Irish Feature at the Newport International Film Festival in California. This moving story, part of the Cine4 initiative, captured hearts with its tale of young resilience, musical magic, and the bonds that bridge generations. &nbsp; Directed by Anne McCabe, [&hellip;]<\/p>\n","protected":false},"author":876,"featured_media":0,"parent":208150,"menu_order":39,"comment_status":"closed","ping_status":"closed","template":"page-templates\/template-pr.php","meta":{"_acf_changed":false,"footnotes":""},"acf":[],"yoast_head":"<!-- This site is optimized with the Yoast SEO plugin v22.6 - https:\/\/yoast.com\/wordpress\/plugins\/seo\/ -->\n<title>Fidil Ghorm Wins Audience Award for Best Irish Feature at Newport Beach International Film Festival in California | Press Release | TG4<\/title>\n<meta name=\"description\" content=\"TG4\u2019s Fidil Ghorm, a heartwarming Irish-language drama, has won the prestigious Audience Award for Best Irish Feature at the Newport International Film Festival in California.\" \/>\n<meta name=\"robots\" content=\"index, follow, max-snippet:-1, max-image-preview:large, max-video-preview:-1\" \/>\n<meta property=\"og:locale\" content=\"en_US\" \/>\n<meta property=\"og:type\" content=\"article\" \/>\n<meta property=\"og:title\" content=\"Fidil Ghorm Wins Audience Award for Best Irish Feature at Newport Beach International Film Festival in California | Press Release | TG4\" \/>\n<meta property=\"og:description\" content=\"TG4\u2019s Fidil Ghorm, a heartwarming Irish-language drama, has won the prestigious Audience Award for Best Irish Feature at the Newport International Film Festival in California.\" \/>\n<meta property=\"og:url\" content=\"https:\/\/dev.tg4.ie\/en\/information\/press\/press-releases\/2024-2\/fidil-ghorm-wins-audience-award-for-best-irish-feature-at-newport-beach-international-film-festival-in-california\/\" \/>\n<meta property=\"og:site_name\" content=\"TG4\" \/>\n<meta property=\"article:publisher\" content=\"https:\/\/www.facebook.com\/TG4TV\" \/>\n<meta property=\"article:modified_time\" content=\"2024-11-04T10:09:54+00:00\" \/>\n<meta property=\"og:image\" content=\"https:\/\/tg4-docs.s3.amazonaws.com\/wp-content\/uploads\/2024\/11\/04100352\/Fidil_Ghorm_NBFF_3_1920x1080-700x394.jpg\" \/>\n<meta name=\"twitter:card\" content=\"summary_large_image\" \/>\n<meta name=\"twitter:image\" content=\"https:\/\/tg4-docs.s3.amazonaws.com\/wp-content\/uploads\/2024\/11\/04100352\/Fidil_Ghorm_NBFF_3_1920x1080-700x394.jpg\" \/>\n<meta name=\"twitter:site\" content=\"@TG4TV\" \/>\n<meta name=\"twitter:label1\" content=\"Est. reading time\" \/>\n\t<meta name=\"twitter:data1\" content=\"2 minutes\" \/>\n<script type=\"application\/ld+json\" class=\"yoast-schema-graph\">{\"@context\":\"https:\/\/schema.org\",\"@graph\":[{\"@type\":\"WebPage\",\"@id\":\"https:\/\/dev.tg4.ie\/en\/information\/press\/press-releases\/2024-2\/fidil-ghorm-wins-audience-award-for-best-irish-feature-at-newport-beach-international-film-festival-in-california\/\",\"url\":\"https:\/\/dev.tg4.ie\/en\/information\/press\/press-releases\/2024-2\/fidil-ghorm-wins-audience-award-for-best-irish-feature-at-newport-beach-international-film-festival-in-california\/\",\"name\":\"Fidil Ghorm Wins Audience Award for Best Irish Feature at Newport Beach International Film Festival in California | Press Release | TG4\",\"isPartOf\":{\"@id\":\"https:\/\/dev.tg4.ie\/en\/#website\"},\"primaryImageOfPage\":{\"@id\":\"https:\/\/dev.tg4.ie\/en\/information\/press\/press-releases\/2024-2\/fidil-ghorm-wins-audience-award-for-best-irish-feature-at-newport-beach-international-film-festival-in-california\/#primaryimage\"},\"image\":{\"@id\":\"https:\/\/dev.tg4.ie\/en\/information\/press\/press-releases\/2024-2\/fidil-ghorm-wins-audience-award-for-best-irish-feature-at-newport-beach-international-film-festival-in-california\/#primaryimage\"},\"thumbnailUrl\":\"https:\/\/dev.tg4.ie\/wp-content\/uploads\/2024\/11\/Fidil_Ghorm_NBFF_1-960x1080-1.jpg\",\"datePublished\":\"2024-11-01T08:39:26+00:00\",\"dateModified\":\"2024-11-04T10:09:54+00:00\",\"description\":\"TG4\u2019s Fidil Ghorm, a heartwarming Irish-language drama, has won the prestigious Audience Award for Best Irish Feature at the Newport International Film Festival in California.\",\"breadcrumb\":{\"@id\":\"https:\/\/dev.tg4.ie\/en\/information\/press\/press-releases\/2024-2\/fidil-ghorm-wins-audience-award-for-best-irish-feature-at-newport-beach-international-film-festival-in-california\/#breadcrumb\"},\"inLanguage\":\"en-ie\",\"potentialAction\":[{\"@type\":\"ReadAction\",\"target\":[\"https:\/\/dev.tg4.ie\/en\/information\/press\/press-releases\/2024-2\/fidil-ghorm-wins-audience-award-for-best-irish-feature-at-newport-beach-international-film-festival-in-california\/\"]}]},{\"@type\":\"ImageObject\",\"inLanguage\":\"en-ie\",\"@id\":\"https:\/\/dev.tg4.ie\/en\/information\/press\/press-releases\/2024-2\/fidil-ghorm-wins-audience-award-for-best-irish-feature-at-newport-beach-international-film-festival-in-california\/#primaryimage\",\"url\":\"https:\/\/dev.tg4.ie\/wp-content\/uploads\/2024\/11\/Fidil_Ghorm_NBFF_1-960x1080-1.jpg\",\"contentUrl\":\"https:\/\/dev.tg4.ie\/wp-content\/uploads\/2024\/11\/Fidil_Ghorm_NBFF_1-960x1080-1.jpg\"},{\"@type\":\"BreadcrumbList\",\"@id\":\"https:\/\/dev.tg4.ie\/en\/information\/press\/press-releases\/2024-2\/fidil-ghorm-wins-audience-award-for-best-irish-feature-at-newport-beach-international-film-festival-in-california\/#breadcrumb\",\"itemListElement\":[{\"@type\":\"ListItem\",\"position\":1,\"name\":\"Home\",\"item\":\"https:\/\/dev.tg4.ie\/en\/\"},{\"@type\":\"ListItem\",\"position\":2,\"name\":\"Information\",\"item\":\"https:\/\/dev.tg4.ie\/en\/information\/\"},{\"@type\":\"ListItem\",\"position\":3,\"name\":\"Press\",\"item\":\"https:\/\/dev.tg4.ie\/en\/information\/press\/\"},{\"@type\":\"ListItem\",\"position\":4,\"name\":\"Press Releases\",\"item\":\"https:\/\/dev.tg4.ie\/en\/information\/press\/press-releases\/\"},{\"@type\":\"ListItem\",\"position\":5,\"name\":\"2024\",\"item\":\"https:\/\/dev.tg4.ie\/en\/information\/press\/press-releases\/2024-2\/\"},{\"@type\":\"ListItem\",\"position\":6,\"name\":\"Fidil Ghorm Wins Audience Award for Best Irish Feature at Newport Beach International Film Festival in California\"}]},{\"@type\":\"WebSite\",\"@id\":\"https:\/\/dev.tg4.ie\/en\/#website\",\"url\":\"https:\/\/dev.tg4.ie\/en\/\",\"name\":\"TG4\",\"description\":\"S\u00fail Eile\",\"potentialAction\":[{\"@type\":\"SearchAction\",\"target\":{\"@type\":\"EntryPoint\",\"urlTemplate\":\"https:\/\/dev.tg4.ie\/en\/?s={search_term_string}\"},\"query-input\":\"required name=search_term_string\"}],\"inLanguage\":\"en-ie\"}]}<\/script>\n<!-- \/ Yoast SEO plugin. -->","yoast_head_json":{"title":"Fidil Ghorm Wins Audience Award for Best Irish Feature at Newport Beach International Film Festival in California | Press Release | TG4","description":"TG4\u2019s Fidil Ghorm, a heartwarming Irish-language drama, has won the prestigious Audience Award for Best Irish Feature at the Newport International Film Festival in California.","robots":{"index":"index","follow":"follow","max-snippet":"max-snippet:-1","max-image-preview":"max-image-preview:large","max-video-preview":"max-video-preview:-1"},"og_locale":"en_US","og_type":"article","og_title":"Fidil Ghorm Wins Audience Award for Best Irish Feature at Newport Beach International Film Festival in California | Press Release | TG4","og_description":"TG4\u2019s Fidil Ghorm, a heartwarming Irish-language drama, has won the prestigious Audience Award for Best Irish Feature at the Newport International Film Festival in California.","og_url":"https:\/\/dev.tg4.ie\/en\/information\/press\/press-releases\/2024-2\/fidil-ghorm-wins-audience-award-for-best-irish-feature-at-newport-beach-international-film-festival-in-california\/","og_site_name":"TG4","article_publisher":"https:\/\/www.facebook.com\/TG4TV","article_modified_time":"2024-11-04T10:09:54+00:00","og_image":[{"url":"https:\/\/tg4-docs.s3.amazonaws.com\/wp-content\/uploads\/2024\/11\/04100352\/Fidil_Ghorm_NBFF_3_1920x1080-700x394.jpg"}],"twitter_card":"summary_large_image","twitter_image":"https:\/\/tg4-docs.s3.amazonaws.com\/wp-content\/uploads\/2024\/11\/04100352\/Fidil_Ghorm_NBFF_3_1920x1080-700x394.jpg","twitter_site":"@TG4TV","twitter_misc":{"Est. reading time":"2 minutes"},"schema":{"@context":"https:\/\/schema.org","@graph":[{"@type":"WebPage","@id":"https:\/\/dev.tg4.ie\/en\/information\/press\/press-releases\/2024-2\/fidil-ghorm-wins-audience-award-for-best-irish-feature-at-newport-beach-international-film-festival-in-california\/","url":"https:\/\/dev.tg4.ie\/en\/information\/press\/press-releases\/2024-2\/fidil-ghorm-wins-audience-award-for-best-irish-feature-at-newport-beach-international-film-festival-in-california\/","name":"Fidil Ghorm Wins Audience Award for Best Irish Feature at Newport Beach International Film Festival in California | Press Release | TG4","isPartOf":{"@id":"https:\/\/dev.tg4.ie\/en\/#website"},"primaryImageOfPage":{"@id":"https:\/\/dev.tg4.ie\/en\/information\/press\/press-releases\/2024-2\/fidil-ghorm-wins-audience-award-for-best-irish-feature-at-newport-beach-international-film-festival-in-california\/#primaryimage"},"image":{"@id":"https:\/\/dev.tg4.ie\/en\/information\/press\/press-releases\/2024-2\/fidil-ghorm-wins-audience-award-for-best-irish-feature-at-newport-beach-international-film-festival-in-california\/#primaryimage"},"thumbnailUrl":"https:\/\/dev.tg4.ie\/wp-content\/uploads\/2024\/11\/Fidil_Ghorm_NBFF_1-960x1080-1.jpg","datePublished":"2024-11-01T08:39:26+00:00","dateModified":"2024-11-04T10:09:54+00:00","description":"TG4\u2019s Fidil Ghorm, a heartwarming Irish-language drama, has won the prestigious Audience Award for Best Irish Feature at the Newport International Film Festival in California.","breadcrumb":{"@id":"https:\/\/dev.tg4.ie\/en\/information\/press\/press-releases\/2024-2\/fidil-ghorm-wins-audience-award-for-best-irish-feature-at-newport-beach-international-film-festival-in-california\/#breadcrumb"},"inLanguage":"en-ie","potentialAction":[{"@type":"ReadAction","target":["https:\/\/dev.tg4.ie\/en\/information\/press\/press-releases\/2024-2\/fidil-ghorm-wins-audience-award-for-best-irish-feature-at-newport-beach-international-film-festival-in-california\/"]}]},{"@type":"ImageObject","inLanguage":"en-ie","@id":"https:\/\/dev.tg4.ie\/en\/information\/press\/press-releases\/2024-2\/fidil-ghorm-wins-audience-award-for-best-irish-feature-at-newport-beach-international-film-festival-in-california\/#primaryimage","url":"https:\/\/dev.tg4.ie\/wp-content\/uploads\/2024\/11\/Fidil_Ghorm_NBFF_1-960x1080-1.jpg","contentUrl":"https:\/\/dev.tg4.ie\/wp-content\/uploads\/2024\/11\/Fidil_Ghorm_NBFF_1-960x1080-1.jpg"},{"@type":"BreadcrumbList","@id":"https:\/\/dev.tg4.ie\/en\/information\/press\/press-releases\/2024-2\/fidil-ghorm-wins-audience-award-for-best-irish-feature-at-newport-beach-international-film-festival-in-california\/#breadcrumb","itemListElement":[{"@type":"ListItem","position":1,"name":"Home","item":"https:\/\/dev.tg4.ie\/en\/"},{"@type":"ListItem","position":2,"name":"Information","item":"https:\/\/dev.tg4.ie\/en\/information\/"},{"@type":"ListItem","position":3,"name":"Press","item":"https:\/\/dev.tg4.ie\/en\/information\/press\/"},{"@type":"ListItem","position":4,"name":"Press Releases","item":"https:\/\/dev.tg4.ie\/en\/information\/press\/press-releases\/"},{"@type":"ListItem","position":5,"name":"2024","item":"https:\/\/dev.tg4.ie\/en\/information\/press\/press-releases\/2024-2\/"},{"@type":"ListItem","position":6,"name":"Fidil Ghorm Wins Audience Award for Best Irish Feature at Newport Beach International Film Festival in California"}]},{"@type":"WebSite","@id":"https:\/\/dev.tg4.ie\/en\/#website","url":"https:\/\/dev.tg4.ie\/en\/","name":"TG4","description":"S\u00fail Eile","potentialAction":[{"@type":"SearchAction","target":{"@type":"EntryPoint","urlTemplate":"https:\/\/dev.tg4.ie\/en\/?s={search_term_string}"},"query-input":"required name=search_term_string"}],"inLanguage":"en-ie"}]}},"_links":{"self":[{"href":"https:\/\/dev.tg4.ie\/en\/wp-json\/wp\/v2\/pages\/234833"}],"collection":[{"href":"https:\/\/dev.tg4.ie\/en\/wp-json\/wp\/v2\/pages"}],"about":[{"href":"https:\/\/dev.tg4.ie\/en\/wp-json\/wp\/v2\/types\/page"}],"author":[{"embeddable":true,"href":"https:\/\/dev.tg4.ie\/en\/wp-json\/wp\/v2\/users\/876"}],"replies":[{"embeddable":true,"href":"https:\/\/dev.tg4.ie\/en\/wp-json\/wp\/v2\/comments?post=234833"}],"version-history":[{"count":0,"href":"https:\/\/dev.tg4.ie\/en\/wp-json\/wp\/v2\/pages\/234833\/revisions"}],"up":[{"embeddable":true,"href":"https:\/\/dev.tg4.ie\/en\/wp-json\/wp\/v2\/pages\/208150"}],"wp:attachment":[{"href":"https:\/\/dev.tg4.ie\/en\/wp-json\/wp\/v2\/media?parent=234833"}],"curies":[{"name":"wp","href":"https:\/\/api.w.org\/{rel}","templated":true}]}}