{"id":234916,"date":"2024-11-08T15:16:01","date_gmt":"2024-11-08T15:16:01","guid":{"rendered":"https:\/\/dev.tg4.ie\/?page_id=234916"},"modified":"2024-11-08T15:44:37","modified_gmt":"2024-11-08T15:44:37","slug":"tg4-player-brings-you-unmissable-boxsets-and-streaming-gems","status":"publish","type":"page","link":"https:\/\/dev.tg4.ie\/en\/information\/press\/press-releases\/2024-2\/tg4-player-brings-you-unmissable-boxsets-and-streaming-gems\/","title":{"rendered":"TG4 Player brings You Unmissable Boxsets and Streaming Gems"},"content":{"rendered":"<p><!--table>\n\n\n<tbody>\n\n\n<tr>\n\n\n<td width=\"50%\">\n<img loading=\"lazy\" decoding=\"async\" width=\"960\" height=\"1080\" src=\"https:\/\/tg4-docs.s3.amazonaws.com\/wp-content\/uploads\/2024\/11\/04095605\/Fidil_Ghorm_NBFF_1-960x1080-1.jpg\" alt=\"\" class=\"aligncenter size-full wp-image-234830\" srcset=\"https:\/\/tg4-docs.s3.amazonaws.com\/wp-content\/uploads\/2024\/11\/04095605\/Fidil_Ghorm_NBFF_1-960x1080-1.jpg 960w, https:\/\/tg4-docs.s3.amazonaws.com\/wp-content\/uploads\/2024\/11\/04095605\/Fidil_Ghorm_NBFF_1-960x1080-1-250x281.jpg 250w, https:\/\/tg4-docs.s3.amazonaws.com\/wp-content\/uploads\/2024\/11\/04095605\/Fidil_Ghorm_NBFF_1-960x1080-1-700x788.jpg 700w, https:\/\/tg4-docs.s3.amazonaws.com\/wp-content\/uploads\/2024\/11\/04095605\/Fidil_Ghorm_NBFF_1-960x1080-1-125x141.jpg 125w, https:\/\/tg4-docs.s3.amazonaws.com\/wp-content\/uploads\/2024\/11\/04095605\/Fidil_Ghorm_NBFF_1-960x1080-1-120x135.jpg 120w\" sizes=\"(max-width: 960px) 100vw, 960px\" \/>\n<\/td>\n\n\n\n\n<td width=\"50%\">\n<img loading=\"lazy\" decoding=\"async\" width=\"960\" height=\"1080\" src=\"https:\/\/tg4-docs.s3.amazonaws.com\/wp-content\/uploads\/2024\/11\/04095603\/Fidil_Ghorm_NBFF_2-960x1080-1.jpg\" alt=\"\" class=\"aligncenter size-full wp-image-234829\" srcset=\"https:\/\/tg4-docs.s3.amazonaws.com\/wp-content\/uploads\/2024\/11\/04095603\/Fidil_Ghorm_NBFF_2-960x1080-1.jpg 960w, https:\/\/tg4-docs.s3.amazonaws.com\/wp-content\/uploads\/2024\/11\/04095603\/Fidil_Ghorm_NBFF_2-960x1080-1-250x281.jpg 250w, https:\/\/tg4-docs.s3.amazonaws.com\/wp-content\/uploads\/2024\/11\/04095603\/Fidil_Ghorm_NBFF_2-960x1080-1-700x788.jpg 700w, https:\/\/tg4-docs.s3.amazonaws.com\/wp-content\/uploads\/2024\/11\/04095603\/Fidil_Ghorm_NBFF_2-960x1080-1-125x141.jpg 125w, https:\/\/tg4-docs.s3.amazonaws.com\/wp-content\/uploads\/2024\/11\/04095603\/Fidil_Ghorm_NBFF_2-960x1080-1-120x135.jpg 120w\" sizes=\"(max-width: 960px) 100vw, 960px\" \/>\n<\/td>\n\n\n<\/tr>\n\n\n<\/tbody>\n\n\n<\/table-->\n<p>&nbsp;<\/p>\n<div style=\"position:relative;padding-top:56.25%;\">\n  <iframe src=\"https:\/\/www.youtube.com\/embed\/vJ38OI8fP4c\" frameborder=\"0\" allowfullscreen style=\"position:absolute;top:0;left:0;width:100%;height:100%;\"><\/iframe>\n<\/div>\n<p>&nbsp;<\/p>\n<p>For fans of binge-worthy entertainment, TG4 Player has curated a collection of must-watch series spanning crime dramas, international thrillers, and heartwarming comedies. With unforgettable characters and stories that linger, TG4 Player is your go-to for diverse and immersive viewing. Dive into these top picks that promise hours of captivating streaming. \u00a0<br \/>\n&nbsp;<br \/>\n&nbsp;<\/p>\n<p><strong>The Eclipse (6 episodes)<\/strong> <\/p>\n<p>French mystery thriller &#8211;    <\/p>\n<p>On the high plateau of Aubrac, a harsh, windswept land, on the evening of an eclipse, 18-year-old Luca accidentally shoots his girlfriend with his mother&#8217;s service gun. When he goes for help, the young girl disappears. Manue and Johanna, both local gendarmes and mothers of those involved in the tragedy, lead the investigation within a changing farming community. As they unearth conflicts of interest and family secrets, the investigation gradually impacts their own families. <\/p>\n<p>Available here:  <a href=\"https:\/\/nasc.tg4.tv\/The-Eclipse\" rel=\"noopener\" target=\"_blank\">https:\/\/nasc.tg4.tv\/The-Eclipse<\/a><br \/>\n&nbsp;<\/p>\n<p><img loading=\"lazy\" decoding=\"async\" width=\"1920\" height=\"1080\" src=\"https:\/\/tg4-docs.s3.amazonaws.com\/wp-content\/uploads\/2024\/11\/08150829\/The_Eclipse_1-1920x1080-1.jpg\" alt=\"\" class=\"aligncenter size-full wp-image-234906\" srcset=\"https:\/\/tg4-docs.s3.amazonaws.com\/wp-content\/uploads\/2024\/11\/08150829\/The_Eclipse_1-1920x1080-1.jpg 1920w, https:\/\/tg4-docs.s3.amazonaws.com\/wp-content\/uploads\/2024\/11\/08150829\/The_Eclipse_1-1920x1080-1-250x141.jpg 250w, https:\/\/tg4-docs.s3.amazonaws.com\/wp-content\/uploads\/2024\/11\/08150829\/The_Eclipse_1-1920x1080-1-700x394.jpg 700w, https:\/\/tg4-docs.s3.amazonaws.com\/wp-content\/uploads\/2024\/11\/08150829\/The_Eclipse_1-1920x1080-1-252x141.jpg 252w, https:\/\/tg4-docs.s3.amazonaws.com\/wp-content\/uploads\/2024\/11\/08150829\/The_Eclipse_1-1920x1080-1-1536x864.jpg 1536w, https:\/\/tg4-docs.s3.amazonaws.com\/wp-content\/uploads\/2024\/11\/08150829\/The_Eclipse_1-1920x1080-1-120x68.jpg 120w\" sizes=\"(max-width: 1920px) 100vw, 1920px\" \/><br \/>\n<center><sup>The Eclipse<\/sup><\/center><\/p>\n<p>&nbsp;<br \/>\n&nbsp;<br \/>\n&nbsp;<br \/>\n<strong>Call My Agent! Series 4 (6 episodes)<\/strong><\/p>\n<p>French comedy-drama television series &#8211;    <\/p>\n<p>The beloved French comedy-drama returns with more power plays and high stakes. Andr\u00e9a steps into her new role as General Manager at ASK, but the agency\u2019s future is in jeopardy with the looming threat of Mathias\u2019 talent exodus. Camille finds herself balancing loyalty and ambition, while Herv\u00e9 faces a life-changing career opportunity. Packed with sharp wit, intense rivalry, and the glamour of the entertainment world, this season is not to be missed!  <\/p>\n<p>Series 1, 2, 3 and 4  available now: <a href=\"https:\/\/nasc.tg4.tv\/Call-My-Agent\" rel=\"noopener\" target=\"_blank\">https:\/\/nasc.tg4.tv\/Call-My-Agent <\/a><br \/>\n&nbsp;<\/p>\n<p><img loading=\"lazy\" decoding=\"async\" width=\"1920\" height=\"1080\" src=\"https:\/\/tg4-docs.s3.amazonaws.com\/wp-content\/uploads\/2024\/11\/08150652\/Call_My_Agent_Sr4_1-1920x1080-1.jpg\" alt=\"\" class=\"aligncenter size-full wp-image-234905\" srcset=\"https:\/\/tg4-docs.s3.amazonaws.com\/wp-content\/uploads\/2024\/11\/08150652\/Call_My_Agent_Sr4_1-1920x1080-1.jpg 1920w, https:\/\/tg4-docs.s3.amazonaws.com\/wp-content\/uploads\/2024\/11\/08150652\/Call_My_Agent_Sr4_1-1920x1080-1-250x141.jpg 250w, https:\/\/tg4-docs.s3.amazonaws.com\/wp-content\/uploads\/2024\/11\/08150652\/Call_My_Agent_Sr4_1-1920x1080-1-700x394.jpg 700w, https:\/\/tg4-docs.s3.amazonaws.com\/wp-content\/uploads\/2024\/11\/08150652\/Call_My_Agent_Sr4_1-1920x1080-1-252x141.jpg 252w, https:\/\/tg4-docs.s3.amazonaws.com\/wp-content\/uploads\/2024\/11\/08150652\/Call_My_Agent_Sr4_1-1920x1080-1-1536x864.jpg 1536w, https:\/\/tg4-docs.s3.amazonaws.com\/wp-content\/uploads\/2024\/11\/08150652\/Call_My_Agent_Sr4_1-1920x1080-1-120x68.jpg 120w\" sizes=\"(max-width: 1920px) 100vw, 1920px\" \/><br \/>\n<center><sup>Call My Agent! Series 4<\/sup><\/center><br \/>\n&nbsp;<br \/>\n&nbsp;<br \/>\n&nbsp;<br \/>\n<strong>All and Eva (6 episodes)<\/strong><\/p>\n<p>Scandi Comedy Drama (Sweden)   <\/p>\n<p>In this quirky, heartwarming Danish series, Eva heads to Copenhagen for sperm donation, but doubts drive her to track down the donor. She finds Mads, who\u2019s charming and\u2014thankfully\u2014not a psychopath. But when Mads seeks her out without knowing he\u2019s the father of her unborn child, things get complicated. This touching and humorous take on modern parenthood makes for a delightful binge.<\/p>\n<p>Available now: <a href=\"https:\/\/nasc.tg4.tv\/All-and-Eva\" rel=\"noopener\" target=\"_blank\">https:\/\/nasc.tg4.tv\/All-and-Eva<\/a><br \/>\n&nbsp;<\/p>\n<p><img loading=\"lazy\" decoding=\"async\" width=\"1920\" height=\"1080\" src=\"https:\/\/tg4-docs.s3.amazonaws.com\/wp-content\/uploads\/2024\/11\/08150539\/All_and_Eva_1-1920x1080-1.jpg\" alt=\"\" class=\"aligncenter size-full wp-image-234904\" srcset=\"https:\/\/tg4-docs.s3.amazonaws.com\/wp-content\/uploads\/2024\/11\/08150539\/All_and_Eva_1-1920x1080-1.jpg 1920w, https:\/\/tg4-docs.s3.amazonaws.com\/wp-content\/uploads\/2024\/11\/08150539\/All_and_Eva_1-1920x1080-1-250x141.jpg 250w, https:\/\/tg4-docs.s3.amazonaws.com\/wp-content\/uploads\/2024\/11\/08150539\/All_and_Eva_1-1920x1080-1-700x394.jpg 700w, https:\/\/tg4-docs.s3.amazonaws.com\/wp-content\/uploads\/2024\/11\/08150539\/All_and_Eva_1-1920x1080-1-252x141.jpg 252w, https:\/\/tg4-docs.s3.amazonaws.com\/wp-content\/uploads\/2024\/11\/08150539\/All_and_Eva_1-1920x1080-1-1536x864.jpg 1536w, https:\/\/tg4-docs.s3.amazonaws.com\/wp-content\/uploads\/2024\/11\/08150539\/All_and_Eva_1-1920x1080-1-120x68.jpg 120w\" sizes=\"(max-width: 1920px) 100vw, 1920px\" \/><br \/>\n<center><sup>All and Eva<\/sup><\/center><br \/>\n&nbsp;<br \/>\n&nbsp;<br \/>\n&nbsp;<br \/>\n<strong>Furia (8 episodes)<\/strong><\/p>\n<p>Crime, Mystery, Thriller drama, Nordic   <\/p>\n<p>This fast-paced Nordic thriller pulls viewers into a web of secrets, radical extremism, and international intrigue. Asgeir, a former policeman, moves to a small Norwegian town to escape his past, only to uncover a far-reaching terror plot. With the mysterious Ragna by his side, he navigates the dark underbelly of political unrest from Norway to Berlin. If you love tense, atmospheric thrillers, Furia will leave you breathless.  <\/p>\n<p>Available now: <a href=\"https:\/\/nasc.tg4.tv\/Furia\" rel=\"noopener\" target=\"_blank\">https:\/\/nasc.tg4.tv\/Furia<\/a><br \/>\n&nbsp;<\/p>\n<p><img loading=\"lazy\" decoding=\"async\" width=\"1920\" height=\"1080\" src=\"https:\/\/tg4-docs.s3.amazonaws.com\/wp-content\/uploads\/2024\/10\/24161434\/Furia_1-1920x1080-1.jpg\" alt=\"\" class=\"aligncenter size-full wp-image-234385\" srcset=\"https:\/\/tg4-docs.s3.amazonaws.com\/wp-content\/uploads\/2024\/10\/24161434\/Furia_1-1920x1080-1.jpg 1920w, https:\/\/tg4-docs.s3.amazonaws.com\/wp-content\/uploads\/2024\/10\/24161434\/Furia_1-1920x1080-1-250x141.jpg 250w, https:\/\/tg4-docs.s3.amazonaws.com\/wp-content\/uploads\/2024\/10\/24161434\/Furia_1-1920x1080-1-700x394.jpg 700w, https:\/\/tg4-docs.s3.amazonaws.com\/wp-content\/uploads\/2024\/10\/24161434\/Furia_1-1920x1080-1-252x141.jpg 252w, https:\/\/tg4-docs.s3.amazonaws.com\/wp-content\/uploads\/2024\/10\/24161434\/Furia_1-1920x1080-1-1536x864.jpg 1536w, https:\/\/tg4-docs.s3.amazonaws.com\/wp-content\/uploads\/2024\/10\/24161434\/Furia_1-1920x1080-1-120x68.jpg 120w\" sizes=\"(max-width: 1920px) 100vw, 1920px\" \/><br \/>\n<center><sup>Furia<\/sup><\/center><br \/>\n&nbsp;<br \/>\n&nbsp;<br \/>\n&nbsp;<br \/>\n<strong>CR\u00c1 (6 episodes)<\/strong> <\/p>\n<p>New Irish Thriller  <\/p>\n<p>A nail-biting murder mystery kicks off when Garda Conall \u00d3 S\u00failleabh\u00e1in\u2019s long-lost mother is found buried in a bog. Though forbidden to work the case, Conall teams up with an intrepid journalist, Ciara-Kate, whose true-crime podcast opens doors that official investigators can&#8217;t. Together, they dive into a dark and dangerous investigation where justice isn&#8217;t as clear-cut as it seems. This series is a must-watch for crime thriller fans. <\/p>\n<p>Link to CR\u00c1 promo: <a href=\"https:\/\/nasc.tg4.tv\/CR\u00c1\" rel=\"noopener\" target=\"_blank\">https:\/\/nasc.tg4.tv\/CR\u00c1<\/a><br \/>\nAll episodes will be available on the same link from Monday 11\/11 @ 21:30<br \/>\n&nbsp;<\/p>\n<p><img loading=\"lazy\" decoding=\"async\" width=\"1920\" height=\"1080\" src=\"https:\/\/tg4-docs.s3.amazonaws.com\/wp-content\/uploads\/2024\/10\/24165148\/CRA_2-1920x1080-1.jpg\" alt=\"\" class=\"aligncenter size-full wp-image-234387\" srcset=\"https:\/\/tg4-docs.s3.amazonaws.com\/wp-content\/uploads\/2024\/10\/24165148\/CRA_2-1920x1080-1.jpg 1920w, https:\/\/tg4-docs.s3.amazonaws.com\/wp-content\/uploads\/2024\/10\/24165148\/CRA_2-1920x1080-1-250x141.jpg 250w, https:\/\/tg4-docs.s3.amazonaws.com\/wp-content\/uploads\/2024\/10\/24165148\/CRA_2-1920x1080-1-700x394.jpg 700w, https:\/\/tg4-docs.s3.amazonaws.com\/wp-content\/uploads\/2024\/10\/24165148\/CRA_2-1920x1080-1-252x141.jpg 252w, https:\/\/tg4-docs.s3.amazonaws.com\/wp-content\/uploads\/2024\/10\/24165148\/CRA_2-1920x1080-1-1536x864.jpg 1536w, https:\/\/tg4-docs.s3.amazonaws.com\/wp-content\/uploads\/2024\/10\/24165148\/CRA_2-1920x1080-1-120x68.jpg 120w\" sizes=\"(max-width: 1920px) 100vw, 1920px\" \/><br \/>\n<center><sup>CR\u00c1 (all episodes available on tg4.ie from 21:30 on 11\/11)<\/sup><\/center><\/p>\n<p>&nbsp;<br \/>\n&nbsp;<br \/>\n&nbsp;<br \/>\n<strong>L\u00ed Ban (13 episodes) on <a href=\"https:\/\/www.cula4.ie\" rel=\"noopener\" target=\"_blank\">cula4.ie<\/a><\/strong> <\/p>\n<p>Animated Series <\/p>\n<p>Dive into a magical world of Celtic legend with L\u00ed Ban. This enchanting animated series follows L\u00ed Ban and her loyal sea otter, Con, as they explore ancient myths, meet gods and monsters, and search for the truth behind L\u00ed Ban\u2019s transformation into a mermaid. Perfect for young viewers and adults alike, this beautifully crafted series brings timeless Celtic tales to life. <\/p>\n<p>Available now:  <a href=\"https:\/\/cula4.com\/ga\/claracha\/li-ban\/1\" rel=\"noopener\" target=\"_blank\">https:\/\/cula4.com\/ga\/claracha\/li-ban\/1<\/a><br \/>\n&nbsp;<\/p>\n<p><img loading=\"lazy\" decoding=\"async\" width=\"1920\" height=\"1080\" src=\"https:\/\/tg4-docs.s3.amazonaws.com\/wp-content\/uploads\/2024\/10\/08161527\/Li_Ban_1-1920x1080-1.jpg\" alt=\"\" class=\"aligncenter size-full wp-image-233675\" srcset=\"https:\/\/tg4-docs.s3.amazonaws.com\/wp-content\/uploads\/2024\/10\/08161527\/Li_Ban_1-1920x1080-1.jpg 1920w, https:\/\/tg4-docs.s3.amazonaws.com\/wp-content\/uploads\/2024\/10\/08161527\/Li_Ban_1-1920x1080-1-250x141.jpg 250w, https:\/\/tg4-docs.s3.amazonaws.com\/wp-content\/uploads\/2024\/10\/08161527\/Li_Ban_1-1920x1080-1-700x394.jpg 700w, https:\/\/tg4-docs.s3.amazonaws.com\/wp-content\/uploads\/2024\/10\/08161527\/Li_Ban_1-1920x1080-1-252x141.jpg 252w, https:\/\/tg4-docs.s3.amazonaws.com\/wp-content\/uploads\/2024\/10\/08161527\/Li_Ban_1-1920x1080-1-1536x864.jpg 1536w, https:\/\/tg4-docs.s3.amazonaws.com\/wp-content\/uploads\/2024\/10\/08161527\/Li_Ban_1-1920x1080-1-120x68.jpg 120w\" sizes=\"(max-width: 1920px) 100vw, 1920px\" \/><br \/>\n<center><sup>L\u00ed Ban<\/sup><\/center><\/p>\n<p>&nbsp;<br \/>\n&nbsp;<br \/>\nThese standout series are just a taste of the incredible content waiting for you on the TG4 Player. Whether you\u2019re in the mood for gripping crime thrillers, charming comedies, or epic tales of adventure, TG4 has something for everyone. Stream these gems now and add some unforgettable shows to your must-watch list! \u00a0<br \/>\n&nbsp;<\/p>\n<p>&nbsp;<\/p>\n<p>&nbsp;<\/p>\n","protected":false},"excerpt":{"rendered":"<p>&nbsp; &nbsp; For fans of binge-worthy entertainment, TG4 Player has curated a collection of must-watch series spanning crime dramas, international thrillers, and heartwarming comedies. With unforgettable characters and stories that linger, TG4 Player is your go-to for diverse and immersive viewing. Dive into these top picks that promise hours of captivating streaming. \u00a0 &nbsp; &nbsp; [&hellip;]<\/p>\n","protected":false},"author":876,"featured_media":0,"parent":208150,"menu_order":40,"comment_status":"closed","ping_status":"closed","template":"page-templates\/template-pr.php","meta":{"_acf_changed":false,"footnotes":""},"acf":[],"yoast_head":"<!-- This site is optimized with the Yoast SEO plugin v22.6 - https:\/\/yoast.com\/wordpress\/plugins\/seo\/ -->\n<title>TG4 Player brings You Unmissable Boxsets and Streaming Gems | Press Release | TG4<\/title>\n<meta name=\"description\" content=\"For fans of binge-worthy entertainment, TG4 Player has curated a collection of must-watch series spanning crime dramas, international thrillers, and heartwarming comedies.\" \/>\n<meta name=\"robots\" content=\"index, follow, max-snippet:-1, max-image-preview:large, max-video-preview:-1\" \/>\n<meta property=\"og:locale\" content=\"en_US\" \/>\n<meta property=\"og:type\" content=\"article\" \/>\n<meta property=\"og:title\" content=\"TG4 Player brings You Unmissable Boxsets and Streaming Gems | Press Release | TG4\" \/>\n<meta property=\"og:description\" content=\"For fans of binge-worthy entertainment, TG4 Player has curated a collection of must-watch series spanning crime dramas, international thrillers, and heartwarming comedies.\" \/>\n<meta property=\"og:url\" content=\"https:\/\/dev.tg4.ie\/en\/information\/press\/press-releases\/2024-2\/tg4-player-brings-you-unmissable-boxsets-and-streaming-gems\/\" \/>\n<meta property=\"og:site_name\" content=\"TG4\" \/>\n<meta property=\"article:publisher\" content=\"https:\/\/www.facebook.com\/TG4TV\" \/>\n<meta property=\"article:modified_time\" content=\"2024-11-08T15:44:37+00:00\" \/>\n<meta property=\"og:image\" content=\"https:\/\/tg4-docs.s3.amazonaws.com\/wp-content\/uploads\/2024\/10\/24154543\/CRA_1-1920x1080-1-700x394.jpg\" \/>\n<meta name=\"twitter:card\" content=\"summary_large_image\" \/>\n<meta name=\"twitter:image\" content=\"https:\/\/tg4-docs.s3.amazonaws.com\/wp-content\/uploads\/2024\/10\/24154543\/CRA_1-1920x1080-1-700x394.jpg\" \/>\n<meta name=\"twitter:site\" content=\"@TG4TV\" \/>\n<meta name=\"twitter:label1\" content=\"Est. reading time\" \/>\n\t<meta name=\"twitter:data1\" content=\"4 minutes\" \/>\n<script type=\"application\/ld+json\" class=\"yoast-schema-graph\">{\"@context\":\"https:\/\/schema.org\",\"@graph\":[{\"@type\":\"WebPage\",\"@id\":\"https:\/\/dev.tg4.ie\/en\/information\/press\/press-releases\/2024-2\/tg4-player-brings-you-unmissable-boxsets-and-streaming-gems\/\",\"url\":\"https:\/\/dev.tg4.ie\/en\/information\/press\/press-releases\/2024-2\/tg4-player-brings-you-unmissable-boxsets-and-streaming-gems\/\",\"name\":\"TG4 Player brings You Unmissable Boxsets and Streaming Gems | Press Release | TG4\",\"isPartOf\":{\"@id\":\"https:\/\/dev.tg4.ie\/en\/#website\"},\"primaryImageOfPage\":{\"@id\":\"https:\/\/dev.tg4.ie\/en\/information\/press\/press-releases\/2024-2\/tg4-player-brings-you-unmissable-boxsets-and-streaming-gems\/#primaryimage\"},\"image\":{\"@id\":\"https:\/\/dev.tg4.ie\/en\/information\/press\/press-releases\/2024-2\/tg4-player-brings-you-unmissable-boxsets-and-streaming-gems\/#primaryimage\"},\"thumbnailUrl\":\"https:\/\/dev.tg4.ie\/wp-content\/uploads\/2024\/11\/Fidil_Ghorm_NBFF_1-960x1080-1.jpg\",\"datePublished\":\"2024-11-08T15:16:01+00:00\",\"dateModified\":\"2024-11-08T15:44:37+00:00\",\"description\":\"For fans of binge-worthy entertainment, TG4 Player has curated a collection of must-watch series spanning crime dramas, international thrillers, and heartwarming comedies.\",\"breadcrumb\":{\"@id\":\"https:\/\/dev.tg4.ie\/en\/information\/press\/press-releases\/2024-2\/tg4-player-brings-you-unmissable-boxsets-and-streaming-gems\/#breadcrumb\"},\"inLanguage\":\"en-ie\",\"potentialAction\":[{\"@type\":\"ReadAction\",\"target\":[\"https:\/\/dev.tg4.ie\/en\/information\/press\/press-releases\/2024-2\/tg4-player-brings-you-unmissable-boxsets-and-streaming-gems\/\"]}]},{\"@type\":\"ImageObject\",\"inLanguage\":\"en-ie\",\"@id\":\"https:\/\/dev.tg4.ie\/en\/information\/press\/press-releases\/2024-2\/tg4-player-brings-you-unmissable-boxsets-and-streaming-gems\/#primaryimage\",\"url\":\"https:\/\/dev.tg4.ie\/wp-content\/uploads\/2024\/11\/Fidil_Ghorm_NBFF_1-960x1080-1.jpg\",\"contentUrl\":\"https:\/\/dev.tg4.ie\/wp-content\/uploads\/2024\/11\/Fidil_Ghorm_NBFF_1-960x1080-1.jpg\"},{\"@type\":\"BreadcrumbList\",\"@id\":\"https:\/\/dev.tg4.ie\/en\/information\/press\/press-releases\/2024-2\/tg4-player-brings-you-unmissable-boxsets-and-streaming-gems\/#breadcrumb\",\"itemListElement\":[{\"@type\":\"ListItem\",\"position\":1,\"name\":\"Home\",\"item\":\"https:\/\/dev.tg4.ie\/en\/\"},{\"@type\":\"ListItem\",\"position\":2,\"name\":\"Information\",\"item\":\"https:\/\/dev.tg4.ie\/en\/information\/\"},{\"@type\":\"ListItem\",\"position\":3,\"name\":\"Press\",\"item\":\"https:\/\/dev.tg4.ie\/en\/information\/press\/\"},{\"@type\":\"ListItem\",\"position\":4,\"name\":\"Press Releases\",\"item\":\"https:\/\/dev.tg4.ie\/en\/information\/press\/press-releases\/\"},{\"@type\":\"ListItem\",\"position\":5,\"name\":\"2024\",\"item\":\"https:\/\/dev.tg4.ie\/en\/information\/press\/press-releases\/2024-2\/\"},{\"@type\":\"ListItem\",\"position\":6,\"name\":\"TG4 Player brings You Unmissable Boxsets and Streaming Gems\"}]},{\"@type\":\"WebSite\",\"@id\":\"https:\/\/dev.tg4.ie\/en\/#website\",\"url\":\"https:\/\/dev.tg4.ie\/en\/\",\"name\":\"TG4\",\"description\":\"S\u00fail Eile\",\"potentialAction\":[{\"@type\":\"SearchAction\",\"target\":{\"@type\":\"EntryPoint\",\"urlTemplate\":\"https:\/\/dev.tg4.ie\/en\/?s={search_term_string}\"},\"query-input\":\"required name=search_term_string\"}],\"inLanguage\":\"en-ie\"}]}<\/script>\n<!-- \/ Yoast SEO plugin. -->","yoast_head_json":{"title":"TG4 Player brings You Unmissable Boxsets and Streaming Gems | Press Release | TG4","description":"For fans of binge-worthy entertainment, TG4 Player has curated a collection of must-watch series spanning crime dramas, international thrillers, and heartwarming comedies.","robots":{"index":"index","follow":"follow","max-snippet":"max-snippet:-1","max-image-preview":"max-image-preview:large","max-video-preview":"max-video-preview:-1"},"og_locale":"en_US","og_type":"article","og_title":"TG4 Player brings You Unmissable Boxsets and Streaming Gems | Press Release | TG4","og_description":"For fans of binge-worthy entertainment, TG4 Player has curated a collection of must-watch series spanning crime dramas, international thrillers, and heartwarming comedies.","og_url":"https:\/\/dev.tg4.ie\/en\/information\/press\/press-releases\/2024-2\/tg4-player-brings-you-unmissable-boxsets-and-streaming-gems\/","og_site_name":"TG4","article_publisher":"https:\/\/www.facebook.com\/TG4TV","article_modified_time":"2024-11-08T15:44:37+00:00","og_image":[{"url":"https:\/\/tg4-docs.s3.amazonaws.com\/wp-content\/uploads\/2024\/10\/24154543\/CRA_1-1920x1080-1-700x394.jpg"}],"twitter_card":"summary_large_image","twitter_image":"https:\/\/tg4-docs.s3.amazonaws.com\/wp-content\/uploads\/2024\/10\/24154543\/CRA_1-1920x1080-1-700x394.jpg","twitter_site":"@TG4TV","twitter_misc":{"Est. reading time":"4 minutes"},"schema":{"@context":"https:\/\/schema.org","@graph":[{"@type":"WebPage","@id":"https:\/\/dev.tg4.ie\/en\/information\/press\/press-releases\/2024-2\/tg4-player-brings-you-unmissable-boxsets-and-streaming-gems\/","url":"https:\/\/dev.tg4.ie\/en\/information\/press\/press-releases\/2024-2\/tg4-player-brings-you-unmissable-boxsets-and-streaming-gems\/","name":"TG4 Player brings You Unmissable Boxsets and Streaming Gems | Press Release | TG4","isPartOf":{"@id":"https:\/\/dev.tg4.ie\/en\/#website"},"primaryImageOfPage":{"@id":"https:\/\/dev.tg4.ie\/en\/information\/press\/press-releases\/2024-2\/tg4-player-brings-you-unmissable-boxsets-and-streaming-gems\/#primaryimage"},"image":{"@id":"https:\/\/dev.tg4.ie\/en\/information\/press\/press-releases\/2024-2\/tg4-player-brings-you-unmissable-boxsets-and-streaming-gems\/#primaryimage"},"thumbnailUrl":"https:\/\/dev.tg4.ie\/wp-content\/uploads\/2024\/11\/Fidil_Ghorm_NBFF_1-960x1080-1.jpg","datePublished":"2024-11-08T15:16:01+00:00","dateModified":"2024-11-08T15:44:37+00:00","description":"For fans of binge-worthy entertainment, TG4 Player has curated a collection of must-watch series spanning crime dramas, international thrillers, and heartwarming comedies.","breadcrumb":{"@id":"https:\/\/dev.tg4.ie\/en\/information\/press\/press-releases\/2024-2\/tg4-player-brings-you-unmissable-boxsets-and-streaming-gems\/#breadcrumb"},"inLanguage":"en-ie","potentialAction":[{"@type":"ReadAction","target":["https:\/\/dev.tg4.ie\/en\/information\/press\/press-releases\/2024-2\/tg4-player-brings-you-unmissable-boxsets-and-streaming-gems\/"]}]},{"@type":"ImageObject","inLanguage":"en-ie","@id":"https:\/\/dev.tg4.ie\/en\/information\/press\/press-releases\/2024-2\/tg4-player-brings-you-unmissable-boxsets-and-streaming-gems\/#primaryimage","url":"https:\/\/dev.tg4.ie\/wp-content\/uploads\/2024\/11\/Fidil_Ghorm_NBFF_1-960x1080-1.jpg","contentUrl":"https:\/\/dev.tg4.ie\/wp-content\/uploads\/2024\/11\/Fidil_Ghorm_NBFF_1-960x1080-1.jpg"},{"@type":"BreadcrumbList","@id":"https:\/\/dev.tg4.ie\/en\/information\/press\/press-releases\/2024-2\/tg4-player-brings-you-unmissable-boxsets-and-streaming-gems\/#breadcrumb","itemListElement":[{"@type":"ListItem","position":1,"name":"Home","item":"https:\/\/dev.tg4.ie\/en\/"},{"@type":"ListItem","position":2,"name":"Information","item":"https:\/\/dev.tg4.ie\/en\/information\/"},{"@type":"ListItem","position":3,"name":"Press","item":"https:\/\/dev.tg4.ie\/en\/information\/press\/"},{"@type":"ListItem","position":4,"name":"Press Releases","item":"https:\/\/dev.tg4.ie\/en\/information\/press\/press-releases\/"},{"@type":"ListItem","position":5,"name":"2024","item":"https:\/\/dev.tg4.ie\/en\/information\/press\/press-releases\/2024-2\/"},{"@type":"ListItem","position":6,"name":"TG4 Player brings You Unmissable Boxsets and Streaming Gems"}]},{"@type":"WebSite","@id":"https:\/\/dev.tg4.ie\/en\/#website","url":"https:\/\/dev.tg4.ie\/en\/","name":"TG4","description":"S\u00fail Eile","potentialAction":[{"@type":"SearchAction","target":{"@type":"EntryPoint","urlTemplate":"https:\/\/dev.tg4.ie\/en\/?s={search_term_string}"},"query-input":"required name=search_term_string"}],"inLanguage":"en-ie"}]}},"_links":{"self":[{"href":"https:\/\/dev.tg4.ie\/en\/wp-json\/wp\/v2\/pages\/234916"}],"collection":[{"href":"https:\/\/dev.tg4.ie\/en\/wp-json\/wp\/v2\/pages"}],"about":[{"href":"https:\/\/dev.tg4.ie\/en\/wp-json\/wp\/v2\/types\/page"}],"author":[{"embeddable":true,"href":"https:\/\/dev.tg4.ie\/en\/wp-json\/wp\/v2\/users\/876"}],"replies":[{"embeddable":true,"href":"https:\/\/dev.tg4.ie\/en\/wp-json\/wp\/v2\/comments?post=234916"}],"version-history":[{"count":0,"href":"https:\/\/dev.tg4.ie\/en\/wp-json\/wp\/v2\/pages\/234916\/revisions"}],"up":[{"embeddable":true,"href":"https:\/\/dev.tg4.ie\/en\/wp-json\/wp\/v2\/pages\/208150"}],"wp:attachment":[{"href":"https:\/\/dev.tg4.ie\/en\/wp-json\/wp\/v2\/media?parent=234916"}],"curies":[{"name":"wp","href":"https:\/\/api.w.org\/{rel}","templated":true}]}}