{"id":235078,"date":"2024-11-14T19:13:28","date_gmt":"2024-11-14T19:13:28","guid":{"rendered":"https:\/\/dev.tg4.ie\/?page_id=235078"},"modified":"2024-11-14T19:16:15","modified_gmt":"2024-11-14T19:16:15","slug":"galway-west-poll-2024","status":"publish","type":"page","link":"https:\/\/dev.tg4.ie\/en\/information\/press\/press-releases\/2024-2\/galway-west-poll-2024\/","title":{"rendered":"A TG4 \/ Ipsos B&#038;A Poll reveals that Fianna F\u00e1il support has plummeted in Galway West"},"content":{"rendered":"<table>\n<tbody>\n<tr>\n<td width=\"50%\"><a href=\"https:\/\/tg4-docs.s3.amazonaws.com\/wp-content\/uploads\/2024\/11\/14184734\/Pobalbhreith_Gaillimh_Thiar_2024_1-1920x1080-1.jpg\" rel=\"noopener\" target=\"_blank\"><img loading=\"lazy\" decoding=\"async\" width=\"1920\" height=\"1080\" src=\"https:\/\/tg4-docs.s3.amazonaws.com\/wp-content\/uploads\/2024\/11\/14184734\/Pobalbhreith_Gaillimh_Thiar_2024_1-1920x1080-1.jpg\" alt=\"\" class=\"aligncenter size-full wp-image-235068\" srcset=\"https:\/\/tg4-docs.s3.amazonaws.com\/wp-content\/uploads\/2024\/11\/14184734\/Pobalbhreith_Gaillimh_Thiar_2024_1-1920x1080-1.jpg 1920w, https:\/\/tg4-docs.s3.amazonaws.com\/wp-content\/uploads\/2024\/11\/14184734\/Pobalbhreith_Gaillimh_Thiar_2024_1-1920x1080-1-250x141.jpg 250w, https:\/\/tg4-docs.s3.amazonaws.com\/wp-content\/uploads\/2024\/11\/14184734\/Pobalbhreith_Gaillimh_Thiar_2024_1-1920x1080-1-700x394.jpg 700w, https:\/\/tg4-docs.s3.amazonaws.com\/wp-content\/uploads\/2024\/11\/14184734\/Pobalbhreith_Gaillimh_Thiar_2024_1-1920x1080-1-252x141.jpg 252w, https:\/\/tg4-docs.s3.amazonaws.com\/wp-content\/uploads\/2024\/11\/14184734\/Pobalbhreith_Gaillimh_Thiar_2024_1-1920x1080-1-1536x864.jpg 1536w, https:\/\/tg4-docs.s3.amazonaws.com\/wp-content\/uploads\/2024\/11\/14184734\/Pobalbhreith_Gaillimh_Thiar_2024_1-1920x1080-1-120x68.jpg 120w\" sizes=\"(max-width: 1920px) 100vw, 1920px\" \/><\/a><\/td>\n<td width=\"50%\"><a href=\"https:\/\/tg4-docs.s3.amazonaws.com\/wp-content\/uploads\/2024\/11\/14184955\/Pobalbhreith_Gaillimh_Thiar_2024_2-1920x1080-1.jpg\" rel=\"noopener\" target=\"_blank\"><img loading=\"lazy\" decoding=\"async\" width=\"1920\" height=\"1080\" src=\"https:\/\/tg4-docs.s3.amazonaws.com\/wp-content\/uploads\/2024\/11\/14184955\/Pobalbhreith_Gaillimh_Thiar_2024_2-1920x1080-1.jpg\" alt=\"\" class=\"aligncenter size-full wp-image-235072\" srcset=\"https:\/\/tg4-docs.s3.amazonaws.com\/wp-content\/uploads\/2024\/11\/14184955\/Pobalbhreith_Gaillimh_Thiar_2024_2-1920x1080-1.jpg 1920w, https:\/\/tg4-docs.s3.amazonaws.com\/wp-content\/uploads\/2024\/11\/14184955\/Pobalbhreith_Gaillimh_Thiar_2024_2-1920x1080-1-250x141.jpg 250w, https:\/\/tg4-docs.s3.amazonaws.com\/wp-content\/uploads\/2024\/11\/14184955\/Pobalbhreith_Gaillimh_Thiar_2024_2-1920x1080-1-700x394.jpg 700w, https:\/\/tg4-docs.s3.amazonaws.com\/wp-content\/uploads\/2024\/11\/14184955\/Pobalbhreith_Gaillimh_Thiar_2024_2-1920x1080-1-252x141.jpg 252w, https:\/\/tg4-docs.s3.amazonaws.com\/wp-content\/uploads\/2024\/11\/14184955\/Pobalbhreith_Gaillimh_Thiar_2024_2-1920x1080-1-1536x864.jpg 1536w, https:\/\/tg4-docs.s3.amazonaws.com\/wp-content\/uploads\/2024\/11\/14184955\/Pobalbhreith_Gaillimh_Thiar_2024_2-1920x1080-1-120x68.jpg 120w\" sizes=\"(max-width: 1920px) 100vw, 1920px\" \/><\/a><\/td>\n<\/tr>\n<\/tbody>\n<\/table>\n<p><sup>(Click to enlarge)<\/sup><br \/>\n&nbsp;<\/p>\n<p>A TG4 \/ Ipsos B&#038;A poll revealed on Nuacht TG4 tonight shows that all four incumbents in Galway West are very much in the running for a seat, with only 6 percentage points separating the top 8 candidates.<br \/>\n&nbsp;<br \/>\nThe results of the constituency poll are:  <\/p>\n<p>&nbsp;<\/p>\n<table>\n<tbody>\n<table border=\"1\">\n<tr>\n<td width=\"33%\">Catherine CONNOLLY<\/td>\n<td width=\"33%\">Non-Party<\/td>\n<td width=\"33%\">13%<\/td>\n<\/tr>\n<tr>\n<td width=\"33%\">Hildegarde NAUGHTON<\/td>\n<td width=\"33%\">Fine Gael<\/td>\n<td width=\"33%\">13%<\/td>\n<\/tr>\n<tr>\n<td width=\"33%\">Noel GREALISH<\/td>\n<td width=\"33%\">Non-Party<\/td>\n<td width=\"33%\">12%<\/td>\n<\/tr>\n<tr>\n<td width=\"33%\">Se\u00e1\u200bn KYNE<\/td>\n<td width=\"33%\">Fine Gael<\/td>\n<td width=\"33%\">10%<\/td>\n<\/tr>\n<tr>\n<td width=\"33%\">Mair\u00e9\u200bad FARRELL<\/td>\n<td width=\"33%\">Sinn F\u00e9in<\/td>\n<td width=\"33%\">9%<\/td>\n<\/tr>\n<tr>\n<td width=\"33%\">Noel THOMAS<\/td>\n<td width=\"33%\">Independent Ireland<\/td>\n<td width=\"33%\">8%<\/td>\n<\/tr>\n<tr>\n<td width=\"33%\">John CONNOLLY<\/td>\n<td width=\"33%\">Fianna F\u00e1il<\/td>\n<td width=\"33%\">7%<\/td>\n<\/tr>\n<tr>\n<td width=\"33%\">Gr\u00e1\u200binne SEOIGE<\/td>\n<td width=\"33%\">Fianna F\u00e1il<\/td>\n<td width=\"33%\">7%<\/td>\n<\/tr>\n<\/tbody>\n<\/table>\n<p>&nbsp;<\/p>\n<p>At the time of polling on Monday 11th and Tuesday 12th November, sixteen candidates had declared for the five-seater constituency.  The quota for election is 17%.<br \/>\n&nbsp;<br \/>\nIndependent candidate Catherine Connolly is polling very strongly at 13 per cent and Noel Grealish, Independent is on 12 per cent. Both are well positioned to retain their seats.<br \/>\n&nbsp;<br \/>\nOn this showing Fine Gael have benefited from the change in leadership under Simon Harris with a very strong possibility of two seats for Fine Gael in Galway West for candidates Hildegarde Naughton and Se\u00e1n Kyne. Hildegarde Naughton is on 13 per cent and Se\u00e1n Kyne on 10 per cent. Unlike other constituencies, both Fine Gael candidates are experienced campaigners.   Fine Gael local vote management also appears to be working, with both candidates transferring well to each other.<br \/>\n&nbsp;<br \/>\nLong-serving Fianna F\u00e1il TD, \u00c9amon \u00d3 Cu\u00edv is not contesting this election.  In 2020, the Fianna F\u00e1il vote totalled 23 per cent. Where \u00d3 Cu\u00edv\u2019s vote will go is a question everyone is asking.  Fianna F\u00e1il\u2019s support has dropped by almost 10 per cent in this TG4\/Ipsos B&#038;A poll.   Both candidates are neck and neck with John Connolly on 7 per cent and Gr\u00e1inne Seoige also on 7 per cent.  However, Gr\u00e1inne Seoige appears to be more transfer friendly.<br \/>\n&nbsp;<br \/>\nSinn F\u00e9in\u2019s Mair\u00e9ad Farrell is on 9 per cent and is in contention to keep her seat but is well short of the quota and will rely on transfers.   Independent Ireland\u2019s Noel Thomas, formerly a Fianna F\u00e1il councillor is pushing for a seat, with 8 per cent support in this poll.<br \/>\n&nbsp;<br \/>\nThe other candidates in Galway West are Pauline O\u2019Reilly (Green Party) 5 per cent, Helen Ogbu (Labour) 4 per cent, Eibhl\u00edn Seoighthe (Social Democrats) 3 per cent and Mike Cubbard (Non-Party) 3 per cent.<\/p>\n<p>&nbsp;<br \/>\n&nbsp;<\/p>\n","protected":false},"excerpt":{"rendered":"<p>(Click to enlarge) &nbsp; A TG4 \/ Ipsos B&#038;A poll revealed on Nuacht TG4 tonight shows that all four incumbents in Galway West are very much in the running for a seat, with only 6 percentage points separating the top 8 candidates. &nbsp; The results of the constituency poll are: &nbsp; Catherine CONNOLLY Non-Party 13% [&hellip;]<\/p>\n","protected":false},"author":876,"featured_media":0,"parent":208150,"menu_order":43,"comment_status":"closed","ping_status":"closed","template":"page-templates\/template-pr.php","meta":{"_acf_changed":false,"footnotes":""},"acf":[],"yoast_head":"<!-- This site is optimized with the Yoast SEO plugin v22.6 - https:\/\/yoast.com\/wordpress\/plugins\/seo\/ -->\n<title>A TG4 \/ Ipsos B&amp;A Poll reveals that Fianna F\u00e1il support has plummeted in Galway West | Press Release | TG4<\/title>\n<meta name=\"description\" content=\"A TG4 \/ Ipsos B&amp;A poll revealed on Nuacht TG4 tonight shows that all four incumbents in Galway West are very much in the running for a seat, with only 6 percentage points separating the top 8 candidates.\" \/>\n<meta name=\"robots\" content=\"index, follow, max-snippet:-1, max-image-preview:large, max-video-preview:-1\" \/>\n<meta property=\"og:locale\" content=\"en_US\" \/>\n<meta property=\"og:type\" content=\"article\" \/>\n<meta property=\"og:title\" content=\"A TG4 \/ Ipsos B&amp;A Poll reveals that Fianna F\u00e1il support has plummeted in Galway West | Press Release | TG4\" \/>\n<meta property=\"og:description\" content=\"A TG4 \/ Ipsos B&amp;A poll revealed on Nuacht TG4 tonight shows that all four incumbents in Galway West are very much in the running for a seat, with only 6 percentage points separating the top 8 candidates.\" \/>\n<meta property=\"og:url\" content=\"https:\/\/dev.tg4.ie\/en\/information\/press\/press-releases\/2024-2\/galway-west-poll-2024\/\" \/>\n<meta property=\"og:site_name\" content=\"TG4\" \/>\n<meta property=\"article:publisher\" content=\"https:\/\/www.facebook.com\/TG4TV\" \/>\n<meta property=\"article:modified_time\" content=\"2024-11-14T19:16:15+00:00\" \/>\n<meta property=\"og:image\" content=\"https:\/\/tg4-docs.s3.amazonaws.com\/wp-content\/uploads\/2024\/11\/14184734\/Pobalbhreith_Gaillimh_Thiar_2024_1-1920x1080-1-700x394.jpg\" \/>\n<meta name=\"twitter:card\" content=\"summary_large_image\" \/>\n<meta name=\"twitter:image\" content=\"https:\/\/tg4-docs.s3.amazonaws.com\/wp-content\/uploads\/2024\/11\/14184734\/Pobalbhreith_Gaillimh_Thiar_2024_1-1920x1080-1-700x394.jpg\" \/>\n<meta name=\"twitter:site\" content=\"@TG4TV\" \/>\n<meta name=\"twitter:label1\" content=\"Est. reading time\" \/>\n\t<meta name=\"twitter:data1\" content=\"3 minutes\" \/>\n<script type=\"application\/ld+json\" class=\"yoast-schema-graph\">{\"@context\":\"https:\/\/schema.org\",\"@graph\":[{\"@type\":\"WebPage\",\"@id\":\"https:\/\/dev.tg4.ie\/en\/information\/press\/press-releases\/2024-2\/galway-west-poll-2024\/\",\"url\":\"https:\/\/dev.tg4.ie\/en\/information\/press\/press-releases\/2024-2\/galway-west-poll-2024\/\",\"name\":\"A TG4 \/ Ipsos B&A Poll reveals that Fianna F\u00e1il support has plummeted in Galway West | Press Release | TG4\",\"isPartOf\":{\"@id\":\"https:\/\/dev.tg4.ie\/en\/#website\"},\"primaryImageOfPage\":{\"@id\":\"https:\/\/dev.tg4.ie\/en\/information\/press\/press-releases\/2024-2\/galway-west-poll-2024\/#primaryimage\"},\"image\":{\"@id\":\"https:\/\/dev.tg4.ie\/en\/information\/press\/press-releases\/2024-2\/galway-west-poll-2024\/#primaryimage\"},\"thumbnailUrl\":\"https:\/\/dev.tg4.ie\/wp-content\/uploads\/2024\/11\/Pobalbhreith_Gaillimh_Thiar_2024_1-1920x1080-1.jpg\",\"datePublished\":\"2024-11-14T19:13:28+00:00\",\"dateModified\":\"2024-11-14T19:16:15+00:00\",\"description\":\"A TG4 \/ Ipsos B&A poll revealed on Nuacht TG4 tonight shows that all four incumbents in Galway West are very much in the running for a seat, with only 6 percentage points separating the top 8 candidates.\",\"breadcrumb\":{\"@id\":\"https:\/\/dev.tg4.ie\/en\/information\/press\/press-releases\/2024-2\/galway-west-poll-2024\/#breadcrumb\"},\"inLanguage\":\"en-ie\",\"potentialAction\":[{\"@type\":\"ReadAction\",\"target\":[\"https:\/\/dev.tg4.ie\/en\/information\/press\/press-releases\/2024-2\/galway-west-poll-2024\/\"]}]},{\"@type\":\"ImageObject\",\"inLanguage\":\"en-ie\",\"@id\":\"https:\/\/dev.tg4.ie\/en\/information\/press\/press-releases\/2024-2\/galway-west-poll-2024\/#primaryimage\",\"url\":\"https:\/\/dev.tg4.ie\/wp-content\/uploads\/2024\/11\/Pobalbhreith_Gaillimh_Thiar_2024_1-1920x1080-1.jpg\",\"contentUrl\":\"https:\/\/dev.tg4.ie\/wp-content\/uploads\/2024\/11\/Pobalbhreith_Gaillimh_Thiar_2024_1-1920x1080-1.jpg\"},{\"@type\":\"BreadcrumbList\",\"@id\":\"https:\/\/dev.tg4.ie\/en\/information\/press\/press-releases\/2024-2\/galway-west-poll-2024\/#breadcrumb\",\"itemListElement\":[{\"@type\":\"ListItem\",\"position\":1,\"name\":\"Home\",\"item\":\"https:\/\/dev.tg4.ie\/en\/\"},{\"@type\":\"ListItem\",\"position\":2,\"name\":\"Information\",\"item\":\"https:\/\/dev.tg4.ie\/en\/information\/\"},{\"@type\":\"ListItem\",\"position\":3,\"name\":\"Press\",\"item\":\"https:\/\/dev.tg4.ie\/en\/information\/press\/\"},{\"@type\":\"ListItem\",\"position\":4,\"name\":\"Press Releases\",\"item\":\"https:\/\/dev.tg4.ie\/en\/information\/press\/press-releases\/\"},{\"@type\":\"ListItem\",\"position\":5,\"name\":\"2024\",\"item\":\"https:\/\/dev.tg4.ie\/en\/information\/press\/press-releases\/2024-2\/\"},{\"@type\":\"ListItem\",\"position\":6,\"name\":\"A TG4 \/ Ipsos B&#038;A Poll reveals that Fianna F\u00e1il support has plummeted in Galway West\"}]},{\"@type\":\"WebSite\",\"@id\":\"https:\/\/dev.tg4.ie\/en\/#website\",\"url\":\"https:\/\/dev.tg4.ie\/en\/\",\"name\":\"TG4\",\"description\":\"S\u00fail Eile\",\"potentialAction\":[{\"@type\":\"SearchAction\",\"target\":{\"@type\":\"EntryPoint\",\"urlTemplate\":\"https:\/\/dev.tg4.ie\/en\/?s={search_term_string}\"},\"query-input\":\"required name=search_term_string\"}],\"inLanguage\":\"en-ie\"}]}<\/script>\n<!-- \/ Yoast SEO plugin. -->","yoast_head_json":{"title":"A TG4 \/ Ipsos B&A Poll reveals that Fianna F\u00e1il support has plummeted in Galway West | Press Release | TG4","description":"A TG4 \/ Ipsos B&A poll revealed on Nuacht TG4 tonight shows that all four incumbents in Galway West are very much in the running for a seat, with only 6 percentage points separating the top 8 candidates.","robots":{"index":"index","follow":"follow","max-snippet":"max-snippet:-1","max-image-preview":"max-image-preview:large","max-video-preview":"max-video-preview:-1"},"og_locale":"en_US","og_type":"article","og_title":"A TG4 \/ Ipsos B&A Poll reveals that Fianna F\u00e1il support has plummeted in Galway West | Press Release | TG4","og_description":"A TG4 \/ Ipsos B&A poll revealed on Nuacht TG4 tonight shows that all four incumbents in Galway West are very much in the running for a seat, with only 6 percentage points separating the top 8 candidates.","og_url":"https:\/\/dev.tg4.ie\/en\/information\/press\/press-releases\/2024-2\/galway-west-poll-2024\/","og_site_name":"TG4","article_publisher":"https:\/\/www.facebook.com\/TG4TV","article_modified_time":"2024-11-14T19:16:15+00:00","og_image":[{"url":"https:\/\/tg4-docs.s3.amazonaws.com\/wp-content\/uploads\/2024\/11\/14184734\/Pobalbhreith_Gaillimh_Thiar_2024_1-1920x1080-1-700x394.jpg"}],"twitter_card":"summary_large_image","twitter_image":"https:\/\/tg4-docs.s3.amazonaws.com\/wp-content\/uploads\/2024\/11\/14184734\/Pobalbhreith_Gaillimh_Thiar_2024_1-1920x1080-1-700x394.jpg","twitter_site":"@TG4TV","twitter_misc":{"Est. reading time":"3 minutes"},"schema":{"@context":"https:\/\/schema.org","@graph":[{"@type":"WebPage","@id":"https:\/\/dev.tg4.ie\/en\/information\/press\/press-releases\/2024-2\/galway-west-poll-2024\/","url":"https:\/\/dev.tg4.ie\/en\/information\/press\/press-releases\/2024-2\/galway-west-poll-2024\/","name":"A TG4 \/ Ipsos B&A Poll reveals that Fianna F\u00e1il support has plummeted in Galway West | Press Release | TG4","isPartOf":{"@id":"https:\/\/dev.tg4.ie\/en\/#website"},"primaryImageOfPage":{"@id":"https:\/\/dev.tg4.ie\/en\/information\/press\/press-releases\/2024-2\/galway-west-poll-2024\/#primaryimage"},"image":{"@id":"https:\/\/dev.tg4.ie\/en\/information\/press\/press-releases\/2024-2\/galway-west-poll-2024\/#primaryimage"},"thumbnailUrl":"https:\/\/dev.tg4.ie\/wp-content\/uploads\/2024\/11\/Pobalbhreith_Gaillimh_Thiar_2024_1-1920x1080-1.jpg","datePublished":"2024-11-14T19:13:28+00:00","dateModified":"2024-11-14T19:16:15+00:00","description":"A TG4 \/ Ipsos B&A poll revealed on Nuacht TG4 tonight shows that all four incumbents in Galway West are very much in the running for a seat, with only 6 percentage points separating the top 8 candidates.","breadcrumb":{"@id":"https:\/\/dev.tg4.ie\/en\/information\/press\/press-releases\/2024-2\/galway-west-poll-2024\/#breadcrumb"},"inLanguage":"en-ie","potentialAction":[{"@type":"ReadAction","target":["https:\/\/dev.tg4.ie\/en\/information\/press\/press-releases\/2024-2\/galway-west-poll-2024\/"]}]},{"@type":"ImageObject","inLanguage":"en-ie","@id":"https:\/\/dev.tg4.ie\/en\/information\/press\/press-releases\/2024-2\/galway-west-poll-2024\/#primaryimage","url":"https:\/\/dev.tg4.ie\/wp-content\/uploads\/2024\/11\/Pobalbhreith_Gaillimh_Thiar_2024_1-1920x1080-1.jpg","contentUrl":"https:\/\/dev.tg4.ie\/wp-content\/uploads\/2024\/11\/Pobalbhreith_Gaillimh_Thiar_2024_1-1920x1080-1.jpg"},{"@type":"BreadcrumbList","@id":"https:\/\/dev.tg4.ie\/en\/information\/press\/press-releases\/2024-2\/galway-west-poll-2024\/#breadcrumb","itemListElement":[{"@type":"ListItem","position":1,"name":"Home","item":"https:\/\/dev.tg4.ie\/en\/"},{"@type":"ListItem","position":2,"name":"Information","item":"https:\/\/dev.tg4.ie\/en\/information\/"},{"@type":"ListItem","position":3,"name":"Press","item":"https:\/\/dev.tg4.ie\/en\/information\/press\/"},{"@type":"ListItem","position":4,"name":"Press Releases","item":"https:\/\/dev.tg4.ie\/en\/information\/press\/press-releases\/"},{"@type":"ListItem","position":5,"name":"2024","item":"https:\/\/dev.tg4.ie\/en\/information\/press\/press-releases\/2024-2\/"},{"@type":"ListItem","position":6,"name":"A TG4 \/ Ipsos B&#038;A Poll reveals that Fianna F\u00e1il support has plummeted in Galway West"}]},{"@type":"WebSite","@id":"https:\/\/dev.tg4.ie\/en\/#website","url":"https:\/\/dev.tg4.ie\/en\/","name":"TG4","description":"S\u00fail Eile","potentialAction":[{"@type":"SearchAction","target":{"@type":"EntryPoint","urlTemplate":"https:\/\/dev.tg4.ie\/en\/?s={search_term_string}"},"query-input":"required name=search_term_string"}],"inLanguage":"en-ie"}]}},"_links":{"self":[{"href":"https:\/\/dev.tg4.ie\/en\/wp-json\/wp\/v2\/pages\/235078"}],"collection":[{"href":"https:\/\/dev.tg4.ie\/en\/wp-json\/wp\/v2\/pages"}],"about":[{"href":"https:\/\/dev.tg4.ie\/en\/wp-json\/wp\/v2\/types\/page"}],"author":[{"embeddable":true,"href":"https:\/\/dev.tg4.ie\/en\/wp-json\/wp\/v2\/users\/876"}],"replies":[{"embeddable":true,"href":"https:\/\/dev.tg4.ie\/en\/wp-json\/wp\/v2\/comments?post=235078"}],"version-history":[{"count":0,"href":"https:\/\/dev.tg4.ie\/en\/wp-json\/wp\/v2\/pages\/235078\/revisions"}],"up":[{"embeddable":true,"href":"https:\/\/dev.tg4.ie\/en\/wp-json\/wp\/v2\/pages\/208150"}],"wp:attachment":[{"href":"https:\/\/dev.tg4.ie\/en\/wp-json\/wp\/v2\/media?parent=235078"}],"curies":[{"name":"wp","href":"https:\/\/api.w.org\/{rel}","templated":true}]}}