{"id":235462,"date":"2024-11-27T12:54:28","date_gmt":"2024-11-27T12:54:28","guid":{"rendered":"https:\/\/dev.tg4.ie\/?page_id=235462"},"modified":"2024-11-27T12:54:28","modified_gmt":"2024-11-27T12:54:28","slug":"tg4-presents-comprehensive-coverage-of-general-election-results-on-vota-2024","status":"publish","type":"page","link":"https:\/\/dev.tg4.ie\/en\/information\/press\/press-releases\/2024-2\/tg4-presents-comprehensive-coverage-of-general-election-results-on-vota-2024\/","title":{"rendered":"TG4 Presents Comprehensive Coverage of General Election Results on V\u00f3ta 2024"},"content":{"rendered":"<table>\n<tbody>\n<tr>\n<td width=\"50%\"><img loading=\"lazy\" decoding=\"async\" width=\"1920\" height=\"1080\" src=\"https:\/\/tg4-docs.s3.amazonaws.com\/wp-content\/uploads\/2024\/05\/29135411\/Vota2024_1-1920x1080-1.jpg\" alt=\"\" class=\"aligncenter size-full wp-image-216859\" srcset=\"https:\/\/tg4-docs.s3.amazonaws.com\/wp-content\/uploads\/2024\/05\/29135411\/Vota2024_1-1920x1080-1.jpg 1920w, https:\/\/tg4-docs.s3.amazonaws.com\/wp-content\/uploads\/2024\/05\/29135411\/Vota2024_1-1920x1080-1-250x141.jpg 250w, https:\/\/tg4-docs.s3.amazonaws.com\/wp-content\/uploads\/2024\/05\/29135411\/Vota2024_1-1920x1080-1-700x394.jpg 700w, https:\/\/tg4-docs.s3.amazonaws.com\/wp-content\/uploads\/2024\/05\/29135411\/Vota2024_1-1920x1080-1-252x141.jpg 252w, https:\/\/tg4-docs.s3.amazonaws.com\/wp-content\/uploads\/2024\/05\/29135411\/Vota2024_1-1920x1080-1-1536x864.jpg 1536w, https:\/\/tg4-docs.s3.amazonaws.com\/wp-content\/uploads\/2024\/05\/29135411\/Vota2024_1-1920x1080-1-120x68.jpg 120w\" sizes=\"(max-width: 1920px) 100vw, 1920px\" \/><\/td>\n<\/tr>\n<\/tbody>\n<\/table>\n<p><sup>Pic: Si\u00fan\u00a0Nic\u00a0Gearailt\u00a0&#038; Eimear N\u00ed\u00a0Chonaola, V\u00f3ta 2024<\/sup><br \/>\n&nbsp;<\/p>\n<div style=\"position:relative;padding-top:56.25%;\">\n  <iframe src=\"https:\/\/www.youtube.com\/embed\/J1CoVnmDLVg\" frameborder=\"0\" allowfullscreen style=\"position:absolute;top:0;left:0;width:100%;height:100%;\"><\/iframe>\n<\/div>\n<p>&nbsp;<br \/>\nTG4 is delighted to present <em>V\u00f3ta 2024<\/em>, a comprehensive two-day live event covering the results and detailed analysis of this year\u2019s general election. Hosted by Si\u00fan Nic Gearailt and Eimear N\u00ed Chonaola, these special broadcasts will bring viewers expert insights, live result updates, and in-depth commentary as the nation charts its political future.<br \/>\n&nbsp;<\/p>\n<p><strong>Broadcast Schedule:<\/strong> <\/p>\n<ul>\n<li><strong>Saturday, 30th November:<\/strong>\n<p>Morning Coverage: <strong>10:00 \u2013 15:00<\/strong><br \/>\nEvening Coverage: <strong>19:00- 00:00<\/strong><\/li>\n<p>&nbsp;<\/p>\n<li><strong>Sunday, 1st December:<\/strong>\n<p>Morning Coverage: <strong>10:00<\/strong><br \/>\nEvening Coverage: <strong>18:45<\/strong><\/li>\n<\/ul>\n<p>&nbsp;<\/p>\n<p>Si\u00fan Nic Gearailt and Eimear N\u00ed Chonaola,  will guide viewers through the election results as they unfold. They will be joined by a panel of political experts and commentators, as well as journalists from count centres around the country offering varied perspectives and expert predictions about the implications of the vote.<br \/>\n&nbsp;<\/p>\n<p>The V\u00f3ta 2024 panel includes:  <\/p>\n<ul>\n<li><strong>Alan Dukes:<\/strong> Former Leader of Fine Gael, Former Minister for Finance<\/li>\n<li><strong>\u00c9amon \u00d3 Cu\u00edv:<\/strong> Fianna F\u00e1il TD for Galway West, Former Minister for Community, Rural and Gaeltacht Affairs<\/li>\n<li><strong>Se\u00e1n Kelly:<\/strong> Member of the European Parliament for Ireland South<\/li>\n<li><strong>Liadh N\u00ed Riada:<\/strong> Former Sinn F\u00e9in MEP for Ireland South, former Presidental candidate<\/li>\n<li><strong>Mary Coughlan:<\/strong> Former T\u00e1naiste, Former Fianna F\u00e1il TD for Donegal South-West<\/li>\n<li><strong>Eoghan \u00d3 Neachtain:<\/strong> Former Government Press Secretary, Communications Consultant<\/li>\n<li><strong>P\u00e1draig \u00d3 C\u00e9idigh:<\/strong> Former Independent Senator, Entrepreneur<\/li>\n<li><strong>Dinny McGinley:<\/strong> Former Fine Gael TD for Donegal South-West, Former Minister of State for the Gaeltacht<\/li>\n<li><strong>Toireasa Ferris:<\/strong> Former  Councillor, Kerry County Council<\/li>\n<li><strong>Paul Mulville:<\/strong> Councillor, Fingal County Council (Social Democrats)<\/li>\n<\/ul>\n<p>&nbsp;<\/p>\n<p>The programmes will also feature: <\/p>\n<ul>\n<li><strong>Live Reporting:<\/strong> Correspondents across a number of constituencies bringing updates and reactions from candidates, party leaders, and voters.<\/li>\n<li><strong>Expert Analysis:<\/strong> A breakdown of voting trends, shifts in public sentiment, and the election&#8217;s potential impact on local and national policies.<\/li>\n<\/ul>\n<p>&nbsp;<br \/>\nAs Ireland faces key political, social, and economic decisions, V\u00f3ta 2024 ensures TG4  viewers are at the heart of the action with coverage that is insightful, accessible, and uniquely Irish. <\/p>\n<p>Follow <a href=\"https:\/\/x.com\/search?q=%23V%C3%B3ta24&#038;src=typed_query&#038;f=live\" rel=\"noopener\" target=\"_blank\">#V\u00f3ta24<\/a> on social media for live updates as they happen and on TG4 on <em>V\u00f3ta 2024<\/em>. <\/p>\n<p>&nbsp;<\/p>\n","protected":false},"excerpt":{"rendered":"<p>Pic: Si\u00fan\u00a0Nic\u00a0Gearailt\u00a0&#038; Eimear N\u00ed\u00a0Chonaola, V\u00f3ta 2024 &nbsp; &nbsp; TG4 is delighted to present V\u00f3ta 2024, a comprehensive two-day live event covering the results and detailed analysis of this year\u2019s general election. Hosted by Si\u00fan Nic Gearailt and Eimear N\u00ed Chonaola, these special broadcasts will bring viewers expert insights, live result updates, and in-depth commentary as [&hellip;]<\/p>\n","protected":false},"author":876,"featured_media":0,"parent":208150,"menu_order":48,"comment_status":"closed","ping_status":"closed","template":"page-templates\/template-pr.php","meta":{"_acf_changed":false,"footnotes":""},"acf":[],"yoast_head":"<!-- This site is optimized with the Yoast SEO plugin v22.6 - https:\/\/yoast.com\/wordpress\/plugins\/seo\/ -->\n<title>TG4 Presents Comprehensive Coverage of General Election Results on V\u00f3ta 2024 | Press Release | TG4<\/title>\n<meta name=\"description\" content=\"TG4 is delighted to present V\u00f3ta 2024, a comprehensive two-day live event covering the results and detailed analysis of this year\u2019s general election.\" \/>\n<meta name=\"robots\" content=\"index, follow, max-snippet:-1, max-image-preview:large, max-video-preview:-1\" \/>\n<meta property=\"og:locale\" content=\"en_US\" \/>\n<meta property=\"og:type\" content=\"article\" \/>\n<meta property=\"og:title\" content=\"TG4 Presents Comprehensive Coverage of General Election Results on V\u00f3ta 2024 | Press Release | TG4\" \/>\n<meta property=\"og:description\" content=\"TG4 is delighted to present V\u00f3ta 2024, a comprehensive two-day live event covering the results and detailed analysis of this year\u2019s general election.\" \/>\n<meta property=\"og:url\" content=\"https:\/\/dev.tg4.ie\/en\/information\/press\/press-releases\/2024-2\/tg4-presents-comprehensive-coverage-of-general-election-results-on-vota-2024\/\" \/>\n<meta property=\"og:site_name\" content=\"TG4\" \/>\n<meta property=\"article:publisher\" content=\"https:\/\/www.facebook.com\/TG4TV\" \/>\n<meta property=\"og:image\" content=\"https:\/\/tg4-docs.s3.amazonaws.com\/wp-content\/uploads\/2024\/05\/29135411\/Vota2024_1-1920x1080-1-700x394.jpg\" \/>\n<meta name=\"twitter:card\" content=\"summary_large_image\" \/>\n<meta name=\"twitter:image\" content=\"https:\/\/tg4-docs.s3.amazonaws.com\/wp-content\/uploads\/2024\/05\/29135411\/Vota2024_1-1920x1080-1-700x394.jpg\" \/>\n<meta name=\"twitter:site\" content=\"@TG4TV\" \/>\n<meta name=\"twitter:label1\" content=\"Est. reading time\" \/>\n\t<meta name=\"twitter:data1\" content=\"2 minutes\" \/>\n<script type=\"application\/ld+json\" class=\"yoast-schema-graph\">{\"@context\":\"https:\/\/schema.org\",\"@graph\":[{\"@type\":\"WebPage\",\"@id\":\"https:\/\/dev.tg4.ie\/en\/information\/press\/press-releases\/2024-2\/tg4-presents-comprehensive-coverage-of-general-election-results-on-vota-2024\/\",\"url\":\"https:\/\/dev.tg4.ie\/en\/information\/press\/press-releases\/2024-2\/tg4-presents-comprehensive-coverage-of-general-election-results-on-vota-2024\/\",\"name\":\"TG4 Presents Comprehensive Coverage of General Election Results on V\u00f3ta 2024 | Press Release | TG4\",\"isPartOf\":{\"@id\":\"https:\/\/dev.tg4.ie\/en\/#website\"},\"primaryImageOfPage\":{\"@id\":\"https:\/\/dev.tg4.ie\/en\/information\/press\/press-releases\/2024-2\/tg4-presents-comprehensive-coverage-of-general-election-results-on-vota-2024\/#primaryimage\"},\"image\":{\"@id\":\"https:\/\/dev.tg4.ie\/en\/information\/press\/press-releases\/2024-2\/tg4-presents-comprehensive-coverage-of-general-election-results-on-vota-2024\/#primaryimage\"},\"thumbnailUrl\":\"https:\/\/dev.tg4.ie\/wp-content\/uploads\/2024\/05\/Vota2024_1-1920x1080-1.jpg\",\"datePublished\":\"2024-11-27T12:54:28+00:00\",\"dateModified\":\"2024-11-27T12:54:28+00:00\",\"description\":\"TG4 is delighted to present V\u00f3ta 2024, a comprehensive two-day live event covering the results and detailed analysis of this year\u2019s general election.\",\"breadcrumb\":{\"@id\":\"https:\/\/dev.tg4.ie\/en\/information\/press\/press-releases\/2024-2\/tg4-presents-comprehensive-coverage-of-general-election-results-on-vota-2024\/#breadcrumb\"},\"inLanguage\":\"en-ie\",\"potentialAction\":[{\"@type\":\"ReadAction\",\"target\":[\"https:\/\/dev.tg4.ie\/en\/information\/press\/press-releases\/2024-2\/tg4-presents-comprehensive-coverage-of-general-election-results-on-vota-2024\/\"]}]},{\"@type\":\"ImageObject\",\"inLanguage\":\"en-ie\",\"@id\":\"https:\/\/dev.tg4.ie\/en\/information\/press\/press-releases\/2024-2\/tg4-presents-comprehensive-coverage-of-general-election-results-on-vota-2024\/#primaryimage\",\"url\":\"https:\/\/dev.tg4.ie\/wp-content\/uploads\/2024\/05\/Vota2024_1-1920x1080-1.jpg\",\"contentUrl\":\"https:\/\/dev.tg4.ie\/wp-content\/uploads\/2024\/05\/Vota2024_1-1920x1080-1.jpg\"},{\"@type\":\"BreadcrumbList\",\"@id\":\"https:\/\/dev.tg4.ie\/en\/information\/press\/press-releases\/2024-2\/tg4-presents-comprehensive-coverage-of-general-election-results-on-vota-2024\/#breadcrumb\",\"itemListElement\":[{\"@type\":\"ListItem\",\"position\":1,\"name\":\"Home\",\"item\":\"https:\/\/dev.tg4.ie\/en\/\"},{\"@type\":\"ListItem\",\"position\":2,\"name\":\"Information\",\"item\":\"https:\/\/dev.tg4.ie\/en\/information\/\"},{\"@type\":\"ListItem\",\"position\":3,\"name\":\"Press\",\"item\":\"https:\/\/dev.tg4.ie\/en\/information\/press\/\"},{\"@type\":\"ListItem\",\"position\":4,\"name\":\"Press Releases\",\"item\":\"https:\/\/dev.tg4.ie\/en\/information\/press\/press-releases\/\"},{\"@type\":\"ListItem\",\"position\":5,\"name\":\"2024\",\"item\":\"https:\/\/dev.tg4.ie\/en\/information\/press\/press-releases\/2024-2\/\"},{\"@type\":\"ListItem\",\"position\":6,\"name\":\"TG4 Presents Comprehensive Coverage of General Election Results on V\u00f3ta 2024\"}]},{\"@type\":\"WebSite\",\"@id\":\"https:\/\/dev.tg4.ie\/en\/#website\",\"url\":\"https:\/\/dev.tg4.ie\/en\/\",\"name\":\"TG4\",\"description\":\"S\u00fail Eile\",\"potentialAction\":[{\"@type\":\"SearchAction\",\"target\":{\"@type\":\"EntryPoint\",\"urlTemplate\":\"https:\/\/dev.tg4.ie\/en\/?s={search_term_string}\"},\"query-input\":\"required name=search_term_string\"}],\"inLanguage\":\"en-ie\"}]}<\/script>\n<!-- \/ Yoast SEO plugin. -->","yoast_head_json":{"title":"TG4 Presents Comprehensive Coverage of General Election Results on V\u00f3ta 2024 | Press Release | TG4","description":"TG4 is delighted to present V\u00f3ta 2024, a comprehensive two-day live event covering the results and detailed analysis of this year\u2019s general election.","robots":{"index":"index","follow":"follow","max-snippet":"max-snippet:-1","max-image-preview":"max-image-preview:large","max-video-preview":"max-video-preview:-1"},"og_locale":"en_US","og_type":"article","og_title":"TG4 Presents Comprehensive Coverage of General Election Results on V\u00f3ta 2024 | Press Release | TG4","og_description":"TG4 is delighted to present V\u00f3ta 2024, a comprehensive two-day live event covering the results and detailed analysis of this year\u2019s general election.","og_url":"https:\/\/dev.tg4.ie\/en\/information\/press\/press-releases\/2024-2\/tg4-presents-comprehensive-coverage-of-general-election-results-on-vota-2024\/","og_site_name":"TG4","article_publisher":"https:\/\/www.facebook.com\/TG4TV","og_image":[{"url":"https:\/\/tg4-docs.s3.amazonaws.com\/wp-content\/uploads\/2024\/05\/29135411\/Vota2024_1-1920x1080-1-700x394.jpg"}],"twitter_card":"summary_large_image","twitter_image":"https:\/\/tg4-docs.s3.amazonaws.com\/wp-content\/uploads\/2024\/05\/29135411\/Vota2024_1-1920x1080-1-700x394.jpg","twitter_site":"@TG4TV","twitter_misc":{"Est. reading time":"2 minutes"},"schema":{"@context":"https:\/\/schema.org","@graph":[{"@type":"WebPage","@id":"https:\/\/dev.tg4.ie\/en\/information\/press\/press-releases\/2024-2\/tg4-presents-comprehensive-coverage-of-general-election-results-on-vota-2024\/","url":"https:\/\/dev.tg4.ie\/en\/information\/press\/press-releases\/2024-2\/tg4-presents-comprehensive-coverage-of-general-election-results-on-vota-2024\/","name":"TG4 Presents Comprehensive Coverage of General Election Results on V\u00f3ta 2024 | Press Release | TG4","isPartOf":{"@id":"https:\/\/dev.tg4.ie\/en\/#website"},"primaryImageOfPage":{"@id":"https:\/\/dev.tg4.ie\/en\/information\/press\/press-releases\/2024-2\/tg4-presents-comprehensive-coverage-of-general-election-results-on-vota-2024\/#primaryimage"},"image":{"@id":"https:\/\/dev.tg4.ie\/en\/information\/press\/press-releases\/2024-2\/tg4-presents-comprehensive-coverage-of-general-election-results-on-vota-2024\/#primaryimage"},"thumbnailUrl":"https:\/\/dev.tg4.ie\/wp-content\/uploads\/2024\/05\/Vota2024_1-1920x1080-1.jpg","datePublished":"2024-11-27T12:54:28+00:00","dateModified":"2024-11-27T12:54:28+00:00","description":"TG4 is delighted to present V\u00f3ta 2024, a comprehensive two-day live event covering the results and detailed analysis of this year\u2019s general election.","breadcrumb":{"@id":"https:\/\/dev.tg4.ie\/en\/information\/press\/press-releases\/2024-2\/tg4-presents-comprehensive-coverage-of-general-election-results-on-vota-2024\/#breadcrumb"},"inLanguage":"en-ie","potentialAction":[{"@type":"ReadAction","target":["https:\/\/dev.tg4.ie\/en\/information\/press\/press-releases\/2024-2\/tg4-presents-comprehensive-coverage-of-general-election-results-on-vota-2024\/"]}]},{"@type":"ImageObject","inLanguage":"en-ie","@id":"https:\/\/dev.tg4.ie\/en\/information\/press\/press-releases\/2024-2\/tg4-presents-comprehensive-coverage-of-general-election-results-on-vota-2024\/#primaryimage","url":"https:\/\/dev.tg4.ie\/wp-content\/uploads\/2024\/05\/Vota2024_1-1920x1080-1.jpg","contentUrl":"https:\/\/dev.tg4.ie\/wp-content\/uploads\/2024\/05\/Vota2024_1-1920x1080-1.jpg"},{"@type":"BreadcrumbList","@id":"https:\/\/dev.tg4.ie\/en\/information\/press\/press-releases\/2024-2\/tg4-presents-comprehensive-coverage-of-general-election-results-on-vota-2024\/#breadcrumb","itemListElement":[{"@type":"ListItem","position":1,"name":"Home","item":"https:\/\/dev.tg4.ie\/en\/"},{"@type":"ListItem","position":2,"name":"Information","item":"https:\/\/dev.tg4.ie\/en\/information\/"},{"@type":"ListItem","position":3,"name":"Press","item":"https:\/\/dev.tg4.ie\/en\/information\/press\/"},{"@type":"ListItem","position":4,"name":"Press Releases","item":"https:\/\/dev.tg4.ie\/en\/information\/press\/press-releases\/"},{"@type":"ListItem","position":5,"name":"2024","item":"https:\/\/dev.tg4.ie\/en\/information\/press\/press-releases\/2024-2\/"},{"@type":"ListItem","position":6,"name":"TG4 Presents Comprehensive Coverage of General Election Results on V\u00f3ta 2024"}]},{"@type":"WebSite","@id":"https:\/\/dev.tg4.ie\/en\/#website","url":"https:\/\/dev.tg4.ie\/en\/","name":"TG4","description":"S\u00fail Eile","potentialAction":[{"@type":"SearchAction","target":{"@type":"EntryPoint","urlTemplate":"https:\/\/dev.tg4.ie\/en\/?s={search_term_string}"},"query-input":"required name=search_term_string"}],"inLanguage":"en-ie"}]}},"_links":{"self":[{"href":"https:\/\/dev.tg4.ie\/en\/wp-json\/wp\/v2\/pages\/235462"}],"collection":[{"href":"https:\/\/dev.tg4.ie\/en\/wp-json\/wp\/v2\/pages"}],"about":[{"href":"https:\/\/dev.tg4.ie\/en\/wp-json\/wp\/v2\/types\/page"}],"author":[{"embeddable":true,"href":"https:\/\/dev.tg4.ie\/en\/wp-json\/wp\/v2\/users\/876"}],"replies":[{"embeddable":true,"href":"https:\/\/dev.tg4.ie\/en\/wp-json\/wp\/v2\/comments?post=235462"}],"version-history":[{"count":0,"href":"https:\/\/dev.tg4.ie\/en\/wp-json\/wp\/v2\/pages\/235462\/revisions"}],"up":[{"embeddable":true,"href":"https:\/\/dev.tg4.ie\/en\/wp-json\/wp\/v2\/pages\/208150"}],"wp:attachment":[{"href":"https:\/\/dev.tg4.ie\/en\/wp-json\/wp\/v2\/media?parent=235462"}],"curies":[{"name":"wp","href":"https:\/\/api.w.org\/{rel}","templated":true}]}}