{"id":235729,"date":"2024-12-04T10:32:04","date_gmt":"2024-12-04T10:32:04","guid":{"rendered":"https:\/\/dev.tg4.ie\/?page_id=235729"},"modified":"2024-12-04T10:32:04","modified_gmt":"2024-12-04T10:32:04","slug":"festive-treats-on-tg4-this-christmas","status":"publish","type":"page","link":"https:\/\/dev.tg4.ie\/en\/information\/press\/press-releases\/2024-2\/festive-treats-on-tg4-this-christmas\/","title":{"rendered":"Festive treats on TG4 this Christmas"},"content":{"rendered":"<p>TG4\u2019s Christmas schedule has plenty of festive treats to entertain the entire family from 22nd December to 5th January. <\/p>\n<table>\n<tbody>\n<tr>\n<td width=\"50%\"><img loading=\"lazy\" decoding=\"async\" width=\"1920\" height=\"1080\" class=\"aligncenter size-full wp-image-141459\" src=\"https:\/\/tg4-docs.s3.amazonaws.com\/tg4-redesign-2015\/wp-content\/uploads\/2022\/02\/AnCailinCiuin_TheQuietGirl_Cait_Catherine_Clinch_2-1920x1080-1.jpg\" alt=\"\" srcset=\"https:\/\/tg4-docs.s3.amazonaws.com\/tg4-redesign-2015\/wp-content\/uploads\/2022\/02\/AnCailinCiuin_TheQuietGirl_Cait_Catherine_Clinch_2-1920x1080-1.jpg 1920w, https:\/\/tg4-docs.s3.amazonaws.com\/tg4-redesign-2015\/wp-content\/uploads\/2022\/02\/AnCailinCiuin_TheQuietGirl_Cait_Catherine_Clinch_2-1920x1080-1-250x141.jpg 250w, https:\/\/tg4-docs.s3.amazonaws.com\/tg4-redesign-2015\/wp-content\/uploads\/2022\/02\/AnCailinCiuin_TheQuietGirl_Cait_Catherine_Clinch_2-1920x1080-1-700x394.jpg 700w, https:\/\/tg4-docs.s3.amazonaws.com\/tg4-redesign-2015\/wp-content\/uploads\/2022\/02\/AnCailinCiuin_TheQuietGirl_Cait_Catherine_Clinch_2-1920x1080-1-252x141.jpg 252w, https:\/\/tg4-docs.s3.amazonaws.com\/tg4-redesign-2015\/wp-content\/uploads\/2022\/02\/AnCailinCiuin_TheQuietGirl_Cait_Catherine_Clinch_2-1920x1080-1-1536x864.jpg 1536w, https:\/\/tg4-docs.s3.amazonaws.com\/tg4-redesign-2015\/wp-content\/uploads\/2022\/02\/AnCailinCiuin_TheQuietGirl_Cait_Catherine_Clinch_2-1920x1080-1-120x68.jpg 120w\" sizes=\"(max-width: 1920px) 100vw, 1920px\" \/><\/td>\n<td width=\"50%\"><img loading=\"lazy\" decoding=\"async\" width=\"1920\" height=\"1080\" class=\"aligncenter size-full wp-image-140596\" src=\"https:\/\/tg4-docs.s3.amazonaws.com\/tg4-redesign-2015\/wp-content\/uploads\/2022\/02\/AnCailinCiuin_TheQuietGirl_Cait_Catherine_Clinch_1-1920x1080-1.jpg\" alt=\"\" srcset=\"https:\/\/tg4-docs.s3.amazonaws.com\/tg4-redesign-2015\/wp-content\/uploads\/2022\/02\/AnCailinCiuin_TheQuietGirl_Cait_Catherine_Clinch_1-1920x1080-1.jpg 1920w, https:\/\/tg4-docs.s3.amazonaws.com\/tg4-redesign-2015\/wp-content\/uploads\/2022\/02\/AnCailinCiuin_TheQuietGirl_Cait_Catherine_Clinch_1-1920x1080-1-250x141.jpg 250w, https:\/\/tg4-docs.s3.amazonaws.com\/tg4-redesign-2015\/wp-content\/uploads\/2022\/02\/AnCailinCiuin_TheQuietGirl_Cait_Catherine_Clinch_1-1920x1080-1-700x394.jpg 700w, https:\/\/tg4-docs.s3.amazonaws.com\/tg4-redesign-2015\/wp-content\/uploads\/2022\/02\/AnCailinCiuin_TheQuietGirl_Cait_Catherine_Clinch_1-1920x1080-1-252x141.jpg 252w, https:\/\/tg4-docs.s3.amazonaws.com\/tg4-redesign-2015\/wp-content\/uploads\/2022\/02\/AnCailinCiuin_TheQuietGirl_Cait_Catherine_Clinch_1-1920x1080-1-1536x864.jpg 1536w, https:\/\/tg4-docs.s3.amazonaws.com\/tg4-redesign-2015\/wp-content\/uploads\/2022\/02\/AnCailinCiuin_TheQuietGirl_Cait_Catherine_Clinch_1-1920x1080-1-120x68.jpg 120w\" sizes=\"(max-width: 1920px) 100vw, 1920px\" \/><\/td>\n<\/tr>\n<\/tbody>\n<\/table>\n<p><sup>Pic: Catherine Clinch, An Cail\u00edn Ci\u00fain<\/sup><br \/>\n&nbsp;<\/p>\n<p data-olk-copy-source=\"MessageBody\">The Oscar-nominated film<span>\u00a0<\/span><strong>An Cail\u00edn Ci\u00fain<\/strong><span>\u00a0<\/span>has its TV premier on Christmas day at 8pm on TG4. The film<strong>\u00a0<\/strong>tells the story of C\u00e1it played by newcomer Catherine Clinch, a nine-year-old girl from an overcrowded, dysfunctional family who is sent away to live with foster parents for the summer. Despite a warm reception from the woman, Eibhl\u00edn (Carrie Crowley), the man of the house, Se\u00e1n (Andrew Bennett), keeps his distance from C\u00e1it and she from him, but over time, their strained relationship begins to deepen. But in this house where there are meant to be no secrets, she discovers one painful truth. Based on Foster by Claire Keegan. An Cail\u00edn Ci\u00fain is the debut of writer\/director, Colm Bair\u00e9ad and producer, Cleona N\u00ed Chrualaoi of Insc\u00e9al.<\/p>\n<p>This season\u2019s brand-new documentaries include<span>\u00a0<\/span><strong>Na\u00a0<\/strong><strong>Lumi\u00e8re Gaelacha<\/strong><span>\u00a0<\/span>on St. Stephen\u2019s Day 9.10pm. This documentary takes you into the magical world of three brothers, James (Jim), Thomas (Tom) and Philip (Phil) Horgan. Three boys from Youghal Co. Cork, saw a chink of light sparking in Europe, and followed that light, creating cinematic and animation history in Ireland.<\/p>\n<p>On the 28<sup>th<\/sup><span>\u00a0<\/span>of December at 8.25pm in<span>\u00a0<\/span><strong>Thomas Moore- Bard na h\u00c9ireann<\/strong><span>\u00a0<\/span>we explore Moore&#8217;s intriguing life and work while hearing new interpretations of many of his best-known songs such as The Minstrel Boy and The Last Rose of Summer, from contemporary artists such as Duke Special and M\u00e9av N\u00ed Mhaolchatha. Thomas Moore&#8217;s life remains a mystery some 250 years on.<\/p>\n<p>In 2021 Hughes&#8217; pub closed its doors for the last time following the death of its owner. In the film,<span>\u00a0<\/span><strong>Farewell to Hughes\u00a0<\/strong>on the 29<sup>th<\/sup><span>\u00a0<\/span>of December at 8.30pm Brendan Gleeson interviews musicians, dancers, and singers to tell the story of the unassuming pub and its lasting contribution to his life and traditional music.<\/p>\n<p>We honour 50 years of Ladies Gaelic Football in this special documentary<strong>\u00a0LGFA@50\u00a0<\/strong>(22\/12 \u00a04pm). It will take viewers on a journey to the heart of the sport, from the local pitch all the way to Croke Park.<span>\u00a0<\/span><strong id=\"x_isPasted\">An Bothy Band ISL<\/strong><span>\u00a0<\/span>(Christmas Day 6.25pm) Ireland&#8217;s foremost traditional music band reunited for a special documentary. On Christmas Day this documentary airs with Irish Sign Language. With special interviews &amp; behind the scenes rehearsals footage this unique documentary looks into the Bothy Band &amp; their legacy.<span>\u00a0<\/span><strong>An Cliath Oilimpeach\u00a0<\/strong>(2\/1 7.15pm) Filmed over several years, this documentary reveals the many hurdles Diarmuid Clancy faced as he was training to reach the 2020 Tokyo Olympics.<\/p>\n<p><strong>F\u00e1ilte 2025<\/strong><span>\u00a0<\/span>on New Year\u2019s Eve at 11.30pm D\u00e1ith\u00ed \u00d3 S\u00e9 and Doireann N\u00ed Ghlac\u00e1in will ring in the New Year with the best of traditional Irish music and song in Beflast&#8217;s Cult\u00farlann McAdam \u00d3 Fiaich, with M\u00e1ire Brennan, R\u00edoghnach Connolly, John McSherry, Piaras \u00d3 Lorc\u00e1in and many more. In the Cobblestone in Dublin Fiachna \u00d3 Braon\u00e1in will be joined by Aoife Scott, Liam O&#8217;Connor, Meave Mulligan and Marywalloper, Andrew Hendy, while in Tigh Chual\u00e1in in Galway, S\u00edle Seoige will host R\u00f3is\u00edn Seoige with Iml\u00e9, Conor Connolly, Sorcha Costello and Na F\u00edr\u00e9in.<\/p>\n<p>There will also be a wealth of traditional Irish music with<span>\u00a0<\/span><strong>Geantra\u00ed na Nollag<\/strong><span>\u00a0<\/span>on Christmas Day 9.35pm. Recorded in the iconic Tigh Hughes in An Spid\u00e9al and presented by the new series presenter acclaimed singer, Pauline Scanlon. Joining Pauline will be Johnny \u00d3g Connolly, Mary Coughlan &amp; band, Mary Bergin, Eilish Lennon, Se\u00e1n Lennon, Padraig \u00d3 Dubhghail, Seosamh \u00d3 Neachtain, Fergal Scahill, Ryan Molloy, Padraig Jack &amp; Band, Galvian way &amp; C\u00f3r Chois Farraige. \u00a0<strong>Carna an Cheoil agus na nAmhr\u00e1n<\/strong><span>\u00a0<\/span>(1\/1\/25 9.20pm). For over a century, music collectors have flocked to Carna in Conamara, drawn by its rich Gaelic traditions. In this programme, we immerse ourselves in Carna&#8217;s vibrant heritage, exploring the treasures passed down through generations and meeting the new wave of locals proudly keeping their native culture alive today.<\/p>\n<p>For music lovers, there\u2019s a mix of home-grown talent along with international artists.<strong>\u00a0Tommy Fleming- Christmas Songs for a Winter\u2019s Night\u00a0<\/strong>(Christmas Eve 7.15pm) recorded live in the intimate setting of Belleek Castle, Ballina with an invited audience of family and friends &amp;<span>\u00a0<\/span><strong>Tommy Fleming- Live in Galway Cathedral\u00a0<\/strong>(30\/12 7.15pm) recorded in Galway Cathedral filmed before a live audience.<span>\u00a0<\/span><strong>Billie Eilish: Live at the O2<\/strong><span>\u00a0<\/span>&#8211; (1\/1\/25) Billie Eilish released a visual record of her breathtaking concert film captured live at The O2 in London in 2023.<\/p>\n<p>Other concerts include:<span>\u00a0<\/span><strong>Oasis &#8211; Live at Glasgow Barrowlands<\/strong><span>\u00a0<\/span>(22\/12\/24),\u00a0<strong>Elvis Costello: Live at the Liverpool Philharmonic Hall\u00a0<\/strong>(23\/12\/24),<strong>\u00a0<\/strong><span>\u00a0<\/span><strong>Bruce Springsteen:\u00a0<\/strong><strong>The Pogues In Paris<\/strong><span>\u00a0<\/span>(25\/12\/24),<span>\u00a0<\/span><strong>Live in Dublin<\/strong><span>\u00a0<\/span>(26\/12\/24),<span>\u00a0<\/span><strong>Rod Stewart &#8211; It Had To Be You\u00a0<\/strong>(27\/12\/24),<span>\u00a0<\/span><strong>Rolling Stones: Ladies &amp; Gentlemen<\/strong><\/p>\n<p>(29\/12\/24)<span>\u00a0<\/span><strong>George Michael: Live in London<\/strong><span>\u00a0<\/span>(2\/1\/25),<span>\u00a0<\/span><strong>Queen: A Night at the Odeon\u00a0<\/strong>(4\/1\/25).<\/p>\n<p>Join the festive fun in<span>\u00a0<\/span><strong>Ros na R\u00fan<\/strong><span>\u00a0<\/span>where Christmas secrets will be revealed. \u00a0<strong>S\u00fail Siar \u2013 Oireachtas 2024\u00a0<\/strong>reflects on the main individual competitions in the various categories from Oireachtas na Samhna 2024.<span>\u00a0<\/span><strong>7 L\u00e1 &#8211; S\u00fail Siar na Bliana<\/strong><span>\u00a0<\/span>(23\/12 4.30pm) A look back at the major stories debated on TG4&#8217;s main news and current affairs programme. Politics and the economy, regional, national, and international affairs.<span>\u00a0<\/span><strong>Siar 20 Bliain\u00a0<\/strong>(27\/12 6.15pm)<strong>\u00a0<\/strong>M\u00e1ire T. N\u00ed Mhadaoin and Professor Emeritus Gear\u00f3id \u00d3 Tuathaigh explore the stories, national and regional, that stem from this year&#8217;s release by the National Archives. There will be a particular emphasis on stories relating to the Irish language and to Gaeltacht communities.<\/p>\n<p>Sporting events have kept us enthralled for the past twelve months and over Christmas you have another chance to see some of these major events in<strong>\u00a0C\u00fail na Bliana\u00a0<\/strong>(25\/12 3.15pm)<strong>\u00a0<\/strong>The 30 best hurling and football Goals of The Year in 2024 as voted by the public<strong>. GAA2024 na Sc\u00e9alta\u00a0<\/strong>(28\/12 4.55pm) takes a look back at the biggest stories and drama from the 2024 GAA, LGFA and Camogie seasons<strong>. Cluich\u00ed na Bliana-\u00a0<\/strong>Another chance to see some of the Football and Hurling games throughout the past year.<strong>\u00a0<\/strong><strong>Ag Triall ar Chill na Martra\u00a0<\/strong>(30\/12 8.55pm) During the June Bank holiday weekend, Cumann Peile Cill na Martra in Gaeltacht Mh\u00fascra\u00ed hosted the event. We follow the festival organisers, players, managers and supporters from the teams competing in the tournament. We also have live rugby action from<strong>\u00a0<em>Rugba\u00ed Beo\u00a0<\/em>Munster v Leinster\u00a0<\/strong>(27\/12 \u00a07pm).<strong>\u00a0Rugba\u00ed Beo Sharks v Stormers\u00a0<\/strong>(28\/12 \u00a02.55pm).<\/p>\n<p>There\u2019s a range of films to entertain all throughout the festive season.<strong>\u00a0<\/strong>Irish Movies<em>\u00a0<\/em>include<strong>\u00a0Froggie (2024 Comedy)\u00a0<\/strong>(23\/12 9.30pm) Starring Se\u00e1n T \u00d3 Meallaigh, Carrie Crowley, Gearoid Kavanagh, Lucia Evans and Paul Oakley Stovall. A film by Luke &amp; Jake Morgan. Fiachra and Tadhg peaked at the age of 7 when they appeared on TV to sing a song with their homemade puppet Froggie. 25 years later, they must team up again when Froggie is kidnapped. Another chance to watch<span>\u00a0<\/span><strong>Poit\u00edn (1979)<\/strong><span>\u00a0<\/span>(29\/12 7.15pm) A digitally remastered version of Bob Quinn&#8217;s famous film, the first Irish language film ever made. Two local degenerates terrorize an old man for his poit\u00edn. Starring Cyril Cusack and Mick Lally, Donal McCann and Niall T\u00f3ib\u00edn.<span>\u00a0<\/span><strong>R\u00f3ise &amp; Frank\u00a0<\/strong>(1\/1\/25 7.45pm) award winning Irish language film featuring a woman who believes a dog is the reincarnation of her late husband. Br\u00edd N\u00ed Neacht\u00e1in received IFTA 2023 best actress award for her role in this film.<\/p>\n<p>Other movies include<strong>\u00a0Rocketman,<em>\u00a0<\/em>Die Hard, Bridesmaids, High Fidelity, Spider-Man: Far from Home, Mamma Mia- Here We Go Again!, Knives Out, and Pulp Fiction.\u00a0<\/strong>Family movies include<strong>\u00a0Dr. Seuss\u2019 How the Grinch Stole Christmas, Despicable Me 3, The Secret Life of Pets, Shrek 2, Stuart Little, Into the West, Doctor Dolittle 2, Fantastic Mr. Fox, About a Boy\u00a0<\/strong>and<strong>\u00a0Marley &amp; Me. \u00a0<\/strong>Daytime movies include<strong>\u00a0The Producers, The Italian Job, The BFG, Matilda, Diary of a Wimpy Kid, Oliver!, Babe, Vertigo, Beethoven, Some Like it Hot,\u00a0<\/strong>and<strong>\u00a0The Seven Year Itch.\u00a0<\/strong><\/p>\n<p><strong>More information on TG4 Christmas movies here: <a href=\"https:\/\/dev.tg4.ie\/en\/information\/press\/press-releases\/2024-2\/movies-on-tg4-christmas-2024\/\" rel=\"noopener\" target=\"_blank\">Movies on TG4 Christmas 2024<\/a><\/strong><br \/>\n&nbsp;<br \/>\n&nbsp;<\/p>\n","protected":false},"excerpt":{"rendered":"<p>TG4\u2019s Christmas schedule has plenty of festive treats to entertain the entire family from 22nd December to 5th January. Pic: Catherine Clinch, An Cail\u00edn Ci\u00fain &nbsp; The Oscar-nominated film\u00a0An Cail\u00edn Ci\u00fain\u00a0has its TV premier on Christmas day at 8pm on TG4. The film\u00a0tells the story of C\u00e1it played by newcomer Catherine Clinch, a nine-year-old girl [&hellip;]<\/p>\n","protected":false},"author":876,"featured_media":0,"parent":208150,"menu_order":50,"comment_status":"closed","ping_status":"closed","template":"page-templates\/template-pr.php","meta":{"_acf_changed":false,"footnotes":""},"acf":[],"yoast_head":"<!-- This site is optimized with the Yoast SEO plugin v22.6 - https:\/\/yoast.com\/wordpress\/plugins\/seo\/ -->\n<title>Festive treats on TG4 this Christmas | Press Release | TG4<\/title>\n<meta name=\"description\" content=\"TG4\u2019s Christmas schedule has plenty of festive treats to entertain the entire family from 22nd December to 5th January.\" \/>\n<meta name=\"robots\" content=\"index, follow, max-snippet:-1, max-image-preview:large, max-video-preview:-1\" \/>\n<meta property=\"og:locale\" content=\"en_US\" \/>\n<meta property=\"og:type\" content=\"article\" \/>\n<meta property=\"og:title\" content=\"Festive treats on TG4 this Christmas | Press Release | TG4\" \/>\n<meta property=\"og:description\" content=\"TG4\u2019s Christmas schedule has plenty of festive treats to entertain the entire family from 22nd December to 5th January.\" \/>\n<meta property=\"og:url\" content=\"https:\/\/dev.tg4.ie\/en\/information\/press\/press-releases\/2024-2\/festive-treats-on-tg4-this-christmas\/\" \/>\n<meta property=\"og:site_name\" content=\"TG4\" \/>\n<meta property=\"article:publisher\" content=\"https:\/\/www.facebook.com\/TG4TV\" \/>\n<meta property=\"og:image\" content=\"https:\/\/tg4-docs.s3.amazonaws.com\/tg4-redesign-2015\/wp-content\/uploads\/2022\/02\/AnCailinCiuin_TheQuietGirl_Cait_Catherine_Clinch_2-1920x1080-1-700x394.jpg\" \/>\n<meta name=\"twitter:card\" content=\"summary_large_image\" \/>\n<meta name=\"twitter:image\" content=\"https:\/\/tg4-docs.s3.amazonaws.com\/tg4-redesign-2015\/wp-content\/uploads\/2022\/02\/AnCailinCiuin_TheQuietGirl_Cait_Catherine_Clinch_2-1920x1080-1-700x394.jpg\" \/>\n<meta name=\"twitter:site\" content=\"@TG4TV\" \/>\n<meta name=\"twitter:label1\" content=\"Est. reading time\" \/>\n\t<meta name=\"twitter:data1\" content=\"7 minutes\" \/>\n<script type=\"application\/ld+json\" class=\"yoast-schema-graph\">{\"@context\":\"https:\/\/schema.org\",\"@graph\":[{\"@type\":\"WebPage\",\"@id\":\"https:\/\/dev.tg4.ie\/en\/information\/press\/press-releases\/2024-2\/festive-treats-on-tg4-this-christmas\/\",\"url\":\"https:\/\/dev.tg4.ie\/en\/information\/press\/press-releases\/2024-2\/festive-treats-on-tg4-this-christmas\/\",\"name\":\"Festive treats on TG4 this Christmas | Press Release | TG4\",\"isPartOf\":{\"@id\":\"https:\/\/dev.tg4.ie\/en\/#website\"},\"primaryImageOfPage\":{\"@id\":\"https:\/\/dev.tg4.ie\/en\/information\/press\/press-releases\/2024-2\/festive-treats-on-tg4-this-christmas\/#primaryimage\"},\"image\":{\"@id\":\"https:\/\/dev.tg4.ie\/en\/information\/press\/press-releases\/2024-2\/festive-treats-on-tg4-this-christmas\/#primaryimage\"},\"thumbnailUrl\":\"https:\/\/dev.tg4.ie\/wp-content\/uploads\/2022\/02\/AnCailinCiuin_TheQuietGirl_Cait_Catherine_Clinch_2-1920x1080-1.jpg\",\"datePublished\":\"2024-12-04T10:32:04+00:00\",\"dateModified\":\"2024-12-04T10:32:04+00:00\",\"description\":\"TG4\u2019s Christmas schedule has plenty of festive treats to entertain the entire family from 22nd December to 5th January.\",\"breadcrumb\":{\"@id\":\"https:\/\/dev.tg4.ie\/en\/information\/press\/press-releases\/2024-2\/festive-treats-on-tg4-this-christmas\/#breadcrumb\"},\"inLanguage\":\"en-ie\",\"potentialAction\":[{\"@type\":\"ReadAction\",\"target\":[\"https:\/\/dev.tg4.ie\/en\/information\/press\/press-releases\/2024-2\/festive-treats-on-tg4-this-christmas\/\"]}]},{\"@type\":\"ImageObject\",\"inLanguage\":\"en-ie\",\"@id\":\"https:\/\/dev.tg4.ie\/en\/information\/press\/press-releases\/2024-2\/festive-treats-on-tg4-this-christmas\/#primaryimage\",\"url\":\"https:\/\/dev.tg4.ie\/wp-content\/uploads\/2022\/02\/AnCailinCiuin_TheQuietGirl_Cait_Catherine_Clinch_2-1920x1080-1.jpg\",\"contentUrl\":\"https:\/\/dev.tg4.ie\/wp-content\/uploads\/2022\/02\/AnCailinCiuin_TheQuietGirl_Cait_Catherine_Clinch_2-1920x1080-1.jpg\"},{\"@type\":\"BreadcrumbList\",\"@id\":\"https:\/\/dev.tg4.ie\/en\/information\/press\/press-releases\/2024-2\/festive-treats-on-tg4-this-christmas\/#breadcrumb\",\"itemListElement\":[{\"@type\":\"ListItem\",\"position\":1,\"name\":\"Home\",\"item\":\"https:\/\/dev.tg4.ie\/en\/\"},{\"@type\":\"ListItem\",\"position\":2,\"name\":\"Information\",\"item\":\"https:\/\/dev.tg4.ie\/en\/information\/\"},{\"@type\":\"ListItem\",\"position\":3,\"name\":\"Press\",\"item\":\"https:\/\/dev.tg4.ie\/en\/information\/press\/\"},{\"@type\":\"ListItem\",\"position\":4,\"name\":\"Press Releases\",\"item\":\"https:\/\/dev.tg4.ie\/en\/information\/press\/press-releases\/\"},{\"@type\":\"ListItem\",\"position\":5,\"name\":\"2024\",\"item\":\"https:\/\/dev.tg4.ie\/en\/information\/press\/press-releases\/2024-2\/\"},{\"@type\":\"ListItem\",\"position\":6,\"name\":\"Festive treats on TG4 this Christmas\"}]},{\"@type\":\"WebSite\",\"@id\":\"https:\/\/dev.tg4.ie\/en\/#website\",\"url\":\"https:\/\/dev.tg4.ie\/en\/\",\"name\":\"TG4\",\"description\":\"S\u00fail Eile\",\"potentialAction\":[{\"@type\":\"SearchAction\",\"target\":{\"@type\":\"EntryPoint\",\"urlTemplate\":\"https:\/\/dev.tg4.ie\/en\/?s={search_term_string}\"},\"query-input\":\"required name=search_term_string\"}],\"inLanguage\":\"en-ie\"}]}<\/script>\n<!-- \/ Yoast SEO plugin. -->","yoast_head_json":{"title":"Festive treats on TG4 this Christmas | Press Release | TG4","description":"TG4\u2019s Christmas schedule has plenty of festive treats to entertain the entire family from 22nd December to 5th January.","robots":{"index":"index","follow":"follow","max-snippet":"max-snippet:-1","max-image-preview":"max-image-preview:large","max-video-preview":"max-video-preview:-1"},"og_locale":"en_US","og_type":"article","og_title":"Festive treats on TG4 this Christmas | Press Release | TG4","og_description":"TG4\u2019s Christmas schedule has plenty of festive treats to entertain the entire family from 22nd December to 5th January.","og_url":"https:\/\/dev.tg4.ie\/en\/information\/press\/press-releases\/2024-2\/festive-treats-on-tg4-this-christmas\/","og_site_name":"TG4","article_publisher":"https:\/\/www.facebook.com\/TG4TV","og_image":[{"url":"https:\/\/tg4-docs.s3.amazonaws.com\/tg4-redesign-2015\/wp-content\/uploads\/2022\/02\/AnCailinCiuin_TheQuietGirl_Cait_Catherine_Clinch_2-1920x1080-1-700x394.jpg"}],"twitter_card":"summary_large_image","twitter_image":"https:\/\/tg4-docs.s3.amazonaws.com\/tg4-redesign-2015\/wp-content\/uploads\/2022\/02\/AnCailinCiuin_TheQuietGirl_Cait_Catherine_Clinch_2-1920x1080-1-700x394.jpg","twitter_site":"@TG4TV","twitter_misc":{"Est. reading time":"7 minutes"},"schema":{"@context":"https:\/\/schema.org","@graph":[{"@type":"WebPage","@id":"https:\/\/dev.tg4.ie\/en\/information\/press\/press-releases\/2024-2\/festive-treats-on-tg4-this-christmas\/","url":"https:\/\/dev.tg4.ie\/en\/information\/press\/press-releases\/2024-2\/festive-treats-on-tg4-this-christmas\/","name":"Festive treats on TG4 this Christmas | Press Release | TG4","isPartOf":{"@id":"https:\/\/dev.tg4.ie\/en\/#website"},"primaryImageOfPage":{"@id":"https:\/\/dev.tg4.ie\/en\/information\/press\/press-releases\/2024-2\/festive-treats-on-tg4-this-christmas\/#primaryimage"},"image":{"@id":"https:\/\/dev.tg4.ie\/en\/information\/press\/press-releases\/2024-2\/festive-treats-on-tg4-this-christmas\/#primaryimage"},"thumbnailUrl":"https:\/\/dev.tg4.ie\/wp-content\/uploads\/2022\/02\/AnCailinCiuin_TheQuietGirl_Cait_Catherine_Clinch_2-1920x1080-1.jpg","datePublished":"2024-12-04T10:32:04+00:00","dateModified":"2024-12-04T10:32:04+00:00","description":"TG4\u2019s Christmas schedule has plenty of festive treats to entertain the entire family from 22nd December to 5th January.","breadcrumb":{"@id":"https:\/\/dev.tg4.ie\/en\/information\/press\/press-releases\/2024-2\/festive-treats-on-tg4-this-christmas\/#breadcrumb"},"inLanguage":"en-ie","potentialAction":[{"@type":"ReadAction","target":["https:\/\/dev.tg4.ie\/en\/information\/press\/press-releases\/2024-2\/festive-treats-on-tg4-this-christmas\/"]}]},{"@type":"ImageObject","inLanguage":"en-ie","@id":"https:\/\/dev.tg4.ie\/en\/information\/press\/press-releases\/2024-2\/festive-treats-on-tg4-this-christmas\/#primaryimage","url":"https:\/\/dev.tg4.ie\/wp-content\/uploads\/2022\/02\/AnCailinCiuin_TheQuietGirl_Cait_Catherine_Clinch_2-1920x1080-1.jpg","contentUrl":"https:\/\/dev.tg4.ie\/wp-content\/uploads\/2022\/02\/AnCailinCiuin_TheQuietGirl_Cait_Catherine_Clinch_2-1920x1080-1.jpg"},{"@type":"BreadcrumbList","@id":"https:\/\/dev.tg4.ie\/en\/information\/press\/press-releases\/2024-2\/festive-treats-on-tg4-this-christmas\/#breadcrumb","itemListElement":[{"@type":"ListItem","position":1,"name":"Home","item":"https:\/\/dev.tg4.ie\/en\/"},{"@type":"ListItem","position":2,"name":"Information","item":"https:\/\/dev.tg4.ie\/en\/information\/"},{"@type":"ListItem","position":3,"name":"Press","item":"https:\/\/dev.tg4.ie\/en\/information\/press\/"},{"@type":"ListItem","position":4,"name":"Press Releases","item":"https:\/\/dev.tg4.ie\/en\/information\/press\/press-releases\/"},{"@type":"ListItem","position":5,"name":"2024","item":"https:\/\/dev.tg4.ie\/en\/information\/press\/press-releases\/2024-2\/"},{"@type":"ListItem","position":6,"name":"Festive treats on TG4 this Christmas"}]},{"@type":"WebSite","@id":"https:\/\/dev.tg4.ie\/en\/#website","url":"https:\/\/dev.tg4.ie\/en\/","name":"TG4","description":"S\u00fail Eile","potentialAction":[{"@type":"SearchAction","target":{"@type":"EntryPoint","urlTemplate":"https:\/\/dev.tg4.ie\/en\/?s={search_term_string}"},"query-input":"required name=search_term_string"}],"inLanguage":"en-ie"}]}},"_links":{"self":[{"href":"https:\/\/dev.tg4.ie\/en\/wp-json\/wp\/v2\/pages\/235729"}],"collection":[{"href":"https:\/\/dev.tg4.ie\/en\/wp-json\/wp\/v2\/pages"}],"about":[{"href":"https:\/\/dev.tg4.ie\/en\/wp-json\/wp\/v2\/types\/page"}],"author":[{"embeddable":true,"href":"https:\/\/dev.tg4.ie\/en\/wp-json\/wp\/v2\/users\/876"}],"replies":[{"embeddable":true,"href":"https:\/\/dev.tg4.ie\/en\/wp-json\/wp\/v2\/comments?post=235729"}],"version-history":[{"count":0,"href":"https:\/\/dev.tg4.ie\/en\/wp-json\/wp\/v2\/pages\/235729\/revisions"}],"up":[{"embeddable":true,"href":"https:\/\/dev.tg4.ie\/en\/wp-json\/wp\/v2\/pages\/208150"}],"wp:attachment":[{"href":"https:\/\/dev.tg4.ie\/en\/wp-json\/wp\/v2\/media?parent=235729"}],"curies":[{"name":"wp","href":"https:\/\/api.w.org\/{rel}","templated":true}]}}