{"id":235793,"date":"2024-12-06T10:30:05","date_gmt":"2024-12-06T10:30:05","guid":{"rendered":"https:\/\/dev.tg4.ie\/?page_id=235793"},"modified":"2024-12-06T10:30:05","modified_gmt":"2024-12-06T10:30:05","slug":"a-festive-feast-of-family-entertainment-cula4s-magical-christmas-line-up","status":"publish","type":"page","link":"https:\/\/dev.tg4.ie\/en\/information\/press\/press-releases\/2024-2\/a-festive-feast-of-family-entertainment-cula4s-magical-christmas-line-up\/","title":{"rendered":"A Festive Feast of Family Entertainment: C\u00fala4\u2019s Magical Christmas Line-Up"},"content":{"rendered":"<table>\n<tbody>\n<tr>\n<td width=\"50%\"><img loading=\"lazy\" decoding=\"async\" width=\"1920\" height=\"1080\" src=\"https:\/\/tg4-docs.s3.amazonaws.com\/wp-content\/uploads\/2024\/12\/06101250\/Tabby_Mc_Tat_1-1920x1080-1.jpg\" alt=\"\" class=\"aligncenter size-full wp-image-235787\" srcset=\"https:\/\/tg4-docs.s3.amazonaws.com\/wp-content\/uploads\/2024\/12\/06101250\/Tabby_Mc_Tat_1-1920x1080-1.jpg 1920w, https:\/\/tg4-docs.s3.amazonaws.com\/wp-content\/uploads\/2024\/12\/06101250\/Tabby_Mc_Tat_1-1920x1080-1-250x141.jpg 250w, https:\/\/tg4-docs.s3.amazonaws.com\/wp-content\/uploads\/2024\/12\/06101250\/Tabby_Mc_Tat_1-1920x1080-1-700x394.jpg 700w, https:\/\/tg4-docs.s3.amazonaws.com\/wp-content\/uploads\/2024\/12\/06101250\/Tabby_Mc_Tat_1-1920x1080-1-252x141.jpg 252w, https:\/\/tg4-docs.s3.amazonaws.com\/wp-content\/uploads\/2024\/12\/06101250\/Tabby_Mc_Tat_1-1920x1080-1-1536x864.jpg 1536w, https:\/\/tg4-docs.s3.amazonaws.com\/wp-content\/uploads\/2024\/12\/06101250\/Tabby_Mc_Tat_1-1920x1080-1-120x68.jpg 120w\" sizes=\"(max-width: 1920px) 100vw, 1920px\" \/><\/td>\n<td width=\"50%\"><img loading=\"lazy\" decoding=\"async\" width=\"1920\" height=\"1080\" src=\"https:\/\/tg4-docs.s3.amazonaws.com\/wp-content\/uploads\/2024\/12\/06101253\/Ice_Age_2_1-1920x1080-1.jpg\" alt=\"\" class=\"aligncenter size-full wp-image-235788\" srcset=\"https:\/\/tg4-docs.s3.amazonaws.com\/wp-content\/uploads\/2024\/12\/06101253\/Ice_Age_2_1-1920x1080-1.jpg 1920w, https:\/\/tg4-docs.s3.amazonaws.com\/wp-content\/uploads\/2024\/12\/06101253\/Ice_Age_2_1-1920x1080-1-250x141.jpg 250w, https:\/\/tg4-docs.s3.amazonaws.com\/wp-content\/uploads\/2024\/12\/06101253\/Ice_Age_2_1-1920x1080-1-700x394.jpg 700w, https:\/\/tg4-docs.s3.amazonaws.com\/wp-content\/uploads\/2024\/12\/06101253\/Ice_Age_2_1-1920x1080-1-252x141.jpg 252w, https:\/\/tg4-docs.s3.amazonaws.com\/wp-content\/uploads\/2024\/12\/06101253\/Ice_Age_2_1-1920x1080-1-1536x864.jpg 1536w, https:\/\/tg4-docs.s3.amazonaws.com\/wp-content\/uploads\/2024\/12\/06101253\/Ice_Age_2_1-1920x1080-1-120x68.jpg 120w\" sizes=\"(max-width: 1920px) 100vw, 1920px\" \/><\/td>\n<\/tr>\n<\/tbody>\n<\/table>\n<p>&nbsp;<\/p>\n<div style=\"position:relative;padding-top:56.25%;\">\n  <iframe src=\"https:\/\/www.youtube.com\/embed\/qN6cfX5PqUA\" frameborder=\"0\" allowfullscreen style=\"position:absolute;top:0;left:0;width:100%;height:100%;\"><\/iframe>\n<\/div>\n<p>&nbsp;<br \/>\nC\u00fala4, the Irish language dedicated children\u2019s channel, is set to delight audiences this festive season with a dazzling selection of family-friendly films and specials.  <\/p>\n<p>With an enchanting blend of animation, storytelling, and classic adventures, this year&#8217;s programming is a must-watch for families and young viewers alike.  <\/p>\n<p>Packed with award-winning titles and beloved characters, C\u00fala4\u2019s Christmas schedule is sure to capture the attention of younger viewers.<br \/>\n&nbsp;<br \/>\n&nbsp;<\/p>\n<p><u><strong>Programming Highlights:<\/strong><\/u><br \/>\n&nbsp;<\/p>\n<p><strong>Christmas Eve \u2013 24th December\u00a0<\/strong><br \/>\n&nbsp;<\/p>\n<p>Cloudy With a Chance of Meatballs @ 10:20<br \/>\n<em>The much-loved animated comedy where food falls from the sky, with hilarious and heartwarming results. A visually stunning tale that delights both kids and adults.<\/em><br \/>\n&nbsp;<\/p>\n<p>SpongeBob \u2013 Sp\u00fainse as Uisce @ 18:00<br \/>\n<em>The irrepressible SpongeBob SquarePants steps ashore for an epic battle with a pirate. A riot of colour and comedy!<\/em><br \/>\n&nbsp;<br \/>\n&nbsp;<\/p>\n<p><strong>Christmas Day \u2013 25th December<\/strong><br \/>\n&nbsp;<br \/>\nS\u00e1bh\u00e1lann Buster an Nollaig @ 06:00<br \/>\n<em>An endearing tale where a plucky hero saves Christmas, perfect for early risers.<\/em><br \/>\n&nbsp;<\/p>\n<p>Tabby McTat @ 09:05<br \/>\n<em>From the creators of The Gruffalo, this Julia Donaldson classic is brought to life in a touching story of friendship and perseverance. <\/em><br \/>\n&nbsp;<br \/>\nTabby McTat (repeat) &#8211; 31\/12 @ 12:30<br \/>\n&nbsp;<\/p>\n<p>Playmobil: An Scann\u00e1n @ 14:05<br \/>\n<em>Dive into the imaginative world of Playmobil, a visual treat with unforgettable characters and playful storytelling.<\/em><br \/>\n&nbsp;<\/p>\n<p>Angelo, D\u00faisigh, T\u00e1 an Nollag Ann! @ 15:35<br \/>\n<em>A clever and inventive holiday special where Christmas Eve repeats itself in a time-loop adventure.<\/em><br \/>\n&nbsp;<\/p>\n<p>Scann\u00e1n: Despicable Me 3 @ 16:45<br \/>\n<em>Gru\u2019s encounter with his charming twin brother Dru adds a fresh twist to this globally adored franchise.<\/em><br \/>\n&nbsp;<br \/>\n&nbsp;<\/p>\n<p><strong>St. Stephen\u2019s Day \u2013 26th December\u00a0<\/strong><br \/>\n&nbsp;<\/p>\n<p>Scann\u00e1n: Dinosaur Train: Adventure Island @ 06:25<br \/>\n<em>A prehistoric adventure for the little ones, combining education with excitement.<\/em><br \/>\n&nbsp;<\/p>\n<p>Scann\u00e1n: Ice Age 2: The Meltdown @ 13:00<br \/>\n<em>A masterpiece of animated cinema, as Manny, Sid, and Diego navigate a world reshaped by climate change. <\/em><br \/>\n&nbsp;<\/p>\n<p>SpongeBob SquarePants \u2013 An Scann\u00e1n @ 17:20<br \/>\n<em>SpongeBob returns for another side-splitting, high-stakes adventure.<\/em><br \/>\n&nbsp;<br \/>\n&nbsp;<\/p>\n<p><strong>New Year\u2019s Eve &#038; New Year\u2019s Day\u00a0<\/strong><br \/>\n&nbsp;<br \/>\nT\u00e1 Muid ag Dul ar Th\u00f3ir B\u00e9ir @ 31\/12 @ 12:00<br \/>\n&nbsp;<\/p>\n<p>Shrek  on 1\/1 @ 17:25<br \/>\n<em>The iconic tale of the loveable ogre begins, setting the tone for a perfect start to the new year.<\/em> <\/p>\n<p>&nbsp;<\/p>\n<p>Shrek 2 on 4\/1 @ 17:25<br \/>\n<em>The wildly successful sequel that deepens the humor and heart of the original.<\/em><br \/>\n&nbsp;<\/p>\n<p>Smurfs: The Lost Village 25\/12 @ 09:30 &#038; 29\/12 @ 18:15.<br \/>\n<em>A visually enchanting story of discovery and identity.<\/em><br \/>\n&nbsp;<br \/>\n&nbsp;<\/p>\n<p><strong>Other Standouts<\/strong><\/p>\n<p>&nbsp;<\/p>\n<p>L\u00ed Ban 29\/12 @ 13:15.<br \/>\n<em>An original Irish-language tale rich in mythology and folklore. All episodes available on Cula4.com<\/em><\/p>\n<p>&nbsp;<\/p>\n","protected":false},"excerpt":{"rendered":"<p>&nbsp; &nbsp; C\u00fala4, the Irish language dedicated children\u2019s channel, is set to delight audiences this festive season with a dazzling selection of family-friendly films and specials. With an enchanting blend of animation, storytelling, and classic adventures, this year&#8217;s programming is a must-watch for families and young viewers alike. Packed with award-winning titles and beloved characters, [&hellip;]<\/p>\n","protected":false},"author":876,"featured_media":0,"parent":208150,"menu_order":51,"comment_status":"closed","ping_status":"closed","template":"page-templates\/template-pr.php","meta":{"_acf_changed":false,"footnotes":""},"acf":[],"yoast_head":"<!-- This site is optimized with the Yoast SEO plugin v22.6 - https:\/\/yoast.com\/wordpress\/plugins\/seo\/ -->\n<title>A Festive Feast of Family Entertainment: C\u00fala4\u2019s Magical Christmas Line-Up | Press Release | TG4<\/title>\n<meta name=\"description\" content=\"C\u00fala4, the Irish language dedicated children\u2019s channel, is set to delight audiences this festive season with a dazzling selection of family-friendly films and specials.\" \/>\n<meta name=\"robots\" content=\"index, follow, max-snippet:-1, max-image-preview:large, max-video-preview:-1\" \/>\n<meta property=\"og:locale\" content=\"en_US\" \/>\n<meta property=\"og:type\" content=\"article\" \/>\n<meta property=\"og:title\" content=\"A Festive Feast of Family Entertainment: C\u00fala4\u2019s Magical Christmas Line-Up | Press Release | TG4\" \/>\n<meta property=\"og:description\" content=\"C\u00fala4, the Irish language dedicated children\u2019s channel, is set to delight audiences this festive season with a dazzling selection of family-friendly films and specials.\" \/>\n<meta property=\"og:url\" content=\"https:\/\/dev.tg4.ie\/en\/information\/press\/press-releases\/2024-2\/a-festive-feast-of-family-entertainment-cula4s-magical-christmas-line-up\/\" \/>\n<meta property=\"og:site_name\" content=\"TG4\" \/>\n<meta property=\"article:publisher\" content=\"https:\/\/www.facebook.com\/TG4TV\" \/>\n<meta property=\"og:image\" content=\"https:\/\/tg4-docs.s3.amazonaws.com\/wp-content\/uploads\/2024\/12\/06101250\/Tabby_Mc_Tat_1-1920x1080-1-700x394.jpg\" \/>\n<meta name=\"twitter:card\" content=\"summary_large_image\" \/>\n<meta name=\"twitter:image\" content=\"https:\/\/tg4-docs.s3.amazonaws.com\/wp-content\/uploads\/2024\/12\/06101250\/Tabby_Mc_Tat_1-1920x1080-1-700x394.jpg\" \/>\n<meta name=\"twitter:site\" content=\"@TG4TV\" \/>\n<meta name=\"twitter:label1\" content=\"Est. reading time\" \/>\n\t<meta name=\"twitter:data1\" content=\"3 minutes\" \/>\n<script type=\"application\/ld+json\" class=\"yoast-schema-graph\">{\"@context\":\"https:\/\/schema.org\",\"@graph\":[{\"@type\":\"WebPage\",\"@id\":\"https:\/\/dev.tg4.ie\/en\/information\/press\/press-releases\/2024-2\/a-festive-feast-of-family-entertainment-cula4s-magical-christmas-line-up\/\",\"url\":\"https:\/\/dev.tg4.ie\/en\/information\/press\/press-releases\/2024-2\/a-festive-feast-of-family-entertainment-cula4s-magical-christmas-line-up\/\",\"name\":\"A Festive Feast of Family Entertainment: C\u00fala4\u2019s Magical Christmas Line-Up | Press Release | TG4\",\"isPartOf\":{\"@id\":\"https:\/\/dev.tg4.ie\/en\/#website\"},\"primaryImageOfPage\":{\"@id\":\"https:\/\/dev.tg4.ie\/en\/information\/press\/press-releases\/2024-2\/a-festive-feast-of-family-entertainment-cula4s-magical-christmas-line-up\/#primaryimage\"},\"image\":{\"@id\":\"https:\/\/dev.tg4.ie\/en\/information\/press\/press-releases\/2024-2\/a-festive-feast-of-family-entertainment-cula4s-magical-christmas-line-up\/#primaryimage\"},\"thumbnailUrl\":\"https:\/\/dev.tg4.ie\/wp-content\/uploads\/2024\/12\/Tabby_Mc_Tat_1-1920x1080-1.jpg\",\"datePublished\":\"2024-12-06T10:30:05+00:00\",\"dateModified\":\"2024-12-06T10:30:05+00:00\",\"description\":\"C\u00fala4, the Irish language dedicated children\u2019s channel, is set to delight audiences this festive season with a dazzling selection of family-friendly films and specials.\",\"breadcrumb\":{\"@id\":\"https:\/\/dev.tg4.ie\/en\/information\/press\/press-releases\/2024-2\/a-festive-feast-of-family-entertainment-cula4s-magical-christmas-line-up\/#breadcrumb\"},\"inLanguage\":\"en-ie\",\"potentialAction\":[{\"@type\":\"ReadAction\",\"target\":[\"https:\/\/dev.tg4.ie\/en\/information\/press\/press-releases\/2024-2\/a-festive-feast-of-family-entertainment-cula4s-magical-christmas-line-up\/\"]}]},{\"@type\":\"ImageObject\",\"inLanguage\":\"en-ie\",\"@id\":\"https:\/\/dev.tg4.ie\/en\/information\/press\/press-releases\/2024-2\/a-festive-feast-of-family-entertainment-cula4s-magical-christmas-line-up\/#primaryimage\",\"url\":\"https:\/\/dev.tg4.ie\/wp-content\/uploads\/2024\/12\/Tabby_Mc_Tat_1-1920x1080-1.jpg\",\"contentUrl\":\"https:\/\/dev.tg4.ie\/wp-content\/uploads\/2024\/12\/Tabby_Mc_Tat_1-1920x1080-1.jpg\"},{\"@type\":\"BreadcrumbList\",\"@id\":\"https:\/\/dev.tg4.ie\/en\/information\/press\/press-releases\/2024-2\/a-festive-feast-of-family-entertainment-cula4s-magical-christmas-line-up\/#breadcrumb\",\"itemListElement\":[{\"@type\":\"ListItem\",\"position\":1,\"name\":\"Home\",\"item\":\"https:\/\/dev.tg4.ie\/en\/\"},{\"@type\":\"ListItem\",\"position\":2,\"name\":\"Information\",\"item\":\"https:\/\/dev.tg4.ie\/en\/information\/\"},{\"@type\":\"ListItem\",\"position\":3,\"name\":\"Press\",\"item\":\"https:\/\/dev.tg4.ie\/en\/information\/press\/\"},{\"@type\":\"ListItem\",\"position\":4,\"name\":\"Press Releases\",\"item\":\"https:\/\/dev.tg4.ie\/en\/information\/press\/press-releases\/\"},{\"@type\":\"ListItem\",\"position\":5,\"name\":\"2024\",\"item\":\"https:\/\/dev.tg4.ie\/en\/information\/press\/press-releases\/2024-2\/\"},{\"@type\":\"ListItem\",\"position\":6,\"name\":\"A Festive Feast of Family Entertainment: C\u00fala4\u2019s Magical Christmas Line-Up\"}]},{\"@type\":\"WebSite\",\"@id\":\"https:\/\/dev.tg4.ie\/en\/#website\",\"url\":\"https:\/\/dev.tg4.ie\/en\/\",\"name\":\"TG4\",\"description\":\"S\u00fail Eile\",\"potentialAction\":[{\"@type\":\"SearchAction\",\"target\":{\"@type\":\"EntryPoint\",\"urlTemplate\":\"https:\/\/dev.tg4.ie\/en\/?s={search_term_string}\"},\"query-input\":\"required name=search_term_string\"}],\"inLanguage\":\"en-ie\"}]}<\/script>\n<!-- \/ Yoast SEO plugin. -->","yoast_head_json":{"title":"A Festive Feast of Family Entertainment: C\u00fala4\u2019s Magical Christmas Line-Up | Press Release | TG4","description":"C\u00fala4, the Irish language dedicated children\u2019s channel, is set to delight audiences this festive season with a dazzling selection of family-friendly films and specials.","robots":{"index":"index","follow":"follow","max-snippet":"max-snippet:-1","max-image-preview":"max-image-preview:large","max-video-preview":"max-video-preview:-1"},"og_locale":"en_US","og_type":"article","og_title":"A Festive Feast of Family Entertainment: C\u00fala4\u2019s Magical Christmas Line-Up | Press Release | TG4","og_description":"C\u00fala4, the Irish language dedicated children\u2019s channel, is set to delight audiences this festive season with a dazzling selection of family-friendly films and specials.","og_url":"https:\/\/dev.tg4.ie\/en\/information\/press\/press-releases\/2024-2\/a-festive-feast-of-family-entertainment-cula4s-magical-christmas-line-up\/","og_site_name":"TG4","article_publisher":"https:\/\/www.facebook.com\/TG4TV","og_image":[{"url":"https:\/\/tg4-docs.s3.amazonaws.com\/wp-content\/uploads\/2024\/12\/06101250\/Tabby_Mc_Tat_1-1920x1080-1-700x394.jpg"}],"twitter_card":"summary_large_image","twitter_image":"https:\/\/tg4-docs.s3.amazonaws.com\/wp-content\/uploads\/2024\/12\/06101250\/Tabby_Mc_Tat_1-1920x1080-1-700x394.jpg","twitter_site":"@TG4TV","twitter_misc":{"Est. reading time":"3 minutes"},"schema":{"@context":"https:\/\/schema.org","@graph":[{"@type":"WebPage","@id":"https:\/\/dev.tg4.ie\/en\/information\/press\/press-releases\/2024-2\/a-festive-feast-of-family-entertainment-cula4s-magical-christmas-line-up\/","url":"https:\/\/dev.tg4.ie\/en\/information\/press\/press-releases\/2024-2\/a-festive-feast-of-family-entertainment-cula4s-magical-christmas-line-up\/","name":"A Festive Feast of Family Entertainment: C\u00fala4\u2019s Magical Christmas Line-Up | Press Release | TG4","isPartOf":{"@id":"https:\/\/dev.tg4.ie\/en\/#website"},"primaryImageOfPage":{"@id":"https:\/\/dev.tg4.ie\/en\/information\/press\/press-releases\/2024-2\/a-festive-feast-of-family-entertainment-cula4s-magical-christmas-line-up\/#primaryimage"},"image":{"@id":"https:\/\/dev.tg4.ie\/en\/information\/press\/press-releases\/2024-2\/a-festive-feast-of-family-entertainment-cula4s-magical-christmas-line-up\/#primaryimage"},"thumbnailUrl":"https:\/\/dev.tg4.ie\/wp-content\/uploads\/2024\/12\/Tabby_Mc_Tat_1-1920x1080-1.jpg","datePublished":"2024-12-06T10:30:05+00:00","dateModified":"2024-12-06T10:30:05+00:00","description":"C\u00fala4, the Irish language dedicated children\u2019s channel, is set to delight audiences this festive season with a dazzling selection of family-friendly films and specials.","breadcrumb":{"@id":"https:\/\/dev.tg4.ie\/en\/information\/press\/press-releases\/2024-2\/a-festive-feast-of-family-entertainment-cula4s-magical-christmas-line-up\/#breadcrumb"},"inLanguage":"en-ie","potentialAction":[{"@type":"ReadAction","target":["https:\/\/dev.tg4.ie\/en\/information\/press\/press-releases\/2024-2\/a-festive-feast-of-family-entertainment-cula4s-magical-christmas-line-up\/"]}]},{"@type":"ImageObject","inLanguage":"en-ie","@id":"https:\/\/dev.tg4.ie\/en\/information\/press\/press-releases\/2024-2\/a-festive-feast-of-family-entertainment-cula4s-magical-christmas-line-up\/#primaryimage","url":"https:\/\/dev.tg4.ie\/wp-content\/uploads\/2024\/12\/Tabby_Mc_Tat_1-1920x1080-1.jpg","contentUrl":"https:\/\/dev.tg4.ie\/wp-content\/uploads\/2024\/12\/Tabby_Mc_Tat_1-1920x1080-1.jpg"},{"@type":"BreadcrumbList","@id":"https:\/\/dev.tg4.ie\/en\/information\/press\/press-releases\/2024-2\/a-festive-feast-of-family-entertainment-cula4s-magical-christmas-line-up\/#breadcrumb","itemListElement":[{"@type":"ListItem","position":1,"name":"Home","item":"https:\/\/dev.tg4.ie\/en\/"},{"@type":"ListItem","position":2,"name":"Information","item":"https:\/\/dev.tg4.ie\/en\/information\/"},{"@type":"ListItem","position":3,"name":"Press","item":"https:\/\/dev.tg4.ie\/en\/information\/press\/"},{"@type":"ListItem","position":4,"name":"Press Releases","item":"https:\/\/dev.tg4.ie\/en\/information\/press\/press-releases\/"},{"@type":"ListItem","position":5,"name":"2024","item":"https:\/\/dev.tg4.ie\/en\/information\/press\/press-releases\/2024-2\/"},{"@type":"ListItem","position":6,"name":"A Festive Feast of Family Entertainment: C\u00fala4\u2019s Magical Christmas Line-Up"}]},{"@type":"WebSite","@id":"https:\/\/dev.tg4.ie\/en\/#website","url":"https:\/\/dev.tg4.ie\/en\/","name":"TG4","description":"S\u00fail Eile","potentialAction":[{"@type":"SearchAction","target":{"@type":"EntryPoint","urlTemplate":"https:\/\/dev.tg4.ie\/en\/?s={search_term_string}"},"query-input":"required name=search_term_string"}],"inLanguage":"en-ie"}]}},"_links":{"self":[{"href":"https:\/\/dev.tg4.ie\/en\/wp-json\/wp\/v2\/pages\/235793"}],"collection":[{"href":"https:\/\/dev.tg4.ie\/en\/wp-json\/wp\/v2\/pages"}],"about":[{"href":"https:\/\/dev.tg4.ie\/en\/wp-json\/wp\/v2\/types\/page"}],"author":[{"embeddable":true,"href":"https:\/\/dev.tg4.ie\/en\/wp-json\/wp\/v2\/users\/876"}],"replies":[{"embeddable":true,"href":"https:\/\/dev.tg4.ie\/en\/wp-json\/wp\/v2\/comments?post=235793"}],"version-history":[{"count":0,"href":"https:\/\/dev.tg4.ie\/en\/wp-json\/wp\/v2\/pages\/235793\/revisions"}],"up":[{"embeddable":true,"href":"https:\/\/dev.tg4.ie\/en\/wp-json\/wp\/v2\/pages\/208150"}],"wp:attachment":[{"href":"https:\/\/dev.tg4.ie\/en\/wp-json\/wp\/v2\/media?parent=235793"}],"curies":[{"name":"wp","href":"https:\/\/api.w.org\/{rel}","templated":true}]}}