{"id":236930,"date":"2025-01-14T17:11:17","date_gmt":"2025-01-14T17:11:17","guid":{"rendered":"https:\/\/dev.tg4.ie\/?page_id=236930"},"modified":"2025-01-14T17:11:17","modified_gmt":"2025-01-14T17:11:17","slug":"tg4-dominates-with-20-nominations-at-the-2025-irish-film-television-academy-awards-ifta","status":"publish","type":"page","link":"https:\/\/dev.tg4.ie\/en\/information\/press\/press-releases\/2025-2\/tg4-dominates-with-20-nominations-at-the-2025-irish-film-television-academy-awards-ifta\/","title":{"rendered":"TG4 Dominates with 20 Nominations at the 2025 Irish Film &#038; Television Academy Awards (IFTA)"},"content":{"rendered":"<table>\n<tbody>\n<tr>\n<td width=\"33%\"><a href=\"https:\/\/tg4-docs.s3.amazonaws.com\/wp-content\/uploads\/2025\/01\/14162428\/KNEECAP_2-1920x1080-1.jpg\"><img loading=\"lazy\" decoding=\"async\" width=\"1920\" height=\"1080\" src=\"https:\/\/tg4-docs.s3.amazonaws.com\/wp-content\/uploads\/2025\/01\/14162428\/KNEECAP_2-1920x1080-1.jpg\" alt=\"\" class=\"aligncenter size-full wp-image-236923\" srcset=\"https:\/\/tg4-docs.s3.amazonaws.com\/wp-content\/uploads\/2025\/01\/14162428\/KNEECAP_2-1920x1080-1.jpg 1920w, https:\/\/tg4-docs.s3.amazonaws.com\/wp-content\/uploads\/2025\/01\/14162428\/KNEECAP_2-1920x1080-1-250x141.jpg 250w, https:\/\/tg4-docs.s3.amazonaws.com\/wp-content\/uploads\/2025\/01\/14162428\/KNEECAP_2-1920x1080-1-700x394.jpg 700w, https:\/\/tg4-docs.s3.amazonaws.com\/wp-content\/uploads\/2025\/01\/14162428\/KNEECAP_2-1920x1080-1-252x141.jpg 252w, https:\/\/tg4-docs.s3.amazonaws.com\/wp-content\/uploads\/2025\/01\/14162428\/KNEECAP_2-1920x1080-1-1536x864.jpg 1536w, https:\/\/tg4-docs.s3.amazonaws.com\/wp-content\/uploads\/2025\/01\/14162428\/KNEECAP_2-1920x1080-1-120x68.jpg 120w\" sizes=\"(max-width: 1920px) 100vw, 1920px\" \/><\/a><\/td>\n<td width=\"33%\"><a href=\"https:\/\/tg4-docs.s3.amazonaws.com\/wp-content\/uploads\/2025\/01\/14162812\/CRA_4-1920x1080-1.jpg\"><img loading=\"lazy\" decoding=\"async\" width=\"1920\" height=\"1080\" src=\"https:\/\/tg4-docs.s3.amazonaws.com\/wp-content\/uploads\/2025\/01\/14162812\/CRA_4-1920x1080-1.jpg\" alt=\"\" class=\"aligncenter size-full wp-image-236926\" srcset=\"https:\/\/tg4-docs.s3.amazonaws.com\/wp-content\/uploads\/2025\/01\/14162812\/CRA_4-1920x1080-1.jpg 1920w, https:\/\/tg4-docs.s3.amazonaws.com\/wp-content\/uploads\/2025\/01\/14162812\/CRA_4-1920x1080-1-250x141.jpg 250w, https:\/\/tg4-docs.s3.amazonaws.com\/wp-content\/uploads\/2025\/01\/14162812\/CRA_4-1920x1080-1-700x394.jpg 700w, https:\/\/tg4-docs.s3.amazonaws.com\/wp-content\/uploads\/2025\/01\/14162812\/CRA_4-1920x1080-1-252x141.jpg 252w, https:\/\/tg4-docs.s3.amazonaws.com\/wp-content\/uploads\/2025\/01\/14162812\/CRA_4-1920x1080-1-1536x864.jpg 1536w, https:\/\/tg4-docs.s3.amazonaws.com\/wp-content\/uploads\/2025\/01\/14162812\/CRA_4-1920x1080-1-120x68.jpg 120w\" sizes=\"(max-width: 1920px) 100vw, 1920px\" \/><\/a><\/td>\n<td width=\"33%\"><a href=\"https:\/\/tg4-docs.s3.amazonaws.com\/wp-content\/uploads\/2025\/01\/14162500\/Freamhacha_2-1920x1080-1.jpg\"><img loading=\"lazy\" decoding=\"async\" width=\"1920\" height=\"1080\" src=\"https:\/\/tg4-docs.s3.amazonaws.com\/wp-content\/uploads\/2025\/01\/14162500\/Freamhacha_2-1920x1080-1.jpg\" alt=\"\" class=\"aligncenter size-full wp-image-236924\" srcset=\"https:\/\/tg4-docs.s3.amazonaws.com\/wp-content\/uploads\/2025\/01\/14162500\/Freamhacha_2-1920x1080-1.jpg 1920w, https:\/\/tg4-docs.s3.amazonaws.com\/wp-content\/uploads\/2025\/01\/14162500\/Freamhacha_2-1920x1080-1-250x141.jpg 250w, https:\/\/tg4-docs.s3.amazonaws.com\/wp-content\/uploads\/2025\/01\/14162500\/Freamhacha_2-1920x1080-1-700x394.jpg 700w, https:\/\/tg4-docs.s3.amazonaws.com\/wp-content\/uploads\/2025\/01\/14162500\/Freamhacha_2-1920x1080-1-252x141.jpg 252w, https:\/\/tg4-docs.s3.amazonaws.com\/wp-content\/uploads\/2025\/01\/14162500\/Freamhacha_2-1920x1080-1-1536x864.jpg 1536w, https:\/\/tg4-docs.s3.amazonaws.com\/wp-content\/uploads\/2025\/01\/14162500\/Freamhacha_2-1920x1080-1-120x68.jpg 120w\" sizes=\"(max-width: 1920px) 100vw, 1920px\" \/><\/a><\/td>\n<\/tr>\n<\/tbody>\n<\/table>\n<p>&nbsp;<br \/>\nTG4 is celebrating massive success as the nominations for the 2025 Irish Film &#038; Television Academy (IFTA) Awards have been announced. Leading the charge is the critically acclaimed film Kneecap, which has garnered an impressive 17 nominations. <\/p>\n<p>Other notable nominees include CR\u00c1 and Fr\u00e9amacha (Fr\u00e9waka) each recognised for their outstanding contributions to Irish cinema. <\/p>\n<p>In total, these films have received a remarkable 20 nominations.<\/p>\n<p>&nbsp;<br \/>\n&nbsp;<\/p>\n<p><a href=\"https:\/\/tg4-docs.s3.amazonaws.com\/wp-content\/uploads\/2024\/06\/26095055\/KNEECAP_1-1920x1080-1.jpg\"><img loading=\"lazy\" decoding=\"async\" width=\"250\" height=\"141\" src=\"https:\/\/tg4-docs.s3.amazonaws.com\/wp-content\/uploads\/2024\/06\/26095055\/KNEECAP_1-1920x1080-1-250x141.jpg\" alt=\"\" class=\"aligncenter size-medium wp-image-217756\" srcset=\"https:\/\/tg4-docs.s3.amazonaws.com\/wp-content\/uploads\/2024\/06\/26095055\/KNEECAP_1-1920x1080-1-250x141.jpg 250w, https:\/\/tg4-docs.s3.amazonaws.com\/wp-content\/uploads\/2024\/06\/26095055\/KNEECAP_1-1920x1080-1-700x394.jpg 700w, https:\/\/tg4-docs.s3.amazonaws.com\/wp-content\/uploads\/2024\/06\/26095055\/KNEECAP_1-1920x1080-1-252x141.jpg 252w, https:\/\/tg4-docs.s3.amazonaws.com\/wp-content\/uploads\/2024\/06\/26095055\/KNEECAP_1-1920x1080-1-1536x864.jpg 1536w, https:\/\/tg4-docs.s3.amazonaws.com\/wp-content\/uploads\/2024\/06\/26095055\/KNEECAP_1-1920x1080-1-120x68.jpg 120w, https:\/\/tg4-docs.s3.amazonaws.com\/wp-content\/uploads\/2024\/06\/26095055\/KNEECAP_1-1920x1080-1.jpg 1920w\" sizes=\"(max-width: 250px) 100vw, 250px\" \/><\/a><\/p>\n<p><strong><u>KNEECAP<\/u><\/strong><\/p>\n<p><strong>Kneecap<\/strong> has been nominated in several prestigious categories, including Best Film, Best Director for Rich Peppiatt, and Best Script. The film&#8217;s lead actors, J.J. \u00d3 Dochartaigh, Liam \u00d3g \u00d3 hAnnaidh, and Naoise \u00d3 Caireallain, have all been nominated for their exceptional performances. Michael Fassbender, Fionnuala Flaherty, Simone Kirby, and Jessica Reynolds have also received nominations for their supporting roles. The film&#8217;s technical achievements have been recognised with nominations for Casting, Cinematography, Costume Design, Production Design, Hair &#038; Make-Up, Sound, and Editing.<\/p>\n<p>TG4 is KNEECAP\u2019s broadcast partner and <strong>Proinsias N\u00ed Ghr\u00e1inne, Commissioning Editor, TG4<\/strong> added that <em>\u201cKneecap&#8217;s astonishing 17 IFTA nominations in best film and in various performance and craft categories is indicative of the powerful creative channel that the Irish language and Irish language production is today. TG4 is privileged to be part of Kneecap&#8217;s global success and delighted that this very Irish story will have its Irish home on TG4 for years to come.  Comhghairdeas Kneecap, \u00f3 neart go neart.\u201d<\/em><\/p>\n<p>&nbsp;<br \/>\n&nbsp;<\/p>\n<p><a href=\"https:\/\/tg4-docs.s3.amazonaws.com\/wp-content\/uploads\/2025\/01\/14161451\/CRA_3-1920x1080-1.jpg\"><img loading=\"lazy\" decoding=\"async\" width=\"250\" height=\"141\" src=\"https:\/\/tg4-docs.s3.amazonaws.com\/wp-content\/uploads\/2025\/01\/14161451\/CRA_3-1920x1080-1-250x141.jpg\" alt=\"\" class=\"aligncenter size-medium wp-image-236919\" srcset=\"https:\/\/tg4-docs.s3.amazonaws.com\/wp-content\/uploads\/2025\/01\/14161451\/CRA_3-1920x1080-1-250x141.jpg 250w, https:\/\/tg4-docs.s3.amazonaws.com\/wp-content\/uploads\/2025\/01\/14161451\/CRA_3-1920x1080-1-700x394.jpg 700w, https:\/\/tg4-docs.s3.amazonaws.com\/wp-content\/uploads\/2025\/01\/14161451\/CRA_3-1920x1080-1-252x141.jpg 252w, https:\/\/tg4-docs.s3.amazonaws.com\/wp-content\/uploads\/2025\/01\/14161451\/CRA_3-1920x1080-1-1536x864.jpg 1536w, https:\/\/tg4-docs.s3.amazonaws.com\/wp-content\/uploads\/2025\/01\/14161451\/CRA_3-1920x1080-1-120x68.jpg 120w, https:\/\/tg4-docs.s3.amazonaws.com\/wp-content\/uploads\/2025\/01\/14161451\/CRA_3-1920x1080-1.jpg 1920w\" sizes=\"(max-width: 250px) 100vw, 250px\" \/><\/a><\/p>\n<p><strong><u>CR\u00c1<\/u><\/strong><\/p>\n<p><strong>CR\u00c1<\/strong> has been nominated for Best Drama, captivating audiences with its atmospheric murder mystery set in rural Ireland. <\/p>\n<p>A murder investigation begins when Garda Conall \u00d3 S\u00failleabh\u00e1in&#8217;s missing mother is discovered buried on a bog. Conall is forbidden from working the case but that&#8217;s not going to stop him. Meanwhile, a young journalist, Ciara-Kate, decides to produce a podcast about the case. Conall soon realises that Ciara-Kate can get access to people who refuse to speak to the official investigation. If Conall wants justice for his mother, he has no choice but to join forces with this journalist. Their investigation leads them on a dark path and begs the question: can justice really be blind?<\/p>\n<p>Link: <a href=\"https:\/\/nasc.tg4.tv\/CR\u00c1\" rel=\"noopener\" target=\"_blank\">https:\/\/nasc.tg4.tv\/CR\u00c1<\/a><br \/>\n&nbsp;<br \/>\n&nbsp;<\/p>\n<p><a href=\"https:\/\/tg4-docs.s3.amazonaws.com\/wp-content\/uploads\/2024\/08\/09151937\/Freamhacha_Brid_ni_Neachtain_1-1920x1080-1.jpg\"><img loading=\"lazy\" decoding=\"async\" width=\"250\" height=\"141\" src=\"https:\/\/tg4-docs.s3.amazonaws.com\/wp-content\/uploads\/2024\/08\/09151937\/Freamhacha_Brid_ni_Neachtain_1-1920x1080-1-250x141.jpg\" alt=\"\" class=\"aligncenter size-medium wp-image-232101\" srcset=\"https:\/\/tg4-docs.s3.amazonaws.com\/wp-content\/uploads\/2024\/08\/09151937\/Freamhacha_Brid_ni_Neachtain_1-1920x1080-1-250x141.jpg 250w, https:\/\/tg4-docs.s3.amazonaws.com\/wp-content\/uploads\/2024\/08\/09151937\/Freamhacha_Brid_ni_Neachtain_1-1920x1080-1-700x394.jpg 700w, https:\/\/tg4-docs.s3.amazonaws.com\/wp-content\/uploads\/2024\/08\/09151937\/Freamhacha_Brid_ni_Neachtain_1-1920x1080-1-252x141.jpg 252w, https:\/\/tg4-docs.s3.amazonaws.com\/wp-content\/uploads\/2024\/08\/09151937\/Freamhacha_Brid_ni_Neachtain_1-1920x1080-1-1536x864.jpg 1536w, https:\/\/tg4-docs.s3.amazonaws.com\/wp-content\/uploads\/2024\/08\/09151937\/Freamhacha_Brid_ni_Neachtain_1-1920x1080-1-120x68.jpg 120w, https:\/\/tg4-docs.s3.amazonaws.com\/wp-content\/uploads\/2024\/08\/09151937\/Freamhacha_Brid_ni_Neachtain_1-1920x1080-1.jpg 1920w\" sizes=\"(max-width: 250px) 100vw, 250px\" \/><\/a><\/p>\n<p><strong><u>FR\u00c9AMHACHA &#8211; FR\u00c9WAKA (international title)<\/u><\/strong><\/p>\n<p><strong>Fr\u00e9waka<\/strong> has received nominations for Cinematography and Original Music, showcasing the film&#8217;s visual and auditory excellence. Starring Clare Monnelly, Br\u00edd N\u00ed Neachtain and Aleksandra Bystrzhitskaya. Directed by Aislinn Clarke. Care worker Shoo is sent to a remote Irish-speaking village to care for an agoraphobic woman, who fears both the neighbours and Na S\u00eddhe \u2013 sinister folkloric entities she believes abducted her decades before.  <\/p>\n<p>Produced by Dermot Lavery for DoubleBand Films (Doineann) and by Patrick O\u2019Neill for Wildcard, FR\u00c9AMHACHA was funded through the Cine4 scheme, supported by TG4, Screen Ireland, Coimisi\u00fan na Me\u00e1n, and Section 48 which is the same scheme that funded the Academy Award nominated Irish film An Cail\u00edn Ci\u00fain.<\/p>\n<p>&nbsp;<br \/>\n&nbsp;<\/p>\n<p><a href=\"https:\/\/tg4-docs.s3.amazonaws.com\/wp-content\/uploads\/2024\/12\/12110122\/Brendan_Gleesons_Farewell_to_Hughes_1-1920x1080-1.jpg\"><img loading=\"lazy\" decoding=\"async\" width=\"250\" height=\"141\" src=\"https:\/\/tg4-docs.s3.amazonaws.com\/wp-content\/uploads\/2024\/12\/12110122\/Brendan_Gleesons_Farewell_to_Hughes_1-1920x1080-1-250x141.jpg\" alt=\"\" class=\"aligncenter size-medium wp-image-236003\" srcset=\"https:\/\/tg4-docs.s3.amazonaws.com\/wp-content\/uploads\/2024\/12\/12110122\/Brendan_Gleesons_Farewell_to_Hughes_1-1920x1080-1-250x141.jpg 250w, https:\/\/tg4-docs.s3.amazonaws.com\/wp-content\/uploads\/2024\/12\/12110122\/Brendan_Gleesons_Farewell_to_Hughes_1-1920x1080-1-700x394.jpg 700w, https:\/\/tg4-docs.s3.amazonaws.com\/wp-content\/uploads\/2024\/12\/12110122\/Brendan_Gleesons_Farewell_to_Hughes_1-1920x1080-1-252x141.jpg 252w, https:\/\/tg4-docs.s3.amazonaws.com\/wp-content\/uploads\/2024\/12\/12110122\/Brendan_Gleesons_Farewell_to_Hughes_1-1920x1080-1-1536x864.jpg 1536w, https:\/\/tg4-docs.s3.amazonaws.com\/wp-content\/uploads\/2024\/12\/12110122\/Brendan_Gleesons_Farewell_to_Hughes_1-1920x1080-1-120x68.jpg 120w, https:\/\/tg4-docs.s3.amazonaws.com\/wp-content\/uploads\/2024\/12\/12110122\/Brendan_Gleesons_Farewell_to_Hughes_1-1920x1080-1.jpg 1920w\" sizes=\"(max-width: 250px) 100vw, 250px\" \/><\/a><\/p>\n<p><strong><u>Brendan Gleeson&#8217;s Farewell to Hughes&#8217;s<\/u><\/strong><\/p>\n<p>Brendan Gleeson&#8217;s Farewell to Hughes&#8217;s, which aired on TG4 over Christmas, has been nominated for the George Morrison Feature Documentary Award. The film produced by Irish Traditional Music Archive (ITMA) celebrates the legacy of a beloved Dublin pub and its profound impact on traditional Irish music.<\/p>\n<p>Link: <a href=\"https:\/\/nasc.tg4.tv\/Brendan_Gleesons_Farewell_to_Hughes\" rel=\"noopener\" target=\"_blank\">https:\/\/nasc.tg4.tv\/Brendan_Gleesons_Farewell_to_Hughes<\/a><br \/>\n&nbsp;<br \/>\n&nbsp; <\/p>\n<p>This is truly a fantastic day for Irish language film, programming, and for TG4. The recognition of these films and documentaries at the 2025 Irish Film &#038; Television Academy Awards is a testament to the incredible talent and creativity within the Irish film industry. <\/p>\n<p><strong>Mary Ellen N\u00ed Chual\u00e1in, TG4\u2019s Commissioning Manager<\/strong>, added: <em>&#8220;TG4 is immensely proud of the recognition its films and programmes have received at this year\u2019s IFTA Awards. \u2018It portrays the strength and creative talent within the Irish language independent producers industry and the TG4 team that support their work. Comhghairdeas to all the nominees.&#8221;<\/em><\/p>\n<p>These nominations not only highlight the exceptional work of the filmmakers and actors but also underscore the importance of storytelling in preserving and promoting Irish culture. TG4 is proud to be a part of this celebration of Irish cinema and looks forward to continuing to support and showcase the best of Irish talent.<\/p>\n<p>Irish language films are making waves on the world stage, with news pending for BAFTA and Oscar nominations for Kneecap. This international recognition further solidifies the impact and significance of Irish language and Irish cinema globally.<\/p>\n<p>The 22nd anniversary IFTA Awards Ceremony will take place on Friday, February 14th at the Dublin Royal Convention Centre, where the winners will be announced.<\/p>\n<p>&nbsp;<\/p>\n","protected":false},"excerpt":{"rendered":"<p>&nbsp; TG4 is celebrating massive success as the nominations for the 2025 Irish Film &#038; Television Academy (IFTA) Awards have been announced. Leading the charge is the critically acclaimed film Kneecap, which has garnered an impressive 17 nominations. Other notable nominees include CR\u00c1 and Fr\u00e9amacha (Fr\u00e9waka) each recognised for their outstanding contributions to Irish cinema. [&hellip;]<\/p>\n","protected":false},"author":876,"featured_media":0,"parent":236809,"menu_order":1,"comment_status":"closed","ping_status":"closed","template":"page-templates\/template-pr.php","meta":{"_acf_changed":false,"footnotes":""},"acf":[],"yoast_head":"<!-- This site is optimized with the Yoast SEO plugin v22.6 - https:\/\/yoast.com\/wordpress\/plugins\/seo\/ -->\n<title>TG4 Dominates with 20 Nominations at the 2025 Irish Film &amp; Television Academy Awards (IFTA) | Press Release | TG4<\/title>\n<meta name=\"description\" content=\"TG4 is celebrating massive success as the nominations for the 2025 Irish Film &amp; Television Academy (IFTA) Awards have been announced. Leading the charge is the critically acclaimed film Kneecap, which has garnered an impressive 17 nominations.\" \/>\n<meta name=\"robots\" content=\"index, follow, max-snippet:-1, max-image-preview:large, max-video-preview:-1\" \/>\n<meta property=\"og:locale\" content=\"en_US\" \/>\n<meta property=\"og:type\" content=\"article\" \/>\n<meta property=\"og:title\" content=\"TG4 Dominates with 20 Nominations at the 2025 Irish Film &amp; Television Academy Awards (IFTA) | Press Release | TG4\" \/>\n<meta property=\"og:description\" content=\"TG4 is celebrating massive success as the nominations for the 2025 Irish Film &amp; Television Academy (IFTA) Awards have been announced. Leading the charge is the critically acclaimed film Kneecap, which has garnered an impressive 17 nominations.\" \/>\n<meta property=\"og:url\" content=\"https:\/\/dev.tg4.ie\/en\/information\/press\/press-releases\/2025-2\/tg4-dominates-with-20-nominations-at-the-2025-irish-film-television-academy-awards-ifta\/\" \/>\n<meta property=\"og:site_name\" content=\"TG4\" \/>\n<meta property=\"article:publisher\" content=\"https:\/\/www.facebook.com\/TG4TV\" \/>\n<meta property=\"og:image\" content=\"https:\/\/tg4-docs.s3.amazonaws.com\/wp-content\/uploads\/2025\/01\/14162428\/KNEECAP_2-1920x1080-1.jpg\" \/>\n\t<meta property=\"og:image:width\" content=\"1920\" \/>\n\t<meta property=\"og:image:height\" content=\"1080\" \/>\n\t<meta property=\"og:image:type\" content=\"image\/jpeg\" \/>\n<meta name=\"twitter:card\" content=\"summary_large_image\" \/>\n<meta name=\"twitter:image\" content=\"https:\/\/tg4-docs.s3.amazonaws.com\/wp-content\/uploads\/2025\/01\/14162428\/KNEECAP_2-1920x1080-1.jpg\" \/>\n<meta name=\"twitter:site\" content=\"@TG4TV\" \/>\n<meta name=\"twitter:label1\" content=\"Est. reading time\" \/>\n\t<meta name=\"twitter:data1\" content=\"5 minutes\" \/>\n<script type=\"application\/ld+json\" class=\"yoast-schema-graph\">{\"@context\":\"https:\/\/schema.org\",\"@graph\":[{\"@type\":\"WebPage\",\"@id\":\"https:\/\/dev.tg4.ie\/en\/information\/press\/press-releases\/2025-2\/tg4-dominates-with-20-nominations-at-the-2025-irish-film-television-academy-awards-ifta\/\",\"url\":\"https:\/\/dev.tg4.ie\/en\/information\/press\/press-releases\/2025-2\/tg4-dominates-with-20-nominations-at-the-2025-irish-film-television-academy-awards-ifta\/\",\"name\":\"TG4 Dominates with 20 Nominations at the 2025 Irish Film & Television Academy Awards (IFTA) | Press Release | TG4\",\"isPartOf\":{\"@id\":\"https:\/\/dev.tg4.ie\/en\/#website\"},\"primaryImageOfPage\":{\"@id\":\"https:\/\/dev.tg4.ie\/en\/information\/press\/press-releases\/2025-2\/tg4-dominates-with-20-nominations-at-the-2025-irish-film-television-academy-awards-ifta\/#primaryimage\"},\"image\":{\"@id\":\"https:\/\/dev.tg4.ie\/en\/information\/press\/press-releases\/2025-2\/tg4-dominates-with-20-nominations-at-the-2025-irish-film-television-academy-awards-ifta\/#primaryimage\"},\"thumbnailUrl\":\"https:\/\/dev.tg4.ie\/wp-content\/uploads\/2025\/01\/KNEECAP_2-1920x1080-1.jpg\",\"datePublished\":\"2025-01-14T17:11:17+00:00\",\"dateModified\":\"2025-01-14T17:11:17+00:00\",\"description\":\"TG4 is celebrating massive success as the nominations for the 2025 Irish Film & Television Academy (IFTA) Awards have been announced. Leading the charge is the critically acclaimed film Kneecap, which has garnered an impressive 17 nominations.\",\"breadcrumb\":{\"@id\":\"https:\/\/dev.tg4.ie\/en\/information\/press\/press-releases\/2025-2\/tg4-dominates-with-20-nominations-at-the-2025-irish-film-television-academy-awards-ifta\/#breadcrumb\"},\"inLanguage\":\"en-ie\",\"potentialAction\":[{\"@type\":\"ReadAction\",\"target\":[\"https:\/\/dev.tg4.ie\/en\/information\/press\/press-releases\/2025-2\/tg4-dominates-with-20-nominations-at-the-2025-irish-film-television-academy-awards-ifta\/\"]}]},{\"@type\":\"ImageObject\",\"inLanguage\":\"en-ie\",\"@id\":\"https:\/\/dev.tg4.ie\/en\/information\/press\/press-releases\/2025-2\/tg4-dominates-with-20-nominations-at-the-2025-irish-film-television-academy-awards-ifta\/#primaryimage\",\"url\":\"https:\/\/dev.tg4.ie\/wp-content\/uploads\/2025\/01\/KNEECAP_2-1920x1080-1.jpg\",\"contentUrl\":\"https:\/\/dev.tg4.ie\/wp-content\/uploads\/2025\/01\/KNEECAP_2-1920x1080-1.jpg\"},{\"@type\":\"BreadcrumbList\",\"@id\":\"https:\/\/dev.tg4.ie\/en\/information\/press\/press-releases\/2025-2\/tg4-dominates-with-20-nominations-at-the-2025-irish-film-television-academy-awards-ifta\/#breadcrumb\",\"itemListElement\":[{\"@type\":\"ListItem\",\"position\":1,\"name\":\"Home\",\"item\":\"https:\/\/dev.tg4.ie\/en\/\"},{\"@type\":\"ListItem\",\"position\":2,\"name\":\"Information\",\"item\":\"https:\/\/dev.tg4.ie\/en\/information\/\"},{\"@type\":\"ListItem\",\"position\":3,\"name\":\"Press\",\"item\":\"https:\/\/dev.tg4.ie\/en\/information\/press\/\"},{\"@type\":\"ListItem\",\"position\":4,\"name\":\"Press Releases\",\"item\":\"https:\/\/dev.tg4.ie\/en\/information\/press\/press-releases\/\"},{\"@type\":\"ListItem\",\"position\":5,\"name\":\"2025\",\"item\":\"https:\/\/dev.tg4.ie\/en\/information\/press\/press-releases\/2025-2\/\"},{\"@type\":\"ListItem\",\"position\":6,\"name\":\"TG4 Dominates with 20 Nominations at the 2025 Irish Film &#038; Television Academy Awards (IFTA)\"}]},{\"@type\":\"WebSite\",\"@id\":\"https:\/\/dev.tg4.ie\/en\/#website\",\"url\":\"https:\/\/dev.tg4.ie\/en\/\",\"name\":\"TG4\",\"description\":\"S\u00fail Eile\",\"potentialAction\":[{\"@type\":\"SearchAction\",\"target\":{\"@type\":\"EntryPoint\",\"urlTemplate\":\"https:\/\/dev.tg4.ie\/en\/?s={search_term_string}\"},\"query-input\":\"required name=search_term_string\"}],\"inLanguage\":\"en-ie\"}]}<\/script>\n<!-- \/ Yoast SEO plugin. -->","yoast_head_json":{"title":"TG4 Dominates with 20 Nominations at the 2025 Irish Film & Television Academy Awards (IFTA) | Press Release | TG4","description":"TG4 is celebrating massive success as the nominations for the 2025 Irish Film & Television Academy (IFTA) Awards have been announced. Leading the charge is the critically acclaimed film Kneecap, which has garnered an impressive 17 nominations.","robots":{"index":"index","follow":"follow","max-snippet":"max-snippet:-1","max-image-preview":"max-image-preview:large","max-video-preview":"max-video-preview:-1"},"og_locale":"en_US","og_type":"article","og_title":"TG4 Dominates with 20 Nominations at the 2025 Irish Film & Television Academy Awards (IFTA) | Press Release | TG4","og_description":"TG4 is celebrating massive success as the nominations for the 2025 Irish Film & Television Academy (IFTA) Awards have been announced. Leading the charge is the critically acclaimed film Kneecap, which has garnered an impressive 17 nominations.","og_url":"https:\/\/dev.tg4.ie\/en\/information\/press\/press-releases\/2025-2\/tg4-dominates-with-20-nominations-at-the-2025-irish-film-television-academy-awards-ifta\/","og_site_name":"TG4","article_publisher":"https:\/\/www.facebook.com\/TG4TV","og_image":[{"width":1920,"height":1080,"url":"https:\/\/tg4-docs.s3.amazonaws.com\/wp-content\/uploads\/2025\/01\/14162428\/KNEECAP_2-1920x1080-1.jpg","type":"image\/jpeg"}],"twitter_card":"summary_large_image","twitter_image":"https:\/\/tg4-docs.s3.amazonaws.com\/wp-content\/uploads\/2025\/01\/14162428\/KNEECAP_2-1920x1080-1.jpg","twitter_site":"@TG4TV","twitter_misc":{"Est. reading time":"5 minutes"},"schema":{"@context":"https:\/\/schema.org","@graph":[{"@type":"WebPage","@id":"https:\/\/dev.tg4.ie\/en\/information\/press\/press-releases\/2025-2\/tg4-dominates-with-20-nominations-at-the-2025-irish-film-television-academy-awards-ifta\/","url":"https:\/\/dev.tg4.ie\/en\/information\/press\/press-releases\/2025-2\/tg4-dominates-with-20-nominations-at-the-2025-irish-film-television-academy-awards-ifta\/","name":"TG4 Dominates with 20 Nominations at the 2025 Irish Film & Television Academy Awards (IFTA) | Press Release | TG4","isPartOf":{"@id":"https:\/\/dev.tg4.ie\/en\/#website"},"primaryImageOfPage":{"@id":"https:\/\/dev.tg4.ie\/en\/information\/press\/press-releases\/2025-2\/tg4-dominates-with-20-nominations-at-the-2025-irish-film-television-academy-awards-ifta\/#primaryimage"},"image":{"@id":"https:\/\/dev.tg4.ie\/en\/information\/press\/press-releases\/2025-2\/tg4-dominates-with-20-nominations-at-the-2025-irish-film-television-academy-awards-ifta\/#primaryimage"},"thumbnailUrl":"https:\/\/dev.tg4.ie\/wp-content\/uploads\/2025\/01\/KNEECAP_2-1920x1080-1.jpg","datePublished":"2025-01-14T17:11:17+00:00","dateModified":"2025-01-14T17:11:17+00:00","description":"TG4 is celebrating massive success as the nominations for the 2025 Irish Film & Television Academy (IFTA) Awards have been announced. Leading the charge is the critically acclaimed film Kneecap, which has garnered an impressive 17 nominations.","breadcrumb":{"@id":"https:\/\/dev.tg4.ie\/en\/information\/press\/press-releases\/2025-2\/tg4-dominates-with-20-nominations-at-the-2025-irish-film-television-academy-awards-ifta\/#breadcrumb"},"inLanguage":"en-ie","potentialAction":[{"@type":"ReadAction","target":["https:\/\/dev.tg4.ie\/en\/information\/press\/press-releases\/2025-2\/tg4-dominates-with-20-nominations-at-the-2025-irish-film-television-academy-awards-ifta\/"]}]},{"@type":"ImageObject","inLanguage":"en-ie","@id":"https:\/\/dev.tg4.ie\/en\/information\/press\/press-releases\/2025-2\/tg4-dominates-with-20-nominations-at-the-2025-irish-film-television-academy-awards-ifta\/#primaryimage","url":"https:\/\/dev.tg4.ie\/wp-content\/uploads\/2025\/01\/KNEECAP_2-1920x1080-1.jpg","contentUrl":"https:\/\/dev.tg4.ie\/wp-content\/uploads\/2025\/01\/KNEECAP_2-1920x1080-1.jpg"},{"@type":"BreadcrumbList","@id":"https:\/\/dev.tg4.ie\/en\/information\/press\/press-releases\/2025-2\/tg4-dominates-with-20-nominations-at-the-2025-irish-film-television-academy-awards-ifta\/#breadcrumb","itemListElement":[{"@type":"ListItem","position":1,"name":"Home","item":"https:\/\/dev.tg4.ie\/en\/"},{"@type":"ListItem","position":2,"name":"Information","item":"https:\/\/dev.tg4.ie\/en\/information\/"},{"@type":"ListItem","position":3,"name":"Press","item":"https:\/\/dev.tg4.ie\/en\/information\/press\/"},{"@type":"ListItem","position":4,"name":"Press Releases","item":"https:\/\/dev.tg4.ie\/en\/information\/press\/press-releases\/"},{"@type":"ListItem","position":5,"name":"2025","item":"https:\/\/dev.tg4.ie\/en\/information\/press\/press-releases\/2025-2\/"},{"@type":"ListItem","position":6,"name":"TG4 Dominates with 20 Nominations at the 2025 Irish Film &#038; Television Academy Awards (IFTA)"}]},{"@type":"WebSite","@id":"https:\/\/dev.tg4.ie\/en\/#website","url":"https:\/\/dev.tg4.ie\/en\/","name":"TG4","description":"S\u00fail Eile","potentialAction":[{"@type":"SearchAction","target":{"@type":"EntryPoint","urlTemplate":"https:\/\/dev.tg4.ie\/en\/?s={search_term_string}"},"query-input":"required name=search_term_string"}],"inLanguage":"en-ie"}]}},"_links":{"self":[{"href":"https:\/\/dev.tg4.ie\/en\/wp-json\/wp\/v2\/pages\/236930"}],"collection":[{"href":"https:\/\/dev.tg4.ie\/en\/wp-json\/wp\/v2\/pages"}],"about":[{"href":"https:\/\/dev.tg4.ie\/en\/wp-json\/wp\/v2\/types\/page"}],"author":[{"embeddable":true,"href":"https:\/\/dev.tg4.ie\/en\/wp-json\/wp\/v2\/users\/876"}],"replies":[{"embeddable":true,"href":"https:\/\/dev.tg4.ie\/en\/wp-json\/wp\/v2\/comments?post=236930"}],"version-history":[{"count":0,"href":"https:\/\/dev.tg4.ie\/en\/wp-json\/wp\/v2\/pages\/236930\/revisions"}],"up":[{"embeddable":true,"href":"https:\/\/dev.tg4.ie\/en\/wp-json\/wp\/v2\/pages\/236809"}],"wp:attachment":[{"href":"https:\/\/dev.tg4.ie\/en\/wp-json\/wp\/v2\/media?parent=236930"}],"curies":[{"name":"wp","href":"https:\/\/api.w.org\/{rel}","templated":true}]}}