{"id":236990,"date":"2025-01-16T12:06:07","date_gmt":"2025-01-16T12:06:07","guid":{"rendered":"https:\/\/dev.tg4.ie\/?page_id=236990"},"modified":"2025-01-16T12:06:07","modified_gmt":"2025-01-16T12:06:07","slug":"laochra-gael-new-series-launched","status":"publish","type":"page","link":"https:\/\/dev.tg4.ie\/en\/information\/press\/press-releases\/2025-2\/laochra-gael-new-series-launched\/","title":{"rendered":"Laochra Gael &#8211; New Series Launched"},"content":{"rendered":"<table>\n<tbody>\n<tr>\n<td width=\"100%\"><img loading=\"lazy\" decoding=\"async\" width=\"1920\" height=\"1080\" src=\"https:\/\/tg4-docs.s3.amazonaws.com\/wp-content\/uploads\/2023\/12\/21122251\/Laochra_Gael_logo_1-1920x1080-1.jpg\" alt=\"\" class=\"aligncenter size-full wp-image-207565\" srcset=\"https:\/\/tg4-docs.s3.amazonaws.com\/wp-content\/uploads\/2023\/12\/21122251\/Laochra_Gael_logo_1-1920x1080-1.jpg 1920w, https:\/\/tg4-docs.s3.amazonaws.com\/wp-content\/uploads\/2023\/12\/21122251\/Laochra_Gael_logo_1-1920x1080-1-250x141.jpg 250w, https:\/\/tg4-docs.s3.amazonaws.com\/wp-content\/uploads\/2023\/12\/21122251\/Laochra_Gael_logo_1-1920x1080-1-700x394.jpg 700w, https:\/\/tg4-docs.s3.amazonaws.com\/wp-content\/uploads\/2023\/12\/21122251\/Laochra_Gael_logo_1-1920x1080-1-252x141.jpg 252w, https:\/\/tg4-docs.s3.amazonaws.com\/wp-content\/uploads\/2023\/12\/21122251\/Laochra_Gael_logo_1-1920x1080-1-1536x864.jpg 1536w, https:\/\/tg4-docs.s3.amazonaws.com\/wp-content\/uploads\/2023\/12\/21122251\/Laochra_Gael_logo_1-1920x1080-1-120x68.jpg 120w\" sizes=\"(max-width: 1920px) 100vw, 1920px\" \/><\/td>\n<\/tr>\n<\/tbody>\n<\/table>\n<p>&nbsp;<\/p>\n<div style=\"position:relative;padding-top:56.25%;\">\n  <iframe src=\"https:\/\/www.youtube.com\/embed\/MqGxZL1pqaw\" frameborder=\"0\" allowfullscreen style=\"position:absolute;top:0;left:0;width:100%;height:100%;\"><\/iframe>\n<\/div>\n<p>&nbsp;<br \/>\nThe definitive GAA sports series returns to TG4 for a 23rd series. The series&#8217; hour-long format has proved a huge success, bringing each player\u2019s personal stories to the screen. The series features eight Laochra with genuine star quality and reveals deeper, fresh and sometimes unexpected insights into the lives of these icons. While their sporting careers continue to provide the backdrop to the story, the series travels well beyond the four white lines. Gripping personal storylines will compel viewers to travel towards territory unique to the GAA television landscape.<br \/>\n&nbsp;<\/p>\n<p><strong>P\u00e1draic Maher<\/strong><\/p>\n<p>The Series opens with P\u00e1draic Maher, one of Tipperary\u2019s greatest-ever hurlers and one of the most dominant centre backs of the game. Born into the Maher dynasty steeped in Hurling both with Thurles Sarsfields &#038; Tipperary, remembered as a force in the GAA generation that raised the bar. His presence, leadership &#038; strength on the field meant he was always destined for greatness. Hurling was his whole identity, it consumed him, things suffered because of hurling, he knew nothing else. Until it came to a dramatic close, due to a neck injury P\u00e1draic was forced to retire from the game he loved, and he found it difficult to come to terms with. <\/p>\n<p>Director:  Sarah McCoy. Editor: Ray Kirby. Participants: P\u00e1draic Maher, Brendan Maher, Ronan Maher, Michael Fennelly, Vincent Hogan, Seamus Kennedy, Donal O\u2019Grady, Paul Rouse, Ken McGrath, Seamus Callinan, Helen Maher, Claire Gaynor.<br \/>\n&nbsp;<\/p>\n<p><strong>Marc \u00d3 S\u00e9<\/strong><\/p>\n<p>Marc \u00d3 S\u00e9, Stalwart Kerry defender and 5-time All-Ireland winner. He grew up at a time when Kerry football reigned supreme. And one of the heroes of that team was his next-door neighbour, his uncle Paid\u00ed. It was an upbringing steeped in Kerry football, and with his brothers playing on the county team, the desire to follow them grew. Marc \u00d3 S\u00e9 was a firm favourite with the Kingdom supporters and in typical \u00d3 S\u00e9 tradition he was seen at his best when the chips were down rallying his teammates with some sterling defensive plays and very often choosing the opportune time to pop up for a morale boosting point.<\/p>\n<p>Director:  Cormac Morel. Editor: Ray Kirby. Participants: Marc \u00d3 S\u00e9; Tom\u00e1s \u00d3 S\u00e9, Fergal \u00d3 S\u00e9, Michael Foley, Colm Cooper, Paul Rouse, Donnacha O\u2019Connor, P\u00e1draig \u00d3g \u00d3 S\u00e9, Ellen \u00d3 S\u00e9, M\u00edche\u00e1l \u00d3 S\u00e9, Joan U\u00ed Sh\u00e9.<br \/>\n&nbsp;<\/p>\n<p><strong>Ursula Jacob<\/strong> <\/p>\n<p>Ursula Jacob hails from the Jacob hurling dynasty of Oulart-The Ballagh. Her tactical thinking &#038; formidable scoring prowess has resulted in her name entering the conversation as one of camogie\u2019s greats. She has won 4 All-Irelands with Wexford &#038; 4 All-Stars. She captained Wexford to glory in 2011 and spearheaded the attack in 2012 as they claimed an historic 3-in-a-row. Upon retiring she took up the role of analyst on The Sunday Game and became the first regular female pundit on the panel. Online trolling stemming from her TV appearances has significantly impacted her. A leader on and off the pitch, she has taken a brave stance against online bullying which is a growing issue for many young adults in Ireland. <\/p>\n<p>Director: Miriam Fitzsimons. Editor: Yvonne Weafer. Participants: Ursula Jacob; Karen Atkinson; Brendan Cruise; Br\u00edd\u00edn Cruise; Cyril Farrell; Anna Geary; Breda Jacob; Helena Jacob; Mick Jacob; Michael Jacob; Rory Jacob; Mary Leacy; \u00dana Leacy; Daragh \u00d3 Conch\u00fair; Aoife O\u2019Connor; Keith Rossiter; Martin Storey.<br \/>\n&nbsp;<\/p>\n<p><strong>R\u00f3n\u00e1n Clarke<\/strong><\/p>\n<p>Ronan Clarke is regarded as one of the most talented footballers to ever play for Armagh. He helped Armagh to All-Ireland Success at just 19 years of age in his first season as part of the county panel and was also named Young Player of the Year. However, despite personal awards and winning multiple championships with Armagh, Ronan\u2019s career was often times blighted by injury. One that put his life in complete jeopardy. He woke up in intensive care five days after suffering a head injury after colliding with goalposts, an injury which precipitated the end of his Gaelic football playing days.<\/p>\n<p>Director: Cormac Morel. Editor: Seanie Mac Craith. Participants: Ronan Clarke, Michelle McCoy, Anne Clarke, Adrian Clarke, David McCoy, Mark Harte, Damien \u00d3 D\u00f3mhnaill, Ois\u00edn McConville, Barry Owens, Kieran Cunningham, Malachy O\u2019Neill, Bronwyn McSorley.<br \/>\n&nbsp;<\/p>\n<p><strong>Michael Bond<\/strong><\/p>\n<p>The nineties were a glorious, romantic era for hurling. The Offaly hurlers were central to this revolutionary period. However, by 1998 the establishment was beginning to fight back and Offaly players were on their last legs, without a manager. They surprised everyone when they took a chance on a total stranger. Michael Bond. He led Offaly through a challenging championship, including a controversial semi-final against Clare that featured a premature whistle and a historic protest, followed by a replay victory. He pulled off a great victory when he won the All-Ireland final against Kilkenny. He left a lasting impact on Offaly hurling, creating lifelong friendships and being remembered for his leadership, humility, and the dramatic success of the 1998 championship. <\/p>\n<p>Director: Hugh Walsh. Editor: C\u00edan O\u2019Halloran. Participants: Michael Bond, Gerard Bond, Vincent Hogan, Michael Duignan, Pat Fleury, Se\u00e1n B\u00e1n Breathnach, Jamesie O\u2019Connor, Jim Wall, Liam \u00d3 R\u00edord\u00e1in, David Burke.<br \/>\n&nbsp;<\/p>\n<p><strong>Br\u00edd Stack<\/strong><\/p>\n<p>Br\u00edd Stack, a former Cork ladies footballer who played during a period when Cork dominated ladies football through the 00&#8217;s. She was a central figure on that team and Br\u00edd&#8217;s number of All-Ireland medals amounted to 11. After she announced her retirement, the AFLW showed interest in her and she, along with her husband and son, decided to move to Australia to pursue another sporting career. Unfortunately, Br\u00edd suffered a horrific injury in a pre-season competition in her first year, leaving her on the sidelines with a broken vertebra in her back. Br\u00edd has also spoken openly about miscarriages she has suffered and the importance of sport during those difficult periods, she understands that so many women, including some of her friends, may also be struggling to conceive. <\/p>\n<p>Director: Aisling N\u00ed Fhlaithearta. Editor: C\u00edan O\u2019Halloran. Participants: Br\u00edd Stack, Michael Stack, Elizabeth Stack, C\u00e1rthach Keane, Angela Walsh, Daragh \u00d3 Conch\u00fair, Sorcha Furlong; Norita Kelly; Valerie Mulcahy; Nollaig Casey; Rena Buckley.<br \/>\n&nbsp;<\/p>\n<p><strong>Ben &#038; Jerry O\u2019Connor<\/strong><\/p>\n<p>Ben and Jerry O\u2019Connor\u2019s lives have been intertwined with one another for over 45 years, both on and off the field. Today they live just one hundred yards down the road from one another. Ben has three kids, Jerry has three kids. It seems as if their lives have always run side by side. With a different approach, it wasn&#8217;t long before Newtownshandrum was making progress and The O&#8217;Connor twins helped their club reach the ultimate pinnacle winning the Club All-Ireland in 2004. It was time their talents helped Cork reach similar success. During their playing careers, Ben\u2019s All-Ireland medals amounted to 3, and Jerry shared the successes on two of the occasions. <\/p>\n<p>Director: Cormac Morel. Editor: C\u00edan O\u2019Halloran. Participants: Jerry O&#8217;Connor; Ben O&#8217;Connor; Bernie O&#8217;Connor; Kathleen O&#8217;Connor; Sarah O&#8217;Connor; Niamh O&#8217;Connor; Michael Foley; Ronan Curran; Se\u00e1n \u00d3g \u00d3 hAilp\u00edn; Donal O&#8217;Grady; Pat Fluery; Eddie Brennan; Ken McGrath; Andrei Daniliuk.<br \/>\n&nbsp;<\/p>\n<p><strong>Eamon McGee<\/strong><\/p>\n<p>For the Series Finale of Laochra Gael comes the story of Eamon McGee, one of the country\u2019s top defenders. McGee\u2019s famous tenacity and strength made him a formidable presence in the Donegal backline. However, life has not always been straightforward for Eamon, and he has faced many personal battles that added complexity to his life both on and off the field. GAA was an escape for Eamon during his playing days, and his determination to get back to his best came to fruition in 2012, when he won an All-Ireland medal for his county, under Jim McGuinness\u2019 charges.<\/p>\n<p>Director: Edel Fox. Editor: Seanie Mac Craith. Participants: Eamon McGee; Neil McGee; Anne McElheney; Rory Kavanagh; Brian McEniff; Joanne Gillen; Stephen O\u2019Neill; Steven McDonnell; Kieran Cunningham; Damien \u00d3 D\u00f3naill; Daisy, Luca &#038; Evie McGee.<br \/>\n&nbsp;<\/p>\n<p>The series is produced by NemetonTV, the independent production company from An Rinn in the Waterford Gaeltacht which has produced much of TG4\u2019s acclaimed sports coverage.<br \/>\n&nbsp;<br \/>\nThe new Laochra Gael season will air on TG4 at 9:30pm on Thursday evenings starting January 23rd<br \/>\n&nbsp;<br \/>\nAhead of the new Laochra Gael Series <strong>Uachtar\u00e1n CLG, Jarlath Burns<\/strong> said: <em>\u201cI warmly welcome the announcement of yet another series of Laochra Gael showcasing as it does some of the greatest players from the wider Gaelic games family. TG4 and Nemeton\u2019s support of our games has been one of the hallmarks of its success story and it is something we value highly. Away from their innovative live match day coverage, Laochra Gael adds greatly to their offering promoting both the language and our games and all through the prism of great sc\u00e9alta and great storytelling. The celebration of a 23rd series speaks for itself in terms of longevity, and I look forward to seeing the latest hour-long offerings. Well done to all involved in this latest project.\u201d<\/em><br \/>\n&nbsp;<br \/>\n<strong>TG4 Ard-Sti\u00fairth\u00f3ir, Alan Esslemont<\/strong> said: <em>\u201cLaochra Gael has become something of an institution capturing as it does some of the great exponents of our games, year-in, year-out. It is must-see television successfully capturing the excellence of so many stars of the games while reminding us of all their exquisite skills and the fantastic matches they played in.\u201d He added \u201cIts success is a further indication of the strong relationship TG4 has with Gaelic Games promoting both our games and the language and I look forward to many more programmes in this long-running series.\u201d<\/em><br \/>\n&nbsp;<\/p>\n<p><strong><u>Laochra Gael Series:<\/u><\/strong><\/p>\n<p>Programme 1:  P\u00e1draic Maher, 9.30pm, Thursday 23rd January  <\/p>\n<p>Programme 2:  Marc \u00d3 S\u00e9, 9.30pm, Thursday 30th January  <\/p>\n<p>Programme 3:  Ursula Jacob, 9.30pm, Thursday 6th February<\/p>\n<p>Programme 4:  Ronan Clarke, 9.30pm, Thursday 13th February<\/p>\n<p>Programme 5: Michael Bond, 9.30pm, Thursday 20th February<\/p>\n<p>Programme 6: Br\u00edd Stack, 9.30pm, Thursday 27th February<\/p>\n<p>Programme 7: Ben &#038; Jerry O\u2019Connor, 9.30pm, Thursday 6th March<\/p>\n<p>Programme 8: Eamon McGee, 9.30pm, Thursday 13th March<br \/>\n&nbsp;<\/p>\n","protected":false},"excerpt":{"rendered":"<p>&nbsp; &nbsp; The definitive GAA sports series returns to TG4 for a 23rd series. The series&#8217; hour-long format has proved a huge success, bringing each player\u2019s personal stories to the screen. The series features eight Laochra with genuine star quality and reveals deeper, fresh and sometimes unexpected insights into the lives of these icons. While [&hellip;]<\/p>\n","protected":false},"author":876,"featured_media":0,"parent":236809,"menu_order":3,"comment_status":"closed","ping_status":"closed","template":"page-templates\/template-pr.php","meta":{"_acf_changed":false,"footnotes":""},"acf":[],"yoast_head":"<!-- This site is optimized with the Yoast SEO plugin v22.6 - https:\/\/yoast.com\/wordpress\/plugins\/seo\/ -->\n<title>Laochra Gael - New Series Launched | Press Release | TG4<\/title>\n<meta name=\"description\" content=\"The definitive GAA sports series returns to TG4 for a 23rd series. The series&#039; hour-long format has proved a huge success, bringing each player\u2019s personal stories to the screen.\" \/>\n<meta name=\"robots\" content=\"index, follow, max-snippet:-1, max-image-preview:large, max-video-preview:-1\" \/>\n<meta property=\"og:locale\" content=\"en_US\" \/>\n<meta property=\"og:type\" content=\"article\" \/>\n<meta property=\"og:title\" content=\"Laochra Gael - New Series Launched | Press Release | TG4\" \/>\n<meta property=\"og:description\" content=\"The definitive GAA sports series returns to TG4 for a 23rd series. The series&#039; hour-long format has proved a huge success, bringing each player\u2019s personal stories to the screen.\" \/>\n<meta property=\"og:url\" content=\"https:\/\/dev.tg4.ie\/en\/information\/press\/press-releases\/2025-2\/laochra-gael-new-series-launched\/\" \/>\n<meta property=\"og:site_name\" content=\"TG4\" \/>\n<meta property=\"article:publisher\" content=\"https:\/\/www.facebook.com\/TG4TV\" \/>\n<meta property=\"og:image\" content=\"https:\/\/tg4-docs.s3.amazonaws.com\/wp-content\/uploads\/2023\/12\/21122251\/Laochra_Gael_logo_1-1920x1080-1-700x394.jpg\" \/>\n<meta name=\"twitter:card\" content=\"summary_large_image\" \/>\n<meta name=\"twitter:image\" content=\"https:\/\/tg4-docs.s3.amazonaws.com\/wp-content\/uploads\/2023\/12\/21122251\/Laochra_Gael_logo_1-1920x1080-1-700x394.jpg\" \/>\n<meta name=\"twitter:site\" content=\"@TG4TV\" \/>\n<meta name=\"twitter:label1\" content=\"Est. reading time\" \/>\n\t<meta name=\"twitter:data1\" content=\"8 minutes\" \/>\n<script type=\"application\/ld+json\" class=\"yoast-schema-graph\">{\"@context\":\"https:\/\/schema.org\",\"@graph\":[{\"@type\":\"WebPage\",\"@id\":\"https:\/\/dev.tg4.ie\/en\/information\/press\/press-releases\/2025-2\/laochra-gael-new-series-launched\/\",\"url\":\"https:\/\/dev.tg4.ie\/en\/information\/press\/press-releases\/2025-2\/laochra-gael-new-series-launched\/\",\"name\":\"Laochra Gael - New Series Launched | Press Release | TG4\",\"isPartOf\":{\"@id\":\"https:\/\/dev.tg4.ie\/en\/#website\"},\"primaryImageOfPage\":{\"@id\":\"https:\/\/dev.tg4.ie\/en\/information\/press\/press-releases\/2025-2\/laochra-gael-new-series-launched\/#primaryimage\"},\"image\":{\"@id\":\"https:\/\/dev.tg4.ie\/en\/information\/press\/press-releases\/2025-2\/laochra-gael-new-series-launched\/#primaryimage\"},\"thumbnailUrl\":\"https:\/\/dev.tg4.ie\/wp-content\/uploads\/2023\/12\/Laochra_Gael_logo_1-1920x1080-1.jpg\",\"datePublished\":\"2025-01-16T12:06:07+00:00\",\"dateModified\":\"2025-01-16T12:06:07+00:00\",\"description\":\"The definitive GAA sports series returns to TG4 for a 23rd series. The series' hour-long format has proved a huge success, bringing each player\u2019s personal stories to the screen.\",\"breadcrumb\":{\"@id\":\"https:\/\/dev.tg4.ie\/en\/information\/press\/press-releases\/2025-2\/laochra-gael-new-series-launched\/#breadcrumb\"},\"inLanguage\":\"en-ie\",\"potentialAction\":[{\"@type\":\"ReadAction\",\"target\":[\"https:\/\/dev.tg4.ie\/en\/information\/press\/press-releases\/2025-2\/laochra-gael-new-series-launched\/\"]}]},{\"@type\":\"ImageObject\",\"inLanguage\":\"en-ie\",\"@id\":\"https:\/\/dev.tg4.ie\/en\/information\/press\/press-releases\/2025-2\/laochra-gael-new-series-launched\/#primaryimage\",\"url\":\"https:\/\/dev.tg4.ie\/wp-content\/uploads\/2023\/12\/Laochra_Gael_logo_1-1920x1080-1.jpg\",\"contentUrl\":\"https:\/\/dev.tg4.ie\/wp-content\/uploads\/2023\/12\/Laochra_Gael_logo_1-1920x1080-1.jpg\"},{\"@type\":\"BreadcrumbList\",\"@id\":\"https:\/\/dev.tg4.ie\/en\/information\/press\/press-releases\/2025-2\/laochra-gael-new-series-launched\/#breadcrumb\",\"itemListElement\":[{\"@type\":\"ListItem\",\"position\":1,\"name\":\"Home\",\"item\":\"https:\/\/dev.tg4.ie\/en\/\"},{\"@type\":\"ListItem\",\"position\":2,\"name\":\"Information\",\"item\":\"https:\/\/dev.tg4.ie\/en\/information\/\"},{\"@type\":\"ListItem\",\"position\":3,\"name\":\"Press\",\"item\":\"https:\/\/dev.tg4.ie\/en\/information\/press\/\"},{\"@type\":\"ListItem\",\"position\":4,\"name\":\"Press Releases\",\"item\":\"https:\/\/dev.tg4.ie\/en\/information\/press\/press-releases\/\"},{\"@type\":\"ListItem\",\"position\":5,\"name\":\"2025\",\"item\":\"https:\/\/dev.tg4.ie\/en\/information\/press\/press-releases\/2025-2\/\"},{\"@type\":\"ListItem\",\"position\":6,\"name\":\"Laochra Gael &#8211; New Series Launched\"}]},{\"@type\":\"WebSite\",\"@id\":\"https:\/\/dev.tg4.ie\/en\/#website\",\"url\":\"https:\/\/dev.tg4.ie\/en\/\",\"name\":\"TG4\",\"description\":\"S\u00fail Eile\",\"potentialAction\":[{\"@type\":\"SearchAction\",\"target\":{\"@type\":\"EntryPoint\",\"urlTemplate\":\"https:\/\/dev.tg4.ie\/en\/?s={search_term_string}\"},\"query-input\":\"required name=search_term_string\"}],\"inLanguage\":\"en-ie\"}]}<\/script>\n<!-- \/ Yoast SEO plugin. -->","yoast_head_json":{"title":"Laochra Gael - New Series Launched | Press Release | TG4","description":"The definitive GAA sports series returns to TG4 for a 23rd series. The series' hour-long format has proved a huge success, bringing each player\u2019s personal stories to the screen.","robots":{"index":"index","follow":"follow","max-snippet":"max-snippet:-1","max-image-preview":"max-image-preview:large","max-video-preview":"max-video-preview:-1"},"og_locale":"en_US","og_type":"article","og_title":"Laochra Gael - New Series Launched | Press Release | TG4","og_description":"The definitive GAA sports series returns to TG4 for a 23rd series. The series' hour-long format has proved a huge success, bringing each player\u2019s personal stories to the screen.","og_url":"https:\/\/dev.tg4.ie\/en\/information\/press\/press-releases\/2025-2\/laochra-gael-new-series-launched\/","og_site_name":"TG4","article_publisher":"https:\/\/www.facebook.com\/TG4TV","og_image":[{"url":"https:\/\/tg4-docs.s3.amazonaws.com\/wp-content\/uploads\/2023\/12\/21122251\/Laochra_Gael_logo_1-1920x1080-1-700x394.jpg"}],"twitter_card":"summary_large_image","twitter_image":"https:\/\/tg4-docs.s3.amazonaws.com\/wp-content\/uploads\/2023\/12\/21122251\/Laochra_Gael_logo_1-1920x1080-1-700x394.jpg","twitter_site":"@TG4TV","twitter_misc":{"Est. reading time":"8 minutes"},"schema":{"@context":"https:\/\/schema.org","@graph":[{"@type":"WebPage","@id":"https:\/\/dev.tg4.ie\/en\/information\/press\/press-releases\/2025-2\/laochra-gael-new-series-launched\/","url":"https:\/\/dev.tg4.ie\/en\/information\/press\/press-releases\/2025-2\/laochra-gael-new-series-launched\/","name":"Laochra Gael - New Series Launched | Press Release | TG4","isPartOf":{"@id":"https:\/\/dev.tg4.ie\/en\/#website"},"primaryImageOfPage":{"@id":"https:\/\/dev.tg4.ie\/en\/information\/press\/press-releases\/2025-2\/laochra-gael-new-series-launched\/#primaryimage"},"image":{"@id":"https:\/\/dev.tg4.ie\/en\/information\/press\/press-releases\/2025-2\/laochra-gael-new-series-launched\/#primaryimage"},"thumbnailUrl":"https:\/\/dev.tg4.ie\/wp-content\/uploads\/2023\/12\/Laochra_Gael_logo_1-1920x1080-1.jpg","datePublished":"2025-01-16T12:06:07+00:00","dateModified":"2025-01-16T12:06:07+00:00","description":"The definitive GAA sports series returns to TG4 for a 23rd series. The series' hour-long format has proved a huge success, bringing each player\u2019s personal stories to the screen.","breadcrumb":{"@id":"https:\/\/dev.tg4.ie\/en\/information\/press\/press-releases\/2025-2\/laochra-gael-new-series-launched\/#breadcrumb"},"inLanguage":"en-ie","potentialAction":[{"@type":"ReadAction","target":["https:\/\/dev.tg4.ie\/en\/information\/press\/press-releases\/2025-2\/laochra-gael-new-series-launched\/"]}]},{"@type":"ImageObject","inLanguage":"en-ie","@id":"https:\/\/dev.tg4.ie\/en\/information\/press\/press-releases\/2025-2\/laochra-gael-new-series-launched\/#primaryimage","url":"https:\/\/dev.tg4.ie\/wp-content\/uploads\/2023\/12\/Laochra_Gael_logo_1-1920x1080-1.jpg","contentUrl":"https:\/\/dev.tg4.ie\/wp-content\/uploads\/2023\/12\/Laochra_Gael_logo_1-1920x1080-1.jpg"},{"@type":"BreadcrumbList","@id":"https:\/\/dev.tg4.ie\/en\/information\/press\/press-releases\/2025-2\/laochra-gael-new-series-launched\/#breadcrumb","itemListElement":[{"@type":"ListItem","position":1,"name":"Home","item":"https:\/\/dev.tg4.ie\/en\/"},{"@type":"ListItem","position":2,"name":"Information","item":"https:\/\/dev.tg4.ie\/en\/information\/"},{"@type":"ListItem","position":3,"name":"Press","item":"https:\/\/dev.tg4.ie\/en\/information\/press\/"},{"@type":"ListItem","position":4,"name":"Press Releases","item":"https:\/\/dev.tg4.ie\/en\/information\/press\/press-releases\/"},{"@type":"ListItem","position":5,"name":"2025","item":"https:\/\/dev.tg4.ie\/en\/information\/press\/press-releases\/2025-2\/"},{"@type":"ListItem","position":6,"name":"Laochra Gael &#8211; New Series Launched"}]},{"@type":"WebSite","@id":"https:\/\/dev.tg4.ie\/en\/#website","url":"https:\/\/dev.tg4.ie\/en\/","name":"TG4","description":"S\u00fail Eile","potentialAction":[{"@type":"SearchAction","target":{"@type":"EntryPoint","urlTemplate":"https:\/\/dev.tg4.ie\/en\/?s={search_term_string}"},"query-input":"required name=search_term_string"}],"inLanguage":"en-ie"}]}},"_links":{"self":[{"href":"https:\/\/dev.tg4.ie\/en\/wp-json\/wp\/v2\/pages\/236990"}],"collection":[{"href":"https:\/\/dev.tg4.ie\/en\/wp-json\/wp\/v2\/pages"}],"about":[{"href":"https:\/\/dev.tg4.ie\/en\/wp-json\/wp\/v2\/types\/page"}],"author":[{"embeddable":true,"href":"https:\/\/dev.tg4.ie\/en\/wp-json\/wp\/v2\/users\/876"}],"replies":[{"embeddable":true,"href":"https:\/\/dev.tg4.ie\/en\/wp-json\/wp\/v2\/comments?post=236990"}],"version-history":[{"count":0,"href":"https:\/\/dev.tg4.ie\/en\/wp-json\/wp\/v2\/pages\/236990\/revisions"}],"up":[{"embeddable":true,"href":"https:\/\/dev.tg4.ie\/en\/wp-json\/wp\/v2\/pages\/236809"}],"wp:attachment":[{"href":"https:\/\/dev.tg4.ie\/en\/wp-json\/wp\/v2\/media?parent=236990"}],"curies":[{"name":"wp","href":"https:\/\/api.w.org\/{rel}","templated":true}]}}