{"id":237988,"date":"2025-01-31T14:00:41","date_gmt":"2025-01-31T14:00:41","guid":{"rendered":"https:\/\/dev.tg4.ie\/?page_id=237988"},"modified":"2025-01-31T14:05:05","modified_gmt":"2025-01-31T14:05:05","slug":"all-tg4s-cine4-award-winning-films-available-on-tg4-ie","status":"publish","type":"page","link":"https:\/\/dev.tg4.ie\/en\/information\/press\/press-releases\/2025-2\/all-tg4s-cine4-award-winning-films-available-on-tg4-ie\/","title":{"rendered":"All TG4\u2019s Cine4 award winning Films available on TG4.ie"},"content":{"rendered":"<table>\n<tbody>\n<tr>\n<td width=\"33%\"><a href=\"https:\/\/tg4-docs.s3.amazonaws.com\/tg4-redesign-2015\/wp-content\/uploads\/2022\/02\/AnCailinCiuin_TheQuietGirl_Cait_Catherine_Clinch_1-1920x1080-1.jpg\"><img loading=\"lazy\" decoding=\"async\" width=\"1920\" height=\"1080\" src=\"https:\/\/tg4-docs.s3.amazonaws.com\/tg4-redesign-2015\/wp-content\/uploads\/2022\/02\/AnCailinCiuin_TheQuietGirl_Cait_Catherine_Clinch_1-1920x1080-1.jpg\" alt=\"\" class=\"aligncenter size-full wp-image-140596\" srcset=\"https:\/\/tg4-docs.s3.amazonaws.com\/tg4-redesign-2015\/wp-content\/uploads\/2022\/02\/AnCailinCiuin_TheQuietGirl_Cait_Catherine_Clinch_1-1920x1080-1.jpg 1920w, https:\/\/tg4-docs.s3.amazonaws.com\/tg4-redesign-2015\/wp-content\/uploads\/2022\/02\/AnCailinCiuin_TheQuietGirl_Cait_Catherine_Clinch_1-1920x1080-1-250x141.jpg 250w, https:\/\/tg4-docs.s3.amazonaws.com\/tg4-redesign-2015\/wp-content\/uploads\/2022\/02\/AnCailinCiuin_TheQuietGirl_Cait_Catherine_Clinch_1-1920x1080-1-700x394.jpg 700w, https:\/\/tg4-docs.s3.amazonaws.com\/tg4-redesign-2015\/wp-content\/uploads\/2022\/02\/AnCailinCiuin_TheQuietGirl_Cait_Catherine_Clinch_1-1920x1080-1-252x141.jpg 252w, https:\/\/tg4-docs.s3.amazonaws.com\/tg4-redesign-2015\/wp-content\/uploads\/2022\/02\/AnCailinCiuin_TheQuietGirl_Cait_Catherine_Clinch_1-1920x1080-1-1536x864.jpg 1536w, https:\/\/tg4-docs.s3.amazonaws.com\/tg4-redesign-2015\/wp-content\/uploads\/2022\/02\/AnCailinCiuin_TheQuietGirl_Cait_Catherine_Clinch_1-1920x1080-1-120x68.jpg 120w\" sizes=\"(max-width: 1920px) 100vw, 1920px\" \/><\/a><\/td>\n<td width=\"33%\"><a href=\"https:\/\/tg4-docs.s3.amazonaws.com\/tg4-redesign-2015\/wp-content\/uploads\/2022\/03\/Roise_Frank_1-1920x1080-1.jpg\"><img loading=\"lazy\" decoding=\"async\" width=\"1920\" height=\"1080\" src=\"https:\/\/tg4-docs.s3.amazonaws.com\/tg4-redesign-2015\/wp-content\/uploads\/2022\/03\/Roise_Frank_1-1920x1080-1.jpg\" alt=\"\" class=\"aligncenter size-full wp-image-144043\" srcset=\"https:\/\/tg4-docs.s3.amazonaws.com\/tg4-redesign-2015\/wp-content\/uploads\/2022\/03\/Roise_Frank_1-1920x1080-1.jpg 1920w, https:\/\/tg4-docs.s3.amazonaws.com\/tg4-redesign-2015\/wp-content\/uploads\/2022\/03\/Roise_Frank_1-1920x1080-1-250x141.jpg 250w, https:\/\/tg4-docs.s3.amazonaws.com\/tg4-redesign-2015\/wp-content\/uploads\/2022\/03\/Roise_Frank_1-1920x1080-1-700x394.jpg 700w, https:\/\/tg4-docs.s3.amazonaws.com\/tg4-redesign-2015\/wp-content\/uploads\/2022\/03\/Roise_Frank_1-1920x1080-1-252x141.jpg 252w, https:\/\/tg4-docs.s3.amazonaws.com\/tg4-redesign-2015\/wp-content\/uploads\/2022\/03\/Roise_Frank_1-1920x1080-1-1536x864.jpg 1536w, https:\/\/tg4-docs.s3.amazonaws.com\/tg4-redesign-2015\/wp-content\/uploads\/2022\/03\/Roise_Frank_1-1920x1080-1-120x68.jpg 120w\" sizes=\"(max-width: 1920px) 100vw, 1920px\" \/><\/a><\/td>\n<td width=\"33%\"><a href=\"https:\/\/tg4-docs.s3.amazonaws.com\/wp-content\/uploads\/2024\/04\/18160848\/Tarrac_2_1920x1080.jpg\"><img loading=\"lazy\" decoding=\"async\" width=\"1920\" height=\"1080\" src=\"https:\/\/tg4-docs.s3.amazonaws.com\/wp-content\/uploads\/2024\/04\/18160848\/Tarrac_2_1920x1080.jpg\" alt=\"\" class=\"aligncenter size-full wp-image-214850\" srcset=\"https:\/\/tg4-docs.s3.amazonaws.com\/wp-content\/uploads\/2024\/04\/18160848\/Tarrac_2_1920x1080.jpg 1920w, https:\/\/tg4-docs.s3.amazonaws.com\/wp-content\/uploads\/2024\/04\/18160848\/Tarrac_2_1920x1080-250x141.jpg 250w, https:\/\/tg4-docs.s3.amazonaws.com\/wp-content\/uploads\/2024\/04\/18160848\/Tarrac_2_1920x1080-700x394.jpg 700w, https:\/\/tg4-docs.s3.amazonaws.com\/wp-content\/uploads\/2024\/04\/18160848\/Tarrac_2_1920x1080-252x141.jpg 252w, https:\/\/tg4-docs.s3.amazonaws.com\/wp-content\/uploads\/2024\/04\/18160848\/Tarrac_2_1920x1080-1536x864.jpg 1536w, https:\/\/tg4-docs.s3.amazonaws.com\/wp-content\/uploads\/2024\/04\/18160848\/Tarrac_2_1920x1080-120x68.jpg 120w\" sizes=\"(max-width: 1920px) 100vw, 1920px\" \/><\/a><\/td>\n<\/tr>\n<\/tbody>\n<\/table>\n<p>&nbsp;<\/p>\n<p>Irish cinema is shining brighter than ever, and TG4 is inviting you to celebrate the magic of Irish-language storytelling. Through the groundbreaking Cine4 scheme, TG4, in partnership with F\u00eds \u00c9ireann and Coimisi\u00fan na Me\u00e1n, is proud to bring world-class films to life on TG4.ie.<br \/>\n&nbsp;<br \/>\nFrom an Oscar-nominated film to intimate character tales, these films are the perfect showcase of Ireland\u2019s rich culture, language, and cinematic talent.<br \/>\n&nbsp;<br \/>\n<strong>Spotlight on Cine4 Films Now Streaming on TG4.ie<\/strong><br \/>\n&nbsp;<\/p>\n<p><strong>An Cail\u00edn Ci\u00fain <\/strong><\/p>\n<p>The Colm Bair\u00e9ad directed masterpiece has redefined Irish cinema that conquered the world!  <\/p>\n<p>Oscar-Nominated for Best International Feature Film two years ago. <\/p>\n<p>The film tells the story of C\u00e1it played by newcomer Catherine Clinch, a nine-year-old girl from an overcrowded, dysfunctional family who is sent away to live with foster parents for the summer. Despite a warm reception from the woman, Eibhl\u00edn (Carrie Crowley), the man of the house, Se\u00e1n (Andrew Bennett), keeps his distance from C\u00e1it and she from him, but over time, their strained relationship begins to deepen. But in this house where there are meant to be no secrets, she discovers one painful truth. Based on Foster by Claire Keegan. An Cail\u00edn Ci\u00fain is the debut of writer\/director, Colm Bair\u00e9ad and producer, Cleona N\u00ed Chrualaoi of Insc\u00e9al. Based on Claire Keegan\u2019s novella Foster. <\/p>\n<p>Watch now: An Cail\u00edn Ci\u00fain (Available in Ireland only) <\/p>\n<p>Link: <a href=\"https:\/\/nasc.tg4.tv\/An_Cail\u00edn_Ci\u00fain\" rel=\"noopener\" target=\"_blank\">https:\/\/nasc.tg4.tv\/An_Cail\u00edn_Ci\u00fain<\/a><br \/>\n&nbsp;<\/p>\n<p><strong>Tarrac<\/strong> <\/p>\n<p>Tarrac is an intimate character drama set in the Kerry Gaeltacht. Aoife N\u00ed Bhraoin returns home to help her father, Breand\u00e1n &#8216;The Bear&#8217; \u00d3 Braoin, recover from a heart attack. Day to day they get along just fine. As we dig a little deeper we find that there is so much that has been left unsaid about the loss of Aoife&#8217;s mother. Directed by Declan Recks, written by Eugene O&#8217;Brien and produced by Cl\u00edona N\u00ed Bhuachalla. Cast includes Kelly Gough, Lorcan Cranitch, Kate Nic Chonaonaigh, Kate Finegan, Rachel Feeney &#038; Cillian \u00d3 Gairbh\u00ed. <\/p>\n<p>Watch now: Tarrac (Available in Ireland only) <\/p>\n<p>Link: <a href=\"https:\/\/nasc.tg4.tv\/Tarrac\" rel=\"noopener\" target=\"_blank\">https:\/\/nasc.tg4.tv\/Tarrac<\/a><br \/>\n&nbsp;<\/p>\n<p><strong>R\u00f3ise &#038; Frank<\/strong> <\/p>\n<p>Award winning Irish language film featuring a woman who believes a dog is the reincarnation of her late husband. R\u00f3ise is still grieving the loss of her husband, Frank, two years after his passing, when a mysterious dog shows up at her door. The dog loves sport and steaks, and, has taken to a particular armchair in the house &#8211; Frank&#8217;s old spot. This series of coincidences convinces R\u00f3ise that this dog is her husband, Frank, reincarnated. Her son thinks she has completely lost her mind, but the rest of the community begins to believe it too. <\/p>\n<p>Watch now: R\u00f3ise &#038; Frank (Available in Ireland Only) <\/p>\n<p>Link: <a href=\"https:\/\/nasc.tg4.tv\/R\u00f3ise-agus-Frank\" rel=\"noopener\" target=\"_blank\">https:\/\/nasc.tg4.tv\/R\u00f3ise-agus-Frank<\/a><br \/>\n&nbsp;<\/p>\n<p><strong>Foscadh<\/strong> <\/p>\n<p>Set in the wild mountains of Connemara, Foscadh tells the story of na\u00efve recluse John Cunliffe who is suddenly propelled into manhood at the ripe old age of 28. When his over-protective parents pass away, friendless John inherits mountain land that is in the way of a lucrative wind-farm development, and he is forced to navigate the choppy waters of romance, trust and vengeance for the first time.  Starring D\u00f3nall \u00d3 H\u00e9ala\u00ed, Fionnuala Flaherty, Cillian \u00d3 Gairbh\u00ed and Macdara \u00d3 Flatharta. Directed by Se\u00e1n Breathnach.  <\/p>\n<p>Watch now: Foscadh (Available Worldwide) <\/p>\n<p>Link: <a href=\"https:\/\/nasc.tg4.tv\/Foscadh\" rel=\"noopener\" target=\"_blank\">https:\/\/nasc.tg4.tv\/Foscadh<\/a> <\/p>\n<p>&nbsp;<\/p>\n<p><strong>Arracht<\/strong> <\/p>\n<p>Coleman Sharkey, a man with deep roots in the community who heals people with herbs as his father did before him. In the 19th century there are rumors that blight has spoiled the potatoes. When the English Landlord doubles the rent before returning to England on a permanent basis, Coleman and Patsy try to reason with him. The night ends in fatal circumstances which leads to Coleman&#8217;s dreary life on an isolated island, until he meets 10 year old Cit\u00ed. Cit\u00ed teaches him to be the person he once was and gives him reason to live. <\/p>\n<p>Watch now: Arracht (Available Worldwide) <\/p>\n<p>Link: <a href=\"https:\/\/nasc.tg4.tv\/Arracht\" rel=\"noopener\" target=\"_blank\">https:\/\/nasc.tg4.tv\/Arracht<\/a> <\/p>\n<p>&nbsp;<\/p>\n<p><strong>Finky<\/strong> <\/p>\n<p>Mic\u00ed Finky, a musician and puppeteer looking to escape his past, steals an envelope full of cash and runs off to Scotland with his childhood friend Tom Tom. On their first night in Glasgow, Finky suffers a horrible accident and is left paralysed from the waist down. He hits rock bottom but is given a chance at redemption when recruited by Carnival Chaotica. Starring Dara Devaney, Ned Dennehy and Diarmuid de Faoite. Directed by  Datha\u00ed Keane.  <\/p>\n<p>Watch now: Finky (Available Worldwide) <\/p>\n<p>Link: <a href=\"https:\/\/nasc.tg4.tv\/Cine4-FINKY\" rel=\"noopener\" target=\"_blank\">https:\/\/nasc.tg4.tv\/Cine4-FINKY<\/a><br \/>\n&nbsp;<\/p>\n<p><strong>More about Cine4 <\/strong><\/p>\n<p>Cine4 is the heartbeat of a new wave in Irish filmmaking. A joint initiative by TG4, F\u00eds \u00c9ireann, and Coimisi\u00fan na Me\u00e1n, it champions: <\/p>\n<p>Compelling storytelling steeped in Irish culture. <\/p>\n<p>Stunning visuals and high production values, crafted for the big screen. <\/p>\n<p>Inclusivity, with a focus on Irish-language authenticity and gender balance in creative teams. <\/p>\n<p>With budgets now of up to \u20ac1.8 million per project, Cine4 funds two full-length feature films annually. These films enjoy a global festival circuit, theatrical releases, and, ultimately, their premiere broadcast on TG4. <\/p>\n<p>This initiative not only supports Irish talent but also ensures that Irish-language films resonate with audiences both at home and abroad. <\/p>\n<p>&nbsp; <\/p>\n<p><strong>Cine4 films are not just Irish stories\u2014they\u2019re global experiences.<\/strong> <\/p>\n<p>&nbsp;<\/p>\n","protected":false},"excerpt":{"rendered":"<p>&nbsp; Irish cinema is shining brighter than ever, and TG4 is inviting you to celebrate the magic of Irish-language storytelling. Through the groundbreaking Cine4 scheme, TG4, in partnership with F\u00eds \u00c9ireann and Coimisi\u00fan na Me\u00e1n, is proud to bring world-class films to life on TG4.ie. &nbsp; From an Oscar-nominated film to intimate character tales, these [&hellip;]<\/p>\n","protected":false},"author":876,"featured_media":0,"parent":236809,"menu_order":5,"comment_status":"closed","ping_status":"closed","template":"page-templates\/template-pr.php","meta":{"_acf_changed":false,"footnotes":""},"acf":[],"yoast_head":"<!-- This site is optimized with the Yoast SEO plugin v22.6 - https:\/\/yoast.com\/wordpress\/plugins\/seo\/ -->\n<title>All TG4\u2019s Cine4 award winning Films available on TG4.ie | Press Release | TG4<\/title>\n<meta name=\"description\" content=\"Irish cinema is shining brighter than ever, and TG4 is inviting you to celebrate the magic of Irish-language storytelling.\" \/>\n<meta name=\"robots\" content=\"index, follow, max-snippet:-1, max-image-preview:large, max-video-preview:-1\" \/>\n<meta property=\"og:locale\" content=\"en_US\" \/>\n<meta property=\"og:type\" content=\"article\" \/>\n<meta property=\"og:title\" content=\"All TG4\u2019s Cine4 award winning Films available on TG4.ie | Press Release | TG4\" \/>\n<meta property=\"og:description\" content=\"Irish cinema is shining brighter than ever, and TG4 is inviting you to celebrate the magic of Irish-language storytelling.\" \/>\n<meta property=\"og:url\" content=\"https:\/\/dev.tg4.ie\/en\/information\/press\/press-releases\/2025-2\/all-tg4s-cine4-award-winning-films-available-on-tg4-ie\/\" \/>\n<meta property=\"og:site_name\" content=\"TG4\" \/>\n<meta property=\"article:publisher\" content=\"https:\/\/www.facebook.com\/TG4TV\" \/>\n<meta property=\"article:modified_time\" content=\"2025-01-31T14:05:05+00:00\" \/>\n<meta property=\"og:image\" content=\"https:\/\/tg4-docs.s3.amazonaws.com\/tg4-redesign-2015\/wp-content\/uploads\/2022\/02\/AnCailinCiuin_TheQuietGirl_Cait_Catherine_Clinch_1-1920x1080-1-700x394.jpg\" \/>\n<meta name=\"twitter:card\" content=\"summary_large_image\" \/>\n<meta name=\"twitter:image\" content=\"https:\/\/tg4-docs.s3.amazonaws.com\/tg4-redesign-2015\/wp-content\/uploads\/2022\/02\/AnCailinCiuin_TheQuietGirl_Cait_Catherine_Clinch_1-1920x1080-1-700x394.jpg\" \/>\n<meta name=\"twitter:site\" content=\"@TG4TV\" \/>\n<meta name=\"twitter:label1\" content=\"Est. reading time\" \/>\n\t<meta name=\"twitter:data1\" content=\"5 minutes\" \/>\n<script type=\"application\/ld+json\" class=\"yoast-schema-graph\">{\"@context\":\"https:\/\/schema.org\",\"@graph\":[{\"@type\":\"WebPage\",\"@id\":\"https:\/\/dev.tg4.ie\/en\/information\/press\/press-releases\/2025-2\/all-tg4s-cine4-award-winning-films-available-on-tg4-ie\/\",\"url\":\"https:\/\/dev.tg4.ie\/en\/information\/press\/press-releases\/2025-2\/all-tg4s-cine4-award-winning-films-available-on-tg4-ie\/\",\"name\":\"All TG4\u2019s Cine4 award winning Films available on TG4.ie | Press Release | TG4\",\"isPartOf\":{\"@id\":\"https:\/\/dev.tg4.ie\/en\/#website\"},\"primaryImageOfPage\":{\"@id\":\"https:\/\/dev.tg4.ie\/en\/information\/press\/press-releases\/2025-2\/all-tg4s-cine4-award-winning-films-available-on-tg4-ie\/#primaryimage\"},\"image\":{\"@id\":\"https:\/\/dev.tg4.ie\/en\/information\/press\/press-releases\/2025-2\/all-tg4s-cine4-award-winning-films-available-on-tg4-ie\/#primaryimage\"},\"thumbnailUrl\":\"https:\/\/dev.tg4.ie\/wp-content\/uploads\/2022\/02\/AnCailinCiuin_TheQuietGirl_Cait_Catherine_Clinch_1-1920x1080-1.jpg\",\"datePublished\":\"2025-01-31T14:00:41+00:00\",\"dateModified\":\"2025-01-31T14:05:05+00:00\",\"description\":\"Irish cinema is shining brighter than ever, and TG4 is inviting you to celebrate the magic of Irish-language storytelling.\",\"breadcrumb\":{\"@id\":\"https:\/\/dev.tg4.ie\/en\/information\/press\/press-releases\/2025-2\/all-tg4s-cine4-award-winning-films-available-on-tg4-ie\/#breadcrumb\"},\"inLanguage\":\"en-ie\",\"potentialAction\":[{\"@type\":\"ReadAction\",\"target\":[\"https:\/\/dev.tg4.ie\/en\/information\/press\/press-releases\/2025-2\/all-tg4s-cine4-award-winning-films-available-on-tg4-ie\/\"]}]},{\"@type\":\"ImageObject\",\"inLanguage\":\"en-ie\",\"@id\":\"https:\/\/dev.tg4.ie\/en\/information\/press\/press-releases\/2025-2\/all-tg4s-cine4-award-winning-films-available-on-tg4-ie\/#primaryimage\",\"url\":\"https:\/\/dev.tg4.ie\/wp-content\/uploads\/2022\/02\/AnCailinCiuin_TheQuietGirl_Cait_Catherine_Clinch_1-1920x1080-1.jpg\",\"contentUrl\":\"https:\/\/dev.tg4.ie\/wp-content\/uploads\/2022\/02\/AnCailinCiuin_TheQuietGirl_Cait_Catherine_Clinch_1-1920x1080-1.jpg\"},{\"@type\":\"BreadcrumbList\",\"@id\":\"https:\/\/dev.tg4.ie\/en\/information\/press\/press-releases\/2025-2\/all-tg4s-cine4-award-winning-films-available-on-tg4-ie\/#breadcrumb\",\"itemListElement\":[{\"@type\":\"ListItem\",\"position\":1,\"name\":\"Home\",\"item\":\"https:\/\/dev.tg4.ie\/en\/\"},{\"@type\":\"ListItem\",\"position\":2,\"name\":\"Information\",\"item\":\"https:\/\/dev.tg4.ie\/en\/information\/\"},{\"@type\":\"ListItem\",\"position\":3,\"name\":\"Press\",\"item\":\"https:\/\/dev.tg4.ie\/en\/information\/press\/\"},{\"@type\":\"ListItem\",\"position\":4,\"name\":\"Press Releases\",\"item\":\"https:\/\/dev.tg4.ie\/en\/information\/press\/press-releases\/\"},{\"@type\":\"ListItem\",\"position\":5,\"name\":\"2025\",\"item\":\"https:\/\/dev.tg4.ie\/en\/information\/press\/press-releases\/2025-2\/\"},{\"@type\":\"ListItem\",\"position\":6,\"name\":\"All TG4\u2019s Cine4 award winning Films available on TG4.ie\"}]},{\"@type\":\"WebSite\",\"@id\":\"https:\/\/dev.tg4.ie\/en\/#website\",\"url\":\"https:\/\/dev.tg4.ie\/en\/\",\"name\":\"TG4\",\"description\":\"S\u00fail Eile\",\"potentialAction\":[{\"@type\":\"SearchAction\",\"target\":{\"@type\":\"EntryPoint\",\"urlTemplate\":\"https:\/\/dev.tg4.ie\/en\/?s={search_term_string}\"},\"query-input\":\"required name=search_term_string\"}],\"inLanguage\":\"en-ie\"}]}<\/script>\n<!-- \/ Yoast SEO plugin. -->","yoast_head_json":{"title":"All TG4\u2019s Cine4 award winning Films available on TG4.ie | Press Release | TG4","description":"Irish cinema is shining brighter than ever, and TG4 is inviting you to celebrate the magic of Irish-language storytelling.","robots":{"index":"index","follow":"follow","max-snippet":"max-snippet:-1","max-image-preview":"max-image-preview:large","max-video-preview":"max-video-preview:-1"},"og_locale":"en_US","og_type":"article","og_title":"All TG4\u2019s Cine4 award winning Films available on TG4.ie | Press Release | TG4","og_description":"Irish cinema is shining brighter than ever, and TG4 is inviting you to celebrate the magic of Irish-language storytelling.","og_url":"https:\/\/dev.tg4.ie\/en\/information\/press\/press-releases\/2025-2\/all-tg4s-cine4-award-winning-films-available-on-tg4-ie\/","og_site_name":"TG4","article_publisher":"https:\/\/www.facebook.com\/TG4TV","article_modified_time":"2025-01-31T14:05:05+00:00","og_image":[{"url":"https:\/\/tg4-docs.s3.amazonaws.com\/tg4-redesign-2015\/wp-content\/uploads\/2022\/02\/AnCailinCiuin_TheQuietGirl_Cait_Catherine_Clinch_1-1920x1080-1-700x394.jpg"}],"twitter_card":"summary_large_image","twitter_image":"https:\/\/tg4-docs.s3.amazonaws.com\/tg4-redesign-2015\/wp-content\/uploads\/2022\/02\/AnCailinCiuin_TheQuietGirl_Cait_Catherine_Clinch_1-1920x1080-1-700x394.jpg","twitter_site":"@TG4TV","twitter_misc":{"Est. reading time":"5 minutes"},"schema":{"@context":"https:\/\/schema.org","@graph":[{"@type":"WebPage","@id":"https:\/\/dev.tg4.ie\/en\/information\/press\/press-releases\/2025-2\/all-tg4s-cine4-award-winning-films-available-on-tg4-ie\/","url":"https:\/\/dev.tg4.ie\/en\/information\/press\/press-releases\/2025-2\/all-tg4s-cine4-award-winning-films-available-on-tg4-ie\/","name":"All TG4\u2019s Cine4 award winning Films available on TG4.ie | Press Release | TG4","isPartOf":{"@id":"https:\/\/dev.tg4.ie\/en\/#website"},"primaryImageOfPage":{"@id":"https:\/\/dev.tg4.ie\/en\/information\/press\/press-releases\/2025-2\/all-tg4s-cine4-award-winning-films-available-on-tg4-ie\/#primaryimage"},"image":{"@id":"https:\/\/dev.tg4.ie\/en\/information\/press\/press-releases\/2025-2\/all-tg4s-cine4-award-winning-films-available-on-tg4-ie\/#primaryimage"},"thumbnailUrl":"https:\/\/dev.tg4.ie\/wp-content\/uploads\/2022\/02\/AnCailinCiuin_TheQuietGirl_Cait_Catherine_Clinch_1-1920x1080-1.jpg","datePublished":"2025-01-31T14:00:41+00:00","dateModified":"2025-01-31T14:05:05+00:00","description":"Irish cinema is shining brighter than ever, and TG4 is inviting you to celebrate the magic of Irish-language storytelling.","breadcrumb":{"@id":"https:\/\/dev.tg4.ie\/en\/information\/press\/press-releases\/2025-2\/all-tg4s-cine4-award-winning-films-available-on-tg4-ie\/#breadcrumb"},"inLanguage":"en-ie","potentialAction":[{"@type":"ReadAction","target":["https:\/\/dev.tg4.ie\/en\/information\/press\/press-releases\/2025-2\/all-tg4s-cine4-award-winning-films-available-on-tg4-ie\/"]}]},{"@type":"ImageObject","inLanguage":"en-ie","@id":"https:\/\/dev.tg4.ie\/en\/information\/press\/press-releases\/2025-2\/all-tg4s-cine4-award-winning-films-available-on-tg4-ie\/#primaryimage","url":"https:\/\/dev.tg4.ie\/wp-content\/uploads\/2022\/02\/AnCailinCiuin_TheQuietGirl_Cait_Catherine_Clinch_1-1920x1080-1.jpg","contentUrl":"https:\/\/dev.tg4.ie\/wp-content\/uploads\/2022\/02\/AnCailinCiuin_TheQuietGirl_Cait_Catherine_Clinch_1-1920x1080-1.jpg"},{"@type":"BreadcrumbList","@id":"https:\/\/dev.tg4.ie\/en\/information\/press\/press-releases\/2025-2\/all-tg4s-cine4-award-winning-films-available-on-tg4-ie\/#breadcrumb","itemListElement":[{"@type":"ListItem","position":1,"name":"Home","item":"https:\/\/dev.tg4.ie\/en\/"},{"@type":"ListItem","position":2,"name":"Information","item":"https:\/\/dev.tg4.ie\/en\/information\/"},{"@type":"ListItem","position":3,"name":"Press","item":"https:\/\/dev.tg4.ie\/en\/information\/press\/"},{"@type":"ListItem","position":4,"name":"Press Releases","item":"https:\/\/dev.tg4.ie\/en\/information\/press\/press-releases\/"},{"@type":"ListItem","position":5,"name":"2025","item":"https:\/\/dev.tg4.ie\/en\/information\/press\/press-releases\/2025-2\/"},{"@type":"ListItem","position":6,"name":"All TG4\u2019s Cine4 award winning Films available on TG4.ie"}]},{"@type":"WebSite","@id":"https:\/\/dev.tg4.ie\/en\/#website","url":"https:\/\/dev.tg4.ie\/en\/","name":"TG4","description":"S\u00fail Eile","potentialAction":[{"@type":"SearchAction","target":{"@type":"EntryPoint","urlTemplate":"https:\/\/dev.tg4.ie\/en\/?s={search_term_string}"},"query-input":"required name=search_term_string"}],"inLanguage":"en-ie"}]}},"_links":{"self":[{"href":"https:\/\/dev.tg4.ie\/en\/wp-json\/wp\/v2\/pages\/237988"}],"collection":[{"href":"https:\/\/dev.tg4.ie\/en\/wp-json\/wp\/v2\/pages"}],"about":[{"href":"https:\/\/dev.tg4.ie\/en\/wp-json\/wp\/v2\/types\/page"}],"author":[{"embeddable":true,"href":"https:\/\/dev.tg4.ie\/en\/wp-json\/wp\/v2\/users\/876"}],"replies":[{"embeddable":true,"href":"https:\/\/dev.tg4.ie\/en\/wp-json\/wp\/v2\/comments?post=237988"}],"version-history":[{"count":0,"href":"https:\/\/dev.tg4.ie\/en\/wp-json\/wp\/v2\/pages\/237988\/revisions"}],"up":[{"embeddable":true,"href":"https:\/\/dev.tg4.ie\/en\/wp-json\/wp\/v2\/pages\/236809"}],"wp:attachment":[{"href":"https:\/\/dev.tg4.ie\/en\/wp-json\/wp\/v2\/media?parent=237988"}],"curies":[{"name":"wp","href":"https:\/\/api.w.org\/{rel}","templated":true}]}}