{"id":239843,"date":"2025-02-20T16:20:44","date_gmt":"2025-02-20T16:20:44","guid":{"rendered":"https:\/\/dev.tg4.ie\/information\/press\/press-releases\/2025-2\/comhairle-lucht-feachana-tg4-failte-roimh-iarratais\/"},"modified":"2025-02-20T16:23:23","modified_gmt":"2025-02-20T16:23:23","slug":"comhairle-lucht-feachana-tg4-failte-roimh-iarratais","status":"publish","type":"page","link":"https:\/\/dev.tg4.ie\/en\/information\/press\/press-releases\/2025-2\/comhairle-lucht-feachana-tg4-failte-roimh-iarratais\/","title":{"rendered":"Comhairle Lucht F\u00e9achana TG4 &#8211; F\u00e1ilte roimh iarratais"},"content":{"rendered":"<table>\n<tbody>\n<tr>\n<td width=\"100%\"><a href=\"https:\/\/dev.tg4.ie\/information\/press\/press-releases\/2015-2\/comhairle-lucht-feachana\/comhairle\/\"><img loading=\"lazy\" decoding=\"async\" width=\"1920\" height=\"1080\" src=\"https:\/\/tg4-docs.s3.amazonaws.com\/wp-content\/uploads\/2025\/02\/18140521\/TG4_Comhairle_Lucht_Feachana_2025-1920x1080-1.jpg\" alt=\"\" class=\"aligncenter size-full wp-image-239778\" srcset=\"https:\/\/tg4-docs.s3.amazonaws.com\/wp-content\/uploads\/2025\/02\/18140521\/TG4_Comhairle_Lucht_Feachana_2025-1920x1080-1.jpg 1920w, https:\/\/tg4-docs.s3.amazonaws.com\/wp-content\/uploads\/2025\/02\/18140521\/TG4_Comhairle_Lucht_Feachana_2025-1920x1080-1-250x141.jpg 250w, https:\/\/tg4-docs.s3.amazonaws.com\/wp-content\/uploads\/2025\/02\/18140521\/TG4_Comhairle_Lucht_Feachana_2025-1920x1080-1-700x394.jpg 700w, https:\/\/tg4-docs.s3.amazonaws.com\/wp-content\/uploads\/2025\/02\/18140521\/TG4_Comhairle_Lucht_Feachana_2025-1920x1080-1-252x141.jpg 252w, https:\/\/tg4-docs.s3.amazonaws.com\/wp-content\/uploads\/2025\/02\/18140521\/TG4_Comhairle_Lucht_Feachana_2025-1920x1080-1-1536x864.jpg 1536w, https:\/\/tg4-docs.s3.amazonaws.com\/wp-content\/uploads\/2025\/02\/18140521\/TG4_Comhairle_Lucht_Feachana_2025-1920x1080-1-120x68.jpg 120w\" sizes=\"(max-width: 1920px) 100vw, 1920px\" \/><\/a><\/td>\n<\/tr>\n<\/tbody>\n<\/table>\n<p>&nbsp;<\/p>\n<p>Cuirtear f\u00e1ilte roimh iarratais \u00f3 dhaoine le Gaeilge l\u00edofa ar mian leo a bheith ar Chomhairle Lucht F\u00e9achana TG4.<\/p>\n<p>F\u00e1ilteofar roimh iarratais o dhaoine at\u00e1 ionada\u00edoch ar an phobal f\u00e9achana i gcoitine, ar phobal Gaeltachta agus iad si\u00fad at\u00e1 ionada\u00edoch ar an lucht f\u00e9achana C\u00fala4 agus ar an \u00f3ige.<\/p>\n<p>T\u00e1 gach eolas ar f\u00e1il ag <a href=\"https:\/\/dev.tg4.ie\/information\/press\/press-releases\/2015-2\/comhairle-lucht-feachana\/comhairle\/\" rel=\"noopener\" target=\"_blank\">TG4.ie\/comhairle<\/a><br \/>\n&nbsp;<\/p>\n","protected":false},"excerpt":{"rendered":"<p>&nbsp; Cuirtear f\u00e1ilte roimh iarratais \u00f3 dhaoine le Gaeilge l\u00edofa ar mian leo a bheith ar Chomhairle Lucht F\u00e9achana TG4. F\u00e1ilteofar roimh iarratais o dhaoine at\u00e1 ionada\u00edoch ar an phobal f\u00e9achana i gcoitine, ar phobal Gaeltachta agus iad si\u00fad at\u00e1 ionada\u00edoch ar an lucht f\u00e9achana C\u00fala4 agus ar an \u00f3ige. T\u00e1 gach eolas ar f\u00e1il [&hellip;]<\/p>\n","protected":false},"author":876,"featured_media":0,"parent":236809,"menu_order":6,"comment_status":"closed","ping_status":"closed","template":"page-templates\/template-pr.php","meta":{"_acf_changed":false,"footnotes":""},"acf":[],"yoast_head":"<!-- This site is optimized with the Yoast SEO plugin v22.6 - https:\/\/yoast.com\/wordpress\/plugins\/seo\/ -->\n<title>Comhairle Lucht F\u00e9achana TG4 - F\u00e1ilte roimh iarratais | Press Release | TG4<\/title>\n<meta name=\"description\" content=\"Cuirtear f\u00e1ilte roimh iarratais \u00f3 dhaoine le Gaeilge l\u00edofa ar mian leo a bheith ar Chomhairle Lucht F\u00e9achana TG4.\" \/>\n<meta name=\"robots\" content=\"index, follow, max-snippet:-1, max-image-preview:large, max-video-preview:-1\" \/>\n<meta property=\"og:locale\" content=\"en_US\" \/>\n<meta property=\"og:type\" content=\"article\" \/>\n<meta property=\"og:title\" content=\"Comhairle Lucht F\u00e9achana TG4 - F\u00e1ilte roimh iarratais | Press Release | TG4\" \/>\n<meta property=\"og:description\" content=\"Cuirtear f\u00e1ilte roimh iarratais \u00f3 dhaoine le Gaeilge l\u00edofa ar mian leo a bheith ar Chomhairle Lucht F\u00e9achana TG4.\" \/>\n<meta property=\"og:url\" content=\"https:\/\/dev.tg4.ie\/en\/information\/press\/press-releases\/2025-2\/comhairle-lucht-feachana-tg4-failte-roimh-iarratais\/\" \/>\n<meta property=\"og:site_name\" content=\"TG4\" \/>\n<meta property=\"article:publisher\" content=\"https:\/\/www.facebook.com\/TG4TV\" \/>\n<meta property=\"article:modified_time\" content=\"2025-02-20T16:23:23+00:00\" \/>\n<meta property=\"og:image\" content=\"https:\/\/tg4-docs.s3.amazonaws.com\/wp-content\/uploads\/2025\/02\/18140521\/TG4_Comhairle_Lucht_Feachana_2025-1920x1080-1-700x394.jpg\" \/>\n<meta name=\"twitter:card\" content=\"summary_large_image\" \/>\n<meta name=\"twitter:image\" content=\"https:\/\/tg4-docs.s3.amazonaws.com\/wp-content\/uploads\/2025\/02\/18140521\/TG4_Comhairle_Lucht_Feachana_2025-1920x1080-1-700x394.jpg\" \/>\n<meta name=\"twitter:site\" content=\"@TG4TV\" \/>\n<meta name=\"twitter:label1\" content=\"Est. reading time\" \/>\n\t<meta name=\"twitter:data1\" content=\"1 minute\" \/>\n<script type=\"application\/ld+json\" class=\"yoast-schema-graph\">{\"@context\":\"https:\/\/schema.org\",\"@graph\":[{\"@type\":\"WebPage\",\"@id\":\"https:\/\/dev.tg4.ie\/en\/information\/press\/press-releases\/2025-2\/comhairle-lucht-feachana-tg4-failte-roimh-iarratais\/\",\"url\":\"https:\/\/dev.tg4.ie\/en\/information\/press\/press-releases\/2025-2\/comhairle-lucht-feachana-tg4-failte-roimh-iarratais\/\",\"name\":\"Comhairle Lucht F\u00e9achana TG4 - F\u00e1ilte roimh iarratais | Press Release | TG4\",\"isPartOf\":{\"@id\":\"https:\/\/dev.tg4.ie\/en\/#website\"},\"primaryImageOfPage\":{\"@id\":\"https:\/\/dev.tg4.ie\/en\/information\/press\/press-releases\/2025-2\/comhairle-lucht-feachana-tg4-failte-roimh-iarratais\/#primaryimage\"},\"image\":{\"@id\":\"https:\/\/dev.tg4.ie\/en\/information\/press\/press-releases\/2025-2\/comhairle-lucht-feachana-tg4-failte-roimh-iarratais\/#primaryimage\"},\"thumbnailUrl\":\"https:\/\/dev.tg4.ie\/wp-content\/uploads\/2025\/02\/TG4_Comhairle_Lucht_Feachana_2025-1920x1080-1.jpg\",\"datePublished\":\"2025-02-20T16:20:44+00:00\",\"dateModified\":\"2025-02-20T16:23:23+00:00\",\"description\":\"Cuirtear f\u00e1ilte roimh iarratais \u00f3 dhaoine le Gaeilge l\u00edofa ar mian leo a bheith ar Chomhairle Lucht F\u00e9achana TG4.\",\"breadcrumb\":{\"@id\":\"https:\/\/dev.tg4.ie\/en\/information\/press\/press-releases\/2025-2\/comhairle-lucht-feachana-tg4-failte-roimh-iarratais\/#breadcrumb\"},\"inLanguage\":\"en-ie\",\"potentialAction\":[{\"@type\":\"ReadAction\",\"target\":[\"https:\/\/dev.tg4.ie\/en\/information\/press\/press-releases\/2025-2\/comhairle-lucht-feachana-tg4-failte-roimh-iarratais\/\"]}]},{\"@type\":\"ImageObject\",\"inLanguage\":\"en-ie\",\"@id\":\"https:\/\/dev.tg4.ie\/en\/information\/press\/press-releases\/2025-2\/comhairle-lucht-feachana-tg4-failte-roimh-iarratais\/#primaryimage\",\"url\":\"https:\/\/dev.tg4.ie\/wp-content\/uploads\/2025\/02\/TG4_Comhairle_Lucht_Feachana_2025-1920x1080-1.jpg\",\"contentUrl\":\"https:\/\/dev.tg4.ie\/wp-content\/uploads\/2025\/02\/TG4_Comhairle_Lucht_Feachana_2025-1920x1080-1.jpg\"},{\"@type\":\"BreadcrumbList\",\"@id\":\"https:\/\/dev.tg4.ie\/en\/information\/press\/press-releases\/2025-2\/comhairle-lucht-feachana-tg4-failte-roimh-iarratais\/#breadcrumb\",\"itemListElement\":[{\"@type\":\"ListItem\",\"position\":1,\"name\":\"Home\",\"item\":\"https:\/\/dev.tg4.ie\/en\/\"},{\"@type\":\"ListItem\",\"position\":2,\"name\":\"Information\",\"item\":\"https:\/\/dev.tg4.ie\/en\/information\/\"},{\"@type\":\"ListItem\",\"position\":3,\"name\":\"Press\",\"item\":\"https:\/\/dev.tg4.ie\/en\/information\/press\/\"},{\"@type\":\"ListItem\",\"position\":4,\"name\":\"Press Releases\",\"item\":\"https:\/\/dev.tg4.ie\/en\/information\/press\/press-releases\/\"},{\"@type\":\"ListItem\",\"position\":5,\"name\":\"2025\",\"item\":\"https:\/\/dev.tg4.ie\/en\/information\/press\/press-releases\/2025-2\/\"},{\"@type\":\"ListItem\",\"position\":6,\"name\":\"Comhairle Lucht F\u00e9achana TG4 &#8211; F\u00e1ilte roimh iarratais\"}]},{\"@type\":\"WebSite\",\"@id\":\"https:\/\/dev.tg4.ie\/en\/#website\",\"url\":\"https:\/\/dev.tg4.ie\/en\/\",\"name\":\"TG4\",\"description\":\"S\u00fail Eile\",\"potentialAction\":[{\"@type\":\"SearchAction\",\"target\":{\"@type\":\"EntryPoint\",\"urlTemplate\":\"https:\/\/dev.tg4.ie\/en\/?s={search_term_string}\"},\"query-input\":\"required name=search_term_string\"}],\"inLanguage\":\"en-ie\"}]}<\/script>\n<!-- \/ Yoast SEO plugin. -->","yoast_head_json":{"title":"Comhairle Lucht F\u00e9achana TG4 - F\u00e1ilte roimh iarratais | Press Release | TG4","description":"Cuirtear f\u00e1ilte roimh iarratais \u00f3 dhaoine le Gaeilge l\u00edofa ar mian leo a bheith ar Chomhairle Lucht F\u00e9achana TG4.","robots":{"index":"index","follow":"follow","max-snippet":"max-snippet:-1","max-image-preview":"max-image-preview:large","max-video-preview":"max-video-preview:-1"},"og_locale":"en_US","og_type":"article","og_title":"Comhairle Lucht F\u00e9achana TG4 - F\u00e1ilte roimh iarratais | Press Release | TG4","og_description":"Cuirtear f\u00e1ilte roimh iarratais \u00f3 dhaoine le Gaeilge l\u00edofa ar mian leo a bheith ar Chomhairle Lucht F\u00e9achana TG4.","og_url":"https:\/\/dev.tg4.ie\/en\/information\/press\/press-releases\/2025-2\/comhairle-lucht-feachana-tg4-failte-roimh-iarratais\/","og_site_name":"TG4","article_publisher":"https:\/\/www.facebook.com\/TG4TV","article_modified_time":"2025-02-20T16:23:23+00:00","og_image":[{"url":"https:\/\/tg4-docs.s3.amazonaws.com\/wp-content\/uploads\/2025\/02\/18140521\/TG4_Comhairle_Lucht_Feachana_2025-1920x1080-1-700x394.jpg"}],"twitter_card":"summary_large_image","twitter_image":"https:\/\/tg4-docs.s3.amazonaws.com\/wp-content\/uploads\/2025\/02\/18140521\/TG4_Comhairle_Lucht_Feachana_2025-1920x1080-1-700x394.jpg","twitter_site":"@TG4TV","twitter_misc":{"Est. reading time":"1 minute"},"schema":{"@context":"https:\/\/schema.org","@graph":[{"@type":"WebPage","@id":"https:\/\/dev.tg4.ie\/en\/information\/press\/press-releases\/2025-2\/comhairle-lucht-feachana-tg4-failte-roimh-iarratais\/","url":"https:\/\/dev.tg4.ie\/en\/information\/press\/press-releases\/2025-2\/comhairle-lucht-feachana-tg4-failte-roimh-iarratais\/","name":"Comhairle Lucht F\u00e9achana TG4 - F\u00e1ilte roimh iarratais | Press Release | TG4","isPartOf":{"@id":"https:\/\/dev.tg4.ie\/en\/#website"},"primaryImageOfPage":{"@id":"https:\/\/dev.tg4.ie\/en\/information\/press\/press-releases\/2025-2\/comhairle-lucht-feachana-tg4-failte-roimh-iarratais\/#primaryimage"},"image":{"@id":"https:\/\/dev.tg4.ie\/en\/information\/press\/press-releases\/2025-2\/comhairle-lucht-feachana-tg4-failte-roimh-iarratais\/#primaryimage"},"thumbnailUrl":"https:\/\/dev.tg4.ie\/wp-content\/uploads\/2025\/02\/TG4_Comhairle_Lucht_Feachana_2025-1920x1080-1.jpg","datePublished":"2025-02-20T16:20:44+00:00","dateModified":"2025-02-20T16:23:23+00:00","description":"Cuirtear f\u00e1ilte roimh iarratais \u00f3 dhaoine le Gaeilge l\u00edofa ar mian leo a bheith ar Chomhairle Lucht F\u00e9achana TG4.","breadcrumb":{"@id":"https:\/\/dev.tg4.ie\/en\/information\/press\/press-releases\/2025-2\/comhairle-lucht-feachana-tg4-failte-roimh-iarratais\/#breadcrumb"},"inLanguage":"en-ie","potentialAction":[{"@type":"ReadAction","target":["https:\/\/dev.tg4.ie\/en\/information\/press\/press-releases\/2025-2\/comhairle-lucht-feachana-tg4-failte-roimh-iarratais\/"]}]},{"@type":"ImageObject","inLanguage":"en-ie","@id":"https:\/\/dev.tg4.ie\/en\/information\/press\/press-releases\/2025-2\/comhairle-lucht-feachana-tg4-failte-roimh-iarratais\/#primaryimage","url":"https:\/\/dev.tg4.ie\/wp-content\/uploads\/2025\/02\/TG4_Comhairle_Lucht_Feachana_2025-1920x1080-1.jpg","contentUrl":"https:\/\/dev.tg4.ie\/wp-content\/uploads\/2025\/02\/TG4_Comhairle_Lucht_Feachana_2025-1920x1080-1.jpg"},{"@type":"BreadcrumbList","@id":"https:\/\/dev.tg4.ie\/en\/information\/press\/press-releases\/2025-2\/comhairle-lucht-feachana-tg4-failte-roimh-iarratais\/#breadcrumb","itemListElement":[{"@type":"ListItem","position":1,"name":"Home","item":"https:\/\/dev.tg4.ie\/en\/"},{"@type":"ListItem","position":2,"name":"Information","item":"https:\/\/dev.tg4.ie\/en\/information\/"},{"@type":"ListItem","position":3,"name":"Press","item":"https:\/\/dev.tg4.ie\/en\/information\/press\/"},{"@type":"ListItem","position":4,"name":"Press Releases","item":"https:\/\/dev.tg4.ie\/en\/information\/press\/press-releases\/"},{"@type":"ListItem","position":5,"name":"2025","item":"https:\/\/dev.tg4.ie\/en\/information\/press\/press-releases\/2025-2\/"},{"@type":"ListItem","position":6,"name":"Comhairle Lucht F\u00e9achana TG4 &#8211; F\u00e1ilte roimh iarratais"}]},{"@type":"WebSite","@id":"https:\/\/dev.tg4.ie\/en\/#website","url":"https:\/\/dev.tg4.ie\/en\/","name":"TG4","description":"S\u00fail Eile","potentialAction":[{"@type":"SearchAction","target":{"@type":"EntryPoint","urlTemplate":"https:\/\/dev.tg4.ie\/en\/?s={search_term_string}"},"query-input":"required name=search_term_string"}],"inLanguage":"en-ie"}]}},"_links":{"self":[{"href":"https:\/\/dev.tg4.ie\/en\/wp-json\/wp\/v2\/pages\/239843"}],"collection":[{"href":"https:\/\/dev.tg4.ie\/en\/wp-json\/wp\/v2\/pages"}],"about":[{"href":"https:\/\/dev.tg4.ie\/en\/wp-json\/wp\/v2\/types\/page"}],"author":[{"embeddable":true,"href":"https:\/\/dev.tg4.ie\/en\/wp-json\/wp\/v2\/users\/876"}],"replies":[{"embeddable":true,"href":"https:\/\/dev.tg4.ie\/en\/wp-json\/wp\/v2\/comments?post=239843"}],"version-history":[{"count":0,"href":"https:\/\/dev.tg4.ie\/en\/wp-json\/wp\/v2\/pages\/239843\/revisions"}],"up":[{"embeddable":true,"href":"https:\/\/dev.tg4.ie\/en\/wp-json\/wp\/v2\/pages\/236809"}],"wp:attachment":[{"href":"https:\/\/dev.tg4.ie\/en\/wp-json\/wp\/v2\/media?parent=239843"}],"curies":[{"name":"wp","href":"https:\/\/api.w.org\/{rel}","templated":true}]}}