{"id":240427,"date":"2025-02-27T14:56:31","date_gmt":"2025-02-27T14:56:31","guid":{"rendered":"https:\/\/dev.tg4.ie\/information\/press\/press-releases\/2025-2\/gradaim-rts\/"},"modified":"2025-02-27T15:51:57","modified_gmt":"2025-02-27T15:51:57","slug":"gradaim-rts","status":"publish","type":"page","link":"https:\/\/dev.tg4.ie\/en\/information\/press\/press-releases\/2025-2\/gradaim-rts\/","title":{"rendered":"TG4 celebrates Nine nominations at this year&#8217;s Gradaim RTS"},"content":{"rendered":"<table>\n<tbody>\n<tr>\n<td width=\"33%\"><a href=\"https:\/\/tg4-docs.s3.amazonaws.com\/wp-content\/uploads\/2025\/02\/27150446\/Idir-Dha-Bhaile-14.jpg\"><img loading=\"lazy\" decoding=\"async\" width=\"800\" height=\"450\" class=\"alignleft size-full wp-image-240410\" src=\"https:\/\/tg4-docs.s3.amazonaws.com\/wp-content\/uploads\/2025\/02\/27150446\/Idir-Dha-Bhaile-14.jpg\" alt=\"Idir Dh\u00e1 Bhaile\" srcset=\"https:\/\/tg4-docs.s3.amazonaws.com\/wp-content\/uploads\/2025\/02\/27150446\/Idir-Dha-Bhaile-14.jpg 800w, https:\/\/tg4-docs.s3.amazonaws.com\/wp-content\/uploads\/2025\/02\/27150446\/Idir-Dha-Bhaile-14-250x141.jpg 250w, https:\/\/tg4-docs.s3.amazonaws.com\/wp-content\/uploads\/2025\/02\/27150446\/Idir-Dha-Bhaile-14-700x394.jpg 700w, https:\/\/tg4-docs.s3.amazonaws.com\/wp-content\/uploads\/2025\/02\/27150446\/Idir-Dha-Bhaile-14-252x141.jpg 252w, https:\/\/tg4-docs.s3.amazonaws.com\/wp-content\/uploads\/2025\/02\/27150446\/Idir-Dha-Bhaile-14-120x68.jpg 120w\" sizes=\"(max-width: 800px) 100vw, 800px\" \/><\/a><\/td>\n<td width=\"33%\"><a href=\"https:\/\/tg4-docs.s3.amazonaws.com\/wp-content\/uploads\/2025\/02\/27151019\/aer-lingus-beo.jpg\"><img loading=\"lazy\" decoding=\"async\" width=\"800\" height=\"450\" class=\"alignleft size-full wp-image-240413\" src=\"https:\/\/tg4-docs.s3.amazonaws.com\/wp-content\/uploads\/2025\/02\/27151019\/aer-lingus-beo.jpg\" alt=\"Aer Lingus Classic Football Championship\" srcset=\"https:\/\/tg4-docs.s3.amazonaws.com\/wp-content\/uploads\/2025\/02\/27151019\/aer-lingus-beo.jpg 800w, https:\/\/tg4-docs.s3.amazonaws.com\/wp-content\/uploads\/2025\/02\/27151019\/aer-lingus-beo-250x141.jpg 250w, https:\/\/tg4-docs.s3.amazonaws.com\/wp-content\/uploads\/2025\/02\/27151019\/aer-lingus-beo-700x394.jpg 700w, https:\/\/tg4-docs.s3.amazonaws.com\/wp-content\/uploads\/2025\/02\/27151019\/aer-lingus-beo-252x141.jpg 252w, https:\/\/tg4-docs.s3.amazonaws.com\/wp-content\/uploads\/2025\/02\/27151019\/aer-lingus-beo-120x68.jpg 120w\" sizes=\"(max-width: 800px) 100vw, 800px\" \/><\/a><\/td>\n<td width=\"33%\"><a href=\"https:\/\/tg4-docs.s3.amazonaws.com\/wp-content\/uploads\/2025\/02\/27151307\/Teacs-Taistil.jpg\"><img loading=\"lazy\" decoding=\"async\" width=\"800\" height=\"450\" class=\"alignleft size-full wp-image-240415\" src=\"https:\/\/tg4-docs.s3.amazonaws.com\/wp-content\/uploads\/2025\/02\/27151307\/Teacs-Taistil.jpg\" alt=\"T\u00e9acs Taistil\" srcset=\"https:\/\/tg4-docs.s3.amazonaws.com\/wp-content\/uploads\/2025\/02\/27151307\/Teacs-Taistil.jpg 800w, https:\/\/tg4-docs.s3.amazonaws.com\/wp-content\/uploads\/2025\/02\/27151307\/Teacs-Taistil-250x141.jpg 250w, https:\/\/tg4-docs.s3.amazonaws.com\/wp-content\/uploads\/2025\/02\/27151307\/Teacs-Taistil-700x394.jpg 700w, https:\/\/tg4-docs.s3.amazonaws.com\/wp-content\/uploads\/2025\/02\/27151307\/Teacs-Taistil-252x141.jpg 252w, https:\/\/tg4-docs.s3.amazonaws.com\/wp-content\/uploads\/2025\/02\/27151307\/Teacs-Taistil-120x68.jpg 120w\" sizes=\"(max-width: 800px) 100vw, 800px\" \/><\/a><\/td>\n<\/tr>\n<tr>\n<td width=\"33%\"><a href=\"https:\/\/tg4-docs.s3.amazonaws.com\/wp-content\/uploads\/2025\/02\/27152057\/gaa-beo.jpg\"><img loading=\"lazy\" decoding=\"async\" width=\"800\" height=\"450\" class=\"alignleft size-full wp-image-240419\" src=\"https:\/\/tg4-docs.s3.amazonaws.com\/wp-content\/uploads\/2025\/02\/27152057\/gaa-beo.jpg\" alt=\"GAA Beo\" srcset=\"https:\/\/tg4-docs.s3.amazonaws.com\/wp-content\/uploads\/2025\/02\/27152057\/gaa-beo.jpg 800w, https:\/\/tg4-docs.s3.amazonaws.com\/wp-content\/uploads\/2025\/02\/27152057\/gaa-beo-250x141.jpg 250w, https:\/\/tg4-docs.s3.amazonaws.com\/wp-content\/uploads\/2025\/02\/27152057\/gaa-beo-700x394.jpg 700w, https:\/\/tg4-docs.s3.amazonaws.com\/wp-content\/uploads\/2025\/02\/27152057\/gaa-beo-252x141.jpg 252w, https:\/\/tg4-docs.s3.amazonaws.com\/wp-content\/uploads\/2025\/02\/27152057\/gaa-beo-120x68.jpg 120w\" sizes=\"(max-width: 800px) 100vw, 800px\" \/><\/a><\/td>\n<td width=\"33%\"><a href=\"https:\/\/tg4-docs.s3.amazonaws.com\/wp-content\/uploads\/2025\/02\/27152237\/naionra.jpg\"><img loading=\"lazy\" decoding=\"async\" width=\"800\" height=\"450\" class=\"alignleft size-full wp-image-240421\" src=\"https:\/\/tg4-docs.s3.amazonaws.com\/wp-content\/uploads\/2025\/02\/27152237\/naionra.jpg\" alt=\"Naionra\" srcset=\"https:\/\/tg4-docs.s3.amazonaws.com\/wp-content\/uploads\/2025\/02\/27152237\/naionra.jpg 800w, https:\/\/tg4-docs.s3.amazonaws.com\/wp-content\/uploads\/2025\/02\/27152237\/naionra-250x141.jpg 250w, https:\/\/tg4-docs.s3.amazonaws.com\/wp-content\/uploads\/2025\/02\/27152237\/naionra-700x394.jpg 700w, https:\/\/tg4-docs.s3.amazonaws.com\/wp-content\/uploads\/2025\/02\/27152237\/naionra-252x141.jpg 252w, https:\/\/tg4-docs.s3.amazonaws.com\/wp-content\/uploads\/2025\/02\/27152237\/naionra-120x68.jpg 120w\" sizes=\"(max-width: 800px) 100vw, 800px\" \/><\/a><\/td>\n<td width=\"33%\"><a href=\"https:\/\/tg4-docs.s3.amazonaws.com\/wp-content\/uploads\/2025\/02\/27152357\/Li-Ban.jpg\"><img loading=\"lazy\" decoding=\"async\" width=\"800\" height=\"450\" class=\"alignleft size-full wp-image-240422\" src=\"https:\/\/tg4-docs.s3.amazonaws.com\/wp-content\/uploads\/2025\/02\/27152357\/Li-Ban.jpg\" alt=\"Li Ban\" srcset=\"https:\/\/tg4-docs.s3.amazonaws.com\/wp-content\/uploads\/2025\/02\/27152357\/Li-Ban.jpg 800w, https:\/\/tg4-docs.s3.amazonaws.com\/wp-content\/uploads\/2025\/02\/27152357\/Li-Ban-250x141.jpg 250w, https:\/\/tg4-docs.s3.amazonaws.com\/wp-content\/uploads\/2025\/02\/27152357\/Li-Ban-700x394.jpg 700w, https:\/\/tg4-docs.s3.amazonaws.com\/wp-content\/uploads\/2025\/02\/27152357\/Li-Ban-252x141.jpg 252w, https:\/\/tg4-docs.s3.amazonaws.com\/wp-content\/uploads\/2025\/02\/27152357\/Li-Ban-120x68.jpg 120w\" sizes=\"(max-width: 800px) 100vw, 800px\" \/><\/a><\/td>\n<\/tr>\n<\/tbody>\n<\/table>\n<p>&nbsp;<\/p>\n<p>TG4 is proud to have received nine nominations at Gradaim RTS \/ The Royal Television Society Ireland Awards 2025, celebrating the excellence of our productions and partnerships. <\/p>\n<p>Gradaim RTS \/ The RTS Ireland awards recognise the very best in broadcasting, and TG4 is delighted to see our work acknowledged among the industry\u2019s finest. With a record number of entries this year, the nominations reflect the strength and creativity of the Irish television sector. The winners will be announced at a prestigious ceremony on Thursday, 27th March at the Guinness Storehouse, Dublin. <\/p>\n<p>The nominations include:<br \/>\n<strong>Scripted (sponsored by Screen Ireland)<\/strong><\/p>\n<p><strong>CR\u00c1 (Fibin Media &#038; Zoogon Ltd) <\/strong><\/p>\n<p>A murder investigation begins when Garda Conall \u00d3 S\u00failleabh\u00e1in&#8217;s missing mother is discovered buried on a bog. Conall is forbidden from working the case but that&#8217;s not going to stop him. Meanwhile, a young journalist, Ciara-Kate, decides to produce a podcast about the case. Conall soon realises that Ciara-Kate can get access to people who refuse to speak to the official investigation. If Conall wants justice for his mother, he has no choice but to join forces with this journalist. Their investigation leads them on a dark path and begs the question: can justice really be blind? <\/p>\n<p>Nasc: <a href=\"https:\/\/nasc.tg4.tv\/CR\u00c1\" target=\"_blank\" rel=\"noopener\">https:\/\/nasc.tg4.tv\/CR\u00c1<\/a><\/p>\n<p>&nbsp;<\/p>\n<p><strong>Live Sports (sponsored by TVM) <\/strong><\/p>\n<p>Aer Lingus Classic Football Championship (Iris Productions)<\/p>\n<p>GAA BEO (Nemeton TV)<\/p>\n<p>Rugba\u00ed Beo, Munster v Leinster, Christmas Interpro (Iris Productions) <\/p>\n<p>&nbsp;<\/p>\n<p><strong>Factual Series (sponsored by Egg Post Production)<\/strong><\/p>\n<p><strong>Na\u00edonra (Tyrone Productions) <\/strong><\/p>\n<p>For the first time in Ireland, we get an insight into a small world where big things happen &#8211; the wonderful world of the Na\u00edonra. Over the course of a year, cameras will follow all the action in two Na\u00edonras, one in Tallaght, Dublin, and one in Mallow, County Cork. Most of these children start here with no Irish but in the Na\u00edonra we will see their first steps in becoming fluent in a second language. Join us on this journey in one of the most important years in life, where so many of the skills we use throughout our lives are first learned &#8211; understanding, communication and friendship.<\/p>\n<p>Nasc: <a href=\"https:\/\/nasc.tg4.tv\/Na\u00edonra\" target=\"_blank\" rel=\"noopener\">https:\/\/nasc.tg4.tv\/Na\u00edonra<\/a><\/p>\n<p>&nbsp;<\/p>\n<p><strong>Current Affairs (sponsored by Nemeton TV) <\/strong><\/p>\n<p><strong>Idir Dh\u00e1 Bhaile: \u00d3 Ch\u00edv go Corcaigh (Below the Radar) <\/strong><\/p>\n<p>This documentary explores the challenges faced by one family of Ukrainian refugees as they try to rebuild their lives in Ireland. It recalls their emotional journey from Kyiv to Cork and delves into the uncertainty faced by refugees while war ravages their home country. The family have suffered unimaginable loss at the hands of war and now find themselves torn between two countries with a huge decision to make about where they call home.<\/p>\n<p>Nasc: <a href=\"https:\/\/nasc.tg4.tv\/Idir_Dh\u00e1_Bhaile\" target=\"_blank\" rel=\"noopener\">https:\/\/nasc.tg4.tv\/Idir_Dh\u00e1_Bhaile<\/a><\/p>\n<p>&nbsp;<\/p>\n<p><strong>Factual Entertainment (sponsored by IMRO)  <\/strong><\/p>\n<p><strong>T\u00e9acs Taistil (Macalla Teoranta) <\/strong><\/p>\n<p>Building on the success of last season, T\u00e9acs Taistil transports us from our couches to a different destination each week, for a funny, inspirational and entertaining 52-minute escape. Our three presenters\/Instagrammers Louise Cantillon, S\u00e9aghan \u00d3 S\u00failleabh\u00e1in and Proinsias \u00d3 Coinn have proven to be the perfect fit for this entertaining travel show. Series two is as engaging, entertaining, exciting and silly as series one. Watch as our three friends navigate their way through new tasks, challenges and adventures with the aid of their social media followers and Google.<\/p>\n<p>Nasc: <a href=\"https:\/\/nasc.tg4.tv\/T\u00e9acs-Taistil-2\" target=\"_blank\" rel=\"noopener\">https:\/\/nasc.tg4.tv\/T\u00e9acs-Taistil-2<\/a><\/p>\n<p>&nbsp;<\/p>\n<p><strong>Entertainment (sponsored by Piranha Bar) <\/strong><\/p>\n<p><strong>CUMASC: Seisi\u00fain sa Black Gate (Black Gate Productions) <\/strong><\/p>\n<p>The second series of CUMASC: Seisi\u00fain sa Black Gate blends beautiful musical collaborative performances with intimate observational documentary and candid interviews. Over 12 episodes, a variety of emerging and established talents &#8211; both Irish and international &#8211; come together in celebration of creative exploration and expression. Each episode concludes with the performance of a new piece of music; the result of collaboration between our immensely talented artists.<\/p>\n<p>Nasc: <a href=\"https:\/\/nasc.tg4.tv\/Cumasc-2\" target=\"_blank\" rel=\"noopener\">https:\/\/nasc.tg4.tv\/Cumasc-2<\/a><\/p>\n<p>&nbsp;<\/p>\n<p><strong>Animation &#038; Children\u2019s Programme (sponsored by Element First) <\/strong><\/p>\n<p><strong>L\u00ed Ban (Paper Owl Films)<\/strong><\/p>\n<p>Transformed mysteriously from girl and dog into mermaid and sea otter, L\u00ed Ban and her faithful Con explore the watery kingdoms of Celtic legend, meeting gods, monsters, giants and wily humans in their search for answers. Who destroyed her homeplace? Why was she transformed? And who is she really? Theirs is an immortal quest through the heart of an ancient Celtic universe into the stories of times and places (almost) forgotten<\/p>\n<p>Nasc: <a href=\"https:\/\/nasc.tg4.tv\/L\u00ed-Ban\" target=\"_blank\" rel=\"noopener\">https:\/\/nasc.tg4.tv\/L\u00ed-Ban<\/a><\/p>\n<p>&nbsp;<\/p>\n<p>Mary Ellen N\u00ed Chual\u00e1in, TG4 Commissioning Manager, said:  &#8220;We are immensely proud to see TG4 productions recognised at the Gradaim RTS \/ RTS Ireland Awards 2025. These nominations highlight the diverse range of high-quality content we strive to deliver, from compelling drama and in-depth current affairs to engaging sports coverage and imaginative children\u2019s programming. This recognition is a testament to the talent, dedication, and passion of the Irish Independent production companies and our co-funding partners. TG4 remains committed to supporting original Irish content that resonates with audiences at home and abroad.  Comhghairdeas to all the nominees and look forward to celebrating their achievements on awards night.&#8221;<br \/>\n&nbsp;<\/p>\n","protected":false},"excerpt":{"rendered":"<p>&nbsp; TG4 is proud to have received nine nominations at Gradaim RTS \/ The Royal Television Society Ireland Awards 2025, celebrating the excellence of our productions and partnerships. Gradaim RTS \/ The RTS Ireland awards recognise the very best in broadcasting, and TG4 is delighted to see our work acknowledged among the industry\u2019s finest. With [&hellip;]<\/p>\n","protected":false},"author":4,"featured_media":0,"parent":236809,"menu_order":7,"comment_status":"closed","ping_status":"closed","template":"page-templates\/template-pr.php","meta":{"_acf_changed":false,"footnotes":""},"acf":[],"yoast_head":"<!-- This site is optimized with the Yoast SEO plugin v22.6 - https:\/\/yoast.com\/wordpress\/plugins\/seo\/ -->\n<title>9 nAinmni\u00fach\u00e1n faighte ag TG4 ag Gradaim RTS na h\u00c9ireann 2025 | Preasr\u00e1iteas | TG4<\/title>\n<meta name=\"description\" content=\"T\u00e1 TG4 m\u00f3rtasach as NAOI gcinn d\u2019ainmni\u00fach\u00e1in a fh\u00e1il ag Gradaim RTS na h\u00c9ireann, ag a nd\u00e9antar ceili\u00faradh ar bharr feabhais \u00e1r gcuid l\u00e9iri\u00fach\u00e1n agus comhph\u00e1irt\u00edochta\u00ed. Tugtar aitheantas ag gradaim an Royal Television Society (RTS) do scoth na craolt\u00f3ireachta agus t\u00e1 r\u00edm\u00e9ad orainn go bhfuil aitheantas \u00e1 thabhairt ag scoth an tionscail d\u00e1 gcuid saothair.\" \/>\n<meta name=\"robots\" content=\"index, follow, max-snippet:-1, max-image-preview:large, max-video-preview:-1\" \/>\n<meta property=\"og:locale\" content=\"en_US\" \/>\n<meta property=\"og:type\" content=\"article\" \/>\n<meta property=\"og:title\" content=\"9 nAinmni\u00fach\u00e1n faighte ag TG4 ag Gradaim RTS na h\u00c9ireann 2025 | Preasr\u00e1iteas | TG4\" \/>\n<meta property=\"og:description\" content=\"T\u00e1 TG4 m\u00f3rtasach as NAOI gcinn d\u2019ainmni\u00fach\u00e1in a fh\u00e1il ag Gradaim RTS na h\u00c9ireann, ag a nd\u00e9antar ceili\u00faradh ar bharr feabhais \u00e1r gcuid l\u00e9iri\u00fach\u00e1n agus comhph\u00e1irt\u00edochta\u00ed. Tugtar aitheantas ag gradaim an Royal Television Society (RTS) do scoth na craolt\u00f3ireachta agus t\u00e1 r\u00edm\u00e9ad orainn go bhfuil aitheantas \u00e1 thabhairt ag scoth an tionscail d\u00e1 gcuid saothair.\" \/>\n<meta property=\"og:url\" content=\"https:\/\/dev.tg4.ie\/en\/information\/press\/press-releases\/2025-2\/gradaim-rts\/\" \/>\n<meta property=\"og:site_name\" content=\"TG4\" \/>\n<meta property=\"article:publisher\" content=\"https:\/\/www.facebook.com\/TG4TV\" \/>\n<meta property=\"article:modified_time\" content=\"2025-02-27T15:51:57+00:00\" \/>\n<meta property=\"og:image\" content=\"https:\/\/tg4-docs.s3.amazonaws.com\/tg4-redesign-2015\/wp-content\/uploads\/2022\/02\/AnCailinCiuin_TheQuietGirl_Cait_Catherine_Clinch_1-1920x1080-1-700x394.jpg\" \/>\n<meta name=\"twitter:card\" content=\"summary_large_image\" \/>\n<meta name=\"twitter:image\" content=\"https:\/\/tg4-docs.s3.amazonaws.com\/tg4-redesign-2015\/wp-content\/uploads\/2022\/02\/AnCailinCiuin_TheQuietGirl_Cait_Catherine_Clinch_1-1920x1080-1-700x394.jpg\" \/>\n<meta name=\"twitter:site\" content=\"@TG4TV\" \/>\n<meta name=\"twitter:label1\" content=\"Est. reading time\" \/>\n\t<meta name=\"twitter:data1\" content=\"6 minutes\" \/>\n<script type=\"application\/ld+json\" class=\"yoast-schema-graph\">{\"@context\":\"https:\/\/schema.org\",\"@graph\":[{\"@type\":\"WebPage\",\"@id\":\"https:\/\/dev.tg4.ie\/en\/information\/press\/press-releases\/2025-2\/gradaim-rts\/\",\"url\":\"https:\/\/dev.tg4.ie\/en\/information\/press\/press-releases\/2025-2\/gradaim-rts\/\",\"name\":\"9 nAinmni\u00fach\u00e1n faighte ag TG4 ag Gradaim RTS na h\u00c9ireann 2025 | Preasr\u00e1iteas | TG4\",\"isPartOf\":{\"@id\":\"https:\/\/dev.tg4.ie\/en\/#website\"},\"primaryImageOfPage\":{\"@id\":\"https:\/\/dev.tg4.ie\/en\/information\/press\/press-releases\/2025-2\/gradaim-rts\/#primaryimage\"},\"image\":{\"@id\":\"https:\/\/dev.tg4.ie\/en\/information\/press\/press-releases\/2025-2\/gradaim-rts\/#primaryimage\"},\"thumbnailUrl\":\"https:\/\/dev.tg4.ie\/wp-content\/uploads\/2025\/02\/Idir-Dha-Bhaile-14.jpg\",\"datePublished\":\"2025-02-27T14:56:31+00:00\",\"dateModified\":\"2025-02-27T15:51:57+00:00\",\"description\":\"T\u00e1 TG4 m\u00f3rtasach as NAOI gcinn d\u2019ainmni\u00fach\u00e1in a fh\u00e1il ag Gradaim RTS na h\u00c9ireann, ag a nd\u00e9antar ceili\u00faradh ar bharr feabhais \u00e1r gcuid l\u00e9iri\u00fach\u00e1n agus comhph\u00e1irt\u00edochta\u00ed. Tugtar aitheantas ag gradaim an Royal Television Society (RTS) do scoth na craolt\u00f3ireachta agus t\u00e1 r\u00edm\u00e9ad orainn go bhfuil aitheantas \u00e1 thabhairt ag scoth an tionscail d\u00e1 gcuid saothair.\",\"breadcrumb\":{\"@id\":\"https:\/\/dev.tg4.ie\/en\/information\/press\/press-releases\/2025-2\/gradaim-rts\/#breadcrumb\"},\"inLanguage\":\"en-ie\",\"potentialAction\":[{\"@type\":\"ReadAction\",\"target\":[\"https:\/\/dev.tg4.ie\/en\/information\/press\/press-releases\/2025-2\/gradaim-rts\/\"]}]},{\"@type\":\"ImageObject\",\"inLanguage\":\"en-ie\",\"@id\":\"https:\/\/dev.tg4.ie\/en\/information\/press\/press-releases\/2025-2\/gradaim-rts\/#primaryimage\",\"url\":\"https:\/\/dev.tg4.ie\/wp-content\/uploads\/2025\/02\/Idir-Dha-Bhaile-14.jpg\",\"contentUrl\":\"https:\/\/dev.tg4.ie\/wp-content\/uploads\/2025\/02\/Idir-Dha-Bhaile-14.jpg\"},{\"@type\":\"BreadcrumbList\",\"@id\":\"https:\/\/dev.tg4.ie\/en\/information\/press\/press-releases\/2025-2\/gradaim-rts\/#breadcrumb\",\"itemListElement\":[{\"@type\":\"ListItem\",\"position\":1,\"name\":\"Home\",\"item\":\"https:\/\/dev.tg4.ie\/en\/\"},{\"@type\":\"ListItem\",\"position\":2,\"name\":\"Information\",\"item\":\"https:\/\/dev.tg4.ie\/en\/information\/\"},{\"@type\":\"ListItem\",\"position\":3,\"name\":\"Press\",\"item\":\"https:\/\/dev.tg4.ie\/en\/information\/press\/\"},{\"@type\":\"ListItem\",\"position\":4,\"name\":\"Press Releases\",\"item\":\"https:\/\/dev.tg4.ie\/en\/information\/press\/press-releases\/\"},{\"@type\":\"ListItem\",\"position\":5,\"name\":\"2025\",\"item\":\"https:\/\/dev.tg4.ie\/en\/information\/press\/press-releases\/2025-2\/\"},{\"@type\":\"ListItem\",\"position\":6,\"name\":\"TG4 celebrates Nine nominations at this year&#8217;s Gradaim RTS\"}]},{\"@type\":\"WebSite\",\"@id\":\"https:\/\/dev.tg4.ie\/en\/#website\",\"url\":\"https:\/\/dev.tg4.ie\/en\/\",\"name\":\"TG4\",\"description\":\"S\u00fail Eile\",\"potentialAction\":[{\"@type\":\"SearchAction\",\"target\":{\"@type\":\"EntryPoint\",\"urlTemplate\":\"https:\/\/dev.tg4.ie\/en\/?s={search_term_string}\"},\"query-input\":\"required name=search_term_string\"}],\"inLanguage\":\"en-ie\"}]}<\/script>\n<!-- \/ Yoast SEO plugin. -->","yoast_head_json":{"title":"9 nAinmni\u00fach\u00e1n faighte ag TG4 ag Gradaim RTS na h\u00c9ireann 2025 | Preasr\u00e1iteas | TG4","description":"T\u00e1 TG4 m\u00f3rtasach as NAOI gcinn d\u2019ainmni\u00fach\u00e1in a fh\u00e1il ag Gradaim RTS na h\u00c9ireann, ag a nd\u00e9antar ceili\u00faradh ar bharr feabhais \u00e1r gcuid l\u00e9iri\u00fach\u00e1n agus comhph\u00e1irt\u00edochta\u00ed. Tugtar aitheantas ag gradaim an Royal Television Society (RTS) do scoth na craolt\u00f3ireachta agus t\u00e1 r\u00edm\u00e9ad orainn go bhfuil aitheantas \u00e1 thabhairt ag scoth an tionscail d\u00e1 gcuid saothair.","robots":{"index":"index","follow":"follow","max-snippet":"max-snippet:-1","max-image-preview":"max-image-preview:large","max-video-preview":"max-video-preview:-1"},"og_locale":"en_US","og_type":"article","og_title":"9 nAinmni\u00fach\u00e1n faighte ag TG4 ag Gradaim RTS na h\u00c9ireann 2025 | Preasr\u00e1iteas | TG4","og_description":"T\u00e1 TG4 m\u00f3rtasach as NAOI gcinn d\u2019ainmni\u00fach\u00e1in a fh\u00e1il ag Gradaim RTS na h\u00c9ireann, ag a nd\u00e9antar ceili\u00faradh ar bharr feabhais \u00e1r gcuid l\u00e9iri\u00fach\u00e1n agus comhph\u00e1irt\u00edochta\u00ed. Tugtar aitheantas ag gradaim an Royal Television Society (RTS) do scoth na craolt\u00f3ireachta agus t\u00e1 r\u00edm\u00e9ad orainn go bhfuil aitheantas \u00e1 thabhairt ag scoth an tionscail d\u00e1 gcuid saothair.","og_url":"https:\/\/dev.tg4.ie\/en\/information\/press\/press-releases\/2025-2\/gradaim-rts\/","og_site_name":"TG4","article_publisher":"https:\/\/www.facebook.com\/TG4TV","article_modified_time":"2025-02-27T15:51:57+00:00","og_image":[{"url":"https:\/\/tg4-docs.s3.amazonaws.com\/tg4-redesign-2015\/wp-content\/uploads\/2022\/02\/AnCailinCiuin_TheQuietGirl_Cait_Catherine_Clinch_1-1920x1080-1-700x394.jpg"}],"twitter_card":"summary_large_image","twitter_image":"https:\/\/tg4-docs.s3.amazonaws.com\/tg4-redesign-2015\/wp-content\/uploads\/2022\/02\/AnCailinCiuin_TheQuietGirl_Cait_Catherine_Clinch_1-1920x1080-1-700x394.jpg","twitter_site":"@TG4TV","twitter_misc":{"Est. reading time":"6 minutes"},"schema":{"@context":"https:\/\/schema.org","@graph":[{"@type":"WebPage","@id":"https:\/\/dev.tg4.ie\/en\/information\/press\/press-releases\/2025-2\/gradaim-rts\/","url":"https:\/\/dev.tg4.ie\/en\/information\/press\/press-releases\/2025-2\/gradaim-rts\/","name":"9 nAinmni\u00fach\u00e1n faighte ag TG4 ag Gradaim RTS na h\u00c9ireann 2025 | Preasr\u00e1iteas | TG4","isPartOf":{"@id":"https:\/\/dev.tg4.ie\/en\/#website"},"primaryImageOfPage":{"@id":"https:\/\/dev.tg4.ie\/en\/information\/press\/press-releases\/2025-2\/gradaim-rts\/#primaryimage"},"image":{"@id":"https:\/\/dev.tg4.ie\/en\/information\/press\/press-releases\/2025-2\/gradaim-rts\/#primaryimage"},"thumbnailUrl":"https:\/\/dev.tg4.ie\/wp-content\/uploads\/2025\/02\/Idir-Dha-Bhaile-14.jpg","datePublished":"2025-02-27T14:56:31+00:00","dateModified":"2025-02-27T15:51:57+00:00","description":"T\u00e1 TG4 m\u00f3rtasach as NAOI gcinn d\u2019ainmni\u00fach\u00e1in a fh\u00e1il ag Gradaim RTS na h\u00c9ireann, ag a nd\u00e9antar ceili\u00faradh ar bharr feabhais \u00e1r gcuid l\u00e9iri\u00fach\u00e1n agus comhph\u00e1irt\u00edochta\u00ed. Tugtar aitheantas ag gradaim an Royal Television Society (RTS) do scoth na craolt\u00f3ireachta agus t\u00e1 r\u00edm\u00e9ad orainn go bhfuil aitheantas \u00e1 thabhairt ag scoth an tionscail d\u00e1 gcuid saothair.","breadcrumb":{"@id":"https:\/\/dev.tg4.ie\/en\/information\/press\/press-releases\/2025-2\/gradaim-rts\/#breadcrumb"},"inLanguage":"en-ie","potentialAction":[{"@type":"ReadAction","target":["https:\/\/dev.tg4.ie\/en\/information\/press\/press-releases\/2025-2\/gradaim-rts\/"]}]},{"@type":"ImageObject","inLanguage":"en-ie","@id":"https:\/\/dev.tg4.ie\/en\/information\/press\/press-releases\/2025-2\/gradaim-rts\/#primaryimage","url":"https:\/\/dev.tg4.ie\/wp-content\/uploads\/2025\/02\/Idir-Dha-Bhaile-14.jpg","contentUrl":"https:\/\/dev.tg4.ie\/wp-content\/uploads\/2025\/02\/Idir-Dha-Bhaile-14.jpg"},{"@type":"BreadcrumbList","@id":"https:\/\/dev.tg4.ie\/en\/information\/press\/press-releases\/2025-2\/gradaim-rts\/#breadcrumb","itemListElement":[{"@type":"ListItem","position":1,"name":"Home","item":"https:\/\/dev.tg4.ie\/en\/"},{"@type":"ListItem","position":2,"name":"Information","item":"https:\/\/dev.tg4.ie\/en\/information\/"},{"@type":"ListItem","position":3,"name":"Press","item":"https:\/\/dev.tg4.ie\/en\/information\/press\/"},{"@type":"ListItem","position":4,"name":"Press Releases","item":"https:\/\/dev.tg4.ie\/en\/information\/press\/press-releases\/"},{"@type":"ListItem","position":5,"name":"2025","item":"https:\/\/dev.tg4.ie\/en\/information\/press\/press-releases\/2025-2\/"},{"@type":"ListItem","position":6,"name":"TG4 celebrates Nine nominations at this year&#8217;s Gradaim RTS"}]},{"@type":"WebSite","@id":"https:\/\/dev.tg4.ie\/en\/#website","url":"https:\/\/dev.tg4.ie\/en\/","name":"TG4","description":"S\u00fail Eile","potentialAction":[{"@type":"SearchAction","target":{"@type":"EntryPoint","urlTemplate":"https:\/\/dev.tg4.ie\/en\/?s={search_term_string}"},"query-input":"required name=search_term_string"}],"inLanguage":"en-ie"}]}},"_links":{"self":[{"href":"https:\/\/dev.tg4.ie\/en\/wp-json\/wp\/v2\/pages\/240427"}],"collection":[{"href":"https:\/\/dev.tg4.ie\/en\/wp-json\/wp\/v2\/pages"}],"about":[{"href":"https:\/\/dev.tg4.ie\/en\/wp-json\/wp\/v2\/types\/page"}],"author":[{"embeddable":true,"href":"https:\/\/dev.tg4.ie\/en\/wp-json\/wp\/v2\/users\/4"}],"replies":[{"embeddable":true,"href":"https:\/\/dev.tg4.ie\/en\/wp-json\/wp\/v2\/comments?post=240427"}],"version-history":[{"count":0,"href":"https:\/\/dev.tg4.ie\/en\/wp-json\/wp\/v2\/pages\/240427\/revisions"}],"up":[{"embeddable":true,"href":"https:\/\/dev.tg4.ie\/en\/wp-json\/wp\/v2\/pages\/236809"}],"wp:attachment":[{"href":"https:\/\/dev.tg4.ie\/en\/wp-json\/wp\/v2\/media?parent=240427"}],"curies":[{"name":"wp","href":"https:\/\/api.w.org\/{rel}","templated":true}]}}