{"id":241111,"date":"2025-03-04T18:04:40","date_gmt":"2025-03-04T18:04:40","guid":{"rendered":"https:\/\/dev.tg4.ie\/?page_id=241111"},"modified":"2025-03-04T18:04:41","modified_gmt":"2025-03-04T18:04:41","slug":"deirdre-ni-choistin-appointed-director-general-of-tg4","status":"publish","type":"page","link":"https:\/\/dev.tg4.ie\/en\/information\/press\/press-releases\/2025-2\/deirdre-ni-choistin-appointed-director-general-of-tg4\/","title":{"rendered":"Deirdre N\u00ed Choist\u00edn appointed Director General of TG4"},"content":{"rendered":"<table>\n<tbody>\n<tr>\n<td width=\"10%\"><\/td>\n<td width=\"35%\"><img loading=\"lazy\" decoding=\"async\" width=\"250\" height=\"375\" src=\"https:\/\/tg4-docs.s3.amazonaws.com\/wp-content\/uploads\/2025\/03\/04091920\/TG4_LOGO_Corcra_720x1080-250x375.png\" alt=\"\" class=\"aligncenter size-medium wp-image-241101\" srcset=\"https:\/\/tg4-docs.s3.amazonaws.com\/wp-content\/uploads\/2025\/03\/04091920\/TG4_LOGO_Corcra_720x1080-250x375.png 250w, https:\/\/tg4-docs.s3.amazonaws.com\/wp-content\/uploads\/2025\/03\/04091920\/TG4_LOGO_Corcra_720x1080-700x1050.png 700w, https:\/\/tg4-docs.s3.amazonaws.com\/wp-content\/uploads\/2025\/03\/04091920\/TG4_LOGO_Corcra_720x1080-94x141.png 94w, https:\/\/tg4-docs.s3.amazonaws.com\/wp-content\/uploads\/2025\/03\/04091920\/TG4_LOGO_Corcra_720x1080-120x180.png 120w, https:\/\/tg4-docs.s3.amazonaws.com\/wp-content\/uploads\/2025\/03\/04091920\/TG4_LOGO_Corcra_720x1080.png 720w\" sizes=\"(max-width: 250px) 100vw, 250px\" \/><\/td>\n<td width=\"10%\"><\/td>\n<td width=\"35%\"><img loading=\"lazy\" decoding=\"async\" width=\"250\" height=\"375\" src=\"https:\/\/tg4-docs.s3.amazonaws.com\/wp-content\/uploads\/2025\/03\/04091922\/Deirdre_Ni_Choistin_1-720x1080-1-250x375.jpg\" alt=\"\" class=\"aligncenter size-medium wp-image-241102\" srcset=\"https:\/\/tg4-docs.s3.amazonaws.com\/wp-content\/uploads\/2025\/03\/04091922\/Deirdre_Ni_Choistin_1-720x1080-1-250x375.jpg 250w, https:\/\/tg4-docs.s3.amazonaws.com\/wp-content\/uploads\/2025\/03\/04091922\/Deirdre_Ni_Choistin_1-720x1080-1-700x1050.jpg 700w, https:\/\/tg4-docs.s3.amazonaws.com\/wp-content\/uploads\/2025\/03\/04091922\/Deirdre_Ni_Choistin_1-720x1080-1-94x141.jpg 94w, https:\/\/tg4-docs.s3.amazonaws.com\/wp-content\/uploads\/2025\/03\/04091922\/Deirdre_Ni_Choistin_1-720x1080-1-120x180.jpg 120w, https:\/\/tg4-docs.s3.amazonaws.com\/wp-content\/uploads\/2025\/03\/04091922\/Deirdre_Ni_Choistin_1-720x1080-1.jpg 720w\" sizes=\"(max-width: 250px) 100vw, 250px\" \/><\/td>\n<td width=\"10%\"><\/td>\n<\/tr>\n<\/tbody>\n<\/table>\n<p>&nbsp;<\/p>\n<p>The Board of TG4 has announced that Deirdre N\u00ed Choist\u00edn has been appointed as Director General of TG4 with the statutory consent of the Government following a competitive public recruitment process. She will succeed Alan Esslemont who has been Director General of TG4 since 2016 and who is stepping down in April 2025. Deirdre N\u00ed Choist\u00edn will be the fourth Director General of the station since it was founded in 1996, and the first woman to be appointed to the role.<br \/>\n&nbsp;<\/p>\n<p><strong>Cathaoirleach of the TG4 Board Anna N\u00ed Ghallachair<\/strong> said: <em>\u2018On behalf of the Board, I am delighted to welcome the appointment of Deirdre N\u00ed Choist\u00edn as Director General of TG4. Deirdre has very considerable experience in many roles within the organisation as well as the vision and qualifications which will ensure the kind of leadership and strategic planning that will bring TG4 to the next level of excellence and recognition, for the benefit of Irish language communities in Ireland and internationally. <\/p>\n<p>As a new era for TG4 begins with Deirdre\u2019s appointment, I wish to acknowledge and thank our outgoing Director General Alan Esslemont for the many achievements of the TG4 team under his stewardship over the last eight years. As Director General, Alan showed outstanding leadership and creative vision which brought Irish language broadcasting and cinema to the world stage and which created a cultural role model for minority language media at home and abroad.&#8217;<\/em><br \/>\n&nbsp;<\/p>\n<p>Deirdre was TG4&#8217;s first Head of News and Current Affairs. She was appointed in 2022 with responsibility for developing a strategy and vision for TG4&#8217;s news and current affairs. She is also Editor of current affairs series <em>Ini\u00fachadh TG4<\/em> and of children\u2019s news service <em>Nuacht C\u00fala4<\/em>.<br \/>\n&nbsp;<\/p>\n<p>Deirdre N\u00ed Choist\u00edn has over twenty-five years experience in TG4, having begun working with the station in 1999, shortly after the channel rebranded from TnaG to TG4. She was a Producer and Director for fourteen years. She established <em>MOLSC\u00c9AL<\/em>, a popular online news and entertainment platform for TG4\u2019s core Irish speaking audience in 2017. Prior to being appointed as Head of News and Current Affairs, she was TG4\u2019s Communications Manager from 2019 to 2022 where she implemented an innovative new multi-platform communications strategy.<br \/>\n&nbsp;<\/p>\n<p>She was raised in Kilcock, Co. Kildare, the eldest of five children. Her father John Joe, is from An Rinn Gaeltacht in Co. Waterford and her mother Betty is from Co. Carlow. She attended the newly established gaelscoil at the time, Scoil Chearbhaill U\u00ed D\u00e1laigh in Leixlip Co. Kildare, and attended Maynooth Post-Primary secondary school. She graduated with a degree in Irish and French from Trinity College Dublin in 1998 before undertaking a Higher Diploma in Applied Communications through Irish at the University of Galway.<\/p>\n<p>She was awarded first class honours in a Professional Masters in Business by University College Cork \/ Irish Management Institute last year, where she specialised in Advanced Strategy, Leadership and Innovation.<br \/>\n&nbsp;<\/p>\n<p>Deirdre is married to Breand\u00e1n \u00d3 Conl\u00e1in and they are raising their four sons through Irish in An Spid\u00e9al, Connemara. <\/p>\n<p><strong>Deirdre N\u00ed Choist\u00edn<\/strong> said, <em>&#8216;It is a joy and a privilege for me to be appointed as Director General of TG4. TG4 has had a special place in my heart since the day it was launched on Halloween night in 1996 while I was still at university. At a crucial time in Irish language broadcasting, I am looking forward to working with the team to prepare TG4 for the future by cultivating creativity, better serving our audiences across all platforms, and further development of the independent production sector, in the Gaeltacht in particular.&#8217;<\/em><\/p>\n<p>&nbsp;<\/p>\n","protected":false},"excerpt":{"rendered":"<p>&nbsp; The Board of TG4 has announced that Deirdre N\u00ed Choist\u00edn has been appointed as Director General of TG4 with the statutory consent of the Government following a competitive public recruitment process. She will succeed Alan Esslemont who has been Director General of TG4 since 2016 and who is stepping down in April 2025. Deirdre [&hellip;]<\/p>\n","protected":false},"author":876,"featured_media":0,"parent":236809,"menu_order":8,"comment_status":"closed","ping_status":"closed","template":"page-templates\/template-pr.php","meta":{"_acf_changed":false,"footnotes":""},"acf":[],"yoast_head":"<!-- This site is optimized with the Yoast SEO plugin v22.6 - https:\/\/yoast.com\/wordpress\/plugins\/seo\/ -->\n<title>Deirdre N\u00ed Choist\u00edn appointed Director General of TG4 | Press Release | TG4<\/title>\n<meta name=\"description\" content=\"The Board of TG4 has announced that Deirdre N\u00ed Choist\u00edn has been appointed as Director General of TG4 with the statutory consent of the Government following a competitive public recruitment process.\" \/>\n<meta name=\"robots\" content=\"index, follow, max-snippet:-1, max-image-preview:large, max-video-preview:-1\" \/>\n<meta property=\"og:locale\" content=\"en_US\" \/>\n<meta property=\"og:type\" content=\"article\" \/>\n<meta property=\"og:title\" content=\"Deirdre N\u00ed Choist\u00edn appointed Director General of TG4 | Press Release | TG4\" \/>\n<meta property=\"og:description\" content=\"The Board of TG4 has announced that Deirdre N\u00ed Choist\u00edn has been appointed as Director General of TG4 with the statutory consent of the Government following a competitive public recruitment process.\" \/>\n<meta property=\"og:url\" content=\"https:\/\/dev.tg4.ie\/en\/information\/press\/press-releases\/2025-2\/deirdre-ni-choistin-appointed-director-general-of-tg4\/\" \/>\n<meta property=\"og:site_name\" content=\"TG4\" \/>\n<meta property=\"article:publisher\" content=\"https:\/\/www.facebook.com\/TG4TV\" \/>\n<meta property=\"article:modified_time\" content=\"2025-03-04T18:04:41+00:00\" \/>\n<meta property=\"og:image\" content=\"https:\/\/tg4-docs.s3.amazonaws.com\/wp-content\/uploads\/2024\/11\/18150913\/TG4_Foirgneamh_2024_1-1920x1080-1-700x394.jpg\" \/>\n<meta name=\"twitter:card\" content=\"summary_large_image\" \/>\n<meta name=\"twitter:image\" content=\"https:\/\/tg4-docs.s3.amazonaws.com\/wp-content\/uploads\/2024\/11\/18150913\/TG4_Foirgneamh_2024_1-1920x1080-1-700x394.jpg\" \/>\n<meta name=\"twitter:site\" content=\"@TG4TV\" \/>\n<meta name=\"twitter:label1\" content=\"Est. reading time\" \/>\n\t<meta name=\"twitter:data1\" content=\"4 minutes\" \/>\n<script type=\"application\/ld+json\" class=\"yoast-schema-graph\">{\"@context\":\"https:\/\/schema.org\",\"@graph\":[{\"@type\":\"WebPage\",\"@id\":\"https:\/\/dev.tg4.ie\/en\/information\/press\/press-releases\/2025-2\/deirdre-ni-choistin-appointed-director-general-of-tg4\/\",\"url\":\"https:\/\/dev.tg4.ie\/en\/information\/press\/press-releases\/2025-2\/deirdre-ni-choistin-appointed-director-general-of-tg4\/\",\"name\":\"Deirdre N\u00ed Choist\u00edn appointed Director General of TG4 | Press Release | TG4\",\"isPartOf\":{\"@id\":\"https:\/\/dev.tg4.ie\/en\/#website\"},\"primaryImageOfPage\":{\"@id\":\"https:\/\/dev.tg4.ie\/en\/information\/press\/press-releases\/2025-2\/deirdre-ni-choistin-appointed-director-general-of-tg4\/#primaryimage\"},\"image\":{\"@id\":\"https:\/\/dev.tg4.ie\/en\/information\/press\/press-releases\/2025-2\/deirdre-ni-choistin-appointed-director-general-of-tg4\/#primaryimage\"},\"thumbnailUrl\":\"https:\/\/dev.tg4.ie\/wp-content\/uploads\/2025\/03\/TG4_LOGO_Corcra_720x1080-250x375.png\",\"datePublished\":\"2025-03-04T18:04:40+00:00\",\"dateModified\":\"2025-03-04T18:04:41+00:00\",\"description\":\"The Board of TG4 has announced that Deirdre N\u00ed Choist\u00edn has been appointed as Director General of TG4 with the statutory consent of the Government following a competitive public recruitment process.\",\"breadcrumb\":{\"@id\":\"https:\/\/dev.tg4.ie\/en\/information\/press\/press-releases\/2025-2\/deirdre-ni-choistin-appointed-director-general-of-tg4\/#breadcrumb\"},\"inLanguage\":\"en-ie\",\"potentialAction\":[{\"@type\":\"ReadAction\",\"target\":[\"https:\/\/dev.tg4.ie\/en\/information\/press\/press-releases\/2025-2\/deirdre-ni-choistin-appointed-director-general-of-tg4\/\"]}]},{\"@type\":\"ImageObject\",\"inLanguage\":\"en-ie\",\"@id\":\"https:\/\/dev.tg4.ie\/en\/information\/press\/press-releases\/2025-2\/deirdre-ni-choistin-appointed-director-general-of-tg4\/#primaryimage\",\"url\":\"https:\/\/dev.tg4.ie\/wp-content\/uploads\/2025\/03\/TG4_LOGO_Corcra_720x1080-250x375.png\",\"contentUrl\":\"https:\/\/dev.tg4.ie\/wp-content\/uploads\/2025\/03\/TG4_LOGO_Corcra_720x1080-250x375.png\"},{\"@type\":\"BreadcrumbList\",\"@id\":\"https:\/\/dev.tg4.ie\/en\/information\/press\/press-releases\/2025-2\/deirdre-ni-choistin-appointed-director-general-of-tg4\/#breadcrumb\",\"itemListElement\":[{\"@type\":\"ListItem\",\"position\":1,\"name\":\"Home\",\"item\":\"https:\/\/dev.tg4.ie\/en\/\"},{\"@type\":\"ListItem\",\"position\":2,\"name\":\"Information\",\"item\":\"https:\/\/dev.tg4.ie\/en\/information\/\"},{\"@type\":\"ListItem\",\"position\":3,\"name\":\"Press\",\"item\":\"https:\/\/dev.tg4.ie\/en\/information\/press\/\"},{\"@type\":\"ListItem\",\"position\":4,\"name\":\"Press Releases\",\"item\":\"https:\/\/dev.tg4.ie\/en\/information\/press\/press-releases\/\"},{\"@type\":\"ListItem\",\"position\":5,\"name\":\"2025\",\"item\":\"https:\/\/dev.tg4.ie\/en\/information\/press\/press-releases\/2025-2\/\"},{\"@type\":\"ListItem\",\"position\":6,\"name\":\"Deirdre N\u00ed Choist\u00edn appointed Director General of TG4\"}]},{\"@type\":\"WebSite\",\"@id\":\"https:\/\/dev.tg4.ie\/en\/#website\",\"url\":\"https:\/\/dev.tg4.ie\/en\/\",\"name\":\"TG4\",\"description\":\"S\u00fail Eile\",\"potentialAction\":[{\"@type\":\"SearchAction\",\"target\":{\"@type\":\"EntryPoint\",\"urlTemplate\":\"https:\/\/dev.tg4.ie\/en\/?s={search_term_string}\"},\"query-input\":\"required name=search_term_string\"}],\"inLanguage\":\"en-ie\"}]}<\/script>\n<!-- \/ Yoast SEO plugin. -->","yoast_head_json":{"title":"Deirdre N\u00ed Choist\u00edn appointed Director General of TG4 | Press Release | TG4","description":"The Board of TG4 has announced that Deirdre N\u00ed Choist\u00edn has been appointed as Director General of TG4 with the statutory consent of the Government following a competitive public recruitment process.","robots":{"index":"index","follow":"follow","max-snippet":"max-snippet:-1","max-image-preview":"max-image-preview:large","max-video-preview":"max-video-preview:-1"},"og_locale":"en_US","og_type":"article","og_title":"Deirdre N\u00ed Choist\u00edn appointed Director General of TG4 | Press Release | TG4","og_description":"The Board of TG4 has announced that Deirdre N\u00ed Choist\u00edn has been appointed as Director General of TG4 with the statutory consent of the Government following a competitive public recruitment process.","og_url":"https:\/\/dev.tg4.ie\/en\/information\/press\/press-releases\/2025-2\/deirdre-ni-choistin-appointed-director-general-of-tg4\/","og_site_name":"TG4","article_publisher":"https:\/\/www.facebook.com\/TG4TV","article_modified_time":"2025-03-04T18:04:41+00:00","og_image":[{"url":"https:\/\/tg4-docs.s3.amazonaws.com\/wp-content\/uploads\/2024\/11\/18150913\/TG4_Foirgneamh_2024_1-1920x1080-1-700x394.jpg"}],"twitter_card":"summary_large_image","twitter_image":"https:\/\/tg4-docs.s3.amazonaws.com\/wp-content\/uploads\/2024\/11\/18150913\/TG4_Foirgneamh_2024_1-1920x1080-1-700x394.jpg","twitter_site":"@TG4TV","twitter_misc":{"Est. reading time":"4 minutes"},"schema":{"@context":"https:\/\/schema.org","@graph":[{"@type":"WebPage","@id":"https:\/\/dev.tg4.ie\/en\/information\/press\/press-releases\/2025-2\/deirdre-ni-choistin-appointed-director-general-of-tg4\/","url":"https:\/\/dev.tg4.ie\/en\/information\/press\/press-releases\/2025-2\/deirdre-ni-choistin-appointed-director-general-of-tg4\/","name":"Deirdre N\u00ed Choist\u00edn appointed Director General of TG4 | Press Release | TG4","isPartOf":{"@id":"https:\/\/dev.tg4.ie\/en\/#website"},"primaryImageOfPage":{"@id":"https:\/\/dev.tg4.ie\/en\/information\/press\/press-releases\/2025-2\/deirdre-ni-choistin-appointed-director-general-of-tg4\/#primaryimage"},"image":{"@id":"https:\/\/dev.tg4.ie\/en\/information\/press\/press-releases\/2025-2\/deirdre-ni-choistin-appointed-director-general-of-tg4\/#primaryimage"},"thumbnailUrl":"https:\/\/dev.tg4.ie\/wp-content\/uploads\/2025\/03\/TG4_LOGO_Corcra_720x1080-250x375.png","datePublished":"2025-03-04T18:04:40+00:00","dateModified":"2025-03-04T18:04:41+00:00","description":"The Board of TG4 has announced that Deirdre N\u00ed Choist\u00edn has been appointed as Director General of TG4 with the statutory consent of the Government following a competitive public recruitment process.","breadcrumb":{"@id":"https:\/\/dev.tg4.ie\/en\/information\/press\/press-releases\/2025-2\/deirdre-ni-choistin-appointed-director-general-of-tg4\/#breadcrumb"},"inLanguage":"en-ie","potentialAction":[{"@type":"ReadAction","target":["https:\/\/dev.tg4.ie\/en\/information\/press\/press-releases\/2025-2\/deirdre-ni-choistin-appointed-director-general-of-tg4\/"]}]},{"@type":"ImageObject","inLanguage":"en-ie","@id":"https:\/\/dev.tg4.ie\/en\/information\/press\/press-releases\/2025-2\/deirdre-ni-choistin-appointed-director-general-of-tg4\/#primaryimage","url":"https:\/\/dev.tg4.ie\/wp-content\/uploads\/2025\/03\/TG4_LOGO_Corcra_720x1080-250x375.png","contentUrl":"https:\/\/dev.tg4.ie\/wp-content\/uploads\/2025\/03\/TG4_LOGO_Corcra_720x1080-250x375.png"},{"@type":"BreadcrumbList","@id":"https:\/\/dev.tg4.ie\/en\/information\/press\/press-releases\/2025-2\/deirdre-ni-choistin-appointed-director-general-of-tg4\/#breadcrumb","itemListElement":[{"@type":"ListItem","position":1,"name":"Home","item":"https:\/\/dev.tg4.ie\/en\/"},{"@type":"ListItem","position":2,"name":"Information","item":"https:\/\/dev.tg4.ie\/en\/information\/"},{"@type":"ListItem","position":3,"name":"Press","item":"https:\/\/dev.tg4.ie\/en\/information\/press\/"},{"@type":"ListItem","position":4,"name":"Press Releases","item":"https:\/\/dev.tg4.ie\/en\/information\/press\/press-releases\/"},{"@type":"ListItem","position":5,"name":"2025","item":"https:\/\/dev.tg4.ie\/en\/information\/press\/press-releases\/2025-2\/"},{"@type":"ListItem","position":6,"name":"Deirdre N\u00ed Choist\u00edn appointed Director General of TG4"}]},{"@type":"WebSite","@id":"https:\/\/dev.tg4.ie\/en\/#website","url":"https:\/\/dev.tg4.ie\/en\/","name":"TG4","description":"S\u00fail Eile","potentialAction":[{"@type":"SearchAction","target":{"@type":"EntryPoint","urlTemplate":"https:\/\/dev.tg4.ie\/en\/?s={search_term_string}"},"query-input":"required name=search_term_string"}],"inLanguage":"en-ie"}]}},"_links":{"self":[{"href":"https:\/\/dev.tg4.ie\/en\/wp-json\/wp\/v2\/pages\/241111"}],"collection":[{"href":"https:\/\/dev.tg4.ie\/en\/wp-json\/wp\/v2\/pages"}],"about":[{"href":"https:\/\/dev.tg4.ie\/en\/wp-json\/wp\/v2\/types\/page"}],"author":[{"embeddable":true,"href":"https:\/\/dev.tg4.ie\/en\/wp-json\/wp\/v2\/users\/876"}],"replies":[{"embeddable":true,"href":"https:\/\/dev.tg4.ie\/en\/wp-json\/wp\/v2\/comments?post=241111"}],"version-history":[{"count":0,"href":"https:\/\/dev.tg4.ie\/en\/wp-json\/wp\/v2\/pages\/241111\/revisions"}],"up":[{"embeddable":true,"href":"https:\/\/dev.tg4.ie\/en\/wp-json\/wp\/v2\/pages\/236809"}],"wp:attachment":[{"href":"https:\/\/dev.tg4.ie\/en\/wp-json\/wp\/v2\/media?parent=241111"}],"curies":[{"name":"wp","href":"https:\/\/api.w.org\/{rel}","templated":true}]}}