{"id":242384,"date":"2025-03-20T17:41:55","date_gmt":"2025-03-20T17:41:55","guid":{"rendered":"https:\/\/dev.tg4.ie\/?page_id=242384"},"modified":"2025-03-20T17:41:55","modified_gmt":"2025-03-20T17:41:55","slug":"record-breaking-viewership-for-tg4-player-in-february-2025","status":"publish","type":"page","link":"https:\/\/dev.tg4.ie\/en\/information\/press\/press-releases\/2025-2\/record-breaking-viewership-for-tg4-player-in-february-2025\/","title":{"rendered":"Record-Breaking Viewership for TG4 Player in February 2025"},"content":{"rendered":"<table>\n<tbody>\n<tr>\n<td><img loading=\"lazy\" decoding=\"async\" width=\"1920\" height=\"1080\" src=\"https:\/\/tg4-docs.s3.amazonaws.com\/wp-content\/uploads\/2025\/03\/20173027\/Corn_Mhic_Giobuin_2025_1-1920x1080-1.jpg\" alt=\"\" class=\"aligncenter size-full wp-image-242382\" srcset=\"https:\/\/tg4-docs.s3.amazonaws.com\/wp-content\/uploads\/2025\/03\/20173027\/Corn_Mhic_Giobuin_2025_1-1920x1080-1.jpg 1920w, https:\/\/tg4-docs.s3.amazonaws.com\/wp-content\/uploads\/2025\/03\/20173027\/Corn_Mhic_Giobuin_2025_1-1920x1080-1-250x141.jpg 250w, https:\/\/tg4-docs.s3.amazonaws.com\/wp-content\/uploads\/2025\/03\/20173027\/Corn_Mhic_Giobuin_2025_1-1920x1080-1-700x394.jpg 700w, https:\/\/tg4-docs.s3.amazonaws.com\/wp-content\/uploads\/2025\/03\/20173027\/Corn_Mhic_Giobuin_2025_1-1920x1080-1-252x141.jpg 252w, https:\/\/tg4-docs.s3.amazonaws.com\/wp-content\/uploads\/2025\/03\/20173027\/Corn_Mhic_Giobuin_2025_1-1920x1080-1-1536x864.jpg 1536w, https:\/\/tg4-docs.s3.amazonaws.com\/wp-content\/uploads\/2025\/03\/20173027\/Corn_Mhic_Giobuin_2025_1-1920x1080-1-120x68.jpg 120w\" sizes=\"(max-width: 1920px) 100vw, 1920px\" \/><\/td>\n<td><img loading=\"lazy\" decoding=\"async\" width=\"1920\" height=\"1080\" src=\"https:\/\/tg4-docs.s3.amazonaws.com\/wp-content\/uploads\/2025\/03\/20173021\/Corn_Mhic_Shigiuir_2025_1-1920x1080-1.jpg\" alt=\"\" class=\"aligncenter size-full wp-image-242380\" srcset=\"https:\/\/tg4-docs.s3.amazonaws.com\/wp-content\/uploads\/2025\/03\/20173021\/Corn_Mhic_Shigiuir_2025_1-1920x1080-1.jpg 1920w, https:\/\/tg4-docs.s3.amazonaws.com\/wp-content\/uploads\/2025\/03\/20173021\/Corn_Mhic_Shigiuir_2025_1-1920x1080-1-250x141.jpg 250w, https:\/\/tg4-docs.s3.amazonaws.com\/wp-content\/uploads\/2025\/03\/20173021\/Corn_Mhic_Shigiuir_2025_1-1920x1080-1-700x394.jpg 700w, https:\/\/tg4-docs.s3.amazonaws.com\/wp-content\/uploads\/2025\/03\/20173021\/Corn_Mhic_Shigiuir_2025_1-1920x1080-1-252x141.jpg 252w, https:\/\/tg4-docs.s3.amazonaws.com\/wp-content\/uploads\/2025\/03\/20173021\/Corn_Mhic_Shigiuir_2025_1-1920x1080-1-1536x864.jpg 1536w, https:\/\/tg4-docs.s3.amazonaws.com\/wp-content\/uploads\/2025\/03\/20173021\/Corn_Mhic_Shigiuir_2025_1-1920x1080-1-120x68.jpg 120w\" sizes=\"(max-width: 1920px) 100vw, 1920px\" \/><\/td>\n<td><img loading=\"lazy\" decoding=\"async\" width=\"1920\" height=\"1080\" src=\"https:\/\/tg4-docs.s3.amazonaws.com\/wp-content\/uploads\/2025\/03\/20173023\/Peil_na_mBan_Ladies_Football_2025_1-1920x1080-1.jpg\" alt=\"\" class=\"aligncenter size-full wp-image-242381\" srcset=\"https:\/\/tg4-docs.s3.amazonaws.com\/wp-content\/uploads\/2025\/03\/20173023\/Peil_na_mBan_Ladies_Football_2025_1-1920x1080-1.jpg 1920w, https:\/\/tg4-docs.s3.amazonaws.com\/wp-content\/uploads\/2025\/03\/20173023\/Peil_na_mBan_Ladies_Football_2025_1-1920x1080-1-250x141.jpg 250w, https:\/\/tg4-docs.s3.amazonaws.com\/wp-content\/uploads\/2025\/03\/20173023\/Peil_na_mBan_Ladies_Football_2025_1-1920x1080-1-700x394.jpg 700w, https:\/\/tg4-docs.s3.amazonaws.com\/wp-content\/uploads\/2025\/03\/20173023\/Peil_na_mBan_Ladies_Football_2025_1-1920x1080-1-252x141.jpg 252w, https:\/\/tg4-docs.s3.amazonaws.com\/wp-content\/uploads\/2025\/03\/20173023\/Peil_na_mBan_Ladies_Football_2025_1-1920x1080-1-1536x864.jpg 1536w, https:\/\/tg4-docs.s3.amazonaws.com\/wp-content\/uploads\/2025\/03\/20173023\/Peil_na_mBan_Ladies_Football_2025_1-1920x1080-1-120x68.jpg 120w\" sizes=\"(max-width: 1920px) 100vw, 1920px\" \/><\/td>\n<\/tr>\n<tr>\n<td><img loading=\"lazy\" decoding=\"async\" width=\"1920\" height=\"1080\" src=\"https:\/\/tg4-docs.s3.amazonaws.com\/wp-content\/uploads\/2025\/03\/20173015\/Rugbai_Beo_Live_Rugby_2025_1-1920x1080-1.jpg\" alt=\"\" class=\"aligncenter size-full wp-image-242378\" srcset=\"https:\/\/tg4-docs.s3.amazonaws.com\/wp-content\/uploads\/2025\/03\/20173015\/Rugbai_Beo_Live_Rugby_2025_1-1920x1080-1.jpg 1920w, https:\/\/tg4-docs.s3.amazonaws.com\/wp-content\/uploads\/2025\/03\/20173015\/Rugbai_Beo_Live_Rugby_2025_1-1920x1080-1-250x141.jpg 250w, https:\/\/tg4-docs.s3.amazonaws.com\/wp-content\/uploads\/2025\/03\/20173015\/Rugbai_Beo_Live_Rugby_2025_1-1920x1080-1-700x394.jpg 700w, https:\/\/tg4-docs.s3.amazonaws.com\/wp-content\/uploads\/2025\/03\/20173015\/Rugbai_Beo_Live_Rugby_2025_1-1920x1080-1-252x141.jpg 252w, https:\/\/tg4-docs.s3.amazonaws.com\/wp-content\/uploads\/2025\/03\/20173015\/Rugbai_Beo_Live_Rugby_2025_1-1920x1080-1-1536x864.jpg 1536w, https:\/\/tg4-docs.s3.amazonaws.com\/wp-content\/uploads\/2025\/03\/20173015\/Rugbai_Beo_Live_Rugby_2025_1-1920x1080-1-120x68.jpg 120w\" sizes=\"(max-width: 1920px) 100vw, 1920px\" \/><\/td>\n<td><img loading=\"lazy\" decoding=\"async\" width=\"1920\" height=\"1080\" src=\"https:\/\/tg4-docs.s3.amazonaws.com\/wp-content\/uploads\/2025\/03\/20173010\/Hockey_Beo_Live_Hockey_2025_1-1920x1080-1.jpg\" alt=\"\" class=\"aligncenter size-full wp-image-242377\" srcset=\"https:\/\/tg4-docs.s3.amazonaws.com\/wp-content\/uploads\/2025\/03\/20173010\/Hockey_Beo_Live_Hockey_2025_1-1920x1080-1.jpg 1920w, https:\/\/tg4-docs.s3.amazonaws.com\/wp-content\/uploads\/2025\/03\/20173010\/Hockey_Beo_Live_Hockey_2025_1-1920x1080-1-250x141.jpg 250w, https:\/\/tg4-docs.s3.amazonaws.com\/wp-content\/uploads\/2025\/03\/20173010\/Hockey_Beo_Live_Hockey_2025_1-1920x1080-1-700x394.jpg 700w, https:\/\/tg4-docs.s3.amazonaws.com\/wp-content\/uploads\/2025\/03\/20173010\/Hockey_Beo_Live_Hockey_2025_1-1920x1080-1-252x141.jpg 252w, https:\/\/tg4-docs.s3.amazonaws.com\/wp-content\/uploads\/2025\/03\/20173010\/Hockey_Beo_Live_Hockey_2025_1-1920x1080-1-1536x864.jpg 1536w, https:\/\/tg4-docs.s3.amazonaws.com\/wp-content\/uploads\/2025\/03\/20173010\/Hockey_Beo_Live_Hockey_2025_1-1920x1080-1-120x68.jpg 120w\" sizes=\"(max-width: 1920px) 100vw, 1920px\" \/><\/td>\n<td><img loading=\"lazy\" decoding=\"async\" width=\"1920\" height=\"1080\" src=\"https:\/\/tg4-docs.s3.amazonaws.com\/wp-content\/uploads\/2025\/03\/20173018\/Cispheil_Bheo_Live_Basketball_2025_1-1920x1080-1.jpg\" alt=\"\" class=\"aligncenter size-full wp-image-242379\" srcset=\"https:\/\/tg4-docs.s3.amazonaws.com\/wp-content\/uploads\/2025\/03\/20173018\/Cispheil_Bheo_Live_Basketball_2025_1-1920x1080-1.jpg 1920w, https:\/\/tg4-docs.s3.amazonaws.com\/wp-content\/uploads\/2025\/03\/20173018\/Cispheil_Bheo_Live_Basketball_2025_1-1920x1080-1-250x141.jpg 250w, https:\/\/tg4-docs.s3.amazonaws.com\/wp-content\/uploads\/2025\/03\/20173018\/Cispheil_Bheo_Live_Basketball_2025_1-1920x1080-1-700x394.jpg 700w, https:\/\/tg4-docs.s3.amazonaws.com\/wp-content\/uploads\/2025\/03\/20173018\/Cispheil_Bheo_Live_Basketball_2025_1-1920x1080-1-252x141.jpg 252w, https:\/\/tg4-docs.s3.amazonaws.com\/wp-content\/uploads\/2025\/03\/20173018\/Cispheil_Bheo_Live_Basketball_2025_1-1920x1080-1-1536x864.jpg 1536w, https:\/\/tg4-docs.s3.amazonaws.com\/wp-content\/uploads\/2025\/03\/20173018\/Cispheil_Bheo_Live_Basketball_2025_1-1920x1080-1-120x68.jpg 120w\" sizes=\"(max-width: 1920px) 100vw, 1920px\" \/><\/td>\n<\/tr>\n<\/tbody>\n<\/table>\n<p>&nbsp;<br \/>\n<iframe loading=\"lazy\" title=\"YouTube video player\" src=\"https:\/\/www.youtube.com\/embed\/-0wgUnjyUlU?si=GXo-H3NZGBTv6pJQ\" width=\"560\" height=\"315\" frameborder=\"0\" allowfullscreen=\"allowfullscreen\"><\/iframe><br \/>\n&nbsp;<br \/>\nTG4 is celebrating its highest-ever recorded figures on the TG4 Player (TG4.ie), marking an exceptional month of viewership growth across live and on-demand streaming.<\/p>\n<p>The demand for TG4\u2019s sports coverage and entertainment programming has driven an unprecedented surge in online engagement. The standout performance came from the <strong>Cork vs. Limerick<\/strong> clash in the <strong>Allianz Hurling League on 1\/2\/25<\/strong>, which recorded an all-time high of <strong>172.1K live streams<\/strong>, making it the most-watched live event on TG4 Player to date.<\/p>\n<p>Additionally, total streaming figures in February 2025 saw a <strong>53% increase compared to February 2024<\/strong>, a remarkable achievement encompassing <strong>live streaming and video-on-demand (VOD)<\/strong>.<br \/>\n&nbsp;<br \/>\n<strong>Sports Driving Live Streaming Growth:<\/strong> <\/p>\n<p>The Allianz Leagues have played a significant role in boosting live viewership on TG4 Player.<\/p>\n<p>Beyond hurling, TG4 provided diverse sports coverage throughout February, including:<br \/>\n&nbsp;<\/p>\n<ul>\n<li>Peil na mBan (Ladies Football)<\/li>\n<li>Rugba\u00ed Beo (Live Rugby)<\/li>\n<li>Cispheil Bheo (Live Basketball)<\/li>\n<li>Hockey Beo (Live Hockey)<\/li>\n<li>Corn Mhic Shigi\u00fair &#038; Corn Mhic Giob\u00fain (Sigerson &#038; Fitzgibbon Cups)<\/li>\n<li>Liathr\u00f3id L\u00e1imhe (Handball)<\/li>\n<\/ul>\n<p>&nbsp;<br \/>\n<strong>R\u00f3n\u00e1n \u00d3 Coistealbha, TG4&#8217;s Head of Sport<\/strong>, commented: <em>&#8220;These record-breaking figures reflect the incredible passion for sport among TG4 audiences. Our commitment to broadcasting a wide variety of sports, from the Allianz Leagues to Peil na mBan and Liathr\u00f3id L\u00e1imhe, continues to connect fans with the games they love in Irish. The growth in live streaming is a testament to the quality of our coverage and the ever-increasing demand for live sport on TG4 Player.&#8221;<\/em><br \/>\n&nbsp;<br \/>\n<strong>Strong Performance in Video-On-Demand:<\/strong> <\/p>\n<p>While live sports dominated streaming figures, <strong>VOD viewership<\/strong> also surged, with the new season of <strong>Laochra Gael<\/strong> proving to be a major success, attracting strong audience engagement.<\/p>\n<p>Watch the lastest series of Laochra Gael here:<br \/>\n<a href=\"https:\/\/nasc.tg4.tv\/LaochraGael-23\" rel=\"noopener\" target=\"_blank\">https:\/\/nasc.tg4.tv\/LaochraGael-23<\/a><br \/>\n&nbsp;<br \/>\n<strong>Social Media Success &#038; Industry Recognition:<\/strong> <\/p>\n<p>February was also a standout month for TG4 on social media, with strong engagement across platforms.<\/p>\n<p>TG4\u2019s team were among the stars at the IFTAs and BAFTAs, reinforcing its growing influence in Irish-language broadcasting and international media.<\/p>\n<p>TG4 continues to innovate and expand its digital presence, ensuring audiences worldwide have access to premium Irish-language content.<br \/>\n&nbsp;<br \/>\n&nbsp;<\/p>\n","protected":false},"excerpt":{"rendered":"<p>&nbsp; &nbsp; TG4 is celebrating its highest-ever recorded figures on the TG4 Player (TG4.ie), marking an exceptional month of viewership growth across live and on-demand streaming. The demand for TG4\u2019s sports coverage and entertainment programming has driven an unprecedented surge in online engagement. The standout performance came from the Cork vs. Limerick clash in the [&hellip;]<\/p>\n","protected":false},"author":876,"featured_media":0,"parent":236809,"menu_order":11,"comment_status":"closed","ping_status":"closed","template":"page-templates\/template-pr.php","meta":{"_acf_changed":false,"footnotes":""},"acf":[],"yoast_head":"<!-- This site is optimized with the Yoast SEO plugin v22.6 - https:\/\/yoast.com\/wordpress\/plugins\/seo\/ -->\n<title>Record-Breaking Viewership for TG4 Player in February 2025 | Press Release | TG4<\/title>\n<meta name=\"description\" content=\"TG4 is celebrating its highest-ever recorded figures on the TG4 Player (TG4.ie), marking an exceptional month of viewership growth across live and on-demand streaming.\" \/>\n<meta name=\"robots\" content=\"index, follow, max-snippet:-1, max-image-preview:large, max-video-preview:-1\" \/>\n<meta property=\"og:locale\" content=\"en_US\" \/>\n<meta property=\"og:type\" content=\"article\" \/>\n<meta property=\"og:title\" content=\"Record-Breaking Viewership for TG4 Player in February 2025 | Press Release | TG4\" \/>\n<meta property=\"og:description\" content=\"TG4 is celebrating its highest-ever recorded figures on the TG4 Player (TG4.ie), marking an exceptional month of viewership growth across live and on-demand streaming.\" \/>\n<meta property=\"og:url\" content=\"https:\/\/dev.tg4.ie\/en\/information\/press\/press-releases\/2025-2\/record-breaking-viewership-for-tg4-player-in-february-2025\/\" \/>\n<meta property=\"og:site_name\" content=\"TG4\" \/>\n<meta property=\"article:publisher\" content=\"https:\/\/www.facebook.com\/TG4TV\" \/>\n<meta property=\"og:image\" content=\"https:\/\/tg4-docs.s3.amazonaws.com\/wp-content\/uploads\/2025\/03\/20173023\/Peil_na_mBan_Ladies_Football_2025_1-1920x1080-1-700x394.jpg\" \/>\n<meta name=\"twitter:card\" content=\"summary_large_image\" \/>\n<meta name=\"twitter:image\" content=\"https:\/\/tg4-docs.s3.amazonaws.com\/wp-content\/uploads\/2025\/03\/20173023\/Peil_na_mBan_Ladies_Football_2025_1-1920x1080-1-700x394.jpg\" \/>\n<meta name=\"twitter:site\" content=\"@TG4TV\" \/>\n<meta name=\"twitter:label1\" content=\"Est. reading time\" \/>\n\t<meta name=\"twitter:data1\" content=\"3 minutes\" \/>\n<script type=\"application\/ld+json\" class=\"yoast-schema-graph\">{\"@context\":\"https:\/\/schema.org\",\"@graph\":[{\"@type\":\"WebPage\",\"@id\":\"https:\/\/dev.tg4.ie\/en\/information\/press\/press-releases\/2025-2\/record-breaking-viewership-for-tg4-player-in-february-2025\/\",\"url\":\"https:\/\/dev.tg4.ie\/en\/information\/press\/press-releases\/2025-2\/record-breaking-viewership-for-tg4-player-in-february-2025\/\",\"name\":\"Record-Breaking Viewership for TG4 Player in February 2025 | Press Release | TG4\",\"isPartOf\":{\"@id\":\"https:\/\/dev.tg4.ie\/en\/#website\"},\"primaryImageOfPage\":{\"@id\":\"https:\/\/dev.tg4.ie\/en\/information\/press\/press-releases\/2025-2\/record-breaking-viewership-for-tg4-player-in-february-2025\/#primaryimage\"},\"image\":{\"@id\":\"https:\/\/dev.tg4.ie\/en\/information\/press\/press-releases\/2025-2\/record-breaking-viewership-for-tg4-player-in-february-2025\/#primaryimage\"},\"thumbnailUrl\":\"https:\/\/dev.tg4.ie\/wp-content\/uploads\/2025\/03\/Corn_Mhic_Giobuin_2025_1-1920x1080-1.jpg\",\"datePublished\":\"2025-03-20T17:41:55+00:00\",\"dateModified\":\"2025-03-20T17:41:55+00:00\",\"description\":\"TG4 is celebrating its highest-ever recorded figures on the TG4 Player (TG4.ie), marking an exceptional month of viewership growth across live and on-demand streaming.\",\"breadcrumb\":{\"@id\":\"https:\/\/dev.tg4.ie\/en\/information\/press\/press-releases\/2025-2\/record-breaking-viewership-for-tg4-player-in-february-2025\/#breadcrumb\"},\"inLanguage\":\"en-ie\",\"potentialAction\":[{\"@type\":\"ReadAction\",\"target\":[\"https:\/\/dev.tg4.ie\/en\/information\/press\/press-releases\/2025-2\/record-breaking-viewership-for-tg4-player-in-february-2025\/\"]}]},{\"@type\":\"ImageObject\",\"inLanguage\":\"en-ie\",\"@id\":\"https:\/\/dev.tg4.ie\/en\/information\/press\/press-releases\/2025-2\/record-breaking-viewership-for-tg4-player-in-february-2025\/#primaryimage\",\"url\":\"https:\/\/dev.tg4.ie\/wp-content\/uploads\/2025\/03\/Corn_Mhic_Giobuin_2025_1-1920x1080-1.jpg\",\"contentUrl\":\"https:\/\/dev.tg4.ie\/wp-content\/uploads\/2025\/03\/Corn_Mhic_Giobuin_2025_1-1920x1080-1.jpg\"},{\"@type\":\"BreadcrumbList\",\"@id\":\"https:\/\/dev.tg4.ie\/en\/information\/press\/press-releases\/2025-2\/record-breaking-viewership-for-tg4-player-in-february-2025\/#breadcrumb\",\"itemListElement\":[{\"@type\":\"ListItem\",\"position\":1,\"name\":\"Home\",\"item\":\"https:\/\/dev.tg4.ie\/en\/\"},{\"@type\":\"ListItem\",\"position\":2,\"name\":\"Information\",\"item\":\"https:\/\/dev.tg4.ie\/en\/information\/\"},{\"@type\":\"ListItem\",\"position\":3,\"name\":\"Press\",\"item\":\"https:\/\/dev.tg4.ie\/en\/information\/press\/\"},{\"@type\":\"ListItem\",\"position\":4,\"name\":\"Press Releases\",\"item\":\"https:\/\/dev.tg4.ie\/en\/information\/press\/press-releases\/\"},{\"@type\":\"ListItem\",\"position\":5,\"name\":\"2025\",\"item\":\"https:\/\/dev.tg4.ie\/en\/information\/press\/press-releases\/2025-2\/\"},{\"@type\":\"ListItem\",\"position\":6,\"name\":\"Record-Breaking Viewership for TG4 Player in February 2025\"}]},{\"@type\":\"WebSite\",\"@id\":\"https:\/\/dev.tg4.ie\/en\/#website\",\"url\":\"https:\/\/dev.tg4.ie\/en\/\",\"name\":\"TG4\",\"description\":\"S\u00fail Eile\",\"potentialAction\":[{\"@type\":\"SearchAction\",\"target\":{\"@type\":\"EntryPoint\",\"urlTemplate\":\"https:\/\/dev.tg4.ie\/en\/?s={search_term_string}\"},\"query-input\":\"required name=search_term_string\"}],\"inLanguage\":\"en-ie\"}]}<\/script>\n<!-- \/ Yoast SEO plugin. -->","yoast_head_json":{"title":"Record-Breaking Viewership for TG4 Player in February 2025 | Press Release | TG4","description":"TG4 is celebrating its highest-ever recorded figures on the TG4 Player (TG4.ie), marking an exceptional month of viewership growth across live and on-demand streaming.","robots":{"index":"index","follow":"follow","max-snippet":"max-snippet:-1","max-image-preview":"max-image-preview:large","max-video-preview":"max-video-preview:-1"},"og_locale":"en_US","og_type":"article","og_title":"Record-Breaking Viewership for TG4 Player in February 2025 | Press Release | TG4","og_description":"TG4 is celebrating its highest-ever recorded figures on the TG4 Player (TG4.ie), marking an exceptional month of viewership growth across live and on-demand streaming.","og_url":"https:\/\/dev.tg4.ie\/en\/information\/press\/press-releases\/2025-2\/record-breaking-viewership-for-tg4-player-in-february-2025\/","og_site_name":"TG4","article_publisher":"https:\/\/www.facebook.com\/TG4TV","og_image":[{"url":"https:\/\/tg4-docs.s3.amazonaws.com\/wp-content\/uploads\/2025\/03\/20173023\/Peil_na_mBan_Ladies_Football_2025_1-1920x1080-1-700x394.jpg"}],"twitter_card":"summary_large_image","twitter_image":"https:\/\/tg4-docs.s3.amazonaws.com\/wp-content\/uploads\/2025\/03\/20173023\/Peil_na_mBan_Ladies_Football_2025_1-1920x1080-1-700x394.jpg","twitter_site":"@TG4TV","twitter_misc":{"Est. reading time":"3 minutes"},"schema":{"@context":"https:\/\/schema.org","@graph":[{"@type":"WebPage","@id":"https:\/\/dev.tg4.ie\/en\/information\/press\/press-releases\/2025-2\/record-breaking-viewership-for-tg4-player-in-february-2025\/","url":"https:\/\/dev.tg4.ie\/en\/information\/press\/press-releases\/2025-2\/record-breaking-viewership-for-tg4-player-in-february-2025\/","name":"Record-Breaking Viewership for TG4 Player in February 2025 | Press Release | TG4","isPartOf":{"@id":"https:\/\/dev.tg4.ie\/en\/#website"},"primaryImageOfPage":{"@id":"https:\/\/dev.tg4.ie\/en\/information\/press\/press-releases\/2025-2\/record-breaking-viewership-for-tg4-player-in-february-2025\/#primaryimage"},"image":{"@id":"https:\/\/dev.tg4.ie\/en\/information\/press\/press-releases\/2025-2\/record-breaking-viewership-for-tg4-player-in-february-2025\/#primaryimage"},"thumbnailUrl":"https:\/\/dev.tg4.ie\/wp-content\/uploads\/2025\/03\/Corn_Mhic_Giobuin_2025_1-1920x1080-1.jpg","datePublished":"2025-03-20T17:41:55+00:00","dateModified":"2025-03-20T17:41:55+00:00","description":"TG4 is celebrating its highest-ever recorded figures on the TG4 Player (TG4.ie), marking an exceptional month of viewership growth across live and on-demand streaming.","breadcrumb":{"@id":"https:\/\/dev.tg4.ie\/en\/information\/press\/press-releases\/2025-2\/record-breaking-viewership-for-tg4-player-in-february-2025\/#breadcrumb"},"inLanguage":"en-ie","potentialAction":[{"@type":"ReadAction","target":["https:\/\/dev.tg4.ie\/en\/information\/press\/press-releases\/2025-2\/record-breaking-viewership-for-tg4-player-in-february-2025\/"]}]},{"@type":"ImageObject","inLanguage":"en-ie","@id":"https:\/\/dev.tg4.ie\/en\/information\/press\/press-releases\/2025-2\/record-breaking-viewership-for-tg4-player-in-february-2025\/#primaryimage","url":"https:\/\/dev.tg4.ie\/wp-content\/uploads\/2025\/03\/Corn_Mhic_Giobuin_2025_1-1920x1080-1.jpg","contentUrl":"https:\/\/dev.tg4.ie\/wp-content\/uploads\/2025\/03\/Corn_Mhic_Giobuin_2025_1-1920x1080-1.jpg"},{"@type":"BreadcrumbList","@id":"https:\/\/dev.tg4.ie\/en\/information\/press\/press-releases\/2025-2\/record-breaking-viewership-for-tg4-player-in-february-2025\/#breadcrumb","itemListElement":[{"@type":"ListItem","position":1,"name":"Home","item":"https:\/\/dev.tg4.ie\/en\/"},{"@type":"ListItem","position":2,"name":"Information","item":"https:\/\/dev.tg4.ie\/en\/information\/"},{"@type":"ListItem","position":3,"name":"Press","item":"https:\/\/dev.tg4.ie\/en\/information\/press\/"},{"@type":"ListItem","position":4,"name":"Press Releases","item":"https:\/\/dev.tg4.ie\/en\/information\/press\/press-releases\/"},{"@type":"ListItem","position":5,"name":"2025","item":"https:\/\/dev.tg4.ie\/en\/information\/press\/press-releases\/2025-2\/"},{"@type":"ListItem","position":6,"name":"Record-Breaking Viewership for TG4 Player in February 2025"}]},{"@type":"WebSite","@id":"https:\/\/dev.tg4.ie\/en\/#website","url":"https:\/\/dev.tg4.ie\/en\/","name":"TG4","description":"S\u00fail Eile","potentialAction":[{"@type":"SearchAction","target":{"@type":"EntryPoint","urlTemplate":"https:\/\/dev.tg4.ie\/en\/?s={search_term_string}"},"query-input":"required name=search_term_string"}],"inLanguage":"en-ie"}]}},"_links":{"self":[{"href":"https:\/\/dev.tg4.ie\/en\/wp-json\/wp\/v2\/pages\/242384"}],"collection":[{"href":"https:\/\/dev.tg4.ie\/en\/wp-json\/wp\/v2\/pages"}],"about":[{"href":"https:\/\/dev.tg4.ie\/en\/wp-json\/wp\/v2\/types\/page"}],"author":[{"embeddable":true,"href":"https:\/\/dev.tg4.ie\/en\/wp-json\/wp\/v2\/users\/876"}],"replies":[{"embeddable":true,"href":"https:\/\/dev.tg4.ie\/en\/wp-json\/wp\/v2\/comments?post=242384"}],"version-history":[{"count":0,"href":"https:\/\/dev.tg4.ie\/en\/wp-json\/wp\/v2\/pages\/242384\/revisions"}],"up":[{"embeddable":true,"href":"https:\/\/dev.tg4.ie\/en\/wp-json\/wp\/v2\/pages\/236809"}],"wp:attachment":[{"href":"https:\/\/dev.tg4.ie\/en\/wp-json\/wp\/v2\/media?parent=242384"}],"curies":[{"name":"wp","href":"https:\/\/api.w.org\/{rel}","templated":true}]}}