{"id":242863,"date":"2025-03-25T16:13:33","date_gmt":"2025-03-25T16:13:33","guid":{"rendered":"https:\/\/dev.tg4.ie\/?page_id=242863"},"modified":"2025-03-25T16:13:33","modified_gmt":"2025-03-25T16:13:33","slug":"spreag-funding-scheme-launched-to-develop-irish-language-animated-shorts","status":"publish","type":"page","link":"https:\/\/dev.tg4.ie\/en\/information\/press\/press-releases\/2025-2\/spreag-funding-scheme-launched-to-develop-irish-language-animated-shorts\/","title":{"rendered":"SPREAG &#8211; Funding Scheme Launched to develop Irish Language Animated Shorts"},"content":{"rendered":"<p><img loading=\"lazy\" decoding=\"async\" width=\"1920\" height=\"1080\" src=\"https:\/\/tg4-docs.s3.amazonaws.com\/wp-content\/uploads\/2025\/03\/19130239\/Spreag_1-1920x1080-1.jpg\" alt=\"\" class=\"aligncenter size-full wp-image-242308\" srcset=\"https:\/\/tg4-docs.s3.amazonaws.com\/wp-content\/uploads\/2025\/03\/19130239\/Spreag_1-1920x1080-1.jpg 1920w, https:\/\/tg4-docs.s3.amazonaws.com\/wp-content\/uploads\/2025\/03\/19130239\/Spreag_1-1920x1080-1-250x141.jpg 250w, https:\/\/tg4-docs.s3.amazonaws.com\/wp-content\/uploads\/2025\/03\/19130239\/Spreag_1-1920x1080-1-700x394.jpg 700w, https:\/\/tg4-docs.s3.amazonaws.com\/wp-content\/uploads\/2025\/03\/19130239\/Spreag_1-1920x1080-1-252x141.jpg 252w, https:\/\/tg4-docs.s3.amazonaws.com\/wp-content\/uploads\/2025\/03\/19130239\/Spreag_1-1920x1080-1-1536x864.jpg 1536w, https:\/\/tg4-docs.s3.amazonaws.com\/wp-content\/uploads\/2025\/03\/19130239\/Spreag_1-1920x1080-1-120x68.jpg 120w\" sizes=\"(max-width: 1920px) 100vw, 1920px\" \/><\/p>\n<table>\n<tbody>\n<tr>\n<td><img loading=\"lazy\" decoding=\"async\" width=\"1920\" height=\"1080\" src=\"https:\/\/tg4-docs.s3.amazonaws.com\/wp-content\/uploads\/2025\/03\/25160508\/Spreag25_Daingean_1-1920x1080-1.jpg\" alt=\"\" class=\"aligncenter size-full wp-image-242859\" srcset=\"https:\/\/tg4-docs.s3.amazonaws.com\/wp-content\/uploads\/2025\/03\/25160508\/Spreag25_Daingean_1-1920x1080-1.jpg 1920w, https:\/\/tg4-docs.s3.amazonaws.com\/wp-content\/uploads\/2025\/03\/25160508\/Spreag25_Daingean_1-1920x1080-1-250x141.jpg 250w, https:\/\/tg4-docs.s3.amazonaws.com\/wp-content\/uploads\/2025\/03\/25160508\/Spreag25_Daingean_1-1920x1080-1-700x394.jpg 700w, https:\/\/tg4-docs.s3.amazonaws.com\/wp-content\/uploads\/2025\/03\/25160508\/Spreag25_Daingean_1-1920x1080-1-252x141.jpg 252w, https:\/\/tg4-docs.s3.amazonaws.com\/wp-content\/uploads\/2025\/03\/25160508\/Spreag25_Daingean_1-1920x1080-1-1536x864.jpg 1536w, https:\/\/tg4-docs.s3.amazonaws.com\/wp-content\/uploads\/2025\/03\/25160508\/Spreag25_Daingean_1-1920x1080-1-120x68.jpg 120w\" sizes=\"(max-width: 1920px) 100vw, 1920px\" \/><\/td>\n<td><img loading=\"lazy\" decoding=\"async\" width=\"1920\" height=\"1080\" src=\"https:\/\/tg4-docs.s3.amazonaws.com\/wp-content\/uploads\/2025\/03\/25160505\/Spreag25_Daingean_2-1920x1080-1.jpg\" alt=\"\" class=\"aligncenter size-full wp-image-242858\" srcset=\"https:\/\/tg4-docs.s3.amazonaws.com\/wp-content\/uploads\/2025\/03\/25160505\/Spreag25_Daingean_2-1920x1080-1.jpg 1920w, https:\/\/tg4-docs.s3.amazonaws.com\/wp-content\/uploads\/2025\/03\/25160505\/Spreag25_Daingean_2-1920x1080-1-250x141.jpg 250w, https:\/\/tg4-docs.s3.amazonaws.com\/wp-content\/uploads\/2025\/03\/25160505\/Spreag25_Daingean_2-1920x1080-1-700x394.jpg 700w, https:\/\/tg4-docs.s3.amazonaws.com\/wp-content\/uploads\/2025\/03\/25160505\/Spreag25_Daingean_2-1920x1080-1-252x141.jpg 252w, https:\/\/tg4-docs.s3.amazonaws.com\/wp-content\/uploads\/2025\/03\/25160505\/Spreag25_Daingean_2-1920x1080-1-1536x864.jpg 1536w, https:\/\/tg4-docs.s3.amazonaws.com\/wp-content\/uploads\/2025\/03\/25160505\/Spreag25_Daingean_2-1920x1080-1-120x68.jpg 120w\" sizes=\"(max-width: 1920px) 100vw, 1920px\" \/><\/td>\n<td><img loading=\"lazy\" decoding=\"async\" width=\"1920\" height=\"1080\" src=\"https:\/\/tg4-docs.s3.amazonaws.com\/wp-content\/uploads\/2025\/03\/25160511\/Spreag25_Daingean_3-1920x1080-1.jpg\" alt=\"\" class=\"aligncenter size-full wp-image-242860\" srcset=\"https:\/\/tg4-docs.s3.amazonaws.com\/wp-content\/uploads\/2025\/03\/25160511\/Spreag25_Daingean_3-1920x1080-1.jpg 1920w, https:\/\/tg4-docs.s3.amazonaws.com\/wp-content\/uploads\/2025\/03\/25160511\/Spreag25_Daingean_3-1920x1080-1-250x141.jpg 250w, https:\/\/tg4-docs.s3.amazonaws.com\/wp-content\/uploads\/2025\/03\/25160511\/Spreag25_Daingean_3-1920x1080-1-700x394.jpg 700w, https:\/\/tg4-docs.s3.amazonaws.com\/wp-content\/uploads\/2025\/03\/25160511\/Spreag25_Daingean_3-1920x1080-1-252x141.jpg 252w, https:\/\/tg4-docs.s3.amazonaws.com\/wp-content\/uploads\/2025\/03\/25160511\/Spreag25_Daingean_3-1920x1080-1-1536x864.jpg 1536w, https:\/\/tg4-docs.s3.amazonaws.com\/wp-content\/uploads\/2025\/03\/25160511\/Spreag25_Daingean_3-1920x1080-1-120x68.jpg 120w\" sizes=\"(max-width: 1920px) 100vw, 1920px\" \/><\/td>\n<td><img loading=\"lazy\" decoding=\"async\" width=\"1920\" height=\"1080\" src=\"https:\/\/tg4-docs.s3.amazonaws.com\/wp-content\/uploads\/2025\/03\/25160503\/Spreag25_Daingean_4-1920x1080-1.jpg\" alt=\"\" class=\"aligncenter size-full wp-image-242857\" srcset=\"https:\/\/tg4-docs.s3.amazonaws.com\/wp-content\/uploads\/2025\/03\/25160503\/Spreag25_Daingean_4-1920x1080-1.jpg 1920w, https:\/\/tg4-docs.s3.amazonaws.com\/wp-content\/uploads\/2025\/03\/25160503\/Spreag25_Daingean_4-1920x1080-1-250x141.jpg 250w, https:\/\/tg4-docs.s3.amazonaws.com\/wp-content\/uploads\/2025\/03\/25160503\/Spreag25_Daingean_4-1920x1080-1-700x394.jpg 700w, https:\/\/tg4-docs.s3.amazonaws.com\/wp-content\/uploads\/2025\/03\/25160503\/Spreag25_Daingean_4-1920x1080-1-252x141.jpg 252w, https:\/\/tg4-docs.s3.amazonaws.com\/wp-content\/uploads\/2025\/03\/25160503\/Spreag25_Daingean_4-1920x1080-1-1536x864.jpg 1536w, https:\/\/tg4-docs.s3.amazonaws.com\/wp-content\/uploads\/2025\/03\/25160503\/Spreag25_Daingean_4-1920x1080-1-120x68.jpg 120w\" sizes=\"(max-width: 1920px) 100vw, 1920px\" \/><\/td>\n<\/tr>\n<\/tbody>\n<\/table>\n<p>&nbsp;<br \/>\n<center><strong>Animation Dingle<\/strong><\/center> <\/p>\n<p>A new funding scheme to support the development of short Irish language animated films was launched at Animation Dingle, offering a total fund of \u20ac240,000.  <\/p>\n<p>Paul Young of Cartoon Saloon launched the fund which is a joint initiative is a partnership between TG4, F\u00eds \u00c9ireann, Northern Ireland Screen\u2019s Irish Language Broadcast Fund, and the Animation Ireland Talent Academy.  <\/p>\n<p>The fund is open to Irish language writers and directors working in collaboration with experienced producers. It aims to encourage the development of high-quality Irish language animation projects. Projects can be developed aimed at children\u2019s audiences (C\u00fala4) or young adult audiences (BLOC).  <\/p>\n<p>We hope that this funding will encourage high quality Irish language animation projects that would be available for distribution at film festivals and for broadcast on TG4 or C\u00fala4. The scheme will provide an opportunity for new Irish language talent to develop in animation. <\/p>\n<p><strong>TG4 \/ C\u00fala4 Commissioning Editor Siobh\u00e1n N\u00ed Bhr\u00e1daigh<\/strong>, said: <em>&#8220;TG4 is delighted to partner with F\u00eds \u00c9ireann, Northern Ireland Screen, and the Animation Ireland Talent Academy on this new initiative which will support  Irish-language writers and directors.\u201d<\/em> <\/p>\n<p><strong>\u00c1ine Walsh, Head of the Irish Language Broadcast Fund at Northern Ireland Screen<\/strong>, added: &#8220;<em>We\u2019re pleased to launch this scheme as part of Animation Dingle \u2013 an international animation festival based in the heart of the Gaeltacht. We hope this initiative will develop world-class Irish language animation projects.&#8221;<\/em> <\/p>\n<p>From the <strong>Animation Ireland Talent Academy, Deirdre Barry<\/strong> said <em>&#8220;This fund will provide support and mentorship to develop Irish language writers and directors working in animation. We\u2019re excited to see the ideas and talent that will emerge through this opportunity.&#8221;<\/em> <\/p>\n<p><strong>Colman Farrell from F\u00eds \u00c9ireann<\/strong> commented <em>&#8220;At F\u00eds \u00c9ireann, we\u2019re passionate about Storymakers and supporting authentic Irish stories, and we have a special pride in stories as Gaeilge, so we\u2019re delighted to support this new fund which is being launched at Animation Dingle.&#8221;<\/em> <\/p>\n<p>An online information session will take place via Zoom on Thursday 3 April at 12:30 to provide further details about the scheme and answer any questions from prospective applicants.  <\/p>\n<p>More information and application details: <a href=\"https:\/\/dev.tg4.ie\/spreag\" rel=\"noopener\" target=\"_blank\">www.tg4.ie\/spreag<\/a><br \/>\n&nbsp;<br \/>\n&nbsp;<\/p>\n","protected":false},"excerpt":{"rendered":"<p>&nbsp; Animation Dingle A new funding scheme to support the development of short Irish language animated films was launched at Animation Dingle, offering a total fund of \u20ac240,000. Paul Young of Cartoon Saloon launched the fund which is a joint initiative is a partnership between TG4, F\u00eds \u00c9ireann, Northern Ireland Screen\u2019s Irish Language Broadcast Fund, [&hellip;]<\/p>\n","protected":false},"author":876,"featured_media":0,"parent":236809,"menu_order":12,"comment_status":"closed","ping_status":"closed","template":"page-templates\/template-pr.php","meta":{"_acf_changed":false,"footnotes":""},"acf":[],"yoast_head":"<!-- This site is optimized with the Yoast SEO plugin v22.6 - https:\/\/yoast.com\/wordpress\/plugins\/seo\/ -->\n<title>SPREAG - Funding Scheme Launched to develop Irish Language Animated Shorts | Press Release | TG4<\/title>\n<meta name=\"description\" content=\"A new funding scheme to support the development of short Irish language animated films was launched at Animation Dingle, offering a total fund of \u20ac240,000.\" \/>\n<meta name=\"robots\" content=\"index, follow, max-snippet:-1, max-image-preview:large, max-video-preview:-1\" \/>\n<meta property=\"og:locale\" content=\"en_US\" \/>\n<meta property=\"og:type\" content=\"article\" \/>\n<meta property=\"og:title\" content=\"SPREAG - Funding Scheme Launched to develop Irish Language Animated Shorts | Press Release | TG4\" \/>\n<meta property=\"og:description\" content=\"A new funding scheme to support the development of short Irish language animated films was launched at Animation Dingle, offering a total fund of \u20ac240,000.\" \/>\n<meta property=\"og:url\" content=\"https:\/\/dev.tg4.ie\/en\/information\/press\/press-releases\/2025-2\/spreag-funding-scheme-launched-to-develop-irish-language-animated-shorts\/\" \/>\n<meta property=\"og:site_name\" content=\"TG4\" \/>\n<meta property=\"article:publisher\" content=\"https:\/\/www.facebook.com\/TG4TV\" \/>\n<meta property=\"og:image\" content=\"https:\/\/tg4-docs.s3.amazonaws.com\/wp-content\/uploads\/2025\/03\/25160505\/Spreag25_Daingean_2-1920x1080-1-700x394.jpg\" \/>\n<meta name=\"twitter:card\" content=\"summary_large_image\" \/>\n<meta name=\"twitter:image\" content=\"https:\/\/tg4-docs.s3.amazonaws.com\/wp-content\/uploads\/2025\/03\/25160505\/Spreag25_Daingean_2-1920x1080-1-700x394.jpg\" \/>\n<meta name=\"twitter:site\" content=\"@TG4TV\" \/>\n<meta name=\"twitter:label1\" content=\"Est. reading time\" \/>\n\t<meta name=\"twitter:data1\" content=\"3 minutes\" \/>\n<script type=\"application\/ld+json\" class=\"yoast-schema-graph\">{\"@context\":\"https:\/\/schema.org\",\"@graph\":[{\"@type\":\"WebPage\",\"@id\":\"https:\/\/dev.tg4.ie\/en\/information\/press\/press-releases\/2025-2\/spreag-funding-scheme-launched-to-develop-irish-language-animated-shorts\/\",\"url\":\"https:\/\/dev.tg4.ie\/en\/information\/press\/press-releases\/2025-2\/spreag-funding-scheme-launched-to-develop-irish-language-animated-shorts\/\",\"name\":\"SPREAG - Funding Scheme Launched to develop Irish Language Animated Shorts | Press Release | TG4\",\"isPartOf\":{\"@id\":\"https:\/\/dev.tg4.ie\/en\/#website\"},\"primaryImageOfPage\":{\"@id\":\"https:\/\/dev.tg4.ie\/en\/information\/press\/press-releases\/2025-2\/spreag-funding-scheme-launched-to-develop-irish-language-animated-shorts\/#primaryimage\"},\"image\":{\"@id\":\"https:\/\/dev.tg4.ie\/en\/information\/press\/press-releases\/2025-2\/spreag-funding-scheme-launched-to-develop-irish-language-animated-shorts\/#primaryimage\"},\"thumbnailUrl\":\"https:\/\/dev.tg4.ie\/wp-content\/uploads\/2025\/03\/Spreag_1-1920x1080-1.jpg\",\"datePublished\":\"2025-03-25T16:13:33+00:00\",\"dateModified\":\"2025-03-25T16:13:33+00:00\",\"description\":\"A new funding scheme to support the development of short Irish language animated films was launched at Animation Dingle, offering a total fund of \u20ac240,000.\",\"breadcrumb\":{\"@id\":\"https:\/\/dev.tg4.ie\/en\/information\/press\/press-releases\/2025-2\/spreag-funding-scheme-launched-to-develop-irish-language-animated-shorts\/#breadcrumb\"},\"inLanguage\":\"en-ie\",\"potentialAction\":[{\"@type\":\"ReadAction\",\"target\":[\"https:\/\/dev.tg4.ie\/en\/information\/press\/press-releases\/2025-2\/spreag-funding-scheme-launched-to-develop-irish-language-animated-shorts\/\"]}]},{\"@type\":\"ImageObject\",\"inLanguage\":\"en-ie\",\"@id\":\"https:\/\/dev.tg4.ie\/en\/information\/press\/press-releases\/2025-2\/spreag-funding-scheme-launched-to-develop-irish-language-animated-shorts\/#primaryimage\",\"url\":\"https:\/\/dev.tg4.ie\/wp-content\/uploads\/2025\/03\/Spreag_1-1920x1080-1.jpg\",\"contentUrl\":\"https:\/\/dev.tg4.ie\/wp-content\/uploads\/2025\/03\/Spreag_1-1920x1080-1.jpg\"},{\"@type\":\"BreadcrumbList\",\"@id\":\"https:\/\/dev.tg4.ie\/en\/information\/press\/press-releases\/2025-2\/spreag-funding-scheme-launched-to-develop-irish-language-animated-shorts\/#breadcrumb\",\"itemListElement\":[{\"@type\":\"ListItem\",\"position\":1,\"name\":\"Home\",\"item\":\"https:\/\/dev.tg4.ie\/en\/\"},{\"@type\":\"ListItem\",\"position\":2,\"name\":\"Information\",\"item\":\"https:\/\/dev.tg4.ie\/en\/information\/\"},{\"@type\":\"ListItem\",\"position\":3,\"name\":\"Press\",\"item\":\"https:\/\/dev.tg4.ie\/en\/information\/press\/\"},{\"@type\":\"ListItem\",\"position\":4,\"name\":\"Press Releases\",\"item\":\"https:\/\/dev.tg4.ie\/en\/information\/press\/press-releases\/\"},{\"@type\":\"ListItem\",\"position\":5,\"name\":\"2025\",\"item\":\"https:\/\/dev.tg4.ie\/en\/information\/press\/press-releases\/2025-2\/\"},{\"@type\":\"ListItem\",\"position\":6,\"name\":\"SPREAG &#8211; Funding Scheme Launched to develop Irish Language Animated Shorts\"}]},{\"@type\":\"WebSite\",\"@id\":\"https:\/\/dev.tg4.ie\/en\/#website\",\"url\":\"https:\/\/dev.tg4.ie\/en\/\",\"name\":\"TG4\",\"description\":\"S\u00fail Eile\",\"potentialAction\":[{\"@type\":\"SearchAction\",\"target\":{\"@type\":\"EntryPoint\",\"urlTemplate\":\"https:\/\/dev.tg4.ie\/en\/?s={search_term_string}\"},\"query-input\":\"required name=search_term_string\"}],\"inLanguage\":\"en-ie\"}]}<\/script>\n<!-- \/ Yoast SEO plugin. -->","yoast_head_json":{"title":"SPREAG - Funding Scheme Launched to develop Irish Language Animated Shorts | Press Release | TG4","description":"A new funding scheme to support the development of short Irish language animated films was launched at Animation Dingle, offering a total fund of \u20ac240,000.","robots":{"index":"index","follow":"follow","max-snippet":"max-snippet:-1","max-image-preview":"max-image-preview:large","max-video-preview":"max-video-preview:-1"},"og_locale":"en_US","og_type":"article","og_title":"SPREAG - Funding Scheme Launched to develop Irish Language Animated Shorts | Press Release | TG4","og_description":"A new funding scheme to support the development of short Irish language animated films was launched at Animation Dingle, offering a total fund of \u20ac240,000.","og_url":"https:\/\/dev.tg4.ie\/en\/information\/press\/press-releases\/2025-2\/spreag-funding-scheme-launched-to-develop-irish-language-animated-shorts\/","og_site_name":"TG4","article_publisher":"https:\/\/www.facebook.com\/TG4TV","og_image":[{"url":"https:\/\/tg4-docs.s3.amazonaws.com\/wp-content\/uploads\/2025\/03\/25160505\/Spreag25_Daingean_2-1920x1080-1-700x394.jpg"}],"twitter_card":"summary_large_image","twitter_image":"https:\/\/tg4-docs.s3.amazonaws.com\/wp-content\/uploads\/2025\/03\/25160505\/Spreag25_Daingean_2-1920x1080-1-700x394.jpg","twitter_site":"@TG4TV","twitter_misc":{"Est. reading time":"3 minutes"},"schema":{"@context":"https:\/\/schema.org","@graph":[{"@type":"WebPage","@id":"https:\/\/dev.tg4.ie\/en\/information\/press\/press-releases\/2025-2\/spreag-funding-scheme-launched-to-develop-irish-language-animated-shorts\/","url":"https:\/\/dev.tg4.ie\/en\/information\/press\/press-releases\/2025-2\/spreag-funding-scheme-launched-to-develop-irish-language-animated-shorts\/","name":"SPREAG - Funding Scheme Launched to develop Irish Language Animated Shorts | Press Release | TG4","isPartOf":{"@id":"https:\/\/dev.tg4.ie\/en\/#website"},"primaryImageOfPage":{"@id":"https:\/\/dev.tg4.ie\/en\/information\/press\/press-releases\/2025-2\/spreag-funding-scheme-launched-to-develop-irish-language-animated-shorts\/#primaryimage"},"image":{"@id":"https:\/\/dev.tg4.ie\/en\/information\/press\/press-releases\/2025-2\/spreag-funding-scheme-launched-to-develop-irish-language-animated-shorts\/#primaryimage"},"thumbnailUrl":"https:\/\/dev.tg4.ie\/wp-content\/uploads\/2025\/03\/Spreag_1-1920x1080-1.jpg","datePublished":"2025-03-25T16:13:33+00:00","dateModified":"2025-03-25T16:13:33+00:00","description":"A new funding scheme to support the development of short Irish language animated films was launched at Animation Dingle, offering a total fund of \u20ac240,000.","breadcrumb":{"@id":"https:\/\/dev.tg4.ie\/en\/information\/press\/press-releases\/2025-2\/spreag-funding-scheme-launched-to-develop-irish-language-animated-shorts\/#breadcrumb"},"inLanguage":"en-ie","potentialAction":[{"@type":"ReadAction","target":["https:\/\/dev.tg4.ie\/en\/information\/press\/press-releases\/2025-2\/spreag-funding-scheme-launched-to-develop-irish-language-animated-shorts\/"]}]},{"@type":"ImageObject","inLanguage":"en-ie","@id":"https:\/\/dev.tg4.ie\/en\/information\/press\/press-releases\/2025-2\/spreag-funding-scheme-launched-to-develop-irish-language-animated-shorts\/#primaryimage","url":"https:\/\/dev.tg4.ie\/wp-content\/uploads\/2025\/03\/Spreag_1-1920x1080-1.jpg","contentUrl":"https:\/\/dev.tg4.ie\/wp-content\/uploads\/2025\/03\/Spreag_1-1920x1080-1.jpg"},{"@type":"BreadcrumbList","@id":"https:\/\/dev.tg4.ie\/en\/information\/press\/press-releases\/2025-2\/spreag-funding-scheme-launched-to-develop-irish-language-animated-shorts\/#breadcrumb","itemListElement":[{"@type":"ListItem","position":1,"name":"Home","item":"https:\/\/dev.tg4.ie\/en\/"},{"@type":"ListItem","position":2,"name":"Information","item":"https:\/\/dev.tg4.ie\/en\/information\/"},{"@type":"ListItem","position":3,"name":"Press","item":"https:\/\/dev.tg4.ie\/en\/information\/press\/"},{"@type":"ListItem","position":4,"name":"Press Releases","item":"https:\/\/dev.tg4.ie\/en\/information\/press\/press-releases\/"},{"@type":"ListItem","position":5,"name":"2025","item":"https:\/\/dev.tg4.ie\/en\/information\/press\/press-releases\/2025-2\/"},{"@type":"ListItem","position":6,"name":"SPREAG &#8211; Funding Scheme Launched to develop Irish Language Animated Shorts"}]},{"@type":"WebSite","@id":"https:\/\/dev.tg4.ie\/en\/#website","url":"https:\/\/dev.tg4.ie\/en\/","name":"TG4","description":"S\u00fail Eile","potentialAction":[{"@type":"SearchAction","target":{"@type":"EntryPoint","urlTemplate":"https:\/\/dev.tg4.ie\/en\/?s={search_term_string}"},"query-input":"required name=search_term_string"}],"inLanguage":"en-ie"}]}},"_links":{"self":[{"href":"https:\/\/dev.tg4.ie\/en\/wp-json\/wp\/v2\/pages\/242863"}],"collection":[{"href":"https:\/\/dev.tg4.ie\/en\/wp-json\/wp\/v2\/pages"}],"about":[{"href":"https:\/\/dev.tg4.ie\/en\/wp-json\/wp\/v2\/types\/page"}],"author":[{"embeddable":true,"href":"https:\/\/dev.tg4.ie\/en\/wp-json\/wp\/v2\/users\/876"}],"replies":[{"embeddable":true,"href":"https:\/\/dev.tg4.ie\/en\/wp-json\/wp\/v2\/comments?post=242863"}],"version-history":[{"count":0,"href":"https:\/\/dev.tg4.ie\/en\/wp-json\/wp\/v2\/pages\/242863\/revisions"}],"up":[{"embeddable":true,"href":"https:\/\/dev.tg4.ie\/en\/wp-json\/wp\/v2\/pages\/236809"}],"wp:attachment":[{"href":"https:\/\/dev.tg4.ie\/en\/wp-json\/wp\/v2\/media?parent=242863"}],"curies":[{"name":"wp","href":"https:\/\/api.w.org\/{rel}","templated":true}]}}