{"id":244211,"date":"2025-04-07T14:52:49","date_gmt":"2025-04-07T13:52:49","guid":{"rendered":"https:\/\/dev.tg4.ie\/?page_id=244211"},"modified":"2025-04-07T14:52:49","modified_gmt":"2025-04-07T13:52:49","slug":"cula4-launches-exciting-new-series-zon-62","status":"publish","type":"page","link":"https:\/\/dev.tg4.ie\/en\/information\/press\/press-releases\/2025-2\/cula4-launches-exciting-new-series-zon-62\/","title":{"rendered":"C\u00fala4 Launches Exciting New Series &#8216;Z\u00f3n 62&#8217;"},"content":{"rendered":"<p><img loading=\"lazy\" decoding=\"async\" width=\"1920\" height=\"1080\" src=\"https:\/\/tg4-docs.s3.amazonaws.com\/wp-content\/uploads\/2025\/03\/26122509\/Zon62_1-1920x1080-1.jpg\" alt=\"\" class=\"aligncenter size-full wp-image-242893\" srcset=\"https:\/\/tg4-docs.s3.amazonaws.com\/wp-content\/uploads\/2025\/03\/26122509\/Zon62_1-1920x1080-1.jpg 1920w, https:\/\/tg4-docs.s3.amazonaws.com\/wp-content\/uploads\/2025\/03\/26122509\/Zon62_1-1920x1080-1-250x141.jpg 250w, https:\/\/tg4-docs.s3.amazonaws.com\/wp-content\/uploads\/2025\/03\/26122509\/Zon62_1-1920x1080-1-700x394.jpg 700w, https:\/\/tg4-docs.s3.amazonaws.com\/wp-content\/uploads\/2025\/03\/26122509\/Zon62_1-1920x1080-1-252x141.jpg 252w, https:\/\/tg4-docs.s3.amazonaws.com\/wp-content\/uploads\/2025\/03\/26122509\/Zon62_1-1920x1080-1-1536x864.jpg 1536w, https:\/\/tg4-docs.s3.amazonaws.com\/wp-content\/uploads\/2025\/03\/26122509\/Zon62_1-1920x1080-1-120x68.jpg 120w\" sizes=\"(max-width: 1920px) 100vw, 1920px\" \/><br \/>\n&nbsp;<br \/>\n<iframe loading=\"lazy\" width=\"560\" height=\"315\" src=\"https:\/\/www.youtube.com\/embed\/0EKkxLWQziM\" title=\"YouTube video player\" frameborder=\"0\" allow=\"accelerometer; autoplay; clipboard-write; encrypted-media; gyroscope; picture-in-picture; web-share\" referrerpolicy=\"strict-origin-when-cross-origin\" allowfullscreen><\/iframe><br \/>\n&nbsp;<br \/>\nC\u00fala4 is thrilled to announce the launch of its brand new adventure series <strong>Z\u00f3n 62<\/strong>, taking place at <strong>Wildlands, Moycullen, Co. Galway on Tuesday, April 8th at 4pm<\/strong>.<br \/>\n&nbsp;<br \/>\nIn this escape room format a team of four friends step into <strong>Z\u00f3n 62<\/strong> for the challenge of a lifetime. To escape, they must solve tricky puzzles, crack secret codes, and gather six special cogs hidden throughout the zone.<br \/>\n&nbsp;<br \/>\nFull of intrigue, collaboration, and high-energy excitement, Z\u00f3n 62 captivates young audiences by combining thrilling adventures with clever problem-solving in a visually dynamic world. C\u00fala4 is also thrilled to announce that a second series is already in pre-production.<br \/>\n&nbsp;<br \/>\n<strong>Niamh N\u00ed Chr\u00f3in\u00edn, presenter of Z\u00f3n 62<\/strong>, said: <em>&#8220;This show is full of energy, surprises and brain-teasing fun \u2013 I loved every minute of filming it! I can\u2019t wait for everyone to step into the Zone and take on the challenge with us.&#8221;<\/em><br \/>\n&nbsp;<br \/>\n<strong>Siobh\u00e1n N\u00ed Bhr\u00e1daigh, Commissioning Editor and Acquisitions Executive<\/strong> for Children\u2019s Content at TG4 and C\u00fala4, commented: <em>&#8220;Z\u00f3n 62 is a dynamic and clever new series that taps into the creativity, curiosity and sense of adventure that lives in every child. It\u2019s fantastic to see Irish-language content presented in such a high-energy, visually exciting format \u2013 and we\u2019re especially proud to showcase it on C\u00fala4. This is a show that celebrates problem-solving, teamwork in a way that feels fresh, fun and truly engaging.&#8221;<\/em><br \/>\n&nbsp;<br \/>\nKey Details:<br \/>\nLaunch Event: Wildlands, Moycullen, Co. Galway.<br \/>\nDate: Tuesday, April 8th, 2025 at 4pm.<br \/>\n&nbsp;<br \/>\nMedia are invited to attend the launch to meet the production team, explore the world of Z\u00f3n 62, and enjoy an exclusive preview of this exciting new series.<br \/>\n&nbsp;<\/p>\n<p>First Episode Airs on C\u00fala4: Monday, April 21st at 5:00pm on C\u00fala4<br \/>\n&nbsp;<br \/>\n<center>Z\u00f3n 62<br \/>\nMonday, April 21st &#8211; 5:00pm<br \/>\nC\u00fala4 &#038; Cula4.ie<\/center><br \/>\n&nbsp;<\/p>\n","protected":false},"excerpt":{"rendered":"<p>&nbsp; &nbsp; C\u00fala4 is thrilled to announce the launch of its brand new adventure series Z\u00f3n 62, taking place at Wildlands, Moycullen, Co. Galway on Tuesday, April 8th at 4pm. &nbsp; In this escape room format a team of four friends step into Z\u00f3n 62 for the challenge of a lifetime. To escape, they must [&hellip;]<\/p>\n","protected":false},"author":876,"featured_media":0,"parent":236809,"menu_order":15,"comment_status":"closed","ping_status":"closed","template":"page-templates\/template-pr.php","meta":{"_acf_changed":false,"footnotes":""},"acf":[],"yoast_head":"<!-- This site is optimized with the Yoast SEO plugin v22.6 - https:\/\/yoast.com\/wordpress\/plugins\/seo\/ -->\n<title>C\u00fala4 Launches Exciting New Series &#039;Z\u00f3n 62&#039; | Press Release | TG4<\/title>\n<meta name=\"description\" content=\"C\u00fala4 is thrilled to announce the launch of its brand new adventure series Z\u00f3n 62, taking place at Wildlands, Moycullen, Co. Galway on Tuesday, April 8th at 4pm.\" \/>\n<meta name=\"robots\" content=\"index, follow, max-snippet:-1, max-image-preview:large, max-video-preview:-1\" \/>\n<meta property=\"og:locale\" content=\"en_US\" \/>\n<meta property=\"og:type\" content=\"article\" \/>\n<meta property=\"og:title\" content=\"C\u00fala4 Launches Exciting New Series &#039;Z\u00f3n 62&#039; | Press Release | TG4\" \/>\n<meta property=\"og:description\" content=\"C\u00fala4 is thrilled to announce the launch of its brand new adventure series Z\u00f3n 62, taking place at Wildlands, Moycullen, Co. Galway on Tuesday, April 8th at 4pm.\" \/>\n<meta property=\"og:url\" content=\"https:\/\/dev.tg4.ie\/en\/information\/press\/press-releases\/2025-2\/cula4-launches-exciting-new-series-zon-62\/\" \/>\n<meta property=\"og:site_name\" content=\"TG4\" \/>\n<meta property=\"article:publisher\" content=\"https:\/\/www.facebook.com\/TG4TV\" \/>\n<meta property=\"og:image\" content=\"https:\/\/tg4-docs.s3.amazonaws.com\/wp-content\/uploads\/2025\/03\/26122509\/Zon62_1-1920x1080-1-700x394.jpg\" \/>\n<meta name=\"twitter:card\" content=\"summary_large_image\" \/>\n<meta name=\"twitter:image\" content=\"https:\/\/tg4-docs.s3.amazonaws.com\/wp-content\/uploads\/2025\/03\/26122509\/Zon62_1-1920x1080-1-700x394.jpg\" \/>\n<meta name=\"twitter:site\" content=\"@TG4TV\" \/>\n<meta name=\"twitter:label1\" content=\"Est. reading time\" \/>\n\t<meta name=\"twitter:data1\" content=\"2 minutes\" \/>\n<script type=\"application\/ld+json\" class=\"yoast-schema-graph\">{\"@context\":\"https:\/\/schema.org\",\"@graph\":[{\"@type\":\"WebPage\",\"@id\":\"https:\/\/dev.tg4.ie\/en\/information\/press\/press-releases\/2025-2\/cula4-launches-exciting-new-series-zon-62\/\",\"url\":\"https:\/\/dev.tg4.ie\/en\/information\/press\/press-releases\/2025-2\/cula4-launches-exciting-new-series-zon-62\/\",\"name\":\"C\u00fala4 Launches Exciting New Series 'Z\u00f3n 62' | Press Release | TG4\",\"isPartOf\":{\"@id\":\"https:\/\/dev.tg4.ie\/en\/#website\"},\"primaryImageOfPage\":{\"@id\":\"https:\/\/dev.tg4.ie\/en\/information\/press\/press-releases\/2025-2\/cula4-launches-exciting-new-series-zon-62\/#primaryimage\"},\"image\":{\"@id\":\"https:\/\/dev.tg4.ie\/en\/information\/press\/press-releases\/2025-2\/cula4-launches-exciting-new-series-zon-62\/#primaryimage\"},\"thumbnailUrl\":\"https:\/\/dev.tg4.ie\/wp-content\/uploads\/2025\/03\/Zon62_1-1920x1080-1.jpg\",\"datePublished\":\"2025-04-07T13:52:49+00:00\",\"dateModified\":\"2025-04-07T13:52:49+00:00\",\"description\":\"C\u00fala4 is thrilled to announce the launch of its brand new adventure series Z\u00f3n 62, taking place at Wildlands, Moycullen, Co. Galway on Tuesday, April 8th at 4pm.\",\"breadcrumb\":{\"@id\":\"https:\/\/dev.tg4.ie\/en\/information\/press\/press-releases\/2025-2\/cula4-launches-exciting-new-series-zon-62\/#breadcrumb\"},\"inLanguage\":\"en-ie\",\"potentialAction\":[{\"@type\":\"ReadAction\",\"target\":[\"https:\/\/dev.tg4.ie\/en\/information\/press\/press-releases\/2025-2\/cula4-launches-exciting-new-series-zon-62\/\"]}]},{\"@type\":\"ImageObject\",\"inLanguage\":\"en-ie\",\"@id\":\"https:\/\/dev.tg4.ie\/en\/information\/press\/press-releases\/2025-2\/cula4-launches-exciting-new-series-zon-62\/#primaryimage\",\"url\":\"https:\/\/dev.tg4.ie\/wp-content\/uploads\/2025\/03\/Zon62_1-1920x1080-1.jpg\",\"contentUrl\":\"https:\/\/dev.tg4.ie\/wp-content\/uploads\/2025\/03\/Zon62_1-1920x1080-1.jpg\"},{\"@type\":\"BreadcrumbList\",\"@id\":\"https:\/\/dev.tg4.ie\/en\/information\/press\/press-releases\/2025-2\/cula4-launches-exciting-new-series-zon-62\/#breadcrumb\",\"itemListElement\":[{\"@type\":\"ListItem\",\"position\":1,\"name\":\"Home\",\"item\":\"https:\/\/dev.tg4.ie\/en\/\"},{\"@type\":\"ListItem\",\"position\":2,\"name\":\"Information\",\"item\":\"https:\/\/dev.tg4.ie\/en\/information\/\"},{\"@type\":\"ListItem\",\"position\":3,\"name\":\"Press\",\"item\":\"https:\/\/dev.tg4.ie\/en\/information\/press\/\"},{\"@type\":\"ListItem\",\"position\":4,\"name\":\"Press Releases\",\"item\":\"https:\/\/dev.tg4.ie\/en\/information\/press\/press-releases\/\"},{\"@type\":\"ListItem\",\"position\":5,\"name\":\"2025\",\"item\":\"https:\/\/dev.tg4.ie\/en\/information\/press\/press-releases\/2025-2\/\"},{\"@type\":\"ListItem\",\"position\":6,\"name\":\"C\u00fala4 Launches Exciting New Series &#8216;Z\u00f3n 62&#8217;\"}]},{\"@type\":\"WebSite\",\"@id\":\"https:\/\/dev.tg4.ie\/en\/#website\",\"url\":\"https:\/\/dev.tg4.ie\/en\/\",\"name\":\"TG4\",\"description\":\"S\u00fail Eile\",\"potentialAction\":[{\"@type\":\"SearchAction\",\"target\":{\"@type\":\"EntryPoint\",\"urlTemplate\":\"https:\/\/dev.tg4.ie\/en\/?s={search_term_string}\"},\"query-input\":\"required name=search_term_string\"}],\"inLanguage\":\"en-ie\"}]}<\/script>\n<!-- \/ Yoast SEO plugin. -->","yoast_head_json":{"title":"C\u00fala4 Launches Exciting New Series 'Z\u00f3n 62' | Press Release | TG4","description":"C\u00fala4 is thrilled to announce the launch of its brand new adventure series Z\u00f3n 62, taking place at Wildlands, Moycullen, Co. Galway on Tuesday, April 8th at 4pm.","robots":{"index":"index","follow":"follow","max-snippet":"max-snippet:-1","max-image-preview":"max-image-preview:large","max-video-preview":"max-video-preview:-1"},"og_locale":"en_US","og_type":"article","og_title":"C\u00fala4 Launches Exciting New Series 'Z\u00f3n 62' | Press Release | TG4","og_description":"C\u00fala4 is thrilled to announce the launch of its brand new adventure series Z\u00f3n 62, taking place at Wildlands, Moycullen, Co. Galway on Tuesday, April 8th at 4pm.","og_url":"https:\/\/dev.tg4.ie\/en\/information\/press\/press-releases\/2025-2\/cula4-launches-exciting-new-series-zon-62\/","og_site_name":"TG4","article_publisher":"https:\/\/www.facebook.com\/TG4TV","og_image":[{"url":"https:\/\/tg4-docs.s3.amazonaws.com\/wp-content\/uploads\/2025\/03\/26122509\/Zon62_1-1920x1080-1-700x394.jpg"}],"twitter_card":"summary_large_image","twitter_image":"https:\/\/tg4-docs.s3.amazonaws.com\/wp-content\/uploads\/2025\/03\/26122509\/Zon62_1-1920x1080-1-700x394.jpg","twitter_site":"@TG4TV","twitter_misc":{"Est. reading time":"2 minutes"},"schema":{"@context":"https:\/\/schema.org","@graph":[{"@type":"WebPage","@id":"https:\/\/dev.tg4.ie\/en\/information\/press\/press-releases\/2025-2\/cula4-launches-exciting-new-series-zon-62\/","url":"https:\/\/dev.tg4.ie\/en\/information\/press\/press-releases\/2025-2\/cula4-launches-exciting-new-series-zon-62\/","name":"C\u00fala4 Launches Exciting New Series 'Z\u00f3n 62' | Press Release | TG4","isPartOf":{"@id":"https:\/\/dev.tg4.ie\/en\/#website"},"primaryImageOfPage":{"@id":"https:\/\/dev.tg4.ie\/en\/information\/press\/press-releases\/2025-2\/cula4-launches-exciting-new-series-zon-62\/#primaryimage"},"image":{"@id":"https:\/\/dev.tg4.ie\/en\/information\/press\/press-releases\/2025-2\/cula4-launches-exciting-new-series-zon-62\/#primaryimage"},"thumbnailUrl":"https:\/\/dev.tg4.ie\/wp-content\/uploads\/2025\/03\/Zon62_1-1920x1080-1.jpg","datePublished":"2025-04-07T13:52:49+00:00","dateModified":"2025-04-07T13:52:49+00:00","description":"C\u00fala4 is thrilled to announce the launch of its brand new adventure series Z\u00f3n 62, taking place at Wildlands, Moycullen, Co. Galway on Tuesday, April 8th at 4pm.","breadcrumb":{"@id":"https:\/\/dev.tg4.ie\/en\/information\/press\/press-releases\/2025-2\/cula4-launches-exciting-new-series-zon-62\/#breadcrumb"},"inLanguage":"en-ie","potentialAction":[{"@type":"ReadAction","target":["https:\/\/dev.tg4.ie\/en\/information\/press\/press-releases\/2025-2\/cula4-launches-exciting-new-series-zon-62\/"]}]},{"@type":"ImageObject","inLanguage":"en-ie","@id":"https:\/\/dev.tg4.ie\/en\/information\/press\/press-releases\/2025-2\/cula4-launches-exciting-new-series-zon-62\/#primaryimage","url":"https:\/\/dev.tg4.ie\/wp-content\/uploads\/2025\/03\/Zon62_1-1920x1080-1.jpg","contentUrl":"https:\/\/dev.tg4.ie\/wp-content\/uploads\/2025\/03\/Zon62_1-1920x1080-1.jpg"},{"@type":"BreadcrumbList","@id":"https:\/\/dev.tg4.ie\/en\/information\/press\/press-releases\/2025-2\/cula4-launches-exciting-new-series-zon-62\/#breadcrumb","itemListElement":[{"@type":"ListItem","position":1,"name":"Home","item":"https:\/\/dev.tg4.ie\/en\/"},{"@type":"ListItem","position":2,"name":"Information","item":"https:\/\/dev.tg4.ie\/en\/information\/"},{"@type":"ListItem","position":3,"name":"Press","item":"https:\/\/dev.tg4.ie\/en\/information\/press\/"},{"@type":"ListItem","position":4,"name":"Press Releases","item":"https:\/\/dev.tg4.ie\/en\/information\/press\/press-releases\/"},{"@type":"ListItem","position":5,"name":"2025","item":"https:\/\/dev.tg4.ie\/en\/information\/press\/press-releases\/2025-2\/"},{"@type":"ListItem","position":6,"name":"C\u00fala4 Launches Exciting New Series &#8216;Z\u00f3n 62&#8217;"}]},{"@type":"WebSite","@id":"https:\/\/dev.tg4.ie\/en\/#website","url":"https:\/\/dev.tg4.ie\/en\/","name":"TG4","description":"S\u00fail Eile","potentialAction":[{"@type":"SearchAction","target":{"@type":"EntryPoint","urlTemplate":"https:\/\/dev.tg4.ie\/en\/?s={search_term_string}"},"query-input":"required name=search_term_string"}],"inLanguage":"en-ie"}]}},"_links":{"self":[{"href":"https:\/\/dev.tg4.ie\/en\/wp-json\/wp\/v2\/pages\/244211"}],"collection":[{"href":"https:\/\/dev.tg4.ie\/en\/wp-json\/wp\/v2\/pages"}],"about":[{"href":"https:\/\/dev.tg4.ie\/en\/wp-json\/wp\/v2\/types\/page"}],"author":[{"embeddable":true,"href":"https:\/\/dev.tg4.ie\/en\/wp-json\/wp\/v2\/users\/876"}],"replies":[{"embeddable":true,"href":"https:\/\/dev.tg4.ie\/en\/wp-json\/wp\/v2\/comments?post=244211"}],"version-history":[{"count":0,"href":"https:\/\/dev.tg4.ie\/en\/wp-json\/wp\/v2\/pages\/244211\/revisions"}],"up":[{"embeddable":true,"href":"https:\/\/dev.tg4.ie\/en\/wp-json\/wp\/v2\/pages\/236809"}],"wp:attachment":[{"href":"https:\/\/dev.tg4.ie\/en\/wp-json\/wp\/v2\/media?parent=244211"}],"curies":[{"name":"wp","href":"https:\/\/api.w.org\/{rel}","templated":true}]}}