{"id":246076,"date":"2025-06-06T14:13:22","date_gmt":"2025-06-06T13:13:22","guid":{"rendered":"https:\/\/dev.tg4.ie\/?page_id=246076"},"modified":"2025-06-06T14:16:15","modified_gmt":"2025-06-06T13:16:15","slug":"spiorad-na-feile-buaite-ag-kneecap-ag-feile-na-mean-ceilteach-2025","status":"publish","type":"page","link":"https:\/\/dev.tg4.ie\/en\/information\/press\/press-releases\/2025-2\/spiorad-na-feile-buaite-ag-kneecap-ag-feile-na-mean-ceilteach-2025\/","title":{"rendered":"Spiorad na F\u00e9ile buaite ag Kneecap ag F\u00e9ile na Me\u00e1n Ceilteach 2025"},"content":{"rendered":"<p><img loading=\"lazy\" decoding=\"async\" width=\"1920\" height=\"1080\" src=\"https:\/\/tg4-docs.s3.amazonaws.com\/wp-content\/uploads\/2024\/06\/26095055\/KNEECAP_1-1920x1080-1.jpg\" alt=\"\" class=\"alignright size-full wp-image-217756\" srcset=\"https:\/\/tg4-docs.s3.amazonaws.com\/wp-content\/uploads\/2024\/06\/26095055\/KNEECAP_1-1920x1080-1.jpg 1920w, https:\/\/tg4-docs.s3.amazonaws.com\/wp-content\/uploads\/2024\/06\/26095055\/KNEECAP_1-1920x1080-1-250x141.jpg 250w, https:\/\/tg4-docs.s3.amazonaws.com\/wp-content\/uploads\/2024\/06\/26095055\/KNEECAP_1-1920x1080-1-700x394.jpg 700w, https:\/\/tg4-docs.s3.amazonaws.com\/wp-content\/uploads\/2024\/06\/26095055\/KNEECAP_1-1920x1080-1-252x141.jpg 252w, https:\/\/tg4-docs.s3.amazonaws.com\/wp-content\/uploads\/2024\/06\/26095055\/KNEECAP_1-1920x1080-1-1536x864.jpg 1536w, https:\/\/tg4-docs.s3.amazonaws.com\/wp-content\/uploads\/2024\/06\/26095055\/KNEECAP_1-1920x1080-1-120x68.jpg 120w\" sizes=\"(max-width: 1920px) 100vw, 1920px\" \/><br \/>\n&nbsp;<br \/>\nKneecap, an tr\u00edr\u00e9ad rapcheoil spleodrach ceannr\u00f3da\u00edoch Gaeilge, agus an bealach ar th\u00e1inig siad i gceann a ch\u00e9ile an ch\u00e9ad l\u00e1 riamh, sin sc\u00e9al an scann\u00e1in. T\u00e1 pr\u00edomhph\u00e1irt ag baill an ghr\u00fapa f\u00e9in sa scann\u00e1n: Mo Chara, M\u00f3gla\u00ed Bap agus DJ Pr\u00f3va\u00ed. In iarthar Bh\u00e9al Feirste, 2019, at\u00e1 an scann\u00e1n suite agus tugtar cuntas ar an gcinni\u00faint a thug an tri\u00far le ch\u00e9ile agus ar an mbealach \u2018ar athraigh siad an ceol Gaelach go deo na ndeor\u2019 ina dhiaidh sin. L\u00e9iri\u00fa le Fine Point Films LTD.<br \/>\n&nbsp;<br \/>\nIs \u00e9ard a d\u00fairt <strong>Proinsias N\u00ed Ghr\u00e1inne, Eagarth\u00f3ir Coimisi\u00fanaithe, TG4<\/strong>: <em>\u201cT\u00e1 n\u00edos m\u00f3 i gceist le KNEECAP n\u00e1 scann\u00e1n amh\u00e1in; is gluaiseacht \u00e9 a bhfuil sp\u00e1s ar leith bainte amach aige i gcult\u00far na n-\u00f3g in \u00c9irinn agus anois i scann\u00e1na\u00edocht an domhain. T\u00e1 an Ghaeilge curtha ar na hard\u00e1in is t\u00e1bhachta\u00ed ar domhan ag Kneecap, \u00ed mar mhodh cruthaitheach cumhachtach acu chun dul i gcion ar chult\u00fair dh\u00fachasacha, ar dhaoine a bhfuil d\u00fail acu sa cheol agus ar dhuine ar bith a bhfuil meas acu ar sh\u00e1rsc\u00e9ala\u00edocht. T\u00e1 tiomantas TG4 tac\u00fa leis an rabharta feabhais seo i se\u00e1nra\u00ed cl\u00e1ir a bhfuil script agus nach bhfuil script leo seasmhach. Comhghairdeas Kneecap.\u201d<\/em><br \/>\n&nbsp;<br \/>\nTrevor Birney agus Jack Tarling a l\u00e9irigh an scann\u00e1n do Fine Point Films, Wildcard agus Mother Tongues Films, agus bh\u00ed Patrick O\u2019Neill \u00f3 Wildcard ina Chomh-L\u00e9iritheoir. TG4, Sc\u00e1ile\u00e1n Thuaisceart \u00c9ireann, an Ciste Craolt\u00f3ireachta Gaeilge, F\u00eds \u00c9ireann, BFI (a bhronn maoini\u00fa \u00f3n gCrannchur N\u00e1isi\u00fanta), Coimisi\u00fan na Me\u00e1n, Dias Feld agus Kamila Serkebaeva, a chur maoini\u00fa ar f\u00e1il don scann\u00e1n agus fuair s\u00e9 taca\u00edocht \u00f3 Great Point Media.<br \/>\n&nbsp;<br \/>\nIs \u00ed F\u00e9ile na Me\u00e1n Ceilteach ceann de na f\u00e9ilte is m\u00f3 le r\u00e1 agus is fadbhunaithe ar na hoile\u00e1in seo agus re\u00e1cht\u00e1iltear gach bliain \u00ed, \u00e1 roinnt ar na hionaid sna n\u00e1isi\u00fain agus r\u00e9igi\u00fain \u00e9ags\u00fala Cheilteacha.  C\u00f3nascann s\u00ed comhdh\u00e1il tr\u00ed l\u00e1 do na me\u00e1in, a mheallann craolt\u00f3ir\u00ed, l\u00e9iritheoir\u00ed, na me\u00e1in chumars\u00e1ide agus mic l\u00e9inn, le com\u00f3rtas ar fud r\u00e9imse ioml\u00e1n de she\u00e1nra\u00ed \u00e1bhair Scann\u00e1n, Teilif\u00edse, Raidi\u00f3 agus na Me\u00e1n nua.  B\u00edonn an-t\u00f3ir go deo ar ghradaim Fh\u00e9ile na Me\u00e1n Ceilteach. Is i gCorn na Breataine at\u00e1 F\u00e9ile na bliana seo ar si\u00fal. Is f\u00e9idir tuilleadh eolais a fh\u00e1il anseo <a href=\"https:\/\/www.celticmediafestival.co.uk\/the-programme\" rel=\"noopener\" target=\"_blank\">Newquay 2025<\/a><\/p>\n<p>&nbsp;<br \/>\n&nbsp;<\/p>\n","protected":false},"excerpt":{"rendered":"<p>&nbsp; Kneecap, an tr\u00edr\u00e9ad rapcheoil spleodrach ceannr\u00f3da\u00edoch Gaeilge, agus an bealach ar th\u00e1inig siad i gceann a ch\u00e9ile an ch\u00e9ad l\u00e1 riamh, sin sc\u00e9al an scann\u00e1in. T\u00e1 pr\u00edomhph\u00e1irt ag baill an ghr\u00fapa f\u00e9in sa scann\u00e1n: Mo Chara, M\u00f3gla\u00ed Bap agus DJ Pr\u00f3va\u00ed. In iarthar Bh\u00e9al Feirste, 2019, at\u00e1 an scann\u00e1n suite agus tugtar cuntas ar [&hellip;]<\/p>\n","protected":false},"author":876,"featured_media":0,"parent":236809,"menu_order":24,"comment_status":"closed","ping_status":"closed","template":"page-templates\/template-pr.php","meta":{"_acf_changed":false,"footnotes":""},"acf":[],"yoast_head":"<!-- This site is optimized with the Yoast SEO plugin v22.6 - https:\/\/yoast.com\/wordpress\/plugins\/seo\/ -->\n<title>Spiorad na F\u00e9ile buaite ag Kneecap ag F\u00e9ile na Me\u00e1n Ceilteach 2025 | Preasr\u00e1iteas | TG4<\/title>\n<meta name=\"robots\" content=\"index, follow, max-snippet:-1, max-image-preview:large, max-video-preview:-1\" \/>\n<meta property=\"og:locale\" content=\"en_US\" \/>\n<meta property=\"og:type\" content=\"article\" \/>\n<meta property=\"og:title\" content=\"Spiorad na F\u00e9ile buaite ag Kneecap ag F\u00e9ile na Me\u00e1n Ceilteach 2025 | Preasr\u00e1iteas | TG4\" \/>\n<meta property=\"og:description\" content=\"&nbsp; Kneecap, an tr\u00edr\u00e9ad rapcheoil spleodrach ceannr\u00f3da\u00edoch Gaeilge, agus an bealach ar th\u00e1inig siad i gceann a ch\u00e9ile an ch\u00e9ad l\u00e1 riamh, sin sc\u00e9al an scann\u00e1in. T\u00e1 pr\u00edomhph\u00e1irt ag baill an ghr\u00fapa f\u00e9in sa scann\u00e1n: Mo Chara, M\u00f3gla\u00ed Bap agus DJ Pr\u00f3va\u00ed. In iarthar Bh\u00e9al Feirste, 2019, at\u00e1 an scann\u00e1n suite agus tugtar cuntas ar [&hellip;]\" \/>\n<meta property=\"og:url\" content=\"https:\/\/dev.tg4.ie\/en\/information\/press\/press-releases\/2025-2\/spiorad-na-feile-buaite-ag-kneecap-ag-feile-na-mean-ceilteach-2025\/\" \/>\n<meta property=\"og:site_name\" content=\"TG4\" \/>\n<meta property=\"article:publisher\" content=\"https:\/\/www.facebook.com\/TG4TV\" \/>\n<meta property=\"article:modified_time\" content=\"2025-06-06T13:16:15+00:00\" \/>\n<meta property=\"og:image\" content=\"https:\/\/tg4-docs.s3.amazonaws.com\/wp-content\/uploads\/2024\/06\/26095055\/KNEECAP_1-1920x1080-1-700x394.jpg\" \/>\n<meta name=\"twitter:card\" content=\"summary_large_image\" \/>\n<meta name=\"twitter:image\" content=\"https:\/\/tg4-docs.s3.amazonaws.com\/wp-content\/uploads\/2024\/06\/26095055\/KNEECAP_1-1920x1080-1-700x394.jpg\" \/>\n<meta name=\"twitter:site\" content=\"@TG4TV\" \/>\n<meta name=\"twitter:label1\" content=\"Est. reading time\" \/>\n\t<meta name=\"twitter:data1\" content=\"2 minutes\" \/>\n<script type=\"application\/ld+json\" class=\"yoast-schema-graph\">{\"@context\":\"https:\/\/schema.org\",\"@graph\":[{\"@type\":\"WebPage\",\"@id\":\"https:\/\/dev.tg4.ie\/en\/information\/press\/press-releases\/2025-2\/spiorad-na-feile-buaite-ag-kneecap-ag-feile-na-mean-ceilteach-2025\/\",\"url\":\"https:\/\/dev.tg4.ie\/en\/information\/press\/press-releases\/2025-2\/spiorad-na-feile-buaite-ag-kneecap-ag-feile-na-mean-ceilteach-2025\/\",\"name\":\"Spiorad na F\u00e9ile buaite ag Kneecap ag F\u00e9ile na Me\u00e1n Ceilteach 2025 | Preasr\u00e1iteas | TG4\",\"isPartOf\":{\"@id\":\"https:\/\/dev.tg4.ie\/en\/#website\"},\"primaryImageOfPage\":{\"@id\":\"https:\/\/dev.tg4.ie\/en\/information\/press\/press-releases\/2025-2\/spiorad-na-feile-buaite-ag-kneecap-ag-feile-na-mean-ceilteach-2025\/#primaryimage\"},\"image\":{\"@id\":\"https:\/\/dev.tg4.ie\/en\/information\/press\/press-releases\/2025-2\/spiorad-na-feile-buaite-ag-kneecap-ag-feile-na-mean-ceilteach-2025\/#primaryimage\"},\"thumbnailUrl\":\"https:\/\/dev.tg4.ie\/wp-content\/uploads\/2024\/06\/KNEECAP_1-1920x1080-1.jpg\",\"datePublished\":\"2025-06-06T13:13:22+00:00\",\"dateModified\":\"2025-06-06T13:16:15+00:00\",\"breadcrumb\":{\"@id\":\"https:\/\/dev.tg4.ie\/en\/information\/press\/press-releases\/2025-2\/spiorad-na-feile-buaite-ag-kneecap-ag-feile-na-mean-ceilteach-2025\/#breadcrumb\"},\"inLanguage\":\"en-ie\",\"potentialAction\":[{\"@type\":\"ReadAction\",\"target\":[\"https:\/\/dev.tg4.ie\/en\/information\/press\/press-releases\/2025-2\/spiorad-na-feile-buaite-ag-kneecap-ag-feile-na-mean-ceilteach-2025\/\"]}]},{\"@type\":\"ImageObject\",\"inLanguage\":\"en-ie\",\"@id\":\"https:\/\/dev.tg4.ie\/en\/information\/press\/press-releases\/2025-2\/spiorad-na-feile-buaite-ag-kneecap-ag-feile-na-mean-ceilteach-2025\/#primaryimage\",\"url\":\"https:\/\/dev.tg4.ie\/wp-content\/uploads\/2024\/06\/KNEECAP_1-1920x1080-1.jpg\",\"contentUrl\":\"https:\/\/dev.tg4.ie\/wp-content\/uploads\/2024\/06\/KNEECAP_1-1920x1080-1.jpg\"},{\"@type\":\"BreadcrumbList\",\"@id\":\"https:\/\/dev.tg4.ie\/en\/information\/press\/press-releases\/2025-2\/spiorad-na-feile-buaite-ag-kneecap-ag-feile-na-mean-ceilteach-2025\/#breadcrumb\",\"itemListElement\":[{\"@type\":\"ListItem\",\"position\":1,\"name\":\"Home\",\"item\":\"https:\/\/dev.tg4.ie\/en\/\"},{\"@type\":\"ListItem\",\"position\":2,\"name\":\"Information\",\"item\":\"https:\/\/dev.tg4.ie\/en\/information\/\"},{\"@type\":\"ListItem\",\"position\":3,\"name\":\"Press\",\"item\":\"https:\/\/dev.tg4.ie\/en\/information\/press\/\"},{\"@type\":\"ListItem\",\"position\":4,\"name\":\"Press Releases\",\"item\":\"https:\/\/dev.tg4.ie\/en\/information\/press\/press-releases\/\"},{\"@type\":\"ListItem\",\"position\":5,\"name\":\"2025\",\"item\":\"https:\/\/dev.tg4.ie\/en\/information\/press\/press-releases\/2025-2\/\"},{\"@type\":\"ListItem\",\"position\":6,\"name\":\"Spiorad na F\u00e9ile buaite ag Kneecap ag F\u00e9ile na Me\u00e1n Ceilteach 2025\"}]},{\"@type\":\"WebSite\",\"@id\":\"https:\/\/dev.tg4.ie\/en\/#website\",\"url\":\"https:\/\/dev.tg4.ie\/en\/\",\"name\":\"TG4\",\"description\":\"S\u00fail Eile\",\"potentialAction\":[{\"@type\":\"SearchAction\",\"target\":{\"@type\":\"EntryPoint\",\"urlTemplate\":\"https:\/\/dev.tg4.ie\/en\/?s={search_term_string}\"},\"query-input\":\"required name=search_term_string\"}],\"inLanguage\":\"en-ie\"}]}<\/script>\n<!-- \/ Yoast SEO plugin. -->","yoast_head_json":{"title":"Spiorad na F\u00e9ile buaite ag Kneecap ag F\u00e9ile na Me\u00e1n Ceilteach 2025 | Preasr\u00e1iteas | TG4","robots":{"index":"index","follow":"follow","max-snippet":"max-snippet:-1","max-image-preview":"max-image-preview:large","max-video-preview":"max-video-preview:-1"},"og_locale":"en_US","og_type":"article","og_title":"Spiorad na F\u00e9ile buaite ag Kneecap ag F\u00e9ile na Me\u00e1n Ceilteach 2025 | Preasr\u00e1iteas | TG4","og_description":"&nbsp; Kneecap, an tr\u00edr\u00e9ad rapcheoil spleodrach ceannr\u00f3da\u00edoch Gaeilge, agus an bealach ar th\u00e1inig siad i gceann a ch\u00e9ile an ch\u00e9ad l\u00e1 riamh, sin sc\u00e9al an scann\u00e1in. T\u00e1 pr\u00edomhph\u00e1irt ag baill an ghr\u00fapa f\u00e9in sa scann\u00e1n: Mo Chara, M\u00f3gla\u00ed Bap agus DJ Pr\u00f3va\u00ed. In iarthar Bh\u00e9al Feirste, 2019, at\u00e1 an scann\u00e1n suite agus tugtar cuntas ar [&hellip;]","og_url":"https:\/\/dev.tg4.ie\/en\/information\/press\/press-releases\/2025-2\/spiorad-na-feile-buaite-ag-kneecap-ag-feile-na-mean-ceilteach-2025\/","og_site_name":"TG4","article_publisher":"https:\/\/www.facebook.com\/TG4TV","article_modified_time":"2025-06-06T13:16:15+00:00","og_image":[{"url":"https:\/\/tg4-docs.s3.amazonaws.com\/wp-content\/uploads\/2024\/06\/26095055\/KNEECAP_1-1920x1080-1-700x394.jpg"}],"twitter_card":"summary_large_image","twitter_image":"https:\/\/tg4-docs.s3.amazonaws.com\/wp-content\/uploads\/2024\/06\/26095055\/KNEECAP_1-1920x1080-1-700x394.jpg","twitter_site":"@TG4TV","twitter_misc":{"Est. reading time":"2 minutes"},"schema":{"@context":"https:\/\/schema.org","@graph":[{"@type":"WebPage","@id":"https:\/\/dev.tg4.ie\/en\/information\/press\/press-releases\/2025-2\/spiorad-na-feile-buaite-ag-kneecap-ag-feile-na-mean-ceilteach-2025\/","url":"https:\/\/dev.tg4.ie\/en\/information\/press\/press-releases\/2025-2\/spiorad-na-feile-buaite-ag-kneecap-ag-feile-na-mean-ceilteach-2025\/","name":"Spiorad na F\u00e9ile buaite ag Kneecap ag F\u00e9ile na Me\u00e1n Ceilteach 2025 | Preasr\u00e1iteas | TG4","isPartOf":{"@id":"https:\/\/dev.tg4.ie\/en\/#website"},"primaryImageOfPage":{"@id":"https:\/\/dev.tg4.ie\/en\/information\/press\/press-releases\/2025-2\/spiorad-na-feile-buaite-ag-kneecap-ag-feile-na-mean-ceilteach-2025\/#primaryimage"},"image":{"@id":"https:\/\/dev.tg4.ie\/en\/information\/press\/press-releases\/2025-2\/spiorad-na-feile-buaite-ag-kneecap-ag-feile-na-mean-ceilteach-2025\/#primaryimage"},"thumbnailUrl":"https:\/\/dev.tg4.ie\/wp-content\/uploads\/2024\/06\/KNEECAP_1-1920x1080-1.jpg","datePublished":"2025-06-06T13:13:22+00:00","dateModified":"2025-06-06T13:16:15+00:00","breadcrumb":{"@id":"https:\/\/dev.tg4.ie\/en\/information\/press\/press-releases\/2025-2\/spiorad-na-feile-buaite-ag-kneecap-ag-feile-na-mean-ceilteach-2025\/#breadcrumb"},"inLanguage":"en-ie","potentialAction":[{"@type":"ReadAction","target":["https:\/\/dev.tg4.ie\/en\/information\/press\/press-releases\/2025-2\/spiorad-na-feile-buaite-ag-kneecap-ag-feile-na-mean-ceilteach-2025\/"]}]},{"@type":"ImageObject","inLanguage":"en-ie","@id":"https:\/\/dev.tg4.ie\/en\/information\/press\/press-releases\/2025-2\/spiorad-na-feile-buaite-ag-kneecap-ag-feile-na-mean-ceilteach-2025\/#primaryimage","url":"https:\/\/dev.tg4.ie\/wp-content\/uploads\/2024\/06\/KNEECAP_1-1920x1080-1.jpg","contentUrl":"https:\/\/dev.tg4.ie\/wp-content\/uploads\/2024\/06\/KNEECAP_1-1920x1080-1.jpg"},{"@type":"BreadcrumbList","@id":"https:\/\/dev.tg4.ie\/en\/information\/press\/press-releases\/2025-2\/spiorad-na-feile-buaite-ag-kneecap-ag-feile-na-mean-ceilteach-2025\/#breadcrumb","itemListElement":[{"@type":"ListItem","position":1,"name":"Home","item":"https:\/\/dev.tg4.ie\/en\/"},{"@type":"ListItem","position":2,"name":"Information","item":"https:\/\/dev.tg4.ie\/en\/information\/"},{"@type":"ListItem","position":3,"name":"Press","item":"https:\/\/dev.tg4.ie\/en\/information\/press\/"},{"@type":"ListItem","position":4,"name":"Press Releases","item":"https:\/\/dev.tg4.ie\/en\/information\/press\/press-releases\/"},{"@type":"ListItem","position":5,"name":"2025","item":"https:\/\/dev.tg4.ie\/en\/information\/press\/press-releases\/2025-2\/"},{"@type":"ListItem","position":6,"name":"Spiorad na F\u00e9ile buaite ag Kneecap ag F\u00e9ile na Me\u00e1n Ceilteach 2025"}]},{"@type":"WebSite","@id":"https:\/\/dev.tg4.ie\/en\/#website","url":"https:\/\/dev.tg4.ie\/en\/","name":"TG4","description":"S\u00fail Eile","potentialAction":[{"@type":"SearchAction","target":{"@type":"EntryPoint","urlTemplate":"https:\/\/dev.tg4.ie\/en\/?s={search_term_string}"},"query-input":"required name=search_term_string"}],"inLanguage":"en-ie"}]}},"_links":{"self":[{"href":"https:\/\/dev.tg4.ie\/en\/wp-json\/wp\/v2\/pages\/246076"}],"collection":[{"href":"https:\/\/dev.tg4.ie\/en\/wp-json\/wp\/v2\/pages"}],"about":[{"href":"https:\/\/dev.tg4.ie\/en\/wp-json\/wp\/v2\/types\/page"}],"author":[{"embeddable":true,"href":"https:\/\/dev.tg4.ie\/en\/wp-json\/wp\/v2\/users\/876"}],"replies":[{"embeddable":true,"href":"https:\/\/dev.tg4.ie\/en\/wp-json\/wp\/v2\/comments?post=246076"}],"version-history":[{"count":0,"href":"https:\/\/dev.tg4.ie\/en\/wp-json\/wp\/v2\/pages\/246076\/revisions"}],"up":[{"embeddable":true,"href":"https:\/\/dev.tg4.ie\/en\/wp-json\/wp\/v2\/pages\/236809"}],"wp:attachment":[{"href":"https:\/\/dev.tg4.ie\/en\/wp-json\/wp\/v2\/media?parent=246076"}],"curies":[{"name":"wp","href":"https:\/\/api.w.org\/{rel}","templated":true}]}}