{"id":246202,"date":"2025-06-10T12:50:39","date_gmt":"2025-06-10T11:50:39","guid":{"rendered":"https:\/\/dev.tg4.ie\/?page_id=246202"},"modified":"2025-09-12T12:05:11","modified_gmt":"2025-09-12T11:05:11","slug":"cra-goes-worldwide-tg4-crime-drama-sold-to-68-countries","status":"publish","type":"page","link":"https:\/\/dev.tg4.ie\/en\/information\/press\/press-releases\/2025-2\/cra-goes-worldwide-tg4-crime-drama-sold-to-68-countries\/","title":{"rendered":"Irish-Language Crime Thriller CR\u00c1 Takes the World by Storm &#8211; Sold to 68 Countries and Streaming Internationally"},"content":{"rendered":"<p><img loading=\"lazy\" decoding=\"async\" width=\"1920\" height=\"1080\" src=\"https:\/\/tg4-docs.s3.amazonaws.com\/wp-content\/uploads\/2024\/10\/24165148\/CRA_2-1920x1080-1.jpg\" alt=\"\" class=\"alignright size-full wp-image-234387\" srcset=\"https:\/\/tg4-docs.s3.amazonaws.com\/wp-content\/uploads\/2024\/10\/24165148\/CRA_2-1920x1080-1.jpg 1920w, https:\/\/tg4-docs.s3.amazonaws.com\/wp-content\/uploads\/2024\/10\/24165148\/CRA_2-1920x1080-1-250x141.jpg 250w, https:\/\/tg4-docs.s3.amazonaws.com\/wp-content\/uploads\/2024\/10\/24165148\/CRA_2-1920x1080-1-700x394.jpg 700w, https:\/\/tg4-docs.s3.amazonaws.com\/wp-content\/uploads\/2024\/10\/24165148\/CRA_2-1920x1080-1-252x141.jpg 252w, https:\/\/tg4-docs.s3.amazonaws.com\/wp-content\/uploads\/2024\/10\/24165148\/CRA_2-1920x1080-1-1536x864.jpg 1536w, https:\/\/tg4-docs.s3.amazonaws.com\/wp-content\/uploads\/2024\/10\/24165148\/CRA_2-1920x1080-1-120x68.jpg 120w\" sizes=\"(max-width: 1920px) 100vw, 1920px\" \/><br \/>\n&nbsp;<br \/>\n<center><sup><strong>CR\u00c1<\/strong> &#8211; \u2018Boglands\u2019 (international title) now streaming in USA &#038; Australia <\/sup><\/center><br \/>\n&nbsp;<br \/>\nCR\u00c1 <a href=\"https:\/\/dev.tg4.ie\/en\/player\/online-boxsets\/?series=CR%C3%81&#038;genre=Drama\" rel=\"noopener\" target=\"_blank\">&#8211; Watch HERE<\/a><br \/>\n&nbsp;<br \/>\n<strong>TG4\u2019s<\/strong> hit Irish-language crime drama <strong>CR\u00c1<\/strong> has become a global sensation, now sold to 68 countries and streaming under the international title Boglands. This compelling six-part series has captivated broadcasters and audiences alike, with major platforms such as ARTE in France and AMC Networks\/Acorn TV in the USA acquiring rights. <em>\u2018Boglands\u2019<\/em> is currently streaming in Irish with subtitles in both the United States and Australia, offering a powerful showcase for contemporary Irish-language storytelling. <\/p>\n<p>Following its strong reception on <strong>TG4<\/strong> and the <strong>TG4 Player (TG4.ie)<\/strong> since its premiere on November 11th, 2024, CR\u00c1 continues to generate so much buzz. Building on the success of the first series the producers and broadcasters ar now pushing to start filming season 2 early 2026.<br \/>\n&nbsp;<\/p>\n<p><strong>A Story of Secrets, Silence and Justice:<\/strong> <\/p>\n<p>Set in the hauntingly beautiful Donegal landscape, CR\u00c1 tells the story of Garda Conall \u00d3 S\u00failleabh\u00e1in (D\u00f3nall \u00d3 H\u00e9ala\u00ed \u2013 Monster, Foscadh), who is thrust into a deeply personal case when the body of his mother, Sabine, is discovered 15 years after she vanished. Barred from the official investigation, Conall joins forces with Ciara-Kate (newcomer Hannah Brady), a determined journalist using her true crime podcast to unearth the village\u2019s darkest secrets. <\/p>\n<p>As the pair delve deeper, they find themselves up against a community bound by silence and moral ambiguity. Each twist of the investigation plays out publicly through Ciara-Kate\u2019s podcast, creating a powerful clash between privacy and exposure. Will the truth prevail or will some secrets stay buried forever?<br \/>\n&nbsp;<\/p>\n<p><strong>A Talented Cast and Award-Winning Team:<\/strong> <\/p>\n<p><strong>CR\u00c1<\/strong> is led by a stellar cast including D\u00f3nall \u00d3 H\u00e9ala\u00ed, Alex Murphy (The Young Offenders), and breakout star Hannah Brady as Ciara-Kate. Supporting cast members include Barry McGovern (Obituary), R\u00f3is\u00edn Murphy (Vikings), Tara Breathnach (Borderline, Dune 2), Caoimhe Farren (The Woman in the Wall), and Alan Mahon (King Frankie). <\/p>\n<p>The first series was written by Doireann N\u00ed Chorrag\u00e1in and Richie Conroy (Fran the Man), directed by Philip Doherty (Redemption of a Rogue), and produced by Ciar\u00e1n Charles. Executive producers include Darach \u00d3 Tuairisg of F\u00edb\u00edn Media, M\u00e1ire N\u00ed Chonl\u00e1in of <strong>TG4<\/strong>, and Karen Kirby of BBC Northern Ireland.<br \/>\n&nbsp;<\/p>\n<p><strong>International Recognition and Cultural Impact:<\/strong> <\/p>\n<p>Commissioned by <strong>TG4<\/strong> and BBC Northern Ireland, <strong>CR\u00c1<\/strong> was supported by F\u00eds \u00c9ireann\/Screen Ireland, Coimisi\u00fan na Me\u00e1n, Northern Ireland Screen\u2019s Irish Language Broadcast Fund, and the Irish Tax Incentive for Creative Screen. Its international distribution is handled by APC (About Premium Content), positioning Boglands as a standout entry in the global boom of foreign-language crime dramas. <\/p>\n<p><em>\u201cFrom day one, we knew CR\u00c1 was special,\u201d<\/em> said <strong>Darach \u00d3 Tuairisg, Executive Producer at F\u00edb\u00edn Media<\/strong>. <em>\u201cIt\u2019s a modern, layered mystery grounded in a uniquely Irish setting, showcasing the best of Irish talent. To now see it resonate in 68 countries, including being the first Irish language series to air on BBC Network and to see it broadcast in territories like the US and Australia in original language is a testament to the strength of our creative team and to the global appetite for compelling, original, Irish-language stories.\u201d<\/em> <\/p>\n<p><strong>Deirdre N\u00ed Choist\u00edn, TG4 Director General<\/strong>, praised the series\u2019 international impact: <em>\u201cThe global success of CR\u00c1, is a proud moment for TG4 and for Irish-language public sevice media. It demonstrates that Irish language creativity and storytelling can have universal appeal. CR\u00c1 reflects TG4\u2019s commitment to delivering compelling content that resonates far beyond Ireland and the Irish language community, and we are delighted that CR\u00c1, will reach audiences around the world.\u201d<\/em><\/p>\n<p><strong>M\u00e1ire N\u00ed Chonl\u00e1in, Commissioning Editor at TG4<\/strong>, said: <em>\u201cWe are incredibly proud of the cast and crew of CR\u00c1, whose talent and dedication have brought this powerful story to life. Their hard work and creativity have helped the series achieve remarkable success, both at home and internationally. It\u2019s a shining example of the strength and global resonance of Irish-language storytelling.&#8221;<\/em><br \/>\n&nbsp;<\/p>\n<p><strong>Soundtrack and Multimedia Experience:<\/strong> <\/p>\n<p>In addition to its broadcast and streaming success, <strong>CR\u00c1<\/strong> offers fans an exclusive <strong>Spotify playlist<\/strong> featuring original, specially composed music from the series. Designed to reflect the emotional highs and lows of the story, the soundtrack provides an immersive audio journey into the heart of CR\u00c1&#8217;s world. <\/p>\n<p>Link to <a href=\"https:\/\/open.spotify.com\/playlist\/389nbdFQ0rUU6pwIVJI0Yf\" rel=\"noopener\" target=\"_blank\">Spotify playlist<\/a><br \/>\n&nbsp;<\/p>\n<p><strong>Series Information:<\/strong> <\/p>\n<ul>\n<li><strong>Title (Ireland):<\/strong> CR\u00c1<\/li>\n<li><strong>International Title:<\/strong> Boglands<\/li>\n<li><strong>Episodes<\/strong>: 6 x 45 minutes<\/li>\n<li><strong>Language:<\/strong> Irish (with subtitles internationally)<\/li>\n<li><strong>Filming Location:<\/strong> Gaoth Dobhair, Donegal, Ireland<\/li>\n<\/ul>\n<p>&nbsp;<br \/>\n&nbsp;<\/p>\n","protected":false},"excerpt":{"rendered":"<p>&nbsp; CR\u00c1 &#8211; \u2018Boglands\u2019 (international title) now streaming in USA &#038; Australia &nbsp; CR\u00c1 &#8211; Watch HERE &nbsp; TG4\u2019s hit Irish-language crime drama CR\u00c1 has become a global sensation, now sold to 68 countries and streaming under the international title Boglands. This compelling six-part series has captivated broadcasters and audiences alike, with major platforms such [&hellip;]<\/p>\n","protected":false},"author":876,"featured_media":0,"parent":236809,"menu_order":25,"comment_status":"closed","ping_status":"closed","template":"page-templates\/template-pr.php","meta":{"_acf_changed":false,"footnotes":""},"acf":[],"yoast_head":"<!-- This site is optimized with the Yoast SEO plugin v22.6 - https:\/\/yoast.com\/wordpress\/plugins\/seo\/ -->\n<title>CR\u00c1 Goes Worldwide \u2013 TG4 Crime Drama Sold to 68 Countries | Press Release | TG4<\/title>\n<meta name=\"description\" content=\"TG4\u2019s hit Irish-language crime drama CR\u00c1 has become a global sensation, now sold to 68 countries and streaming under the international title Boglands.\" \/>\n<meta name=\"robots\" content=\"index, follow, max-snippet:-1, max-image-preview:large, max-video-preview:-1\" \/>\n<meta property=\"og:locale\" content=\"en_US\" \/>\n<meta property=\"og:type\" content=\"article\" \/>\n<meta property=\"og:title\" content=\"CR\u00c1 Goes Worldwide \u2013 TG4 Crime Drama Sold to 68 Countries | Press Release | TG4\" \/>\n<meta property=\"og:description\" content=\"TG4\u2019s hit Irish-language crime drama CR\u00c1 has become a global sensation, now sold to 68 countries and streaming under the international title Boglands.\" \/>\n<meta property=\"og:url\" content=\"https:\/\/dev.tg4.ie\/en\/information\/press\/press-releases\/2025-2\/cra-goes-worldwide-tg4-crime-drama-sold-to-68-countries\/\" \/>\n<meta property=\"og:site_name\" content=\"TG4\" \/>\n<meta property=\"article:publisher\" content=\"https:\/\/www.facebook.com\/TG4TV\" \/>\n<meta property=\"article:modified_time\" content=\"2025-09-12T11:05:11+00:00\" \/>\n<meta property=\"og:image\" content=\"https:\/\/tg4-docs.s3.amazonaws.com\/wp-content\/uploads\/2024\/10\/24165148\/CRA_2-1920x1080-1-700x394.jpg\" \/>\n<meta name=\"twitter:card\" content=\"summary_large_image\" \/>\n<meta name=\"twitter:image\" content=\"https:\/\/tg4-docs.s3.amazonaws.com\/wp-content\/uploads\/2024\/10\/24165148\/CRA_2-1920x1080-1-700x394.jpg\" \/>\n<meta name=\"twitter:site\" content=\"@TG4TV\" \/>\n<meta name=\"twitter:label1\" content=\"Est. reading time\" \/>\n\t<meta name=\"twitter:data1\" content=\"4 minutes\" \/>\n<script type=\"application\/ld+json\" class=\"yoast-schema-graph\">{\"@context\":\"https:\/\/schema.org\",\"@graph\":[{\"@type\":\"WebPage\",\"@id\":\"https:\/\/dev.tg4.ie\/en\/information\/press\/press-releases\/2025-2\/cra-goes-worldwide-tg4-crime-drama-sold-to-68-countries\/\",\"url\":\"https:\/\/dev.tg4.ie\/en\/information\/press\/press-releases\/2025-2\/cra-goes-worldwide-tg4-crime-drama-sold-to-68-countries\/\",\"name\":\"CR\u00c1 Goes Worldwide \u2013 TG4 Crime Drama Sold to 68 Countries | Press Release | TG4\",\"isPartOf\":{\"@id\":\"https:\/\/dev.tg4.ie\/en\/#website\"},\"primaryImageOfPage\":{\"@id\":\"https:\/\/dev.tg4.ie\/en\/information\/press\/press-releases\/2025-2\/cra-goes-worldwide-tg4-crime-drama-sold-to-68-countries\/#primaryimage\"},\"image\":{\"@id\":\"https:\/\/dev.tg4.ie\/en\/information\/press\/press-releases\/2025-2\/cra-goes-worldwide-tg4-crime-drama-sold-to-68-countries\/#primaryimage\"},\"thumbnailUrl\":\"https:\/\/dev.tg4.ie\/wp-content\/uploads\/2024\/10\/CRA_2-1920x1080-1.jpg\",\"datePublished\":\"2025-06-10T11:50:39+00:00\",\"dateModified\":\"2025-09-12T11:05:11+00:00\",\"description\":\"TG4\u2019s hit Irish-language crime drama CR\u00c1 has become a global sensation, now sold to 68 countries and streaming under the international title Boglands.\",\"breadcrumb\":{\"@id\":\"https:\/\/dev.tg4.ie\/en\/information\/press\/press-releases\/2025-2\/cra-goes-worldwide-tg4-crime-drama-sold-to-68-countries\/#breadcrumb\"},\"inLanguage\":\"en-ie\",\"potentialAction\":[{\"@type\":\"ReadAction\",\"target\":[\"https:\/\/dev.tg4.ie\/en\/information\/press\/press-releases\/2025-2\/cra-goes-worldwide-tg4-crime-drama-sold-to-68-countries\/\"]}]},{\"@type\":\"ImageObject\",\"inLanguage\":\"en-ie\",\"@id\":\"https:\/\/dev.tg4.ie\/en\/information\/press\/press-releases\/2025-2\/cra-goes-worldwide-tg4-crime-drama-sold-to-68-countries\/#primaryimage\",\"url\":\"https:\/\/dev.tg4.ie\/wp-content\/uploads\/2024\/10\/CRA_2-1920x1080-1.jpg\",\"contentUrl\":\"https:\/\/dev.tg4.ie\/wp-content\/uploads\/2024\/10\/CRA_2-1920x1080-1.jpg\"},{\"@type\":\"BreadcrumbList\",\"@id\":\"https:\/\/dev.tg4.ie\/en\/information\/press\/press-releases\/2025-2\/cra-goes-worldwide-tg4-crime-drama-sold-to-68-countries\/#breadcrumb\",\"itemListElement\":[{\"@type\":\"ListItem\",\"position\":1,\"name\":\"Home\",\"item\":\"https:\/\/dev.tg4.ie\/en\/\"},{\"@type\":\"ListItem\",\"position\":2,\"name\":\"Information\",\"item\":\"https:\/\/dev.tg4.ie\/en\/information\/\"},{\"@type\":\"ListItem\",\"position\":3,\"name\":\"Press\",\"item\":\"https:\/\/dev.tg4.ie\/en\/information\/press\/\"},{\"@type\":\"ListItem\",\"position\":4,\"name\":\"Press Releases\",\"item\":\"https:\/\/dev.tg4.ie\/en\/information\/press\/press-releases\/\"},{\"@type\":\"ListItem\",\"position\":5,\"name\":\"2025\",\"item\":\"https:\/\/dev.tg4.ie\/en\/information\/press\/press-releases\/2025-2\/\"},{\"@type\":\"ListItem\",\"position\":6,\"name\":\"Irish-Language Crime Thriller CR\u00c1 Takes the World by Storm &#8211; Sold to 68 Countries and Streaming Internationally\"}]},{\"@type\":\"WebSite\",\"@id\":\"https:\/\/dev.tg4.ie\/en\/#website\",\"url\":\"https:\/\/dev.tg4.ie\/en\/\",\"name\":\"TG4\",\"description\":\"S\u00fail Eile\",\"potentialAction\":[{\"@type\":\"SearchAction\",\"target\":{\"@type\":\"EntryPoint\",\"urlTemplate\":\"https:\/\/dev.tg4.ie\/en\/?s={search_term_string}\"},\"query-input\":\"required name=search_term_string\"}],\"inLanguage\":\"en-ie\"}]}<\/script>\n<!-- \/ Yoast SEO plugin. -->","yoast_head_json":{"title":"CR\u00c1 Goes Worldwide \u2013 TG4 Crime Drama Sold to 68 Countries | Press Release | TG4","description":"TG4\u2019s hit Irish-language crime drama CR\u00c1 has become a global sensation, now sold to 68 countries and streaming under the international title Boglands.","robots":{"index":"index","follow":"follow","max-snippet":"max-snippet:-1","max-image-preview":"max-image-preview:large","max-video-preview":"max-video-preview:-1"},"og_locale":"en_US","og_type":"article","og_title":"CR\u00c1 Goes Worldwide \u2013 TG4 Crime Drama Sold to 68 Countries | Press Release | TG4","og_description":"TG4\u2019s hit Irish-language crime drama CR\u00c1 has become a global sensation, now sold to 68 countries and streaming under the international title Boglands.","og_url":"https:\/\/dev.tg4.ie\/en\/information\/press\/press-releases\/2025-2\/cra-goes-worldwide-tg4-crime-drama-sold-to-68-countries\/","og_site_name":"TG4","article_publisher":"https:\/\/www.facebook.com\/TG4TV","article_modified_time":"2025-09-12T11:05:11+00:00","og_image":[{"url":"https:\/\/tg4-docs.s3.amazonaws.com\/wp-content\/uploads\/2024\/10\/24165148\/CRA_2-1920x1080-1-700x394.jpg"}],"twitter_card":"summary_large_image","twitter_image":"https:\/\/tg4-docs.s3.amazonaws.com\/wp-content\/uploads\/2024\/10\/24165148\/CRA_2-1920x1080-1-700x394.jpg","twitter_site":"@TG4TV","twitter_misc":{"Est. reading time":"4 minutes"},"schema":{"@context":"https:\/\/schema.org","@graph":[{"@type":"WebPage","@id":"https:\/\/dev.tg4.ie\/en\/information\/press\/press-releases\/2025-2\/cra-goes-worldwide-tg4-crime-drama-sold-to-68-countries\/","url":"https:\/\/dev.tg4.ie\/en\/information\/press\/press-releases\/2025-2\/cra-goes-worldwide-tg4-crime-drama-sold-to-68-countries\/","name":"CR\u00c1 Goes Worldwide \u2013 TG4 Crime Drama Sold to 68 Countries | Press Release | TG4","isPartOf":{"@id":"https:\/\/dev.tg4.ie\/en\/#website"},"primaryImageOfPage":{"@id":"https:\/\/dev.tg4.ie\/en\/information\/press\/press-releases\/2025-2\/cra-goes-worldwide-tg4-crime-drama-sold-to-68-countries\/#primaryimage"},"image":{"@id":"https:\/\/dev.tg4.ie\/en\/information\/press\/press-releases\/2025-2\/cra-goes-worldwide-tg4-crime-drama-sold-to-68-countries\/#primaryimage"},"thumbnailUrl":"https:\/\/dev.tg4.ie\/wp-content\/uploads\/2024\/10\/CRA_2-1920x1080-1.jpg","datePublished":"2025-06-10T11:50:39+00:00","dateModified":"2025-09-12T11:05:11+00:00","description":"TG4\u2019s hit Irish-language crime drama CR\u00c1 has become a global sensation, now sold to 68 countries and streaming under the international title Boglands.","breadcrumb":{"@id":"https:\/\/dev.tg4.ie\/en\/information\/press\/press-releases\/2025-2\/cra-goes-worldwide-tg4-crime-drama-sold-to-68-countries\/#breadcrumb"},"inLanguage":"en-ie","potentialAction":[{"@type":"ReadAction","target":["https:\/\/dev.tg4.ie\/en\/information\/press\/press-releases\/2025-2\/cra-goes-worldwide-tg4-crime-drama-sold-to-68-countries\/"]}]},{"@type":"ImageObject","inLanguage":"en-ie","@id":"https:\/\/dev.tg4.ie\/en\/information\/press\/press-releases\/2025-2\/cra-goes-worldwide-tg4-crime-drama-sold-to-68-countries\/#primaryimage","url":"https:\/\/dev.tg4.ie\/wp-content\/uploads\/2024\/10\/CRA_2-1920x1080-1.jpg","contentUrl":"https:\/\/dev.tg4.ie\/wp-content\/uploads\/2024\/10\/CRA_2-1920x1080-1.jpg"},{"@type":"BreadcrumbList","@id":"https:\/\/dev.tg4.ie\/en\/information\/press\/press-releases\/2025-2\/cra-goes-worldwide-tg4-crime-drama-sold-to-68-countries\/#breadcrumb","itemListElement":[{"@type":"ListItem","position":1,"name":"Home","item":"https:\/\/dev.tg4.ie\/en\/"},{"@type":"ListItem","position":2,"name":"Information","item":"https:\/\/dev.tg4.ie\/en\/information\/"},{"@type":"ListItem","position":3,"name":"Press","item":"https:\/\/dev.tg4.ie\/en\/information\/press\/"},{"@type":"ListItem","position":4,"name":"Press Releases","item":"https:\/\/dev.tg4.ie\/en\/information\/press\/press-releases\/"},{"@type":"ListItem","position":5,"name":"2025","item":"https:\/\/dev.tg4.ie\/en\/information\/press\/press-releases\/2025-2\/"},{"@type":"ListItem","position":6,"name":"Irish-Language Crime Thriller CR\u00c1 Takes the World by Storm &#8211; Sold to 68 Countries and Streaming Internationally"}]},{"@type":"WebSite","@id":"https:\/\/dev.tg4.ie\/en\/#website","url":"https:\/\/dev.tg4.ie\/en\/","name":"TG4","description":"S\u00fail Eile","potentialAction":[{"@type":"SearchAction","target":{"@type":"EntryPoint","urlTemplate":"https:\/\/dev.tg4.ie\/en\/?s={search_term_string}"},"query-input":"required name=search_term_string"}],"inLanguage":"en-ie"}]}},"_links":{"self":[{"href":"https:\/\/dev.tg4.ie\/en\/wp-json\/wp\/v2\/pages\/246202"}],"collection":[{"href":"https:\/\/dev.tg4.ie\/en\/wp-json\/wp\/v2\/pages"}],"about":[{"href":"https:\/\/dev.tg4.ie\/en\/wp-json\/wp\/v2\/types\/page"}],"author":[{"embeddable":true,"href":"https:\/\/dev.tg4.ie\/en\/wp-json\/wp\/v2\/users\/876"}],"replies":[{"embeddable":true,"href":"https:\/\/dev.tg4.ie\/en\/wp-json\/wp\/v2\/comments?post=246202"}],"version-history":[{"count":0,"href":"https:\/\/dev.tg4.ie\/en\/wp-json\/wp\/v2\/pages\/246202\/revisions"}],"up":[{"embeddable":true,"href":"https:\/\/dev.tg4.ie\/en\/wp-json\/wp\/v2\/pages\/236809"}],"wp:attachment":[{"href":"https:\/\/dev.tg4.ie\/en\/wp-json\/wp\/v2\/media?parent=246202"}],"curies":[{"name":"wp","href":"https:\/\/api.w.org\/{rel}","templated":true}]}}