{"id":246536,"date":"2025-06-23T15:07:13","date_gmt":"2025-06-23T14:07:13","guid":{"rendered":"https:\/\/dev.tg4.ie\/?page_id=246536"},"modified":"2025-07-11T11:30:52","modified_gmt":"2025-07-11T10:30:52","slug":"tg4-to-broadcast-every-stage-of-the-2025-tour-de-france-live","status":"publish","type":"page","link":"https:\/\/dev.tg4.ie\/en\/information\/press\/press-releases\/2025-2\/tg4-to-broadcast-every-stage-of-the-2025-tour-de-france-live\/","title":{"rendered":"TG4 to Broadcast Every Stage of the 2025 Tour de France Live"},"content":{"rendered":"<p>&nbsp;<br \/>\nTG4 is delighted to announce that it will broadcast every stage of the 2025 Tour de France live, bringing the world&#8217;s biggest and most prestigious cycling event free-to-air to Irish viewers from start to finish.<br \/>\n<img decoding=\"async\" src=\"https:\/\/res.cloudinary.com\/dfwshshcn\/image\/upload\/v1750693913\/TG4TDF_227_dugsjc.jpg\" alt=\"Team TG4 ready for Tour de France 2025\" \/><br \/>\n&nbsp;<br \/>\nThe 112th edition of the Tour de France begins on <strong>Saturday 5 July<\/strong> with a 184km loop beginning and ending in <strong>Lille M\u00e9tropole<\/strong>, and concludes on <strong>Sunday 27 July<\/strong> with the return of the iconic final stage on the <strong>Champs-\u00c9lys\u00e9es<\/strong> in <strong>Paris<\/strong>, following a one-year hiatus due to the Paris 2024 Olympic Games.<\/p>\n<p>&nbsp;<br \/>\nThis year\u2019s route is unique in that it takes place entirely within France for the first time since 2020. Across <strong>21 stages<\/strong>, riders will cover all terrains: <strong>7 flat stages, 6 hilly stages, 6 mountain stages<\/strong> (including <strong>five mountain-top finishes<\/strong>), and <strong>2 time trials<\/strong>, with <strong>two rest days<\/strong> along the way.<\/p>\n<p>&nbsp;<br \/>\nTG4\u2019s comprehensive coverage will feature live broadcasts of every stage on the <strong>TG4 linear channel, TG4 Player<\/strong>, and <strong>TG4 App<\/strong>, with commentary once again provided by fan favourites <strong>P\u00e1id\u00ed \u00d3 Lion\u00e1ird<\/strong> and <strong>P\u00e1draic \u00d3 Cuinn<\/strong>. The pair will guide viewers through the twists and turns, climbs and sprints of the peloton as it tackles the French countryside, cities, coastlines, and alpine peaks.<br \/>\n&nbsp;<\/p>\n<p>Whether you\u2019re a lifelong cycling fan or tuning in for the first time, TG4\u2019s coverage offers an exciting and accessible way to experience this sporting spectacle.<\/p>\n<p>&nbsp;<\/p>\n<h3><strong>Tour de France 2025 \u2013 Broadcast Schedule on TG4:<\/strong><\/h3>\n<table>\n<tr>\n<td><strong>Date<\/strong><\/td>\n<td><strong>Stage<\/strong><\/td>\n<td><strong>Route<\/strong><\/td>\n<td><strong>Start<\/strong><\/td>\n<td><strong>Finish<\/strong><\/td>\n<td><strong>Platform<\/strong><\/td>\n<\/tr>\n<tr>\n<td>05\/07<\/td>\n<td>1<\/td>\n<td>Lille M\u00e9tropole > Lille M\u00e9tropole<\/td>\n<td>12:00<\/td>\n<td>17:15<\/td>\n<td>TG4 Player &#038; App<\/td>\n<\/tr>\n<tr>\n<td>06\/07<\/td>\n<td>2<\/td>\n<td>Lauwin-Planque > Boulogne-sur-Mer<\/td>\n<td>14:45<\/td>\n<td>17:10<\/td>\n<td>TG4 Live<\/td>\n<\/tr>\n<tr>\n<td>07\/07<\/td>\n<td>3<\/td>\n<td>Valenciennes > Dunkerque<\/td>\n<td>13:00<\/td>\n<td>17:00<\/td>\n<td>TG4 Live<\/td>\n<\/tr>\n<tr>\n<td>08\/07<\/td>\n<td>4<\/td>\n<td>Amiens M\u00e9tropole > Rouen<\/td>\n<td>12:05<\/td>\n<td>17:00<\/td>\n<td>TG4 Live<\/td>\n<\/tr>\n<tr>\n<td>09\/07<\/td>\n<td>5<\/td>\n<td>Caen > Caen (TT)<\/td>\n<td>12:00<\/td>\n<td>17:10<\/td>\n<td>TG4 Live<\/td>\n<\/tr>\n<tr>\n<td>10\/07<\/td>\n<td>6<\/td>\n<td>Bayeux > Vire Normandie<\/td>\n<td>13:00<\/td>\n<td>16:55<\/td>\n<td>TG4 Live<\/td>\n<\/tr>\n<tr>\n<td>11\/07<\/td>\n<td>7<\/td>\n<td>Saint-Malo > M\u00fbr-de-Bretagne Guerl\u00e9dan<\/td>\n<td>11:00<\/td>\n<td>16:30<\/td>\n<td>TG4 Live<\/td>\n<\/tr>\n<tr>\n<td>12\/07<\/td>\n<td>8<\/td>\n<td>Saint-M\u00e9en-le-Grand > Laval Espace Mayenne<\/td>\n<td>13:00<\/td>\n<td>16:45<\/td>\n<td>TG4 Live<\/td>\n<\/tr>\n<tr>\n<td>13\/07<\/td>\n<td>9<\/td>\n<td>Chinon > Ch\u00e2teauroux<\/td>\n<td>12:00<\/td>\n<td>16:45<\/td>\n<td>TG4 Live<\/td>\n<\/tr>\n<tr>\n<td>14\/07<\/td>\n<td>10<\/td>\n<td>Ennezat > Le Mont-Dore Puy de Sancy<\/td>\n<td>12:00<\/td>\n<td>17:05<\/td>\n<td>TG4 Live<\/td>\n<\/tr>\n<tr>\n<td>15\/07<\/td>\n<td>REST DAY<\/td>\n<td><\/td>\n<td><\/td>\n<td><\/td>\n<td><\/td>\n<\/tr>\n<tr>\n<td>16\/07<\/td>\n<td>11<\/td>\n<td>Toulouse > Toulouse<\/td>\n<td>12:05<\/td>\n<td>16:40<\/td>\n<td>TG4 Live<\/td>\n<\/tr>\n<tr>\n<td>17\/07<\/td>\n<td>12<\/td>\n<td>Auch > Hautacam<\/td>\n<td>13:00<\/td>\n<td>17:25<\/td>\n<td>TG4 Live<\/td>\n<\/tr>\n<tr>\n<td>18\/07<\/td>\n<td>13<\/td>\n<td>Loudenvielle > Peyragudes (TT)<\/td>\n<td>12:00<\/td>\n<td>17:00<\/td>\n<td>TG4 Live<\/td>\n<\/tr>\n<tr>\n<td>19\/07<\/td>\n<td>14<\/td>\n<td>Pau > Luchon-Superbagn\u00e8res<\/td>\n<td>11:30<\/td>\n<td>17:00<\/td>\n<td>TG4 Live<\/td>\n<\/tr>\n<tr>\n<td>20\/07<\/td>\n<td>15<\/td>\n<td>Muret > Carcassonne<\/td>\n<td>12:05<\/td>\n<td>16:45<\/td>\n<td>TG4 Live<\/td>\n<\/tr>\n<tr>\n<td>21\/07<\/td>\n<td>REST DAY<\/td>\n<td><\/td>\n<td><\/td>\n<td><\/td>\n<td><\/td>\n<\/tr>\n<tr>\n<td>22\/07<\/td>\n<td>16<\/td>\n<td>Montpellier > Mont Ventoux<\/td>\n<td>11:00<\/td>\n<td>16:30<\/td>\n<td>TG4 Live<\/td>\n<\/tr>\n<tr>\n<td>23\/07<\/td>\n<td>17<\/td>\n<td>Boll\u00e8ne > Valence<\/td>\n<td>13:00<\/td>\n<td>16:50<\/td>\n<td>TG4 Live<\/td>\n<\/tr>\n<tr>\n<td>24\/07<\/td>\n<td>18<\/td>\n<td>Vif > Courchevel Col de la Loze<\/td>\n<td>12:00<\/td>\n<td>17:05<\/td>\n<td>TG4 Live<\/td>\n<\/tr>\n<tr>\n<td>25\/07<\/td>\n<td>19<\/td>\n<td>Albertville > La Plagne<\/td>\n<td>12:15<\/td>\n<td>17:00<\/td>\n<td>TG4 Live<\/td>\n<\/tr>\n<tr>\n<td>26\/07<\/td>\n<td>20<\/td>\n<td>Nantua > Pontarlier<\/td>\n<td>12:00<\/td>\n<td>15:50<\/td>\n<td>TG4 Live<\/td>\n<\/tr>\n<tr>\n<td>27\/07<\/td>\n<td>21<\/td>\n<td>Mantes-la-Ville > Paris Champs-\u00c9lys\u00e9es<\/td>\n<td>15:00<\/td>\n<td>19:25<\/td>\n<td>TG4 Live<\/td>\n<\/tr>\n<\/table>\n<p>&nbsp;<\/p>\n<p>For more information about the 2025 Tour de France, visit the official website: <a href=\"https:\/\/www.letour.fr\/en\/overall-route\">www.letour.fr<\/a><\/p>\n<p>&nbsp;<br \/>\n&nbsp;<br \/>\n&nbsp;<\/p>\n","protected":false},"excerpt":{"rendered":"<p>&nbsp; TG4 is delighted to announce that it will broadcast every stage of the 2025 Tour de France live, bringing the world&#8217;s biggest and most prestigious cycling event free-to-air to Irish viewers from start to finish. &nbsp; The 112th edition of the Tour de France begins on Saturday 5 July with a 184km loop beginning [&hellip;]<\/p>\n","protected":false},"author":876,"featured_media":0,"parent":236809,"menu_order":28,"comment_status":"closed","ping_status":"closed","template":"page-templates\/template-pr.php","meta":{"_acf_changed":false,"footnotes":""},"acf":[],"yoast_head":"<!-- This site is optimized with the Yoast SEO plugin v22.6 - https:\/\/yoast.com\/wordpress\/plugins\/seo\/ -->\n<title>TG4 to Broadcast Every Stage of the 2025 Tour de France Live | Press Release | TG4<\/title>\n<meta name=\"description\" content=\"TG4 is delighted to announce that it will broadcast every stage of the 2025 Tour de France live, bringing the world&#039;s biggest and most prestigious cycling event free-to-air to Irish viewers from start to finish.\" \/>\n<meta name=\"robots\" content=\"index, follow, max-snippet:-1, max-image-preview:large, max-video-preview:-1\" \/>\n<meta property=\"og:locale\" content=\"en_US\" \/>\n<meta property=\"og:type\" content=\"article\" \/>\n<meta property=\"og:title\" content=\"TG4 to Broadcast Every Stage of the 2025 Tour de France Live | Press Release | TG4\" \/>\n<meta property=\"og:description\" content=\"TG4 is delighted to announce that it will broadcast every stage of the 2025 Tour de France live, bringing the world&#039;s biggest and most prestigious cycling event free-to-air to Irish viewers from start to finish.\" \/>\n<meta property=\"og:url\" content=\"https:\/\/dev.tg4.ie\/en\/information\/press\/press-releases\/2025-2\/tg4-to-broadcast-every-stage-of-the-2025-tour-de-france-live\/\" \/>\n<meta property=\"og:site_name\" content=\"TG4\" \/>\n<meta property=\"article:publisher\" content=\"https:\/\/www.facebook.com\/TG4TV\" \/>\n<meta property=\"article:modified_time\" content=\"2025-07-11T10:30:52+00:00\" \/>\n<meta property=\"og:image\" content=\"https:\/\/res.cloudinary.com\/dfwshshcn\/image\/upload\/v1750693913\/TG4TDF_227_dugsjc.jpg\" \/>\n<meta name=\"twitter:card\" content=\"summary_large_image\" \/>\n<meta name=\"twitter:site\" content=\"@TG4TV\" \/>\n<meta name=\"twitter:label1\" content=\"Est. reading time\" \/>\n\t<meta name=\"twitter:data1\" content=\"3 minutes\" \/>\n<script type=\"application\/ld+json\" class=\"yoast-schema-graph\">{\"@context\":\"https:\/\/schema.org\",\"@graph\":[{\"@type\":\"WebPage\",\"@id\":\"https:\/\/dev.tg4.ie\/en\/information\/press\/press-releases\/2025-2\/tg4-to-broadcast-every-stage-of-the-2025-tour-de-france-live\/\",\"url\":\"https:\/\/dev.tg4.ie\/en\/information\/press\/press-releases\/2025-2\/tg4-to-broadcast-every-stage-of-the-2025-tour-de-france-live\/\",\"name\":\"TG4 to Broadcast Every Stage of the 2025 Tour de France Live | Press Release | TG4\",\"isPartOf\":{\"@id\":\"https:\/\/dev.tg4.ie\/en\/#website\"},\"primaryImageOfPage\":{\"@id\":\"https:\/\/dev.tg4.ie\/en\/information\/press\/press-releases\/2025-2\/tg4-to-broadcast-every-stage-of-the-2025-tour-de-france-live\/#primaryimage\"},\"image\":{\"@id\":\"https:\/\/dev.tg4.ie\/en\/information\/press\/press-releases\/2025-2\/tg4-to-broadcast-every-stage-of-the-2025-tour-de-france-live\/#primaryimage\"},\"thumbnailUrl\":\"https:\/\/res.cloudinary.com\/dfwshshcn\/image\/upload\/v1750693913\/TG4TDF_227_dugsjc.jpg\",\"datePublished\":\"2025-06-23T14:07:13+00:00\",\"dateModified\":\"2025-07-11T10:30:52+00:00\",\"description\":\"TG4 is delighted to announce that it will broadcast every stage of the 2025 Tour de France live, bringing the world's biggest and most prestigious cycling event free-to-air to Irish viewers from start to finish.\",\"breadcrumb\":{\"@id\":\"https:\/\/dev.tg4.ie\/en\/information\/press\/press-releases\/2025-2\/tg4-to-broadcast-every-stage-of-the-2025-tour-de-france-live\/#breadcrumb\"},\"inLanguage\":\"en-ie\",\"potentialAction\":[{\"@type\":\"ReadAction\",\"target\":[\"https:\/\/dev.tg4.ie\/en\/information\/press\/press-releases\/2025-2\/tg4-to-broadcast-every-stage-of-the-2025-tour-de-france-live\/\"]}]},{\"@type\":\"ImageObject\",\"inLanguage\":\"en-ie\",\"@id\":\"https:\/\/dev.tg4.ie\/en\/information\/press\/press-releases\/2025-2\/tg4-to-broadcast-every-stage-of-the-2025-tour-de-france-live\/#primaryimage\",\"url\":\"https:\/\/res.cloudinary.com\/dfwshshcn\/image\/upload\/v1750693913\/TG4TDF_227_dugsjc.jpg\",\"contentUrl\":\"https:\/\/res.cloudinary.com\/dfwshshcn\/image\/upload\/v1750693913\/TG4TDF_227_dugsjc.jpg\"},{\"@type\":\"BreadcrumbList\",\"@id\":\"https:\/\/dev.tg4.ie\/en\/information\/press\/press-releases\/2025-2\/tg4-to-broadcast-every-stage-of-the-2025-tour-de-france-live\/#breadcrumb\",\"itemListElement\":[{\"@type\":\"ListItem\",\"position\":1,\"name\":\"Home\",\"item\":\"https:\/\/dev.tg4.ie\/en\/\"},{\"@type\":\"ListItem\",\"position\":2,\"name\":\"Information\",\"item\":\"https:\/\/dev.tg4.ie\/en\/information\/\"},{\"@type\":\"ListItem\",\"position\":3,\"name\":\"Press\",\"item\":\"https:\/\/dev.tg4.ie\/en\/information\/press\/\"},{\"@type\":\"ListItem\",\"position\":4,\"name\":\"Press Releases\",\"item\":\"https:\/\/dev.tg4.ie\/en\/information\/press\/press-releases\/\"},{\"@type\":\"ListItem\",\"position\":5,\"name\":\"2025\",\"item\":\"https:\/\/dev.tg4.ie\/en\/information\/press\/press-releases\/2025-2\/\"},{\"@type\":\"ListItem\",\"position\":6,\"name\":\"TG4 to Broadcast Every Stage of the 2025 Tour de France Live\"}]},{\"@type\":\"WebSite\",\"@id\":\"https:\/\/dev.tg4.ie\/en\/#website\",\"url\":\"https:\/\/dev.tg4.ie\/en\/\",\"name\":\"TG4\",\"description\":\"S\u00fail Eile\",\"potentialAction\":[{\"@type\":\"SearchAction\",\"target\":{\"@type\":\"EntryPoint\",\"urlTemplate\":\"https:\/\/dev.tg4.ie\/en\/?s={search_term_string}\"},\"query-input\":\"required name=search_term_string\"}],\"inLanguage\":\"en-ie\"}]}<\/script>\n<!-- \/ Yoast SEO plugin. -->","yoast_head_json":{"title":"TG4 to Broadcast Every Stage of the 2025 Tour de France Live | Press Release | TG4","description":"TG4 is delighted to announce that it will broadcast every stage of the 2025 Tour de France live, bringing the world's biggest and most prestigious cycling event free-to-air to Irish viewers from start to finish.","robots":{"index":"index","follow":"follow","max-snippet":"max-snippet:-1","max-image-preview":"max-image-preview:large","max-video-preview":"max-video-preview:-1"},"og_locale":"en_US","og_type":"article","og_title":"TG4 to Broadcast Every Stage of the 2025 Tour de France Live | Press Release | TG4","og_description":"TG4 is delighted to announce that it will broadcast every stage of the 2025 Tour de France live, bringing the world's biggest and most prestigious cycling event free-to-air to Irish viewers from start to finish.","og_url":"https:\/\/dev.tg4.ie\/en\/information\/press\/press-releases\/2025-2\/tg4-to-broadcast-every-stage-of-the-2025-tour-de-france-live\/","og_site_name":"TG4","article_publisher":"https:\/\/www.facebook.com\/TG4TV","article_modified_time":"2025-07-11T10:30:52+00:00","og_image":[{"url":"https:\/\/res.cloudinary.com\/dfwshshcn\/image\/upload\/v1750693913\/TG4TDF_227_dugsjc.jpg"}],"twitter_card":"summary_large_image","twitter_site":"@TG4TV","twitter_misc":{"Est. reading time":"3 minutes"},"schema":{"@context":"https:\/\/schema.org","@graph":[{"@type":"WebPage","@id":"https:\/\/dev.tg4.ie\/en\/information\/press\/press-releases\/2025-2\/tg4-to-broadcast-every-stage-of-the-2025-tour-de-france-live\/","url":"https:\/\/dev.tg4.ie\/en\/information\/press\/press-releases\/2025-2\/tg4-to-broadcast-every-stage-of-the-2025-tour-de-france-live\/","name":"TG4 to Broadcast Every Stage of the 2025 Tour de France Live | Press Release | TG4","isPartOf":{"@id":"https:\/\/dev.tg4.ie\/en\/#website"},"primaryImageOfPage":{"@id":"https:\/\/dev.tg4.ie\/en\/information\/press\/press-releases\/2025-2\/tg4-to-broadcast-every-stage-of-the-2025-tour-de-france-live\/#primaryimage"},"image":{"@id":"https:\/\/dev.tg4.ie\/en\/information\/press\/press-releases\/2025-2\/tg4-to-broadcast-every-stage-of-the-2025-tour-de-france-live\/#primaryimage"},"thumbnailUrl":"https:\/\/res.cloudinary.com\/dfwshshcn\/image\/upload\/v1750693913\/TG4TDF_227_dugsjc.jpg","datePublished":"2025-06-23T14:07:13+00:00","dateModified":"2025-07-11T10:30:52+00:00","description":"TG4 is delighted to announce that it will broadcast every stage of the 2025 Tour de France live, bringing the world's biggest and most prestigious cycling event free-to-air to Irish viewers from start to finish.","breadcrumb":{"@id":"https:\/\/dev.tg4.ie\/en\/information\/press\/press-releases\/2025-2\/tg4-to-broadcast-every-stage-of-the-2025-tour-de-france-live\/#breadcrumb"},"inLanguage":"en-ie","potentialAction":[{"@type":"ReadAction","target":["https:\/\/dev.tg4.ie\/en\/information\/press\/press-releases\/2025-2\/tg4-to-broadcast-every-stage-of-the-2025-tour-de-france-live\/"]}]},{"@type":"ImageObject","inLanguage":"en-ie","@id":"https:\/\/dev.tg4.ie\/en\/information\/press\/press-releases\/2025-2\/tg4-to-broadcast-every-stage-of-the-2025-tour-de-france-live\/#primaryimage","url":"https:\/\/res.cloudinary.com\/dfwshshcn\/image\/upload\/v1750693913\/TG4TDF_227_dugsjc.jpg","contentUrl":"https:\/\/res.cloudinary.com\/dfwshshcn\/image\/upload\/v1750693913\/TG4TDF_227_dugsjc.jpg"},{"@type":"BreadcrumbList","@id":"https:\/\/dev.tg4.ie\/en\/information\/press\/press-releases\/2025-2\/tg4-to-broadcast-every-stage-of-the-2025-tour-de-france-live\/#breadcrumb","itemListElement":[{"@type":"ListItem","position":1,"name":"Home","item":"https:\/\/dev.tg4.ie\/en\/"},{"@type":"ListItem","position":2,"name":"Information","item":"https:\/\/dev.tg4.ie\/en\/information\/"},{"@type":"ListItem","position":3,"name":"Press","item":"https:\/\/dev.tg4.ie\/en\/information\/press\/"},{"@type":"ListItem","position":4,"name":"Press Releases","item":"https:\/\/dev.tg4.ie\/en\/information\/press\/press-releases\/"},{"@type":"ListItem","position":5,"name":"2025","item":"https:\/\/dev.tg4.ie\/en\/information\/press\/press-releases\/2025-2\/"},{"@type":"ListItem","position":6,"name":"TG4 to Broadcast Every Stage of the 2025 Tour de France Live"}]},{"@type":"WebSite","@id":"https:\/\/dev.tg4.ie\/en\/#website","url":"https:\/\/dev.tg4.ie\/en\/","name":"TG4","description":"S\u00fail Eile","potentialAction":[{"@type":"SearchAction","target":{"@type":"EntryPoint","urlTemplate":"https:\/\/dev.tg4.ie\/en\/?s={search_term_string}"},"query-input":"required name=search_term_string"}],"inLanguage":"en-ie"}]}},"_links":{"self":[{"href":"https:\/\/dev.tg4.ie\/en\/wp-json\/wp\/v2\/pages\/246536"}],"collection":[{"href":"https:\/\/dev.tg4.ie\/en\/wp-json\/wp\/v2\/pages"}],"about":[{"href":"https:\/\/dev.tg4.ie\/en\/wp-json\/wp\/v2\/types\/page"}],"author":[{"embeddable":true,"href":"https:\/\/dev.tg4.ie\/en\/wp-json\/wp\/v2\/users\/876"}],"replies":[{"embeddable":true,"href":"https:\/\/dev.tg4.ie\/en\/wp-json\/wp\/v2\/comments?post=246536"}],"version-history":[{"count":0,"href":"https:\/\/dev.tg4.ie\/en\/wp-json\/wp\/v2\/pages\/246536\/revisions"}],"up":[{"embeddable":true,"href":"https:\/\/dev.tg4.ie\/en\/wp-json\/wp\/v2\/pages\/236809"}],"wp:attachment":[{"href":"https:\/\/dev.tg4.ie\/en\/wp-json\/wp\/v2\/media?parent=246536"}],"curies":[{"name":"wp","href":"https:\/\/api.w.org\/{rel}","templated":true}]}}